{"id":2445,"date":"2024-08-30T11:00:11","date_gmt":"2024-08-30T09:00:11","guid":{"rendered":"https:\/\/schlammtrocknung.com\/recyclage-des-boues\/"},"modified":"2025-05-09T10:46:30","modified_gmt":"2025-05-09T08:46:30","slug":"recyclage-des-boues","status":"publish","type":"page","link":"https:\/\/schlammtrocknung.com\/fr\/recyclage-des-boues\/","title":{"rendered":"Recyclage des boues"},"content":{"rendered":"<div class=\"wpb-content-wrapper\"><p>[vc_row][vc_column][vc_custom_heading text=\u00a0\u00bbLe recyclage des boues permet d&apos;obtenir des mat\u00e9riaux recyclables\u00a0\u00bb font_container=\u00a0\u00bbtag:h1|text_align:center|color:%23728d2a\u00a0\u00bb use_theme_fonts=\u00a0\u00bbyes\u00a0\u00bb][vc_column_text]<\/p>\n<p style=\"text-align: center;\"><span style=\"font-weight: 400;\">Une solution efficace <\/span><b>Recyclage des boues<\/b><span style=\"font-weight: 400;\">  offre un grand potentiel pour une gestion durable des d\u00e9chets, qui non seulement pr\u00e9serve l&rsquo;environnement, mais r\u00e9cup\u00e8re \u00e9galement de pr\u00e9cieuses ressources. Les installations avanc\u00e9es de   <\/span><b>michel SLUDGE-DRYING-SYSTEMS<\/b><span style=\"font-weight: 400;\">  constituent la base de m\u00e9thodes de valorisation efficaces. Elles pr\u00e9parent les boues pour une utilisation ult\u00e9rieure. <\/span><\/p>\n<p style=\"text-align: center;\"><a href=\"https:\/\/schlammtrocknung.com\/fr\/contact\/\">D\u00e9couvrez les installations maintenant !<\/a><\/p>\n<p>[\/vc_column_text][\/vc_column][\/vc_row][vc_row][vc_column][vc_custom_heading text=\u00a0\u00bbDu combustible \u00e0 la construction &#8211; Potentiel de valorisation des boues\u00a0\u00bb font_container=\u00a0\u00bbtag:h2|text_align:left|color:%23728d2a\u00a0\u00bb use_theme_fonts=\u00a0\u00bbyes\u00a0\u00bb][\/vc_column][\/vc_row][vc_row][vc_column width=\u00a0\u00bb1\/2&Prime;][vc_column_text]<b>Boues<\/b><span style=\"font-weight: 400;\">Les boues issues des d\u00e9chets de consommation ou industriels peuvent \u00eatre recycl\u00e9es de diverses mani\u00e8res et de mani\u00e8re durable. <\/span> <\/p>\n<p><span style=\"font-weight: 400;\">Par exemple, un traitement suppl\u00e9mentaire des boues s\u00e9ch\u00e9es permet d&rsquo;obtenir un combustible solide qui peut \u00eatre utilis\u00e9 dans les centrales \u00e9lectriques pour produire de l&rsquo;\u00e9lectricit\u00e9. <\/span><b>production d&rsquo;\u00e9nergie<\/b><span style=\"font-weight: 400;\">  est utilis\u00e9e. Dans certains cas, les boues s\u00e9ch\u00e9es peuvent \u00e9galement \u00eatre utilis\u00e9es comme agr\u00e9gats dans la   <\/span><b>Industrie du b\u00e2timent<\/b><span style=\"font-weight: 400;\"> \u00eatre utilis\u00e9 pour la fabrication de briques ou d&rsquo;autres mat\u00e9riaux de construction, en am\u00e9liorant certaines propri\u00e9t\u00e9s telles que l&rsquo;isolation.<\/span>[\/vc_column_text][\/vc_column][vc_column width=\u00a0\u00bb1\/2&Prime;][vc_single_image image=\u00a0\u00bb1164&Prime; img_size=\u00a0\u00bbfull\u00a0\u00bb][\/vc_column][\/vc_row][vc_row][vc_column][vc_custom_heading text=\u00a0\u00bbLe recyclage des boues &#8211; une contribution importante \u00e0 l&apos;\u00e9conomie circulaire\u00a0\u00bb font_container=\u00a0\u00bbtag:h2|text_align:center|color:%23728d2a\u00a0\u00bb use_theme_fonts=\u00a0\u00bbyes\u00a0\u00bb][vc_column_text]<span style=\"font-weight: 400;\">En tant que <\/span><b>mat\u00e9riau naturel de valeur<\/b><span style=\"font-weight: 400;\">  les boues trait\u00e9es peuvent \u00eatre un \u00e9l\u00e9ment pr\u00e9cieux d&rsquo;une \u00e9conomie circulaire respectueuse de l&rsquo;environnement. Gr\u00e2ce \u00e0 une gestion efficace   <\/span><b>Recyclage des boues<\/b><span style=\"font-weight: 400;\"> les d\u00e9chets potentiellement nocifs sont transform\u00e9s en produits utiles, ce qui r\u00e9duit consid\u00e9rablement l&rsquo;impact sur l&rsquo;environnement. <\/span><span style=\"font-weight: 400;\">Une valorisation ad\u00e9quate des boues offre de nombreux avantages <\/span><b>avantages<\/b><span style=\"font-weight: 400;\">:<\/span><\/p>\n<ul>\n<li style=\"font-weight: 400;\" aria-level=\"1\"><span style=\"font-weight: 400;\">R\u00e9duction des co\u00fbts d&rsquo;\u00e9limination des d\u00e9chets en traitant les boues sur place plut\u00f4t que de les transporter.<\/span><\/li>\n<li style=\"font-weight: 400;\" aria-level=\"1\"><span style=\"font-weight: 400;\">R\u00e9cup\u00e9ration des ressources \u00e0 partir des boues<\/span><\/li>\n<li style=\"font-weight: 400;\" aria-level=\"1\"><span style=\"font-weight: 400;\">Pr\u00e9servation des ressources naturelles  <\/span><\/li>\n<li style=\"font-weight: 400;\" aria-level=\"1\"><span style=\"font-weight: 400;\">R\u00e9duire la d\u00e9pendance aux combustibles fossiles<\/span><\/li>\n<\/ul>\n<p>[\/vc_column_text][\/vc_column][\/vc_row][vc_row][vc_column][vc_empty_space][vc_custom_heading text=\u00a0\u00bbUn s\u00e9chage efficace des boues, base de la valorisation des boues\u00a0\u00bb font_container=\u00a0\u00bbtag:h2|text_align:center|color:%23728d2a\u00a0\u00bb use_theme_fonts=\u00a0\u00bbyes\u00a0\u00bb][vc_column_text]<b>michel SLUDGE-DRYING-SYSTEMS<\/b><span style=\"font-weight: 400;\">  utilise des technologies de pointe pour le s\u00e9chage des boues, qui transforment tous les types de boues en un \u00e9tat utilisable de mani\u00e8re efficace et respectueuse de l&rsquo;environnement. Nos installations utilisent une   <\/span><b>Combinaison de s\u00e9chage par contact et par convection<\/b><span style=\"font-weight: 400;\">qui permet une <\/span><a href=\"http:\/\/www.schlammtrocknung.com\/glossar\/trocknung\"><span style=\"font-weight: 400;\">s\u00e9chage<\/span><\/a><span style=\"font-weight: 400;\"> avec une consommation d&rsquo;\u00e9nergie minimale. <\/span> <\/p>\n<p><span style=\"font-weight: 400;\">Les syst\u00e8mes sont con\u00e7us pour s&rsquo;adapter \u00e0 diff\u00e9rents types de boues, des boues urbaines aux boues industrielles. <\/span><a href=\"http:\/\/schlammtrocknung.com\/leistungen\/klaerschlammtrocknung\"><span style=\"font-weight: 400;\">Boues d&rsquo;\u00e9puration<\/span><\/a><span style=\"font-weight: 400;\">  jusqu&rsquo;aux boues industrielles. L&rsquo;utilisation de technologies \u00e0 basse temp\u00e9rature permet de r\u00e9duire les besoins en \u00e9nergie tout en obtenant des performances de s\u00e9chage \u00e9lev\u00e9es. Cette optimisation du processus se traduit par des co\u00fbts d&rsquo;exploitation r\u00e9duits et favorise un d\u00e9veloppement durable.    <\/span><b>\u00c9conomie circulaire<\/b><span style=\"font-weight: 400;\">.<\/span><\/p>\n<p><span style=\"font-weight: 400;\">D\u00e9couvrez le potentiel de la <\/span><b>valorisation des boues<\/b><span style=\"font-weight: 400;\"> avec les <\/span><b>installations de michel SLUDGE-DRYING-SYSTEMS<\/b><span style=\"font-weight: 400;\">En int\u00e9grant le processus durable et rentable de s\u00e9chage des boues dans votre parc de machines. Contactez notre \u00e9quipe pour obtenir un devis personnalis\u00e9 pour votre projet.   <\/span><a href=\"https:\/\/schlammtrocknung.com\/produkte\/\"><span style=\"font-weight: 400;\">Installation de s\u00e9chage des boues<\/span><\/a><span style=\"font-weight: 400;\"> de l&rsquo;entreprise.<\/span>[\/vc_column_text][\/vc_column][\/vc_row][vc_row][vc_column][vc_cta h2=\u00a0\u00bb\u00a0\u00bb txt_align=\u00a0\u00bbcenter\u00a0\u00bb add_button=\u00a0\u00bbbottom\u00a0\u00bb btn_title=\u00a0\u00bbContactez-nous maintenant !\u00a0\u00bb btn_color=\u00a0\u00bbgreen\u00a0\u00bb btn_size=\u00a0\u00bblg\u00a0\u00bb btn_align=\u00a0\u00bbcenter\u00a0\u00bb btn_link=\u00a0\u00bburl:https%3A%2F%2Fschlammtrocknung.com%2Fkontakt%2F|title:Contact|\u00a0\u00bb][\/vc_cta][\/vc_column][\/vc_row][vc_row][vc_column][vc_empty_space height=\u00a0\u00bb100px\u00a0\u00bb][\/vc_column][\/vc_row][vc_row][vc_column][vc_column_text]<\/p>\n<h2><b>FAQ &#8211; questions fr\u00e9quemment pos\u00e9es sur <\/b><b>Recyclage des boues<\/b><\/h2>\n<p>[\/vc_column_text][vc_toggle title=\u00a0\u00bbQuels sont les principaux avantages de la valorisation des boues ?\u00a0\u00bb]<span style=\"font-weight: 400;\">La valorisation durable des boues r\u00e9duit l&rsquo;impact environnemental, diminue les co\u00fbts d&rsquo;\u00e9limination et soutient l&rsquo;\u00e9conomie circulaire en transformant les boues en \u00e9nergie ou en mat\u00e9riaux de construction.<\/span>[\/vc_toggle][vc_toggle title=\u00a0\u00bbDans quels domaines les boues s\u00e9ch\u00e9es peuvent-elles \u00eatre utilis\u00e9es ?\u00a0\u00bb]<span style=\"font-weight: 400;\">Outre leur utilisation comme engrais et combustible, les boues s\u00e9ch\u00e9es peuvent \u00eatre utilis\u00e9es dans la production de mat\u00e9riaux de construction et servent \u00e0 la remise en culture et \u00e0 la stabilisation des terres d\u00e9grad\u00e9es. Ainsi, le recyclage des boues contribue \u00e0 la r\u00e9activation des \u00e9cosyst\u00e8mes. <\/span>[\/vc_toggle][vc_toggle title=\u00a0\u00bbComment le s\u00e9chage des boues contribue-t-il \u00e0 la valorisation durable des boues ?\u00a0\u00bb]<span style=\"font-weight: 400;\">SLUDGE-DRYING-SYSTEMS de michel optimise le processus de s\u00e9chage gr\u00e2ce \u00e0 un s\u00e9chage par contact et par convection avanc\u00e9, qui consomme efficacement de l&rsquo;\u00e9nergie et permet d&rsquo;obtenir des performances de s\u00e9chage \u00e9lev\u00e9es pour diff\u00e9rents types de boues, ce qui rend les boues plus facilement utilisables.<\/span>[\/vc_toggle][vc_empty_space height=\u00a0\u00bb100px\u00a0\u00bb][\/vc_column][\/vc_row]<\/p>\n<\/div>","protected":false},"excerpt":{"rendered":"<p>[vc_row][vc_column][vc_custom_heading text=\u00a0\u00bbLe recyclage des boues permet d&apos;obtenir des mat\u00e9riaux recyclables\u00a0\u00bb font_container=\u00a0\u00bbtag:h1|text_align:center|color:%23728d2a\u00a0\u00bb use_theme_fonts=\u00a0\u00bbyes\u00a0\u00bb][vc_column_text] Une solution efficace Recyclage des boues offre un grand potentiel pour une gestion durable des d\u00e9chets, qui non seulement pr\u00e9serve l&rsquo;environnement, mais r\u00e9cup\u00e8re \u00e9galement de pr\u00e9cieuses ressources. Les installations avanc\u00e9es de michel SLUDGE-DRYING-SYSTEMS constituent la base de m\u00e9thodes de valorisation efficaces. Elles pr\u00e9parent&hellip;<\/p>\n","protected":false},"author":1,"featured_media":2407,"parent":0,"menu_order":0,"comment_status":"closed","ping_status":"closed","template":"","meta":{"footnotes":""},"class_list":["post-2445","page","type-page","status-publish","has-post-thumbnail","hentry","description-off"],"yoast_head":"<!-- This site is optimized with the Yoast SEO plugin v27.3 - https:\/\/yoast.com\/product\/yoast-seo-wordpress\/ -->\n<title>Valorisation des boues | Michel S\u00e9chage des boues<\/title>\n<meta name=\"description\" content=\"D\u00e9couvrez le potentiel de la valorisation des boues pour une gestion durable des d\u00e9chets.\" \/>\n<meta name=\"robots\" content=\"index, follow, max-snippet:-1, max-image-preview:large, max-video-preview:-1\" \/>\n<link rel=\"canonical\" href=\"https:\/\/schlammtrocknung.com\/fr\/recyclage-des-boues\/\" \/>\n<meta property=\"og:locale\" content=\"fr_FR\" \/>\n<meta property=\"og:type\" content=\"article\" \/>\n<meta property=\"og:title\" content=\"Valorisation des boues | Michel S\u00e9chage des boues\" \/>\n<meta property=\"og:description\" content=\"D\u00e9couvrez le potentiel de la valorisation des boues pour une gestion durable des d\u00e9chets.\" \/>\n<meta property=\"og:url\" content=\"https:\/\/schlammtrocknung.com\/fr\/recyclage-des-boues\/\" \/>\n<meta property=\"og:site_name\" content=\"Schlammtrocknung \u2013 michel SLUDGE DRYING SYSTEM\" \/>\n<meta property=\"article:modified_time\" content=\"2025-05-09T08:46:30+00:00\" \/>\n<meta property=\"og:image\" content=\"https:\/\/schlammtrocknung.com\/wp-content\/uploads\/2023\/05\/DSC_3747-scaled.jpg\" \/>\n\t<meta property=\"og:image:width\" content=\"2560\" \/>\n\t<meta property=\"og:image:height\" content=\"1436\" \/>\n\t<meta property=\"og:image:type\" content=\"image\/jpeg\" \/>\n<meta name=\"twitter:card\" content=\"summary_large_image\" \/>\n<meta name=\"twitter:label1\" content=\"Dur\u00e9e de lecture estim\u00e9e\" \/>\n\t<meta name=\"twitter:data1\" content=\"5 minutes\" \/>\n<script type=\"application\/ld+json\" class=\"yoast-schema-graph\">{\"@context\":\"https:\\\/\\\/schema.org\",\"@graph\":[{\"@type\":\"WebPage\",\"@id\":\"https:\\\/\\\/schlammtrocknung.com\\\/fr\\\/recyclage-des-boues\\\/\",\"url\":\"https:\\\/\\\/schlammtrocknung.com\\\/fr\\\/recyclage-des-boues\\\/\",\"name\":\"Valorisation des boues | Michel S\u00e9chage des boues\",\"isPartOf\":{\"@id\":\"https:\\\/\\\/schlammtrocknung.com\\\/#website\"},\"primaryImageOfPage\":{\"@id\":\"https:\\\/\\\/schlammtrocknung.com\\\/fr\\\/recyclage-des-boues\\\/#primaryimage\"},\"image\":{\"@id\":\"https:\\\/\\\/schlammtrocknung.com\\\/fr\\\/recyclage-des-boues\\\/#primaryimage\"},\"thumbnailUrl\":\"https:\\\/\\\/schlammtrocknung.com\\\/wp-content\\\/uploads\\\/2023\\\/05\\\/DSC_3747-scaled.jpg\",\"datePublished\":\"2024-08-30T09:00:11+00:00\",\"dateModified\":\"2025-05-09T08:46:30+00:00\",\"description\":\"D\u00e9couvrez le potentiel de la valorisation des boues pour une gestion durable des d\u00e9chets.\",\"breadcrumb\":{\"@id\":\"https:\\\/\\\/schlammtrocknung.com\\\/fr\\\/recyclage-des-boues\\\/#breadcrumb\"},\"inLanguage\":\"fr-FR\",\"potentialAction\":[{\"@type\":\"ReadAction\",\"target\":[\"https:\\\/\\\/schlammtrocknung.com\\\/fr\\\/recyclage-des-boues\\\/\"]}]},{\"@type\":\"ImageObject\",\"inLanguage\":\"fr-FR\",\"@id\":\"https:\\\/\\\/schlammtrocknung.com\\\/fr\\\/recyclage-des-boues\\\/#primaryimage\",\"url\":\"https:\\\/\\\/schlammtrocknung.com\\\/wp-content\\\/uploads\\\/2023\\\/05\\\/DSC_3747-scaled.jpg\",\"contentUrl\":\"https:\\\/\\\/schlammtrocknung.com\\\/wp-content\\\/uploads\\\/2023\\\/05\\\/DSC_3747-scaled.jpg\",\"width\":2560,\"height\":1436},{\"@type\":\"BreadcrumbList\",\"@id\":\"https:\\\/\\\/schlammtrocknung.com\\\/fr\\\/recyclage-des-boues\\\/#breadcrumb\",\"itemListElement\":[{\"@type\":\"ListItem\",\"position\":1,\"name\":\"Startseite\",\"item\":\"https:\\\/\\\/schlammtrocknung.com\\\/fr\\\/page-daccueil-2\\\/\"},{\"@type\":\"ListItem\",\"position\":2,\"name\":\"Recyclage des boues\"}]},{\"@type\":\"WebSite\",\"@id\":\"https:\\\/\\\/schlammtrocknung.com\\\/#website\",\"url\":\"https:\\\/\\\/schlammtrocknung.com\\\/\",\"name\":\"Schlammtrocknung | SDS - Schlammtrocknung\",\"description\":\"Schlamm- L\u00f6sungen f\u00fcr Kl\u00e4rwerke, Industrie und Umwelt\",\"publisher\":{\"@id\":\"https:\\\/\\\/schlammtrocknung.com\\\/#organization\"},\"potentialAction\":[{\"@type\":\"SearchAction\",\"target\":{\"@type\":\"EntryPoint\",\"urlTemplate\":\"https:\\\/\\\/schlammtrocknung.com\\\/?s={search_term_string}\"},\"query-input\":{\"@type\":\"PropertyValueSpecification\",\"valueRequired\":true,\"valueName\":\"search_term_string\"}}],\"inLanguage\":\"fr-FR\"},{\"@type\":\"Organization\",\"@id\":\"https:\\\/\\\/schlammtrocknung.com\\\/#organization\",\"name\":\"Schlammtrocknung | SDS - Schlammtrocknung\",\"url\":\"https:\\\/\\\/schlammtrocknung.com\\\/\",\"logo\":{\"@type\":\"ImageObject\",\"inLanguage\":\"fr-FR\",\"@id\":\"https:\\\/\\\/schlammtrocknung.com\\\/#\\\/schema\\\/logo\\\/image\\\/\",\"url\":\"https:\\\/\\\/schlammtrocknung.com\\\/wp-content\\\/uploads\\\/2023\\\/02\\\/logo_sds-1.png\",\"contentUrl\":\"https:\\\/\\\/schlammtrocknung.com\\\/wp-content\\\/uploads\\\/2023\\\/02\\\/logo_sds-1.png\",\"width\":697,\"height\":187,\"caption\":\"Schlammtrocknung | SDS - Schlammtrocknung\"},\"image\":{\"@id\":\"https:\\\/\\\/schlammtrocknung.com\\\/#\\\/schema\\\/logo\\\/image\\\/\"}}]}<\/script>\n<!-- \/ Yoast SEO plugin. -->","yoast_head_json":{"title":"Valorisation des boues | Michel S\u00e9chage des boues","description":"D\u00e9couvrez le potentiel de la valorisation des boues pour une gestion durable des d\u00e9chets.","robots":{"index":"index","follow":"follow","max-snippet":"max-snippet:-1","max-image-preview":"max-image-preview:large","max-video-preview":"max-video-preview:-1"},"canonical":"https:\/\/schlammtrocknung.com\/fr\/recyclage-des-boues\/","og_locale":"fr_FR","og_type":"article","og_title":"Valorisation des boues | Michel S\u00e9chage des boues","og_description":"D\u00e9couvrez le potentiel de la valorisation des boues pour une gestion durable des d\u00e9chets.","og_url":"https:\/\/schlammtrocknung.com\/fr\/recyclage-des-boues\/","og_site_name":"Schlammtrocknung \u2013 michel SLUDGE DRYING SYSTEM","article_modified_time":"2025-05-09T08:46:30+00:00","og_image":[{"width":2560,"height":1436,"url":"https:\/\/schlammtrocknung.com\/wp-content\/uploads\/2023\/05\/DSC_3747-scaled.jpg","type":"image\/jpeg"}],"twitter_card":"summary_large_image","twitter_misc":{"Dur\u00e9e de lecture estim\u00e9e":"5 minutes"},"schema":{"@context":"https:\/\/schema.org","@graph":[{"@type":"WebPage","@id":"https:\/\/schlammtrocknung.com\/fr\/recyclage-des-boues\/","url":"https:\/\/schlammtrocknung.com\/fr\/recyclage-des-boues\/","name":"Valorisation des boues | Michel S\u00e9chage des boues","isPartOf":{"@id":"https:\/\/schlammtrocknung.com\/#website"},"primaryImageOfPage":{"@id":"https:\/\/schlammtrocknung.com\/fr\/recyclage-des-boues\/#primaryimage"},"image":{"@id":"https:\/\/schlammtrocknung.com\/fr\/recyclage-des-boues\/#primaryimage"},"thumbnailUrl":"https:\/\/schlammtrocknung.com\/wp-content\/uploads\/2023\/05\/DSC_3747-scaled.jpg","datePublished":"2024-08-30T09:00:11+00:00","dateModified":"2025-05-09T08:46:30+00:00","description":"D\u00e9couvrez le potentiel de la valorisation des boues pour une gestion durable des d\u00e9chets.","breadcrumb":{"@id":"https:\/\/schlammtrocknung.com\/fr\/recyclage-des-boues\/#breadcrumb"},"inLanguage":"fr-FR","potentialAction":[{"@type":"ReadAction","target":["https:\/\/schlammtrocknung.com\/fr\/recyclage-des-boues\/"]}]},{"@type":"ImageObject","inLanguage":"fr-FR","@id":"https:\/\/schlammtrocknung.com\/fr\/recyclage-des-boues\/#primaryimage","url":"https:\/\/schlammtrocknung.com\/wp-content\/uploads\/2023\/05\/DSC_3747-scaled.jpg","contentUrl":"https:\/\/schlammtrocknung.com\/wp-content\/uploads\/2023\/05\/DSC_3747-scaled.jpg","width":2560,"height":1436},{"@type":"BreadcrumbList","@id":"https:\/\/schlammtrocknung.com\/fr\/recyclage-des-boues\/#breadcrumb","itemListElement":[{"@type":"ListItem","position":1,"name":"Startseite","item":"https:\/\/schlammtrocknung.com\/fr\/page-daccueil-2\/"},{"@type":"ListItem","position":2,"name":"Recyclage des boues"}]},{"@type":"WebSite","@id":"https:\/\/schlammtrocknung.com\/#website","url":"https:\/\/schlammtrocknung.com\/","name":"Schlammtrocknung | SDS - Schlammtrocknung","description":"Schlamm- L\u00f6sungen f\u00fcr Kl\u00e4rwerke, Industrie und Umwelt","publisher":{"@id":"https:\/\/schlammtrocknung.com\/#organization"},"potentialAction":[{"@type":"SearchAction","target":{"@type":"EntryPoint","urlTemplate":"https:\/\/schlammtrocknung.com\/?s={search_term_string}"},"query-input":{"@type":"PropertyValueSpecification","valueRequired":true,"valueName":"search_term_string"}}],"inLanguage":"fr-FR"},{"@type":"Organization","@id":"https:\/\/schlammtrocknung.com\/#organization","name":"Schlammtrocknung | SDS - Schlammtrocknung","url":"https:\/\/schlammtrocknung.com\/","logo":{"@type":"ImageObject","inLanguage":"fr-FR","@id":"https:\/\/schlammtrocknung.com\/#\/schema\/logo\/image\/","url":"https:\/\/schlammtrocknung.com\/wp-content\/uploads\/2023\/02\/logo_sds-1.png","contentUrl":"https:\/\/schlammtrocknung.com\/wp-content\/uploads\/2023\/02\/logo_sds-1.png","width":697,"height":187,"caption":"Schlammtrocknung | SDS - Schlammtrocknung"},"image":{"@id":"https:\/\/schlammtrocknung.com\/#\/schema\/logo\/image\/"}}]}},"_links":{"self":[{"href":"https:\/\/schlammtrocknung.com\/fr\/wp-json\/wp\/v2\/pages\/2445","targetHints":{"allow":["GET"]}}],"collection":[{"href":"https:\/\/schlammtrocknung.com\/fr\/wp-json\/wp\/v2\/pages"}],"about":[{"href":"https:\/\/schlammtrocknung.com\/fr\/wp-json\/wp\/v2\/types\/page"}],"author":[{"embeddable":true,"href":"https:\/\/schlammtrocknung.com\/fr\/wp-json\/wp\/v2\/users\/1"}],"replies":[{"embeddable":true,"href":"https:\/\/schlammtrocknung.com\/fr\/wp-json\/wp\/v2\/comments?post=2445"}],"version-history":[{"count":1,"href":"https:\/\/schlammtrocknung.com\/fr\/wp-json\/wp\/v2\/pages\/2445\/revisions"}],"predecessor-version":[{"id":2451,"href":"https:\/\/schlammtrocknung.com\/fr\/wp-json\/wp\/v2\/pages\/2445\/revisions\/2451"}],"wp:featuredmedia":[{"embeddable":true,"href":"https:\/\/schlammtrocknung.com\/fr\/wp-json\/wp\/v2\/media\/2407"}],"wp:attachment":[{"href":"https:\/\/schlammtrocknung.com\/fr\/wp-json\/wp\/v2\/media?parent=2445"}],"curies":[{"name":"wp","href":"https:\/\/api.w.org\/{rel}","templated":true}]}}