{"id":2452,"date":"2023-02-02T18:31:25","date_gmt":"2023-02-02T17:31:25","guid":{"rendered":"https:\/\/schlammtrocknung.com\/equipe\/"},"modified":"2025-05-09T10:46:31","modified_gmt":"2025-05-09T08:46:31","slug":"equipe","status":"publish","type":"page","link":"https:\/\/schlammtrocknung.com\/fr\/equipe\/","title":{"rendered":"\u00c9quipe"},"content":{"rendered":"<div class=\"wpb-content-wrapper\"><p>[vc_row full_width=\u00a0\u00bbstretch_row\u00a0\u00bb css=\u00a0\u00bb.vc_custom_1675707362788{margin-right: 100px !important;margin-left: 100px !important;}\u00a0\u00bb][vc_column offset=\u00a0\u00bbvc_hidden-sm vc_hidden-xs\u00a0\u00bb][vc_custom_heading text=\u00a0\u00bbL&apos;\u00e9quipe forte&#8230;\u00a0\u00bb font_container=\u00a0\u00bbtag:h2|text_align:left|color:%23728d2a\u00a0\u00bb use_theme_fonts=\u00a0\u00bbyes\u00a0\u00bb][vc_column_text]&#8230;se compose de michel gmbh et de Sludge Drying Systems. Ensemble, ils combinent des ann\u00e9es d&rsquo;exp\u00e9rience et d&rsquo;expertise dans leurs domaines respectifs, offrant ainsi un service exceptionnel \u00e0 leurs clients. michel gmbh apporte son expertise en mati\u00e8re de vente et de marketing, tandis que Sludge Drying Systems se sp\u00e9cialise dans les alternatives modernes, rentables et \u00e9cologiques pour l&rsquo;\u00e9limination des boues. Gr\u00e2ce \u00e0 leur collaboration, l&rsquo;\u00e9quipe propose \u00e0 ses clients des solutions personnalis\u00e9es parfaitement adapt\u00e9es \u00e0 leurs besoins. Cette \u00e9quipe solide se distingue par son grand professionnalisme, sa capacit\u00e9 d&rsquo;innovation et son orientation client. Les clients peuvent compter sur une excellente assistance et sur la r\u00e9ussite de leurs projets.     <\/p>\n<p>Nous &#8211; michel SLUDGE DRYING SYSTEMS &#8211; sommes deux partenaires forts pour des solutions innovantes et durables dans le domaine du s\u00e9chage et de la valorisation des boues. Pendant que SDS con\u00e7oit et d\u00e9veloppe, MICHEL GMBH se charge de la distribution exclusive des installations efficaces. <\/p>\n<p>La r\u00e9volution dans le domaine du s\u00e9chage des boues est assur\u00e9e par le syst\u00e8me intelligent<span class=\"Apple-converted-space\"> <\/span>syst\u00e8me de s\u00e9chage des boues SDS.[\/vc_column_text][\/vc_column][\/vc_row][vc_row full_width=\u00a0\u00bbstretch_row\u00a0\u00bb][vc_column offset=\u00a0\u00bbvc_hidden-lg vc_hidden-md\u00a0\u00bb][vc_custom_heading text=\u00a0\u00bbL&apos;\u00e9quipe forte&#8230;\u00a0\u00bb font_container=\u00a0\u00bbtag:h2|text_align:left|color:%23728d2a\u00a0\u00bb use_theme_fonts=\u00a0\u00bbyes\u00a0\u00bb][vc_column_text]&#8230;se compose de michel gmbh et de Sludge Drying Systems. Ensemble, ils combinent des ann\u00e9es d&rsquo;exp\u00e9rience et d&rsquo;expertise dans leurs domaines respectifs, offrant ainsi un service exceptionnel \u00e0 leurs clients. michel gmbh apporte son expertise en mati\u00e8re de vente et de marketing, tandis que Sludge Drying Systems se sp\u00e9cialise dans les alternatives modernes, rentables et \u00e9cologiques pour l&rsquo;\u00e9limination des boues. Gr\u00e2ce \u00e0 leur collaboration, l&rsquo;\u00e9quipe propose \u00e0 ses clients des solutions personnalis\u00e9es parfaitement adapt\u00e9es \u00e0 leurs besoins. Cette \u00e9quipe solide se distingue par son grand professionnalisme, sa capacit\u00e9 d&rsquo;innovation et son orientation client. Les clients peuvent compter sur une excellente assistance et sur la r\u00e9ussite de leurs projets.     <\/p>\n<p>Nous &#8211; michel SLUDGE DRYING SYSTEMS &#8211; sommes deux partenaires forts pour des solutions innovantes et durables dans le domaine du s\u00e9chage et de la valorisation des boues. Pendant que SDS con\u00e7oit et d\u00e9veloppe, MICHEL GMBH se charge de la distribution exclusive des installations efficaces. <\/p>\n<p>La r\u00e9volution dans le domaine du s\u00e9chage des boues est men\u00e9e par le syst\u00e8me intelligent de s\u00e9chage des boues SDS.[\/vc_column_text][\/vc_column][\/vc_row][vc_row][vc_column][vc_separator color=\u00a0\u00bbcustom\u00a0\u00bb border_width=\u00a0\u00bb2&Prime; accent_color=\u00a0\u00bb#728d2a\u00a0\u00bb css=\u00a0\u00bb.vc_custom_1675707504734{margin-top: 50px !important;margin-bottom: 70px !important;}\u00a0\u00bb][\/vc_column][\/vc_row][vc_row full_width=\u00a0\u00bbstretch_row\u00a0\u00bb equal_height=\u00a0\u00bbyes\u00a0\u00bb][vc_column width=\u00a0\u00bb1\/2&Prime;][vc_single_image image=\u00a0\u00bb128&Prime; img_size=\u00a0\u00bbmedium\u00a0\u00bb][\/vc_column][vc_column width=\u00a0\u00bb1\/2&Prime;][vc_single_image image=\u00a0\u00bb191&Prime; img_size=\u00a0\u00bbmedium\u00a0\u00bb alignment=\u00a0\u00bbright\u00a0\u00bb][\/vc_column][\/vc_row][vc_row][vc_column width=\u00a0\u00bb1\/2&Prime;][vc_column_text]La soci\u00e9t\u00e9 michel gmbh est une entreprise familiale qui propose depuis plus de 26 ans aux entreprises un package complet de services de distribution. Nous soutenons les entreprises et les prestataires de services dans la mise en place et le d\u00e9veloppement de la distribution, avec des concepts de distribution pr\u00eats \u00e0 l&#8217;emploi, des formations et une distribution compl\u00e8te &#8211; dans le cadre d&rsquo;une collaboration \u00e9troite et de partenariat. <\/p>\n<p>Nous mettons en commun nos connaissances sp\u00e9cifiques en mati\u00e8re de vente et de marketing afin d&rsquo;augmenter le chiffre d&rsquo;affaires de nos entreprises partenaires de mani\u00e8re \u00e9volutive &#8211; de mani\u00e8re diff\u00e9rente, et donc tr\u00e8s efficace. Pour vous et vos partenaires commerciaux, nous trouvons la solution parfaite \u00e0 tous les probl\u00e8mes de vente.[\/vc_column_text][\/vc_column][vc_column width=\u00a0\u00bb1\/2&Prime;][vc_column_text]SDS est une \u00e9quipe innovante dirig\u00e9e par l&rsquo;ing\u00e9nieur m\u00e9canicien Felix Hellmuth, dont l&rsquo;objectif est de d\u00e9velopper une alternative moderne, rentable et respectueuse de l&rsquo;environnement pour l&rsquo;\u00e9limination des boues. SDS propose des solutions compl\u00e8tes, de la conception et de la fabrication du SludgeDryingSystem aux conseils sur les proc\u00e9dures d&rsquo;autorisation. Avec un partenaire financier, SDS permet des solutions flexibles et personnalis\u00e9es pour chaque client.[\/vc_column_text][\/vc_column][\/vc_row]<\/p>\n<\/div>","protected":false},"excerpt":{"rendered":"<p>[vc_row full_width=\u00a0\u00bbstretch_row\u00a0\u00bb css=\u00a0\u00bb.vc_custom_1675707362788{margin-right: 100px !important;margin-left: 100px !important;}\u00a0\u00bb][vc_column offset=\u00a0\u00bbvc_hidden-sm vc_hidden-xs\u00a0\u00bb][vc_custom_heading text=\u00a0\u00bbL&apos;\u00e9quipe forte&#8230;\u00a0\u00bb font_container=\u00a0\u00bbtag:h2|text_align:left|color:%23728d2a\u00a0\u00bb use_theme_fonts=\u00a0\u00bbyes\u00a0\u00bb][vc_column_text]&#8230;se compose de michel gmbh et de Sludge Drying Systems. Ensemble, ils combinent des ann\u00e9es d&rsquo;exp\u00e9rience et d&rsquo;expertise dans leurs domaines respectifs, offrant ainsi un service exceptionnel \u00e0 leurs clients. michel gmbh apporte son expertise en mati\u00e8re de vente et de marketing, tandis&hellip;<\/p>\n","protected":false},"author":1,"featured_media":0,"parent":0,"menu_order":0,"comment_status":"closed","ping_status":"closed","template":"","meta":{"footnotes":""},"class_list":["post-2452","page","type-page","status-publish","hentry","description-off"],"yoast_head":"<!-- This site is optimized with the Yoast SEO plugin v27.3 - https:\/\/yoast.com\/product\/yoast-seo-wordpress\/ -->\n<title>\u00c9quipe - Schlammtrocknung \u2013 michel SLUDGE DRYING SYSTEM<\/title>\n<meta name=\"robots\" content=\"index, follow, max-snippet:-1, max-image-preview:large, max-video-preview:-1\" \/>\n<link rel=\"canonical\" href=\"https:\/\/schlammtrocknung.com\/fr\/equipe\/\" \/>\n<meta property=\"og:locale\" content=\"fr_FR\" \/>\n<meta property=\"og:type\" content=\"article\" \/>\n<meta property=\"og:title\" content=\"\u00c9quipe - Schlammtrocknung \u2013 michel SLUDGE DRYING SYSTEM\" \/>\n<meta property=\"og:description\" content=\"[vc_row full_width=\u00a0\u00bbstretch_row\u00a0\u00bb css=\u00a0\u00bb.vc_custom_1675707362788{margin-right: 100px !important;margin-left: 100px !important;}\u00a0\u00bb][vc_column offset=\u00a0\u00bbvc_hidden-sm vc_hidden-xs\u00a0\u00bb][vc_custom_heading text=\u00a0\u00bbL&amp;apos;\u00e9quipe forte&#8230;\u00a0\u00bb font_container=\u00a0\u00bbtag:h2|text_align:left|color:%23728d2a\u00a0\u00bb use_theme_fonts=\u00a0\u00bbyes\u00a0\u00bb][vc_column_text]&#8230;se compose de michel gmbh et de Sludge Drying Systems. Ensemble, ils combinent des ann\u00e9es d&rsquo;exp\u00e9rience et d&rsquo;expertise dans leurs domaines respectifs, offrant ainsi un service exceptionnel \u00e0 leurs clients. michel gmbh apporte son expertise en mati\u00e8re de vente et de marketing, tandis&hellip;\" \/>\n<meta property=\"og:url\" content=\"https:\/\/schlammtrocknung.com\/fr\/equipe\/\" \/>\n<meta property=\"og:site_name\" content=\"Schlammtrocknung \u2013 michel SLUDGE DRYING SYSTEM\" \/>\n<meta property=\"article:modified_time\" content=\"2025-05-09T08:46:31+00:00\" \/>\n<meta name=\"twitter:card\" content=\"summary_large_image\" \/>\n<meta name=\"twitter:label1\" content=\"Dur\u00e9e de lecture estim\u00e9e\" \/>\n\t<meta name=\"twitter:data1\" content=\"4 minutes\" \/>\n<script type=\"application\/ld+json\" class=\"yoast-schema-graph\">{\"@context\":\"https:\\\/\\\/schema.org\",\"@graph\":[{\"@type\":\"WebPage\",\"@id\":\"https:\\\/\\\/schlammtrocknung.com\\\/fr\\\/equipe\\\/\",\"url\":\"https:\\\/\\\/schlammtrocknung.com\\\/fr\\\/equipe\\\/\",\"name\":\"\u00c9quipe - Schlammtrocknung \u2013 michel SLUDGE DRYING SYSTEM\",\"isPartOf\":{\"@id\":\"https:\\\/\\\/schlammtrocknung.com\\\/#website\"},\"datePublished\":\"2023-02-02T17:31:25+00:00\",\"dateModified\":\"2025-05-09T08:46:31+00:00\",\"breadcrumb\":{\"@id\":\"https:\\\/\\\/schlammtrocknung.com\\\/fr\\\/equipe\\\/#breadcrumb\"},\"inLanguage\":\"fr-FR\",\"potentialAction\":[{\"@type\":\"ReadAction\",\"target\":[\"https:\\\/\\\/schlammtrocknung.com\\\/fr\\\/equipe\\\/\"]}]},{\"@type\":\"BreadcrumbList\",\"@id\":\"https:\\\/\\\/schlammtrocknung.com\\\/fr\\\/equipe\\\/#breadcrumb\",\"itemListElement\":[{\"@type\":\"ListItem\",\"position\":1,\"name\":\"Startseite\",\"item\":\"https:\\\/\\\/schlammtrocknung.com\\\/fr\\\/page-daccueil-2\\\/\"},{\"@type\":\"ListItem\",\"position\":2,\"name\":\"\u00c9quipe\"}]},{\"@type\":\"WebSite\",\"@id\":\"https:\\\/\\\/schlammtrocknung.com\\\/#website\",\"url\":\"https:\\\/\\\/schlammtrocknung.com\\\/\",\"name\":\"Schlammtrocknung | SDS - Schlammtrocknung\",\"description\":\"Schlamm- L\u00f6sungen f\u00fcr Kl\u00e4rwerke, Industrie und Umwelt\",\"publisher\":{\"@id\":\"https:\\\/\\\/schlammtrocknung.com\\\/#organization\"},\"potentialAction\":[{\"@type\":\"SearchAction\",\"target\":{\"@type\":\"EntryPoint\",\"urlTemplate\":\"https:\\\/\\\/schlammtrocknung.com\\\/?s={search_term_string}\"},\"query-input\":{\"@type\":\"PropertyValueSpecification\",\"valueRequired\":true,\"valueName\":\"search_term_string\"}}],\"inLanguage\":\"fr-FR\"},{\"@type\":\"Organization\",\"@id\":\"https:\\\/\\\/schlammtrocknung.com\\\/#organization\",\"name\":\"Schlammtrocknung | SDS - Schlammtrocknung\",\"url\":\"https:\\\/\\\/schlammtrocknung.com\\\/\",\"logo\":{\"@type\":\"ImageObject\",\"inLanguage\":\"fr-FR\",\"@id\":\"https:\\\/\\\/schlammtrocknung.com\\\/#\\\/schema\\\/logo\\\/image\\\/\",\"url\":\"https:\\\/\\\/schlammtrocknung.com\\\/wp-content\\\/uploads\\\/2023\\\/02\\\/logo_sds-1.png\",\"contentUrl\":\"https:\\\/\\\/schlammtrocknung.com\\\/wp-content\\\/uploads\\\/2023\\\/02\\\/logo_sds-1.png\",\"width\":697,\"height\":187,\"caption\":\"Schlammtrocknung | SDS - Schlammtrocknung\"},\"image\":{\"@id\":\"https:\\\/\\\/schlammtrocknung.com\\\/#\\\/schema\\\/logo\\\/image\\\/\"}}]}<\/script>\n<!-- \/ Yoast SEO plugin. -->","yoast_head_json":{"title":"\u00c9quipe - Schlammtrocknung \u2013 michel SLUDGE DRYING SYSTEM","robots":{"index":"index","follow":"follow","max-snippet":"max-snippet:-1","max-image-preview":"max-image-preview:large","max-video-preview":"max-video-preview:-1"},"canonical":"https:\/\/schlammtrocknung.com\/fr\/equipe\/","og_locale":"fr_FR","og_type":"article","og_title":"\u00c9quipe - Schlammtrocknung \u2013 michel SLUDGE DRYING SYSTEM","og_description":"[vc_row full_width=\u00a0\u00bbstretch_row\u00a0\u00bb css=\u00a0\u00bb.vc_custom_1675707362788{margin-right: 100px !important;margin-left: 100px !important;}\u00a0\u00bb][vc_column offset=\u00a0\u00bbvc_hidden-sm vc_hidden-xs\u00a0\u00bb][vc_custom_heading text=\u00a0\u00bbL&apos;\u00e9quipe forte&#8230;\u00a0\u00bb font_container=\u00a0\u00bbtag:h2|text_align:left|color:%23728d2a\u00a0\u00bb use_theme_fonts=\u00a0\u00bbyes\u00a0\u00bb][vc_column_text]&#8230;se compose de michel gmbh et de Sludge Drying Systems. Ensemble, ils combinent des ann\u00e9es d&rsquo;exp\u00e9rience et d&rsquo;expertise dans leurs domaines respectifs, offrant ainsi un service exceptionnel \u00e0 leurs clients. michel gmbh apporte son expertise en mati\u00e8re de vente et de marketing, tandis&hellip;","og_url":"https:\/\/schlammtrocknung.com\/fr\/equipe\/","og_site_name":"Schlammtrocknung \u2013 michel SLUDGE DRYING SYSTEM","article_modified_time":"2025-05-09T08:46:31+00:00","twitter_card":"summary_large_image","twitter_misc":{"Dur\u00e9e de lecture estim\u00e9e":"4 minutes"},"schema":{"@context":"https:\/\/schema.org","@graph":[{"@type":"WebPage","@id":"https:\/\/schlammtrocknung.com\/fr\/equipe\/","url":"https:\/\/schlammtrocknung.com\/fr\/equipe\/","name":"\u00c9quipe - Schlammtrocknung \u2013 michel SLUDGE DRYING SYSTEM","isPartOf":{"@id":"https:\/\/schlammtrocknung.com\/#website"},"datePublished":"2023-02-02T17:31:25+00:00","dateModified":"2025-05-09T08:46:31+00:00","breadcrumb":{"@id":"https:\/\/schlammtrocknung.com\/fr\/equipe\/#breadcrumb"},"inLanguage":"fr-FR","potentialAction":[{"@type":"ReadAction","target":["https:\/\/schlammtrocknung.com\/fr\/equipe\/"]}]},{"@type":"BreadcrumbList","@id":"https:\/\/schlammtrocknung.com\/fr\/equipe\/#breadcrumb","itemListElement":[{"@type":"ListItem","position":1,"name":"Startseite","item":"https:\/\/schlammtrocknung.com\/fr\/page-daccueil-2\/"},{"@type":"ListItem","position":2,"name":"\u00c9quipe"}]},{"@type":"WebSite","@id":"https:\/\/schlammtrocknung.com\/#website","url":"https:\/\/schlammtrocknung.com\/","name":"Schlammtrocknung | SDS - Schlammtrocknung","description":"Schlamm- L\u00f6sungen f\u00fcr Kl\u00e4rwerke, Industrie und Umwelt","publisher":{"@id":"https:\/\/schlammtrocknung.com\/#organization"},"potentialAction":[{"@type":"SearchAction","target":{"@type":"EntryPoint","urlTemplate":"https:\/\/schlammtrocknung.com\/?s={search_term_string}"},"query-input":{"@type":"PropertyValueSpecification","valueRequired":true,"valueName":"search_term_string"}}],"inLanguage":"fr-FR"},{"@type":"Organization","@id":"https:\/\/schlammtrocknung.com\/#organization","name":"Schlammtrocknung | SDS - Schlammtrocknung","url":"https:\/\/schlammtrocknung.com\/","logo":{"@type":"ImageObject","inLanguage":"fr-FR","@id":"https:\/\/schlammtrocknung.com\/#\/schema\/logo\/image\/","url":"https:\/\/schlammtrocknung.com\/wp-content\/uploads\/2023\/02\/logo_sds-1.png","contentUrl":"https:\/\/schlammtrocknung.com\/wp-content\/uploads\/2023\/02\/logo_sds-1.png","width":697,"height":187,"caption":"Schlammtrocknung | SDS - Schlammtrocknung"},"image":{"@id":"https:\/\/schlammtrocknung.com\/#\/schema\/logo\/image\/"}}]}},"_links":{"self":[{"href":"https:\/\/schlammtrocknung.com\/fr\/wp-json\/wp\/v2\/pages\/2452","targetHints":{"allow":["GET"]}}],"collection":[{"href":"https:\/\/schlammtrocknung.com\/fr\/wp-json\/wp\/v2\/pages"}],"about":[{"href":"https:\/\/schlammtrocknung.com\/fr\/wp-json\/wp\/v2\/types\/page"}],"author":[{"embeddable":true,"href":"https:\/\/schlammtrocknung.com\/fr\/wp-json\/wp\/v2\/users\/1"}],"replies":[{"embeddable":true,"href":"https:\/\/schlammtrocknung.com\/fr\/wp-json\/wp\/v2\/comments?post=2452"}],"version-history":[{"count":2,"href":"https:\/\/schlammtrocknung.com\/fr\/wp-json\/wp\/v2\/pages\/2452\/revisions"}],"predecessor-version":[{"id":2456,"href":"https:\/\/schlammtrocknung.com\/fr\/wp-json\/wp\/v2\/pages\/2452\/revisions\/2456"}],"wp:attachment":[{"href":"https:\/\/schlammtrocknung.com\/fr\/wp-json\/wp\/v2\/media?parent=2452"}],"curies":[{"name":"wp","href":"https:\/\/api.w.org\/{rel}","templated":true}]}}