{"id":1807,"date":"2024-09-04T10:22:38","date_gmt":"2024-09-04T08:22:38","guid":{"rendered":"https:\/\/schlammtrocknung.com\/servizi\/"},"modified":"2025-04-09T14:10:35","modified_gmt":"2025-04-09T12:10:35","slug":"servizi","status":"publish","type":"page","link":"https:\/\/schlammtrocknung.com\/it\/servizi\/","title":{"rendered":"Servizi"},"content":{"rendered":"<div class=\"wpb-content-wrapper\"><p>[vc_row content_placement=&#8221;top&#8221;][vc_column][vc_column_text]<\/p>\n<h1 style=\"text-align: center;\"><span style=\"color: #728d2a;\">Massimizza l&#8217;efficienza delle risorse con i sistemi di essiccazione dei fanghi michel<\/span><\/h1>\n<p>[\/vc_column_text][vc_empty_space height=&#8221;50px&#8221;][\/vc_column][\/vc_row][vc_row][vc_column width=&#8221;1\/2&#8243;][vc_column_text]<b>michel SLUDGE-DRYING-SYSTEMS<\/b><span style=\"font-weight: 400;\"> offre soluzioni avanzate per <\/span><b>l&#8217;essiccazione dei fanghi<\/b><span style=\"font-weight: 400;\">progettate appositamente per ridurre i costi operativi e minimizzare l&#8217;impatto ambientale. <\/span> <\/p>\n<p><span style=\"font-weight: 400;\">I nostri <\/span><b>sistemi personalizzati<\/b><span style=\"font-weight: 400;\"> sono ideali per una vasta gamma di <\/span><b>industrie<\/b><span style=\"font-weight: 400;\">per garantire uno smaltimento efficiente ed ecologico dei fanghi. Scopri come la nostra tecnologia pu\u00f2 soddisfare le tue esigenze specifiche: dall&#8217;essiccazione dei fanghi di depurazione all&#8217;essiccazione dei fanghi metallici. <\/span>[\/vc_column_text][vc_empty_space height=&#8221;100px&#8221;][\/vc_column][vc_column width=&#8221;1\/2&#8243;][vc_single_image image=&#8221;367&#8243; img_size=&#8221;600&#215;280&#8243;][\/vc_column][\/vc_row][vc_row][vc_column][vc_row_inner][vc_column_inner width=&#8221;1\/3&#8243;][vc_single_image image=&#8221;376&#8243; img_size=&#8221;400&#215;250&#8243; alignment=&#8221;center&#8221;][vc_column_text]<\/p>\n<h3 style=\"text-align: center;\"><span style=\"color: #728d2a;\">Essiccazione dei fanghi di depurazione<\/span><\/h3>\n<p style=\"text-align: center;\">Ottimizza il trattamento dei fanghi di depurazione con i nostri efficienti sistemi di essiccazione che riducono il contenuto d&#8217;acqua, abbassano i costi di trasporto e smaltimento e ti aiutano a rispettare facilmente la nuova ordinanza sui fanghi di depurazione. I nostri sistemi di essiccazione dei fanghi di depurazione non solo funzionano in modo economico, ma consentono anche di recuperare il prezioso fosforo. <\/p>\n<p>[\/vc_column_text]<style type=\"text\/css\">#dt-btn-1 {background: #728d2a;}<\/style><div class=\"text-centered\"><a href=\"https:\/\/schlammtrocknung.com\/leistungen\/klaerschlammtrocknung\/\" class=\"btn-shortcode dt-btn-m dt-btn default-btn-color default-btn-hover-color default-btn-bg-hover-color\" id=\"dt-btn-1\"><span>Scopri di pi\u00f9!<\/span><\/a><\/div>[\/vc_column_inner][vc_column_inner width=&#8221;1\/3&#8243;][vc_single_image image=&#8221;374&#8243; img_size=&#8221;400&#215;250&#8243; alignment=&#8221;center&#8221;][vc_column_text css=&#8221;.vc_custom_1725452149334{padding-bottom: 30px !important;}&#8221;]<\/p>\n<h3 style=\"text-align: center;\"><span style=\"color: #728d2a;\">Essiccazione dei biosanghi<\/span><\/h3>\n<p style=\"text-align: center;\">La nostra tecnologia per l&#8217;essiccazione dei fanghi biologici garantisce una riduzione sicura ed efficiente del volume dei fanghi biologici. Questo facilita l&#8217;ulteriore lavorazione e migliora l&#8217;ecobilancio complessivo del tuo impianto. Diventa un pioniere dello smaltimento ecologico dei rifiuti o crea una base per l&#8217;utilizzo dei fanghi riciclabili!  <\/p>\n<p>[\/vc_column_text]<style type=\"text\/css\">#dt-btn-2 {background: #728d2a;}<\/style><div class=\"text-centered\"><a href=\"https:\/\/schlammtrocknung.com\/leistungen\/bioschlammtrocknung\/\" class=\"btn-shortcode dt-btn-m dt-btn default-btn-color default-btn-hover-color default-btn-bg-hover-color\" id=\"dt-btn-2\"><span>Scopri di pi\u00f9!<\/span><\/a><\/div>[\/vc_column_inner][vc_column_inner width=&#8221;1\/3&#8243;][vc_single_image image=&#8221;373&#8243; img_size=&#8221;400&#215;250&#8243; alignment=&#8221;center&#8221;][vc_column_text css=&#8221;.vc_custom_1725452165049{padding-bottom: 30px !important;}&#8221;]<\/p>\n<h3 style=\"text-align: center;\"><span style=\"color: #728d2a;\">Essiccazione dei fanghi metallici<\/span><\/h3>\n<p style=\"text-align: center;\">Essiccando i fanghi metallici nei nostri impianti specializzati, puoi recuperare efficacemente i metalli preziosi eliminando l&#8217;impatto ambientale dei residui pericolosi. I nostri sistemi sono ideali per settori come l&#8217;industria mineraria, la produzione di acciaio e la galvanotecnica. <\/p>\n<p>[\/vc_column_text]<style type=\"text\/css\">#dt-btn-3 {background: #728d2a;}<\/style><div class=\"text-centered\"><a href=\"https:\/\/schlammtrocknung.com\/leistungen\/metallschlammtrocknung\/\" class=\"btn-shortcode dt-btn-m dt-btn default-btn-color default-btn-hover-color default-btn-bg-hover-color\" id=\"dt-btn-3\"><span>Scopri di pi\u00f9!<\/span><\/a><\/div>[\/vc_column_inner][vc_column_inner][vc_empty_space height=&#8221;50px&#8221;][\/vc_column_inner][\/vc_row_inner][vc_row_inner][vc_column_inner width=&#8221;1\/3&#8243;][vc_single_image image=&#8221;372&#8243; img_size=&#8221;400&#215;250&#8243; alignment=&#8221;center&#8221;][vc_column_text css=&#8221;.vc_custom_1725452198849{padding-bottom: 50px !important;}&#8221;]<\/p>\n<h3 style=\"text-align: center;\"><span style=\"color: #728d2a;\">Essiccazione dei fanghi della carta<\/span><\/h3>\n<p style=\"text-align: center;\">Approfitta dei nostri sistemi di essiccazione dei fanghi di carta, che mirano a minimizzare il contenuto di umidit\u00e0 e a ridurre i costi di smaltimento dei fanghi di carta. Le nostre soluzioni sono essenziali per le industrie in cui la cellulosa viene pulita e trasformata in prodotti semilavorati. <\/p>\n<p>[\/vc_column_text]<style type=\"text\/css\">#dt-btn-4 {background: #728d2a;}<\/style><div class=\"text-centered\"><a href=\"https:\/\/schlammtrocknung.com\/leistungen\/papierschlammtrocknung\/\" class=\"btn-shortcode dt-btn-m dt-btn default-btn-color default-btn-hover-color default-btn-bg-hover-color\" id=\"dt-btn-4\"><span>Scopri di pi\u00f9!<\/span><\/a><\/div>[\/vc_column_inner][vc_column_inner width=&#8221;1\/3&#8243;][vc_single_image image=&#8221;371&#8243; img_size=&#8221;400&#215;250&#8243; alignment=&#8221;center&#8221;][vc_column_text]<\/p>\n<h3 style=\"text-align: center;\"><span style=\"color: #728d2a;\">Essiccazione dei fanghi di olio e lacca<\/span><\/h3>\n<p style=\"text-align: center;\">Le nostre soluzioni per l&#8217;essiccazione dei fanghi di vernici ad olio sono ideali per il trattamento delicato e responsabile dei fanghi dell&#8217;industria delle vernici e delle pitture, dannosi per la salute e per l&#8217;ambiente. Grazie all&#8217;efficiente riduzione del volume, i sistemi di michel SLUDGE-DRYING-SYSTEMS ti permettono di smaltire i fanghi di vernici ad olio in modo efficiente o addirittura di recuperare ingredienti preziosi. <\/p>\n<p>[\/vc_column_text]<style type=\"text\/css\">#dt-btn-5 {background: #728d2a;}<\/style><div class=\"text-centered\"><a href=\"https:\/\/schlammtrocknung.com\/leistungen\/oel-lackschlamm-trocknung\/\" class=\"btn-shortcode dt-btn-m dt-btn default-btn-color default-btn-hover-color default-btn-bg-hover-color\" id=\"dt-btn-5\"><span>Scopri di pi\u00f9!<\/span><\/a><\/div>[\/vc_column_inner][vc_column_inner width=&#8221;1\/3&#8243;][vc_single_image image=&#8221;370&#8243; img_size=&#8221;400&#215;250&#8243; alignment=&#8221;center&#8221;][vc_column_text css=&#8221;.vc_custom_1725452233530{padding-bottom: 60px !important;}&#8221;]<\/p>\n<h3 style=\"text-align: center;\"><span style=\"color: #728d2a;\">Trattamento dei fanghi<\/span><\/h3>\n<p style=\"text-align: center;\">Il nostro approccio olistico al trattamento dei fanghi offre una soluzione completa, dall&#8217;essiccazione all&#8217;utilizzo finale del materiale. In questo modo, preparerai i tuoi fanghi per un ulteriore utilizzo come fertilizzante, combustibile o aggregato nell&#8217;industria delle costruzioni, in piena linea con l&#8217;economia circolare. <\/p>\n<p>[\/vc_column_text]<style type=\"text\/css\">#dt-btn-6 {background: #728d2a;}<\/style><div class=\"text-centered\"><a href=\"https:\/\/schlammtrocknung.com\/leistungen\/schlammbehandlung\/\" class=\"btn-shortcode dt-btn-m dt-btn default-btn-color default-btn-hover-color default-btn-bg-hover-color\" id=\"dt-btn-6\"><span>Scopri di pi\u00f9!<\/span><\/a><\/div>[\/vc_column_inner][vc_column_inner][vc_empty_space height=&#8221;100px&#8221;][\/vc_column_inner][vc_column_inner][vc_cta h2=&#8221;Scopri i vantaggi dei nostri sistemi di essiccazione dei fanghi SDS&#8221; txt_align=&#8221;center&#8221; add_button=&#8221;bottom&#8221; btn_title=&#8221;Mettiti in contatto con noi!&#8221; btn_color=&#8221;green&#8221; btn_align=&#8221;center&#8221; btn_link=&#8221;url:https%3A%2F%2Fschlammtrocknung.com%2Fkontakt%2F|title:Contattaci|&#8221;]<\/p>\n<p style=\"text-align: center;\"><span style=\"font-weight: 400;\">Aumentare la <\/span><b>l&#8217;efficienza<\/b><span style=\"font-weight: 400;\"> del trattamento dei fanghi e, allo stesso tempo, migliora il tuo <\/span><b>bilancio ambientale<\/b><span style=\"font-weight: 400;\">. Contatta michel SLUDGE-DRYING-SYSTEMS oggi stesso per saperne di pi\u00f9 sulle soluzioni sostenibili per l&#8217;essiccazione dei fanghi. Affidati a una tecnologia avanzata e a pratiche sostenibili: scegli michel SLUDGE-DRYING-SYSTEMS per un sistema delicato ed ecologico. <\/span><\/p>\n<p>[\/vc_cta][\/vc_column_inner][\/vc_row_inner][vc_empty_space height=&#8221;50px&#8221;][\/vc_column][\/vc_row]<\/p>\n<\/div>","protected":false},"excerpt":{"rendered":"<p>[vc_row content_placement=&#8221;top&#8221;][vc_column][vc_column_text] Massimizza l&#8217;efficienza delle risorse con i sistemi di essiccazione dei fanghi michel [\/vc_column_text][vc_empty_space height=&#8221;50px&#8221;][\/vc_column][\/vc_row][vc_row][vc_column width=&#8221;1\/2&#8243;][vc_column_text]michel SLUDGE-DRYING-SYSTEMS offre soluzioni avanzate per l&#8217;essiccazione dei fanghiprogettate appositamente per ridurre i costi operativi e minimizzare l&#8217;impatto ambientale. I nostri sistemi personalizzati sono ideali per una vasta gamma di industrieper garantire uno smaltimento efficiente ed ecologico dei fanghi.&hellip;<\/p>\n","protected":false},"author":1,"featured_media":0,"parent":0,"menu_order":0,"comment_status":"closed","ping_status":"closed","template":"","meta":{"footnotes":""},"class_list":["post-1807","page","type-page","status-publish","hentry","description-off"],"yoast_head":"<!-- This site is optimized with the Yoast SEO plugin v27.3 - https:\/\/yoast.com\/product\/yoast-seo-wordpress\/ -->\n<title>Servizi | Michel Essiccazione dei fanghi<\/title>\n<meta name=\"description\" content=\"michel SLUDGE-DRYING-SYSTEMS offre soluzioni avanzate per l&#039;essiccazione dei fanghi.\" \/>\n<meta name=\"robots\" content=\"index, follow, max-snippet:-1, max-image-preview:large, max-video-preview:-1\" \/>\n<link rel=\"canonical\" href=\"https:\/\/schlammtrocknung.com\/it\/servizi\/\" \/>\n<meta property=\"og:locale\" content=\"it_IT\" \/>\n<meta property=\"og:type\" content=\"article\" \/>\n<meta property=\"og:title\" content=\"Servizi | Michel Essiccazione dei fanghi\" \/>\n<meta property=\"og:description\" content=\"michel SLUDGE-DRYING-SYSTEMS offre soluzioni avanzate per l&#039;essiccazione dei fanghi.\" \/>\n<meta property=\"og:url\" content=\"https:\/\/schlammtrocknung.com\/it\/servizi\/\" \/>\n<meta property=\"og:site_name\" content=\"Schlammtrocknung \u2013 michel SLUDGE DRYING SYSTEM\" \/>\n<meta property=\"article:modified_time\" content=\"2025-04-09T12:10:35+00:00\" \/>\n<meta name=\"twitter:card\" content=\"summary_large_image\" \/>\n<meta name=\"twitter:label1\" content=\"Tempo di lettura stimato\" \/>\n\t<meta name=\"twitter:data1\" content=\"5 minuti\" \/>\n<script type=\"application\/ld+json\" class=\"yoast-schema-graph\">{\"@context\":\"https:\\\/\\\/schema.org\",\"@graph\":[{\"@type\":\"WebPage\",\"@id\":\"https:\\\/\\\/schlammtrocknung.com\\\/it\\\/servizi\\\/\",\"url\":\"https:\\\/\\\/schlammtrocknung.com\\\/it\\\/servizi\\\/\",\"name\":\"Servizi | Michel Essiccazione dei fanghi\",\"isPartOf\":{\"@id\":\"https:\\\/\\\/schlammtrocknung.com\\\/#website\"},\"datePublished\":\"2024-09-04T08:22:38+00:00\",\"dateModified\":\"2025-04-09T12:10:35+00:00\",\"description\":\"michel SLUDGE-DRYING-SYSTEMS offre soluzioni avanzate per l'essiccazione dei fanghi.\",\"breadcrumb\":{\"@id\":\"https:\\\/\\\/schlammtrocknung.com\\\/it\\\/servizi\\\/#breadcrumb\"},\"inLanguage\":\"it-IT\",\"potentialAction\":[{\"@type\":\"ReadAction\",\"target\":[\"https:\\\/\\\/schlammtrocknung.com\\\/it\\\/servizi\\\/\"]}]},{\"@type\":\"BreadcrumbList\",\"@id\":\"https:\\\/\\\/schlammtrocknung.com\\\/it\\\/servizi\\\/#breadcrumb\",\"itemListElement\":[{\"@type\":\"ListItem\",\"position\":1,\"name\":\"Startseite\",\"item\":\"https:\\\/\\\/schlammtrocknung.com\\\/it\\\/pagina-iniziale-2\\\/\"},{\"@type\":\"ListItem\",\"position\":2,\"name\":\"Servizi\"}]},{\"@type\":\"WebSite\",\"@id\":\"https:\\\/\\\/schlammtrocknung.com\\\/#website\",\"url\":\"https:\\\/\\\/schlammtrocknung.com\\\/\",\"name\":\"Schlammtrocknung | SDS - Schlammtrocknung\",\"description\":\"Schlamm- L\u00f6sungen f\u00fcr Kl\u00e4rwerke, Industrie und Umwelt\",\"publisher\":{\"@id\":\"https:\\\/\\\/schlammtrocknung.com\\\/#organization\"},\"potentialAction\":[{\"@type\":\"SearchAction\",\"target\":{\"@type\":\"EntryPoint\",\"urlTemplate\":\"https:\\\/\\\/schlammtrocknung.com\\\/?s={search_term_string}\"},\"query-input\":{\"@type\":\"PropertyValueSpecification\",\"valueRequired\":true,\"valueName\":\"search_term_string\"}}],\"inLanguage\":\"it-IT\"},{\"@type\":\"Organization\",\"@id\":\"https:\\\/\\\/schlammtrocknung.com\\\/#organization\",\"name\":\"Schlammtrocknung | SDS - Schlammtrocknung\",\"url\":\"https:\\\/\\\/schlammtrocknung.com\\\/\",\"logo\":{\"@type\":\"ImageObject\",\"inLanguage\":\"it-IT\",\"@id\":\"https:\\\/\\\/schlammtrocknung.com\\\/#\\\/schema\\\/logo\\\/image\\\/\",\"url\":\"https:\\\/\\\/schlammtrocknung.com\\\/wp-content\\\/uploads\\\/2023\\\/02\\\/logo_sds-1.png\",\"contentUrl\":\"https:\\\/\\\/schlammtrocknung.com\\\/wp-content\\\/uploads\\\/2023\\\/02\\\/logo_sds-1.png\",\"width\":697,\"height\":187,\"caption\":\"Schlammtrocknung | SDS - Schlammtrocknung\"},\"image\":{\"@id\":\"https:\\\/\\\/schlammtrocknung.com\\\/#\\\/schema\\\/logo\\\/image\\\/\"}}]}<\/script>\n<!-- \/ Yoast SEO plugin. -->","yoast_head_json":{"title":"Servizi | Michel Essiccazione dei fanghi","description":"michel SLUDGE-DRYING-SYSTEMS offre soluzioni avanzate per l'essiccazione dei fanghi.","robots":{"index":"index","follow":"follow","max-snippet":"max-snippet:-1","max-image-preview":"max-image-preview:large","max-video-preview":"max-video-preview:-1"},"canonical":"https:\/\/schlammtrocknung.com\/it\/servizi\/","og_locale":"it_IT","og_type":"article","og_title":"Servizi | Michel Essiccazione dei fanghi","og_description":"michel SLUDGE-DRYING-SYSTEMS offre soluzioni avanzate per l'essiccazione dei fanghi.","og_url":"https:\/\/schlammtrocknung.com\/it\/servizi\/","og_site_name":"Schlammtrocknung \u2013 michel SLUDGE DRYING SYSTEM","article_modified_time":"2025-04-09T12:10:35+00:00","twitter_card":"summary_large_image","twitter_misc":{"Tempo di lettura stimato":"5 minuti"},"schema":{"@context":"https:\/\/schema.org","@graph":[{"@type":"WebPage","@id":"https:\/\/schlammtrocknung.com\/it\/servizi\/","url":"https:\/\/schlammtrocknung.com\/it\/servizi\/","name":"Servizi | Michel Essiccazione dei fanghi","isPartOf":{"@id":"https:\/\/schlammtrocknung.com\/#website"},"datePublished":"2024-09-04T08:22:38+00:00","dateModified":"2025-04-09T12:10:35+00:00","description":"michel SLUDGE-DRYING-SYSTEMS offre soluzioni avanzate per l'essiccazione dei fanghi.","breadcrumb":{"@id":"https:\/\/schlammtrocknung.com\/it\/servizi\/#breadcrumb"},"inLanguage":"it-IT","potentialAction":[{"@type":"ReadAction","target":["https:\/\/schlammtrocknung.com\/it\/servizi\/"]}]},{"@type":"BreadcrumbList","@id":"https:\/\/schlammtrocknung.com\/it\/servizi\/#breadcrumb","itemListElement":[{"@type":"ListItem","position":1,"name":"Startseite","item":"https:\/\/schlammtrocknung.com\/it\/pagina-iniziale-2\/"},{"@type":"ListItem","position":2,"name":"Servizi"}]},{"@type":"WebSite","@id":"https:\/\/schlammtrocknung.com\/#website","url":"https:\/\/schlammtrocknung.com\/","name":"Schlammtrocknung | SDS - Schlammtrocknung","description":"Schlamm- L\u00f6sungen f\u00fcr Kl\u00e4rwerke, Industrie und Umwelt","publisher":{"@id":"https:\/\/schlammtrocknung.com\/#organization"},"potentialAction":[{"@type":"SearchAction","target":{"@type":"EntryPoint","urlTemplate":"https:\/\/schlammtrocknung.com\/?s={search_term_string}"},"query-input":{"@type":"PropertyValueSpecification","valueRequired":true,"valueName":"search_term_string"}}],"inLanguage":"it-IT"},{"@type":"Organization","@id":"https:\/\/schlammtrocknung.com\/#organization","name":"Schlammtrocknung | SDS - Schlammtrocknung","url":"https:\/\/schlammtrocknung.com\/","logo":{"@type":"ImageObject","inLanguage":"it-IT","@id":"https:\/\/schlammtrocknung.com\/#\/schema\/logo\/image\/","url":"https:\/\/schlammtrocknung.com\/wp-content\/uploads\/2023\/02\/logo_sds-1.png","contentUrl":"https:\/\/schlammtrocknung.com\/wp-content\/uploads\/2023\/02\/logo_sds-1.png","width":697,"height":187,"caption":"Schlammtrocknung | SDS - Schlammtrocknung"},"image":{"@id":"https:\/\/schlammtrocknung.com\/#\/schema\/logo\/image\/"}}]}},"_links":{"self":[{"href":"https:\/\/schlammtrocknung.com\/it\/wp-json\/wp\/v2\/pages\/1807","targetHints":{"allow":["GET"]}}],"collection":[{"href":"https:\/\/schlammtrocknung.com\/it\/wp-json\/wp\/v2\/pages"}],"about":[{"href":"https:\/\/schlammtrocknung.com\/it\/wp-json\/wp\/v2\/types\/page"}],"author":[{"embeddable":true,"href":"https:\/\/schlammtrocknung.com\/it\/wp-json\/wp\/v2\/users\/1"}],"replies":[{"embeddable":true,"href":"https:\/\/schlammtrocknung.com\/it\/wp-json\/wp\/v2\/comments?post=1807"}],"version-history":[{"count":2,"href":"https:\/\/schlammtrocknung.com\/it\/wp-json\/wp\/v2\/pages\/1807\/revisions"}],"predecessor-version":[{"id":1809,"href":"https:\/\/schlammtrocknung.com\/it\/wp-json\/wp\/v2\/pages\/1807\/revisions\/1809"}],"wp:attachment":[{"href":"https:\/\/schlammtrocknung.com\/it\/wp-json\/wp\/v2\/media?parent=1807"}],"curies":[{"name":"wp","href":"https:\/\/api.w.org\/{rel}","templated":true}]}}