{"id":1820,"date":"2023-02-02T18:31:25","date_gmt":"2023-02-02T17:31:25","guid":{"rendered":"https:\/\/schlammtrocknung.com\/squadra\/"},"modified":"2025-04-09T14:10:45","modified_gmt":"2025-04-09T12:10:45","slug":"squadra","status":"publish","type":"page","link":"https:\/\/schlammtrocknung.com\/it\/squadra\/","title":{"rendered":"Squadra"},"content":{"rendered":"<div class=\"wpb-content-wrapper\"><p>[vc_row full_width=&#8221;stretch_row&#8221; css=&#8221;.vc_custom_1675707362788{margin-right: 100px !important;margin-left: 100px !important;}&#8221;][vc_column offset=&#8221;vc_hidden-sm vc_hidden-xs&#8221;][vc_custom_heading text=&#8221;Il forte team&#8230;&#8221; font_container=&#8221;tag:h2|text_align:left|color:%23728d2a&#8221; use_theme_fonts=&#8221;yes&#8221;][vc_column_text]&#8230; \u00e8 composta da michel gmbh e Sludge Drying Systems. Insieme uniscono anni di esperienza e competenza nei rispettivi settori per fornire un servizio eccellente ai loro clienti. michel gmbh apporta competenze in materia di vendite e marketing, mentre Sludge Drying Systems \u00e8 specializzata in alternative moderne, economiche ed ecologiche per lo smaltimento dei fanghi. Lavorando insieme, il team offre ai propri clienti soluzioni personalizzate che si adattano perfettamente alle loro esigenze. Il forte team \u00e8 caratterizzato da un alto livello di professionalit\u00e0, innovazione e attenzione al cliente. I clienti possono contare su un&#8217;assistenza eccellente e sulla realizzazione dei loro progetti.     <\/p>\n<p>Noi &#8211; michel SLUDGE DRYING SYSTEMS &#8211; siamo due partner forti per soluzioni innovative e sostenibili nell&#8217;essiccazione e nell&#8217;utilizzo dei fanghi. Mentre SDS progetta e sviluppa, MICHEL GMBH \u00e8 il distributore esclusivo di sistemi efficienti. <\/p>\n<p>La rivoluzione nel campo dell&#8217;essiccamento dei fanghi \u00e8 alimentata dall&#8217;intelligente<span class=\"Apple-converted-space\"> <\/span>Sistema di essiccazione dei fanghi SDS.[\/vc_column_text][\/vc_column][\/vc_row][vc_row full_width=&#8221;stretch_row&#8221;][vc_column offset=&#8221;vc_hidden-lg vc_hidden-md&#8221;][vc_custom_heading text=&#8221;Il forte team&#8230;&#8221; font_container=&#8221;tag:h2|text_align:left|color:%23728d2a&#8221; use_theme_fonts=&#8221;yes&#8221;][vc_column_text]&#8230; \u00e8 composta da michel gmbh e Sludge Drying Systems. Insieme uniscono anni di esperienza e competenza nei rispettivi settori per fornire un servizio eccellente ai loro clienti. michel gmbh apporta competenze in materia di vendite e marketing, mentre Sludge Drying Systems \u00e8 specializzata in alternative moderne, economiche ed ecologiche per lo smaltimento dei fanghi. Lavorando insieme, il team offre ai propri clienti soluzioni personalizzate che si adattano perfettamente alle loro esigenze. Il forte team \u00e8 caratterizzato da un alto livello di professionalit\u00e0, innovazione e attenzione al cliente. I clienti possono contare su un&#8217;assistenza eccellente e sulla realizzazione dei loro progetti.     <\/p>\n<p>Noi &#8211; michel SLUDGE DRYING SYSTEMS &#8211; siamo due partner forti per soluzioni innovative e sostenibili nell&#8217;essiccazione e nell&#8217;utilizzo dei fanghi. Mentre SDS progetta e sviluppa, MICHEL GMBH \u00e8 il distributore esclusivo di sistemi efficienti. <\/p>\n<p>La rivoluzione nell&#8217;essiccazione dei fanghi \u00e8 guidata dal sistema intelligente di essiccazione dei fanghi SDS.[\/vc_column_text][\/vc_column][\/vc_row][vc_row][vc_column][vc_separator color=&#8221;custom&#8221; border_width=&#8221;2&#8243; accent_color=&#8221;#728d2a&#8221; css=&#8221;.vc_custom_1675707504734{margin-top: 50px !important;margin-bottom: 70px !important;}&#8221;][\/vc_column][\/vc_row][vc_row full_width=&#8221;stretch_row&#8221; equal_height=&#8221;yes&#8221;][vc_column width=&#8221;1\/2&#8243;][vc_single_image image=&#8221;128&#8243; img_size=&#8221;medium&#8221;][\/vc_column][vc_column width=&#8221;1\/2&#8243;][vc_single_image image=&#8221;191&#8243; img_size=&#8221;medium&#8221; alignment=&#8221;right&#8221;][\/vc_column][\/vc_row][vc_row][vc_column width=&#8221;1\/2&#8243;][vc_column_text]michel gmbh \u00e8 un&#8217;azienda a conduzione familiare che da oltre 26 anni offre alle aziende un pacchetto di vendita completo e senza preoccupazioni. Supportiamo le aziende e i fornitori di servizi nella creazione e nell&#8217;espansione delle vendite, con concetti di vendita gi\u00e0 pronti, formazione e persino vendite complete &#8211; in stretta collaborazione con i nostri partner. <\/p>\n<p>Uniamo le nostre conoscenze specifiche in materia di vendite e marketing con l&#8217;obiettivo di aumentare il fatturato delle nostre aziende partner in modo scalabile &#8211; in modo diverso e quindi molto efficace. Troveremo la soluzione perfetta per te e per i tuoi partner commerciali su tutti gli argomenti di vendita.[\/vc_column_text][\/vc_column][vc_column width=&#8221;1\/2&#8243;][vc_column_text]SDS \u00e8 un team innovativo guidato dall&#8217;ingegnere meccanico Felix Hellmuth, il cui obiettivo \u00e8 sviluppare un&#8217;alternativa moderna, economica ed ecologica allo smaltimento dei fanghi. SDS offre soluzioni complete, dalla progettazione e produzione dello SludgeDryingSystem alla consulenza sulle procedure di approvazione. Grazie a un partner finanziario, SDS offre soluzioni flessibili e personalizzate per ogni cliente.[\/vc_column_text][\/vc_column][\/vc_row]<\/p>\n<\/div>","protected":false},"excerpt":{"rendered":"<p>[vc_row full_width=&#8221;stretch_row&#8221; css=&#8221;.vc_custom_1675707362788{margin-right: 100px !important;margin-left: 100px !important;}&#8221;][vc_column offset=&#8221;vc_hidden-sm vc_hidden-xs&#8221;][vc_custom_heading text=&#8221;Il forte team&#8230;&#8221; font_container=&#8221;tag:h2|text_align:left|color:%23728d2a&#8221; use_theme_fonts=&#8221;yes&#8221;][vc_column_text]&#8230; \u00e8 composta da michel gmbh e Sludge Drying Systems. Insieme uniscono anni di esperienza e competenza nei rispettivi settori per fornire un servizio eccellente ai loro clienti. michel gmbh apporta competenze in materia di vendite e marketing, mentre Sludge Drying Systems&hellip;<\/p>\n","protected":false},"author":1,"featured_media":0,"parent":0,"menu_order":0,"comment_status":"closed","ping_status":"closed","template":"","meta":{"footnotes":""},"class_list":["post-1820","page","type-page","status-publish","hentry","description-off"],"yoast_head":"<!-- This site is optimized with the Yoast SEO plugin v27.3 - https:\/\/yoast.com\/product\/yoast-seo-wordpress\/ -->\n<title>Squadra - Schlammtrocknung \u2013 michel SLUDGE DRYING SYSTEM<\/title>\n<meta name=\"robots\" content=\"index, follow, max-snippet:-1, max-image-preview:large, max-video-preview:-1\" \/>\n<link rel=\"canonical\" href=\"https:\/\/schlammtrocknung.com\/it\/squadra\/\" \/>\n<meta property=\"og:locale\" content=\"it_IT\" \/>\n<meta property=\"og:type\" content=\"article\" \/>\n<meta property=\"og:title\" content=\"Squadra - Schlammtrocknung \u2013 michel SLUDGE DRYING SYSTEM\" \/>\n<meta property=\"og:description\" content=\"[vc_row full_width=&#8221;stretch_row&#8221; css=&#8221;.vc_custom_1675707362788{margin-right: 100px !important;margin-left: 100px !important;}&#8221;][vc_column offset=&#8221;vc_hidden-sm vc_hidden-xs&#8221;][vc_custom_heading text=&#8221;Il forte team&#8230;&#8221; font_container=&#8221;tag:h2|text_align:left|color:%23728d2a&#8221; use_theme_fonts=&#8221;yes&#8221;][vc_column_text]&#8230; \u00e8 composta da michel gmbh e Sludge Drying Systems. Insieme uniscono anni di esperienza e competenza nei rispettivi settori per fornire un servizio eccellente ai loro clienti. michel gmbh apporta competenze in materia di vendite e marketing, mentre Sludge Drying Systems&hellip;\" \/>\n<meta property=\"og:url\" content=\"https:\/\/schlammtrocknung.com\/it\/squadra\/\" \/>\n<meta property=\"og:site_name\" content=\"Schlammtrocknung \u2013 michel SLUDGE DRYING SYSTEM\" \/>\n<meta property=\"article:modified_time\" content=\"2025-04-09T12:10:45+00:00\" \/>\n<meta name=\"twitter:card\" content=\"summary_large_image\" \/>\n<meta name=\"twitter:label1\" content=\"Tempo di lettura stimato\" \/>\n\t<meta name=\"twitter:data1\" content=\"3 minuti\" \/>\n<script type=\"application\/ld+json\" class=\"yoast-schema-graph\">{\"@context\":\"https:\\\/\\\/schema.org\",\"@graph\":[{\"@type\":\"WebPage\",\"@id\":\"https:\\\/\\\/schlammtrocknung.com\\\/it\\\/squadra\\\/\",\"url\":\"https:\\\/\\\/schlammtrocknung.com\\\/it\\\/squadra\\\/\",\"name\":\"Squadra - Schlammtrocknung \u2013 michel SLUDGE DRYING SYSTEM\",\"isPartOf\":{\"@id\":\"https:\\\/\\\/schlammtrocknung.com\\\/#website\"},\"datePublished\":\"2023-02-02T17:31:25+00:00\",\"dateModified\":\"2025-04-09T12:10:45+00:00\",\"breadcrumb\":{\"@id\":\"https:\\\/\\\/schlammtrocknung.com\\\/it\\\/squadra\\\/#breadcrumb\"},\"inLanguage\":\"it-IT\",\"potentialAction\":[{\"@type\":\"ReadAction\",\"target\":[\"https:\\\/\\\/schlammtrocknung.com\\\/it\\\/squadra\\\/\"]}]},{\"@type\":\"BreadcrumbList\",\"@id\":\"https:\\\/\\\/schlammtrocknung.com\\\/it\\\/squadra\\\/#breadcrumb\",\"itemListElement\":[{\"@type\":\"ListItem\",\"position\":1,\"name\":\"Startseite\",\"item\":\"https:\\\/\\\/schlammtrocknung.com\\\/it\\\/pagina-iniziale-2\\\/\"},{\"@type\":\"ListItem\",\"position\":2,\"name\":\"Squadra\"}]},{\"@type\":\"WebSite\",\"@id\":\"https:\\\/\\\/schlammtrocknung.com\\\/#website\",\"url\":\"https:\\\/\\\/schlammtrocknung.com\\\/\",\"name\":\"Schlammtrocknung | SDS - Schlammtrocknung\",\"description\":\"Schlamm- L\u00f6sungen f\u00fcr Kl\u00e4rwerke, Industrie und Umwelt\",\"publisher\":{\"@id\":\"https:\\\/\\\/schlammtrocknung.com\\\/#organization\"},\"potentialAction\":[{\"@type\":\"SearchAction\",\"target\":{\"@type\":\"EntryPoint\",\"urlTemplate\":\"https:\\\/\\\/schlammtrocknung.com\\\/?s={search_term_string}\"},\"query-input\":{\"@type\":\"PropertyValueSpecification\",\"valueRequired\":true,\"valueName\":\"search_term_string\"}}],\"inLanguage\":\"it-IT\"},{\"@type\":\"Organization\",\"@id\":\"https:\\\/\\\/schlammtrocknung.com\\\/#organization\",\"name\":\"Schlammtrocknung | SDS - Schlammtrocknung\",\"url\":\"https:\\\/\\\/schlammtrocknung.com\\\/\",\"logo\":{\"@type\":\"ImageObject\",\"inLanguage\":\"it-IT\",\"@id\":\"https:\\\/\\\/schlammtrocknung.com\\\/#\\\/schema\\\/logo\\\/image\\\/\",\"url\":\"https:\\\/\\\/schlammtrocknung.com\\\/wp-content\\\/uploads\\\/2023\\\/02\\\/logo_sds-1.png\",\"contentUrl\":\"https:\\\/\\\/schlammtrocknung.com\\\/wp-content\\\/uploads\\\/2023\\\/02\\\/logo_sds-1.png\",\"width\":697,\"height\":187,\"caption\":\"Schlammtrocknung | SDS - Schlammtrocknung\"},\"image\":{\"@id\":\"https:\\\/\\\/schlammtrocknung.com\\\/#\\\/schema\\\/logo\\\/image\\\/\"}}]}<\/script>\n<!-- \/ Yoast SEO plugin. -->","yoast_head_json":{"title":"Squadra - Schlammtrocknung \u2013 michel SLUDGE DRYING SYSTEM","robots":{"index":"index","follow":"follow","max-snippet":"max-snippet:-1","max-image-preview":"max-image-preview:large","max-video-preview":"max-video-preview:-1"},"canonical":"https:\/\/schlammtrocknung.com\/it\/squadra\/","og_locale":"it_IT","og_type":"article","og_title":"Squadra - Schlammtrocknung \u2013 michel SLUDGE DRYING SYSTEM","og_description":"[vc_row full_width=&#8221;stretch_row&#8221; css=&#8221;.vc_custom_1675707362788{margin-right: 100px !important;margin-left: 100px !important;}&#8221;][vc_column offset=&#8221;vc_hidden-sm vc_hidden-xs&#8221;][vc_custom_heading text=&#8221;Il forte team&#8230;&#8221; font_container=&#8221;tag:h2|text_align:left|color:%23728d2a&#8221; use_theme_fonts=&#8221;yes&#8221;][vc_column_text]&#8230; \u00e8 composta da michel gmbh e Sludge Drying Systems. Insieme uniscono anni di esperienza e competenza nei rispettivi settori per fornire un servizio eccellente ai loro clienti. michel gmbh apporta competenze in materia di vendite e marketing, mentre Sludge Drying Systems&hellip;","og_url":"https:\/\/schlammtrocknung.com\/it\/squadra\/","og_site_name":"Schlammtrocknung \u2013 michel SLUDGE DRYING SYSTEM","article_modified_time":"2025-04-09T12:10:45+00:00","twitter_card":"summary_large_image","twitter_misc":{"Tempo di lettura stimato":"3 minuti"},"schema":{"@context":"https:\/\/schema.org","@graph":[{"@type":"WebPage","@id":"https:\/\/schlammtrocknung.com\/it\/squadra\/","url":"https:\/\/schlammtrocknung.com\/it\/squadra\/","name":"Squadra - Schlammtrocknung \u2013 michel SLUDGE DRYING SYSTEM","isPartOf":{"@id":"https:\/\/schlammtrocknung.com\/#website"},"datePublished":"2023-02-02T17:31:25+00:00","dateModified":"2025-04-09T12:10:45+00:00","breadcrumb":{"@id":"https:\/\/schlammtrocknung.com\/it\/squadra\/#breadcrumb"},"inLanguage":"it-IT","potentialAction":[{"@type":"ReadAction","target":["https:\/\/schlammtrocknung.com\/it\/squadra\/"]}]},{"@type":"BreadcrumbList","@id":"https:\/\/schlammtrocknung.com\/it\/squadra\/#breadcrumb","itemListElement":[{"@type":"ListItem","position":1,"name":"Startseite","item":"https:\/\/schlammtrocknung.com\/it\/pagina-iniziale-2\/"},{"@type":"ListItem","position":2,"name":"Squadra"}]},{"@type":"WebSite","@id":"https:\/\/schlammtrocknung.com\/#website","url":"https:\/\/schlammtrocknung.com\/","name":"Schlammtrocknung | SDS - Schlammtrocknung","description":"Schlamm- L\u00f6sungen f\u00fcr Kl\u00e4rwerke, Industrie und Umwelt","publisher":{"@id":"https:\/\/schlammtrocknung.com\/#organization"},"potentialAction":[{"@type":"SearchAction","target":{"@type":"EntryPoint","urlTemplate":"https:\/\/schlammtrocknung.com\/?s={search_term_string}"},"query-input":{"@type":"PropertyValueSpecification","valueRequired":true,"valueName":"search_term_string"}}],"inLanguage":"it-IT"},{"@type":"Organization","@id":"https:\/\/schlammtrocknung.com\/#organization","name":"Schlammtrocknung | SDS - Schlammtrocknung","url":"https:\/\/schlammtrocknung.com\/","logo":{"@type":"ImageObject","inLanguage":"it-IT","@id":"https:\/\/schlammtrocknung.com\/#\/schema\/logo\/image\/","url":"https:\/\/schlammtrocknung.com\/wp-content\/uploads\/2023\/02\/logo_sds-1.png","contentUrl":"https:\/\/schlammtrocknung.com\/wp-content\/uploads\/2023\/02\/logo_sds-1.png","width":697,"height":187,"caption":"Schlammtrocknung | SDS - Schlammtrocknung"},"image":{"@id":"https:\/\/schlammtrocknung.com\/#\/schema\/logo\/image\/"}}]}},"_links":{"self":[{"href":"https:\/\/schlammtrocknung.com\/it\/wp-json\/wp\/v2\/pages\/1820","targetHints":{"allow":["GET"]}}],"collection":[{"href":"https:\/\/schlammtrocknung.com\/it\/wp-json\/wp\/v2\/pages"}],"about":[{"href":"https:\/\/schlammtrocknung.com\/it\/wp-json\/wp\/v2\/types\/page"}],"author":[{"embeddable":true,"href":"https:\/\/schlammtrocknung.com\/it\/wp-json\/wp\/v2\/users\/1"}],"replies":[{"embeddable":true,"href":"https:\/\/schlammtrocknung.com\/it\/wp-json\/wp\/v2\/comments?post=1820"}],"version-history":[{"count":2,"href":"https:\/\/schlammtrocknung.com\/it\/wp-json\/wp\/v2\/pages\/1820\/revisions"}],"predecessor-version":[{"id":1827,"href":"https:\/\/schlammtrocknung.com\/it\/wp-json\/wp\/v2\/pages\/1820\/revisions\/1827"}],"wp:attachment":[{"href":"https:\/\/schlammtrocknung.com\/it\/wp-json\/wp\/v2\/media?parent=1820"}],"curies":[{"name":"wp","href":"https:\/\/api.w.org\/{rel}","templated":true}]}}