{"id":2246,"date":"2025-02-24T17:25:02","date_gmt":"2025-02-24T16:25:02","guid":{"rendered":"https:\/\/schlammtrocknung.com\/impianto-di-essiccazione-per-fanghi\/"},"modified":"2025-05-09T10:43:02","modified_gmt":"2025-05-09T08:43:02","slug":"impianto-di-essiccazione-per-fanghi","status":"publish","type":"page","link":"https:\/\/schlammtrocknung.com\/it\/impianto-di-essiccazione-per-fanghi\/","title":{"rendered":"Impianto di essiccazione per fanghi"},"content":{"rendered":"<div class=\"wpb-content-wrapper\"><p>[vc_row content_placement=&#8221;top&#8221;][vc_column][vc_column_text]<\/p>\n<h1 style=\"text-align: center;\"><span style=\"color: #728d2a;\">Tecnologia efficiente: impianto di essiccazione dei fanghi<br \/><\/span><\/h1>\n<p>[\/vc_column_text][vc_column_text]<\/p>\n<p style=\"text-align: center;\"><span style=\"font-weight: 400;\">I <\/span><b>sistemi di essiccazione da michel SLUDGE-DRYING-SYSTEMS<\/b><span style=\"font-weight: 400;\">  rappresentano un passo avanti decisivo nell&#8217;utilizzo ecologico dei rifiuti. Grazie all&#8217;uso di moderni   <\/span><b>Essiccatori a bassa temperatura<\/b><span style=\"font-weight: 400;\"> i nostri sistemi consentono un&#8217;essiccazione dei fanghi efficace ed efficiente dal punto di vista energetico <\/span><b>essiccazione dei fanghi<\/b><span style=\"font-weight: 400;\">che ridefinisce gli standard industriali.<\/span><\/p>\n<p style=\"text-align: center;\"><span style=\"font-weight: 400;\">Non importa se <\/span><a href=\"https:\/\/schlammtrocknung.com\/leistungen\/klaerschlammtrocknung\/\"><span style=\"font-weight: 400;\">fanghi di depurazione<\/span><\/a><span style=\"font-weight: 400;\">, <\/span><a href=\"https:\/\/schlammtrocknung.com\/leistungen\/bioschlammtrocknung\/\"><span style=\"font-weight: 400;\">fanghi biologici<\/span><\/a><span style=\"font-weight: 400;\"> o fanghi industriali, i nostri<\/span><b> impianti di essiccazione industriale<\/b><span style=\"font-weight: 400;\"> garantiscono un&#8217;essiccazione professionale dei fanghi <\/span><b>essiccazione dei fanghi direttamente in loco<\/b><span style=\"font-weight: 400;\">. Scopri la gamma di sistemi di essiccazione michel SLUDGE-DRYING-SYSTEMS per acquistare, noleggiare o finanziare sistemi di essiccazione efficienti.<\/span><\/p>\n<p>[\/vc_column_text][vc_btn title=&#8221;Scopri subito i sistemi di asciugatura!&#8221; style=&#8221;custom&#8221; custom_background=&#8221;#728d2a&#8221; custom_text=&#8221;#ffffff&#8221; align=&#8221;center&#8221; link=&#8221;url:https%3A%2F%2Fschlammtrocknung.com%2Fprodukte%2F|&#8221;][vc_empty_space height=&#8221;50px&#8221;][\/vc_column][\/vc_row][vc_row][vc_column width=&#8221;2\/3&#8243;][vc_column_text]<\/p>\n<h3><span style=\"color: #728d2a;\">Scopri i vantaggi dei nostri sistemi di essiccazione in un colpo d&#8217;occhio:<br \/><\/span><\/h3>\n<p>[\/vc_column_text][vc_column_text]<\/p>\n<ul>\n<li style=\"font-weight: 400;\" aria-level=\"1\"><span style=\"font-weight: 400;\">Essiccazione dei fanghi delicata ed efficiente dal punto di vista energetico grazie all&#8217;essiccazione a bassa temperatura<\/span><\/li>\n<li style=\"font-weight: 400;\" aria-level=\"1\"><span style=\"font-weight: 400;\">Essiccazione semplice e conveniente direttamente sul luogo di formazione del fango<\/span><\/li>\n<li style=\"font-weight: 400;\" aria-level=\"1\"><span style=\"font-weight: 400;\">Sistemi modulari di varie dimensioni<\/span><\/li>\n<li style=\"font-weight: 400;\" aria-level=\"1\"><span style=\"font-weight: 400;\">Un&#8217;ampia gamma di opzioni di utilizzo, dallo <\/span><a href=\"https:\/\/schlammtrocknung.com\/schlammentsorgung\/\"><span style=\"font-weight: 400;\">smaltimento dei fanghi<\/span><\/a><span style=\"font-weight: 400;\"> al <\/span><a href=\"https:\/\/schlammtrocknung.com\/news\/phosphor-recycling\/\"><span style=\"font-weight: 400;\">recupero del fosforo<\/span><\/a><\/li>\n<li style=\"font-weight: 400;\" aria-level=\"1\"><span style=\"font-weight: 400;\">Installazione semplice senza infrastrutture speciali o lavori di conversione<\/span><\/li>\n<\/ul>\n<p>[\/vc_column_text][vc_empty_space height=&#8221;70px&#8221;][\/vc_column][vc_column width=&#8221;1\/3&#8243;][vc_single_image image=&#8221;367&#8243; img_size=&#8221;400&#215;300&#8243;][\/vc_column][\/vc_row][vc_row][vc_column width=&#8221;1\/2&#8243;][vc_single_image image=&#8221;368&#8243; img_size=&#8221;600&#215;600&#8243;][vc_empty_space height=&#8221;70px&#8221;][\/vc_column][vc_column width=&#8221;1\/2&#8243;][vc_column_text]<\/p>\n<h2><span style=\"color: #728d2a;\">Massimi risultati con la minima generazione di calore<br \/><\/span><\/h2>\n<p><span style=\"font-weight: 400;\">Il <\/span><a href=\"https:\/\/schlammtrocknung.com\/niedertemperaturtrockner\/\"><span style=\"font-weight: 400;\">essiccatori a bassa temperatura<\/span><\/a><span style=\"font-weight: 400;\"> della michel SLUDGE-DRYING-SYSTEMS operano a <\/span><b>temperature pi\u00f9 basse<\/b><span style=\"font-weight: 400;\">per asciugare i fanghi senza alterazioni chimiche o emissioni di sostanze nocive. L&#8217;applicazione controllata del calore vaporizza l&#8217;umidit\u00e0 in modo efficiente, riducendo il fabbisogno energetico e proteggendo il materiale.   <\/span><\/p>\n<p><span style=\"font-weight: 400;\">Questo metodo riduce al minimo il carico termico sul materiale essiccato, il che non solo protegge l&#8217;ambiente, ma migliora anche la qualit\u00e0 del prodotto. <\/span><b>qualit\u00e0<\/b><span style=\"font-weight: 400;\"> qualit\u00e0 del prodotto finale.<\/span><\/p>\n<p><b>Trattamento delicato e notevole risparmio energetico<\/b><\/p>\n<p><span style=\"font-weight: 400;\">Grazie all&#8217;utilizzo di <\/span><b>essiccatori a bassa temperatura<\/b><span style=\"font-weight: 400;\">  nei nostri sistemi di essiccazione, possiamo ridurre significativamente il consumo energetico. Questa efficienza energetica non solo porta a una riduzione dei costi operativi, ma anche a una notevole riduzione delle emissioni di CO\u2082. Inoltre, i nostri sistemi evitano anche problemi di acque reflue e altre emissioni grazie alla loro tecnologia innovativa.  <\/span>[\/vc_column_text][\/vc_column][\/vc_row][vc_row][vc_column width=&#8221;1\/2&#8243;][vc_column_text]<\/p>\n<h2><span style=\"color: #728d2a;\">Sistemi di asciugatura personalizzabili per risultati ottimali<br \/><\/span><\/h2>\n<p><span style=\"font-weight: 400;\">I nostri <\/span><b>sistemi modulari di essiccazione dei fanghi <\/b><span style=\"font-weight: 400;\">sono disponibili in <\/span><b>diverse dimensioni <\/b> <span style=\"font-weight: 400;\">e sono personalizzati in base alle esigenze dei nostri clienti. Ogni sistema integra metodi di essiccazione delicati che riducono efficacemente il contenuto di acqua nei fanghi, minimizzando il consumo energetico.   <\/span><\/p>\n<p><span style=\"font-weight: 400;\">Ci\u00f2 consente un trattamento dei fanghi continuo ed efficiente dall&#8217;inizio alla fine, senza la necessit\u00e0 di diverse fasi di essiccazione o di macchine separate.<\/span><\/p>\n<p><span style=\"font-weight: 400;\">Le <\/span><b>versatili possibilit\u00e0 di applicazione<\/b><span style=\"font-weight: 400;\">  dei nostri sistemi di essiccazione li rendono una soluzione ideale per un&#8217;ampia gamma di applicazioni industriali. Che si tratti di centrali a biomassa per la produzione di energia, di fertilizzanti in agricoltura o di aggregati nell&#8217;industria edile, i sistemi di essiccazione della michel SLUDGE-DRYING-SYSTEMS sono adatti a tutti i tipi di fanghi e possono essere adattati in modo modulare a requisiti specifici. <\/span>[\/vc_column_text][\/vc_column][vc_column width=&#8221;1\/2&#8243;][vc_single_image image=&#8221;1194&#8243; img_size=&#8221;600&#215;600&#8243;][vc_empty_space height=&#8221;70px&#8221;][\/vc_column][\/vc_row][vc_row][vc_column width=&#8221;1\/2&#8243;][vc_single_image image=&#8221;375&#8243; img_size=&#8221;600&#215;600&#8243;][vc_empty_space height=&#8221;70px&#8221;][\/vc_column][vc_column width=&#8221;1\/2&#8243;][vc_column_text]<\/p>\n<h3><span style=\"color: #728d2a;\">Flessibilit\u00e0 ed efficienza in ogni luogo<br \/><\/span><\/h3>\n<p><span style=\"font-weight: 400;\">michel SLUDGE-DRYING-SYSTEMS offre sistemi di essiccazione decentralizzati per i fanghi che sono stati sviluppati appositamente per <\/span><b>direttamente sul luogo di formazione dei fanghi <\/b> <span style=\"font-weight: 400;\">da mettere in funzione. Questa indipendenza da importanti adeguamenti infrastrutturali rende i nostri sistemi una soluzione flessibile per un&#8217;ampia variet\u00e0 di luoghi.   <\/span><\/p>\n<p><span style=\"font-weight: 400;\">Senza bisogno di grandi lavori di costruzione o di coperture, i nostri sistemi possono essere integrati senza problemi nei processi operativi esistenti.<\/span><\/p>\n<p><span style=\"font-weight: 400;\">Gli impianti sono inoltre progettati per gestire un&#8217;ampia gamma di tipi di fanghi. <\/span><b>tipi di fanghi<\/b><span style=\"font-weight: 400;\"> efficacemente &#8211; dai fanghi di depurazione municipali ai fanghi industriali speciali come i <\/span><a href=\"https:\/\/schlammtrocknung.com\/leistungen\/metallschlammtrocknung\/\"><span style=\"font-weight: 400;\">metallo<\/span><\/a><span style=\"font-weight: 400;\"> o <\/span><a href=\"https:\/\/schlammtrocknung.com\/leistungen\/papierschlammtrocknung\/\"><span style=\"font-weight: 400;\">fanghi della carta<\/span><\/a><span style=\"font-weight: 400;\">.<\/span><\/p>\n<p><span style=\"font-weight: 400;\">Offriamo inoltre <\/span><b>opzioni di finanziamento flessibili<\/b><span style=\"font-weight: 400;\">  che consentono ai nostri clienti di introdurre una tecnologia di essiccazione avanzata senza compromettere la loro flessibilit\u00e0 finanziaria. Con queste soluzioni adattive, michel SLUDGE-DRYING-SYSTEMS si posiziona come partner per un&#8217;essiccazione dei fanghi ecologica ed economica. <\/span>[\/vc_column_text][\/vc_column][\/vc_row][vc_row][vc_column][vc_cta h2=&#8221;Sistemi di asciugatura professionali di michel SLUDGE-DRYING-SYSTEMS&#8221; txt_align=&#8221;center&#8221; add_button=&#8221;bottom&#8221; btn_title=&#8221;Contattaci!&#8221; btn_style=&#8221;gradient-custom&#8221; btn_gradient_custom_color_1=&#8221;#728d2a&#8221; btn_gradient_custom_color_2=&#8221;#728d2a&#8221; btn_align=&#8221;center&#8221; btn_link=&#8221;url:https%3A%2F%2Fschlammtrocknung.com%2Fit%2Fcontattaci%2F|title:Contattaci|&#8221;]<\/p>\n<p style=\"text-align: center;\"><span style=\"font-weight: 400;\">Investi nei sistemi di essiccazione avanzati <\/span><b>sistemi di essiccazione michel SLUDGE-DRYING-SYSTEMS<\/b><span style=\"font-weight: 400;\">  e sperimenta come la nostra tecnologia non solo renda i tuoi processi produttivi pi\u00f9 efficienti, ma anche pi\u00f9 rispettosi dell&#8217;ambiente. Contattaci oggi stesso per saperne di pi\u00f9 sui nostri sistemi di essiccazione e per organizzare una visita guidata. <\/span> <b> offerta personalizzata<\/b><span style=\"font-weight: 400;\"> da ricevere!<\/span><\/p>\n<p>[\/vc_cta][vc_empty_space height=&#8221;50px&#8221;][\/vc_column][\/vc_row][vc_row][vc_column][vc_column_text]<\/p>\n<h2 style=\"text-align: center;\"><span style=\"color: #728d2a;\">FAQ &#8211; Domande frequenti sui nostri sistemi di asciugatura<\/span><\/h2>\n<p>[\/vc_column_text][\/vc_column][\/vc_row][vc_row][vc_column][vc_toggle title=&#8221;In quali settori industriali possono essere utilizzati i sistemi di essiccazione della michel SLUDGE-DRYING-SYSTEMS?&#8221;]I nostri sistemi di essiccazione sono estremamente versatili. Dall&#8217;essiccazione dei fanghi di depurazione e dei biosanghi al trattamento dei prodotti di scarto industriali come la carta e i fanghi metallici, offrono un&#8217;ampia gamma di applicazioni in diversi settori. I nostri clienti includono impianti di depurazione, autorit\u00e0 locali e aziende industriali.[\/vc_toggle][vc_toggle title=&#8221;Quali sono i vantaggi dei sistemi di essiccazione modulari di michel SLUDGE-DRYING-SYSTEMS?&#8221;]I nostri sistemi di essiccazione modulari sono disponibili in varie dimensioni e possono essere adattati in modo flessibile a diversi tipi di fanghi, quantit\u00e0 e requisiti del cliente. Inoltre, offrono un trattamento efficiente dei fanghi dall&#8217;inizio alla fine e non richiedono macchine separate per le diverse fasi di essiccazione. I nostri sistemi essiccano i fanghi direttamente in loco, senza bisogno di un tetto o di un capannone.[\/vc_toggle][\/vc_column][\/vc_row]<\/p>\n<\/div>","protected":false},"excerpt":{"rendered":"<p>[vc_row content_placement=&#8221;top&#8221;][vc_column][vc_column_text] Tecnologia efficiente: impianto di essiccazione dei fanghi [\/vc_column_text][vc_column_text] I sistemi di essiccazione da michel SLUDGE-DRYING-SYSTEMS rappresentano un passo avanti decisivo nell&#8217;utilizzo ecologico dei rifiuti. Grazie all&#8217;uso di moderni Essiccatori a bassa temperatura i nostri sistemi consentono un&#8217;essiccazione dei fanghi efficace ed efficiente dal punto di vista energetico essiccazione dei fanghiche ridefinisce gli standard&hellip;<\/p>\n","protected":false},"author":1,"featured_media":0,"parent":0,"menu_order":0,"comment_status":"closed","ping_status":"closed","template":"","meta":{"footnotes":""},"class_list":["post-2246","page","type-page","status-publish","hentry","description-off"],"yoast_head":"<!-- This site is optimized with the Yoast SEO plugin v27.4 - https:\/\/yoast.com\/product\/yoast-seo-wordpress\/ -->\n<title>Sistema di essiccazione | michel SLUDGE-DRYING-SYSTEMS<\/title>\n<meta name=\"description\" content=\"Scopri i sistemi di essiccazione avanzati per tutti i tipi di fanghi di michel SLUDGE-DRYING-SYSTEMS.\" \/>\n<meta name=\"robots\" content=\"index, follow, max-snippet:-1, max-image-preview:large, max-video-preview:-1\" \/>\n<link rel=\"canonical\" href=\"https:\/\/schlammtrocknung.com\/it\/impianto-di-essiccazione-per-fanghi\/\" \/>\n<meta property=\"og:locale\" content=\"it_IT\" \/>\n<meta property=\"og:type\" content=\"article\" \/>\n<meta property=\"og:title\" content=\"Sistema di essiccazione | michel SLUDGE-DRYING-SYSTEMS\" \/>\n<meta property=\"og:description\" content=\"Scopri i sistemi di essiccazione avanzati per tutti i tipi di fanghi di michel SLUDGE-DRYING-SYSTEMS.\" \/>\n<meta property=\"og:url\" content=\"https:\/\/schlammtrocknung.com\/it\/impianto-di-essiccazione-per-fanghi\/\" \/>\n<meta property=\"og:site_name\" content=\"Schlammtrocknung \u2013 michel SLUDGE DRYING SYSTEM\" \/>\n<meta property=\"article:modified_time\" content=\"2025-05-09T08:43:02+00:00\" \/>\n<meta name=\"twitter:card\" content=\"summary_large_image\" \/>\n<meta name=\"twitter:label1\" content=\"Tempo di lettura stimato\" \/>\n\t<meta name=\"twitter:data1\" content=\"5 minuti\" \/>\n<script type=\"application\/ld+json\" class=\"yoast-schema-graph\">{\"@context\":\"https:\\\/\\\/schema.org\",\"@graph\":[{\"@type\":\"WebPage\",\"@id\":\"https:\\\/\\\/schlammtrocknung.com\\\/it\\\/impianto-di-essiccazione-per-fanghi\\\/\",\"url\":\"https:\\\/\\\/schlammtrocknung.com\\\/it\\\/impianto-di-essiccazione-per-fanghi\\\/\",\"name\":\"Sistema di essiccazione | michel SLUDGE-DRYING-SYSTEMS\",\"isPartOf\":{\"@id\":\"https:\\\/\\\/schlammtrocknung.com\\\/#website\"},\"datePublished\":\"2025-02-24T16:25:02+00:00\",\"dateModified\":\"2025-05-09T08:43:02+00:00\",\"description\":\"Scopri i sistemi di essiccazione avanzati per tutti i tipi di fanghi di michel SLUDGE-DRYING-SYSTEMS.\",\"breadcrumb\":{\"@id\":\"https:\\\/\\\/schlammtrocknung.com\\\/it\\\/impianto-di-essiccazione-per-fanghi\\\/#breadcrumb\"},\"inLanguage\":\"it-IT\",\"potentialAction\":[{\"@type\":\"ReadAction\",\"target\":[\"https:\\\/\\\/schlammtrocknung.com\\\/it\\\/impianto-di-essiccazione-per-fanghi\\\/\"]}]},{\"@type\":\"BreadcrumbList\",\"@id\":\"https:\\\/\\\/schlammtrocknung.com\\\/it\\\/impianto-di-essiccazione-per-fanghi\\\/#breadcrumb\",\"itemListElement\":[{\"@type\":\"ListItem\",\"position\":1,\"name\":\"Startseite\",\"item\":\"https:\\\/\\\/schlammtrocknung.com\\\/it\\\/pagina-iniziale-2\\\/\"},{\"@type\":\"ListItem\",\"position\":2,\"name\":\"Impianto di essiccazione per fanghi\"}]},{\"@type\":\"WebSite\",\"@id\":\"https:\\\/\\\/schlammtrocknung.com\\\/#website\",\"url\":\"https:\\\/\\\/schlammtrocknung.com\\\/\",\"name\":\"Schlammtrocknung | SDS - Schlammtrocknung\",\"description\":\"Schlamm- L\u00f6sungen f\u00fcr Kl\u00e4rwerke, Industrie und Umwelt\",\"publisher\":{\"@id\":\"https:\\\/\\\/schlammtrocknung.com\\\/#organization\"},\"potentialAction\":[{\"@type\":\"SearchAction\",\"target\":{\"@type\":\"EntryPoint\",\"urlTemplate\":\"https:\\\/\\\/schlammtrocknung.com\\\/?s={search_term_string}\"},\"query-input\":{\"@type\":\"PropertyValueSpecification\",\"valueRequired\":true,\"valueName\":\"search_term_string\"}}],\"inLanguage\":\"it-IT\"},{\"@type\":\"Organization\",\"@id\":\"https:\\\/\\\/schlammtrocknung.com\\\/#organization\",\"name\":\"Schlammtrocknung | SDS - Schlammtrocknung\",\"url\":\"https:\\\/\\\/schlammtrocknung.com\\\/\",\"logo\":{\"@type\":\"ImageObject\",\"inLanguage\":\"it-IT\",\"@id\":\"https:\\\/\\\/schlammtrocknung.com\\\/#\\\/schema\\\/logo\\\/image\\\/\",\"url\":\"https:\\\/\\\/schlammtrocknung.com\\\/wp-content\\\/uploads\\\/2023\\\/02\\\/logo_sds-1.png\",\"contentUrl\":\"https:\\\/\\\/schlammtrocknung.com\\\/wp-content\\\/uploads\\\/2023\\\/02\\\/logo_sds-1.png\",\"width\":697,\"height\":187,\"caption\":\"Schlammtrocknung | SDS - Schlammtrocknung\"},\"image\":{\"@id\":\"https:\\\/\\\/schlammtrocknung.com\\\/#\\\/schema\\\/logo\\\/image\\\/\"}}]}<\/script>\n<!-- \/ Yoast SEO plugin. -->","yoast_head_json":{"title":"Sistema di essiccazione | michel SLUDGE-DRYING-SYSTEMS","description":"Scopri i sistemi di essiccazione avanzati per tutti i tipi di fanghi di michel SLUDGE-DRYING-SYSTEMS.","robots":{"index":"index","follow":"follow","max-snippet":"max-snippet:-1","max-image-preview":"max-image-preview:large","max-video-preview":"max-video-preview:-1"},"canonical":"https:\/\/schlammtrocknung.com\/it\/impianto-di-essiccazione-per-fanghi\/","og_locale":"it_IT","og_type":"article","og_title":"Sistema di essiccazione | michel SLUDGE-DRYING-SYSTEMS","og_description":"Scopri i sistemi di essiccazione avanzati per tutti i tipi di fanghi di michel SLUDGE-DRYING-SYSTEMS.","og_url":"https:\/\/schlammtrocknung.com\/it\/impianto-di-essiccazione-per-fanghi\/","og_site_name":"Schlammtrocknung \u2013 michel SLUDGE DRYING SYSTEM","article_modified_time":"2025-05-09T08:43:02+00:00","twitter_card":"summary_large_image","twitter_misc":{"Tempo di lettura stimato":"5 minuti"},"schema":{"@context":"https:\/\/schema.org","@graph":[{"@type":"WebPage","@id":"https:\/\/schlammtrocknung.com\/it\/impianto-di-essiccazione-per-fanghi\/","url":"https:\/\/schlammtrocknung.com\/it\/impianto-di-essiccazione-per-fanghi\/","name":"Sistema di essiccazione | michel SLUDGE-DRYING-SYSTEMS","isPartOf":{"@id":"https:\/\/schlammtrocknung.com\/#website"},"datePublished":"2025-02-24T16:25:02+00:00","dateModified":"2025-05-09T08:43:02+00:00","description":"Scopri i sistemi di essiccazione avanzati per tutti i tipi di fanghi di michel SLUDGE-DRYING-SYSTEMS.","breadcrumb":{"@id":"https:\/\/schlammtrocknung.com\/it\/impianto-di-essiccazione-per-fanghi\/#breadcrumb"},"inLanguage":"it-IT","potentialAction":[{"@type":"ReadAction","target":["https:\/\/schlammtrocknung.com\/it\/impianto-di-essiccazione-per-fanghi\/"]}]},{"@type":"BreadcrumbList","@id":"https:\/\/schlammtrocknung.com\/it\/impianto-di-essiccazione-per-fanghi\/#breadcrumb","itemListElement":[{"@type":"ListItem","position":1,"name":"Startseite","item":"https:\/\/schlammtrocknung.com\/it\/pagina-iniziale-2\/"},{"@type":"ListItem","position":2,"name":"Impianto di essiccazione per fanghi"}]},{"@type":"WebSite","@id":"https:\/\/schlammtrocknung.com\/#website","url":"https:\/\/schlammtrocknung.com\/","name":"Schlammtrocknung | SDS - Schlammtrocknung","description":"Schlamm- L\u00f6sungen f\u00fcr Kl\u00e4rwerke, Industrie und Umwelt","publisher":{"@id":"https:\/\/schlammtrocknung.com\/#organization"},"potentialAction":[{"@type":"SearchAction","target":{"@type":"EntryPoint","urlTemplate":"https:\/\/schlammtrocknung.com\/?s={search_term_string}"},"query-input":{"@type":"PropertyValueSpecification","valueRequired":true,"valueName":"search_term_string"}}],"inLanguage":"it-IT"},{"@type":"Organization","@id":"https:\/\/schlammtrocknung.com\/#organization","name":"Schlammtrocknung | SDS - Schlammtrocknung","url":"https:\/\/schlammtrocknung.com\/","logo":{"@type":"ImageObject","inLanguage":"it-IT","@id":"https:\/\/schlammtrocknung.com\/#\/schema\/logo\/image\/","url":"https:\/\/schlammtrocknung.com\/wp-content\/uploads\/2023\/02\/logo_sds-1.png","contentUrl":"https:\/\/schlammtrocknung.com\/wp-content\/uploads\/2023\/02\/logo_sds-1.png","width":697,"height":187,"caption":"Schlammtrocknung | SDS - Schlammtrocknung"},"image":{"@id":"https:\/\/schlammtrocknung.com\/#\/schema\/logo\/image\/"}}]}},"_links":{"self":[{"href":"https:\/\/schlammtrocknung.com\/it\/wp-json\/wp\/v2\/pages\/2246","targetHints":{"allow":["GET"]}}],"collection":[{"href":"https:\/\/schlammtrocknung.com\/it\/wp-json\/wp\/v2\/pages"}],"about":[{"href":"https:\/\/schlammtrocknung.com\/it\/wp-json\/wp\/v2\/types\/page"}],"author":[{"embeddable":true,"href":"https:\/\/schlammtrocknung.com\/it\/wp-json\/wp\/v2\/users\/1"}],"replies":[{"embeddable":true,"href":"https:\/\/schlammtrocknung.com\/it\/wp-json\/wp\/v2\/comments?post=2246"}],"version-history":[{"count":2,"href":"https:\/\/schlammtrocknung.com\/it\/wp-json\/wp\/v2\/pages\/2246\/revisions"}],"predecessor-version":[{"id":2264,"href":"https:\/\/schlammtrocknung.com\/it\/wp-json\/wp\/v2\/pages\/2246\/revisions\/2264"}],"wp:attachment":[{"href":"https:\/\/schlammtrocknung.com\/it\/wp-json\/wp\/v2\/media?parent=2246"}],"curies":[{"name":"wp","href":"https:\/\/api.w.org\/{rel}","templated":true}]}}