{"id":2276,"date":"2024-09-04T15:19:37","date_gmt":"2024-09-04T13:19:37","guid":{"rendered":"https:\/\/schlammtrocknung.com\/asciugatrice-a-bassa-temperatura\/"},"modified":"2025-05-09T10:43:14","modified_gmt":"2025-05-09T08:43:14","slug":"asciugatrice-a-bassa-temperatura","status":"publish","type":"page","link":"https:\/\/schlammtrocknung.com\/it\/asciugatrice-a-bassa-temperatura\/","title":{"rendered":"Asciugatrice a bassa temperatura"},"content":{"rendered":"<div class=\"wpb-content-wrapper\"><p>[vc_row content_placement=&#8221;top&#8221;][vc_column][vc_column_text]<\/p>\n<h1 style=\"text-align: center;\"><span style=\"color: #728d2a;\"><b>Essiccatori a bassa temperatura presso michel SLUDGE-DRYING-SYSTEMS<\/b><\/span><\/h1>\n<p>[\/vc_column_text][vc_column_text]<\/p>\n<p style=\"text-align: center;\"><span style=\"font-weight: 400;\">Massimizza l&#8217;efficienza della tua <\/span><b>essiccazione dei fanghi<\/b><span style=\"font-weight: 400;\"> con gli avanzati <\/span><b>essiccatori a bassa temperatura<\/b><span style=\"font-weight: 400;\">  di michel SLUDGE-DRYING-SYSTEMS, sviluppati per ottenere prestazioni ottimali con un consumo energetico minimo. I nostri sistemi di essiccazione utilizzano questa moderna tecnologia per rendere l&#8217;essiccazione dei fanghi il pi\u00f9 delicata possibile. <\/span><\/p>\n<p>[\/vc_column_text][vc_empty_space height=&#8221;70px&#8221;][\/vc_column][\/vc_row][vc_row][vc_column][vc_column_text]<\/p>\n<h2 style=\"text-align: center;\"><span style=\"color: #728d2a;\">Piccole temperature, grandi effetti<\/span><\/h2>\n<p style=\"text-align: center;\"><span style=\"font-weight: 400;\">Un essiccatore a bassa temperatura funziona a <\/span><b>temperature pi\u00f9 basse<\/b><span style=\"font-weight: 400;\">per asciugare efficacemente i fanghi senza modificarne la composizione chimica o generare emissioni nocive. Questa tecnologia utilizza il calore in modo controllato ed efficiente per far evaporare l&#8217;umidit\u00e0 dai fanghi, riducendo in modo significativo i requisiti energetici e minimizzando il carico termico sul materiale. <\/span><span style=\"color: #728d2a;\"><br \/>\n<\/span><\/p>\n<p>[\/vc_column_text][vc_empty_space height=&#8221;30px&#8221;][vc_column_text]<\/p>\n<h3 style=\"text-align: center;\"><span style=\"color: #728d2a;\">L&#8217;essiccatore a bassa temperatura nel nostro processo di essiccazione dei fanghi SDS<\/span><\/h3>\n<p>[\/vc_column_text][\/vc_column][\/vc_row][vc_row][vc_column width=&#8221;1\/2&#8243;][vc_single_image image=&#8221;376&#8243; img_size=&#8221;600&#215;400&#8243;][vc_empty_space height=&#8221;70px&#8221;][\/vc_column][vc_column width=&#8221;1\/2&#8243;][vc_column_text]<span style=\"font-weight: 400;\">michel SLUDGE-DRYING-SYSTEMS \u00e8 il fornitore di sistemi di essiccazione dei fanghi modulari <\/span><b>sistemi modulari di essiccazione dei fanghi<\/b><span style=\"font-weight: 400;\">che sono disponibili in varie dimensioni e possono essere personalizzati per soddisfare le esigenze individuali dei clienti. Questi sistemi sono progettati per ridurre efficacemente il contenuto di acqua nei fanghi e, allo stesso tempo, per ridurre al minimo il contenuto di acqua nei fanghi. <\/span> <b> Ridurre al minimo il consumo di energia<\/b><span style=\"font-weight: 400;\">.<\/span><\/p>\n<p><span style=\"font-weight: 400;\">L&#8217;integrazione di metodi di essiccazione delicati in un unico sistema consente un trattamento dei fanghi efficiente e senza soluzione di continuit\u00e0. <\/span><a href=\"http:\/\/schlammtrocknung.com\/leistungen\/schlammbehandlung\"><span style=\"font-weight: 400;\">trattamento dei fanghi<\/span><\/a><span style=\"font-weight: 400;\"> dall&#8217;inizio alla fine, senza bisogno di macchine separate per le diverse fasi di essiccazione.<\/span>[\/vc_column_text][\/vc_column][\/vc_row][vc_row][vc_column][vc_column_text]<\/p>\n<h2 style=\"text-align: center;\"><span style=\"color: #728d2a;\"><b>Trattamento delicato: l&#8217;<\/b>essiccazione dei fanghi alla michel SLUDGE-DRYING-SYSTEMS<\/span><\/h2>\n<p>[\/vc_column_text][vc_toggle title=&#8221;L&apos;utilizzo di essiccatori a bassa temperatura nei nostri impianti di essiccazione dei fanghi offre numerosi vantaggi:&#8221; custom_font_container=&#8221;tag:h3|text_align:left&#8221; use_custom_heading=&#8221;true&#8221;]<span style=\"font-weight: 400;\">L&#8217;utilizzo di essiccatori a bassa temperatura nei nostri sistemi di essiccazione dei fanghi offre numerosi <\/span><b>vantaggi<\/b><span style=\"font-weight: 400;\">. <\/span> <span style=\"font-weight: 400;\">Grazie al calore ridotto, il processo di essiccazione consuma meno energia. Questo non solo aumenta la   <\/span><b>Efficienza energetica<\/b><span style=\"font-weight: 400;\">ma anche di risparmiare sui costi. Oltre all&#8217;ambiente e al tuo portafoglio, vengono tutelati anche la materia prima e il potenziale prodotto finale dell&#8217;essiccazione dei fanghi. <\/span><\/p>\n<p><span style=\"font-weight: 400;\">Scopri i vantaggi di <\/span><b>l&#8217;essiccazione a bassa temperatura<\/b><span style=\"font-weight: 400;\"> con i sistemi michel SLUDGE-DRYING-SYSTEMS:<\/span><\/p>\n<ul>\n<li style=\"font-weight: 400;\" aria-level=\"1\"><b>Efficienza energetica:<\/b><span style=\"font-weight: 400;\"> Questa tecnologia riduce significativamente il consumo di energia, poich\u00e9 \u00e8 necessario meno calore per vaporizzare il liquido del fango.<\/span><\/li>\n<li style=\"font-weight: 400;\" aria-level=\"1\"><b>Rispettosi dell&#8217;ambiente:<\/b><span style=\"font-weight: 400;\"> I nostri sistemi non producono emissioni nocive, riducono le emissioni di CO\u2082 ed evitano problemi di acque reflue: sono quindi una scelta ecologica.<\/span><\/li>\n<li style=\"font-weight: 400;\" aria-level=\"1\"><b>Risparmio sui costi:<\/b><span style=\"font-weight: 400;\">  L&#8217;utilizzo efficiente del calore e dell&#8217;elettricit\u00e0 consente di ridurre i costi di gestione. Inoltre, il design compatto del sistema consente di risparmiare spazio, poich\u00e9 non \u00e8 necessario un tetto o un capannone separato. <\/span><\/li>\n<li style=\"font-weight: 400;\" aria-level=\"1\"><b>Trattamento delicato:<\/b><span style=\"font-weight: 400;\"> Il processo di asciugatura a basse temperature evita l&#8217;incollaggio del materiale e riduce al minimo l&#8217;emissione di polvere e altre particelle.<\/span><\/li>\n<li style=\"font-weight: 400;\" aria-level=\"1\"><b>Versatilit\u00e0:<\/b><span style=\"font-weight: 400;\"> Le unit\u00e0 sono adatte a un&#8217;ampia gamma di impasti, il che le rende un&#8217;opzione flessibile per diverse applicazioni industriali.<\/span><\/li>\n<\/ul>\n<p>[\/vc_toggle][\/vc_column][\/vc_row][vc_row][vc_column][vc_empty_space height=&#8221;50px&#8221;][vc_cta h2=&#8221;Inizia l&apos;essiccamento dei fanghi con michel SLUDGE-DRYING-SYSTEMS&#8221; txt_align=&#8221;center&#8221; add_button=&#8221;bottom&#8221; btn_title=&#8221;Contattaci!&#8221; btn_style=&#8221;gradient-custom&#8221; btn_gradient_custom_color_1=&#8221;#728d2a&#8221; btn_gradient_custom_color_2=&#8221;#728d2a&#8221; btn_align=&#8221;center&#8221; btn_link=&#8221;url:https%3A%2F%2Fschlammtrocknung.com%2Fit%2Fcontattaci%2F|title:Contattaci|&#8221;]<\/p>\n<p style=\"text-align: center;\"><span style=\"font-weight: 400;\">Affidati alla tecnologia innovativa di michel SLUDGE-DRYING-SYSTEMS per l&#8217;essiccazione dei fanghi. Contattaci oggi stesso per saperne di pi\u00f9 su come la nostra   <\/span><span style=\"font-weight: 400;\">sistemi di essiccazione<\/span><span style=\"font-weight: 400;\"> rendono i tuoi processi produttivi pi\u00f9 efficienti ed ecologici.<\/span><\/p>\n<p>[\/vc_cta][vc_empty_space height=&#8221;50px&#8221;][\/vc_column][\/vc_row][vc_row][vc_column][vc_column_text]<\/p>\n<h2 style=\"text-align: center;\"><span style=\"color: #728d2a;\">FAQ &#8211; Domande frequenti sull&#8217;essiccatore a bassa temperatura<\/span><\/h2>\n<p>[\/vc_column_text][\/vc_column][\/vc_row][vc_row][vc_column][vc_toggle title=&#8221;Quali sono i vantaggi di un essiccatore a bassa temperatura?&#8221;]<span style=\"font-weight: 400;\">Un essiccatore a bassa temperatura asciuga i fanghi a basse temperature, riducendo al minimo il consumo energetico senza generare emissioni nocive.<\/span>[\/vc_toggle][vc_toggle title=&#8221;In che modo l&apos;essiccatore a bassa temperatura contribuisce al rispetto dell&apos;ambiente?&#8221;]<span style=\"font-weight: 400;\">Operando a basse temperature, gli essiccatori a bassa temperatura riducono notevolmente il fabbisogno energetico ed evitano le emissioni nocive, rappresentando una soluzione ecologica per l&#8217;essiccazione dei fanghi.<\/span>[\/vc_toggle][\/vc_column][\/vc_row]<\/p>\n<\/div>","protected":false},"excerpt":{"rendered":"<p>[vc_row content_placement=&#8221;top&#8221;][vc_column][vc_column_text] Essiccatori a bassa temperatura presso michel SLUDGE-DRYING-SYSTEMS [\/vc_column_text][vc_column_text] Massimizza l&#8217;efficienza della tua essiccazione dei fanghi con gli avanzati essiccatori a bassa temperatura di michel SLUDGE-DRYING-SYSTEMS, sviluppati per ottenere prestazioni ottimali con un consumo energetico minimo. I nostri sistemi di essiccazione utilizzano questa moderna tecnologia per rendere l&#8217;essiccazione dei fanghi il pi\u00f9 delicata possibile.&hellip;<\/p>\n","protected":false},"author":1,"featured_media":0,"parent":0,"menu_order":0,"comment_status":"closed","ping_status":"closed","template":"","meta":{"footnotes":""},"class_list":["post-2276","page","type-page","status-publish","hentry","description-off"],"yoast_head":"<!-- This site is optimized with the Yoast SEO plugin v27.3 - https:\/\/yoast.com\/product\/yoast-seo-wordpress\/ -->\n<title>Essiccatore a bassa temperatura | Essiccazione dei fanghi Michel<\/title>\n<meta name=\"description\" content=\"Scopri gli essiccatori a bassa temperatura di michel SLUDGE-DRYING-SYSTEMS per un&#039;essiccazione delicata dei fanghi.\" \/>\n<meta name=\"robots\" content=\"index, follow, max-snippet:-1, max-image-preview:large, max-video-preview:-1\" \/>\n<link rel=\"canonical\" href=\"https:\/\/schlammtrocknung.com\/it\/asciugatrice-a-bassa-temperatura\/\" \/>\n<meta property=\"og:locale\" content=\"it_IT\" \/>\n<meta property=\"og:type\" content=\"article\" \/>\n<meta property=\"og:title\" content=\"Essiccatore a bassa temperatura | Essiccazione dei fanghi Michel\" \/>\n<meta property=\"og:description\" content=\"Scopri gli essiccatori a bassa temperatura di michel SLUDGE-DRYING-SYSTEMS per un&#039;essiccazione delicata dei fanghi.\" \/>\n<meta property=\"og:url\" content=\"https:\/\/schlammtrocknung.com\/it\/asciugatrice-a-bassa-temperatura\/\" \/>\n<meta property=\"og:site_name\" content=\"Schlammtrocknung \u2013 michel SLUDGE DRYING SYSTEM\" \/>\n<meta property=\"article:modified_time\" content=\"2025-05-09T08:43:14+00:00\" \/>\n<meta name=\"twitter:card\" content=\"summary_large_image\" \/>\n<meta name=\"twitter:label1\" content=\"Tempo di lettura stimato\" \/>\n\t<meta name=\"twitter:data1\" content=\"4 minuti\" \/>\n<script type=\"application\/ld+json\" class=\"yoast-schema-graph\">{\"@context\":\"https:\\\/\\\/schema.org\",\"@graph\":[{\"@type\":\"WebPage\",\"@id\":\"https:\\\/\\\/schlammtrocknung.com\\\/it\\\/asciugatrice-a-bassa-temperatura\\\/\",\"url\":\"https:\\\/\\\/schlammtrocknung.com\\\/it\\\/asciugatrice-a-bassa-temperatura\\\/\",\"name\":\"Essiccatore a bassa temperatura | Essiccazione dei fanghi Michel\",\"isPartOf\":{\"@id\":\"https:\\\/\\\/schlammtrocknung.com\\\/#website\"},\"datePublished\":\"2024-09-04T13:19:37+00:00\",\"dateModified\":\"2025-05-09T08:43:14+00:00\",\"description\":\"Scopri gli essiccatori a bassa temperatura di michel SLUDGE-DRYING-SYSTEMS per un'essiccazione delicata dei fanghi.\",\"breadcrumb\":{\"@id\":\"https:\\\/\\\/schlammtrocknung.com\\\/it\\\/asciugatrice-a-bassa-temperatura\\\/#breadcrumb\"},\"inLanguage\":\"it-IT\",\"potentialAction\":[{\"@type\":\"ReadAction\",\"target\":[\"https:\\\/\\\/schlammtrocknung.com\\\/it\\\/asciugatrice-a-bassa-temperatura\\\/\"]}]},{\"@type\":\"BreadcrumbList\",\"@id\":\"https:\\\/\\\/schlammtrocknung.com\\\/it\\\/asciugatrice-a-bassa-temperatura\\\/#breadcrumb\",\"itemListElement\":[{\"@type\":\"ListItem\",\"position\":1,\"name\":\"Startseite\",\"item\":\"https:\\\/\\\/schlammtrocknung.com\\\/it\\\/pagina-iniziale-2\\\/\"},{\"@type\":\"ListItem\",\"position\":2,\"name\":\"Asciugatrice a bassa temperatura\"}]},{\"@type\":\"WebSite\",\"@id\":\"https:\\\/\\\/schlammtrocknung.com\\\/#website\",\"url\":\"https:\\\/\\\/schlammtrocknung.com\\\/\",\"name\":\"Schlammtrocknung | SDS - Schlammtrocknung\",\"description\":\"Schlamm- L\u00f6sungen f\u00fcr Kl\u00e4rwerke, Industrie und Umwelt\",\"publisher\":{\"@id\":\"https:\\\/\\\/schlammtrocknung.com\\\/#organization\"},\"potentialAction\":[{\"@type\":\"SearchAction\",\"target\":{\"@type\":\"EntryPoint\",\"urlTemplate\":\"https:\\\/\\\/schlammtrocknung.com\\\/?s={search_term_string}\"},\"query-input\":{\"@type\":\"PropertyValueSpecification\",\"valueRequired\":true,\"valueName\":\"search_term_string\"}}],\"inLanguage\":\"it-IT\"},{\"@type\":\"Organization\",\"@id\":\"https:\\\/\\\/schlammtrocknung.com\\\/#organization\",\"name\":\"Schlammtrocknung | SDS - Schlammtrocknung\",\"url\":\"https:\\\/\\\/schlammtrocknung.com\\\/\",\"logo\":{\"@type\":\"ImageObject\",\"inLanguage\":\"it-IT\",\"@id\":\"https:\\\/\\\/schlammtrocknung.com\\\/#\\\/schema\\\/logo\\\/image\\\/\",\"url\":\"https:\\\/\\\/schlammtrocknung.com\\\/wp-content\\\/uploads\\\/2023\\\/02\\\/logo_sds-1.png\",\"contentUrl\":\"https:\\\/\\\/schlammtrocknung.com\\\/wp-content\\\/uploads\\\/2023\\\/02\\\/logo_sds-1.png\",\"width\":697,\"height\":187,\"caption\":\"Schlammtrocknung | SDS - Schlammtrocknung\"},\"image\":{\"@id\":\"https:\\\/\\\/schlammtrocknung.com\\\/#\\\/schema\\\/logo\\\/image\\\/\"}}]}<\/script>\n<!-- \/ Yoast SEO plugin. -->","yoast_head_json":{"title":"Essiccatore a bassa temperatura | Essiccazione dei fanghi Michel","description":"Scopri gli essiccatori a bassa temperatura di michel SLUDGE-DRYING-SYSTEMS per un'essiccazione delicata dei fanghi.","robots":{"index":"index","follow":"follow","max-snippet":"max-snippet:-1","max-image-preview":"max-image-preview:large","max-video-preview":"max-video-preview:-1"},"canonical":"https:\/\/schlammtrocknung.com\/it\/asciugatrice-a-bassa-temperatura\/","og_locale":"it_IT","og_type":"article","og_title":"Essiccatore a bassa temperatura | Essiccazione dei fanghi Michel","og_description":"Scopri gli essiccatori a bassa temperatura di michel SLUDGE-DRYING-SYSTEMS per un'essiccazione delicata dei fanghi.","og_url":"https:\/\/schlammtrocknung.com\/it\/asciugatrice-a-bassa-temperatura\/","og_site_name":"Schlammtrocknung \u2013 michel SLUDGE DRYING SYSTEM","article_modified_time":"2025-05-09T08:43:14+00:00","twitter_card":"summary_large_image","twitter_misc":{"Tempo di lettura stimato":"4 minuti"},"schema":{"@context":"https:\/\/schema.org","@graph":[{"@type":"WebPage","@id":"https:\/\/schlammtrocknung.com\/it\/asciugatrice-a-bassa-temperatura\/","url":"https:\/\/schlammtrocknung.com\/it\/asciugatrice-a-bassa-temperatura\/","name":"Essiccatore a bassa temperatura | Essiccazione dei fanghi Michel","isPartOf":{"@id":"https:\/\/schlammtrocknung.com\/#website"},"datePublished":"2024-09-04T13:19:37+00:00","dateModified":"2025-05-09T08:43:14+00:00","description":"Scopri gli essiccatori a bassa temperatura di michel SLUDGE-DRYING-SYSTEMS per un'essiccazione delicata dei fanghi.","breadcrumb":{"@id":"https:\/\/schlammtrocknung.com\/it\/asciugatrice-a-bassa-temperatura\/#breadcrumb"},"inLanguage":"it-IT","potentialAction":[{"@type":"ReadAction","target":["https:\/\/schlammtrocknung.com\/it\/asciugatrice-a-bassa-temperatura\/"]}]},{"@type":"BreadcrumbList","@id":"https:\/\/schlammtrocknung.com\/it\/asciugatrice-a-bassa-temperatura\/#breadcrumb","itemListElement":[{"@type":"ListItem","position":1,"name":"Startseite","item":"https:\/\/schlammtrocknung.com\/it\/pagina-iniziale-2\/"},{"@type":"ListItem","position":2,"name":"Asciugatrice a bassa temperatura"}]},{"@type":"WebSite","@id":"https:\/\/schlammtrocknung.com\/#website","url":"https:\/\/schlammtrocknung.com\/","name":"Schlammtrocknung | SDS - Schlammtrocknung","description":"Schlamm- L\u00f6sungen f\u00fcr Kl\u00e4rwerke, Industrie und Umwelt","publisher":{"@id":"https:\/\/schlammtrocknung.com\/#organization"},"potentialAction":[{"@type":"SearchAction","target":{"@type":"EntryPoint","urlTemplate":"https:\/\/schlammtrocknung.com\/?s={search_term_string}"},"query-input":{"@type":"PropertyValueSpecification","valueRequired":true,"valueName":"search_term_string"}}],"inLanguage":"it-IT"},{"@type":"Organization","@id":"https:\/\/schlammtrocknung.com\/#organization","name":"Schlammtrocknung | SDS - Schlammtrocknung","url":"https:\/\/schlammtrocknung.com\/","logo":{"@type":"ImageObject","inLanguage":"it-IT","@id":"https:\/\/schlammtrocknung.com\/#\/schema\/logo\/image\/","url":"https:\/\/schlammtrocknung.com\/wp-content\/uploads\/2023\/02\/logo_sds-1.png","contentUrl":"https:\/\/schlammtrocknung.com\/wp-content\/uploads\/2023\/02\/logo_sds-1.png","width":697,"height":187,"caption":"Schlammtrocknung | SDS - Schlammtrocknung"},"image":{"@id":"https:\/\/schlammtrocknung.com\/#\/schema\/logo\/image\/"}}]}},"_links":{"self":[{"href":"https:\/\/schlammtrocknung.com\/it\/wp-json\/wp\/v2\/pages\/2276","targetHints":{"allow":["GET"]}}],"collection":[{"href":"https:\/\/schlammtrocknung.com\/it\/wp-json\/wp\/v2\/pages"}],"about":[{"href":"https:\/\/schlammtrocknung.com\/it\/wp-json\/wp\/v2\/types\/page"}],"author":[{"embeddable":true,"href":"https:\/\/schlammtrocknung.com\/it\/wp-json\/wp\/v2\/users\/1"}],"replies":[{"embeddable":true,"href":"https:\/\/schlammtrocknung.com\/it\/wp-json\/wp\/v2\/comments?post=2276"}],"version-history":[{"count":2,"href":"https:\/\/schlammtrocknung.com\/it\/wp-json\/wp\/v2\/pages\/2276\/revisions"}],"predecessor-version":[{"id":2278,"href":"https:\/\/schlammtrocknung.com\/it\/wp-json\/wp\/v2\/pages\/2276\/revisions\/2278"}],"wp:attachment":[{"href":"https:\/\/schlammtrocknung.com\/it\/wp-json\/wp\/v2\/media?parent=2276"}],"curies":[{"name":"wp","href":"https:\/\/api.w.org\/{rel}","templated":true}]}}