{"id":2281,"date":"2024-09-04T13:12:33","date_gmt":"2024-09-04T11:12:33","guid":{"rendered":"https:\/\/schlammtrocknung.com\/servizi\/trattamento-dei-fanghi\/"},"modified":"2025-05-09T10:43:15","modified_gmt":"2025-05-09T08:43:15","slug":"trattamento-dei-fanghi","status":"publish","type":"page","link":"https:\/\/schlammtrocknung.com\/it\/servizi\/trattamento-dei-fanghi\/","title":{"rendered":"Trattamento dei fanghi"},"content":{"rendered":"<div class=\"wpb-content-wrapper\"><p>[vc_row content_placement=&#8221;top&#8221;][vc_column][vc_column_text]<\/p>\n<h1 style=\"text-align: center;\"><span style=\"color: #728d2a;\">Trattamento efficiente dei fanghi: michel SLUDGE-DRYING-SYSTEMS<\/span><\/h1>\n<p>[\/vc_column_text][vc_column_text]<\/p>\n<p style=\"text-align: center;\"><span style=\"font-weight: 400;\">Trasforma i fanghi da rifiuti industriali in una risorsa preziosa &#8211; con <\/span><b>michel SLUDGE-DRYING-SYSTEMS<\/b><span style=\"font-weight: 400;\">il tuo partner per un efficiente <\/span><b>trattamento dei fanghi<\/b><span style=\"font-weight: 400;\">.<\/span><\/p>\n<p style=\"text-align: center;\"><a href=\"https:\/\/schlammtrocknung.com\/it\/contattaci\/\">Richiedi soluzioni personalizzate!<\/a><\/p>\n<p>[\/vc_column_text][vc_empty_space height=&#8221;70px&#8221;][\/vc_column][\/vc_row][vc_row][vc_column width=&#8221;2\/3&#8243;][vc_column_text]<\/p>\n<h2><span style=\"color: #728d2a;\">Il trattamento dei fanghi: un grande potenziale per un&#8217;industria sostenibile<\/span><\/h2>\n<p><span style=\"font-weight: 400;\">Il trattamento dei fanghi provenienti da processi industriali, municipali o agricoli \u00e8 fondamentale per prevenire danni ambientali, riciclare le risorse e ridurre al minimo i rischi per la salute. I fanghi trattati possono essere utilizzati in diversi modi: come   <\/span><b>fonte di energia rinnovabile, <\/b><span style=\"font-weight: 400;\">come<\/span><b> fertilizzante <\/b><span style=\"font-weight: 400;\">per il miglioramento del suolo o come materia prima nell&#8217;industria dell&#8217;edilizia. <\/span><b>industria edile<\/b><span style=\"font-weight: 400;\">. <\/span> <\/p>\n<p><span style=\"font-weight: 400;\">Attraverso <\/span><span style=\"font-weight: 400;\">progressivo<\/span> <span style=\"font-weight: 400;\">trattamento<\/span><span style=\"font-weight: 400;\"> il <\/span><a href=\"http:\/\/schlammtrocknung.com\/glossar\/wassergehalt\"><span style=\"font-weight: 400;\">contenuto d&#8217;acqua<\/span><\/a><span style=\"font-weight: 400;\">  dei fanghi, riducendo i costi di trasporto e stoccaggio e aumentando l&#8217;efficienza delle lavorazioni successive. Una parte importante di questo processo \u00e8 il   <\/span><b>Essiccazione dei fanghi<\/b><span style=\"font-weight: 400;\">.<\/span>[\/vc_column_text][vc_empty_space height=&#8221;70px&#8221;][\/vc_column][vc_column width=&#8221;1\/3&#8243;][vc_single_image image=&#8221;1219&#8243; img_size=&#8221;400&#215;400&#8243;][\/vc_column][\/vc_row][vc_row][vc_column width=&#8221;1\/2&#8243;][vc_single_image image=&#8221;376&#8243; img_size=&#8221;600&#215;660&#8243;][vc_empty_space height=&#8221;70px&#8221;][\/vc_column][vc_column width=&#8221;1\/2&#8243;][vc_column_text]<\/p>\n<h2><span style=\"color: #728d2a;\">Il processo di trattamento dei fanghi in sintesi<\/span><\/h2>\n<p><span style=\"font-weight: 400;\">Nel corso dell&#8217;essiccazione e della lavorazione, il materiale riciclabile passa attraverso varie fasi di processo:<\/span><\/p>\n<ol>\n<li style=\"font-weight: 400;\" aria-level=\"1\"><b>Pretrattamento dei fanghi:<\/b><span style=\"font-weight: 400;\"> Regolazione del valore del pH e aggiunta di flocculanti<\/span><\/li>\n<li style=\"font-weight: 400;\" aria-level=\"1\"><b>Condizionamento:<\/b><span style=\"font-weight: 400;\"> Ottimizzazione delle propriet\u00e0 fisiche e chimiche per l&#8217;essiccazione<\/span><\/li>\n<li style=\"font-weight: 400;\" aria-level=\"1\"><b>Essiccazione:<\/b><span style=\"font-weight: 400;\"> Applicazione dell&#8217;essiccazione a contatto e a convezione per ridurre l&#8217;umidit\u00e0<\/span><\/li>\n<\/ol>\n<p><span style=\"font-weight: 400;\">I sistemi della michel SLUDGE-DRYING-SYSTEMS integrano tecnologie avanzate come l&#8217;<a href=\"https:\/\/schlammtrocknung.com\/it\/asciugatrice-a-bassa-temperatura\/\">essiccazione a bassa temperatura e l&#8217;essiccazione a bassa temperatura<\/a>.<\/span><span style=\"font-weight: 400;\">che minimizza il consumo energetico e riduce l&#8217;impatto ambientale. I sistemi hanno un design modulare e possono essere personalizzati per soddisfare requisiti specifici e volumi di fango, consentendo un trattamento dei fanghi flessibile ed efficiente. <\/span>[\/vc_column_text][\/vc_column][\/vc_row][vc_row][vc_column width=&#8221;1\/2&#8243;][vc_column_text]<\/p>\n<h2><span style=\"color: #728d2a;\">Sostenibile e decentralizzato: i vantaggi del nostro trattamento dei fanghi<\/span><\/h2>\n<p><b>michel SISTEMI DI ESSICCAZIONE DEI FANGHI<\/b><span style=\"font-weight: 400;\">  offre vantaggi unici per gli impianti di trattamento dei fanghi grazie alla combinazione di tecnologie all&#8217;avanguardia e anni di esperienza nell&#8217;ingegneria meccanica. L&#8217;integrazione di tecnologie all&#8217;avanguardia riduce al minimo il consumo di energia, il che non solo abbassa i costi operativi ma riduce anche l&#8217;impatto ambientale.   <\/span><\/p>\n<p><span style=\"font-weight: 400;\">Inoltre, grazie alle minori emissioni, contribuiscono alla <\/span><b>riduzione delle emissioni di CO\u2082 <\/b><span style=\"font-weight: 400;\">e ti aiutano a raggiungere i tuoi <\/span><b>obiettivi ambientali<\/b><span style=\"font-weight: 400;\">  per raggiungere l&#8217;obiettivo. La flessibilit\u00e0 e la modularit\u00e0 dei sistemi permette di adattarli a   <\/span><a href=\"http:\/\/schlammtrocknung.com\/leistungen\"><span style=\"font-weight: 400;\">Diversi tipi di fanghi<\/span><\/a><b> e quantit\u00e0 <\/b><span style=\"font-weight: 400;\">il che consente un&#8217;ampia gamma di applicazioni. <\/span> <\/p>\n<p><span style=\"font-weight: 400;\">Inoltre, l&#8217;attento controllo e l&#8217;ottimizzazione dei parametri di processo garantiscono un&#8217;elevata qualit\u00e0. <\/span><b>qualit\u00e0<\/b><span style=\"font-weight: 400;\"> dei fanghi essiccati, che migliora le possibilit\u00e0 di riutilizzo e contribuisce ulteriormente all&#8217;efficienza economica del trattamento dei fanghi.<\/span>[\/vc_column_text][\/vc_column][vc_column width=&#8221;1\/2&#8243;][vc_single_image image=&#8221;373&#8243; img_size=&#8221;600&#215;520&#8243;][vc_empty_space height=&#8221;70px&#8221;][\/vc_column][\/vc_row][vc_row][vc_column][vc_empty_space height=&#8221;50px&#8221;][\/vc_column][\/vc_row][vc_row][vc_column][vc_cta h2=&#8221;Trattamento innovativo dei fanghi con i sistemi di disidratazione dei fanghi di michel&#8221; txt_align=&#8221;center&#8221; add_button=&#8221;bottom&#8221; btn_title=&#8221;Contattaci!&#8221; btn_style=&#8221;gradient-custom&#8221; btn_gradient_custom_color_1=&#8221;#728d2a&#8221; btn_gradient_custom_color_2=&#8221;#728d2a&#8221; btn_align=&#8221;center&#8221; btn_link=&#8221;url:https%3A%2F%2Fschlammtrocknung.com%2Fit%2Fcontattaci%2F|title:Contattaci|&#8221;]<\/p>\n<p style=\"text-align: center;\"><span style=\"font-weight: 400;\">Approfitta della tecnologia avanzata di <\/span><b>michel SLUDGE-DRYING-SYSTEMS<\/b><span style=\"font-weight: 400;\">per ottimizzare il tuo <\/span><b>trattamento dei fanghi<\/b><span style=\"font-weight: 400;\"> Ottimizza il trattamento dei fanghi e allo stesso tempo ottieni una significativa <\/span><b>protezione dell&#8217;ambiente<\/b><span style=\"font-weight: 400;\">  per ottenere risultati. Il nostro team \u00e8 pronto a offrirti una soluzione personalizzata e adatta alle tue esigenze. <\/span><\/p>\n<p>[\/vc_cta][vc_empty_space height=&#8221;50px&#8221;][\/vc_column][\/vc_row][vc_row][vc_column][vc_column_text]<\/p>\n<h2 style=\"text-align: center;\"><span style=\"color: #728d2a;\">FAQ &#8211; Domande frequenti sul trattamento dei fanghi<\/span><\/h2>\n<p>[\/vc_column_text][\/vc_column][\/vc_row][vc_row][vc_column][vc_toggle title=&#8221;Perch\u00e9 il trattamento dei fanghi \u00e8 cos\u00ec importante?&#8221;]<span style=\"font-weight: 400;\">Il trattamento dei fanghi industriali \u00e8 essenziale per prevenire i danni ambientali, riciclare le risorse e ridurre i rischi per la salute. Consente di riutilizzare in modo sicuro ed efficiente i fanghi in vari settori, dalla produzione di energia al miglioramento del suolo. <\/span>[\/vc_toggle][vc_toggle title=&#8221;Quali sono i vantaggi del trattamento dei fanghi?&#8221;]<span style=\"font-weight: 400;\">Un impianto di trattamento fanghi moderno e di alta qualit\u00e0 abbassa i costi operativi grazie all&#8217;efficienza energetica, riduce l&#8217;inquinamento ambientale e consente un adattamento flessibile a diversi tipi e quantit\u00e0 di fanghi. Ci\u00f2 si traduce in vantaggi quali una migliore qualit\u00e0 dei fanghi e un&#8217;ampia gamma di opzioni di riciclaggio. <\/span>[\/vc_toggle][\/vc_column][\/vc_row]<\/p>\n<\/div>","protected":false},"excerpt":{"rendered":"<p>[vc_row content_placement=&#8221;top&#8221;][vc_column][vc_column_text] Trattamento efficiente dei fanghi: michel SLUDGE-DRYING-SYSTEMS [\/vc_column_text][vc_column_text] Trasforma i fanghi da rifiuti industriali in una risorsa preziosa &#8211; con michel SLUDGE-DRYING-SYSTEMSil tuo partner per un efficiente trattamento dei fanghi. Richiedi soluzioni personalizzate! [\/vc_column_text][vc_empty_space height=&#8221;70px&#8221;][\/vc_column][\/vc_row][vc_row][vc_column width=&#8221;2\/3&#8243;][vc_column_text] Il trattamento dei fanghi: un grande potenziale per un&#8217;industria sostenibile Il trattamento dei fanghi provenienti da processi industriali,&hellip;<\/p>\n","protected":false},"author":1,"featured_media":0,"parent":1807,"menu_order":0,"comment_status":"closed","ping_status":"closed","template":"","meta":{"footnotes":""},"class_list":["post-2281","page","type-page","status-publish","hentry","description-off"],"yoast_head":"<!-- This site is optimized with the Yoast SEO plugin v27.3 - https:\/\/yoast.com\/product\/yoast-seo-wordpress\/ -->\n<title>Trattamento dei fanghi | Michel Essiccazione dei fanghi<\/title>\n<meta name=\"description\" content=\"Ottimizza il trattamento dei fanghi con i moderni ed efficienti sistemi di michel SLUDGE-DRYING-SYSTEMS.\" \/>\n<meta name=\"robots\" content=\"index, follow, max-snippet:-1, max-image-preview:large, max-video-preview:-1\" \/>\n<link rel=\"canonical\" href=\"https:\/\/schlammtrocknung.com\/it\/servizi\/trattamento-dei-fanghi\/\" \/>\n<meta property=\"og:locale\" content=\"it_IT\" \/>\n<meta property=\"og:type\" content=\"article\" \/>\n<meta property=\"og:title\" content=\"Trattamento dei fanghi | Michel Essiccazione dei fanghi\" \/>\n<meta property=\"og:description\" content=\"Ottimizza il trattamento dei fanghi con i moderni ed efficienti sistemi di michel SLUDGE-DRYING-SYSTEMS.\" \/>\n<meta property=\"og:url\" content=\"https:\/\/schlammtrocknung.com\/it\/servizi\/trattamento-dei-fanghi\/\" \/>\n<meta property=\"og:site_name\" content=\"Schlammtrocknung \u2013 michel SLUDGE DRYING SYSTEM\" \/>\n<meta property=\"article:modified_time\" content=\"2025-05-09T08:43:15+00:00\" \/>\n<meta name=\"twitter:card\" content=\"summary_large_image\" \/>\n<meta name=\"twitter:label1\" content=\"Tempo di lettura stimato\" \/>\n\t<meta name=\"twitter:data1\" content=\"4 minuti\" \/>\n<script type=\"application\/ld+json\" class=\"yoast-schema-graph\">{\"@context\":\"https:\\\/\\\/schema.org\",\"@graph\":[{\"@type\":\"WebPage\",\"@id\":\"https:\\\/\\\/schlammtrocknung.com\\\/it\\\/servizi\\\/trattamento-dei-fanghi\\\/\",\"url\":\"https:\\\/\\\/schlammtrocknung.com\\\/it\\\/servizi\\\/trattamento-dei-fanghi\\\/\",\"name\":\"Trattamento dei fanghi | Michel Essiccazione dei fanghi\",\"isPartOf\":{\"@id\":\"https:\\\/\\\/schlammtrocknung.com\\\/#website\"},\"datePublished\":\"2024-09-04T11:12:33+00:00\",\"dateModified\":\"2025-05-09T08:43:15+00:00\",\"description\":\"Ottimizza il trattamento dei fanghi con i moderni ed efficienti sistemi di michel SLUDGE-DRYING-SYSTEMS.\",\"breadcrumb\":{\"@id\":\"https:\\\/\\\/schlammtrocknung.com\\\/it\\\/servizi\\\/trattamento-dei-fanghi\\\/#breadcrumb\"},\"inLanguage\":\"it-IT\",\"potentialAction\":[{\"@type\":\"ReadAction\",\"target\":[\"https:\\\/\\\/schlammtrocknung.com\\\/it\\\/servizi\\\/trattamento-dei-fanghi\\\/\"]}]},{\"@type\":\"BreadcrumbList\",\"@id\":\"https:\\\/\\\/schlammtrocknung.com\\\/it\\\/servizi\\\/trattamento-dei-fanghi\\\/#breadcrumb\",\"itemListElement\":[{\"@type\":\"ListItem\",\"position\":1,\"name\":\"Startseite\",\"item\":\"https:\\\/\\\/schlammtrocknung.com\\\/it\\\/pagina-iniziale-2\\\/\"},{\"@type\":\"ListItem\",\"position\":2,\"name\":\"Servizi\",\"item\":\"https:\\\/\\\/schlammtrocknung.com\\\/it\\\/servizi\\\/\"},{\"@type\":\"ListItem\",\"position\":3,\"name\":\"Trattamento dei fanghi\"}]},{\"@type\":\"WebSite\",\"@id\":\"https:\\\/\\\/schlammtrocknung.com\\\/#website\",\"url\":\"https:\\\/\\\/schlammtrocknung.com\\\/\",\"name\":\"Schlammtrocknung | SDS - Schlammtrocknung\",\"description\":\"Schlamm- L\u00f6sungen f\u00fcr Kl\u00e4rwerke, Industrie und Umwelt\",\"publisher\":{\"@id\":\"https:\\\/\\\/schlammtrocknung.com\\\/#organization\"},\"potentialAction\":[{\"@type\":\"SearchAction\",\"target\":{\"@type\":\"EntryPoint\",\"urlTemplate\":\"https:\\\/\\\/schlammtrocknung.com\\\/?s={search_term_string}\"},\"query-input\":{\"@type\":\"PropertyValueSpecification\",\"valueRequired\":true,\"valueName\":\"search_term_string\"}}],\"inLanguage\":\"it-IT\"},{\"@type\":\"Organization\",\"@id\":\"https:\\\/\\\/schlammtrocknung.com\\\/#organization\",\"name\":\"Schlammtrocknung | SDS - Schlammtrocknung\",\"url\":\"https:\\\/\\\/schlammtrocknung.com\\\/\",\"logo\":{\"@type\":\"ImageObject\",\"inLanguage\":\"it-IT\",\"@id\":\"https:\\\/\\\/schlammtrocknung.com\\\/#\\\/schema\\\/logo\\\/image\\\/\",\"url\":\"https:\\\/\\\/schlammtrocknung.com\\\/wp-content\\\/uploads\\\/2023\\\/02\\\/logo_sds-1.png\",\"contentUrl\":\"https:\\\/\\\/schlammtrocknung.com\\\/wp-content\\\/uploads\\\/2023\\\/02\\\/logo_sds-1.png\",\"width\":697,\"height\":187,\"caption\":\"Schlammtrocknung | SDS - Schlammtrocknung\"},\"image\":{\"@id\":\"https:\\\/\\\/schlammtrocknung.com\\\/#\\\/schema\\\/logo\\\/image\\\/\"}}]}<\/script>\n<!-- \/ Yoast SEO plugin. -->","yoast_head_json":{"title":"Trattamento dei fanghi | Michel Essiccazione dei fanghi","description":"Ottimizza il trattamento dei fanghi con i moderni ed efficienti sistemi di michel SLUDGE-DRYING-SYSTEMS.","robots":{"index":"index","follow":"follow","max-snippet":"max-snippet:-1","max-image-preview":"max-image-preview:large","max-video-preview":"max-video-preview:-1"},"canonical":"https:\/\/schlammtrocknung.com\/it\/servizi\/trattamento-dei-fanghi\/","og_locale":"it_IT","og_type":"article","og_title":"Trattamento dei fanghi | Michel Essiccazione dei fanghi","og_description":"Ottimizza il trattamento dei fanghi con i moderni ed efficienti sistemi di michel SLUDGE-DRYING-SYSTEMS.","og_url":"https:\/\/schlammtrocknung.com\/it\/servizi\/trattamento-dei-fanghi\/","og_site_name":"Schlammtrocknung \u2013 michel SLUDGE DRYING SYSTEM","article_modified_time":"2025-05-09T08:43:15+00:00","twitter_card":"summary_large_image","twitter_misc":{"Tempo di lettura stimato":"4 minuti"},"schema":{"@context":"https:\/\/schema.org","@graph":[{"@type":"WebPage","@id":"https:\/\/schlammtrocknung.com\/it\/servizi\/trattamento-dei-fanghi\/","url":"https:\/\/schlammtrocknung.com\/it\/servizi\/trattamento-dei-fanghi\/","name":"Trattamento dei fanghi | Michel Essiccazione dei fanghi","isPartOf":{"@id":"https:\/\/schlammtrocknung.com\/#website"},"datePublished":"2024-09-04T11:12:33+00:00","dateModified":"2025-05-09T08:43:15+00:00","description":"Ottimizza il trattamento dei fanghi con i moderni ed efficienti sistemi di michel SLUDGE-DRYING-SYSTEMS.","breadcrumb":{"@id":"https:\/\/schlammtrocknung.com\/it\/servizi\/trattamento-dei-fanghi\/#breadcrumb"},"inLanguage":"it-IT","potentialAction":[{"@type":"ReadAction","target":["https:\/\/schlammtrocknung.com\/it\/servizi\/trattamento-dei-fanghi\/"]}]},{"@type":"BreadcrumbList","@id":"https:\/\/schlammtrocknung.com\/it\/servizi\/trattamento-dei-fanghi\/#breadcrumb","itemListElement":[{"@type":"ListItem","position":1,"name":"Startseite","item":"https:\/\/schlammtrocknung.com\/it\/pagina-iniziale-2\/"},{"@type":"ListItem","position":2,"name":"Servizi","item":"https:\/\/schlammtrocknung.com\/it\/servizi\/"},{"@type":"ListItem","position":3,"name":"Trattamento dei fanghi"}]},{"@type":"WebSite","@id":"https:\/\/schlammtrocknung.com\/#website","url":"https:\/\/schlammtrocknung.com\/","name":"Schlammtrocknung | SDS - Schlammtrocknung","description":"Schlamm- L\u00f6sungen f\u00fcr Kl\u00e4rwerke, Industrie und Umwelt","publisher":{"@id":"https:\/\/schlammtrocknung.com\/#organization"},"potentialAction":[{"@type":"SearchAction","target":{"@type":"EntryPoint","urlTemplate":"https:\/\/schlammtrocknung.com\/?s={search_term_string}"},"query-input":{"@type":"PropertyValueSpecification","valueRequired":true,"valueName":"search_term_string"}}],"inLanguage":"it-IT"},{"@type":"Organization","@id":"https:\/\/schlammtrocknung.com\/#organization","name":"Schlammtrocknung | SDS - Schlammtrocknung","url":"https:\/\/schlammtrocknung.com\/","logo":{"@type":"ImageObject","inLanguage":"it-IT","@id":"https:\/\/schlammtrocknung.com\/#\/schema\/logo\/image\/","url":"https:\/\/schlammtrocknung.com\/wp-content\/uploads\/2023\/02\/logo_sds-1.png","contentUrl":"https:\/\/schlammtrocknung.com\/wp-content\/uploads\/2023\/02\/logo_sds-1.png","width":697,"height":187,"caption":"Schlammtrocknung | SDS - Schlammtrocknung"},"image":{"@id":"https:\/\/schlammtrocknung.com\/#\/schema\/logo\/image\/"}}]}},"_links":{"self":[{"href":"https:\/\/schlammtrocknung.com\/it\/wp-json\/wp\/v2\/pages\/2281","targetHints":{"allow":["GET"]}}],"collection":[{"href":"https:\/\/schlammtrocknung.com\/it\/wp-json\/wp\/v2\/pages"}],"about":[{"href":"https:\/\/schlammtrocknung.com\/it\/wp-json\/wp\/v2\/types\/page"}],"author":[{"embeddable":true,"href":"https:\/\/schlammtrocknung.com\/it\/wp-json\/wp\/v2\/users\/1"}],"replies":[{"embeddable":true,"href":"https:\/\/schlammtrocknung.com\/it\/wp-json\/wp\/v2\/comments?post=2281"}],"version-history":[{"count":2,"href":"https:\/\/schlammtrocknung.com\/it\/wp-json\/wp\/v2\/pages\/2281\/revisions"}],"predecessor-version":[{"id":2293,"href":"https:\/\/schlammtrocknung.com\/it\/wp-json\/wp\/v2\/pages\/2281\/revisions\/2293"}],"up":[{"embeddable":true,"href":"https:\/\/schlammtrocknung.com\/it\/wp-json\/wp\/v2\/pages\/1807"}],"wp:attachment":[{"href":"https:\/\/schlammtrocknung.com\/it\/wp-json\/wp\/v2\/media?parent=2281"}],"curies":[{"name":"wp","href":"https:\/\/api.w.org\/{rel}","templated":true}]}}