{"id":2325,"date":"2024-09-04T12:39:01","date_gmt":"2024-09-04T10:39:01","guid":{"rendered":"https:\/\/schlammtrocknung.com\/servizi\/essiccazione-dei-fanghi-di-pittura-ad-olio\/"},"modified":"2025-05-09T10:43:28","modified_gmt":"2025-05-09T08:43:28","slug":"essiccazione-dei-fanghi-di-pittura-ad-olio","status":"publish","type":"page","link":"https:\/\/schlammtrocknung.com\/it\/servizi\/essiccazione-dei-fanghi-di-pittura-ad-olio\/","title":{"rendered":"Essiccazione dei fanghi di pittura ad olio"},"content":{"rendered":"<div class=\"wpb-content-wrapper\"><p>[vc_row content_placement=&#8221;top&#8221;][vc_column][vc_column_text]<\/p>\n<h1 style=\"text-align: center;\"><span style=\"color: #728d2a;\">michel SLUDGE-DRYING-SYSTEMS &#8211; il partner specializzato nell&#8217;essiccazione dei fanghi di verniciatura ad olio<br \/>\n<\/span><\/h1>\n<p>[\/vc_column_text][vc_column_text]<\/p>\n<p style=\"text-align: center;\"><span style=\"font-weight: 400;\">Aumenta la tua efficienza e proteggi l&#8217;ambiente con l&#8217;avanzata tecnologia di <\/span><b>l&#8217;essiccazione dei fanghi di verniciatura ad olio<\/b><span style=\"font-weight: 400;\">. Ottimizza il trattamento dei fanghi di verniciatura a olio con i sistemi specializzati di<\/span> <b> SISTEMI DI ESSICCAZIONE DEI FANGHI DI MICHEL<\/b><span style=\"font-weight: 400;\">che sono sia economicamente che ecologicamente superiori.<\/span><\/p>\n<p>[\/vc_column_text][vc_empty_space height=&#8221;50px&#8221;][\/vc_column][\/vc_row][vc_row][vc_column width=&#8221;2\/3&#8243;][vc_column_text]<\/p>\n<h2><span style=\"color: #728d2a;\">Smaltimento professionale attraverso l&#8217;essiccazione dei fanghi di verniciatura a olio<br \/>\n<\/span><\/h2>\n<p>[\/vc_column_text][vc_message]<i><span style=\"font-weight: 400;\">Che cos&#8217;\u00e8 la morchia di vernice ad olio?<\/span><\/i><\/p>\n<p><i><span style=\"font-weight: 400;\">I fanghi di verniciatura sono un sottoprodotto prodotto principalmente nell&#8217;industria delle vernici e delle pitture e in vari processi di pulizia industriale. Si tratta di una miscela di residui di vernice, solventi, oli e acqua, che spesso contiene metalli pesanti e altre sostanze tossiche.   <\/span><\/i>[\/vc_message][vc_column_text]<span style=\"font-weight: 400;\">Questa composizione rende la manipolazione professionale e sicura, cos\u00ec come lo smaltimento o il riciclaggio dei fanghi di verniciatura. <\/span><b>lo smaltimento o il riciclaggio dei fanghi di verniciatura a olio <\/b> <span style=\"font-weight: 400;\">una sfida ambientale. L&#8217;essiccazione dei fanghi di pittura ad olio riduce il rischio di contaminazione ambientale da metalli pesanti e tossine solubili. <\/span>[\/vc_column_text][vc_empty_space height=&#8221;70px&#8221;][\/vc_column][vc_column width=&#8221;1\/3&#8243;][vc_single_image image=&#8221;367&#8243; img_size=&#8221;400&#215;500&#8243;][\/vc_column][\/vc_row][vc_row][vc_column width=&#8221;1\/2&#8243;][vc_single_image image=&#8221;376&#8243; img_size=&#8221;600&#215;350&#8243;][vc_empty_space height=&#8221;70px&#8221;][\/vc_column][vc_column width=&#8221;1\/2&#8243;][vc_column_text]<\/p>\n<h2><span style=\"color: #728d2a;\">Processo di essiccazione dei fanghi di verniciatura ad olio con il sistema michel SLUDGE-DRYING-SYSTEMS<\/span><\/h2>\n<p><span style=\"font-weight: 400;\">michel SLUDGE-DRYING-SYSTEMS costruisce sistemi con tecnologie di essiccazione avanzate, appositamente studiate per le propriet\u00e0 uniche dei fanghi di verniciatura ad olio. In primo luogo, il materiale riciclabile viene   <\/span><b>pretrattato<\/b><span style=\"font-weight: 400;\">per filtrare i composti organici volatili e i solidi. Successivamente, il   <\/span><b>condizionamento<\/b><span style=\"font-weight: 400;\">una modifica chimica per migliorare l&#8217;efficienza dell&#8217;essiccazione.<\/span>[\/vc_column_text][\/vc_column][\/vc_row][vc_row][vc_column width=&#8221;1\/2&#8243;][vc_column_text]<span style=\"font-weight: 400;\">Attraverso <\/span><b>l&#8217;essiccazione a contatto e a convezione<\/b><span style=\"font-weight: 400;\"> il calore viene applicato in condizioni controllate per massimizzare la <\/span><a href=\"http:\/\/schlammtrocknung.com\/glossar\/entwaesserung\"><span style=\"font-weight: 400;\">l&#8217;asciugatura<\/span><\/a><span style=\"font-weight: 400;\">  senza danneggiare i componenti riciclabili. In questo modo si riduce notevolmente la quantit\u00e0 di materiale da smaltire, riducendo i costi di trasporto e di smaltimento. <\/span><\/p>\n<p><span style=\"font-weight: 400;\">Dopo l&#8217;essiccazione, i fanghi di pittura ad olio possono essere utilizzati in varie forme:<\/span><\/p>\n<ul>\n<li style=\"font-weight: 400;\" aria-level=\"1\"><b>Recupero energetico:<\/b><span style=\"font-weight: 400;\"> Utilizzo come combustibile secondario in impianti industriali adeguati.<\/span><\/li>\n<li style=\"font-weight: 400;\" aria-level=\"1\"><b>Recupero dei materiali:<\/b><span style=\"font-weight: 400;\"> Restituzione di metalli e altri materiali riciclabili al ciclo produttivo.<\/span><\/li>\n<li style=\"font-weight: 400;\" aria-level=\"1\"><b>Discarica:<\/b><span style=\"font-weight: 400;\"> Smaltimento finale sicuro del materiale inertizzato se non sono disponibili altre opzioni di riciclaggio.<\/span><\/li>\n<\/ul>\n<p>[\/vc_column_text][\/vc_column][vc_column width=&#8221;1\/2&#8243;][vc_single_image image=&#8221;373&#8243; img_size=&#8221;600&#215;420&#8243;][vc_empty_space height=&#8221;70px&#8221;][\/vc_column][\/vc_row][vc_row][vc_column width=&#8221;1\/2&#8243;][vc_single_image image=&#8221;371&#8243; img_size=&#8221;600&#215;500&#8243;][vc_empty_space height=&#8221;70px&#8221;][\/vc_column][vc_column width=&#8221;1\/2&#8243;][vc_column_text]<\/p>\n<h3><span style=\"color: #728d2a;\">Vantaggi dell&#8217;essiccazione dei fanghi di verniciatura a olio con il sistema michel SLUDGE-DRYING-SYSTEMS<\/span><\/h3>\n<p><span style=\"font-weight: 400;\">L&#8217;implementazione di <\/span><b>michel SLUDGE-DRYING-SYSTEMS<\/b><span style=\"font-weight: 400;\"> nel tuo impianto porta numerosi vantaggi e trasforma la gestione di <\/span><b>fanghi di verniciatura ad olio<\/b><span style=\"font-weight: 400;\">. In primo luogo, il  <\/span><b>Riduzione del volume dei fanghi<\/b><span style=\"font-weight: 400;\"> Ci\u00f2 comporta un notevole risparmio sui costi di smaltimento. <\/span> <\/p>\n<p><span style=\"font-weight: 400;\">Inoltre, i sistemi supportano l&#8217;ambiente <\/span><b>controllo degli inquinanti<\/b><span style=\"font-weight: 400;\"> una produzione pi\u00f9 rispettosa dell&#8217;ambiente, riducendo e contribuendo alle emissioni, <\/span><b>regolamenti ambientali<\/b><span style=\"font-weight: 400;\">  meglio rispettati. I nostri sistemi sono caratterizzati da un elevato grado di flessibilit\u00e0 e possono essere facilmente adattati a diversi tipi e quantit\u00e0 di fango. <\/span><\/p>\n<p><span style=\"font-weight: 400;\">Inoltre, l&#8217;uso di <\/span><b>sistemi di essiccazione a bassa temperatura e di recupero energetico<\/b><span style=\"font-weight: 400;\"> un notevole aumento dell <\/span><b>efficienza energetica<\/b><span style=\"font-weight: 400;\">che minimizza il fabbisogno energetico e riduce ulteriormente i costi operativi.<\/span>[\/vc_column_text][\/vc_column][\/vc_row][vc_row][vc_column][vc_cta h2=&#8221;Inizia la tua trasformazione sostenibile nell&apos;industria petrolifera e dei rivestimenti&#8221; txt_align=&#8221;center&#8221; add_button=&#8221;bottom&#8221; btn_title=&#8221;Contattaci!&#8221; btn_style=&#8221;gradient-custom&#8221; btn_gradient_custom_color_1=&#8221;#728d2a&#8221; btn_gradient_custom_color_2=&#8221;#728d2a&#8221; btn_align=&#8221;center&#8221; btn_link=&#8221;url:https%3A%2F%2Fschlammtrocknung.com%2Fit%2Fcontattaci%2F|title:Contattaci|&#8221;]<\/p>\n<p style=\"text-align: center;\"><span style=\"font-weight: 400;\">Con le soluzioni avanzate per l&#8217;essiccazione dei fanghi di verniciatura a olio di <\/span><b>michel SLUDGE-DRYING-SYSTEMS<\/b><span style=\"font-weight: 400;\"> non solo ridurrai i costi operativi e soddisferai i requisiti di legge, ma contribuirai anche attivamente alla <\/span><b>alla tutela dell&#8217;ambiente<\/b><span style=\"font-weight: 400;\">  a. Contattaci oggi stesso per saperne di pi\u00f9 sull&#8217;essiccazione dei fanghi di verniciatura ad olio e su come possiamo aiutarti a raggiungere i tuoi obiettivi ambientali ed economici. <\/span><\/p>\n<p>[\/vc_cta][vc_empty_space height=&#8221;50px&#8221;][\/vc_column][\/vc_row][vc_row][vc_column][vc_column_text]<\/p>\n<h2 style=\"text-align: center;\"><span style=\"color: #728d2a;\">FAQ &#8211; Domande frequenti sull&#8217;essiccazione dei fanghi di pittura ad olio<\/span><\/h2>\n<p>[\/vc_column_text][\/vc_column][\/vc_row][vc_row][vc_column][vc_toggle title=&#8221;Perch\u00e9 l&apos;essiccazione dei fanghi di pittura ad olio \u00e8 importante?&#8221;]<span style=\"font-weight: 400;\">I fanghi di verniciatura, un sottoprodotto dell&#8217;industria delle pitture e delle vernici, contengono sostanze inquinanti come i metalli pesanti. L&#8217;essiccazione dei fanghi di verniciatura riduce il volume e i rischi ambientali, facilita il riciclo di ingredienti come i metalli e migliora la combustibilit\u00e0 per la produzione di energia. <\/span>[\/vc_toggle][vc_toggle title=&#8221;Come funziona l&apos;essiccazione delle morchie della vernice ad olio?&#8221;]<span style=\"font-weight: 400;\">I fanghi di vernici ad olio vengono essiccati riducendo il contenuto di acqua nei fanghi, riducendo cos\u00ec il volume e il peso del materiale e diminuendo i costi di smaltimento. Questo processo utilizza tecniche come l&#8217;essiccazione per contatto e per convezione per rimuovere efficacemente l&#8217;umidit\u00e0. <\/span>[\/vc_toggle][\/vc_column][\/vc_row]<\/p>\n<\/div>","protected":false},"excerpt":{"rendered":"<p>[vc_row content_placement=&#8221;top&#8221;][vc_column][vc_column_text] michel SLUDGE-DRYING-SYSTEMS &#8211; il partner specializzato nell&#8217;essiccazione dei fanghi di verniciatura ad olio [\/vc_column_text][vc_column_text] Aumenta la tua efficienza e proteggi l&#8217;ambiente con l&#8217;avanzata tecnologia di l&#8217;essiccazione dei fanghi di verniciatura ad olio. Ottimizza il trattamento dei fanghi di verniciatura a olio con i sistemi specializzati di SISTEMI DI ESSICCAZIONE DEI FANGHI DI MICHELche&hellip;<\/p>\n","protected":false},"author":1,"featured_media":0,"parent":1807,"menu_order":0,"comment_status":"closed","ping_status":"closed","template":"","meta":{"footnotes":""},"class_list":["post-2325","page","type-page","status-publish","hentry","description-off"],"yoast_head":"<!-- This site is optimized with the Yoast SEO plugin v27.3 - https:\/\/yoast.com\/product\/yoast-seo-wordpress\/ -->\n<title>Essiccazione dei fanghi di olio e lacca | Essiccazione dei fanghi Michel<\/title>\n<meta name=\"description\" content=\"Aumenta la tua efficienza e proteggi l&#039;ambiente con l&#039;essiccazione avanzata dei fanghi di verniciatura.\" \/>\n<meta name=\"robots\" content=\"index, follow, max-snippet:-1, max-image-preview:large, max-video-preview:-1\" \/>\n<link rel=\"canonical\" href=\"https:\/\/schlammtrocknung.com\/it\/servizi\/essiccazione-dei-fanghi-di-pittura-ad-olio\/\" \/>\n<meta property=\"og:locale\" content=\"it_IT\" \/>\n<meta property=\"og:type\" content=\"article\" \/>\n<meta property=\"og:title\" content=\"Essiccazione dei fanghi di olio e lacca | Essiccazione dei fanghi Michel\" \/>\n<meta property=\"og:description\" content=\"Aumenta la tua efficienza e proteggi l&#039;ambiente con l&#039;essiccazione avanzata dei fanghi di verniciatura.\" \/>\n<meta property=\"og:url\" content=\"https:\/\/schlammtrocknung.com\/it\/servizi\/essiccazione-dei-fanghi-di-pittura-ad-olio\/\" \/>\n<meta property=\"og:site_name\" content=\"Schlammtrocknung \u2013 michel SLUDGE DRYING SYSTEM\" \/>\n<meta property=\"article:modified_time\" content=\"2025-05-09T08:43:28+00:00\" \/>\n<meta name=\"twitter:card\" content=\"summary_large_image\" \/>\n<meta name=\"twitter:label1\" content=\"Tempo di lettura stimato\" \/>\n\t<meta name=\"twitter:data1\" content=\"5 minuti\" \/>\n<script type=\"application\/ld+json\" class=\"yoast-schema-graph\">{\"@context\":\"https:\\\/\\\/schema.org\",\"@graph\":[{\"@type\":\"WebPage\",\"@id\":\"https:\\\/\\\/schlammtrocknung.com\\\/it\\\/servizi\\\/essiccazione-dei-fanghi-di-pittura-ad-olio\\\/\",\"url\":\"https:\\\/\\\/schlammtrocknung.com\\\/it\\\/servizi\\\/essiccazione-dei-fanghi-di-pittura-ad-olio\\\/\",\"name\":\"Essiccazione dei fanghi di olio e lacca | Essiccazione dei fanghi Michel\",\"isPartOf\":{\"@id\":\"https:\\\/\\\/schlammtrocknung.com\\\/#website\"},\"datePublished\":\"2024-09-04T10:39:01+00:00\",\"dateModified\":\"2025-05-09T08:43:28+00:00\",\"description\":\"Aumenta la tua efficienza e proteggi l'ambiente con l'essiccazione avanzata dei fanghi di verniciatura.\",\"breadcrumb\":{\"@id\":\"https:\\\/\\\/schlammtrocknung.com\\\/it\\\/servizi\\\/essiccazione-dei-fanghi-di-pittura-ad-olio\\\/#breadcrumb\"},\"inLanguage\":\"it-IT\",\"potentialAction\":[{\"@type\":\"ReadAction\",\"target\":[\"https:\\\/\\\/schlammtrocknung.com\\\/it\\\/servizi\\\/essiccazione-dei-fanghi-di-pittura-ad-olio\\\/\"]}]},{\"@type\":\"BreadcrumbList\",\"@id\":\"https:\\\/\\\/schlammtrocknung.com\\\/it\\\/servizi\\\/essiccazione-dei-fanghi-di-pittura-ad-olio\\\/#breadcrumb\",\"itemListElement\":[{\"@type\":\"ListItem\",\"position\":1,\"name\":\"Startseite\",\"item\":\"https:\\\/\\\/schlammtrocknung.com\\\/it\\\/pagina-iniziale-2\\\/\"},{\"@type\":\"ListItem\",\"position\":2,\"name\":\"Servizi\",\"item\":\"https:\\\/\\\/schlammtrocknung.com\\\/it\\\/servizi\\\/\"},{\"@type\":\"ListItem\",\"position\":3,\"name\":\"Essiccazione dei fanghi di pittura ad olio\"}]},{\"@type\":\"WebSite\",\"@id\":\"https:\\\/\\\/schlammtrocknung.com\\\/#website\",\"url\":\"https:\\\/\\\/schlammtrocknung.com\\\/\",\"name\":\"Schlammtrocknung | SDS - Schlammtrocknung\",\"description\":\"Schlamm- L\u00f6sungen f\u00fcr Kl\u00e4rwerke, Industrie und Umwelt\",\"publisher\":{\"@id\":\"https:\\\/\\\/schlammtrocknung.com\\\/#organization\"},\"potentialAction\":[{\"@type\":\"SearchAction\",\"target\":{\"@type\":\"EntryPoint\",\"urlTemplate\":\"https:\\\/\\\/schlammtrocknung.com\\\/?s={search_term_string}\"},\"query-input\":{\"@type\":\"PropertyValueSpecification\",\"valueRequired\":true,\"valueName\":\"search_term_string\"}}],\"inLanguage\":\"it-IT\"},{\"@type\":\"Organization\",\"@id\":\"https:\\\/\\\/schlammtrocknung.com\\\/#organization\",\"name\":\"Schlammtrocknung | SDS - Schlammtrocknung\",\"url\":\"https:\\\/\\\/schlammtrocknung.com\\\/\",\"logo\":{\"@type\":\"ImageObject\",\"inLanguage\":\"it-IT\",\"@id\":\"https:\\\/\\\/schlammtrocknung.com\\\/#\\\/schema\\\/logo\\\/image\\\/\",\"url\":\"https:\\\/\\\/schlammtrocknung.com\\\/wp-content\\\/uploads\\\/2023\\\/02\\\/logo_sds-1.png\",\"contentUrl\":\"https:\\\/\\\/schlammtrocknung.com\\\/wp-content\\\/uploads\\\/2023\\\/02\\\/logo_sds-1.png\",\"width\":697,\"height\":187,\"caption\":\"Schlammtrocknung | SDS - Schlammtrocknung\"},\"image\":{\"@id\":\"https:\\\/\\\/schlammtrocknung.com\\\/#\\\/schema\\\/logo\\\/image\\\/\"}}]}<\/script>\n<!-- \/ Yoast SEO plugin. -->","yoast_head_json":{"title":"Essiccazione dei fanghi di olio e lacca | Essiccazione dei fanghi Michel","description":"Aumenta la tua efficienza e proteggi l'ambiente con l'essiccazione avanzata dei fanghi di verniciatura.","robots":{"index":"index","follow":"follow","max-snippet":"max-snippet:-1","max-image-preview":"max-image-preview:large","max-video-preview":"max-video-preview:-1"},"canonical":"https:\/\/schlammtrocknung.com\/it\/servizi\/essiccazione-dei-fanghi-di-pittura-ad-olio\/","og_locale":"it_IT","og_type":"article","og_title":"Essiccazione dei fanghi di olio e lacca | Essiccazione dei fanghi Michel","og_description":"Aumenta la tua efficienza e proteggi l'ambiente con l'essiccazione avanzata dei fanghi di verniciatura.","og_url":"https:\/\/schlammtrocknung.com\/it\/servizi\/essiccazione-dei-fanghi-di-pittura-ad-olio\/","og_site_name":"Schlammtrocknung \u2013 michel SLUDGE DRYING SYSTEM","article_modified_time":"2025-05-09T08:43:28+00:00","twitter_card":"summary_large_image","twitter_misc":{"Tempo di lettura stimato":"5 minuti"},"schema":{"@context":"https:\/\/schema.org","@graph":[{"@type":"WebPage","@id":"https:\/\/schlammtrocknung.com\/it\/servizi\/essiccazione-dei-fanghi-di-pittura-ad-olio\/","url":"https:\/\/schlammtrocknung.com\/it\/servizi\/essiccazione-dei-fanghi-di-pittura-ad-olio\/","name":"Essiccazione dei fanghi di olio e lacca | Essiccazione dei fanghi Michel","isPartOf":{"@id":"https:\/\/schlammtrocknung.com\/#website"},"datePublished":"2024-09-04T10:39:01+00:00","dateModified":"2025-05-09T08:43:28+00:00","description":"Aumenta la tua efficienza e proteggi l'ambiente con l'essiccazione avanzata dei fanghi di verniciatura.","breadcrumb":{"@id":"https:\/\/schlammtrocknung.com\/it\/servizi\/essiccazione-dei-fanghi-di-pittura-ad-olio\/#breadcrumb"},"inLanguage":"it-IT","potentialAction":[{"@type":"ReadAction","target":["https:\/\/schlammtrocknung.com\/it\/servizi\/essiccazione-dei-fanghi-di-pittura-ad-olio\/"]}]},{"@type":"BreadcrumbList","@id":"https:\/\/schlammtrocknung.com\/it\/servizi\/essiccazione-dei-fanghi-di-pittura-ad-olio\/#breadcrumb","itemListElement":[{"@type":"ListItem","position":1,"name":"Startseite","item":"https:\/\/schlammtrocknung.com\/it\/pagina-iniziale-2\/"},{"@type":"ListItem","position":2,"name":"Servizi","item":"https:\/\/schlammtrocknung.com\/it\/servizi\/"},{"@type":"ListItem","position":3,"name":"Essiccazione dei fanghi di pittura ad olio"}]},{"@type":"WebSite","@id":"https:\/\/schlammtrocknung.com\/#website","url":"https:\/\/schlammtrocknung.com\/","name":"Schlammtrocknung | SDS - Schlammtrocknung","description":"Schlamm- L\u00f6sungen f\u00fcr Kl\u00e4rwerke, Industrie und Umwelt","publisher":{"@id":"https:\/\/schlammtrocknung.com\/#organization"},"potentialAction":[{"@type":"SearchAction","target":{"@type":"EntryPoint","urlTemplate":"https:\/\/schlammtrocknung.com\/?s={search_term_string}"},"query-input":{"@type":"PropertyValueSpecification","valueRequired":true,"valueName":"search_term_string"}}],"inLanguage":"it-IT"},{"@type":"Organization","@id":"https:\/\/schlammtrocknung.com\/#organization","name":"Schlammtrocknung | SDS - Schlammtrocknung","url":"https:\/\/schlammtrocknung.com\/","logo":{"@type":"ImageObject","inLanguage":"it-IT","@id":"https:\/\/schlammtrocknung.com\/#\/schema\/logo\/image\/","url":"https:\/\/schlammtrocknung.com\/wp-content\/uploads\/2023\/02\/logo_sds-1.png","contentUrl":"https:\/\/schlammtrocknung.com\/wp-content\/uploads\/2023\/02\/logo_sds-1.png","width":697,"height":187,"caption":"Schlammtrocknung | SDS - Schlammtrocknung"},"image":{"@id":"https:\/\/schlammtrocknung.com\/#\/schema\/logo\/image\/"}}]}},"_links":{"self":[{"href":"https:\/\/schlammtrocknung.com\/it\/wp-json\/wp\/v2\/pages\/2325","targetHints":{"allow":["GET"]}}],"collection":[{"href":"https:\/\/schlammtrocknung.com\/it\/wp-json\/wp\/v2\/pages"}],"about":[{"href":"https:\/\/schlammtrocknung.com\/it\/wp-json\/wp\/v2\/types\/page"}],"author":[{"embeddable":true,"href":"https:\/\/schlammtrocknung.com\/it\/wp-json\/wp\/v2\/users\/1"}],"replies":[{"embeddable":true,"href":"https:\/\/schlammtrocknung.com\/it\/wp-json\/wp\/v2\/comments?post=2325"}],"version-history":[{"count":2,"href":"https:\/\/schlammtrocknung.com\/it\/wp-json\/wp\/v2\/pages\/2325\/revisions"}],"predecessor-version":[{"id":2330,"href":"https:\/\/schlammtrocknung.com\/it\/wp-json\/wp\/v2\/pages\/2325\/revisions\/2330"}],"up":[{"embeddable":true,"href":"https:\/\/schlammtrocknung.com\/it\/wp-json\/wp\/v2\/pages\/1807"}],"wp:attachment":[{"href":"https:\/\/schlammtrocknung.com\/it\/wp-json\/wp\/v2\/media?parent=2325"}],"curies":[{"name":"wp","href":"https:\/\/api.w.org\/{rel}","templated":true}]}}