{"id":2335,"date":"2024-09-04T12:54:09","date_gmt":"2024-09-04T10:54:09","guid":{"rendered":"https:\/\/schlammtrocknung.com\/servizi\/essiccazione-dei-fanghi-della-carta\/"},"modified":"2025-05-09T10:43:33","modified_gmt":"2025-05-09T08:43:33","slug":"essiccazione-dei-fanghi-della-carta","status":"publish","type":"page","link":"https:\/\/schlammtrocknung.com\/it\/servizi\/essiccazione-dei-fanghi-della-carta\/","title":{"rendered":"Essiccazione dei fanghi della carta"},"content":{"rendered":"<div class=\"wpb-content-wrapper\"><p>[vc_row content_placement=&#8221;top&#8221;][vc_column][vc_column_text]<\/p>\n<h1 style=\"text-align: center;\"><span style=\"color: #728d2a;\">Essiccazione dei fanghi della carta: utilizzare i rifiuti e proteggere l&#8217;ambiente<br \/>\n<\/span><\/h1>\n<p>[\/vc_column_text][vc_column_text]<\/p>\n<p style=\"text-align: center;\"><span style=\"font-weight: 400;\">Usa le soluzioni avanzate di <\/span><b>michel SLUDGE-DRYING-SYSTEMS<\/b><span style=\"font-weight: 400;\"> per un&#8217;essiccazione dei fanghi di carta efficiente e rispettosa dell&#8217;ambiente <\/span><b>l&#8217;essiccazione dei fanghi della carta<\/b><span style=\"font-weight: 400;\">. I nostri sistemi consentono di ridurre al minimo il volume degli scarti di produzione e di smaltirli o riciclarli correttamente.<\/span><\/p>\n<p style=\"text-align: center;\"><a href=\"https:\/\/schlammtrocknung.com\/it\/contattaci\/\">Scopri di pi\u00f9!<\/a><\/p>\n<p>[\/vc_column_text][vc_empty_space height=&#8221;50px&#8221;][\/vc_column][\/vc_row][vc_row][vc_column width=&#8221;2\/3&#8243;][vc_column_text]<\/p>\n<h2><span style=\"color: #728d2a;\">Tratta efficacemente i fanghi della carta<br \/>\n<\/span><\/h2>\n<p>[\/vc_column_text][vc_message]<i><span style=\"font-weight: 400;\">Cosa sono i fanghi di carta?<\/span><\/i><\/p>\n<p><i><span style=\"font-weight: 400;\">I fanghi della carta sono un sottoprodotto della produzione della carta che si crea durante il processo di pulizia della pasta e di filtrazione dell&#8217;acqua. Questi fanghi sono costituiti principalmente da fibre, cariche, sostanze chimiche e acqua.   <\/span><\/i>[\/vc_message][vc_column_text]<span style=\"font-weight: 400;\">Sebbene contenga preziosi materiali organici <\/span><b>i fanghi della carta<\/b><span style=\"font-weight: 400;\"> senza un trattamento adeguato <\/span><b>problema di smaltimento<\/b><span style=\"font-weight: 400;\">  rappresentare. Un&#8217;efficace lavorazione ed essiccazione dei fanghi \u00e8 fondamentale per ridurre al minimo l&#8217;impatto ambientale e massimizzare il riciclo delle materie prime in essi contenute. <\/span>[\/vc_column_text][vc_empty_space height=&#8221;70px&#8221;][\/vc_column][\/vc_row][vc_row][vc_column width=&#8221;1\/2&#8243;][vc_single_image image=&#8221;1225&#8243; img_size=&#8221;full&#8221;][vc_empty_space height=&#8221;70px&#8221;][\/vc_column][vc_column width=&#8221;1\/2&#8243;][vc_column_text]<span style=\"font-weight: 400;\">Solo attraverso <\/span><b>l&#8217;essiccazione dei fanghi della carta<\/b><span style=\"font-weight: 400;\">  Questo riduce il volume e il peso dei fanghi, minimizzando i costi e l&#8217;impatto ambientale del loro trasporto e smaltimento. L&#8217;essiccazione stabilizza i fanghi, riducendo il rilascio di odori e il rischio di contaminazione.   <\/span><\/p>\n<p><span style=\"font-weight: 400;\">Il <a href=\"https:\/\/schlammtrocknung.com\/schlammtrocknung-verfahren\/\">processo di essiccazione<\/a> consente inoltre di recuperare le fibre e le cariche per riutilizzarle nella produzione di carta o in altre applicazioni industriali, riducendo cos\u00ec la necessit\u00e0 di estrarre nuove materie prime e contribuendo alla conservazione delle risorse naturali.<\/span>[\/vc_column_text][\/vc_column][\/vc_row][vc_row][vc_column width=&#8221;1\/2&#8243;][vc_column_text]<\/p>\n<h2><span style=\"color: #728d2a;\">Essiccazione avanzata dei fanghi di carta con michel SLUDGE-DRYING-SYSTEMS<\/span><\/h2>\n<p><span style=\"font-weight: 400;\">michel SLUDGE-DRYING-SYSTEMS utilizza una tecnologia avanzata per l&#8217;essiccazione dei fanghi di carta. <\/span><b>essiccazione dei fanghi di carta<\/b><span style=\"font-weight: 400;\">l&#8217;alta <\/span><b>efficienza energetica<\/b><span style=\"font-weight: 400;\">  e a basso impatto ambientale. I nostri sistemi utilizzano una combinazione di   <\/span><b>Asciugatura a contatto e a convezione<\/b><span style=\"font-weight: 400;\">che consente un trasferimento di calore uniforme ed efficiente. <\/span> <\/p>\n<p><span style=\"font-weight: 400;\">Questo sistema funziona a basse temperature per ridurre i costi energetici. I sistemi modulari possono essere installati direttamente in loco e sono disponibili in varie dimensioni per soddisfare i diversi volumi e requisiti delle aziende di produzione della carta. <\/span>[\/vc_column_text][\/vc_column][vc_column width=&#8221;1\/2&#8243;][vc_single_image image=&#8221;373&#8243; img_size=&#8221;600&#215;480&#8243;][vc_empty_space height=&#8221;70px&#8221;][\/vc_column][\/vc_row][vc_row][vc_column width=&#8221;1\/2&#8243;][vc_single_image image=&#8221;371&#8243; img_size=&#8221;600&#215;550&#8243;][vc_empty_space height=&#8221;70px&#8221;][\/vc_column][vc_column width=&#8221;1\/2&#8243;][vc_column_text]<\/p>\n<h3><span style=\"color: #728d2a;\">Vantaggi dell&#8217;essiccazione dei fanghi di carta con i sistemi michel SLUDGE-DRYING-SYSTEMS<\/span><\/h3>\n<p><span style=\"font-weight: 400;\">In qualit\u00e0 di fornitore leader di sistemi specializzati per l&#8217;essiccazione dei fanghi della carta, ci sono molte buone ragioni per cui dovresti scegliere le nostre soluzioni:<\/span><\/p>\n<ul>\n<li style=\"font-weight: 400;\" aria-level=\"1\"><b>Nessun costo di trasporto: <\/b><span style=\"font-weight: 400;\">I nostri sistemi funzionano direttamente in loco e rendono obsoleto il trasporto aggiuntivo dei fanghi di carta non trattati.<\/span><\/li>\n<li style=\"font-weight: 400;\" aria-level=\"1\"><b>Costi operativi ridotti:<\/b><span style=\"font-weight: 400;\"> Grazie all&#8217;efficiente asciugatura a bassa temperatura, potrai beneficiare di un minor consumo energetico.<\/span><\/li>\n<li style=\"font-weight: 400;\" aria-level=\"1\"><b>Risparmio di spazio:<\/b><span style=\"font-weight: 400;\"> L&#8217;essiccazione dei fanghi riduce il volume dei fanghi della carta e quindi le dimensioni dell&#8217;area di stoccaggio.<\/span><\/li>\n<li style=\"font-weight: 400;\" aria-level=\"1\"><b>Migliore qualit\u00e0 del materiale:<\/b><span style=\"font-weight: 400;\"> Il nostro processo di essiccazione delicato preserva la qualit\u00e0 della fibra per ulteriori applicazioni industriali.<\/span><\/li>\n<li style=\"font-weight: 400;\" aria-level=\"1\"><b>Flessibilit\u00e0:<\/b><span style=\"font-weight: 400;\"> I nostri sistemi personalizzabili possono essere adattati a diverse qualit\u00e0 e quantit\u00e0 di fango.<\/span><\/li>\n<\/ul>\n<p>[\/vc_column_text][\/vc_column][\/vc_row][vc_row][vc_column][vc_cta h2=&#8221;Mettiti in contatto con noi!&#8221; txt_align=&#8221;center&#8221; add_button=&#8221;bottom&#8221; btn_title=&#8221;Contattaci!&#8221; btn_style=&#8221;gradient-custom&#8221; btn_gradient_custom_color_1=&#8221;#728d2a&#8221; btn_gradient_custom_color_2=&#8221;#728d2a&#8221; btn_align=&#8221;center&#8221; btn_link=&#8221;url:https%3A%2F%2Fschlammtrocknung.com%2Fit%2Fcontattaci%2F|title:Contattaci|&#8221;]<\/p>\n<p style=\"text-align: center;\"><span style=\"font-weight: 400;\">Con le soluzioni avanzate di <\/span><b>michel SLUDGE-DRYING-SYSTEMS<\/b><span style=\"font-weight: 400;\"> nel campo dell&#8217;essiccazione dei <\/span><b>essiccazione dei fanghi della carta<\/b><span style=\"font-weight: 400;\">  non solo puoi smaltire i tuoi rifiuti in modo professionale, ma puoi anche contribuire attivamente alla tutela dell&#8217;ambiente. Contattaci oggi stesso per saperne di pi\u00f9 sulle nostre strutture e su come possiamo aiutarti a raggiungere i tuoi obiettivi ambientali. <\/span><\/p>\n<p>[\/vc_cta][vc_empty_space height=&#8221;50px&#8221;][\/vc_column][\/vc_row][vc_row][vc_column][vc_column_text]<\/p>\n<h2 style=\"text-align: center;\"><span style=\"color: #728d2a;\">FAQ &#8211; Domande frequenti sull&#8217;essiccazione dei fanghi di carta<\/span><\/h2>\n<p>[\/vc_column_text][\/vc_column][\/vc_row][vc_row][vc_column][vc_toggle title=&#8221;Cosa sono i fanghi di carta e come si producono?&#8221;]<span style=\"font-weight: 400;\">I fanghi di carta sono un sottoprodotto della produzione della carta, composto da fibre, riempitivi e sostanze chimiche. Si formano quando la pasta viene pulita e l&#8217;acqua viene filtrata durante il processo di produzione. <\/span>[\/vc_toggle][vc_toggle title=&#8221;Perch\u00e9 l&apos;essiccazione dei fanghi di carta \u00e8 importante?&#8221;]<span style=\"font-weight: 400;\">L&#8217;essiccazione riduce il volume e il peso dei fanghi di carta, abbassa i costi di trasporto e smaltimento e minimizza l&#8217;impatto ambientale. Inoltre, consente il recupero e il riutilizzo di fibre e cariche preziose. <\/span>[\/vc_toggle][vc_toggle title=&#8221;Come funziona l&apos;essiccazione dei fanghi di carta?&#8221;]michel SLUDGE-DRYING-SYSTEMS utilizza tecnologie di essiccazione avanzate, tra cui l&#8217;essiccazione per contatto e per convezione a basse temperature, che garantiscono un&#8217;essiccazione efficiente e a risparmio energetico. In questo modo si riduce il contenuto d&#8217;acqua del fango e quindi anche il suo volume.[\/vc_toggle][\/vc_column][\/vc_row]<\/p>\n<\/div>","protected":false},"excerpt":{"rendered":"<p>[vc_row content_placement=&#8221;top&#8221;][vc_column][vc_column_text] Essiccazione dei fanghi della carta: utilizzare i rifiuti e proteggere l&#8217;ambiente [\/vc_column_text][vc_column_text] Usa le soluzioni avanzate di michel SLUDGE-DRYING-SYSTEMS per un&#8217;essiccazione dei fanghi di carta efficiente e rispettosa dell&#8217;ambiente l&#8217;essiccazione dei fanghi della carta. I nostri sistemi consentono di ridurre al minimo il volume degli scarti di produzione e di smaltirli o riciclarli&hellip;<\/p>\n","protected":false},"author":1,"featured_media":0,"parent":1807,"menu_order":0,"comment_status":"closed","ping_status":"closed","template":"","meta":{"footnotes":""},"class_list":["post-2335","page","type-page","status-publish","hentry","description-off"],"yoast_head":"<!-- This site is optimized with the Yoast SEO plugin v27.3 - https:\/\/yoast.com\/product\/yoast-seo-wordpress\/ -->\n<title>Essiccazione dei fanghi di carta | Essiccazione dei fanghi Michel<\/title>\n<meta name=\"description\" content=\"Scopri l&#039;efficiente sistema di essiccazione dei fanghi di carta di michel SLUDGE-DRYING-SYSTEMS per un utilizzo sostenibile dei rifiuti.\" \/>\n<meta name=\"robots\" content=\"index, follow, max-snippet:-1, max-image-preview:large, max-video-preview:-1\" \/>\n<link rel=\"canonical\" href=\"https:\/\/schlammtrocknung.com\/it\/servizi\/essiccazione-dei-fanghi-della-carta\/\" \/>\n<meta property=\"og:locale\" content=\"it_IT\" \/>\n<meta property=\"og:type\" content=\"article\" \/>\n<meta property=\"og:title\" content=\"Essiccazione dei fanghi di carta | Essiccazione dei fanghi Michel\" \/>\n<meta property=\"og:description\" content=\"Scopri l&#039;efficiente sistema di essiccazione dei fanghi di carta di michel SLUDGE-DRYING-SYSTEMS per un utilizzo sostenibile dei rifiuti.\" \/>\n<meta property=\"og:url\" content=\"https:\/\/schlammtrocknung.com\/it\/servizi\/essiccazione-dei-fanghi-della-carta\/\" \/>\n<meta property=\"og:site_name\" content=\"Schlammtrocknung \u2013 michel SLUDGE DRYING SYSTEM\" \/>\n<meta property=\"article:modified_time\" content=\"2025-05-09T08:43:33+00:00\" \/>\n<meta name=\"twitter:card\" content=\"summary_large_image\" \/>\n<meta name=\"twitter:label1\" content=\"Tempo di lettura stimato\" \/>\n\t<meta name=\"twitter:data1\" content=\"5 minuti\" \/>\n<script type=\"application\/ld+json\" class=\"yoast-schema-graph\">{\"@context\":\"https:\\\/\\\/schema.org\",\"@graph\":[{\"@type\":\"WebPage\",\"@id\":\"https:\\\/\\\/schlammtrocknung.com\\\/it\\\/servizi\\\/essiccazione-dei-fanghi-della-carta\\\/\",\"url\":\"https:\\\/\\\/schlammtrocknung.com\\\/it\\\/servizi\\\/essiccazione-dei-fanghi-della-carta\\\/\",\"name\":\"Essiccazione dei fanghi di carta | Essiccazione dei fanghi Michel\",\"isPartOf\":{\"@id\":\"https:\\\/\\\/schlammtrocknung.com\\\/#website\"},\"datePublished\":\"2024-09-04T10:54:09+00:00\",\"dateModified\":\"2025-05-09T08:43:33+00:00\",\"description\":\"Scopri l'efficiente sistema di essiccazione dei fanghi di carta di michel SLUDGE-DRYING-SYSTEMS per un utilizzo sostenibile dei rifiuti.\",\"breadcrumb\":{\"@id\":\"https:\\\/\\\/schlammtrocknung.com\\\/it\\\/servizi\\\/essiccazione-dei-fanghi-della-carta\\\/#breadcrumb\"},\"inLanguage\":\"it-IT\",\"potentialAction\":[{\"@type\":\"ReadAction\",\"target\":[\"https:\\\/\\\/schlammtrocknung.com\\\/it\\\/servizi\\\/essiccazione-dei-fanghi-della-carta\\\/\"]}]},{\"@type\":\"BreadcrumbList\",\"@id\":\"https:\\\/\\\/schlammtrocknung.com\\\/it\\\/servizi\\\/essiccazione-dei-fanghi-della-carta\\\/#breadcrumb\",\"itemListElement\":[{\"@type\":\"ListItem\",\"position\":1,\"name\":\"Startseite\",\"item\":\"https:\\\/\\\/schlammtrocknung.com\\\/it\\\/pagina-iniziale-2\\\/\"},{\"@type\":\"ListItem\",\"position\":2,\"name\":\"Servizi\",\"item\":\"https:\\\/\\\/schlammtrocknung.com\\\/it\\\/servizi\\\/\"},{\"@type\":\"ListItem\",\"position\":3,\"name\":\"Essiccazione dei fanghi della carta\"}]},{\"@type\":\"WebSite\",\"@id\":\"https:\\\/\\\/schlammtrocknung.com\\\/#website\",\"url\":\"https:\\\/\\\/schlammtrocknung.com\\\/\",\"name\":\"Schlammtrocknung | SDS - Schlammtrocknung\",\"description\":\"Schlamm- L\u00f6sungen f\u00fcr Kl\u00e4rwerke, Industrie und Umwelt\",\"publisher\":{\"@id\":\"https:\\\/\\\/schlammtrocknung.com\\\/#organization\"},\"potentialAction\":[{\"@type\":\"SearchAction\",\"target\":{\"@type\":\"EntryPoint\",\"urlTemplate\":\"https:\\\/\\\/schlammtrocknung.com\\\/?s={search_term_string}\"},\"query-input\":{\"@type\":\"PropertyValueSpecification\",\"valueRequired\":true,\"valueName\":\"search_term_string\"}}],\"inLanguage\":\"it-IT\"},{\"@type\":\"Organization\",\"@id\":\"https:\\\/\\\/schlammtrocknung.com\\\/#organization\",\"name\":\"Schlammtrocknung | SDS - Schlammtrocknung\",\"url\":\"https:\\\/\\\/schlammtrocknung.com\\\/\",\"logo\":{\"@type\":\"ImageObject\",\"inLanguage\":\"it-IT\",\"@id\":\"https:\\\/\\\/schlammtrocknung.com\\\/#\\\/schema\\\/logo\\\/image\\\/\",\"url\":\"https:\\\/\\\/schlammtrocknung.com\\\/wp-content\\\/uploads\\\/2023\\\/02\\\/logo_sds-1.png\",\"contentUrl\":\"https:\\\/\\\/schlammtrocknung.com\\\/wp-content\\\/uploads\\\/2023\\\/02\\\/logo_sds-1.png\",\"width\":697,\"height\":187,\"caption\":\"Schlammtrocknung | SDS - Schlammtrocknung\"},\"image\":{\"@id\":\"https:\\\/\\\/schlammtrocknung.com\\\/#\\\/schema\\\/logo\\\/image\\\/\"}}]}<\/script>\n<!-- \/ Yoast SEO plugin. -->","yoast_head_json":{"title":"Essiccazione dei fanghi di carta | Essiccazione dei fanghi Michel","description":"Scopri l'efficiente sistema di essiccazione dei fanghi di carta di michel SLUDGE-DRYING-SYSTEMS per un utilizzo sostenibile dei rifiuti.","robots":{"index":"index","follow":"follow","max-snippet":"max-snippet:-1","max-image-preview":"max-image-preview:large","max-video-preview":"max-video-preview:-1"},"canonical":"https:\/\/schlammtrocknung.com\/it\/servizi\/essiccazione-dei-fanghi-della-carta\/","og_locale":"it_IT","og_type":"article","og_title":"Essiccazione dei fanghi di carta | Essiccazione dei fanghi Michel","og_description":"Scopri l'efficiente sistema di essiccazione dei fanghi di carta di michel SLUDGE-DRYING-SYSTEMS per un utilizzo sostenibile dei rifiuti.","og_url":"https:\/\/schlammtrocknung.com\/it\/servizi\/essiccazione-dei-fanghi-della-carta\/","og_site_name":"Schlammtrocknung \u2013 michel SLUDGE DRYING SYSTEM","article_modified_time":"2025-05-09T08:43:33+00:00","twitter_card":"summary_large_image","twitter_misc":{"Tempo di lettura stimato":"5 minuti"},"schema":{"@context":"https:\/\/schema.org","@graph":[{"@type":"WebPage","@id":"https:\/\/schlammtrocknung.com\/it\/servizi\/essiccazione-dei-fanghi-della-carta\/","url":"https:\/\/schlammtrocknung.com\/it\/servizi\/essiccazione-dei-fanghi-della-carta\/","name":"Essiccazione dei fanghi di carta | Essiccazione dei fanghi Michel","isPartOf":{"@id":"https:\/\/schlammtrocknung.com\/#website"},"datePublished":"2024-09-04T10:54:09+00:00","dateModified":"2025-05-09T08:43:33+00:00","description":"Scopri l'efficiente sistema di essiccazione dei fanghi di carta di michel SLUDGE-DRYING-SYSTEMS per un utilizzo sostenibile dei rifiuti.","breadcrumb":{"@id":"https:\/\/schlammtrocknung.com\/it\/servizi\/essiccazione-dei-fanghi-della-carta\/#breadcrumb"},"inLanguage":"it-IT","potentialAction":[{"@type":"ReadAction","target":["https:\/\/schlammtrocknung.com\/it\/servizi\/essiccazione-dei-fanghi-della-carta\/"]}]},{"@type":"BreadcrumbList","@id":"https:\/\/schlammtrocknung.com\/it\/servizi\/essiccazione-dei-fanghi-della-carta\/#breadcrumb","itemListElement":[{"@type":"ListItem","position":1,"name":"Startseite","item":"https:\/\/schlammtrocknung.com\/it\/pagina-iniziale-2\/"},{"@type":"ListItem","position":2,"name":"Servizi","item":"https:\/\/schlammtrocknung.com\/it\/servizi\/"},{"@type":"ListItem","position":3,"name":"Essiccazione dei fanghi della carta"}]},{"@type":"WebSite","@id":"https:\/\/schlammtrocknung.com\/#website","url":"https:\/\/schlammtrocknung.com\/","name":"Schlammtrocknung | SDS - Schlammtrocknung","description":"Schlamm- L\u00f6sungen f\u00fcr Kl\u00e4rwerke, Industrie und Umwelt","publisher":{"@id":"https:\/\/schlammtrocknung.com\/#organization"},"potentialAction":[{"@type":"SearchAction","target":{"@type":"EntryPoint","urlTemplate":"https:\/\/schlammtrocknung.com\/?s={search_term_string}"},"query-input":{"@type":"PropertyValueSpecification","valueRequired":true,"valueName":"search_term_string"}}],"inLanguage":"it-IT"},{"@type":"Organization","@id":"https:\/\/schlammtrocknung.com\/#organization","name":"Schlammtrocknung | SDS - Schlammtrocknung","url":"https:\/\/schlammtrocknung.com\/","logo":{"@type":"ImageObject","inLanguage":"it-IT","@id":"https:\/\/schlammtrocknung.com\/#\/schema\/logo\/image\/","url":"https:\/\/schlammtrocknung.com\/wp-content\/uploads\/2023\/02\/logo_sds-1.png","contentUrl":"https:\/\/schlammtrocknung.com\/wp-content\/uploads\/2023\/02\/logo_sds-1.png","width":697,"height":187,"caption":"Schlammtrocknung | SDS - Schlammtrocknung"},"image":{"@id":"https:\/\/schlammtrocknung.com\/#\/schema\/logo\/image\/"}}]}},"_links":{"self":[{"href":"https:\/\/schlammtrocknung.com\/it\/wp-json\/wp\/v2\/pages\/2335","targetHints":{"allow":["GET"]}}],"collection":[{"href":"https:\/\/schlammtrocknung.com\/it\/wp-json\/wp\/v2\/pages"}],"about":[{"href":"https:\/\/schlammtrocknung.com\/it\/wp-json\/wp\/v2\/types\/page"}],"author":[{"embeddable":true,"href":"https:\/\/schlammtrocknung.com\/it\/wp-json\/wp\/v2\/users\/1"}],"replies":[{"embeddable":true,"href":"https:\/\/schlammtrocknung.com\/it\/wp-json\/wp\/v2\/comments?post=2335"}],"version-history":[{"count":2,"href":"https:\/\/schlammtrocknung.com\/it\/wp-json\/wp\/v2\/pages\/2335\/revisions"}],"predecessor-version":[{"id":2342,"href":"https:\/\/schlammtrocknung.com\/it\/wp-json\/wp\/v2\/pages\/2335\/revisions\/2342"}],"up":[{"embeddable":true,"href":"https:\/\/schlammtrocknung.com\/it\/wp-json\/wp\/v2\/pages\/1807"}],"wp:attachment":[{"href":"https:\/\/schlammtrocknung.com\/it\/wp-json\/wp\/v2\/media?parent=2335"}],"curies":[{"name":"wp","href":"https:\/\/api.w.org\/{rel}","templated":true}]}}