{"id":2357,"date":"2024-09-04T12:24:34","date_gmt":"2024-09-04T10:24:34","guid":{"rendered":"https:\/\/schlammtrocknung.com\/servizi\/essiccazione-dei-fanghi-metallici\/"},"modified":"2025-05-09T10:46:00","modified_gmt":"2025-05-09T08:46:00","slug":"essiccazione-dei-fanghi-metallici","status":"publish","type":"page","link":"https:\/\/schlammtrocknung.com\/it\/servizi\/essiccazione-dei-fanghi-metallici\/","title":{"rendered":"Essiccazione dei fanghi metallici"},"content":{"rendered":"<div class=\"wpb-content-wrapper\"><p>[vc_row content_placement=&#8221;top&#8221;][vc_column][vc_column_text]<\/p>\n<h1 style=\"text-align: center;\"><span style=\"color: #728d2a;\">Trattamento efficiente dei rifiuti: essiccazione dei fanghi metallici direttamente in loco<br \/>\n<\/span><\/h1>\n<p>[\/vc_column_text][vc_column_text]<\/p>\n<p style=\"text-align: center;\"><span style=\"font-weight: 400;\">Affidati a un sistema avanzato di <\/span><b>essiccazione dei fanghi metallici<\/b><span style=\"font-weight: 400;\"> da <\/span><b>michel SLUDGE-DRYING-SYSTEMS<\/b><span style=\"font-weight: 400;\"> per un trattamento dei rifiuti ecologico ed efficiente<\/span><b> trattamento dei rifiuti e recupero dei metalli direttamente in loco<\/b><span style=\"font-weight: 400;\">.<\/span><\/p>\n<p>[\/vc_column_text][vc_empty_space height=&#8221;50px&#8221;][\/vc_column][\/vc_row][vc_row][vc_column width=&#8221;2\/3&#8243;][vc_column_text]<\/p>\n<h2><span style=\"color: #728d2a;\">Fanghi metallici: sfide e opportunit\u00e0<\/span><\/h2>\n<p><b>Fanghi metallici<\/b><span style=\"font-weight: 400;\">  \u00e8 prodotto principalmente nei processi industriali come la lavorazione dei metalli o il trattamento delle acque, dove i metalli vengono filtrati dai liquidi. Consiste in una concentrazione di   <\/span><b>particelle metalliche<\/b><span style=\"font-weight: 400;\">che spesso possono contenere metalli preziosi come oro, argento, rame e nichel. <\/span> <\/p>\n<p><span style=\"font-weight: 400;\">Oltre a questi preziosi componenti, i fanghi metallici contengono anche <\/span><b>impurit\u00e0<\/b><span style=\"font-weight: 400;\">che richiedono un trattamento e uno smaltimento o un riciclaggio rispettosi dell&#8217;ambiente. Il trattamento efficace dei fanghi metallici \u00e8 fondamentale per recuperare i metalli preziosi che contengono e ridurre al minimo l&#8217;inquinamento ambientale. <\/span><\/p>\n<h3><\/h3>\n<h3><span style=\"color: #728d2a;\">Dall&#8217;industria mineraria alla galvanotecnica: dove si producono i fanghi metallici  <\/span><\/h3>\n<p><span style=\"font-weight: 400;\">I fanghi metallici vengono prodotti in un gran numero di processi industriali in cui viene utilizzato il metallo:<\/span>[\/vc_column_text][vc_empty_space height=&#8221;70px&#8221;][\/vc_column][vc_column width=&#8221;1\/3&#8243;][vc_single_image image=&#8221;1169&#8243; img_size=&#8221;400&#215;500&#8243;][\/vc_column][\/vc_row][vc_row][vc_column width=&#8221;1\/2&#8243;][vc_single_image image=&#8221;1170&#8243; img_size=&#8221;600&#215;500&#8243;][vc_empty_space height=&#8221;70px&#8221;][\/vc_column][vc_column width=&#8221;1\/2&#8243;][vc_column_text]<\/p>\n<ul>\n<li style=\"font-weight: 400;\" aria-level=\"1\"><b>Lavorazione e raffinazione dei metalli:<\/b><span style=\"font-weight: 400;\"> Durante processi come la smerigliatura, la lucidatura, l&#8217;incisione e la pulizia dei metalli<\/span><span style=\"font-weight: 400;\"> producono particelle fini e residui<\/span><span style=\"font-weight: 400;\">raccolti come fanghi metallici.<\/span><\/li>\n<li style=\"font-weight: 400;\" aria-level=\"1\"><b>Galvanotecnica:<\/b> <span style=\"font-weight: 400;\">La galvanizzazione produce spesso fanghi che contengono metalli pesanti come cromo, zinco, rame, nichel e cadmio.<\/span><\/li>\n<li style=\"font-weight: 400;\" aria-level=\"1\"><b>Trattamento delle acque reflue nell&#8217;industria:<\/b> <span style=\"font-weight: 400;\">Durante il trattamento delle acque reflue industriali contenenti metalli, questi vengono spesso separati sotto forma di fanghi.<\/span><\/li>\n<li style=\"font-weight: 400;\" aria-level=\"1\"><b>Estrazione e lavorazione dei minerali:<\/b> <span style=\"font-weight: 400;\">Durante l&#8217;estrazione e la lavorazione dei minerali, si producono fanghi contenenti metalli e altri minerali.<\/span><\/li>\n<li style=\"font-weight: 400;\" aria-level=\"1\"><b>Produzione chimica:<\/b><span style=\"font-weight: 400;\"> Nell&#8217;industria chimica, soprattutto nei processi che utilizzano catalizzatori a base di metalli, i fanghi metallici vengono prodotti come sottoprodotto.<\/span><\/li>\n<\/ul>\n<p>[\/vc_column_text][\/vc_column][\/vc_row][vc_row][vc_column width=&#8221;1\/2&#8243;][vc_column_text]<\/p>\n<h2><span style=\"color: #728d2a;\">L&#8217;essiccazione dei fanghi metallici come processo indispensabile per diverse industrie<\/span><\/h2>\n<p><span style=\"font-weight: 400;\">In tutti questi processi, la gestione dei fanghi metallici \u00e8 fondamentale per prevenire l&#8217;inquinamento ambientale e recuperare metalli preziosi. Il   <\/span><b>L&#8217;essiccazione dei fanghi metallici<\/b><span style=\"font-weight: 400;\"> \u00e8 una fase critica del processo di recupero dei metalli. <\/span><b>recupero dei metalli<\/b><span style=\"font-weight: 400;\">. Riducendo il  <\/span><a href=\"http:\/\/schlammtrocknung.com\/glossar\/wassergehalt\"><span style=\"font-weight: 400;\">contenuto d&#8217;acqua<\/span><\/a><span style=\"font-weight: 400;\"> Il peso e il volume dei fanghi si riducono in modo significativo, aumentando l&#8217;efficienza del trasporto e della successiva lavorazione. <\/span> <\/p>\n<p><span style=\"font-weight: 400;\">I fanghi metallici secchi sono pi\u00f9 facili da gestire, stoccare e trasportare. Inoltre, l&#8217;essiccamento facilita la separazione dei metalli da altri contaminanti non metallici, aumenta il rendimento dei fanghi.   <\/span><b>purezza<\/b><span style=\"font-weight: 400;\"> del prodotto finale e riduce i costi del trattamento termico nelle fasi successive del processo. <\/span>[\/vc_column_text][vc_message]<i><span style=\"font-weight: 400;\">Ricorda:<\/span><\/i><\/p>\n<p><i><span style=\"font-weight: 400;\">L&#8217;essiccazione dei fanghi metallici \u00e8 un processo essenziale per aumentare il valore e ridurre l&#8217;impatto ambientale.<\/span><\/i>[\/vc_message][\/vc_column][vc_column width=&#8221;1\/2&#8243;][vc_single_image image=&#8221;373&#8243; img_size=&#8221;600&#215;580&#8243;][vc_empty_space height=&#8221;70px&#8221;][\/vc_column][\/vc_row][vc_row][vc_column width=&#8221;1\/2&#8243;][vc_single_image image=&#8221;371&#8243; img_size=&#8221;600&#215;560&#8243;][vc_empty_space height=&#8221;70px&#8221;][\/vc_column][vc_column width=&#8221;1\/2&#8243;][vc_column_text]<\/p>\n<h2><span style=\"color: #728d2a;\">In che modo michel SLUDGE-DRYING-SYSTEMS rende possibile il recupero dei metalli  <\/span><\/h2>\n<p><span style=\"font-weight: 400;\">michel SLUDGE-DRYING-SYSTEMS utilizza le pi\u00f9 recenti tecnologie per l&#8217;essiccazione dei fanghi metallici. Il nostro <\/span> <b> sistemi modulari<\/b><span style=\"font-weight: 400;\"> utilizzano una combinazione avanzata di <\/span><b>essiccazione a contatto e a convezione<\/b><span style=\"font-weight: 400;\">che consente un&#8217;asciugatura uniforme ed efficiente, anche a basse temperature. <\/span> <\/p>\n<p><span style=\"font-weight: 400;\">In questo modo non solo si protegge l&#8217;ambiente, ma anche la struttura materiale dei fanghi. I nostri sistemi sono progettati in modo flessibile per essere adattati a dimensioni e condizioni diverse e possono essere   <\/span><b>direttamente al punto di origine del fango <\/b><span style=\"font-weight: 400;\">per ridurre al minimo i costi di trasporto e logistica.<\/span><\/p>\n<p><span style=\"font-weight: 400;\">Attraverso un&#8217;ulteriore lavorazione come <\/span><b>fusione<\/b><span style=\"font-weight: 400;\"> o <\/span><b>estrazione chimica<\/b><span style=\"font-weight: 400;\"> il processo di essiccazione dei fanghi metallici pu\u00f2 essere seguito da <\/span><b>recupero delle materie prime<\/b><span style=\"font-weight: 400;\"> pu\u00f2 iniziare. <\/span>[\/vc_column_text][\/vc_column][\/vc_row][vc_row][vc_column width=&#8221;1\/2&#8243;][vc_column_text]<\/p>\n<h3><span style=\"color: #728d2a;\">Vantaggi dell&#8217;essiccazione dei fanghi metallici con il sistema michel SLUDGE-DRYING-SYSTEMS<\/span><\/h3>\n<p><span style=\"font-weight: 400;\">I sistemi per <\/span><b>essiccazione dei fanghi metallici<\/b><span style=\"font-weight: 400;\">  di michel SLUDGE-DRYING-SYSTEMS offrono vantaggi significativi che li rendono una soluzione sostenibile ed efficiente. Grazie al processo di essiccazione a bassa temperatura, la   <\/span><b>Consumo energetico notevolmente ridotto<\/b><span style=\"font-weight: 400;\">che non solo aumenta l&#8217;efficienza, ma riduce anche al minimo l&#8217;inquinamento da CO\u2082 e altre emissioni. <\/span> <\/p>\n<p><span style=\"font-weight: 400;\">I nostri sistemi riducono anche i costi operativi e di manutenzione, nonch\u00e9 i costi di trasporto e stoccaggio dei fanghi metallici. La loro flessibilit\u00e0 consente di trattare un&#8217;ampia variet\u00e0 di quantit\u00e0 e tipi di fanghi metallici.   <\/span><b>direttamente in loco e senza copertura<\/b><span style=\"font-weight: 400;\"> da lavorare. <\/span>[\/vc_column_text][vc_empty_space height=&#8221;70px&#8221;][\/vc_column][vc_column width=&#8221;1\/2&#8243;][vc_single_image image=&#8221;372&#8243; img_size=&#8221;600&#215;500&#8243;][\/vc_column][\/vc_row][vc_row][vc_column][vc_cta h2=&#8221;Inizia subito con l&apos;utilizzo sostenibile dei fanghi metallici&#8221; txt_align=&#8221;center&#8221; add_button=&#8221;bottom&#8221; btn_title=&#8221;Contattaci!&#8221; btn_style=&#8221;gradient-custom&#8221; btn_gradient_custom_color_1=&#8221;#728d2a&#8221; btn_gradient_custom_color_2=&#8221;#728d2a&#8221; btn_align=&#8221;center&#8221; btn_link=&#8221;url:https%3A%2F%2Fschlammtrocknung.com%2Fit%2Fcontattaci%2F|title:Contattaci|&#8221;]<\/p>\n<p style=\"text-align: center;\"><span style=\"font-weight: 400;\">Affidati a <\/span><b>michel SLUDGE-DRYING-SYSTEMS<\/b><span style=\"font-weight: 400;\">per la tua <\/span><b>essiccazione dei fanghi metallici<\/b><span style=\"font-weight: 400;\">  rivoluzionare la tua attivit\u00e0. Contattaci oggi stesso per saperne di pi\u00f9 sulle nostre soluzioni innovative e su come possiamo aiutarti a raggiungere i tuoi obiettivi ambientali ed economici. <\/span><\/p>\n<p>[\/vc_cta][vc_empty_space height=&#8221;50px&#8221;][\/vc_column][\/vc_row][vc_row][vc_column][vc_column_text]<\/p>\n<h2 style=\"text-align: center;\"><span style=\"color: #728d2a;\">FAQ &#8211; Domande frequenti sull&#8217;essiccazione dei fanghi metallici<\/span><\/h2>\n<p>[\/vc_column_text][\/vc_column][\/vc_row][vc_row][vc_column][vc_toggle title=&#8221;Cosa sono i fanghi metallici?&#8221;]<span style=\"font-weight: 400;\">I fanghi metallici sono un sottoprodotto di processi industriali come la lavorazione dei metalli e il trattamento delle acque che contiene particelle metalliche e impurit\u00e0. Vengono prodotti dalla filtrazione dei metalli dai liquidi e richiedono un trattamento accurato per essere riciclati o smaltiti. <\/span>[\/vc_toggle][vc_toggle title=&#8221;Quali sono i vantaggi dell&apos;essiccazione dei fanghi metallici?&#8221;]<span style=\"font-weight: 400;\">L&#8217;essiccazione dei fanghi metallici ne minimizza il volume e il peso, ne migliora la movimentazione e riduce i costi di trasporto. Inoltre, facilita la separazione dei metalli e delle impurit\u00e0 non metalliche, aumenta la purezza del prodotto finale e riduce l&#8217;impatto ambientale. Questo \u00e8 ci\u00f2 che rende possibile un efficace recupero dei metalli dai fanghi metallici.  <\/span>[\/vc_toggle][\/vc_column][\/vc_row]<\/p>\n<\/div>","protected":false},"excerpt":{"rendered":"<p>[vc_row content_placement=&#8221;top&#8221;][vc_column][vc_column_text] Trattamento efficiente dei rifiuti: essiccazione dei fanghi metallici direttamente in loco [\/vc_column_text][vc_column_text] Affidati a un sistema avanzato di essiccazione dei fanghi metallici da michel SLUDGE-DRYING-SYSTEMS per un trattamento dei rifiuti ecologico ed efficiente trattamento dei rifiuti e recupero dei metalli direttamente in loco. [\/vc_column_text][vc_empty_space height=&#8221;50px&#8221;][\/vc_column][\/vc_row][vc_row][vc_column width=&#8221;2\/3&#8243;][vc_column_text] Fanghi metallici: sfide e opportunit\u00e0 Fanghi metallici&hellip;<\/p>\n","protected":false},"author":1,"featured_media":0,"parent":1807,"menu_order":0,"comment_status":"closed","ping_status":"closed","template":"","meta":{"footnotes":""},"class_list":["post-2357","page","type-page","status-publish","hentry","description-off"],"yoast_head":"<!-- This site is optimized with the Yoast SEO plugin v27.3 - https:\/\/yoast.com\/product\/yoast-seo-wordpress\/ -->\n<title>Essiccazione dei fanghi metallici | Essiccazione dei fanghi Michel<\/title>\n<meta name=\"description\" content=\"Affidati a un trattamento efficace dei rifiuti e al recupero dei metalli con i sistemi di essiccazione dei fanghi metallici.\" \/>\n<meta name=\"robots\" content=\"index, follow, max-snippet:-1, max-image-preview:large, max-video-preview:-1\" \/>\n<link rel=\"canonical\" href=\"https:\/\/schlammtrocknung.com\/it\/servizi\/essiccazione-dei-fanghi-metallici\/\" \/>\n<meta property=\"og:locale\" content=\"it_IT\" \/>\n<meta property=\"og:type\" content=\"article\" \/>\n<meta property=\"og:title\" content=\"Essiccazione dei fanghi metallici | Essiccazione dei fanghi Michel\" \/>\n<meta property=\"og:description\" content=\"Affidati a un trattamento efficace dei rifiuti e al recupero dei metalli con i sistemi di essiccazione dei fanghi metallici.\" \/>\n<meta property=\"og:url\" content=\"https:\/\/schlammtrocknung.com\/it\/servizi\/essiccazione-dei-fanghi-metallici\/\" \/>\n<meta property=\"og:site_name\" content=\"Schlammtrocknung \u2013 michel SLUDGE DRYING SYSTEM\" \/>\n<meta property=\"article:modified_time\" content=\"2025-05-09T08:46:00+00:00\" \/>\n<meta name=\"twitter:card\" content=\"summary_large_image\" \/>\n<meta name=\"twitter:label1\" content=\"Tempo di lettura stimato\" \/>\n\t<meta name=\"twitter:data1\" content=\"5 minuti\" \/>\n<script type=\"application\/ld+json\" class=\"yoast-schema-graph\">{\"@context\":\"https:\\\/\\\/schema.org\",\"@graph\":[{\"@type\":\"WebPage\",\"@id\":\"https:\\\/\\\/schlammtrocknung.com\\\/it\\\/servizi\\\/essiccazione-dei-fanghi-metallici\\\/\",\"url\":\"https:\\\/\\\/schlammtrocknung.com\\\/it\\\/servizi\\\/essiccazione-dei-fanghi-metallici\\\/\",\"name\":\"Essiccazione dei fanghi metallici | Essiccazione dei fanghi Michel\",\"isPartOf\":{\"@id\":\"https:\\\/\\\/schlammtrocknung.com\\\/#website\"},\"datePublished\":\"2024-09-04T10:24:34+00:00\",\"dateModified\":\"2025-05-09T08:46:00+00:00\",\"description\":\"Affidati a un trattamento efficace dei rifiuti e al recupero dei metalli con i sistemi di essiccazione dei fanghi metallici.\",\"breadcrumb\":{\"@id\":\"https:\\\/\\\/schlammtrocknung.com\\\/it\\\/servizi\\\/essiccazione-dei-fanghi-metallici\\\/#breadcrumb\"},\"inLanguage\":\"it-IT\",\"potentialAction\":[{\"@type\":\"ReadAction\",\"target\":[\"https:\\\/\\\/schlammtrocknung.com\\\/it\\\/servizi\\\/essiccazione-dei-fanghi-metallici\\\/\"]}]},{\"@type\":\"BreadcrumbList\",\"@id\":\"https:\\\/\\\/schlammtrocknung.com\\\/it\\\/servizi\\\/essiccazione-dei-fanghi-metallici\\\/#breadcrumb\",\"itemListElement\":[{\"@type\":\"ListItem\",\"position\":1,\"name\":\"Startseite\",\"item\":\"https:\\\/\\\/schlammtrocknung.com\\\/it\\\/pagina-iniziale-2\\\/\"},{\"@type\":\"ListItem\",\"position\":2,\"name\":\"Servizi\",\"item\":\"https:\\\/\\\/schlammtrocknung.com\\\/it\\\/servizi\\\/\"},{\"@type\":\"ListItem\",\"position\":3,\"name\":\"Essiccazione dei fanghi metallici\"}]},{\"@type\":\"WebSite\",\"@id\":\"https:\\\/\\\/schlammtrocknung.com\\\/#website\",\"url\":\"https:\\\/\\\/schlammtrocknung.com\\\/\",\"name\":\"Schlammtrocknung | SDS - Schlammtrocknung\",\"description\":\"Schlamm- L\u00f6sungen f\u00fcr Kl\u00e4rwerke, Industrie und Umwelt\",\"publisher\":{\"@id\":\"https:\\\/\\\/schlammtrocknung.com\\\/#organization\"},\"potentialAction\":[{\"@type\":\"SearchAction\",\"target\":{\"@type\":\"EntryPoint\",\"urlTemplate\":\"https:\\\/\\\/schlammtrocknung.com\\\/?s={search_term_string}\"},\"query-input\":{\"@type\":\"PropertyValueSpecification\",\"valueRequired\":true,\"valueName\":\"search_term_string\"}}],\"inLanguage\":\"it-IT\"},{\"@type\":\"Organization\",\"@id\":\"https:\\\/\\\/schlammtrocknung.com\\\/#organization\",\"name\":\"Schlammtrocknung | SDS - Schlammtrocknung\",\"url\":\"https:\\\/\\\/schlammtrocknung.com\\\/\",\"logo\":{\"@type\":\"ImageObject\",\"inLanguage\":\"it-IT\",\"@id\":\"https:\\\/\\\/schlammtrocknung.com\\\/#\\\/schema\\\/logo\\\/image\\\/\",\"url\":\"https:\\\/\\\/schlammtrocknung.com\\\/wp-content\\\/uploads\\\/2023\\\/02\\\/logo_sds-1.png\",\"contentUrl\":\"https:\\\/\\\/schlammtrocknung.com\\\/wp-content\\\/uploads\\\/2023\\\/02\\\/logo_sds-1.png\",\"width\":697,\"height\":187,\"caption\":\"Schlammtrocknung | SDS - Schlammtrocknung\"},\"image\":{\"@id\":\"https:\\\/\\\/schlammtrocknung.com\\\/#\\\/schema\\\/logo\\\/image\\\/\"}}]}<\/script>\n<!-- \/ Yoast SEO plugin. -->","yoast_head_json":{"title":"Essiccazione dei fanghi metallici | Essiccazione dei fanghi Michel","description":"Affidati a un trattamento efficace dei rifiuti e al recupero dei metalli con i sistemi di essiccazione dei fanghi metallici.","robots":{"index":"index","follow":"follow","max-snippet":"max-snippet:-1","max-image-preview":"max-image-preview:large","max-video-preview":"max-video-preview:-1"},"canonical":"https:\/\/schlammtrocknung.com\/it\/servizi\/essiccazione-dei-fanghi-metallici\/","og_locale":"it_IT","og_type":"article","og_title":"Essiccazione dei fanghi metallici | Essiccazione dei fanghi Michel","og_description":"Affidati a un trattamento efficace dei rifiuti e al recupero dei metalli con i sistemi di essiccazione dei fanghi metallici.","og_url":"https:\/\/schlammtrocknung.com\/it\/servizi\/essiccazione-dei-fanghi-metallici\/","og_site_name":"Schlammtrocknung \u2013 michel SLUDGE DRYING SYSTEM","article_modified_time":"2025-05-09T08:46:00+00:00","twitter_card":"summary_large_image","twitter_misc":{"Tempo di lettura stimato":"5 minuti"},"schema":{"@context":"https:\/\/schema.org","@graph":[{"@type":"WebPage","@id":"https:\/\/schlammtrocknung.com\/it\/servizi\/essiccazione-dei-fanghi-metallici\/","url":"https:\/\/schlammtrocknung.com\/it\/servizi\/essiccazione-dei-fanghi-metallici\/","name":"Essiccazione dei fanghi metallici | Essiccazione dei fanghi Michel","isPartOf":{"@id":"https:\/\/schlammtrocknung.com\/#website"},"datePublished":"2024-09-04T10:24:34+00:00","dateModified":"2025-05-09T08:46:00+00:00","description":"Affidati a un trattamento efficace dei rifiuti e al recupero dei metalli con i sistemi di essiccazione dei fanghi metallici.","breadcrumb":{"@id":"https:\/\/schlammtrocknung.com\/it\/servizi\/essiccazione-dei-fanghi-metallici\/#breadcrumb"},"inLanguage":"it-IT","potentialAction":[{"@type":"ReadAction","target":["https:\/\/schlammtrocknung.com\/it\/servizi\/essiccazione-dei-fanghi-metallici\/"]}]},{"@type":"BreadcrumbList","@id":"https:\/\/schlammtrocknung.com\/it\/servizi\/essiccazione-dei-fanghi-metallici\/#breadcrumb","itemListElement":[{"@type":"ListItem","position":1,"name":"Startseite","item":"https:\/\/schlammtrocknung.com\/it\/pagina-iniziale-2\/"},{"@type":"ListItem","position":2,"name":"Servizi","item":"https:\/\/schlammtrocknung.com\/it\/servizi\/"},{"@type":"ListItem","position":3,"name":"Essiccazione dei fanghi metallici"}]},{"@type":"WebSite","@id":"https:\/\/schlammtrocknung.com\/#website","url":"https:\/\/schlammtrocknung.com\/","name":"Schlammtrocknung | SDS - Schlammtrocknung","description":"Schlamm- L\u00f6sungen f\u00fcr Kl\u00e4rwerke, Industrie und Umwelt","publisher":{"@id":"https:\/\/schlammtrocknung.com\/#organization"},"potentialAction":[{"@type":"SearchAction","target":{"@type":"EntryPoint","urlTemplate":"https:\/\/schlammtrocknung.com\/?s={search_term_string}"},"query-input":{"@type":"PropertyValueSpecification","valueRequired":true,"valueName":"search_term_string"}}],"inLanguage":"it-IT"},{"@type":"Organization","@id":"https:\/\/schlammtrocknung.com\/#organization","name":"Schlammtrocknung | SDS - Schlammtrocknung","url":"https:\/\/schlammtrocknung.com\/","logo":{"@type":"ImageObject","inLanguage":"it-IT","@id":"https:\/\/schlammtrocknung.com\/#\/schema\/logo\/image\/","url":"https:\/\/schlammtrocknung.com\/wp-content\/uploads\/2023\/02\/logo_sds-1.png","contentUrl":"https:\/\/schlammtrocknung.com\/wp-content\/uploads\/2023\/02\/logo_sds-1.png","width":697,"height":187,"caption":"Schlammtrocknung | SDS - Schlammtrocknung"},"image":{"@id":"https:\/\/schlammtrocknung.com\/#\/schema\/logo\/image\/"}}]}},"_links":{"self":[{"href":"https:\/\/schlammtrocknung.com\/it\/wp-json\/wp\/v2\/pages\/2357","targetHints":{"allow":["GET"]}}],"collection":[{"href":"https:\/\/schlammtrocknung.com\/it\/wp-json\/wp\/v2\/pages"}],"about":[{"href":"https:\/\/schlammtrocknung.com\/it\/wp-json\/wp\/v2\/types\/page"}],"author":[{"embeddable":true,"href":"https:\/\/schlammtrocknung.com\/it\/wp-json\/wp\/v2\/users\/1"}],"replies":[{"embeddable":true,"href":"https:\/\/schlammtrocknung.com\/it\/wp-json\/wp\/v2\/comments?post=2357"}],"version-history":[{"count":2,"href":"https:\/\/schlammtrocknung.com\/it\/wp-json\/wp\/v2\/pages\/2357\/revisions"}],"predecessor-version":[{"id":2364,"href":"https:\/\/schlammtrocknung.com\/it\/wp-json\/wp\/v2\/pages\/2357\/revisions\/2364"}],"up":[{"embeddable":true,"href":"https:\/\/schlammtrocknung.com\/it\/wp-json\/wp\/v2\/pages\/1807"}],"wp:attachment":[{"href":"https:\/\/schlammtrocknung.com\/it\/wp-json\/wp\/v2\/media?parent=2357"}],"curies":[{"name":"wp","href":"https:\/\/api.w.org\/{rel}","templated":true}]}}