{"id":2367,"date":"2024-09-04T12:00:35","date_gmt":"2024-09-04T10:00:35","guid":{"rendered":"https:\/\/schlammtrocknung.com\/servizi\/essiccazione-dei-fanghi-di-depurazione\/"},"modified":"2025-05-09T10:46:02","modified_gmt":"2025-05-09T08:46:02","slug":"essiccazione-dei-fanghi-di-depurazione","status":"publish","type":"page","link":"https:\/\/schlammtrocknung.com\/it\/servizi\/essiccazione-dei-fanghi-di-depurazione\/","title":{"rendered":"Essiccazione dei fanghi di depurazione"},"content":{"rendered":"<div class=\"wpb-content-wrapper\"><p>[vc_row content_placement=&#8221;top&#8221;][vc_column][vc_column_text]<\/p>\n<h1 style=\"text-align: center;\"><span style=\"color: #728d2a;\">  Essiccazione dei fanghi di depurazione con i sistemi michel SLUDGE-DRYING-SYSTEMS<\/span><\/h1>\n<p>[\/vc_column_text][vc_column_text]<\/p>\n<p style=\"text-align: center;\"><span style=\"font-weight: 400;\">Avanzato <\/span><b>Essiccazione dei fanghi di depurazione<\/b><span style=\"font-weight: 400;\">che ridefinisce gli standard ambientali e allo stesso tempo \u00e8 economicamente vantaggiosa: tutto questo \u00e8 possibile con i sistemi di <\/span><b>michel SLUDGE-DRYING-SYSTEMS <\/b> <span style=\"font-weight: 400;\">possibile. I nostri impianti preparano i fanghi di depurazione in maniera ottimale per uno smaltimento delicato o   <\/span><a href=\"http:\/\/schlammtrocknung.com\/schlammverwertung\"><span style=\"font-weight: 400;\">valorizzazione<\/span><\/a><span style=\"font-weight: 400;\">ad esempio nel corso del <\/span><a href=\"http:\/\/schlammtrocknung.com\/blog\/phosphor-recycling\"><span style=\"font-weight: 400;\">riciclo del fosforo<\/span><\/a><span style=\"font-weight: 400;\">prima.<\/span><\/p>\n<p>[\/vc_column_text][vc_empty_space height=&#8221;50px&#8221;][\/vc_column][\/vc_row][vc_row][vc_column width=&#8221;2\/3&#8243;][vc_column_text]<\/p>\n<h2><span style=\"color: #728d2a;\">L&#8217;essiccazione dei fanghi di depurazione: un passo decisivo per l&#8217;utilizzo dei rifiuti<\/span><\/h2>\n<p>[\/vc_column_text][vc_message]<i><span style=\"font-weight: 400;\">Cosa sono i fanghi di depurazione?<\/span><\/i><\/p>\n<p><i><span style=\"font-weight: 400;\">I fanghi di depurazione sono il sottoprodotto del trattamento delle acque reflue e sono costituiti da materiali solidi che sono stati rimossi dalle acque reflue. Questi fanghi hanno ancora un alto contenuto di umidit\u00e0,   <\/span><\/i><i><span style=\"font-weight: 400;\">Contiene materiali organici e inorganici, <\/span><\/i><i><span style=\"font-weight: 400;\">microrganismi e batteri potenzialmente patogeni. <\/span><\/i>[\/vc_message][vc_column_text]<span style=\"font-weight: 400;\">I fanghi possono contenere anche metalli pesanti e altri inquinanti che richiedono un trattamento accurato. <\/span><a href=\"http:\/\/schlammtrocknung.com\/leistungen\/schlammbehandlung\"><span style=\"font-weight: 400;\">trattamento<\/span><\/a><span style=\"font-weight: 400;\">  per proteggere l&#8217;ambiente e la salute umana. Il   <\/span><b>L&#8217;essiccazione efficace e sicura dei fanghi di depurazione<\/b><span style=\"font-weight: 400;\"> \u00e8 quindi un elemento centrale delle moderne strategie di gestione dei rifiuti e di tutela ambientale.<\/span>[\/vc_column_text][vc_empty_space height=&#8221;70px&#8221;][\/vc_column][vc_column width=&#8221;1\/3&#8243;][vc_single_image image=&#8221;1166&#8243; img_size=&#8221;400&#215;500&#8243;][\/vc_column][\/vc_row][vc_row][vc_column width=&#8221;1\/2&#8243;][vc_single_image image=&#8221;374&#8243; img_size=&#8221;600&#215;400&#8243;][vc_empty_space height=&#8221;70px&#8221;][\/vc_column][vc_column width=&#8221;1\/2&#8243;][vc_column_text]<\/p>\n<h2><span style=\"color: #728d2a;\">Ecco perch\u00e9 l&#8217;essiccazione dei fanghi di depurazione \u00e8 indispensabile<\/span><\/h2>\n<p>L&#8217;essiccazione dei fanghi di depurazione ne riduce significativamente il volume e il peso, in quanto elimina gran parte del loro contenuto liquido. Questo semplifica il trasporto e l&#8217;ulteriore trattamento dei fanghi di depurazione e riduce i costi. <\/p>\n<p><span style=\"font-weight: 400;\">L&#8217;essiccazione aiuta a stabilizzare il fango riducendo l&#8217;attivit\u00e0 biologica, <\/span><span style=\"font-weight: 400;\">gli odori<\/span><span style=\"font-weight: 400;\">  e prevenire la diffusione di agenti patogeni. Inoltre, rende il   <\/span><b>Recuperare<\/b><span style=\"font-weight: 400;\"> sostanze preziose dai fanghi in modo pi\u00f9 efficiente.<\/span><\/p>\n<h3><\/h3>\n<p>[\/vc_column_text][\/vc_column][\/vc_row][vc_row][vc_column width=&#8221;1\/2&#8243;][vc_column_text]<b>I fanghi di depurazione essiccati<\/b><span style=\"font-weight: 400;\"> possono essere conservati in modo sicuro e utilizzati in diversi modi:<\/span><\/p>\n<ul>\n<li style=\"font-weight: 400;\" aria-level=\"1\"><b>Come combustibile rinnovabile<\/b><span style=\"font-weight: 400;\"> nelle centrali elettriche a biomassa per la produzione di energia<\/span><\/li>\n<li style=\"font-weight: 400;\" aria-level=\"1\"><b>Come fertilizzante di alta qualit\u00e0 <\/b><span style=\"font-weight: 400;\">con nutrienti essenziali per l&#8217;agricoltura<\/span><\/li>\n<li style=\"font-weight: 400;\" aria-level=\"1\"><b>Nell&#8217;industria delle costruzioni<\/b><span style=\"font-weight: 400;\"> come aggregato per la produzione di materiali da costruzione come mattoni o pietre da pavimentazione<\/span><\/li>\n<li style=\"font-weight: 400;\" aria-level=\"1\"><b>Per il recupero del fosforo prezioso <\/b><span style=\"font-weight: 400;\">dai fanghi essiccati<\/span><\/li>\n<\/ul>\n<p>[\/vc_column_text][\/vc_column][vc_column width=&#8221;1\/2&#8243;][vc_single_image image=&#8221;373&#8243; img_size=&#8221;600&#215;380&#8243;][vc_empty_space height=&#8221;70px&#8221;][\/vc_column][\/vc_row][vc_row][vc_column width=&#8221;1\/2&#8243;][vc_single_image image=&#8221;371&#8243; img_size=&#8221;600&#215;500&#8243;][vc_empty_space height=&#8221;70px&#8221;][\/vc_column][vc_column width=&#8221;1\/2&#8243;][vc_column_text]<\/p>\n<h2><span style=\"color: #728d2a;\">Utilizzo sostenibile dei fanghi di depurazione con i SISTEMI DI ESSICCAZIONE DEI FANGHI DI MICHELE<\/span><\/h2>\n<p><span style=\"font-weight: 400;\">michel SLUDGE-DRYING-SYSTEMS utilizza tecnologie innovative per essiccare i fanghi di depurazione in modo efficiente. Il nostro   <\/span><b>sistemi<\/b><span style=\"font-weight: 400;\"> utilizzano una combinazione di essiccazione per contatto e convezione <\/span><span style=\"font-weight: 400;\">per un&#8217;essiccazione uniforme e delicata dei tuoi fanghi di depurazione <\/span><span style=\"font-weight: 400;\">&#8211; senza alcun trasporto, in quanto l&#8217;essiccazione avviene direttamente in loco. <\/span> <\/p>\n<p><span style=\"font-weight: 400;\">Il <\/span><b>essiccazione dei fanghi di depurazione<\/b><span style=\"font-weight: 400;\">  avviene a <a href=\"https:\/\/schlammtrocknung.com\/it\/asciugatrice-a-bassa-temperatura\/\">basse temperature<\/a> per risparmiare energia e preservare le sostanze utili contenute nel fango. I nostri sistemi modulari possono essere adattati a diversi tipi e quantit\u00e0 di fanghi e sono disponibili in <strong>tutti i<\/strong> modelli di impianto. <\/span> <b> dimensioni <\/b><span style=\"font-weight: 400;\">disponibili per soddisfare le esigenze di diverse installazioni.<\/span>[\/vc_column_text][\/vc_column][\/vc_row][vc_row][vc_column width=&#8221;1\/2&#8243;][vc_column_text]<\/p>\n<h3><span style=\"color: #728d2a;\">Vantaggi dell&#8217;essiccazione dei fanghi di depurazione con i sistemi michel SLUDGE-DRYING-SYSTEMS<\/span><\/h3>\n<p><span style=\"font-weight: 400;\">Michel SLUDGE-DRYING-SYSTEMS offre numerosi vantaggi che distinguono la nostra tecnologia da quella dei sistemi convenzionali. <\/span><span style=\"font-weight: 400;\">differenziarsi<\/span><span style=\"font-weight: 400;\">:<\/span><\/p>\n<ul>\n<li style=\"font-weight: 400;\" aria-level=\"1\"><b>Direttamente in loco:<\/b><span style=\"font-weight: 400;\"> Installate direttamente dove vengono prodotti i fanghi, le nostre soluzioni consentono di risparmiare sui costi logistici.<\/span><\/li>\n<li style=\"font-weight: 400;\" aria-level=\"1\"><b>Ecologicamente sostenibile:<\/b> <span style=\"font-weight: 400;\">Nessuna emissione diretta e riduzione significativa delle emissioni di CO\u2082.<\/span><\/li>\n<li style=\"font-weight: 400;\" aria-level=\"1\"><b>Processo efficiente<\/b><b>:<\/b><span style=\"font-weight: 400;\"> Grazie all&#8217;essiccazione a bassa temperatura, otteniamo la massima efficienza energetica e bassi costi operativi.<\/span><\/li>\n<li style=\"font-weight: 400;\" aria-level=\"1\"><b>Versatile e personalizzabile:<\/b><span style=\"font-weight: 400;\"> I sistemi sono adatti a diversi tipi di fanghi e sono espandibili in modo modulare.<\/span><\/li>\n<li style=\"font-weight: 400;\" aria-level=\"1\"><b>Durevole e a bassa manutenzione:<\/b> <span style=\"font-weight: 400;\">Il nostro design robusto e la tecnologia avanzata massimizzano l&#8217;affidabilit\u00e0.<\/span><\/li>\n<\/ul>\n<p>[\/vc_column_text][vc_empty_space height=&#8221;70px&#8221;][\/vc_column][vc_column width=&#8221;1\/2&#8243;][vc_single_image image=&#8221;372&#8243; img_size=&#8221;600&#215;500&#8243;][\/vc_column][\/vc_row][vc_row][vc_column][vc_cta h2=&#8221;Prendi in mano la disidratazione dei fanghi di depurazione&#8221; txt_align=&#8221;center&#8221; add_button=&#8221;bottom&#8221; btn_title=&#8221;Contattaci!&#8221; btn_style=&#8221;gradient-custom&#8221; btn_gradient_custom_color_1=&#8221;#728d2a&#8221; btn_gradient_custom_color_2=&#8221;#728d2a&#8221; btn_align=&#8221;center&#8221; btn_link=&#8221;url:https%3A%2F%2Fschlammtrocknung.com%2Fit%2Fcontattaci%2F|title:Contattaci|&#8221;]<\/p>\n<p style=\"text-align: center;\"><span style=\"font-weight: 400;\">Affidati a <\/span><b>michel SLUDGE-DRYING-SYSTEMS<\/b><span style=\"font-weight: 400;\">per la tua <\/span><b>essiccazione dei fanghi di depurazione<\/b><span style=\"font-weight: 400;\">  rispettosi dell&#8217;ambiente ed efficienti dal punto di vista dei costi. Contattaci subito per saperne di pi\u00f9 su come i nostri sistemi possono aiutarti a raggiungere i tuoi obiettivi di business e di sostenibilit\u00e0. <\/span><\/p>\n<p>[\/vc_cta][vc_empty_space height=&#8221;50px&#8221;][\/vc_column][\/vc_row][vc_row][vc_column][vc_column_text]<\/p>\n<h2 style=\"text-align: center;\"><span style=\"color: #728d2a;\">FAQ &#8211; Domande frequenti sull&#8217;essiccazione dei fanghi di depurazione<\/span><\/h2>\n<p>[\/vc_column_text][\/vc_column][\/vc_row][vc_row][vc_column][vc_toggle title=&#8221;Come si essiccano i fanghi di depurazione?&#8221;]<span style=\"font-weight: 400;\">I fanghi di depurazione vengono essiccati applicando calore e pressione, utilizzando tecniche come l&#8217;essiccazione per contatto e per convezione. In questo modo si rimuove l&#8217;umidit\u00e0 dai fanghi, riducendone il volume e il peso e facilitando il trasporto, lo stoccaggio e l&#8217;ulteriore lavorazione. <\/span>[\/vc_toggle][vc_toggle title=&#8221;Cosa sono esattamente i fanghi di depurazione?&#8221;]<span style=\"font-weight: 400;\">I fanghi di depurazione sono un sottoprodotto del trattamento delle acque reflue, costituito principalmente da materiali organici, microrganismi e solidi filtrati dall&#8217;acqua. Contengono sostanze nutritive come azoto e fosforo, ma possono anche contenere inquinanti come batteri e metalli pesanti, che richiedono un trattamento e uno smaltimento accurato. <\/span>[\/vc_toggle][vc_toggle title=&#8221;I fanghi di depurazione sono infiammabili?&#8221;]<span style=\"font-weight: 400;\">S\u00ec, i fanghi di depurazione sono combustibili, soprattutto dopo essere stati completamente essiccati. I fanghi di depurazione essiccati possono essere utilizzati come combustibile in impianti appositamente progettati per generare energia. Tuttavia, prima che i fanghi di depurazione vengano essiccati, il materiale non \u00e8 generalmente combustibile a causa dell&#8217;elevato contenuto di acqua.  <\/span>[\/vc_toggle][\/vc_column][\/vc_row]<\/p>\n<\/div>","protected":false},"excerpt":{"rendered":"<p>[vc_row content_placement=&#8221;top&#8221;][vc_column][vc_column_text] Essiccazione dei fanghi di depurazione con i sistemi michel SLUDGE-DRYING-SYSTEMS [\/vc_column_text][vc_column_text] Avanzato Essiccazione dei fanghi di depurazioneche ridefinisce gli standard ambientali e allo stesso tempo \u00e8 economicamente vantaggiosa: tutto questo \u00e8 possibile con i sistemi di michel SLUDGE-DRYING-SYSTEMS possibile. I nostri impianti preparano i fanghi di depurazione in maniera ottimale per uno smaltimento&hellip;<\/p>\n","protected":false},"author":1,"featured_media":0,"parent":1807,"menu_order":0,"comment_status":"closed","ping_status":"closed","template":"","meta":{"footnotes":""},"class_list":["post-2367","page","type-page","status-publish","hentry","description-off"],"yoast_head":"<!-- This site is optimized with the Yoast SEO plugin v27.3 - https:\/\/yoast.com\/product\/yoast-seo-wordpress\/ -->\n<title>Essiccazione dei fanghi di depurazione | Essiccazione dei fanghi Michel<\/title>\n<meta name=\"description\" content=\"Ottimizza l&#039;utilizzo dei tuoi rifiuti con l&#039;essiccazione avanzata dei fanghi di depurazione di michel SLUDGE-DRYING-SYSTEMS.\" \/>\n<meta name=\"robots\" content=\"index, follow, max-snippet:-1, max-image-preview:large, max-video-preview:-1\" \/>\n<link rel=\"canonical\" href=\"https:\/\/schlammtrocknung.com\/it\/servizi\/essiccazione-dei-fanghi-di-depurazione\/\" \/>\n<meta property=\"og:locale\" content=\"it_IT\" \/>\n<meta property=\"og:type\" content=\"article\" \/>\n<meta property=\"og:title\" content=\"Essiccazione dei fanghi di depurazione | Essiccazione dei fanghi Michel\" \/>\n<meta property=\"og:description\" content=\"Ottimizza l&#039;utilizzo dei tuoi rifiuti con l&#039;essiccazione avanzata dei fanghi di depurazione di michel SLUDGE-DRYING-SYSTEMS.\" \/>\n<meta property=\"og:url\" content=\"https:\/\/schlammtrocknung.com\/it\/servizi\/essiccazione-dei-fanghi-di-depurazione\/\" \/>\n<meta property=\"og:site_name\" content=\"Schlammtrocknung \u2013 michel SLUDGE DRYING SYSTEM\" \/>\n<meta property=\"article:modified_time\" content=\"2025-05-09T08:46:02+00:00\" \/>\n<meta name=\"twitter:card\" content=\"summary_large_image\" \/>\n<meta name=\"twitter:label1\" content=\"Tempo di lettura stimato\" \/>\n\t<meta name=\"twitter:data1\" content=\"5 minuti\" \/>\n<script type=\"application\/ld+json\" class=\"yoast-schema-graph\">{\"@context\":\"https:\\\/\\\/schema.org\",\"@graph\":[{\"@type\":\"WebPage\",\"@id\":\"https:\\\/\\\/schlammtrocknung.com\\\/it\\\/servizi\\\/essiccazione-dei-fanghi-di-depurazione\\\/\",\"url\":\"https:\\\/\\\/schlammtrocknung.com\\\/it\\\/servizi\\\/essiccazione-dei-fanghi-di-depurazione\\\/\",\"name\":\"Essiccazione dei fanghi di depurazione | Essiccazione dei fanghi Michel\",\"isPartOf\":{\"@id\":\"https:\\\/\\\/schlammtrocknung.com\\\/#website\"},\"datePublished\":\"2024-09-04T10:00:35+00:00\",\"dateModified\":\"2025-05-09T08:46:02+00:00\",\"description\":\"Ottimizza l'utilizzo dei tuoi rifiuti con l'essiccazione avanzata dei fanghi di depurazione di michel SLUDGE-DRYING-SYSTEMS.\",\"breadcrumb\":{\"@id\":\"https:\\\/\\\/schlammtrocknung.com\\\/it\\\/servizi\\\/essiccazione-dei-fanghi-di-depurazione\\\/#breadcrumb\"},\"inLanguage\":\"it-IT\",\"potentialAction\":[{\"@type\":\"ReadAction\",\"target\":[\"https:\\\/\\\/schlammtrocknung.com\\\/it\\\/servizi\\\/essiccazione-dei-fanghi-di-depurazione\\\/\"]}]},{\"@type\":\"BreadcrumbList\",\"@id\":\"https:\\\/\\\/schlammtrocknung.com\\\/it\\\/servizi\\\/essiccazione-dei-fanghi-di-depurazione\\\/#breadcrumb\",\"itemListElement\":[{\"@type\":\"ListItem\",\"position\":1,\"name\":\"Startseite\",\"item\":\"https:\\\/\\\/schlammtrocknung.com\\\/it\\\/pagina-iniziale-2\\\/\"},{\"@type\":\"ListItem\",\"position\":2,\"name\":\"Servizi\",\"item\":\"https:\\\/\\\/schlammtrocknung.com\\\/it\\\/servizi\\\/\"},{\"@type\":\"ListItem\",\"position\":3,\"name\":\"Essiccazione dei fanghi di depurazione\"}]},{\"@type\":\"WebSite\",\"@id\":\"https:\\\/\\\/schlammtrocknung.com\\\/#website\",\"url\":\"https:\\\/\\\/schlammtrocknung.com\\\/\",\"name\":\"Schlammtrocknung | SDS - Schlammtrocknung\",\"description\":\"Schlamm- L\u00f6sungen f\u00fcr Kl\u00e4rwerke, Industrie und Umwelt\",\"publisher\":{\"@id\":\"https:\\\/\\\/schlammtrocknung.com\\\/#organization\"},\"potentialAction\":[{\"@type\":\"SearchAction\",\"target\":{\"@type\":\"EntryPoint\",\"urlTemplate\":\"https:\\\/\\\/schlammtrocknung.com\\\/?s={search_term_string}\"},\"query-input\":{\"@type\":\"PropertyValueSpecification\",\"valueRequired\":true,\"valueName\":\"search_term_string\"}}],\"inLanguage\":\"it-IT\"},{\"@type\":\"Organization\",\"@id\":\"https:\\\/\\\/schlammtrocknung.com\\\/#organization\",\"name\":\"Schlammtrocknung | SDS - Schlammtrocknung\",\"url\":\"https:\\\/\\\/schlammtrocknung.com\\\/\",\"logo\":{\"@type\":\"ImageObject\",\"inLanguage\":\"it-IT\",\"@id\":\"https:\\\/\\\/schlammtrocknung.com\\\/#\\\/schema\\\/logo\\\/image\\\/\",\"url\":\"https:\\\/\\\/schlammtrocknung.com\\\/wp-content\\\/uploads\\\/2023\\\/02\\\/logo_sds-1.png\",\"contentUrl\":\"https:\\\/\\\/schlammtrocknung.com\\\/wp-content\\\/uploads\\\/2023\\\/02\\\/logo_sds-1.png\",\"width\":697,\"height\":187,\"caption\":\"Schlammtrocknung | SDS - Schlammtrocknung\"},\"image\":{\"@id\":\"https:\\\/\\\/schlammtrocknung.com\\\/#\\\/schema\\\/logo\\\/image\\\/\"}}]}<\/script>\n<!-- \/ Yoast SEO plugin. -->","yoast_head_json":{"title":"Essiccazione dei fanghi di depurazione | Essiccazione dei fanghi Michel","description":"Ottimizza l'utilizzo dei tuoi rifiuti con l'essiccazione avanzata dei fanghi di depurazione di michel SLUDGE-DRYING-SYSTEMS.","robots":{"index":"index","follow":"follow","max-snippet":"max-snippet:-1","max-image-preview":"max-image-preview:large","max-video-preview":"max-video-preview:-1"},"canonical":"https:\/\/schlammtrocknung.com\/it\/servizi\/essiccazione-dei-fanghi-di-depurazione\/","og_locale":"it_IT","og_type":"article","og_title":"Essiccazione dei fanghi di depurazione | Essiccazione dei fanghi Michel","og_description":"Ottimizza l'utilizzo dei tuoi rifiuti con l'essiccazione avanzata dei fanghi di depurazione di michel SLUDGE-DRYING-SYSTEMS.","og_url":"https:\/\/schlammtrocknung.com\/it\/servizi\/essiccazione-dei-fanghi-di-depurazione\/","og_site_name":"Schlammtrocknung \u2013 michel SLUDGE DRYING SYSTEM","article_modified_time":"2025-05-09T08:46:02+00:00","twitter_card":"summary_large_image","twitter_misc":{"Tempo di lettura stimato":"5 minuti"},"schema":{"@context":"https:\/\/schema.org","@graph":[{"@type":"WebPage","@id":"https:\/\/schlammtrocknung.com\/it\/servizi\/essiccazione-dei-fanghi-di-depurazione\/","url":"https:\/\/schlammtrocknung.com\/it\/servizi\/essiccazione-dei-fanghi-di-depurazione\/","name":"Essiccazione dei fanghi di depurazione | Essiccazione dei fanghi Michel","isPartOf":{"@id":"https:\/\/schlammtrocknung.com\/#website"},"datePublished":"2024-09-04T10:00:35+00:00","dateModified":"2025-05-09T08:46:02+00:00","description":"Ottimizza l'utilizzo dei tuoi rifiuti con l'essiccazione avanzata dei fanghi di depurazione di michel SLUDGE-DRYING-SYSTEMS.","breadcrumb":{"@id":"https:\/\/schlammtrocknung.com\/it\/servizi\/essiccazione-dei-fanghi-di-depurazione\/#breadcrumb"},"inLanguage":"it-IT","potentialAction":[{"@type":"ReadAction","target":["https:\/\/schlammtrocknung.com\/it\/servizi\/essiccazione-dei-fanghi-di-depurazione\/"]}]},{"@type":"BreadcrumbList","@id":"https:\/\/schlammtrocknung.com\/it\/servizi\/essiccazione-dei-fanghi-di-depurazione\/#breadcrumb","itemListElement":[{"@type":"ListItem","position":1,"name":"Startseite","item":"https:\/\/schlammtrocknung.com\/it\/pagina-iniziale-2\/"},{"@type":"ListItem","position":2,"name":"Servizi","item":"https:\/\/schlammtrocknung.com\/it\/servizi\/"},{"@type":"ListItem","position":3,"name":"Essiccazione dei fanghi di depurazione"}]},{"@type":"WebSite","@id":"https:\/\/schlammtrocknung.com\/#website","url":"https:\/\/schlammtrocknung.com\/","name":"Schlammtrocknung | SDS - Schlammtrocknung","description":"Schlamm- L\u00f6sungen f\u00fcr Kl\u00e4rwerke, Industrie und Umwelt","publisher":{"@id":"https:\/\/schlammtrocknung.com\/#organization"},"potentialAction":[{"@type":"SearchAction","target":{"@type":"EntryPoint","urlTemplate":"https:\/\/schlammtrocknung.com\/?s={search_term_string}"},"query-input":{"@type":"PropertyValueSpecification","valueRequired":true,"valueName":"search_term_string"}}],"inLanguage":"it-IT"},{"@type":"Organization","@id":"https:\/\/schlammtrocknung.com\/#organization","name":"Schlammtrocknung | SDS - Schlammtrocknung","url":"https:\/\/schlammtrocknung.com\/","logo":{"@type":"ImageObject","inLanguage":"it-IT","@id":"https:\/\/schlammtrocknung.com\/#\/schema\/logo\/image\/","url":"https:\/\/schlammtrocknung.com\/wp-content\/uploads\/2023\/02\/logo_sds-1.png","contentUrl":"https:\/\/schlammtrocknung.com\/wp-content\/uploads\/2023\/02\/logo_sds-1.png","width":697,"height":187,"caption":"Schlammtrocknung | SDS - Schlammtrocknung"},"image":{"@id":"https:\/\/schlammtrocknung.com\/#\/schema\/logo\/image\/"}}]}},"_links":{"self":[{"href":"https:\/\/schlammtrocknung.com\/it\/wp-json\/wp\/v2\/pages\/2367","targetHints":{"allow":["GET"]}}],"collection":[{"href":"https:\/\/schlammtrocknung.com\/it\/wp-json\/wp\/v2\/pages"}],"about":[{"href":"https:\/\/schlammtrocknung.com\/it\/wp-json\/wp\/v2\/types\/page"}],"author":[{"embeddable":true,"href":"https:\/\/schlammtrocknung.com\/it\/wp-json\/wp\/v2\/users\/1"}],"replies":[{"embeddable":true,"href":"https:\/\/schlammtrocknung.com\/it\/wp-json\/wp\/v2\/comments?post=2367"}],"version-history":[{"count":2,"href":"https:\/\/schlammtrocknung.com\/it\/wp-json\/wp\/v2\/pages\/2367\/revisions"}],"predecessor-version":[{"id":2371,"href":"https:\/\/schlammtrocknung.com\/it\/wp-json\/wp\/v2\/pages\/2367\/revisions\/2371"}],"up":[{"embeddable":true,"href":"https:\/\/schlammtrocknung.com\/it\/wp-json\/wp\/v2\/pages\/1807"}],"wp:attachment":[{"href":"https:\/\/schlammtrocknung.com\/it\/wp-json\/wp\/v2\/media?parent=2367"}],"curies":[{"name":"wp","href":"https:\/\/api.w.org\/{rel}","templated":true}]}}