{"id":2378,"date":"2024-09-04T11:08:22","date_gmt":"2024-09-04T09:08:22","guid":{"rendered":"https:\/\/schlammtrocknung.com\/servizi\/essiccazione-dei-biosanghi\/"},"modified":"2025-05-09T10:46:07","modified_gmt":"2025-05-09T08:46:07","slug":"essiccazione-dei-biosanghi","status":"publish","type":"page","link":"https:\/\/schlammtrocknung.com\/it\/servizi\/essiccazione-dei-biosanghi\/","title":{"rendered":"Essiccazione dei biosanghi"},"content":{"rendered":"<div class=\"wpb-content-wrapper\"><p>[vc_row content_placement=&#8221;top&#8221;][vc_column][vc_column_text]<\/p>\n<h1 style=\"text-align: center;\"><span style=\"color: #728d2a;\">La soluzione completa e sostenibile per l&#8217;essiccazione dei fanghi biologici<\/span><\/h1>\n<p>&nbsp;[\/vc_column_text][vc_column_text]<\/p>\n<p style=\"text-align: center;\"><span style=\"font-weight: 400;\">Scopri come <\/span><b>michel SLUDGE-DRYING-SYSTEMS<\/b><span style=\"font-weight: 400;\"> con tecnologie avanzate e sistemi rivoluzionari per il tuo <\/span><b>essiccazione dei fanghi biologici<\/b><span style=\"font-weight: 400;\"> efficiente e rispettosa dell&#8217;ambiente. <\/span><b>Direttamente sul posto, decentralizzato ed economico!<\/b><\/p>\n<p>[\/vc_column_text][vc_empty_space height=&#8221;50px&#8221;][\/vc_column][\/vc_row][vc_row][vc_column][vc_cta h2=&#8221;Rivoluziona l&apos;essiccazione dei fanghi biologici con michel SLUDGE-DRYING-SYSTEMS&#8221; txt_align=&#8221;center&#8221; add_button=&#8221;bottom&#8221; btn_title=&#8221;Scopri subito le soluzioni!&#8221; btn_style=&#8221;gradient-custom&#8221; btn_gradient_custom_color_1=&#8221;#728d2a&#8221; btn_gradient_custom_color_2=&#8221;#728d2a&#8221; btn_align=&#8221;center&#8221; btn_link=&#8221;url:https%3A%2F%2Fschlammtrocknung.com%2Fit%2Fcontattaci%2F|title:Contattaci|&#8221;]<\/p>\n<p style=\"text-align: center;\"><span style=\"font-weight: 400;\">Inizia la tua <\/span><b>trasformazione sostenibile<\/b><span style=\"font-weight: 400;\">  con le soluzioni avanzate di michel SLUDGE-DRYING-SYSTEMS. Il   <\/span><b>L&#8217;essiccazione dei biosanghi<\/b><span style=\"font-weight: 400;\"> Con i nostri sistemi non solo riduci i costi operativi, ma contribuisci anche attivamente alla <\/span><b>alla tutela dell&#8217;ambiente <\/b><span style=\"font-weight: 400;\">e<\/span><b> all&#8217;economia circolare<\/b><span style=\"font-weight: 400;\">. Contattaci oggi stesso per saperne di pi\u00f9 sulle nostre soluzioni di essiccazione dei fanghi biologici.<\/span><\/p>\n<p>[\/vc_cta][vc_empty_space height=&#8221;50px&#8221;][\/vc_column][\/vc_row][vc_row][vc_column width=&#8221;2\/3&#8243;][vc_column_text]<\/p>\n<h2><span style=\"color: #728d2a;\">Spiegazione in breve: Essiccazione dei biolaghi<\/span><\/h2>\n<p>[\/vc_column_text][vc_message]<i><span style=\"font-weight: 400;\">Che cos&#8217;\u00e8 il biosludio?<\/span><\/i><\/p>\n<p><i><span style=\"font-weight: 400;\">I bi-fanghi sono un sottoprodotto del trattamento delle acque reflue che contiene residui organici e microrganismi. Questo materiale riciclabile viene prodotto principalmente negli impianti di trattamento delle acque reflue municipali e industriali. <\/span><\/i>[\/vc_message][vc_column_text]<span style=\"font-weight: 400;\">Questi fanghi contengono preziosi <\/span><b>sostanze nutritive<\/b><span style=\"font-weight: 400;\"> come azoto e <\/span><a href=\"http:\/\/schlammtrocknung.com\/blog\/phosphor-recycling\"><span style=\"font-weight: 400;\">fosforo<\/span><\/a><span style=\"font-weight: 400;\">Tuttavia, \u00e8 anche contaminata da sostanze inquinanti che richiedono un&#8217;attenta gestione per evitare rischi ambientali e sanitari. Il diritto   <\/span><b>Il trattamento<\/b><span style=\"font-weight: 400;\"> dei fanghi biologici \u00e8 fondamentale per sfruttarne il valore e ridurre al minimo i rischi.<\/span>[\/vc_column_text][vc_empty_space height=&#8221;70px&#8221;][\/vc_column][vc_column width=&#8221;1\/3&#8243;][vc_single_image image=&#8221;1172&#8243; img_size=&#8221;400&#215;450&#8243;][\/vc_column][\/vc_row][vc_row][vc_column width=&#8221;1\/2&#8243;][vc_single_image image=&#8221;376&#8243; img_size=&#8221;600&#215;500&#8243;][vc_empty_space height=&#8221;70px&#8221;][\/vc_column][vc_column width=&#8221;1\/2&#8243;][vc_column_text]<\/p>\n<h3><span style=\"color: #728d2a;\">Quali potenzialit\u00e0 offre l&#8217;essiccazione dei biolaghi?<\/span><\/h3>\n<p><span style=\"font-weight: 400;\">L&#8217;essiccazione dei fanghi biologici gioca un ruolo decisivo nel ridurre al minimo il volume <\/span><b>ridurre al minimo il volume e il peso dei<\/b><span style=\"font-weight: 400;\"> del fango, semplificando lo stoccaggio, il trasporto e l&#8217;ulteriore lavorazione. <\/span><b>I fanghi biologici essiccati<\/b><span style=\"font-weight: 400;\"> possono essere trasportati in modo pi\u00f9 sicuro ed economico e offrono opportunit\u00e0 di <\/span><a href=\"http:\/\/schlammtrocknung.com\/schlammverwertung\"><span style=\"font-weight: 400;\">utilizzo dei fanghi<\/span><\/a><span style=\"font-weight: 400;\"> o per la produzione di energia. <\/span> <\/p>\n<p><span style=\"font-weight: 400;\">Riducendo il <\/span><b>contenuto d&#8217;acqua<\/b><span style=\"font-weight: 400;\"> a meno del 10%, l&#8217;attivit\u00e0 microbica viene contenuta, il che favorisce l&#8217;igienizzazione dei fanghi e ne aumenta la durata di conservazione.<\/span>[\/vc_column_text][\/vc_column][\/vc_row][vc_row][vc_column width=&#8221;1\/2&#8243;][vc_column_text]<\/p>\n<h2><span style=\"color: #728d2a;\">Essiccazione dei fanghi biologici con michel SLUDGE-DRYING-SYSTEMS &#8211; il nostro processo in sintesi<\/span><\/h2>\n<p><span style=\"font-weight: 400;\">michel SLUDGE-DRYING-SYSTEMS utilizza <\/span><b>tecnologie avanzate<\/b><span style=\"font-weight: 400;\">per essiccare in modo efficiente i fanghi biologici. I nostri sistemi utilizzano un   <\/span><b>Combinazione di asciugatura a contatto e a convezione<\/b><span style=\"font-weight: 400;\">per ottenere risultati ottimali. Queste tecnologie consentono un&#8217;asciugatura delicata a temperature pi\u00f9 basse e un basso consumo energetico. <\/span>[\/vc_column_text][\/vc_column][vc_column width=&#8221;1\/2&#8243;][vc_single_image image=&#8221;373&#8243; img_size=&#8221;600&#215;330&#8243;][vc_empty_space height=&#8221;70px&#8221;][\/vc_column][\/vc_row][vc_row][vc_column width=&#8221;1\/2&#8243;][vc_single_image image=&#8221;1173&#8243; img_size=&#8221;600&#215;400&#8243;][vc_empty_space height=&#8221;70px&#8221;][\/vc_column][vc_column width=&#8221;1\/2&#8243;][vc_column_text]<span style=\"font-weight: 400;\">I nostri sistemi SDS per <\/span><b>l&#8217;essiccazione dei fanghi biologici<\/b><span style=\"font-weight: 400;\"> sono modulari e disponibili in <\/span><b>diverse dimensioni <\/b> <span style=\"font-weight: 400;\">disponibili per soddisfare le esigenze dei diversi clienti. Questo permette di avere una soluzione flessibile e scalabile che pu\u00f2 essere implementata direttamente nel sito in cui vengono prodotti i fanghi. Dopo l&#8217;essiccamento, i fanghi biologici offrono un&#8217;ampia gamma di    <\/span><b>Opzioni di utilizzo<\/b><span style=\"font-weight: 400;\">:<\/span><\/p>\n<ul>\n<li style=\"font-weight: 400;\" aria-level=\"1\"><b>Combustibile:<\/b><span style=\"font-weight: 400;\"> I fanghi biologici essiccati possono essere utilizzati per generare energia nelle centrali elettriche a biomassa.<\/span><\/li>\n<li style=\"font-weight: 400;\" aria-level=\"1\"><b>Fertilizzante:<\/b><span style=\"font-weight: 400;\"> Grazie al suo elevato contenuto di sostanze nutritive, i biolavaggi essiccati possono essere utilizzati come fertilizzanti in agricoltura.<\/span><\/li>\n<li style=\"font-weight: 400;\" aria-level=\"1\"><b>Industria edile:<\/b><span style=\"font-weight: 400;\"> I fanghi essiccati possono essere utilizzati come aggregati per la produzione di materiali da costruzione.<\/span><\/li>\n<\/ul>\n<p>[\/vc_column_text][\/vc_column][\/vc_row][vc_row][vc_column width=&#8221;1\/2&#8243;][vc_column_text]<\/p>\n<h2><span style=\"color: #728d2a;\">Decentrato e a risparmio energetico: i vantaggi del nostro sistema di essiccazione dei biolaghi<\/span><\/h2>\n<p><span style=\"font-weight: 400;\">I sistemi di bioessiccazione dei fanghi di michel SLUDGE-DRYING-SYSTEMS offrono numerosi vantaggi:<\/span><\/p>\n<ul>\n<li style=\"font-weight: 400;\" aria-level=\"1\"><b>Decentrato:<\/b><span style=\"font-weight: 400;\"> Pu\u00f2 essere attuato direttamente nel punto di origine, riducendo i costi di trasporto e le emissioni.<\/span><\/li>\n<li style=\"font-weight: 400;\" aria-level=\"1\"><b>Rispettoso dell&#8217;ambiente:<\/b><span style=\"font-weight: 400;\"> Nessuna emissione e basso inquinamento da CO\u2082<\/span><\/li>\n<li style=\"font-weight: 400;\" aria-level=\"1\"><b>Economico:<\/b><span style=\"font-weight: 400;\"> Riduzione del fabbisogno energetico grazie all&#8217;essiccazione a bassa temperatura.<\/span><\/li>\n<li style=\"font-weight: 400;\" aria-level=\"1\"><b>Economico:<\/b><span style=\"font-weight: 400;\"> Bassi costi operativi grazie all&#8217;uso efficiente dell&#8217;energia e ai ridotti costi di manutenzione.<\/span><\/li>\n<li style=\"font-weight: 400;\" aria-level=\"1\"><b>Delicato:<\/b><span style=\"font-weight: 400;\"> Preserva la qualit\u00e0 del materiale secco e riduce al minimo la formazione di polvere grazie a processi di essiccazione delicati.<\/span><\/li>\n<li style=\"font-weight: 400;\" aria-level=\"1\"><b>Versatilit\u00e0:<\/b><span style=\"font-weight: 400;\"> Adatto a diversi tipi di fango.<\/span><\/li>\n<\/ul>\n<p>[\/vc_column_text][vc_empty_space height=&#8221;70px&#8221;][\/vc_column][vc_column width=&#8221;1\/2&#8243;][vc_single_image image=&#8221;372&#8243; img_size=&#8221;600&#215;400&#8243;][vc_btn title=&#8221;Scopri i sistemi di essiccazione dei fanghi biologici!&#8221; style=&#8221;custom&#8221; custom_background=&#8221;#728d2a&#8221; custom_text=&#8221;#ffffff&#8221; align=&#8221;center&#8221; link=&#8221;url:https%3A%2F%2Fschlammtrocknung.com%2Fprodukte%2F|&#8221;][\/vc_column][\/vc_row][vc_row][vc_column][vc_cta h2=&#8221;Rivoluziona l&apos;essiccazione dei fanghi biologici con michel SLUDGE-DRYING-SYSTEMS&#8221; txt_align=&#8221;center&#8221; add_button=&#8221;bottom&#8221; btn_title=&#8221;Contattaci!&#8221; btn_style=&#8221;gradient-custom&#8221; btn_gradient_custom_color_1=&#8221;#728d2a&#8221; btn_gradient_custom_color_2=&#8221;#728d2a&#8221; btn_align=&#8221;center&#8221; btn_link=&#8221;url:https%3A%2F%2Fschlammtrocknung.com%2Fit%2Fcontattaci%2F|title:Contattaci|&#8221;]<\/p>\n<p style=\"text-align: center;\"><span style=\"font-weight: 400;\">Inizia la tua <\/span><b>trasformazione sostenibile<\/b><span style=\"font-weight: 400;\">  con le soluzioni avanzate di michel SLUDGE-DRYING-SYSTEMS. Il   <\/span><b>L&#8217;essiccazione dei biosanghi<\/b><span style=\"font-weight: 400;\"> Con i nostri sistemi non solo riduci i costi operativi, ma contribuisci anche attivamente alla <\/span><b>alla tutela dell&#8217;ambiente <\/b><span style=\"font-weight: 400;\">e<\/span><b> all&#8217;economia circolare<\/b><span style=\"font-weight: 400;\">. Contattaci oggi stesso per saperne di pi\u00f9 sulle nostre soluzioni di essiccazione dei fanghi biologici.<\/span><\/p>\n<p>[\/vc_cta][vc_empty_space height=&#8221;50px&#8221;][\/vc_column][\/vc_row][vc_row][vc_column][vc_column_text]<\/p>\n<h2 style=\"text-align: center;\"><span style=\"color: #728d2a;\">FAQ &#8211; Domande frequenti sull&#8217;essiccazione dei fanghi biologici<\/span><\/h2>\n<p>[\/vc_column_text][\/vc_column][\/vc_row][vc_row][vc_column][vc_toggle title=&#8221;Che cos&apos;\u00e8 il biosludio e come si produce?&#8221;]<span style=\"font-weight: 400;\">I bi-fanghi sono un prodotto di scarto del trattamento delle acque reflue ricco di materiali organici, microrganismi e nutrienti preziosi come il fosforo. Vengono prodotti negli impianti di trattamento delle acque reflue dove le acque reflue vengono purificate e contengono sostanze nutritive e inquinanti potenzialmente dannosi. Questi devono essere rimossi tramite filtrazione ed essiccazione dei biolaghi.  <\/span>[\/vc_toggle][vc_toggle title=&#8221;Perch\u00e9 l&apos;essiccazione dei fanghi biologici \u00e8 importante?&#8221;]<span style=\"font-weight: 400;\">L&#8217;essiccazione dei fanghi biologici ne riduce il volume e il peso, facilita il trasporto e abbassa i costi di stoccaggio e di ulteriore lavorazione. Inoltre, consente una gestione igienica e crea un potenziale di utilizzo come combustibile o fertilizzante. <\/span>[\/vc_toggle][vc_toggle title=&#8221;Come funziona l&apos;essiccazione dei fanghi biologici?&#8221;]<span style=\"font-weight: 400;\">michel SLUDGE-DRYING-SYSTEMS utilizza tecnologie di essiccazione avanzate che consentono di ridurre efficacemente il contenuto di umidit\u00e0 nei fanghi. L&#8217;uso dell&#8217;essiccazione per contatto e per convezione a basse temperature consente di risparmiare energia e di preservare la qualit\u00e0 del prodotto finale. I fanghi biologici essiccati possono essere utilizzati come fertilizzante ricco di sostanze nutritive o come combustibile efficiente.  <\/span>[\/vc_toggle][\/vc_column][\/vc_row]<\/p>\n<\/div>","protected":false},"excerpt":{"rendered":"<p>[vc_row content_placement=&#8221;top&#8221;][vc_column][vc_column_text] La soluzione completa e sostenibile per l&#8217;essiccazione dei fanghi biologici &nbsp;[\/vc_column_text][vc_column_text] Scopri come michel SLUDGE-DRYING-SYSTEMS con tecnologie avanzate e sistemi rivoluzionari per il tuo essiccazione dei fanghi biologici efficiente e rispettosa dell&#8217;ambiente. Direttamente sul posto, decentralizzato ed economico! [\/vc_column_text][vc_empty_space height=&#8221;50px&#8221;][\/vc_column][\/vc_row][vc_row][vc_column][vc_cta h2=&#8221;Rivoluziona l&apos;essiccazione dei fanghi biologici con michel SLUDGE-DRYING-SYSTEMS&#8221; txt_align=&#8221;center&#8221; add_button=&#8221;bottom&#8221; btn_title=&#8221;Scopri subito le&hellip;<\/p>\n","protected":false},"author":1,"featured_media":0,"parent":1807,"menu_order":0,"comment_status":"closed","ping_status":"closed","template":"","meta":{"footnotes":""},"class_list":["post-2378","page","type-page","status-publish","hentry","description-off"],"yoast_head":"<!-- This site is optimized with the Yoast SEO plugin v27.3 - https:\/\/yoast.com\/product\/yoast-seo-wordpress\/ -->\n<title>Essiccazione dei fanghi biologici | Essiccazione dei fanghi Michel<\/title>\n<meta name=\"description\" content=\"Massimizza l&#039;efficienza e la sostenibilit\u00e0 con l&#039;essiccazione dei fanghi biologici di michel SLUDGE-DRYING-SYSTEMS.\" \/>\n<meta name=\"robots\" content=\"index, follow, max-snippet:-1, max-image-preview:large, max-video-preview:-1\" \/>\n<link rel=\"canonical\" href=\"https:\/\/schlammtrocknung.com\/it\/servizi\/essiccazione-dei-biosanghi\/\" \/>\n<meta property=\"og:locale\" content=\"it_IT\" \/>\n<meta property=\"og:type\" content=\"article\" \/>\n<meta property=\"og:title\" content=\"Essiccazione dei fanghi biologici | Essiccazione dei fanghi Michel\" \/>\n<meta property=\"og:description\" content=\"Massimizza l&#039;efficienza e la sostenibilit\u00e0 con l&#039;essiccazione dei fanghi biologici di michel SLUDGE-DRYING-SYSTEMS.\" \/>\n<meta property=\"og:url\" content=\"https:\/\/schlammtrocknung.com\/it\/servizi\/essiccazione-dei-biosanghi\/\" \/>\n<meta property=\"og:site_name\" content=\"Schlammtrocknung \u2013 michel SLUDGE DRYING SYSTEM\" \/>\n<meta property=\"article:modified_time\" content=\"2025-05-09T08:46:07+00:00\" \/>\n<meta name=\"twitter:card\" content=\"summary_large_image\" \/>\n<meta name=\"twitter:label1\" content=\"Tempo di lettura stimato\" \/>\n\t<meta name=\"twitter:data1\" content=\"6 minuti\" \/>\n<script type=\"application\/ld+json\" class=\"yoast-schema-graph\">{\"@context\":\"https:\\\/\\\/schema.org\",\"@graph\":[{\"@type\":\"WebPage\",\"@id\":\"https:\\\/\\\/schlammtrocknung.com\\\/it\\\/servizi\\\/essiccazione-dei-biosanghi\\\/\",\"url\":\"https:\\\/\\\/schlammtrocknung.com\\\/it\\\/servizi\\\/essiccazione-dei-biosanghi\\\/\",\"name\":\"Essiccazione dei fanghi biologici | Essiccazione dei fanghi Michel\",\"isPartOf\":{\"@id\":\"https:\\\/\\\/schlammtrocknung.com\\\/#website\"},\"datePublished\":\"2024-09-04T09:08:22+00:00\",\"dateModified\":\"2025-05-09T08:46:07+00:00\",\"description\":\"Massimizza l'efficienza e la sostenibilit\u00e0 con l'essiccazione dei fanghi biologici di michel SLUDGE-DRYING-SYSTEMS.\",\"breadcrumb\":{\"@id\":\"https:\\\/\\\/schlammtrocknung.com\\\/it\\\/servizi\\\/essiccazione-dei-biosanghi\\\/#breadcrumb\"},\"inLanguage\":\"it-IT\",\"potentialAction\":[{\"@type\":\"ReadAction\",\"target\":[\"https:\\\/\\\/schlammtrocknung.com\\\/it\\\/servizi\\\/essiccazione-dei-biosanghi\\\/\"]}]},{\"@type\":\"BreadcrumbList\",\"@id\":\"https:\\\/\\\/schlammtrocknung.com\\\/it\\\/servizi\\\/essiccazione-dei-biosanghi\\\/#breadcrumb\",\"itemListElement\":[{\"@type\":\"ListItem\",\"position\":1,\"name\":\"Startseite\",\"item\":\"https:\\\/\\\/schlammtrocknung.com\\\/it\\\/pagina-iniziale-2\\\/\"},{\"@type\":\"ListItem\",\"position\":2,\"name\":\"Servizi\",\"item\":\"https:\\\/\\\/schlammtrocknung.com\\\/it\\\/servizi\\\/\"},{\"@type\":\"ListItem\",\"position\":3,\"name\":\"Essiccazione dei biosanghi\"}]},{\"@type\":\"WebSite\",\"@id\":\"https:\\\/\\\/schlammtrocknung.com\\\/#website\",\"url\":\"https:\\\/\\\/schlammtrocknung.com\\\/\",\"name\":\"Schlammtrocknung | SDS - Schlammtrocknung\",\"description\":\"Schlamm- L\u00f6sungen f\u00fcr Kl\u00e4rwerke, Industrie und Umwelt\",\"publisher\":{\"@id\":\"https:\\\/\\\/schlammtrocknung.com\\\/#organization\"},\"potentialAction\":[{\"@type\":\"SearchAction\",\"target\":{\"@type\":\"EntryPoint\",\"urlTemplate\":\"https:\\\/\\\/schlammtrocknung.com\\\/?s={search_term_string}\"},\"query-input\":{\"@type\":\"PropertyValueSpecification\",\"valueRequired\":true,\"valueName\":\"search_term_string\"}}],\"inLanguage\":\"it-IT\"},{\"@type\":\"Organization\",\"@id\":\"https:\\\/\\\/schlammtrocknung.com\\\/#organization\",\"name\":\"Schlammtrocknung | SDS - Schlammtrocknung\",\"url\":\"https:\\\/\\\/schlammtrocknung.com\\\/\",\"logo\":{\"@type\":\"ImageObject\",\"inLanguage\":\"it-IT\",\"@id\":\"https:\\\/\\\/schlammtrocknung.com\\\/#\\\/schema\\\/logo\\\/image\\\/\",\"url\":\"https:\\\/\\\/schlammtrocknung.com\\\/wp-content\\\/uploads\\\/2023\\\/02\\\/logo_sds-1.png\",\"contentUrl\":\"https:\\\/\\\/schlammtrocknung.com\\\/wp-content\\\/uploads\\\/2023\\\/02\\\/logo_sds-1.png\",\"width\":697,\"height\":187,\"caption\":\"Schlammtrocknung | SDS - Schlammtrocknung\"},\"image\":{\"@id\":\"https:\\\/\\\/schlammtrocknung.com\\\/#\\\/schema\\\/logo\\\/image\\\/\"}}]}<\/script>\n<!-- \/ Yoast SEO plugin. -->","yoast_head_json":{"title":"Essiccazione dei fanghi biologici | Essiccazione dei fanghi Michel","description":"Massimizza l'efficienza e la sostenibilit\u00e0 con l'essiccazione dei fanghi biologici di michel SLUDGE-DRYING-SYSTEMS.","robots":{"index":"index","follow":"follow","max-snippet":"max-snippet:-1","max-image-preview":"max-image-preview:large","max-video-preview":"max-video-preview:-1"},"canonical":"https:\/\/schlammtrocknung.com\/it\/servizi\/essiccazione-dei-biosanghi\/","og_locale":"it_IT","og_type":"article","og_title":"Essiccazione dei fanghi biologici | Essiccazione dei fanghi Michel","og_description":"Massimizza l'efficienza e la sostenibilit\u00e0 con l'essiccazione dei fanghi biologici di michel SLUDGE-DRYING-SYSTEMS.","og_url":"https:\/\/schlammtrocknung.com\/it\/servizi\/essiccazione-dei-biosanghi\/","og_site_name":"Schlammtrocknung \u2013 michel SLUDGE DRYING SYSTEM","article_modified_time":"2025-05-09T08:46:07+00:00","twitter_card":"summary_large_image","twitter_misc":{"Tempo di lettura stimato":"6 minuti"},"schema":{"@context":"https:\/\/schema.org","@graph":[{"@type":"WebPage","@id":"https:\/\/schlammtrocknung.com\/it\/servizi\/essiccazione-dei-biosanghi\/","url":"https:\/\/schlammtrocknung.com\/it\/servizi\/essiccazione-dei-biosanghi\/","name":"Essiccazione dei fanghi biologici | Essiccazione dei fanghi Michel","isPartOf":{"@id":"https:\/\/schlammtrocknung.com\/#website"},"datePublished":"2024-09-04T09:08:22+00:00","dateModified":"2025-05-09T08:46:07+00:00","description":"Massimizza l'efficienza e la sostenibilit\u00e0 con l'essiccazione dei fanghi biologici di michel SLUDGE-DRYING-SYSTEMS.","breadcrumb":{"@id":"https:\/\/schlammtrocknung.com\/it\/servizi\/essiccazione-dei-biosanghi\/#breadcrumb"},"inLanguage":"it-IT","potentialAction":[{"@type":"ReadAction","target":["https:\/\/schlammtrocknung.com\/it\/servizi\/essiccazione-dei-biosanghi\/"]}]},{"@type":"BreadcrumbList","@id":"https:\/\/schlammtrocknung.com\/it\/servizi\/essiccazione-dei-biosanghi\/#breadcrumb","itemListElement":[{"@type":"ListItem","position":1,"name":"Startseite","item":"https:\/\/schlammtrocknung.com\/it\/pagina-iniziale-2\/"},{"@type":"ListItem","position":2,"name":"Servizi","item":"https:\/\/schlammtrocknung.com\/it\/servizi\/"},{"@type":"ListItem","position":3,"name":"Essiccazione dei biosanghi"}]},{"@type":"WebSite","@id":"https:\/\/schlammtrocknung.com\/#website","url":"https:\/\/schlammtrocknung.com\/","name":"Schlammtrocknung | SDS - Schlammtrocknung","description":"Schlamm- L\u00f6sungen f\u00fcr Kl\u00e4rwerke, Industrie und Umwelt","publisher":{"@id":"https:\/\/schlammtrocknung.com\/#organization"},"potentialAction":[{"@type":"SearchAction","target":{"@type":"EntryPoint","urlTemplate":"https:\/\/schlammtrocknung.com\/?s={search_term_string}"},"query-input":{"@type":"PropertyValueSpecification","valueRequired":true,"valueName":"search_term_string"}}],"inLanguage":"it-IT"},{"@type":"Organization","@id":"https:\/\/schlammtrocknung.com\/#organization","name":"Schlammtrocknung | SDS - Schlammtrocknung","url":"https:\/\/schlammtrocknung.com\/","logo":{"@type":"ImageObject","inLanguage":"it-IT","@id":"https:\/\/schlammtrocknung.com\/#\/schema\/logo\/image\/","url":"https:\/\/schlammtrocknung.com\/wp-content\/uploads\/2023\/02\/logo_sds-1.png","contentUrl":"https:\/\/schlammtrocknung.com\/wp-content\/uploads\/2023\/02\/logo_sds-1.png","width":697,"height":187,"caption":"Schlammtrocknung | SDS - Schlammtrocknung"},"image":{"@id":"https:\/\/schlammtrocknung.com\/#\/schema\/logo\/image\/"}}]}},"_links":{"self":[{"href":"https:\/\/schlammtrocknung.com\/it\/wp-json\/wp\/v2\/pages\/2378","targetHints":{"allow":["GET"]}}],"collection":[{"href":"https:\/\/schlammtrocknung.com\/it\/wp-json\/wp\/v2\/pages"}],"about":[{"href":"https:\/\/schlammtrocknung.com\/it\/wp-json\/wp\/v2\/types\/page"}],"author":[{"embeddable":true,"href":"https:\/\/schlammtrocknung.com\/it\/wp-json\/wp\/v2\/users\/1"}],"replies":[{"embeddable":true,"href":"https:\/\/schlammtrocknung.com\/it\/wp-json\/wp\/v2\/comments?post=2378"}],"version-history":[{"count":1,"href":"https:\/\/schlammtrocknung.com\/it\/wp-json\/wp\/v2\/pages\/2378\/revisions"}],"predecessor-version":[{"id":2384,"href":"https:\/\/schlammtrocknung.com\/it\/wp-json\/wp\/v2\/pages\/2378\/revisions\/2384"}],"up":[{"embeddable":true,"href":"https:\/\/schlammtrocknung.com\/it\/wp-json\/wp\/v2\/pages\/1807"}],"wp:attachment":[{"href":"https:\/\/schlammtrocknung.com\/it\/wp-json\/wp\/v2\/media?parent=2378"}],"curies":[{"name":"wp","href":"https:\/\/api.w.org\/{rel}","templated":true}]}}