{"id":2413,"date":"2024-08-30T11:22:58","date_gmt":"2024-08-30T09:22:58","guid":{"rendered":"https:\/\/schlammtrocknung.com\/processo-di-essiccazione-dei-fanghi\/"},"modified":"2025-05-09T10:46:20","modified_gmt":"2025-05-09T08:46:20","slug":"processo-di-essiccazione-dei-fanghi","status":"publish","type":"page","link":"https:\/\/schlammtrocknung.com\/it\/processo-di-essiccazione-dei-fanghi\/","title":{"rendered":"Processo di essiccazione dei fanghi"},"content":{"rendered":"<div class=\"wpb-content-wrapper\"><p>[vc_row][vc_column][vc_custom_heading text=&#8221;Essiccazione dei fanghi con processi che definiscono gli standard&#8221; font_container=&#8221;tag:h1|text_align:center|color:%23728d2a&#8221; use_theme_fonts=&#8221;yes&#8221;][vc_column_text]<\/p>\n<p style=\"text-align: center;\"><span style=\"font-weight: 400;\">Una soluzione sostenibile <\/span><b>essiccazione dei fanghi<\/b><span style=\"font-weight: 400;\"> ha bisogno di <\/span><b>processi<\/b><span style=\"font-weight: 400;\">che utilizzino tecnologie moderne e funzionino in modo efficiente. <\/span><b>michel SISTEMI DI ESSICCAZIONE DEI FANGHI <\/b> <span style=\"font-weight: 400;\">offre sistemi avanzati e integrati per un&#8217;efficiente essiccazione dei fanghi in un&#8217;unica macchina. Ottimizza il riciclo dei fanghi industriali con le nostre soluzioni avanzate. <\/span><\/p>\n<p>[\/vc_column_text][\/vc_column][\/vc_row][vc_row][vc_column width=&#8221;1\/2&#8243;][vc_custom_heading text=&#8221;Cos&apos;\u00e8 l&apos;essiccazione dei fanghi e a cosa serve?&#8221; font_container=&#8221;tag:h2|text_align:left|color:%23728d2a&#8221; use_theme_fonts=&#8221;yes&#8221;][vc_message]<i><span style=\"font-weight: 400;\">Che cos&#8217;\u00e8 l&#8217;essiccazione dei fanghi?<\/span><\/i><\/p>\n<p><i><span style=\"font-weight: 400;\">L&#8217;essiccazione dei fanghi \u00e8 il processo di rimozione dell&#8217;acqua dai fanghi derivanti da vari processi industriali, agricoli o municipali. Questo processo \u00e8 fondamentale per ridurre il volume, i costi di trasporto e smaltimento e lo scambio di CO2 e per consentire il riutilizzo o lo smaltimento sicuro dei fanghi. <\/span><\/i>[\/vc_message][vc_column_text]<span style=\"font-weight: 400;\">I fanghi essiccati possono essere utilizzati come <\/span><b>combustibile, fertilizzante o nella produzione di materiali.<\/b><span style=\"font-weight: 400;\">  Ci\u00f2 significa che i fanghi possono essere utilizzati, risparmiando risorse e proteggendo l&#8217;ambiente. Tuttavia, devono prima essere sottoposti a uno speciale processo di essiccazione dei fanghi. <\/span>[\/vc_column_text][\/vc_column][vc_column width=&#8221;1\/2&#8243;][vc_single_image image=&#8221;280&#8243; img_size=&#8221;full&#8221;][\/vc_column][\/vc_row][vc_row][vc_column][vc_custom_heading text=&#8221;Le fasi del processo di essiccazione dei fanghi in sintesi&#8221; font_container=&#8221;tag:h2|text_align:center|color:%23728d2a&#8221; use_theme_fonts=&#8221;yes&#8221;][\/vc_column][\/vc_row][vc_row][vc_column width=&#8221;1\/2&#8243;][vc_column_text]<\/p>\n<ul>\n<li style=\"font-weight: 400; text-align: left;\" aria-level=\"1\"><span style=\"font-weight: 400;\">Pretrattamento dei fanghi, ad esempio in un impianto di trattamento delle acque reflue.<\/span><\/li>\n<li style=\"font-weight: 400; text-align: left;\" aria-level=\"1\"><span style=\"font-weight: 400;\">Condizionamento per il processo di essiccazione<\/span><\/li>\n<li style=\"font-weight: 400; text-align: left;\" aria-level=\"1\"><span style=\"font-weight: 400;\">Alimentazione del sistema di essiccazione<\/span><\/li>\n<li style=\"font-weight: 400; text-align: left;\" aria-level=\"1\"><span style=\"font-weight: 400;\">Applicazione del calore di contatto e di convezione<\/span><\/li>\n<li style=\"font-weight: 400; text-align: left;\" aria-level=\"1\"><span style=\"font-weight: 400;\">Movimento continuo del fango<\/span><\/li>\n<li style=\"font-weight: 400; text-align: left;\" aria-level=\"1\"><span style=\"font-weight: 400;\">Rimozione dell&#8217;umidit\u00e0<\/span><\/li>\n<li style=\"font-weight: 400; text-align: left;\" aria-level=\"1\"><span style=\"font-weight: 400;\">Raccolta dei fanghi essiccati<\/span><\/li>\n<li style=\"font-weight: 400; text-align: left;\" aria-level=\"1\"><span style=\"font-weight: 400;\">Smaltimento o riciclaggio<\/span><\/li>\n<\/ul>\n<p>[\/vc_column_text][\/vc_column][vc_column width=&#8221;1\/2&#8243;][vc_single_image image=&#8221;1177&#8243; img_size=&#8221;full&#8221;][\/vc_column][\/vc_row][vc_row][vc_column width=&#8221;1\/2&#8243;][vc_single_image image=&#8221;1217&#8243; img_size=&#8221;full&#8221;][\/vc_column][vc_column width=&#8221;1\/2&#8243;][vc_custom_heading text=&#8221;Disidratazione ed essiccazione dei fanghi &#8211; come funziona il processo&#8221; font_container=&#8221;tag:h2|text_align:center|color:%23728d2a&#8221; use_theme_fonts=&#8221;yes&#8221;][vc_column_text]<\/p>\n<p style=\"text-align: center;\"><span style=\"font-weight: 400;\">Il fulcro dei sistemi modulari della michel SLUDGE-DRYING-SYSTEMS \u00e8 costituito dall&#8217;innovativo <\/span><b>processo di essiccazione<\/b><span style=\"font-weight: 400;\">che avviene in un&#8217;unica macchina integrata. Il   <\/span><b>L&#8217;applicazione del calore e il movimento continuo <\/b><span style=\"font-weight: 400;\">\u00e8 mirata a vaporizzare efficacemente l&#8217;acqua dal fango. <\/span> <\/p>\n<p style=\"text-align: center;\"><span style=\"font-weight: 400;\">Grazie all&#8217;utilizzo di tecnologie all&#8217;avanguardia, come ad esempio <\/span><b>l&#8217;essiccazione a bassa temperatura<\/b><span style=\"font-weight: 400;\"> e il nostro <\/span><b>IntelligentDrySystem<\/b><b>\u00ae<\/b><span style=\"font-weight: 400;\">  il consumo di energia \u00e8 ridotto al minimo. Il nostro sistema si adatta automaticamente   <\/span><a href=\"http:\/\/schlammtrocknung.com\/leistungen\"><span style=\"font-weight: 400;\">Diversi tipi di fanghi<\/span><\/a><span style=\"font-weight: 400;\">  Questo garantisce un alto grado di flessibilit\u00e0 ed efficienza. Questo processo non solo garantisce una drastica riduzione dei tempi di lavorazione, ma anche una riduzione dei costi.   <\/span><a href=\"http:\/\/www.schlammtrocknung.com\/glossar\/wassergehalt\"><span style=\"font-weight: 400;\">contenuto d&#8217;acqua<\/span><\/a><span style=\"font-weight: 400;\"> fino al 10%, ma anche per aumentare la qualit\u00e0 della sostanza secca <\/span><b>sostanza secca<\/b><span style=\"font-weight: 400;\">.<\/span><\/p>\n<p>[\/vc_column_text][\/vc_column][\/vc_row][vc_row][vc_column][vc_column_text]<b>Come funziona il nostro innovativo sistema di essiccazione a bassa temperatura<\/b><\/p>\n<p><span style=\"font-weight: 400;\">Il <\/span><a href=\"https:\/\/schlammtrocknung.com\/it\/asciugatrice-a-bassa-temperatura\/\"><span style=\"font-weight: 400;\">essiccatore a bassa temperatura<\/span><\/a><span style=\"font-weight: 400;\">  di Michel SLUDGE-DRYING-SYSTEMS permettono di essiccare efficacemente i fanghi a basse temperature, preservando la composizione chimica del materiale ed evitando emissioni nocive per l&#8217;ambiente. Questa tecnologia avanzata utilizza il calore controllato per far evaporare l&#8217;umidit\u00e0 in modo mirato, riducendo in modo significativo il consumo energetico e trattando il materiale in modo delicato.   <\/span><\/p>\n<p><span style=\"font-weight: 400;\">Nei nostri<\/span><b> sistemi di essiccazione modulari<\/b><span style=\"font-weight: 400;\">che possono essere configurati in varie dimensioni e in base alle esigenze individuali, questa tecnologia \u00e8 integrata per ridurre al minimo il contenuto di acqua nei fanghi e massimizzare l&#8217;efficienza energetica. Utilizzando essiccatori a bassa temperatura in questi sistemi, \u00e8 possibile ridurre significativamente i costi operativi, diminuire le emissioni di CO\u2082 ed evitare problemi alle acque reflue. <\/span>[\/vc_column_text][vc_custom_heading text=&#8221;Possibilit\u00e0 illimitate di utilizzo dei fanghi dopo l&apos;essiccazione&#8221; font_container=&#8221;tag:h2|text_align:center|color:%23728d2a&#8221; use_theme_fonts=&#8221;yes&#8221;][vc_column_text]<span style=\"font-weight: 400;\">Dopo l&#8217;essiccazione, i fanghi trattati possono essere utilizzati in vari modi. Servono come   <\/span><b>fonte di energia rinnovabile<\/b><span style=\"font-weight: 400;\">diventa ecologica <\/span><b>fertilizzanti<\/b><span style=\"font-weight: 400;\"> lavorati o utilizzati nel <\/span><b>industria edile<\/b><span style=\"font-weight: 400;\">  utilizzato come aggregato. Questa ulteriore lavorazione favorisce un&#8217;economia circolare sostenibile e aiuta a preservare le risorse naturali. <\/span>[\/vc_column_text][\/vc_column][vc_column][vc_custom_heading text=&#8221;Leader nei processi di essiccazione dei fanghi con michel SLUDGE-DRYING-SYSTEMS&#8221; font_container=&#8221;tag:h2|text_align:center|color:%23728d2a&#8221; use_theme_fonts=&#8221;yes&#8221;][vc_column_text]<span style=\"font-weight: 400;\">Aumenta la tua efficienza e la tua sostenibilit\u00e0 con le attrezzature e i processi avanzati di essiccazione dei fanghi di michel SLUDGE-DRYING-SYSTEMS. Contattaci subito per saperne di pi\u00f9 sulle nostre tecnologie e su come rivoluzionare la tua disidratazione dei fanghi. <\/span><\/p>\n<p style=\"text-align: center;\"><a href=\"https:\/\/schlammtrocknung.com\/it\/contattaci\/\">Mettiti in contatto con noi!<\/a><\/p>\n<p>[\/vc_column_text][vc_empty_space height=&#8221;100px&#8221;][\/vc_column][\/vc_row][vc_row][vc_column][vc_column_text]<\/p>\n<h2>FAQ &#8211; domande frequenti sul processo di essiccazione dei fanghi<\/h2>\n<p>[\/vc_column_text][vc_toggle title=&#8221;In cosa consiste esattamente il pre-trattamento dei fanghi nel processo di essiccazione dei fanghi?&#8221;]<span style=\"font-weight: 400;\">Il pretrattamento dei fanghi comprende fasi di condizionamento come la regolazione del valore del pH, l&#8217;aggiunta di flocculanti e l&#8217;omogeneizzazione della consistenza per ottimizzare l&#8217;efficienza dell&#8217;essiccazione e prevenire le ostruzioni.<\/span>[\/vc_toggle][vc_toggle title=&#8221;Come funziona il processo di essiccazione dei fanghi?&#8221;]<span style=\"font-weight: 400;\">Il processo di essiccazione utilizza il calore e la pressione per far evaporare in modo efficiente l&#8217;acqua dai fanghi. L&#8217;uso di tecnologie a bassa temperatura riduce al minimo il consumo energetico, mentre la flessibilit\u00e0 \u00e8 garantita dall&#8217;adattabilit\u00e0 a diversi tipi di fanghi. <\/span>[\/vc_toggle][vc_toggle title=&#8221;Quali possibilit\u00e0 offrono i fanghi essiccati dopo la lavorazione?&#8221;]<span style=\"font-weight: 400;\">I fanghi essiccati possono essere utilizzati in diversi modi, ad esempio come fonte di energia rinnovabile, come fertilizzante ecologico o come aggregato nell&#8217;industria edilizia. Questi utilizzi favoriscono un&#8217;economia circolare sostenibile e aiutano a preservare le risorse naturali. <\/span>[\/vc_toggle][vc_empty_space height=&#8221;100px&#8221;][\/vc_column][\/vc_row]<\/p>\n<\/div>","protected":false},"excerpt":{"rendered":"<p>[vc_row][vc_column][vc_custom_heading text=&#8221;Essiccazione dei fanghi con processi che definiscono gli standard&#8221; font_container=&#8221;tag:h1|text_align:center|color:%23728d2a&#8221; use_theme_fonts=&#8221;yes&#8221;][vc_column_text] Una soluzione sostenibile essiccazione dei fanghi ha bisogno di processiche utilizzino tecnologie moderne e funzionino in modo efficiente. michel SISTEMI DI ESSICCAZIONE DEI FANGHI offre sistemi avanzati e integrati per un&#8217;efficiente essiccazione dei fanghi in un&#8217;unica macchina. Ottimizza il riciclo dei fanghi industriali&hellip;<\/p>\n","protected":false},"author":1,"featured_media":2416,"parent":0,"menu_order":0,"comment_status":"closed","ping_status":"closed","template":"","meta":{"footnotes":""},"class_list":["post-2413","page","type-page","status-publish","has-post-thumbnail","hentry","description-off"],"yoast_head":"<!-- This site is optimized with the Yoast SEO plugin v27.3 - https:\/\/yoast.com\/product\/yoast-seo-wordpress\/ -->\n<title>Processo di essiccazione dei fanghi | Essiccazione dei fanghi Michel<\/title>\n<meta name=\"description\" content=\"Ottimizza l&#039;utilizzo dei fanghi industriali con i processi di essiccazione dei fanghi di michel SLUDGE-DRYING-SYSTEMS.\" \/>\n<meta name=\"robots\" content=\"index, follow, max-snippet:-1, max-image-preview:large, max-video-preview:-1\" \/>\n<link rel=\"canonical\" href=\"https:\/\/schlammtrocknung.com\/it\/processo-di-essiccazione-dei-fanghi\/\" \/>\n<meta property=\"og:locale\" content=\"it_IT\" \/>\n<meta property=\"og:type\" content=\"article\" \/>\n<meta property=\"og:title\" content=\"Processo di essiccazione dei fanghi | Essiccazione dei fanghi Michel\" \/>\n<meta property=\"og:description\" content=\"Ottimizza l&#039;utilizzo dei fanghi industriali con i processi di essiccazione dei fanghi di michel SLUDGE-DRYING-SYSTEMS.\" \/>\n<meta property=\"og:url\" content=\"https:\/\/schlammtrocknung.com\/it\/processo-di-essiccazione-dei-fanghi\/\" \/>\n<meta property=\"og:site_name\" content=\"Schlammtrocknung \u2013 michel SLUDGE DRYING SYSTEM\" \/>\n<meta property=\"article:modified_time\" content=\"2025-05-09T08:46:20+00:00\" \/>\n<meta property=\"og:image\" content=\"https:\/\/schlammtrocknung.com\/wp-content\/uploads\/2023\/05\/DSC_3747-scaled.jpg\" \/>\n\t<meta property=\"og:image:width\" content=\"2560\" \/>\n\t<meta property=\"og:image:height\" content=\"1436\" \/>\n\t<meta property=\"og:image:type\" content=\"image\/jpeg\" \/>\n<meta name=\"twitter:card\" content=\"summary_large_image\" \/>\n<meta name=\"twitter:label1\" content=\"Tempo di lettura stimato\" \/>\n\t<meta name=\"twitter:data1\" content=\"5 minuti\" \/>\n<script type=\"application\/ld+json\" class=\"yoast-schema-graph\">{\"@context\":\"https:\\\/\\\/schema.org\",\"@graph\":[{\"@type\":\"WebPage\",\"@id\":\"https:\\\/\\\/schlammtrocknung.com\\\/it\\\/processo-di-essiccazione-dei-fanghi\\\/\",\"url\":\"https:\\\/\\\/schlammtrocknung.com\\\/it\\\/processo-di-essiccazione-dei-fanghi\\\/\",\"name\":\"Processo di essiccazione dei fanghi | Essiccazione dei fanghi Michel\",\"isPartOf\":{\"@id\":\"https:\\\/\\\/schlammtrocknung.com\\\/#website\"},\"primaryImageOfPage\":{\"@id\":\"https:\\\/\\\/schlammtrocknung.com\\\/it\\\/processo-di-essiccazione-dei-fanghi\\\/#primaryimage\"},\"image\":{\"@id\":\"https:\\\/\\\/schlammtrocknung.com\\\/it\\\/processo-di-essiccazione-dei-fanghi\\\/#primaryimage\"},\"thumbnailUrl\":\"https:\\\/\\\/schlammtrocknung.com\\\/wp-content\\\/uploads\\\/2023\\\/05\\\/DSC_3747-scaled.jpg\",\"datePublished\":\"2024-08-30T09:22:58+00:00\",\"dateModified\":\"2025-05-09T08:46:20+00:00\",\"description\":\"Ottimizza l'utilizzo dei fanghi industriali con i processi di essiccazione dei fanghi di michel SLUDGE-DRYING-SYSTEMS.\",\"breadcrumb\":{\"@id\":\"https:\\\/\\\/schlammtrocknung.com\\\/it\\\/processo-di-essiccazione-dei-fanghi\\\/#breadcrumb\"},\"inLanguage\":\"it-IT\",\"potentialAction\":[{\"@type\":\"ReadAction\",\"target\":[\"https:\\\/\\\/schlammtrocknung.com\\\/it\\\/processo-di-essiccazione-dei-fanghi\\\/\"]}]},{\"@type\":\"ImageObject\",\"inLanguage\":\"it-IT\",\"@id\":\"https:\\\/\\\/schlammtrocknung.com\\\/it\\\/processo-di-essiccazione-dei-fanghi\\\/#primaryimage\",\"url\":\"https:\\\/\\\/schlammtrocknung.com\\\/wp-content\\\/uploads\\\/2023\\\/05\\\/DSC_3747-scaled.jpg\",\"contentUrl\":\"https:\\\/\\\/schlammtrocknung.com\\\/wp-content\\\/uploads\\\/2023\\\/05\\\/DSC_3747-scaled.jpg\",\"width\":2560,\"height\":1436},{\"@type\":\"BreadcrumbList\",\"@id\":\"https:\\\/\\\/schlammtrocknung.com\\\/it\\\/processo-di-essiccazione-dei-fanghi\\\/#breadcrumb\",\"itemListElement\":[{\"@type\":\"ListItem\",\"position\":1,\"name\":\"Startseite\",\"item\":\"https:\\\/\\\/schlammtrocknung.com\\\/it\\\/pagina-iniziale-2\\\/\"},{\"@type\":\"ListItem\",\"position\":2,\"name\":\"Processo di essiccazione dei fanghi\"}]},{\"@type\":\"WebSite\",\"@id\":\"https:\\\/\\\/schlammtrocknung.com\\\/#website\",\"url\":\"https:\\\/\\\/schlammtrocknung.com\\\/\",\"name\":\"Schlammtrocknung | SDS - Schlammtrocknung\",\"description\":\"Schlamm- L\u00f6sungen f\u00fcr Kl\u00e4rwerke, Industrie und Umwelt\",\"publisher\":{\"@id\":\"https:\\\/\\\/schlammtrocknung.com\\\/#organization\"},\"potentialAction\":[{\"@type\":\"SearchAction\",\"target\":{\"@type\":\"EntryPoint\",\"urlTemplate\":\"https:\\\/\\\/schlammtrocknung.com\\\/?s={search_term_string}\"},\"query-input\":{\"@type\":\"PropertyValueSpecification\",\"valueRequired\":true,\"valueName\":\"search_term_string\"}}],\"inLanguage\":\"it-IT\"},{\"@type\":\"Organization\",\"@id\":\"https:\\\/\\\/schlammtrocknung.com\\\/#organization\",\"name\":\"Schlammtrocknung | SDS - Schlammtrocknung\",\"url\":\"https:\\\/\\\/schlammtrocknung.com\\\/\",\"logo\":{\"@type\":\"ImageObject\",\"inLanguage\":\"it-IT\",\"@id\":\"https:\\\/\\\/schlammtrocknung.com\\\/#\\\/schema\\\/logo\\\/image\\\/\",\"url\":\"https:\\\/\\\/schlammtrocknung.com\\\/wp-content\\\/uploads\\\/2023\\\/02\\\/logo_sds-1.png\",\"contentUrl\":\"https:\\\/\\\/schlammtrocknung.com\\\/wp-content\\\/uploads\\\/2023\\\/02\\\/logo_sds-1.png\",\"width\":697,\"height\":187,\"caption\":\"Schlammtrocknung | SDS - Schlammtrocknung\"},\"image\":{\"@id\":\"https:\\\/\\\/schlammtrocknung.com\\\/#\\\/schema\\\/logo\\\/image\\\/\"}}]}<\/script>\n<!-- \/ Yoast SEO plugin. -->","yoast_head_json":{"title":"Processo di essiccazione dei fanghi | Essiccazione dei fanghi Michel","description":"Ottimizza l'utilizzo dei fanghi industriali con i processi di essiccazione dei fanghi di michel SLUDGE-DRYING-SYSTEMS.","robots":{"index":"index","follow":"follow","max-snippet":"max-snippet:-1","max-image-preview":"max-image-preview:large","max-video-preview":"max-video-preview:-1"},"canonical":"https:\/\/schlammtrocknung.com\/it\/processo-di-essiccazione-dei-fanghi\/","og_locale":"it_IT","og_type":"article","og_title":"Processo di essiccazione dei fanghi | Essiccazione dei fanghi Michel","og_description":"Ottimizza l'utilizzo dei fanghi industriali con i processi di essiccazione dei fanghi di michel SLUDGE-DRYING-SYSTEMS.","og_url":"https:\/\/schlammtrocknung.com\/it\/processo-di-essiccazione-dei-fanghi\/","og_site_name":"Schlammtrocknung \u2013 michel SLUDGE DRYING SYSTEM","article_modified_time":"2025-05-09T08:46:20+00:00","og_image":[{"width":2560,"height":1436,"url":"https:\/\/schlammtrocknung.com\/wp-content\/uploads\/2023\/05\/DSC_3747-scaled.jpg","type":"image\/jpeg"}],"twitter_card":"summary_large_image","twitter_misc":{"Tempo di lettura stimato":"5 minuti"},"schema":{"@context":"https:\/\/schema.org","@graph":[{"@type":"WebPage","@id":"https:\/\/schlammtrocknung.com\/it\/processo-di-essiccazione-dei-fanghi\/","url":"https:\/\/schlammtrocknung.com\/it\/processo-di-essiccazione-dei-fanghi\/","name":"Processo di essiccazione dei fanghi | Essiccazione dei fanghi Michel","isPartOf":{"@id":"https:\/\/schlammtrocknung.com\/#website"},"primaryImageOfPage":{"@id":"https:\/\/schlammtrocknung.com\/it\/processo-di-essiccazione-dei-fanghi\/#primaryimage"},"image":{"@id":"https:\/\/schlammtrocknung.com\/it\/processo-di-essiccazione-dei-fanghi\/#primaryimage"},"thumbnailUrl":"https:\/\/schlammtrocknung.com\/wp-content\/uploads\/2023\/05\/DSC_3747-scaled.jpg","datePublished":"2024-08-30T09:22:58+00:00","dateModified":"2025-05-09T08:46:20+00:00","description":"Ottimizza l'utilizzo dei fanghi industriali con i processi di essiccazione dei fanghi di michel SLUDGE-DRYING-SYSTEMS.","breadcrumb":{"@id":"https:\/\/schlammtrocknung.com\/it\/processo-di-essiccazione-dei-fanghi\/#breadcrumb"},"inLanguage":"it-IT","potentialAction":[{"@type":"ReadAction","target":["https:\/\/schlammtrocknung.com\/it\/processo-di-essiccazione-dei-fanghi\/"]}]},{"@type":"ImageObject","inLanguage":"it-IT","@id":"https:\/\/schlammtrocknung.com\/it\/processo-di-essiccazione-dei-fanghi\/#primaryimage","url":"https:\/\/schlammtrocknung.com\/wp-content\/uploads\/2023\/05\/DSC_3747-scaled.jpg","contentUrl":"https:\/\/schlammtrocknung.com\/wp-content\/uploads\/2023\/05\/DSC_3747-scaled.jpg","width":2560,"height":1436},{"@type":"BreadcrumbList","@id":"https:\/\/schlammtrocknung.com\/it\/processo-di-essiccazione-dei-fanghi\/#breadcrumb","itemListElement":[{"@type":"ListItem","position":1,"name":"Startseite","item":"https:\/\/schlammtrocknung.com\/it\/pagina-iniziale-2\/"},{"@type":"ListItem","position":2,"name":"Processo di essiccazione dei fanghi"}]},{"@type":"WebSite","@id":"https:\/\/schlammtrocknung.com\/#website","url":"https:\/\/schlammtrocknung.com\/","name":"Schlammtrocknung | SDS - Schlammtrocknung","description":"Schlamm- L\u00f6sungen f\u00fcr Kl\u00e4rwerke, Industrie und Umwelt","publisher":{"@id":"https:\/\/schlammtrocknung.com\/#organization"},"potentialAction":[{"@type":"SearchAction","target":{"@type":"EntryPoint","urlTemplate":"https:\/\/schlammtrocknung.com\/?s={search_term_string}"},"query-input":{"@type":"PropertyValueSpecification","valueRequired":true,"valueName":"search_term_string"}}],"inLanguage":"it-IT"},{"@type":"Organization","@id":"https:\/\/schlammtrocknung.com\/#organization","name":"Schlammtrocknung | SDS - Schlammtrocknung","url":"https:\/\/schlammtrocknung.com\/","logo":{"@type":"ImageObject","inLanguage":"it-IT","@id":"https:\/\/schlammtrocknung.com\/#\/schema\/logo\/image\/","url":"https:\/\/schlammtrocknung.com\/wp-content\/uploads\/2023\/02\/logo_sds-1.png","contentUrl":"https:\/\/schlammtrocknung.com\/wp-content\/uploads\/2023\/02\/logo_sds-1.png","width":697,"height":187,"caption":"Schlammtrocknung | SDS - Schlammtrocknung"},"image":{"@id":"https:\/\/schlammtrocknung.com\/#\/schema\/logo\/image\/"}}]}},"_links":{"self":[{"href":"https:\/\/schlammtrocknung.com\/it\/wp-json\/wp\/v2\/pages\/2413","targetHints":{"allow":["GET"]}}],"collection":[{"href":"https:\/\/schlammtrocknung.com\/it\/wp-json\/wp\/v2\/pages"}],"about":[{"href":"https:\/\/schlammtrocknung.com\/it\/wp-json\/wp\/v2\/types\/page"}],"author":[{"embeddable":true,"href":"https:\/\/schlammtrocknung.com\/it\/wp-json\/wp\/v2\/users\/1"}],"replies":[{"embeddable":true,"href":"https:\/\/schlammtrocknung.com\/it\/wp-json\/wp\/v2\/comments?post=2413"}],"version-history":[{"count":2,"href":"https:\/\/schlammtrocknung.com\/it\/wp-json\/wp\/v2\/pages\/2413\/revisions"}],"predecessor-version":[{"id":2418,"href":"https:\/\/schlammtrocknung.com\/it\/wp-json\/wp\/v2\/pages\/2413\/revisions\/2418"}],"wp:featuredmedia":[{"embeddable":true,"href":"https:\/\/schlammtrocknung.com\/it\/wp-json\/wp\/v2\/media\/2416"}],"wp:attachment":[{"href":"https:\/\/schlammtrocknung.com\/it\/wp-json\/wp\/v2\/media?parent=2413"}],"curies":[{"name":"wp","href":"https:\/\/api.w.org\/{rel}","templated":true}]}}