{"id":2420,"date":"2024-08-30T11:00:11","date_gmt":"2024-08-30T09:00:11","guid":{"rendered":"https:\/\/schlammtrocknung.com\/utilizzo-dei-fanghi\/"},"modified":"2025-05-09T10:46:21","modified_gmt":"2025-05-09T08:46:21","slug":"utilizzo-dei-fanghi","status":"publish","type":"page","link":"https:\/\/schlammtrocknung.com\/it\/utilizzo-dei-fanghi\/","title":{"rendered":"Utilizzo dei fanghi"},"content":{"rendered":"<div class=\"wpb-content-wrapper\"><p>[vc_row][vc_column][vc_custom_heading text=&#8221;Con l&apos;utilizzo dei fanghi come materiale riciclabile&#8221; font_container=&#8221;tag:h1|text_align:center|color:%23728d2a&#8221; use_theme_fonts=&#8221;yes&#8221;][vc_column_text]<\/p>\n<p style=\"text-align: center;\"><span style=\"font-weight: 400;\">Un efficace <\/span><b>utilizzo dei fanghi<\/b><span style=\"font-weight: 400;\">  offre un grande potenziale per una gestione sostenibile dei rifiuti che non solo protegge l&#8217;ambiente ma recupera anche risorse preziose. I sistemi avanzati di   <\/span><b>michel SISTEMI DI ESSICCAZIONE DEI FANGHI<\/b><span style=\"font-weight: 400;\">  costituiscono la base per metodi di utilizzo efficienti. Preparano i fanghi per un successivo utilizzo. <\/span><\/p>\n<p style=\"text-align: center;\"><a href=\"https:\/\/schlammtrocknung.com\/it\/contattaci\/\">Scopri subito i sistemi!<\/a><\/p>\n<p>[\/vc_column_text][\/vc_column][\/vc_row][vc_row][vc_column][vc_custom_heading text=&#8221;Dal combustibile all&apos;edilizia: il potenziale dell&apos;utilizzo dei fanghi&#8221; font_container=&#8221;tag:h2|text_align:left|color:%23728d2a&#8221; use_theme_fonts=&#8221;yes&#8221;][\/vc_column][\/vc_row][vc_row][vc_column width=&#8221;1\/2&#8243;][vc_column_text]<b>I fanghi<\/b><span style=\"font-weight: 400;\">che si accumulano come rifiuti industriali o di consumo possono essere riciclati in modo sostenibile in diversi modi. <\/span> <\/p>\n<p><span style=\"font-weight: 400;\">Con un&#8217;ulteriore lavorazione, i fanghi essiccati possono essere trasformati in un combustibile solido che pu\u00f2 essere utilizzato nelle centrali elettriche per generare energia. <\/span><b>generazione di energia<\/b><span style=\"font-weight: 400;\">  viene utilizzato. In alcuni casi, i fanghi essiccati possono essere utilizzati anche come additivo nella   <\/span><b>industria edile<\/b><span style=\"font-weight: 400;\"> pu\u00f2 essere utilizzato per la produzione di mattoni o altri materiali da costruzione, migliorando alcune propriet\u00e0 come l&#8217;isolamento.<\/span>[\/vc_column_text][\/vc_column][vc_column width=&#8221;1\/2&#8243;][vc_single_image image=&#8221;1164&#8243; img_size=&#8221;full&#8221;][\/vc_column][\/vc_row][vc_row][vc_column][vc_custom_heading text=&#8221;L&apos;utilizzo dei fanghi: un contributo importante all&apos;economia circolare&#8221; font_container=&#8221;tag:h2|text_align:center|color:%23728d2a&#8221; use_theme_fonts=&#8221;yes&#8221;][vc_column_text]<span style=\"font-weight: 400;\">In quanto <\/span><b>risorsa naturale<\/b><span style=\"font-weight: 400;\">  I fanghi trattati possono essere una componente preziosa di un&#8217;economia circolare rispettosa dell&#8217;ambiente. Attraverso un&#8217;efficace   <\/span><b>Utilizzo dei fanghi<\/b><span style=\"font-weight: 400;\"> i rifiuti potenzialmente dannosi vengono convertiti in prodotti utili, riducendo in modo significativo l&#8217;impatto ambientale. <\/span><span style=\"font-weight: 400;\">Un utilizzo appropriato dei fanghi offre molti <\/span><b>vantaggi<\/b><span style=\"font-weight: 400;\">:<\/span><\/p>\n<ul>\n<li style=\"font-weight: 400;\" aria-level=\"1\"><span style=\"font-weight: 400;\">Ridurre i costi di smaltimento dei rifiuti grazie al trattamento dei fanghi in loco anzich\u00e9 al loro trasporto.<\/span><\/li>\n<li style=\"font-weight: 400;\" aria-level=\"1\"><span style=\"font-weight: 400;\">Recupero di risorse dai fanghi<\/span><\/li>\n<li style=\"font-weight: 400;\" aria-level=\"1\"><span style=\"font-weight: 400;\">Conservazione delle risorse naturali  <\/span><\/li>\n<li style=\"font-weight: 400;\" aria-level=\"1\"><span style=\"font-weight: 400;\">Ridurre la dipendenza dai combustibili fossili<\/span><\/li>\n<\/ul>\n<p>[\/vc_column_text][\/vc_column][\/vc_row][vc_row][vc_column][vc_empty_space][vc_custom_heading text=&#8221;L&apos;essiccazione efficiente dei fanghi come base per il loro utilizzo&#8221; font_container=&#8221;tag:h2|text_align:center|color:%23728d2a&#8221; use_theme_fonts=&#8221;yes&#8221;][vc_column_text]<b>michel SISTEMI DI ESSICCAZIONE DEI FANGHI<\/b><span style=\"font-weight: 400;\">  utilizza tecnologie avanzate di essiccazione dei fanghi che convertono in modo efficiente ed ecologico fanghi di ogni tipo in uno stato utilizzabile. I nostri impianti utilizzano un   <\/span><b>Combinazione di essiccazione a contatto e a convezione<\/b><span style=\"font-weight: 400;\">che garantisce un&#8217;asciugatura ottimale <\/span><a href=\"http:\/\/www.schlammtrocknung.com\/glossar\/trocknung\"><span style=\"font-weight: 400;\">asciugatura ottimale<\/span><\/a><span style=\"font-weight: 400;\"> con un consumo energetico minimo. <\/span> <\/p>\n<p><span style=\"font-weight: 400;\">I sistemi sono progettati in modo tale da poter essere adattati a diversi tipi di fanghi, dai fanghi municipali a quelli di depurazione. <\/span><a href=\"http:\/\/schlammtrocknung.com\/leistungen\/klaerschlammtrocknung\"><span style=\"font-weight: 400;\">fanghi di depurazione<\/span><\/a><span style=\"font-weight: 400;\">  fino ai fanghi industriali. L&#8217;uso di tecnologie a bassa temperatura riduce il fabbisogno energetico e consente di ottenere elevate prestazioni di essiccazione. Questa ottimizzazione del processo porta a bassi costi operativi e favorisce una produzione sostenibile.    <\/span><b>Economia circolare<\/b><span style=\"font-weight: 400;\">.<\/span><\/p>\n<p><span style=\"font-weight: 400;\">Scopri il potenziale di <\/span><b>utilizzo dei fanghi<\/b><span style=\"font-weight: 400;\"> con i <\/span><b>sistemi della michel SLUDGE-DRYING-SYSTEMS<\/b><span style=\"font-weight: 400;\">integrando nei tuoi macchinari un processo di essiccazione dei fanghi sostenibile e a basso costo. Contatta il nostro team per ricevere un&#8217;offerta personalizzata per il tuo impianto.   <\/span><a href=\"https:\/\/schlammtrocknung.com\/produkte\/\"><span style=\"font-weight: 400;\">impianto di essiccazione dei fanghi<\/span><\/a><span style=\"font-weight: 400;\"> per ricevere.<\/span>[\/vc_column_text][\/vc_column][\/vc_row][vc_row][vc_column][vc_cta h2=&#8221;&#8221; txt_align=&#8221;center&#8221; add_button=&#8221;bottom&#8221; btn_title=&#8221;Mettiti in contatto con noi!&#8221; btn_color=&#8221;green&#8221; btn_size=&#8221;lg&#8221; btn_align=&#8221;center&#8221; btn_link=&#8221;url:https%3A%2F%2Fschlammtrocknung.com%2Fit%2Fcontattaci%2F|title:Contattaci|&#8221;][\/vc_cta][\/vc_column][\/vc_row][vc_row][vc_column][vc_empty_space height=&#8221;100px&#8221;][\/vc_column][\/vc_row][vc_row][vc_column][vc_column_text]<\/p>\n<h2><b>FAQ &#8211; Domande frequenti sull&#8217;utilizzo dei fanghi <\/b><b>utilizzo dei fanghi<\/b><\/h2>\n<p>[\/vc_column_text][vc_toggle title=&#8221;Quali sono i principali vantaggi dell&apos;utilizzo dei fanghi?&#8221;]<span style=\"font-weight: 400;\">L&#8217;utilizzo sostenibile dei fanghi riduce l&#8217;inquinamento ambientale, abbassa i costi di smaltimento e sostiene l&#8217;economia circolare convertendo i fanghi in energia o materiali da costruzione.<\/span>[\/vc_toggle][vc_toggle title=&#8221;In quali aree \u00e8 possibile utilizzare i fanghi essiccati?&#8221;]<span style=\"font-weight: 400;\">Oltre a essere utilizzati come fertilizzanti e combustibili, i fanghi essiccati possono essere impiegati nella produzione di materiali da costruzione e servono a ricoltivare e stabilizzare aree degradate. In questo modo, l&#8217;utilizzo dei fanghi contribuisce alla riattivazione degli ecosistemi. <\/span>[\/vc_toggle][vc_toggle title=&#8221;In che modo l&apos;essiccazione dei fanghi contribuisce a un loro utilizzo sostenibile?&#8221;]<span style=\"font-weight: 400;\">michel SLUDGE-DRYING-SYSTEMS ottimizza il processo di essiccazione attraverso un&#8217;avanzata essiccazione a contatto e a convezione, che utilizza l&#8217;energia in modo efficiente e consente di ottenere elevate prestazioni di essiccazione per diversi tipi di fanghi, rendendoli pi\u00f9 utilizzabili.<\/span>[\/vc_toggle][vc_empty_space height=&#8221;100px&#8221;][\/vc_column][\/vc_row]<\/p>\n<\/div>","protected":false},"excerpt":{"rendered":"<p>[vc_row][vc_column][vc_custom_heading text=&#8221;Con l&apos;utilizzo dei fanghi come materiale riciclabile&#8221; font_container=&#8221;tag:h1|text_align:center|color:%23728d2a&#8221; use_theme_fonts=&#8221;yes&#8221;][vc_column_text] Un efficace utilizzo dei fanghi offre un grande potenziale per una gestione sostenibile dei rifiuti che non solo protegge l&#8217;ambiente ma recupera anche risorse preziose. I sistemi avanzati di michel SISTEMI DI ESSICCAZIONE DEI FANGHI costituiscono la base per metodi di utilizzo efficienti. Preparano i&hellip;<\/p>\n","protected":false},"author":1,"featured_media":2416,"parent":0,"menu_order":0,"comment_status":"closed","ping_status":"closed","template":"","meta":{"footnotes":""},"class_list":["post-2420","page","type-page","status-publish","has-post-thumbnail","hentry","description-off"],"yoast_head":"<!-- This site is optimized with the Yoast SEO plugin v27.3 - https:\/\/yoast.com\/product\/yoast-seo-wordpress\/ -->\n<title>Utilizzo dei fanghi | Essiccazione dei fanghi Michel<\/title>\n<meta name=\"description\" content=\"Scopri il potenziale dell&#039;utilizzo dei fanghi per una gestione sostenibile dei rifiuti.\" \/>\n<meta name=\"robots\" content=\"index, follow, max-snippet:-1, max-image-preview:large, max-video-preview:-1\" \/>\n<link rel=\"canonical\" href=\"https:\/\/schlammtrocknung.com\/it\/utilizzo-dei-fanghi\/\" \/>\n<meta property=\"og:locale\" content=\"it_IT\" \/>\n<meta property=\"og:type\" content=\"article\" \/>\n<meta property=\"og:title\" content=\"Utilizzo dei fanghi | Essiccazione dei fanghi Michel\" \/>\n<meta property=\"og:description\" content=\"Scopri il potenziale dell&#039;utilizzo dei fanghi per una gestione sostenibile dei rifiuti.\" \/>\n<meta property=\"og:url\" content=\"https:\/\/schlammtrocknung.com\/it\/utilizzo-dei-fanghi\/\" \/>\n<meta property=\"og:site_name\" content=\"Schlammtrocknung \u2013 michel SLUDGE DRYING SYSTEM\" \/>\n<meta property=\"article:modified_time\" content=\"2025-05-09T08:46:21+00:00\" \/>\n<meta property=\"og:image\" content=\"https:\/\/schlammtrocknung.com\/wp-content\/uploads\/2023\/05\/DSC_3747-scaled.jpg\" \/>\n\t<meta property=\"og:image:width\" content=\"2560\" \/>\n\t<meta property=\"og:image:height\" content=\"1436\" \/>\n\t<meta property=\"og:image:type\" content=\"image\/jpeg\" \/>\n<meta name=\"twitter:card\" content=\"summary_large_image\" \/>\n<meta name=\"twitter:label1\" content=\"Tempo di lettura stimato\" \/>\n\t<meta name=\"twitter:data1\" content=\"4 minuti\" \/>\n<script type=\"application\/ld+json\" class=\"yoast-schema-graph\">{\"@context\":\"https:\\\/\\\/schema.org\",\"@graph\":[{\"@type\":\"WebPage\",\"@id\":\"https:\\\/\\\/schlammtrocknung.com\\\/it\\\/utilizzo-dei-fanghi\\\/\",\"url\":\"https:\\\/\\\/schlammtrocknung.com\\\/it\\\/utilizzo-dei-fanghi\\\/\",\"name\":\"Utilizzo dei fanghi | Essiccazione dei fanghi Michel\",\"isPartOf\":{\"@id\":\"https:\\\/\\\/schlammtrocknung.com\\\/#website\"},\"primaryImageOfPage\":{\"@id\":\"https:\\\/\\\/schlammtrocknung.com\\\/it\\\/utilizzo-dei-fanghi\\\/#primaryimage\"},\"image\":{\"@id\":\"https:\\\/\\\/schlammtrocknung.com\\\/it\\\/utilizzo-dei-fanghi\\\/#primaryimage\"},\"thumbnailUrl\":\"https:\\\/\\\/schlammtrocknung.com\\\/wp-content\\\/uploads\\\/2023\\\/05\\\/DSC_3747-scaled.jpg\",\"datePublished\":\"2024-08-30T09:00:11+00:00\",\"dateModified\":\"2025-05-09T08:46:21+00:00\",\"description\":\"Scopri il potenziale dell'utilizzo dei fanghi per una gestione sostenibile dei rifiuti.\",\"breadcrumb\":{\"@id\":\"https:\\\/\\\/schlammtrocknung.com\\\/it\\\/utilizzo-dei-fanghi\\\/#breadcrumb\"},\"inLanguage\":\"it-IT\",\"potentialAction\":[{\"@type\":\"ReadAction\",\"target\":[\"https:\\\/\\\/schlammtrocknung.com\\\/it\\\/utilizzo-dei-fanghi\\\/\"]}]},{\"@type\":\"ImageObject\",\"inLanguage\":\"it-IT\",\"@id\":\"https:\\\/\\\/schlammtrocknung.com\\\/it\\\/utilizzo-dei-fanghi\\\/#primaryimage\",\"url\":\"https:\\\/\\\/schlammtrocknung.com\\\/wp-content\\\/uploads\\\/2023\\\/05\\\/DSC_3747-scaled.jpg\",\"contentUrl\":\"https:\\\/\\\/schlammtrocknung.com\\\/wp-content\\\/uploads\\\/2023\\\/05\\\/DSC_3747-scaled.jpg\",\"width\":2560,\"height\":1436},{\"@type\":\"BreadcrumbList\",\"@id\":\"https:\\\/\\\/schlammtrocknung.com\\\/it\\\/utilizzo-dei-fanghi\\\/#breadcrumb\",\"itemListElement\":[{\"@type\":\"ListItem\",\"position\":1,\"name\":\"Startseite\",\"item\":\"https:\\\/\\\/schlammtrocknung.com\\\/it\\\/pagina-iniziale-2\\\/\"},{\"@type\":\"ListItem\",\"position\":2,\"name\":\"Utilizzo dei fanghi\"}]},{\"@type\":\"WebSite\",\"@id\":\"https:\\\/\\\/schlammtrocknung.com\\\/#website\",\"url\":\"https:\\\/\\\/schlammtrocknung.com\\\/\",\"name\":\"Schlammtrocknung | SDS - Schlammtrocknung\",\"description\":\"Schlamm- L\u00f6sungen f\u00fcr Kl\u00e4rwerke, Industrie und Umwelt\",\"publisher\":{\"@id\":\"https:\\\/\\\/schlammtrocknung.com\\\/#organization\"},\"potentialAction\":[{\"@type\":\"SearchAction\",\"target\":{\"@type\":\"EntryPoint\",\"urlTemplate\":\"https:\\\/\\\/schlammtrocknung.com\\\/?s={search_term_string}\"},\"query-input\":{\"@type\":\"PropertyValueSpecification\",\"valueRequired\":true,\"valueName\":\"search_term_string\"}}],\"inLanguage\":\"it-IT\"},{\"@type\":\"Organization\",\"@id\":\"https:\\\/\\\/schlammtrocknung.com\\\/#organization\",\"name\":\"Schlammtrocknung | SDS - Schlammtrocknung\",\"url\":\"https:\\\/\\\/schlammtrocknung.com\\\/\",\"logo\":{\"@type\":\"ImageObject\",\"inLanguage\":\"it-IT\",\"@id\":\"https:\\\/\\\/schlammtrocknung.com\\\/#\\\/schema\\\/logo\\\/image\\\/\",\"url\":\"https:\\\/\\\/schlammtrocknung.com\\\/wp-content\\\/uploads\\\/2023\\\/02\\\/logo_sds-1.png\",\"contentUrl\":\"https:\\\/\\\/schlammtrocknung.com\\\/wp-content\\\/uploads\\\/2023\\\/02\\\/logo_sds-1.png\",\"width\":697,\"height\":187,\"caption\":\"Schlammtrocknung | SDS - Schlammtrocknung\"},\"image\":{\"@id\":\"https:\\\/\\\/schlammtrocknung.com\\\/#\\\/schema\\\/logo\\\/image\\\/\"}}]}<\/script>\n<!-- \/ Yoast SEO plugin. -->","yoast_head_json":{"title":"Utilizzo dei fanghi | Essiccazione dei fanghi Michel","description":"Scopri il potenziale dell'utilizzo dei fanghi per una gestione sostenibile dei rifiuti.","robots":{"index":"index","follow":"follow","max-snippet":"max-snippet:-1","max-image-preview":"max-image-preview:large","max-video-preview":"max-video-preview:-1"},"canonical":"https:\/\/schlammtrocknung.com\/it\/utilizzo-dei-fanghi\/","og_locale":"it_IT","og_type":"article","og_title":"Utilizzo dei fanghi | Essiccazione dei fanghi Michel","og_description":"Scopri il potenziale dell'utilizzo dei fanghi per una gestione sostenibile dei rifiuti.","og_url":"https:\/\/schlammtrocknung.com\/it\/utilizzo-dei-fanghi\/","og_site_name":"Schlammtrocknung \u2013 michel SLUDGE DRYING SYSTEM","article_modified_time":"2025-05-09T08:46:21+00:00","og_image":[{"width":2560,"height":1436,"url":"https:\/\/schlammtrocknung.com\/wp-content\/uploads\/2023\/05\/DSC_3747-scaled.jpg","type":"image\/jpeg"}],"twitter_card":"summary_large_image","twitter_misc":{"Tempo di lettura stimato":"4 minuti"},"schema":{"@context":"https:\/\/schema.org","@graph":[{"@type":"WebPage","@id":"https:\/\/schlammtrocknung.com\/it\/utilizzo-dei-fanghi\/","url":"https:\/\/schlammtrocknung.com\/it\/utilizzo-dei-fanghi\/","name":"Utilizzo dei fanghi | Essiccazione dei fanghi Michel","isPartOf":{"@id":"https:\/\/schlammtrocknung.com\/#website"},"primaryImageOfPage":{"@id":"https:\/\/schlammtrocknung.com\/it\/utilizzo-dei-fanghi\/#primaryimage"},"image":{"@id":"https:\/\/schlammtrocknung.com\/it\/utilizzo-dei-fanghi\/#primaryimage"},"thumbnailUrl":"https:\/\/schlammtrocknung.com\/wp-content\/uploads\/2023\/05\/DSC_3747-scaled.jpg","datePublished":"2024-08-30T09:00:11+00:00","dateModified":"2025-05-09T08:46:21+00:00","description":"Scopri il potenziale dell'utilizzo dei fanghi per una gestione sostenibile dei rifiuti.","breadcrumb":{"@id":"https:\/\/schlammtrocknung.com\/it\/utilizzo-dei-fanghi\/#breadcrumb"},"inLanguage":"it-IT","potentialAction":[{"@type":"ReadAction","target":["https:\/\/schlammtrocknung.com\/it\/utilizzo-dei-fanghi\/"]}]},{"@type":"ImageObject","inLanguage":"it-IT","@id":"https:\/\/schlammtrocknung.com\/it\/utilizzo-dei-fanghi\/#primaryimage","url":"https:\/\/schlammtrocknung.com\/wp-content\/uploads\/2023\/05\/DSC_3747-scaled.jpg","contentUrl":"https:\/\/schlammtrocknung.com\/wp-content\/uploads\/2023\/05\/DSC_3747-scaled.jpg","width":2560,"height":1436},{"@type":"BreadcrumbList","@id":"https:\/\/schlammtrocknung.com\/it\/utilizzo-dei-fanghi\/#breadcrumb","itemListElement":[{"@type":"ListItem","position":1,"name":"Startseite","item":"https:\/\/schlammtrocknung.com\/it\/pagina-iniziale-2\/"},{"@type":"ListItem","position":2,"name":"Utilizzo dei fanghi"}]},{"@type":"WebSite","@id":"https:\/\/schlammtrocknung.com\/#website","url":"https:\/\/schlammtrocknung.com\/","name":"Schlammtrocknung | SDS - Schlammtrocknung","description":"Schlamm- L\u00f6sungen f\u00fcr Kl\u00e4rwerke, Industrie und Umwelt","publisher":{"@id":"https:\/\/schlammtrocknung.com\/#organization"},"potentialAction":[{"@type":"SearchAction","target":{"@type":"EntryPoint","urlTemplate":"https:\/\/schlammtrocknung.com\/?s={search_term_string}"},"query-input":{"@type":"PropertyValueSpecification","valueRequired":true,"valueName":"search_term_string"}}],"inLanguage":"it-IT"},{"@type":"Organization","@id":"https:\/\/schlammtrocknung.com\/#organization","name":"Schlammtrocknung | SDS - Schlammtrocknung","url":"https:\/\/schlammtrocknung.com\/","logo":{"@type":"ImageObject","inLanguage":"it-IT","@id":"https:\/\/schlammtrocknung.com\/#\/schema\/logo\/image\/","url":"https:\/\/schlammtrocknung.com\/wp-content\/uploads\/2023\/02\/logo_sds-1.png","contentUrl":"https:\/\/schlammtrocknung.com\/wp-content\/uploads\/2023\/02\/logo_sds-1.png","width":697,"height":187,"caption":"Schlammtrocknung | SDS - Schlammtrocknung"},"image":{"@id":"https:\/\/schlammtrocknung.com\/#\/schema\/logo\/image\/"}}]}},"_links":{"self":[{"href":"https:\/\/schlammtrocknung.com\/it\/wp-json\/wp\/v2\/pages\/2420","targetHints":{"allow":["GET"]}}],"collection":[{"href":"https:\/\/schlammtrocknung.com\/it\/wp-json\/wp\/v2\/pages"}],"about":[{"href":"https:\/\/schlammtrocknung.com\/it\/wp-json\/wp\/v2\/types\/page"}],"author":[{"embeddable":true,"href":"https:\/\/schlammtrocknung.com\/it\/wp-json\/wp\/v2\/users\/1"}],"replies":[{"embeddable":true,"href":"https:\/\/schlammtrocknung.com\/it\/wp-json\/wp\/v2\/comments?post=2420"}],"version-history":[{"count":1,"href":"https:\/\/schlammtrocknung.com\/it\/wp-json\/wp\/v2\/pages\/2420\/revisions"}],"predecessor-version":[{"id":2424,"href":"https:\/\/schlammtrocknung.com\/it\/wp-json\/wp\/v2\/pages\/2420\/revisions\/2424"}],"wp:featuredmedia":[{"embeddable":true,"href":"https:\/\/schlammtrocknung.com\/it\/wp-json\/wp\/v2\/media\/2416"}],"wp:attachment":[{"href":"https:\/\/schlammtrocknung.com\/it\/wp-json\/wp\/v2\/media?parent=2420"}],"curies":[{"name":"wp","href":"https:\/\/api.w.org\/{rel}","templated":true}]}}