{"id":2439,"date":"2024-08-30T10:40:19","date_gmt":"2024-08-30T08:40:19","guid":{"rendered":"https:\/\/schlammtrocknung.com\/disidratazione-dei-fanghi\/"},"modified":"2025-05-09T10:46:29","modified_gmt":"2025-05-09T08:46:29","slug":"disidratazione-dei-fanghi","status":"publish","type":"page","link":"https:\/\/schlammtrocknung.com\/it\/disidratazione-dei-fanghi\/","title":{"rendered":"Disidratazione dei fanghi"},"content":{"rendered":"<div class=\"wpb-content-wrapper\"><p>[vc_row][vc_column][vc_custom_heading text=&#8221;Disidratazione dei fanghi con i sistemi michel SLUDGE-DRYING-SYSTEMS&#8221; font_container=&#8221;tag:h1|text_align:center|color:%23728d2a&#8221; use_theme_fonts=&#8221;yes&#8221;][vc_column_text]<\/p>\n<p style=\"text-align: center;\"><span style=\"font-weight: 400;\">Sistemi all&#8217;avanguardia per <\/span><b>disidratazione dei fanghi<\/b><span style=\"font-weight: 400;\">. Tecnologie avanzate per il  <\/span><a href=\"http:\/\/schlammtrocknung.com\/glossar\/dewatering\"><span style=\"font-weight: 400;\">Disidratazione<\/span><\/a><span style=\"font-weight: 400;\">. Utilizzo efficiente dei fanghi in loco. Le soluzioni di michel SLUDGE-DRYING-SYSTEMS evitano il costoso trasporto dell&#8217;acqua e favoriscono la creazione di un futuro ecologico. <\/span><\/p>\n<p>[\/vc_column_text][\/vc_column][\/vc_row][vc_row][vc_column][vc_cta h2=&#8221;&#8221; add_button=&#8221;bottom&#8221; btn_title=&#8221;Richiedi subito informazioni!&#8221; btn_style=&#8221;gradient-custom&#8221; btn_gradient_custom_color_1=&#8221;#728d2a&#8221; btn_gradient_custom_color_2=&#8221;#728d2a&#8221; btn_align=&#8221;center&#8221; btn_link=&#8221;url:https%3A%2F%2Fschlammtrocknung.com%2Fit%2Fcontattaci%2F|title:Contattaci|&#8221;][\/vc_cta][vc_empty_space][\/vc_column][vc_column width=&#8221;1\/2&#8243;][vc_custom_heading text=&#8221;Disidratazione dei fanghi: indispensabile negli ambienti industriali&#8221; font_container=&#8221;tag:h2|text_align:left|color:%23728d2a&#8221; use_theme_fonts=&#8221;yes&#8221;][vc_column_text]<i><span style=\"font-weight: 400;\">Che cos&#8217;\u00e8 la disidratazione dei fanghi?<\/span><\/i><\/p>\n<p><i><span style=\"font-weight: 400;\">La disidratazione dei fanghi \u00e8 un processo che consente di ridurre il contenuto di acqua nei fanghi prodotti nei processi industriali, nel trattamento delle acque reflue e in agricoltura. La percentuale di liquido nella massa totale dei fanghi viene ridotta al 10%, riducendo drasticamente il volume e il peso del materiale riciclabile. <\/span><\/i>[\/vc_column_text][\/vc_column][vc_column width=&#8221;1\/2&#8243;][vc_single_image image=&#8221;280&#8243; img_size=&#8221;full&#8221;][\/vc_column][\/vc_row][vc_row][vc_column][vc_column_text]<\/p>\n<p style=\"text-align: center;\"><span style=\"font-weight: 400;\">La disidratazione dei fanghi industriali \u00e8 essenziale per rispettare <\/span><b>le normative ambientali<\/b><span style=\"font-weight: 400;\">  riducendo al minimo il rilascio di sostanze inquinanti e consentendo il recupero di risorse preziose. Grazie a un sistema avanzato di   <\/span><b>La disidratazione dei fanghi<\/b><span style=\"font-weight: 400;\"> evita che i metalli pesanti e i composti organici vengano rilasciati nell&#8217;ambiente, riducendo cos\u00ec i rischi ecologici e sanitari.<\/span><\/p>\n<p>[\/vc_column_text][vc_custom_heading text=&#8221;Vantaggi della disidratazione dei fanghi con il sistema michel SLUDGE-DRYING-SYSTEMS&#8221; font_container=&#8221;tag:h3|text_align:center|color:%23728d2a&#8221; use_theme_fonts=&#8221;yes&#8221;][\/vc_column][\/vc_row][vc_row][vc_column width=&#8221;1\/2&#8243;][vc_empty_space][vc_single_image image=&#8221;279&#8243; img_size=&#8221;large&#8221;][\/vc_column][vc_column width=&#8221;1\/2&#8243;][vc_empty_space][vc_column_text]<span style=\"font-weight: 400;\">I vantaggi della nostra tecnologia sono molteplici e impressionanti:<\/span><\/p>\n<ul>\n<li><b>Fattibilit\u00e0 locale:<\/b><span style=\"font-weight: 400;\"> La nostra tecnologia viene impiegata direttamente nel punto di origine dei fanghi.<\/span><\/li>\n<li><b>Rispettoso dell&#8217;ambiente:<\/b><span style=\"font-weight: 400;\"> Non ci sono emissioni aggiuntive, problemi con le acque reflue o aumento dell&#8217;inquinamento da CO\u2082.<\/span><\/li>\n<li><b>Efficienza energetica e dei costi:<\/b><span style=\"font-weight: 400;\"> Riduzione dei requisiti energetici senza la necessit\u00e0 di acquistare costosi dispositivi aggiuntivi.<\/span><\/li>\n<li><b>Bassi costi operativi:<\/b><span style=\"font-weight: 400;\"> Utilizzo efficiente di calore ed elettricit\u00e0<\/span><\/li>\n<li><b>Disidratazione delicata:<\/b><span style=\"font-weight: 400;\"> Nessun incollaggio, basse emissioni e sviluppo di polvere<\/span><\/li>\n<li><b>Non c&#8217;\u00e8 bisogno di coperture:<\/b><span style=\"font-weight: 400;\"> Riduce i costi e risparmia spazio prezioso<\/span><\/li>\n<li><b>Versatilit\u00e0:<\/b><span style=\"font-weight: 400;\"> Adatto a diversi tipi di <\/span><a href=\"http:\/\/schlammtrocknung.com\/leistungen\"><span style=\"font-weight: 400;\">tipi di fanghi<\/span><\/a><span style=\"font-weight: 400;\"> e offre un bilancio ecologico positivo<\/span><\/li>\n<\/ul>\n<p>[\/vc_column_text][\/vc_column][\/vc_row][vc_row][vc_column][vc_custom_heading text=&#8221;Il processo di disidratazione dei fanghi in dettaglio&#8221; font_container=&#8221;tag:h2|text_align:center|color:%23728d2a&#8221; use_theme_fonts=&#8221;yes&#8221;][\/vc_column][vc_column width=&#8221;1\/2&#8243;][vc_empty_space][vc_column_text]<\/p>\n<p style=\"text-align: left;\"><span style=\"font-weight: 400;\">La disidratazione dei fanghi facilita il trasporto, la movimentazione e l&#8217;ulteriore trattamento dei fanghi. Metodi meccanici come   <\/span><b>Centrifughe, filtropresse e letti di essiccazione<\/b><span style=\"font-weight: 400;\">  sono tecniche comuni per separare acqua e solidi. Alla michel SLUDGE-DRYING-SYSTEMS, tutti questi macchinari sono riuniti in un&#8217;unica soluzione.   <\/span><b>sistema compatto e modulare<\/b><span style=\"font-weight: 400;\"> combinato.<\/span><\/p>\n<p style=\"text-align: left;\"><span style=\"font-weight: 400;\">Il nostro processo aumenta l <\/span><b>efficienza<\/b><span style=\"font-weight: 400;\">  Le fasi successive, i costi di smaltimento e i rischi ambientali, riducendo al minimo il rischio di contaminazione a causa di perdite. \u00c8 un passo decisivo nel trattamento dei rifiuti e contribuisce all&#8217;uso sostenibile delle risorse. <\/span><\/p>\n<p>[\/vc_column_text][\/vc_column][vc_column width=&#8221;1\/2&#8243;][vc_empty_space][vc_single_image image=&#8221;1248&#8243; img_size=&#8221;large&#8221;][\/vc_column][vc_column][vc_custom_heading text=&#8221;Disidratazione dei fanghi tramite essiccazione a bassa temperatura: il processo in dettaglio&#8221; font_container=&#8221;tag:h3|text_align:center|color:%23728d2a&#8221; use_theme_fonts=&#8221;yes&#8221;][vc_column_text]<\/p>\n<p style=\"text-align: center;\"><span style=\"font-weight: 400;\">Il processo di <\/span><a href=\"https:\/\/schlammtrocknung.com\/it\/asciugatrice-a-bassa-temperatura\/\"><span style=\"font-weight: 400;\">essiccazione a bassa temperatura<\/span><\/a><span style=\"font-weight: 400;\"> \u00e8 una fase centrale del processo di disidratazione dei fanghi presso la michel SLUDGE-DRYING-SYSTEMS, che si caratterizza per l&#8217;applicazione mirata di calore. <\/span><b>applicazione del calore<\/b><span style=\"font-weight: 400;\">  L&#8217;umidit\u00e0 viene rimossa in modo efficiente dal fango. Il fango viene riscaldato lentamente e delicatamente per preservare l&#8217;integrit\u00e0 delle sostanze organiche e ridurre al minimo il consumo energetico e il carico termico.   <\/span><\/p>\n<p style=\"text-align: center;\"><span style=\"font-weight: 400;\">Questo metodo promuove <\/span><b>l&#8217;efficienza energetica<\/b><span style=\"font-weight: 400;\">  e riduce l&#8217;impronta di carbonio. A differenza dei processi convenzionali ad alta temperatura, l&#8217;essiccazione a bassa temperatura evita il rilascio di emissioni nocive e la formazione di sottoprodotti indesiderati, rendendola un&#8217;opzione ecologica per la disidratazione dei fanghi. <\/span><\/p>\n<p style=\"text-align: center;\"><span style=\"font-weight: 400;\">L&#8217;efficace disidratazione dei fanghi di depurazione consente di ottenere un prodotto dal volume e dal peso notevolmente ridotti. Questo materiale essiccato pu\u00f2 essere utilizzato in diversi modi. Nel    <\/span><b>Industria energetica<\/b><span style=\"font-weight: 400;\"> ad esempio, i fanghi essiccati vengono utilizzati come combustibile da biomassa che contribuisce alla produzione di energia rinnovabile.<\/span><\/p>\n<p>[\/vc_column_text][\/vc_column][vc_column][vc_custom_heading text=&#8221;Con michel SLUDGE-DRYING-SYSTEMS per una disidratazione avanzata dei fanghi&#8221; font_container=&#8221;tag:h2|text_align:center|color:%23728d2a&#8221; use_theme_fonts=&#8221;yes&#8221;][vc_column_text]<\/p>\n<p style=\"text-align: center;\"><span style=\"font-weight: 400;\">Il <\/span><b>disidratazione dei fanghi<\/b><span style=\"font-weight: 400;\"> non \u00e8 solo una misura per <\/span><b>riduzione dei costi<\/b><span style=\"font-weight: 400;\">ma gioca anche un ruolo decisivo nella <\/span><b>protezione dell&#8217;ambiente<\/b><span style=\"font-weight: 400;\">. Investendo in sistemi avanzati di disidratazione dei fanghi da  <\/span><b>michel SISTEMI DI ESSICCAZIONE DEI FANGHI<\/b><span style=\"font-weight: 400;\"> Le aziende e le imprese agricole si affidano a pratiche sostenibili che contribuiscono alla conservazione a lungo termine del nostro pianeta.<\/span><\/p>\n<p style=\"text-align: center;\"><span style=\"font-weight: 400;\">Contattaci oggi stesso per saperne di pi\u00f9 sulle nostre soluzioni di disidratazione dei fanghi!<\/span><\/p>\n<p>[\/vc_column_text][vc_cta h2=&#8221;&#8221; txt_align=&#8221;center&#8221; add_button=&#8221;bottom&#8221; btn_title=&#8221;Mettiti in contatto con noi!&#8221; btn_style=&#8221;gradient-custom&#8221; btn_gradient_custom_color_1=&#8221;#728d2a&#8221; btn_gradient_custom_color_2=&#8221;#728d2a&#8221; btn_size=&#8221;lg&#8221; btn_align=&#8221;center&#8221; btn_link=&#8221;url:https%3A%2F%2Fschlammtrocknung.com%2Fit%2Fcontattaci%2F|title:Contattaci|&#8221;][\/vc_cta][\/vc_column][vc_column][\/vc_column][\/vc_row][vc_row][vc_column][vc_column_text]<\/p>\n<h2><b>FAQ &#8211; Domande frequenti sulla disidratazione dei fanghi<\/b><\/h2>\n<p>[\/vc_column_text][vc_toggle title=&#8221;Che cos&apos;\u00e8 l&apos;acqua fangosa?&#8221;]<span style=\"font-weight: 400;\">L&#8217;acqua dei fanghi \u00e8 una miscela di acqua e particelle solide e fini che viene tipicamente prodotta come sottoprodotto dei processi industriali o del trattamento delle acque reflue. Contiene sostanze organiche e inorganiche, tra cui inquinanti e microrganismi che richiedono un ulteriore trattamento. L&#8217;acqua dei fanghi deve essere disidratata ed essiccata per poter essere smaltita correttamente o riciclata.  <\/span>[\/vc_toggle][vc_toggle title=&#8221;Come funziona la disidratazione dei fanghi?&#8221;]<span style=\"font-weight: 400;\">La disidratazione dei fanghi \u00e8 il processo di riduzione del contenuto di acqua nei fanghi per ridurne il volume e il peso. Questo processo viene spesso realizzato con mezzi meccanici come centrifughe, filtropresse o letti di essiccazione, grazie ai quali l&#8217;acqua viene separata dai solidi e i fanghi vengono concentrati per consentire un trasporto economico e una facile lavorazione successiva. <\/span>[\/vc_toggle][vc_toggle title=&#8221;Perch\u00e9 i fanghi vengono disidratati?&#8221;]<span style=\"font-weight: 400;\">La disidratazione dei fanghi \u00e8 necessaria per facilitare la movimentazione e il trasporto, ridurre i costi di smaltimento finale e minimizzare i rischi ambientali. La riduzione del contenuto d&#8217;acqua migliora anche l&#8217;efficienza dei processi di trattamento successivi e riduce al minimo il rischio di contaminazione del suolo e dell&#8217;acqua a causa di perdite o fuoriuscite di fango. <\/span>[\/vc_toggle][vc_empty_space height=&#8221;100px&#8221;][\/vc_column][\/vc_row]<\/p>\n<\/div>","protected":false},"excerpt":{"rendered":"<p>[vc_row][vc_column][vc_custom_heading text=&#8221;Disidratazione dei fanghi con i sistemi michel SLUDGE-DRYING-SYSTEMS&#8221; font_container=&#8221;tag:h1|text_align:center|color:%23728d2a&#8221; use_theme_fonts=&#8221;yes&#8221;][vc_column_text] Sistemi all&#8217;avanguardia per disidratazione dei fanghi. Tecnologie avanzate per il Disidratazione. Utilizzo efficiente dei fanghi in loco. Le soluzioni di michel SLUDGE-DRYING-SYSTEMS evitano il costoso trasporto dell&#8217;acqua e favoriscono la creazione di un futuro ecologico. [\/vc_column_text][\/vc_column][\/vc_row][vc_row][vc_column][vc_cta h2=&#8221;&#8221; add_button=&#8221;bottom&#8221; btn_title=&#8221;Richiedi subito informazioni!&#8221; btn_style=&#8221;gradient-custom&#8221; btn_gradient_custom_color_1=&#8221;#728d2a&#8221; btn_gradient_custom_color_2=&#8221;#728d2a&#8221;&hellip;<\/p>\n","protected":false},"author":1,"featured_media":2416,"parent":0,"menu_order":0,"comment_status":"closed","ping_status":"closed","template":"","meta":{"footnotes":""},"class_list":["post-2439","page","type-page","status-publish","has-post-thumbnail","hentry","description-off"],"yoast_head":"<!-- This site is optimized with the Yoast SEO plugin v27.4 - https:\/\/yoast.com\/product\/yoast-seo-wordpress\/ -->\n<title>Disidratazione dei fanghi | Michel Essiccazione dei fanghi<\/title>\n<meta name=\"description\" content=\"Scopri le tecnologie avanzate di disidratazione dei fanghi con michel SLUDGE-DRYING-SYSTEMS.\" \/>\n<meta name=\"robots\" content=\"index, follow, max-snippet:-1, max-image-preview:large, max-video-preview:-1\" \/>\n<link rel=\"canonical\" href=\"https:\/\/schlammtrocknung.com\/it\/disidratazione-dei-fanghi\/\" \/>\n<meta property=\"og:locale\" content=\"it_IT\" \/>\n<meta property=\"og:type\" content=\"article\" \/>\n<meta property=\"og:title\" content=\"Disidratazione dei fanghi | Michel Essiccazione dei fanghi\" \/>\n<meta property=\"og:description\" content=\"Scopri le tecnologie avanzate di disidratazione dei fanghi con michel SLUDGE-DRYING-SYSTEMS.\" \/>\n<meta property=\"og:url\" content=\"https:\/\/schlammtrocknung.com\/it\/disidratazione-dei-fanghi\/\" \/>\n<meta property=\"og:site_name\" content=\"Schlammtrocknung \u2013 michel SLUDGE DRYING SYSTEM\" \/>\n<meta property=\"article:modified_time\" content=\"2025-05-09T08:46:29+00:00\" \/>\n<meta property=\"og:image\" content=\"https:\/\/schlammtrocknung.com\/wp-content\/uploads\/2023\/05\/DSC_3747-scaled.jpg\" \/>\n\t<meta property=\"og:image:width\" content=\"2560\" \/>\n\t<meta property=\"og:image:height\" content=\"1436\" \/>\n\t<meta property=\"og:image:type\" content=\"image\/jpeg\" \/>\n<meta name=\"twitter:card\" content=\"summary_large_image\" \/>\n<meta name=\"twitter:label1\" content=\"Tempo di lettura stimato\" \/>\n\t<meta name=\"twitter:data1\" content=\"6 minuti\" \/>\n<script type=\"application\/ld+json\" class=\"yoast-schema-graph\">{\"@context\":\"https:\\\/\\\/schema.org\",\"@graph\":[{\"@type\":\"WebPage\",\"@id\":\"https:\\\/\\\/schlammtrocknung.com\\\/it\\\/disidratazione-dei-fanghi\\\/\",\"url\":\"https:\\\/\\\/schlammtrocknung.com\\\/it\\\/disidratazione-dei-fanghi\\\/\",\"name\":\"Disidratazione dei fanghi | Michel Essiccazione dei fanghi\",\"isPartOf\":{\"@id\":\"https:\\\/\\\/schlammtrocknung.com\\\/#website\"},\"primaryImageOfPage\":{\"@id\":\"https:\\\/\\\/schlammtrocknung.com\\\/it\\\/disidratazione-dei-fanghi\\\/#primaryimage\"},\"image\":{\"@id\":\"https:\\\/\\\/schlammtrocknung.com\\\/it\\\/disidratazione-dei-fanghi\\\/#primaryimage\"},\"thumbnailUrl\":\"https:\\\/\\\/schlammtrocknung.com\\\/wp-content\\\/uploads\\\/2023\\\/05\\\/DSC_3747-scaled.jpg\",\"datePublished\":\"2024-08-30T08:40:19+00:00\",\"dateModified\":\"2025-05-09T08:46:29+00:00\",\"description\":\"Scopri le tecnologie avanzate di disidratazione dei fanghi con michel SLUDGE-DRYING-SYSTEMS.\",\"breadcrumb\":{\"@id\":\"https:\\\/\\\/schlammtrocknung.com\\\/it\\\/disidratazione-dei-fanghi\\\/#breadcrumb\"},\"inLanguage\":\"it-IT\",\"potentialAction\":[{\"@type\":\"ReadAction\",\"target\":[\"https:\\\/\\\/schlammtrocknung.com\\\/it\\\/disidratazione-dei-fanghi\\\/\"]}]},{\"@type\":\"ImageObject\",\"inLanguage\":\"it-IT\",\"@id\":\"https:\\\/\\\/schlammtrocknung.com\\\/it\\\/disidratazione-dei-fanghi\\\/#primaryimage\",\"url\":\"https:\\\/\\\/schlammtrocknung.com\\\/wp-content\\\/uploads\\\/2023\\\/05\\\/DSC_3747-scaled.jpg\",\"contentUrl\":\"https:\\\/\\\/schlammtrocknung.com\\\/wp-content\\\/uploads\\\/2023\\\/05\\\/DSC_3747-scaled.jpg\",\"width\":2560,\"height\":1436},{\"@type\":\"BreadcrumbList\",\"@id\":\"https:\\\/\\\/schlammtrocknung.com\\\/it\\\/disidratazione-dei-fanghi\\\/#breadcrumb\",\"itemListElement\":[{\"@type\":\"ListItem\",\"position\":1,\"name\":\"Startseite\",\"item\":\"https:\\\/\\\/schlammtrocknung.com\\\/it\\\/pagina-iniziale-2\\\/\"},{\"@type\":\"ListItem\",\"position\":2,\"name\":\"Disidratazione dei fanghi\"}]},{\"@type\":\"WebSite\",\"@id\":\"https:\\\/\\\/schlammtrocknung.com\\\/#website\",\"url\":\"https:\\\/\\\/schlammtrocknung.com\\\/\",\"name\":\"Schlammtrocknung | SDS - Schlammtrocknung\",\"description\":\"Schlamm- L\u00f6sungen f\u00fcr Kl\u00e4rwerke, Industrie und Umwelt\",\"publisher\":{\"@id\":\"https:\\\/\\\/schlammtrocknung.com\\\/#organization\"},\"potentialAction\":[{\"@type\":\"SearchAction\",\"target\":{\"@type\":\"EntryPoint\",\"urlTemplate\":\"https:\\\/\\\/schlammtrocknung.com\\\/?s={search_term_string}\"},\"query-input\":{\"@type\":\"PropertyValueSpecification\",\"valueRequired\":true,\"valueName\":\"search_term_string\"}}],\"inLanguage\":\"it-IT\"},{\"@type\":\"Organization\",\"@id\":\"https:\\\/\\\/schlammtrocknung.com\\\/#organization\",\"name\":\"Schlammtrocknung | SDS - Schlammtrocknung\",\"url\":\"https:\\\/\\\/schlammtrocknung.com\\\/\",\"logo\":{\"@type\":\"ImageObject\",\"inLanguage\":\"it-IT\",\"@id\":\"https:\\\/\\\/schlammtrocknung.com\\\/#\\\/schema\\\/logo\\\/image\\\/\",\"url\":\"https:\\\/\\\/schlammtrocknung.com\\\/wp-content\\\/uploads\\\/2023\\\/02\\\/logo_sds-1.png\",\"contentUrl\":\"https:\\\/\\\/schlammtrocknung.com\\\/wp-content\\\/uploads\\\/2023\\\/02\\\/logo_sds-1.png\",\"width\":697,\"height\":187,\"caption\":\"Schlammtrocknung | SDS - Schlammtrocknung\"},\"image\":{\"@id\":\"https:\\\/\\\/schlammtrocknung.com\\\/#\\\/schema\\\/logo\\\/image\\\/\"}}]}<\/script>\n<!-- \/ Yoast SEO plugin. -->","yoast_head_json":{"title":"Disidratazione dei fanghi | Michel Essiccazione dei fanghi","description":"Scopri le tecnologie avanzate di disidratazione dei fanghi con michel SLUDGE-DRYING-SYSTEMS.","robots":{"index":"index","follow":"follow","max-snippet":"max-snippet:-1","max-image-preview":"max-image-preview:large","max-video-preview":"max-video-preview:-1"},"canonical":"https:\/\/schlammtrocknung.com\/it\/disidratazione-dei-fanghi\/","og_locale":"it_IT","og_type":"article","og_title":"Disidratazione dei fanghi | Michel Essiccazione dei fanghi","og_description":"Scopri le tecnologie avanzate di disidratazione dei fanghi con michel SLUDGE-DRYING-SYSTEMS.","og_url":"https:\/\/schlammtrocknung.com\/it\/disidratazione-dei-fanghi\/","og_site_name":"Schlammtrocknung \u2013 michel SLUDGE DRYING SYSTEM","article_modified_time":"2025-05-09T08:46:29+00:00","og_image":[{"width":2560,"height":1436,"url":"https:\/\/schlammtrocknung.com\/wp-content\/uploads\/2023\/05\/DSC_3747-scaled.jpg","type":"image\/jpeg"}],"twitter_card":"summary_large_image","twitter_misc":{"Tempo di lettura stimato":"6 minuti"},"schema":{"@context":"https:\/\/schema.org","@graph":[{"@type":"WebPage","@id":"https:\/\/schlammtrocknung.com\/it\/disidratazione-dei-fanghi\/","url":"https:\/\/schlammtrocknung.com\/it\/disidratazione-dei-fanghi\/","name":"Disidratazione dei fanghi | Michel Essiccazione dei fanghi","isPartOf":{"@id":"https:\/\/schlammtrocknung.com\/#website"},"primaryImageOfPage":{"@id":"https:\/\/schlammtrocknung.com\/it\/disidratazione-dei-fanghi\/#primaryimage"},"image":{"@id":"https:\/\/schlammtrocknung.com\/it\/disidratazione-dei-fanghi\/#primaryimage"},"thumbnailUrl":"https:\/\/schlammtrocknung.com\/wp-content\/uploads\/2023\/05\/DSC_3747-scaled.jpg","datePublished":"2024-08-30T08:40:19+00:00","dateModified":"2025-05-09T08:46:29+00:00","description":"Scopri le tecnologie avanzate di disidratazione dei fanghi con michel SLUDGE-DRYING-SYSTEMS.","breadcrumb":{"@id":"https:\/\/schlammtrocknung.com\/it\/disidratazione-dei-fanghi\/#breadcrumb"},"inLanguage":"it-IT","potentialAction":[{"@type":"ReadAction","target":["https:\/\/schlammtrocknung.com\/it\/disidratazione-dei-fanghi\/"]}]},{"@type":"ImageObject","inLanguage":"it-IT","@id":"https:\/\/schlammtrocknung.com\/it\/disidratazione-dei-fanghi\/#primaryimage","url":"https:\/\/schlammtrocknung.com\/wp-content\/uploads\/2023\/05\/DSC_3747-scaled.jpg","contentUrl":"https:\/\/schlammtrocknung.com\/wp-content\/uploads\/2023\/05\/DSC_3747-scaled.jpg","width":2560,"height":1436},{"@type":"BreadcrumbList","@id":"https:\/\/schlammtrocknung.com\/it\/disidratazione-dei-fanghi\/#breadcrumb","itemListElement":[{"@type":"ListItem","position":1,"name":"Startseite","item":"https:\/\/schlammtrocknung.com\/it\/pagina-iniziale-2\/"},{"@type":"ListItem","position":2,"name":"Disidratazione dei fanghi"}]},{"@type":"WebSite","@id":"https:\/\/schlammtrocknung.com\/#website","url":"https:\/\/schlammtrocknung.com\/","name":"Schlammtrocknung | SDS - Schlammtrocknung","description":"Schlamm- L\u00f6sungen f\u00fcr Kl\u00e4rwerke, Industrie und Umwelt","publisher":{"@id":"https:\/\/schlammtrocknung.com\/#organization"},"potentialAction":[{"@type":"SearchAction","target":{"@type":"EntryPoint","urlTemplate":"https:\/\/schlammtrocknung.com\/?s={search_term_string}"},"query-input":{"@type":"PropertyValueSpecification","valueRequired":true,"valueName":"search_term_string"}}],"inLanguage":"it-IT"},{"@type":"Organization","@id":"https:\/\/schlammtrocknung.com\/#organization","name":"Schlammtrocknung | SDS - Schlammtrocknung","url":"https:\/\/schlammtrocknung.com\/","logo":{"@type":"ImageObject","inLanguage":"it-IT","@id":"https:\/\/schlammtrocknung.com\/#\/schema\/logo\/image\/","url":"https:\/\/schlammtrocknung.com\/wp-content\/uploads\/2023\/02\/logo_sds-1.png","contentUrl":"https:\/\/schlammtrocknung.com\/wp-content\/uploads\/2023\/02\/logo_sds-1.png","width":697,"height":187,"caption":"Schlammtrocknung | SDS - Schlammtrocknung"},"image":{"@id":"https:\/\/schlammtrocknung.com\/#\/schema\/logo\/image\/"}}]}},"_links":{"self":[{"href":"https:\/\/schlammtrocknung.com\/it\/wp-json\/wp\/v2\/pages\/2439","targetHints":{"allow":["GET"]}}],"collection":[{"href":"https:\/\/schlammtrocknung.com\/it\/wp-json\/wp\/v2\/pages"}],"about":[{"href":"https:\/\/schlammtrocknung.com\/it\/wp-json\/wp\/v2\/types\/page"}],"author":[{"embeddable":true,"href":"https:\/\/schlammtrocknung.com\/it\/wp-json\/wp\/v2\/users\/1"}],"replies":[{"embeddable":true,"href":"https:\/\/schlammtrocknung.com\/it\/wp-json\/wp\/v2\/comments?post=2439"}],"version-history":[{"count":2,"href":"https:\/\/schlammtrocknung.com\/it\/wp-json\/wp\/v2\/pages\/2439\/revisions"}],"predecessor-version":[{"id":2449,"href":"https:\/\/schlammtrocknung.com\/it\/wp-json\/wp\/v2\/pages\/2439\/revisions\/2449"}],"wp:featuredmedia":[{"embeddable":true,"href":"https:\/\/schlammtrocknung.com\/it\/wp-json\/wp\/v2\/media\/2416"}],"wp:attachment":[{"href":"https:\/\/schlammtrocknung.com\/it\/wp-json\/wp\/v2\/media?parent=2439"}],"curies":[{"name":"wp","href":"https:\/\/api.w.org\/{rel}","templated":true}]}}