{"id":2465,"date":"2024-08-14T10:42:06","date_gmt":"2024-08-14T08:42:06","guid":{"rendered":"https:\/\/schlammtrocknung.com\/smaltimento-dei-fanghi\/"},"modified":"2025-05-09T10:46:38","modified_gmt":"2025-05-09T08:46:38","slug":"smaltimento-dei-fanghi","status":"publish","type":"page","link":"https:\/\/schlammtrocknung.com\/it\/smaltimento-dei-fanghi\/","title":{"rendered":"Smaltimento dei fanghi"},"content":{"rendered":"<div class=\"wpb-content-wrapper\"><p>[vc_row][vc_column][vc_custom_heading text=&#8221;Smaltimento avanzato dei fanghi<br \/>\n&#8211; direttamente in loco&#8221; font_container=&#8221;tag:h1|text_align:center|color:%23728d2a&#8221; use_theme_fonts=&#8221;yes&#8221;][vc_column_text]<\/p>\n<p style=\"text-align: center;\"><span style=\"font-weight: 400;\">Avanzato <\/span><b>Smaltimento dei fanghi direttamente in loco<\/b><span style=\"font-weight: 400;\">con attrezzature all&#8217;avanguardia e senza costosi trasporti d&#8217;acqua: questo \u00e8 ci\u00f2 che fa la <\/span><b>michel SISTEMI DI ESSICCAZIONE DEI FANGHI<\/b><span style=\"font-weight: 400;\">. Grazie alla nostra esperienza, siamo in grado di utilizzare i fanghi in modo efficiente e quindi di ottenere una  <\/span><b>un futuro ecologico<\/b><span style=\"font-weight: 400;\"> senza sprecare preziose materie prime.<\/span><\/p>\n<p style=\"text-align: center;\"><a href=\"https:\/\/schlammtrocknung.com\/it\/contattaci\/\">Scopri subito le soluzioni!<\/a><\/p>\n<p>[\/vc_column_text][vc_empty_space height=&#8221;150px&#8221;][\/vc_column][\/vc_row][vc_row][vc_column width=&#8221;1\/2&#8243;][vc_custom_heading text=&#8221;Smaltimento responsabile dei fanghi: essenziale per l&apos;ambiente e la salute&#8221; font_container=&#8221;tag:h2|text_align:left|color:%23728d2a&#8221; use_theme_fonts=&#8221;yes&#8221;][vc_column_text]<i><span style=\"font-weight: 400;\">Cos&#8217;\u00e8 lo smaltimento dei fanghi?<\/span><\/i><\/p>\n<p><i><span style=\"font-weight: 400;\">Lo smaltimento dei fanghi si riferisce al trattamento e allo smaltimento dei fanghi che sono un sottoprodotto dei processi industriali, del trattamento delle acque reflue e delle operazioni agricole. Questa procedura \u00e8 fondamentale per la salute dell&#8217;ambiente, poich\u00e9 i fanghi non trattati possono contenere sostanze inquinanti come metalli pesanti e composti organici. <\/span><\/i>[\/vc_column_text][\/vc_column][vc_column width=&#8221;1\/2&#8243; css=&#8221;.vc_custom_1740486470044{border-radius: 2px !important;}&#8221;][vc_single_image image=&#8221;1201&#8243; img_size=&#8221;full&#8221;][\/vc_column][\/vc_row][vc_row][vc_column][vc_column_text]<\/p>\n<p style=\"text-align: center;\"><span style=\"font-weight: 400;\">L&#8217;efficace <\/span><b>smaltimento dei fanghi<\/b><span style=\"font-weight: 400;\"> impedisce la contaminazione dei corpi idrici, protegge la qualit\u00e0 del suolo <\/span><b>qualit\u00e0 del suolo<\/b><span style=\"font-weight: 400;\"> e promuove il recupero di risorse preziose <\/span><b>risorse<\/b><span style=\"font-weight: 400;\">. Nel trattamento delle acque reflue, nella lavorazione dei rifiuti industriali e nella produzione di fertilizzanti, lo smaltimento avanzato \u00e8 essenziale per ridurre al minimo i rischi per l&#8217;ambiente e la salute, proteggendo allo stesso tempo tutte le risorse disponibili.  <\/span><b>linee guida legali<\/b><span style=\"font-weight: 400;\"> da rispettare.<\/span><\/p>\n<p>[\/vc_column_text][vc_empty_space height=&#8221;150px&#8221;][vc_custom_heading text=&#8221;Realizzabile a livello locale ed economico &#8211; il nostro smaltimento dei fanghi&#8221; font_container=&#8221;tag:h2|text_align:center|color:%23728d2a&#8221; use_theme_fonts=&#8221;yes&#8221;][vc_column_text]<\/p>\n<p style=\"text-align: center;\"><span style=\"font-weight: 400;\">Perch\u00e9 <\/span><b>michel SISTEMI DI ESSICCAZIONE DEI FANGHI<\/b><span style=\"font-weight: 400;\">  il partner ideale per lo smaltimento dei fanghi? \u00c8 semplice: i sistemi funzionano con una combinazione di essiccazione a contatto e a convezione e si adattano perfettamente a un&#8217;ampia gamma di applicazioni.   <\/span><\/p>\n<p style=\"text-align: center;\"><span style=\"font-weight: 400;\">I nostri sistemi di essiccazione brevettati non sono solo tecnologicamente avanzati, ma anche versatili e possono essere utilizzati per un&#8217;ampia variet\u00e0 di fanghi, dai <a href=\"https:\/\/schlammtrocknung.com\/it\/servizi\/essiccazione-dei-fanghi-di-depurazione\/\">fanghi di depurazione<\/a> ai <a href=\"https:\/\/schlammtrocknung.com\/it\/servizi\/essiccazione-dei-biosanghi\/\">biosanghi<\/a> e ai <a href=\"https:\/\/schlammtrocknung.com\/it\/servizi\/essiccazione-dei-fanghi-metallici\/\">fanghi metallici<\/a>. Grazie al nostro design modulare, troviamo sempre la soluzione giusta per lo smaltimento dei fanghi. <\/span><\/p>\n<p>[\/vc_column_text][vc_custom_heading text=&#8221;Scopri tutti i vantaggi dello smaltimento dei fanghi con i nostri sistemi di essiccazione brevettati:&#8221; font_container=&#8221;tag:h3|text_align:center|color:%23728d2a&#8221; use_theme_fonts=&#8221;yes&#8221;][\/vc_column][\/vc_row][vc_row][vc_column width=&#8221;1\/2&#8243;][vc_empty_space][vc_single_image image=&#8221;279&#8243; img_size=&#8221;large&#8221;][\/vc_column][vc_column width=&#8221;1\/2&#8243;][vc_column_text]<\/p>\n<ul>\n<li><b>Realizzabile localmente:<\/b><span style=\"font-weight: 400;\"> La nostra tecnologia funziona direttamente in loco, dove i fanghi vengono prodotti<\/span><\/li>\n<li style=\"font-weight: 400;\" aria-level=\"1\"><b>Rispettoso dell&#8217;ambiente:<\/b><span style=\"font-weight: 400;\"> Nessuna emissione, nessun problema di acque reflue e una significativa riduzione delle emissioni di CO\u2082.<\/span><\/li>\n<li style=\"font-weight: 400;\" aria-level=\"1\"><b>Efficiente ed economico:<\/b><span style=\"font-weight: 400;\"> Riduzione del fabbisogno energetico grazie all&#8217;essiccazione a bassa temperatura e nessuna necessit\u00e0 di costose attrezzature aggiuntive.<\/span><\/li>\n<li style=\"font-weight: 400;\" aria-level=\"1\"><b>Bassi costi operativi:<\/b><span style=\"font-weight: 400;\"> Grazie all&#8217;utilizzo efficiente di calore ed elettricit\u00e0.<\/span><\/li>\n<li style=\"font-weight: 400;\" aria-level=\"1\"><b>Lavorazione delicata:<\/b><span style=\"font-weight: 400;\"> Impedisce l&#8217;incollaggio e riduce al minimo le emissioni e la formazione di polvere.<\/span><\/li>\n<li style=\"font-weight: 400;\" aria-level=\"1\"><b>Non \u00e8 necessaria la copertura:<\/b><span style=\"font-weight: 400;\"> Risparmia costi e spazio perch\u00e9 non \u00e8 necessaria una copertura.<\/span><\/li>\n<li style=\"font-weight: 400;\" aria-level=\"1\"><b>Versatilit\u00e0:<\/b><span style=\"font-weight: 400;\"> Adatto a vari tipi di fanghi<\/span><\/li>\n<li style=\"font-weight: 400;\" aria-level=\"1\"><b>Ecobilancio positivo:<\/b><span style=\"font-weight: 400;\"> Contributo al risparmio di CO\u2082 e alla promozione di pratiche sostenibili.<\/span><\/li>\n<\/ul>\n<p>[\/vc_column_text][\/vc_column][\/vc_row][vc_row][vc_column][vc_column_text]<\/p>\n<p style=\"text-align: left;\"><span style=\"font-weight: 400;\"><i>Il consiglio dell&#8217;esperto:<\/i><\/span><\/p>\n<p style=\"text-align: left;\"><span style=\"font-weight: 400;\">Buono a sapersi: Non solo offriamo tecnologie e sistemi di prima classe <\/span>in tre diverse dimensioni<span style=\"font-weight: 400;\">, ma anche <\/span><b>opzioni di finanziamento flessibili<\/b><span style=\"font-weight: 400;\"> che ti permettono di iniziare senza un elevato investimento iniziale.<\/span><\/p>\n<p>[\/vc_column_text][vc_empty_space height=&#8221;100px&#8221;][\/vc_column][\/vc_row][vc_row][vc_column][vc_custom_heading text=&#8221;Utilizzazione invece di smaltimento &#8211; potenziale dei fanghi trattati&#8221; font_container=&#8221;tag:h2|text_align:left|color:%23728d2a&#8221; use_theme_fonts=&#8221;yes&#8221;][vc_column_text]<span style=\"font-weight: 400;\">Anche se inizialmente i fanghi sono considerati un prodotto di scarto, possono diventare un materiale prezioso con numerose potenzialit\u00e0. La chiave di tutto questo \u00e8 la professionalit\u00e0   <\/span><b>Essiccazione dei fanghi<\/b><span style=\"font-weight: 400;\">  con una successiva elaborazione. Il potenziale si spinge fino a   <\/span><a href=\"https:\/\/schlammtrocknung.com\/news\/phosphor-recycling\/\"><span style=\"font-weight: 400;\">Recupero del fosforo<\/span><\/a><span style=\"font-weight: 400;\">un prezioso nutriente per le piante.<\/span><\/p>\n<p><span style=\"font-weight: 400;\">I fanghi di lavorazione, in particolare i fanghi di depurazione degli impianti di trattamento delle acque reflue, sono ricchi di materiali organici e di sostanze nutritive come l&#8217;azoto e il fosforo. <\/span><a href=\"https:\/\/schlammtrocknung.com\/news\/phosphor-recycling\/\"><span style=\"font-weight: 400;\">fosforo<\/span><\/a><span style=\"font-weight: 400;\">che vengono utilizzati in <\/span><b>agricoltura<\/b><span style=\"font-weight: 400;\">  pu\u00f2 essere utilizzato come fertilizzante. Questo utilizzo non solo favorisce la   <\/span><b>economia circolare<\/b><span style=\"font-weight: 400;\">ma riduce anche la necessit\u00e0 di utilizzare fertilizzanti artificiali, la cui produzione \u00e8 spesso ad alto consumo energetico e comporta il rischio di inquinamento ambientale.<\/span><\/p>\n<p><span style=\"font-weight: 400;\">I fanghi di depurazione essiccati possono essere utilizzati anche nella <\/span><b>produzione di energia<\/b><span style=\"font-weight: 400;\"> come <\/span><b>combustibile da biomassa<\/b><span style=\"font-weight: 400;\">  un&#8217;alternativa rinnovabile ai combustibili fossili. Nel   <\/span><b>Industria edile<\/b><span style=\"font-weight: 400;\"> I fanghi trattati vengono utilizzati come aggregati, ad esempio nella produzione di materiali da costruzione come mattoni o pietre da pavimentazione, contribuendo a ridurre i rifiuti e i costi di produzione.<\/span><\/p>\n<p><i><span style=\"font-weight: 400;\">Nota:<\/span><\/i><i><span style=\"font-weight: 400;\"><br \/>\n<\/span><\/i><i><span style=\"font-weight: 400;\">L&#8217;utilizzo dei fanghi trattati rappresenta un&#8217;alternativa sostenibile allo smaltimento tradizionale e offre numerosi vantaggi ecologici ed economici. Riduce la pressione sulle risorse naturali e offre allo stesso tempo vantaggi economici. <\/span><\/i>[\/vc_column_text][vc_empty_space height=&#8221;100px&#8221;][vc_custom_heading text=&#8221;Scopri le nostre soluzioni leader per lo smaltimento dei fanghi&#8221; font_container=&#8221;tag:h2|text_align:left|color:%23728d2a&#8221; use_theme_fonts=&#8221;yes&#8221;][vc_column_text]<span style=\"font-weight: 400;\">funzionamento &#8211; set con <\/span><b>michel SISTEMI DI ESSICCAZIONE DEI FANGHI<\/b><span style=\"font-weight: 400;\">  verso un futuro sostenibile. Siamo pronti a percorrere questo cammino insieme a te. <\/span><\/p>\n<p style=\"text-align: center;\"><a href=\"https:\/\/schlammtrocknung.com\/it\/contattaci\/\">Contattaci!<\/a><\/p>\n<p>[\/vc_column_text][\/vc_column][\/vc_row][vc_row][vc_column][vc_column_text]<\/p>\n<h2>FAQ: domande frequenti sullo smaltimento dei fanghi<\/h2>\n<p>[\/vc_column_text][vc_toggle title=&#8221;Cos&apos;\u00e8 lo smaltimento dei fanghi?&#8221;]<span style=\"font-weight: 400;\">Lo smaltimento dei fanghi, noto anche come essiccazione dei fanghi, \u00e8 un processo in cui l&#8217;acqua viene rimossa dai fanghi per ridurne il volume e facilitarne lo smaltimento o l&#8217;utilizzo. Ci\u00f2 aumenta l&#8217;efficienza dello smaltimento dei fanghi e riduce i costi di trasporto e trattamento. <\/span>[\/vc_toggle][vc_toggle title=&#8221;Lo smaltimento dei fanghi \u00e8 ecologico?&#8221;]<span style=\"font-weight: 400;\">Le moderne tecnologie di smaltimento dei fanghi sono progettate per essere rispettose dell&#8217;ambiente. Riducono le emissioni, prevengono l&#8217;inquinamento delle falde acquifere e consentono il recupero di risorse, come l&#8217;utilizzo dei fanghi essiccati come combustibile o fertilizzante. <\/span>[\/vc_toggle][vc_toggle title=&#8221;Quali sono le tecnologie utilizzate per lo smaltimento dei fanghi?&#8221;]<span style=\"font-weight: 400;\">Per smaltire i fanghi vengono utilizzate diverse tecnologie, tra cui la centrifugazione, le filtropresse, il trattamento termico e i processi biologici. Questi metodi mirano a stabilizzare i fanghi, ad asciugarli e a prepararli per uno smaltimento finale sicuro o per il riutilizzo. <\/span>[\/vc_toggle][vc_empty_space height=&#8221;100px&#8221;][\/vc_column][\/vc_row]<\/p>\n<\/div>","protected":false},"excerpt":{"rendered":"<p>[vc_row][vc_column][vc_custom_heading text=&#8221;Smaltimento avanzato dei fanghi &#8211; direttamente in loco&#8221; font_container=&#8221;tag:h1|text_align:center|color:%23728d2a&#8221; use_theme_fonts=&#8221;yes&#8221;][vc_column_text] Avanzato Smaltimento dei fanghi direttamente in lococon attrezzature all&#8217;avanguardia e senza costosi trasporti d&#8217;acqua: questo \u00e8 ci\u00f2 che fa la michel SISTEMI DI ESSICCAZIONE DEI FANGHI. Grazie alla nostra esperienza, siamo in grado di utilizzare i fanghi in modo efficiente e quindi di ottenere&hellip;<\/p>\n","protected":false},"author":1,"featured_media":2416,"parent":0,"menu_order":0,"comment_status":"closed","ping_status":"closed","template":"","meta":{"footnotes":""},"class_list":["post-2465","page","type-page","status-publish","has-post-thumbnail","hentry","description-off"],"yoast_head":"<!-- This site is optimized with the Yoast SEO plugin v27.3 - https:\/\/yoast.com\/product\/yoast-seo-wordpress\/ -->\n<title>Smaltimento dei fanghi | michel SLUDGE-DRYING-SYSTEMS<\/title>\n<meta name=\"description\" content=\"Scopri le tecnologie avanzate di michel SLUDGE-DRYING-SYSTEMS per uno smaltimento ecologico dei fanghi direttamente in loco!\" \/>\n<meta name=\"robots\" content=\"index, follow, max-snippet:-1, max-image-preview:large, max-video-preview:-1\" \/>\n<link rel=\"canonical\" href=\"https:\/\/schlammtrocknung.com\/it\/smaltimento-dei-fanghi\/\" \/>\n<meta property=\"og:locale\" content=\"it_IT\" \/>\n<meta property=\"og:type\" content=\"article\" \/>\n<meta property=\"og:title\" content=\"Smaltimento dei fanghi | michel SLUDGE-DRYING-SYSTEMS\" \/>\n<meta property=\"og:description\" content=\"Scopri le tecnologie avanzate di michel SLUDGE-DRYING-SYSTEMS per uno smaltimento ecologico dei fanghi direttamente in loco!\" \/>\n<meta property=\"og:url\" content=\"https:\/\/schlammtrocknung.com\/it\/smaltimento-dei-fanghi\/\" \/>\n<meta property=\"og:site_name\" content=\"Schlammtrocknung \u2013 michel SLUDGE DRYING SYSTEM\" \/>\n<meta property=\"article:modified_time\" content=\"2025-05-09T08:46:38+00:00\" \/>\n<meta property=\"og:image\" content=\"https:\/\/schlammtrocknung.com\/wp-content\/uploads\/2023\/05\/DSC_3747-scaled.jpg\" \/>\n\t<meta property=\"og:image:width\" content=\"2560\" \/>\n\t<meta property=\"og:image:height\" content=\"1436\" \/>\n\t<meta property=\"og:image:type\" content=\"image\/jpeg\" \/>\n<meta name=\"twitter:card\" content=\"summary_large_image\" \/>\n<meta name=\"twitter:label1\" content=\"Tempo di lettura stimato\" \/>\n\t<meta name=\"twitter:data1\" content=\"6 minuti\" \/>\n<script type=\"application\/ld+json\" class=\"yoast-schema-graph\">{\"@context\":\"https:\\\/\\\/schema.org\",\"@graph\":[{\"@type\":\"WebPage\",\"@id\":\"https:\\\/\\\/schlammtrocknung.com\\\/it\\\/smaltimento-dei-fanghi\\\/\",\"url\":\"https:\\\/\\\/schlammtrocknung.com\\\/it\\\/smaltimento-dei-fanghi\\\/\",\"name\":\"Smaltimento dei fanghi | michel SLUDGE-DRYING-SYSTEMS\",\"isPartOf\":{\"@id\":\"https:\\\/\\\/schlammtrocknung.com\\\/#website\"},\"primaryImageOfPage\":{\"@id\":\"https:\\\/\\\/schlammtrocknung.com\\\/it\\\/smaltimento-dei-fanghi\\\/#primaryimage\"},\"image\":{\"@id\":\"https:\\\/\\\/schlammtrocknung.com\\\/it\\\/smaltimento-dei-fanghi\\\/#primaryimage\"},\"thumbnailUrl\":\"https:\\\/\\\/schlammtrocknung.com\\\/wp-content\\\/uploads\\\/2023\\\/05\\\/DSC_3747-scaled.jpg\",\"datePublished\":\"2024-08-14T08:42:06+00:00\",\"dateModified\":\"2025-05-09T08:46:38+00:00\",\"description\":\"Scopri le tecnologie avanzate di michel SLUDGE-DRYING-SYSTEMS per uno smaltimento ecologico dei fanghi direttamente in loco!\",\"breadcrumb\":{\"@id\":\"https:\\\/\\\/schlammtrocknung.com\\\/it\\\/smaltimento-dei-fanghi\\\/#breadcrumb\"},\"inLanguage\":\"it-IT\",\"potentialAction\":[{\"@type\":\"ReadAction\",\"target\":[\"https:\\\/\\\/schlammtrocknung.com\\\/it\\\/smaltimento-dei-fanghi\\\/\"]}]},{\"@type\":\"ImageObject\",\"inLanguage\":\"it-IT\",\"@id\":\"https:\\\/\\\/schlammtrocknung.com\\\/it\\\/smaltimento-dei-fanghi\\\/#primaryimage\",\"url\":\"https:\\\/\\\/schlammtrocknung.com\\\/wp-content\\\/uploads\\\/2023\\\/05\\\/DSC_3747-scaled.jpg\",\"contentUrl\":\"https:\\\/\\\/schlammtrocknung.com\\\/wp-content\\\/uploads\\\/2023\\\/05\\\/DSC_3747-scaled.jpg\",\"width\":2560,\"height\":1436},{\"@type\":\"BreadcrumbList\",\"@id\":\"https:\\\/\\\/schlammtrocknung.com\\\/it\\\/smaltimento-dei-fanghi\\\/#breadcrumb\",\"itemListElement\":[{\"@type\":\"ListItem\",\"position\":1,\"name\":\"Startseite\",\"item\":\"https:\\\/\\\/schlammtrocknung.com\\\/it\\\/pagina-iniziale-2\\\/\"},{\"@type\":\"ListItem\",\"position\":2,\"name\":\"Smaltimento dei fanghi\"}]},{\"@type\":\"WebSite\",\"@id\":\"https:\\\/\\\/schlammtrocknung.com\\\/#website\",\"url\":\"https:\\\/\\\/schlammtrocknung.com\\\/\",\"name\":\"Schlammtrocknung | SDS - Schlammtrocknung\",\"description\":\"Schlamm- L\u00f6sungen f\u00fcr Kl\u00e4rwerke, Industrie und Umwelt\",\"publisher\":{\"@id\":\"https:\\\/\\\/schlammtrocknung.com\\\/#organization\"},\"potentialAction\":[{\"@type\":\"SearchAction\",\"target\":{\"@type\":\"EntryPoint\",\"urlTemplate\":\"https:\\\/\\\/schlammtrocknung.com\\\/?s={search_term_string}\"},\"query-input\":{\"@type\":\"PropertyValueSpecification\",\"valueRequired\":true,\"valueName\":\"search_term_string\"}}],\"inLanguage\":\"it-IT\"},{\"@type\":\"Organization\",\"@id\":\"https:\\\/\\\/schlammtrocknung.com\\\/#organization\",\"name\":\"Schlammtrocknung | SDS - Schlammtrocknung\",\"url\":\"https:\\\/\\\/schlammtrocknung.com\\\/\",\"logo\":{\"@type\":\"ImageObject\",\"inLanguage\":\"it-IT\",\"@id\":\"https:\\\/\\\/schlammtrocknung.com\\\/#\\\/schema\\\/logo\\\/image\\\/\",\"url\":\"https:\\\/\\\/schlammtrocknung.com\\\/wp-content\\\/uploads\\\/2023\\\/02\\\/logo_sds-1.png\",\"contentUrl\":\"https:\\\/\\\/schlammtrocknung.com\\\/wp-content\\\/uploads\\\/2023\\\/02\\\/logo_sds-1.png\",\"width\":697,\"height\":187,\"caption\":\"Schlammtrocknung | SDS - Schlammtrocknung\"},\"image\":{\"@id\":\"https:\\\/\\\/schlammtrocknung.com\\\/#\\\/schema\\\/logo\\\/image\\\/\"}}]}<\/script>\n<!-- \/ Yoast SEO plugin. -->","yoast_head_json":{"title":"Smaltimento dei fanghi | michel SLUDGE-DRYING-SYSTEMS","description":"Scopri le tecnologie avanzate di michel SLUDGE-DRYING-SYSTEMS per uno smaltimento ecologico dei fanghi direttamente in loco!","robots":{"index":"index","follow":"follow","max-snippet":"max-snippet:-1","max-image-preview":"max-image-preview:large","max-video-preview":"max-video-preview:-1"},"canonical":"https:\/\/schlammtrocknung.com\/it\/smaltimento-dei-fanghi\/","og_locale":"it_IT","og_type":"article","og_title":"Smaltimento dei fanghi | michel SLUDGE-DRYING-SYSTEMS","og_description":"Scopri le tecnologie avanzate di michel SLUDGE-DRYING-SYSTEMS per uno smaltimento ecologico dei fanghi direttamente in loco!","og_url":"https:\/\/schlammtrocknung.com\/it\/smaltimento-dei-fanghi\/","og_site_name":"Schlammtrocknung \u2013 michel SLUDGE DRYING SYSTEM","article_modified_time":"2025-05-09T08:46:38+00:00","og_image":[{"width":2560,"height":1436,"url":"https:\/\/schlammtrocknung.com\/wp-content\/uploads\/2023\/05\/DSC_3747-scaled.jpg","type":"image\/jpeg"}],"twitter_card":"summary_large_image","twitter_misc":{"Tempo di lettura stimato":"6 minuti"},"schema":{"@context":"https:\/\/schema.org","@graph":[{"@type":"WebPage","@id":"https:\/\/schlammtrocknung.com\/it\/smaltimento-dei-fanghi\/","url":"https:\/\/schlammtrocknung.com\/it\/smaltimento-dei-fanghi\/","name":"Smaltimento dei fanghi | michel SLUDGE-DRYING-SYSTEMS","isPartOf":{"@id":"https:\/\/schlammtrocknung.com\/#website"},"primaryImageOfPage":{"@id":"https:\/\/schlammtrocknung.com\/it\/smaltimento-dei-fanghi\/#primaryimage"},"image":{"@id":"https:\/\/schlammtrocknung.com\/it\/smaltimento-dei-fanghi\/#primaryimage"},"thumbnailUrl":"https:\/\/schlammtrocknung.com\/wp-content\/uploads\/2023\/05\/DSC_3747-scaled.jpg","datePublished":"2024-08-14T08:42:06+00:00","dateModified":"2025-05-09T08:46:38+00:00","description":"Scopri le tecnologie avanzate di michel SLUDGE-DRYING-SYSTEMS per uno smaltimento ecologico dei fanghi direttamente in loco!","breadcrumb":{"@id":"https:\/\/schlammtrocknung.com\/it\/smaltimento-dei-fanghi\/#breadcrumb"},"inLanguage":"it-IT","potentialAction":[{"@type":"ReadAction","target":["https:\/\/schlammtrocknung.com\/it\/smaltimento-dei-fanghi\/"]}]},{"@type":"ImageObject","inLanguage":"it-IT","@id":"https:\/\/schlammtrocknung.com\/it\/smaltimento-dei-fanghi\/#primaryimage","url":"https:\/\/schlammtrocknung.com\/wp-content\/uploads\/2023\/05\/DSC_3747-scaled.jpg","contentUrl":"https:\/\/schlammtrocknung.com\/wp-content\/uploads\/2023\/05\/DSC_3747-scaled.jpg","width":2560,"height":1436},{"@type":"BreadcrumbList","@id":"https:\/\/schlammtrocknung.com\/it\/smaltimento-dei-fanghi\/#breadcrumb","itemListElement":[{"@type":"ListItem","position":1,"name":"Startseite","item":"https:\/\/schlammtrocknung.com\/it\/pagina-iniziale-2\/"},{"@type":"ListItem","position":2,"name":"Smaltimento dei fanghi"}]},{"@type":"WebSite","@id":"https:\/\/schlammtrocknung.com\/#website","url":"https:\/\/schlammtrocknung.com\/","name":"Schlammtrocknung | SDS - Schlammtrocknung","description":"Schlamm- L\u00f6sungen f\u00fcr Kl\u00e4rwerke, Industrie und Umwelt","publisher":{"@id":"https:\/\/schlammtrocknung.com\/#organization"},"potentialAction":[{"@type":"SearchAction","target":{"@type":"EntryPoint","urlTemplate":"https:\/\/schlammtrocknung.com\/?s={search_term_string}"},"query-input":{"@type":"PropertyValueSpecification","valueRequired":true,"valueName":"search_term_string"}}],"inLanguage":"it-IT"},{"@type":"Organization","@id":"https:\/\/schlammtrocknung.com\/#organization","name":"Schlammtrocknung | SDS - Schlammtrocknung","url":"https:\/\/schlammtrocknung.com\/","logo":{"@type":"ImageObject","inLanguage":"it-IT","@id":"https:\/\/schlammtrocknung.com\/#\/schema\/logo\/image\/","url":"https:\/\/schlammtrocknung.com\/wp-content\/uploads\/2023\/02\/logo_sds-1.png","contentUrl":"https:\/\/schlammtrocknung.com\/wp-content\/uploads\/2023\/02\/logo_sds-1.png","width":697,"height":187,"caption":"Schlammtrocknung | SDS - Schlammtrocknung"},"image":{"@id":"https:\/\/schlammtrocknung.com\/#\/schema\/logo\/image\/"}}]}},"_links":{"self":[{"href":"https:\/\/schlammtrocknung.com\/it\/wp-json\/wp\/v2\/pages\/2465","targetHints":{"allow":["GET"]}}],"collection":[{"href":"https:\/\/schlammtrocknung.com\/it\/wp-json\/wp\/v2\/pages"}],"about":[{"href":"https:\/\/schlammtrocknung.com\/it\/wp-json\/wp\/v2\/types\/page"}],"author":[{"embeddable":true,"href":"https:\/\/schlammtrocknung.com\/it\/wp-json\/wp\/v2\/users\/1"}],"replies":[{"embeddable":true,"href":"https:\/\/schlammtrocknung.com\/it\/wp-json\/wp\/v2\/comments?post=2465"}],"version-history":[{"count":2,"href":"https:\/\/schlammtrocknung.com\/it\/wp-json\/wp\/v2\/pages\/2465\/revisions"}],"predecessor-version":[{"id":2468,"href":"https:\/\/schlammtrocknung.com\/it\/wp-json\/wp\/v2\/pages\/2465\/revisions\/2468"}],"wp:featuredmedia":[{"embeddable":true,"href":"https:\/\/schlammtrocknung.com\/it\/wp-json\/wp\/v2\/media\/2416"}],"wp:attachment":[{"href":"https:\/\/schlammtrocknung.com\/it\/wp-json\/wp\/v2\/media?parent=2465"}],"curies":[{"name":"wp","href":"https:\/\/api.w.org\/{rel}","templated":true}]}}