{"id":2678,"date":"2025-04-25T12:17:25","date_gmt":"2025-04-25T10:17:25","guid":{"rendered":"https:\/\/schlammtrocknung.com\/sss-sludege-kurutma-sistemleri\/"},"modified":"2025-11-06T13:02:45","modified_gmt":"2025-11-06T12:02:45","slug":"sss-sludege-kurutma-sistemleri","status":"publish","type":"page","link":"https:\/\/schlammtrocknung.com\/tr\/sss-sludege-kurutma-sistemleri\/","title":{"rendered":"SSS | SLUDEGE-KURUTMA-SISTEMLERI"},"content":{"rendered":"<div class=\"wpb-content-wrapper\"><p>[vc_row][vc_column][vc_raw_html css=&#8221;&#8221;]W3NwX2Vhc3lhY2NvcmRpb24gaWQ9IjE4OTYiXQ==[\/vc_raw_html][\/vc_column][\/vc_row]<\/p>\n<\/div>","protected":false},"excerpt":{"rendered":"<p>[vc_row][vc_column][vc_raw_html css=&#8221;&#8221;]W3NwX2Vhc3lhY2NvcmRpb24gaWQ9IjE4OTYiXQ==[\/vc_raw_html][\/vc_column][\/vc_row]<\/p>\n","protected":false},"author":1,"featured_media":0,"parent":0,"menu_order":0,"comment_status":"closed","ping_status":"closed","template":"","meta":{"footnotes":""},"class_list":["post-2678","page","type-page","status-publish","hentry","description-off"],"yoast_head":"<!-- This site is optimized with the Yoast SEO plugin v27.3 - https:\/\/yoast.com\/product\/yoast-seo-wordpress\/ -->\n<title>SSS | SLUDEGE-KURUTMA-SISTEMLERI - Schlammtrocknung \u2013 michel SLUDGE DRYING SYSTEM<\/title>\n<meta name=\"robots\" content=\"index, follow, max-snippet:-1, max-image-preview:large, max-video-preview:-1\" \/>\n<link rel=\"canonical\" href=\"https:\/\/schlammtrocknung.com\/tr\/sss-sludege-kurutma-sistemleri\/\" \/>\n<meta property=\"og:locale\" content=\"tr_TR\" \/>\n<meta property=\"og:type\" content=\"article\" \/>\n<meta property=\"og:title\" content=\"SSS | SLUDEGE-KURUTMA-SISTEMLERI - Schlammtrocknung \u2013 michel SLUDGE DRYING SYSTEM\" \/>\n<meta property=\"og:description\" content=\"[vc_row][vc_column][vc_raw_html css=&#8221;&#8221;]W3NwX2Vhc3lhY2NvcmRpb24gaWQ9IjE4OTYiXQ==[\/vc_raw_html][\/vc_column][\/vc_row]\" \/>\n<meta property=\"og:url\" content=\"https:\/\/schlammtrocknung.com\/tr\/sss-sludege-kurutma-sistemleri\/\" \/>\n<meta property=\"og:site_name\" content=\"Schlammtrocknung \u2013 michel SLUDGE DRYING SYSTEM\" \/>\n<meta property=\"article:modified_time\" content=\"2025-11-06T12:02:45+00:00\" \/>\n<meta name=\"twitter:card\" content=\"summary_large_image\" \/>\n<script type=\"application\/ld+json\" class=\"yoast-schema-graph\">{\"@context\":\"https:\\\/\\\/schema.org\",\"@graph\":[{\"@type\":\"WebPage\",\"@id\":\"https:\\\/\\\/schlammtrocknung.com\\\/tr\\\/sss-sludege-kurutma-sistemleri\\\/\",\"url\":\"https:\\\/\\\/schlammtrocknung.com\\\/tr\\\/sss-sludege-kurutma-sistemleri\\\/\",\"name\":\"SSS | SLUDEGE-KURUTMA-SISTEMLERI - Schlammtrocknung \u2013 michel SLUDGE DRYING SYSTEM\",\"isPartOf\":{\"@id\":\"https:\\\/\\\/schlammtrocknung.com\\\/#website\"},\"datePublished\":\"2025-04-25T10:17:25+00:00\",\"dateModified\":\"2025-11-06T12:02:45+00:00\",\"breadcrumb\":{\"@id\":\"https:\\\/\\\/schlammtrocknung.com\\\/tr\\\/sss-sludege-kurutma-sistemleri\\\/#breadcrumb\"},\"inLanguage\":\"tr\",\"potentialAction\":[{\"@type\":\"ReadAction\",\"target\":[\"https:\\\/\\\/schlammtrocknung.com\\\/tr\\\/sss-sludege-kurutma-sistemleri\\\/\"]}]},{\"@type\":\"BreadcrumbList\",\"@id\":\"https:\\\/\\\/schlammtrocknung.com\\\/tr\\\/sss-sludege-kurutma-sistemleri\\\/#breadcrumb\",\"itemListElement\":[{\"@type\":\"ListItem\",\"position\":1,\"name\":\"Startseite\",\"item\":\"https:\\\/\\\/schlammtrocknung.com\\\/tr\\\/ana-sayfa\\\/\"},{\"@type\":\"ListItem\",\"position\":2,\"name\":\"SSS | SLUDEGE-KURUTMA-SISTEMLERI\"}]},{\"@type\":\"WebSite\",\"@id\":\"https:\\\/\\\/schlammtrocknung.com\\\/#website\",\"url\":\"https:\\\/\\\/schlammtrocknung.com\\\/\",\"name\":\"Schlammtrocknung | SDS - Schlammtrocknung\",\"description\":\"Schlamm- L\u00f6sungen f\u00fcr Kl\u00e4rwerke, Industrie und Umwelt\",\"publisher\":{\"@id\":\"https:\\\/\\\/schlammtrocknung.com\\\/#organization\"},\"potentialAction\":[{\"@type\":\"SearchAction\",\"target\":{\"@type\":\"EntryPoint\",\"urlTemplate\":\"https:\\\/\\\/schlammtrocknung.com\\\/?s={search_term_string}\"},\"query-input\":{\"@type\":\"PropertyValueSpecification\",\"valueRequired\":true,\"valueName\":\"search_term_string\"}}],\"inLanguage\":\"tr\"},{\"@type\":\"Organization\",\"@id\":\"https:\\\/\\\/schlammtrocknung.com\\\/#organization\",\"name\":\"Schlammtrocknung | SDS - Schlammtrocknung\",\"url\":\"https:\\\/\\\/schlammtrocknung.com\\\/\",\"logo\":{\"@type\":\"ImageObject\",\"inLanguage\":\"tr\",\"@id\":\"https:\\\/\\\/schlammtrocknung.com\\\/#\\\/schema\\\/logo\\\/image\\\/\",\"url\":\"https:\\\/\\\/schlammtrocknung.com\\\/wp-content\\\/uploads\\\/2023\\\/02\\\/logo_sds-1.png\",\"contentUrl\":\"https:\\\/\\\/schlammtrocknung.com\\\/wp-content\\\/uploads\\\/2023\\\/02\\\/logo_sds-1.png\",\"width\":697,\"height\":187,\"caption\":\"Schlammtrocknung | SDS - Schlammtrocknung\"},\"image\":{\"@id\":\"https:\\\/\\\/schlammtrocknung.com\\\/#\\\/schema\\\/logo\\\/image\\\/\"}}]}<\/script>\n<!-- \/ Yoast SEO plugin. -->","yoast_head_json":{"title":"SSS | SLUDEGE-KURUTMA-SISTEMLERI - Schlammtrocknung \u2013 michel SLUDGE DRYING SYSTEM","robots":{"index":"index","follow":"follow","max-snippet":"max-snippet:-1","max-image-preview":"max-image-preview:large","max-video-preview":"max-video-preview:-1"},"canonical":"https:\/\/schlammtrocknung.com\/tr\/sss-sludege-kurutma-sistemleri\/","og_locale":"tr_TR","og_type":"article","og_title":"SSS | SLUDEGE-KURUTMA-SISTEMLERI - Schlammtrocknung \u2013 michel SLUDGE DRYING SYSTEM","og_description":"[vc_row][vc_column][vc_raw_html css=&#8221;&#8221;]W3NwX2Vhc3lhY2NvcmRpb24gaWQ9IjE4OTYiXQ==[\/vc_raw_html][\/vc_column][\/vc_row]","og_url":"https:\/\/schlammtrocknung.com\/tr\/sss-sludege-kurutma-sistemleri\/","og_site_name":"Schlammtrocknung \u2013 michel SLUDGE DRYING SYSTEM","article_modified_time":"2025-11-06T12:02:45+00:00","twitter_card":"summary_large_image","schema":{"@context":"https:\/\/schema.org","@graph":[{"@type":"WebPage","@id":"https:\/\/schlammtrocknung.com\/tr\/sss-sludege-kurutma-sistemleri\/","url":"https:\/\/schlammtrocknung.com\/tr\/sss-sludege-kurutma-sistemleri\/","name":"SSS | SLUDEGE-KURUTMA-SISTEMLERI - Schlammtrocknung \u2013 michel SLUDGE DRYING SYSTEM","isPartOf":{"@id":"https:\/\/schlammtrocknung.com\/#website"},"datePublished":"2025-04-25T10:17:25+00:00","dateModified":"2025-11-06T12:02:45+00:00","breadcrumb":{"@id":"https:\/\/schlammtrocknung.com\/tr\/sss-sludege-kurutma-sistemleri\/#breadcrumb"},"inLanguage":"tr","potentialAction":[{"@type":"ReadAction","target":["https:\/\/schlammtrocknung.com\/tr\/sss-sludege-kurutma-sistemleri\/"]}]},{"@type":"BreadcrumbList","@id":"https:\/\/schlammtrocknung.com\/tr\/sss-sludege-kurutma-sistemleri\/#breadcrumb","itemListElement":[{"@type":"ListItem","position":1,"name":"Startseite","item":"https:\/\/schlammtrocknung.com\/tr\/ana-sayfa\/"},{"@type":"ListItem","position":2,"name":"SSS | SLUDEGE-KURUTMA-SISTEMLERI"}]},{"@type":"WebSite","@id":"https:\/\/schlammtrocknung.com\/#website","url":"https:\/\/schlammtrocknung.com\/","name":"Schlammtrocknung | SDS - Schlammtrocknung","description":"Schlamm- L\u00f6sungen f\u00fcr Kl\u00e4rwerke, Industrie und Umwelt","publisher":{"@id":"https:\/\/schlammtrocknung.com\/#organization"},"potentialAction":[{"@type":"SearchAction","target":{"@type":"EntryPoint","urlTemplate":"https:\/\/schlammtrocknung.com\/?s={search_term_string}"},"query-input":{"@type":"PropertyValueSpecification","valueRequired":true,"valueName":"search_term_string"}}],"inLanguage":"tr"},{"@type":"Organization","@id":"https:\/\/schlammtrocknung.com\/#organization","name":"Schlammtrocknung | SDS - Schlammtrocknung","url":"https:\/\/schlammtrocknung.com\/","logo":{"@type":"ImageObject","inLanguage":"tr","@id":"https:\/\/schlammtrocknung.com\/#\/schema\/logo\/image\/","url":"https:\/\/schlammtrocknung.com\/wp-content\/uploads\/2023\/02\/logo_sds-1.png","contentUrl":"https:\/\/schlammtrocknung.com\/wp-content\/uploads\/2023\/02\/logo_sds-1.png","width":697,"height":187,"caption":"Schlammtrocknung | SDS - Schlammtrocknung"},"image":{"@id":"https:\/\/schlammtrocknung.com\/#\/schema\/logo\/image\/"}}]}},"_links":{"self":[{"href":"https:\/\/schlammtrocknung.com\/tr\/wp-json\/wp\/v2\/pages\/2678","targetHints":{"allow":["GET"]}}],"collection":[{"href":"https:\/\/schlammtrocknung.com\/tr\/wp-json\/wp\/v2\/pages"}],"about":[{"href":"https:\/\/schlammtrocknung.com\/tr\/wp-json\/wp\/v2\/types\/page"}],"author":[{"embeddable":true,"href":"https:\/\/schlammtrocknung.com\/tr\/wp-json\/wp\/v2\/users\/1"}],"replies":[{"embeddable":true,"href":"https:\/\/schlammtrocknung.com\/tr\/wp-json\/wp\/v2\/comments?post=2678"}],"version-history":[{"count":4,"href":"https:\/\/schlammtrocknung.com\/tr\/wp-json\/wp\/v2\/pages\/2678\/revisions"}],"predecessor-version":[{"id":3028,"href":"https:\/\/schlammtrocknung.com\/tr\/wp-json\/wp\/v2\/pages\/2678\/revisions\/3028"}],"wp:attachment":[{"href":"https:\/\/schlammtrocknung.com\/tr\/wp-json\/wp\/v2\/media?parent=2678"}],"curies":[{"name":"wp","href":"https:\/\/api.w.org\/{rel}","templated":true}]}}