{"id":2681,"date":"2025-02-24T17:25:02","date_gmt":"2025-02-24T16:25:02","guid":{"rendered":"https:\/\/schlammtrocknung.com\/camur-icin-kurutma-tesisi\/"},"modified":"2025-06-18T13:01:10","modified_gmt":"2025-06-18T11:01:10","slug":"camur-icin-kurutma-tesisi","status":"publish","type":"page","link":"https:\/\/schlammtrocknung.com\/tr\/camur-icin-kurutma-tesisi\/","title":{"rendered":"\u00c7amur i\u00e7in kurutma tesisi"},"content":{"rendered":"<div class=\"wpb-content-wrapper\"><p>[vc_row content_placement=&#8221;top&#8221;][vc_column][vc_column_text]<\/p>\n<h1 style=\"text-align: center;\"><span style=\"color: #728d2a;\">Verimli teknoloji: \u00e7amur i\u00e7in kurutma tesisi<br \/><\/span><\/h1>\n<p>[\/vc_column_text][vc_column_text]<\/p>\n<p style=\"text-align: center;\"><span style=\"font-weight: 400;\">Bu <\/span><b>michel&#8217;den kurutma sistemleri SLUDGE-DRYING-SYSTEMS<\/b><span style=\"font-weight: 400;\">  \u00e7evre dostu at\u0131k kullan\u0131m\u0131nda ileriye do\u011fru kararl\u0131 bir ad\u0131m\u0131 temsil etmektedir. Modern teknolojilerin kullan\u0131m\u0131 sayesinde   <\/span><b>D\u00fc\u015f\u00fck s\u0131cakl\u0131kl\u0131 kurutucular<\/b><span style=\"font-weight: 400;\"> sistemlerimiz etkili ve enerji tasarruflu \u00e7amur sa\u011flar <\/span><b>\u00e7amur kurutma<\/b><span style=\"font-weight: 400;\">end\u00fcstriyel standartlar\u0131 yeniden tan\u0131ml\u0131yor.<\/span><\/p>\n<p style=\"text-align: center;\"><span style=\"font-weight: 400;\">Ne olursa olsun <\/span><a href=\"https:\/\/schlammtrocknung.com\/leistungen\/klaerschlammtrocknung\/\"><span style=\"font-weight: 400;\">kanalizasyon \u00e7amuru<\/span><\/a><span style=\"font-weight: 400;\">, <\/span><a href=\"https:\/\/schlammtrocknung.com\/leistungen\/bioschlammtrocknung\/\"><span style=\"font-weight: 400;\">biosludge<\/span><\/a><span style=\"font-weight: 400;\"> veya end\u00fcstriyel \u00e7amur &#8211; bizim<\/span><b> end\u00fcstri\u0307yel kurutma tesi\u0307sleri\u0307<\/b><span style=\"font-weight: 400;\"> profesyonel \u00e7amur kurutma sa\u011flamak <\/span><b>\u00e7amurun do\u011frudan sahada kurutulmas\u0131<\/b><span style=\"font-weight: 400;\">. Verimli kurutma sistemleri sat\u0131n almak, kiralamak veya finanse etmek i\u00e7in michel SLUDGE-DRYING-SYSTEMS serisini ke\u015ffedin.<\/span><\/p>\n<p>[\/vc_column_text][vc_btn title=&#8221;Kurutma sistemlerini \u015fimdi ke\u015ffedin!&#8221; style=&#8221;custom&#8221; custom_background=&#8221;#728d2a&#8221; custom_text=&#8221;#ffffff&#8221; align=&#8221;center&#8221; link=&#8221;url:https%3A%2F%2Fschlammtrocknung.com%2Fprodukte%2F|&#8221;][vc_empty_space height=&#8221;50px&#8221;][\/vc_column][\/vc_row][vc_row][vc_column width=&#8221;2\/3&#8243;][vc_column_text]<\/p>\n<h3><span style=\"color: #728d2a;\">Kurutma sistemlerimizin avantajlar\u0131n\u0131 bir bak\u0131\u015fta ke\u015ffedin:<br \/><\/span><\/h3>\n<p>[\/vc_column_text][vc_column_text]<\/p>\n<ul>\n<li style=\"font-weight: 400;\" aria-level=\"1\"><span style=\"font-weight: 400;\">D\u00fc\u015f\u00fck s\u0131cakl\u0131kta kurutma sayesinde hassas ve enerji tasarruflu \u00e7amur kurutma<\/span><\/li>\n<li style=\"font-weight: 400;\" aria-level=\"1\"><span style=\"font-weight: 400;\">Do\u011frudan \u00e7amur olu\u015fum yerinde karma\u015f\u0131k olmayan ve maliyet tasarrufu sa\u011flayan kurutma<\/span><\/li>\n<li style=\"font-weight: 400;\" aria-level=\"1\"><span style=\"font-weight: 400;\">\u00c7e\u015fitli boyutlarda mod\u00fcler sistemler<\/span><\/li>\n<li style=\"font-weight: 400;\" aria-level=\"1\"><span style=\"font-weight: 400;\">Geni\u015f kullan\u0131m se\u00e7enekleri yelpazesi <\/span><a href=\"https:\/\/schlammtrocknung.com\/schlammentsorgung\/\"><span style=\"font-weight: 400;\">\u00e7amur bertaraf\u0131<\/span><\/a><span style=\"font-weight: 400;\"> i\u00e7in <\/span><a href=\"https:\/\/schlammtrocknung.com\/news\/phosphor-recycling\/\"><span style=\"font-weight: 400;\">fosfor geri kazan\u0131m\u0131<\/span><\/a><\/li>\n<li style=\"font-weight: 400;\" aria-level=\"1\"><span style=\"font-weight: 400;\">\u00d6zel altyap\u0131 veya d\u00f6n\u00fc\u015ft\u00fcrme \u00e7al\u0131\u015fmas\u0131 gerektirmeyen basit kurulum<\/span><\/li>\n<\/ul>\n<p>[\/vc_column_text][vc_empty_space height=&#8221;70px&#8221;][\/vc_column][vc_column width=&#8221;1\/3&#8243;][vc_single_image image=&#8221;367&#8243; img_size=&#8221;400&#215;300&#8243;][\/vc_column][\/vc_row][vc_row][vc_column width=&#8221;1\/2&#8243;][vc_single_image image=&#8221;368&#8243; img_size=&#8221;600&#215;600&#8243;][vc_empty_space height=&#8221;70px&#8221;][\/vc_column][vc_column width=&#8221;1\/2&#8243;][vc_column_text]<\/p>\n<h2><span style=\"color: #728d2a;\">Minimum \u0131s\u0131 \u00fcretimi ile maksimum sonu\u00e7lar<br \/><\/span><\/h2>\n<p><span style=\"font-weight: 400;\">Bu <\/span><a href=\"https:\/\/schlammtrocknung.com\/niedertemperaturtrockner\/\"><span style=\"font-weight: 400;\">d\u00fc\u015f\u00fck sicaklikli kurutucular<\/span><\/a><span style=\"font-weight: 400;\"> michel SLUDGE-DRYING-SYSTEMS adresinde faaliyet g\u00f6stermektedir. <\/span><b>daha d\u00fc\u015f\u00fck s\u0131cakl\u0131klar<\/b><span style=\"font-weight: 400;\">kimyasal de\u011fi\u015fiklik veya zararl\u0131 madde emisyonu olmadan \u00e7amuru kurutmak i\u00e7in kullan\u0131l\u0131r. Bu kontroll\u00fc \u0131s\u0131 uygulamas\u0131 nemi verimli bir \u015fekilde buharla\u015ft\u0131r\u0131r, malzemeyi korurken enerji gereksinimlerini azalt\u0131r.   <\/span><\/p>\n<p><span style=\"font-weight: 400;\">Bu y\u00f6ntem, kurutulmu\u015f malzeme \u00fczerindeki termal y\u00fck\u00fc en aza indirir, bu da sadece \u00e7evreyi korumakla kalmaz, ayn\u0131 zamanda <\/span><b>Kalite<\/b><span style=\"font-weight: 400;\"> son \u00fcr\u00fcn\u00fcn kalitesi.<\/span><\/p>\n<p><b>Nazik tedavi ve \u00f6nemli \u00f6l\u00e7\u00fcde enerji tasarrufu<\/b><\/p>\n<p><span style=\"font-weight: 400;\">Kullan\u0131m yoluyla <\/span><b>d\u00fc\u015f\u00fck sicaklikli kurutucular<\/b><span style=\"font-weight: 400;\">  kurutma sistemlerimizde enerji t\u00fcketimini \u00f6nemli \u00f6l\u00e7\u00fcde azaltabiliyoruz. Bu enerji verimlili\u011fi sadece daha d\u00fc\u015f\u00fck i\u015fletme maliyetlerine de\u011fil, ayn\u0131 zamanda CO\u2082 emisyonlar\u0131nda da \u00f6nemli bir azalmaya yol a\u00e7maktad\u0131r. Ayr\u0131ca, sistemlerimiz yenilik\u00e7i teknolojileri sayesinde at\u0131k su ve di\u011fer emisyonlarla ilgili sorunlar\u0131 da \u00f6nlemektedir.  <\/span>[\/vc_column_text][\/vc_column][\/vc_row][vc_row][vc_column width=&#8221;1\/2&#8243;][vc_column_text]<\/p>\n<h2><span style=\"color: #728d2a;\">Optimum sonu\u00e7lar i\u00e7in \u00f6zelle\u015ftirilebilir kurutma sistemleri<br \/><\/span><\/h2>\n<p><span style=\"font-weight: 400;\">Bizim <\/span><b>mod\u00fcler \u00e7amur kurutma si\u0307stemleri\u0307 <\/b><span style=\"font-weight: 400;\">i\u00e7inde mevcuttur <\/span><b>farkl\u0131 boyutlar <\/b> <span style=\"font-weight: 400;\">ve tam olarak m\u00fc\u015fterilerimizin ihtiya\u00e7lar\u0131na g\u00f6re \u00f6zelle\u015ftirilmi\u015ftir. Her sistem, enerji t\u00fcketimini en aza indirirken \u00e7amurdaki su i\u00e7eri\u011fini etkili bir \u015fekilde azaltan hassas kurutma y\u00f6ntemlerini entegre eder.   <\/span><\/p>\n<p><span style=\"font-weight: 400;\">Bu, farkl\u0131 kurutma a\u015famalar\u0131na veya ayr\u0131 makinelere ihtiya\u00e7 duymadan ba\u015ftan sona s\u00fcrekli ve verimli \u00e7amur ar\u0131t\u0131m\u0131 sa\u011flar.<\/span><\/p>\n<p><span style=\"font-weight: 400;\">Bu <\/span><b>\u00e7ok y\u00f6nl\u00fc uygulama olanaklari<\/b><span style=\"font-weight: 400;\">  kurutma sistemlerimiz, onlar\u0131 \u00e7ok \u00e7e\u015fitli end\u00fcstriyel uygulamalar i\u00e7in ideal bir \u00e7\u00f6z\u00fcm haline getirmektedir. \u0130ster enerji \u00fcretimi i\u00e7in biyok\u00fctle enerji santrallerinde, ister tar\u0131mda g\u00fcbre olarak veya in\u015faat sekt\u00f6r\u00fcnde agrega olarak kullan\u0131ls\u0131n, michel SLUDGE-DRYING-SYSTEMS&#8217;in kurutma sistemleri her t\u00fcr \u00e7amur i\u00e7in uygundur ve mod\u00fcler olarak \u00f6zel gereksinimlere uyarlanabilir. <\/span>[\/vc_column_text][\/vc_column][vc_column width=&#8221;1\/2&#8243;][vc_single_image image=&#8221;1194&#8243; img_size=&#8221;600&#215;600&#8243;][vc_empty_space height=&#8221;70px&#8221;][\/vc_column][\/vc_row][vc_row][vc_column width=&#8221;1\/2&#8243;][vc_single_image image=&#8221;375&#8243; img_size=&#8221;600&#215;600&#8243;][vc_empty_space height=&#8221;70px&#8221;][\/vc_column][vc_column width=&#8221;1\/2&#8243;][vc_column_text]<\/p>\n<h3><span style=\"color: #728d2a;\">Her lokasyonda esneklik ve verimlilik<br \/><\/span><\/h3>\n<p><span style=\"font-weight: 400;\">michel SLUDGE-DRYING-SYSTEMS, \u00e7amur i\u00e7in \u00f6zel olarak geli\u015ftirilmi\u015f merkezi olmayan kurutma sistemleri sunmaktad\u0131r <\/span><b>do\u011frudan \u00e7amur olu\u015fum yerinde <\/b> <span style=\"font-weight: 400;\">faaliyete ge\u00e7irilmesi gerekir. B\u00fcy\u00fck altyap\u0131 d\u00fczenlemelerinden ba\u011f\u0131ms\u0131z olan bu \u00f6zellik, sistemlerimizi \u00e7ok \u00e7e\u015fitli konumlar i\u00e7in esnek bir \u00e7\u00f6z\u00fcm haline getirmektedir.   <\/span><\/p>\n<p><span style=\"font-weight: 400;\">Kapsaml\u0131 in\u015faat \u00e7al\u0131\u015fmalar\u0131 veya \u00e7at\u0131 kaplamas\u0131na gerek kalmadan, sistemlerimiz mevcut i\u015fletim s\u00fcre\u00e7lerine sorunsuz bir \u015fekilde entegre edilebilir.<\/span><\/p>\n<p><span style=\"font-weight: 400;\">Tesisler ayr\u0131ca \u00e7ok \u00e7e\u015fitli \u00e7amur t\u00fcrlerini i\u015flemek \u00fczere tasarlanm\u0131\u015ft\u0131r. <\/span><b>\u00e7amur t\u00fcrleri<\/b><span style=\"font-weight: 400;\"> etkili bir \u015fekilde &#8211; belediye kanalizasyon \u00e7amurundan \u00f6zel end\u00fcstriyel \u00e7amurlara kadar <\/span><a href=\"https:\/\/schlammtrocknung.com\/leistungen\/metallschlammtrocknung\/\"><span style=\"font-weight: 400;\">metal<\/span><\/a><span style=\"font-weight: 400;\"> veya <\/span><a href=\"https:\/\/schlammtrocknung.com\/leistungen\/papierschlammtrocknung\/\"><span style=\"font-weight: 400;\">ka\u011f\u0131t \u00e7amuru<\/span><\/a><span style=\"font-weight: 400;\">.<\/span><\/p>\n<p><span style=\"font-weight: 400;\">Ayr\u0131ca \u015funlar\u0131 da sunuyoruz <\/span><b>esnek fi\u0307nansman se\u00e7enekleri\u0307<\/b><span style=\"font-weight: 400;\">  M\u00fc\u015fterilerimizin finansal esnekliklerinden \u00f6d\u00fcn vermeden geli\u015fmi\u015f kurutma teknolojisini kullanmalar\u0131n\u0131 sa\u011flar. Bu uyarlanabilir \u00e7\u00f6z\u00fcmlerle michel SLUDGE-DRYING-SYSTEMS, kendisini \u00e7evre dostu ve uygun maliyetli \u00e7amur kurutma i\u00e7in orta\u011f\u0131n\u0131z olarak konumland\u0131rmaktad\u0131r. <\/span>[\/vc_column_text][\/vc_column][\/vc_row][vc_row][vc_column][vc_cta h2=&#8221;michel SLUDGE-DRYING-SYSTEMS&apos;ten profesyonel kurutma sistemleri&#8221; txt_align=&#8221;center&#8221; add_button=&#8221;bottom&#8221; btn_title=&#8221;Bize ula\u015f\u0131n!&#8221; btn_style=&#8221;gradient-custom&#8221; btn_gradient_custom_color_1=&#8221;#728d2a&#8221; btn_gradient_custom_color_2=&#8221;#728d2a&#8221; btn_align=&#8221;center&#8221; btn_link=&#8221;url:https%3A%2F%2Fschlammtrocknung.com%2Fkontakt%2F|title:Bize%20ula%C5%9F%C4%B1n|&#8221;]<\/p>\n<p style=\"text-align: center;\"><span style=\"font-weight: 400;\">Geli\u015fmi\u015f kurutma sistemlerine yat\u0131r\u0131m yap\u0131n <\/span><b>michel&#8217;den kurutma sistemleri SLUDGE-DRYING-SYSTEMS<\/b><span style=\"font-weight: 400;\">  ve teknolojimizin \u00fcretim s\u00fcre\u00e7lerinizi nas\u0131l daha verimli hale getirmekle kalmay\u0131p ayn\u0131 zamanda daha \u00e7evre dostu oldu\u011funu deneyimleyin. Kurutma sistemlerimiz hakk\u0131nda daha fazla bilgi edinmek ve bir randevu ayarlamak i\u00e7in bug\u00fcn bize ula\u015f\u0131n <\/span> <b> \u00f6zelle\u015ftirilmi\u015f teklif<\/b><span style=\"font-weight: 400;\"> almak i\u00e7in!<\/span><\/p>\n<p>[\/vc_cta][vc_empty_space height=&#8221;50px&#8221;][\/vc_column][\/vc_row][vc_row][vc_column][vc_column_text]<\/p>\n<h2 style=\"text-align: center;\"><span style=\"color: #728d2a;\">SSS &#8211; Kurutma sistemlerimiz hakk\u0131nda s\u0131k\u00e7a sorulan sorular<\/span><\/h2>\n<p>[\/vc_column_text][\/vc_column][\/vc_row][vc_row][vc_column][vc_toggle title=&#8221;michel SLUDGE-DRYING-SYSTEMS&apos;in kurutma sistemleri hangi end\u00fcstrilerde kullan\u0131labilir?&#8221;]Kurutma sistemlerimiz \u00e7ok y\u00f6nl\u00fcd\u00fcr. Kanalizasyon \u00e7amuru ve biyolojik \u00e7amurun kurutulmas\u0131ndan ka\u011f\u0131t ve metal \u00e7amuru gibi end\u00fcstriyel at\u0131k \u00fcr\u00fcnlerin ar\u0131t\u0131lmas\u0131na kadar \u00e7e\u015fitli end\u00fcstrilerde geni\u015f bir uygulama yelpazesi sunarlar. M\u00fc\u015fterilerimiz aras\u0131nda kanalizasyon ar\u0131tma tesisleri, yerel y\u00f6netimler ve sanayi \u015firketleri bulunmaktad\u0131r.[\/vc_toggle][vc_toggle title=&#8221;michel SLUDGE-DRYING-SYSTEMS&apos;in mod\u00fcler kurutma sistemlerinin avantajlar\u0131 nelerdir?&#8221;]Mod\u00fcler kurutma sistemlerimiz \u00e7e\u015fitli boyutlarda mevcuttur ve farkl\u0131 \u00e7amur t\u00fcrlerine, miktarlar\u0131na ve m\u00fc\u015fteri gereksinimlerine esnek bir \u015fekilde uyarlanabilir. Ayr\u0131ca ba\u015ftan sona verimli \u00e7amur ar\u0131t\u0131m\u0131 sunarlar ve farkl\u0131 kurutma a\u015famalar\u0131 i\u00e7in ayr\u0131 makineler gerektirmezler. Sistemlerimiz \u00e7amuru \u00e7at\u0131 veya salona ihtiya\u00e7 duymadan do\u011frudan sahada kurutur.[\/vc_toggle][\/vc_column][\/vc_row]<\/p>\n<\/div>","protected":false},"excerpt":{"rendered":"<p>[vc_row content_placement=&#8221;top&#8221;][vc_column][vc_column_text] Verimli teknoloji: \u00e7amur i\u00e7in kurutma tesisi [\/vc_column_text][vc_column_text] Bu michel&#8217;den kurutma sistemleri SLUDGE-DRYING-SYSTEMS \u00e7evre dostu at\u0131k kullan\u0131m\u0131nda ileriye do\u011fru kararl\u0131 bir ad\u0131m\u0131 temsil etmektedir. Modern teknolojilerin kullan\u0131m\u0131 sayesinde D\u00fc\u015f\u00fck s\u0131cakl\u0131kl\u0131 kurutucular sistemlerimiz etkili ve enerji tasarruflu \u00e7amur sa\u011flar \u00e7amur kurutmaend\u00fcstriyel standartlar\u0131 yeniden tan\u0131ml\u0131yor. Ne olursa olsun kanalizasyon \u00e7amuru, biosludge veya end\u00fcstriyel \u00e7amur &#8211; bizim&hellip;<\/p>\n","protected":false},"author":1,"featured_media":0,"parent":0,"menu_order":0,"comment_status":"closed","ping_status":"closed","template":"","meta":{"footnotes":""},"class_list":["post-2681","page","type-page","status-publish","hentry","description-off"],"yoast_head":"<!-- This site is optimized with the Yoast SEO plugin v27.4 - https:\/\/yoast.com\/product\/yoast-seo-wordpress\/ -->\n<title>Kurutma sistemi | michel SLUDGE-DRYING-SYSTEMS<\/title>\n<meta name=\"description\" content=\"michel SLUDGE-DRYING-SYSTEMS&#039;in t\u00fcm \u00e7amur t\u00fcrleri i\u00e7in geli\u015fmi\u015f kurutma sistemlerini ke\u015ffedin.\" \/>\n<meta name=\"robots\" content=\"index, follow, max-snippet:-1, max-image-preview:large, max-video-preview:-1\" \/>\n<link rel=\"canonical\" href=\"https:\/\/schlammtrocknung.com\/tr\/camur-icin-kurutma-tesisi\/\" \/>\n<meta property=\"og:locale\" content=\"tr_TR\" \/>\n<meta property=\"og:type\" content=\"article\" \/>\n<meta property=\"og:title\" content=\"Kurutma sistemi | michel SLUDGE-DRYING-SYSTEMS\" \/>\n<meta property=\"og:description\" content=\"michel SLUDGE-DRYING-SYSTEMS&#039;in t\u00fcm \u00e7amur t\u00fcrleri i\u00e7in geli\u015fmi\u015f kurutma sistemlerini ke\u015ffedin.\" \/>\n<meta property=\"og:url\" content=\"https:\/\/schlammtrocknung.com\/tr\/camur-icin-kurutma-tesisi\/\" \/>\n<meta property=\"og:site_name\" content=\"Schlammtrocknung \u2013 michel SLUDGE DRYING SYSTEM\" \/>\n<meta property=\"article:modified_time\" content=\"2025-06-18T11:01:10+00:00\" \/>\n<meta name=\"twitter:card\" content=\"summary_large_image\" \/>\n<meta name=\"twitter:label1\" content=\"Tahmini okuma s\u00fcresi\" \/>\n\t<meta name=\"twitter:data1\" content=\"6 dakika\" \/>\n<script type=\"application\/ld+json\" class=\"yoast-schema-graph\">{\"@context\":\"https:\\\/\\\/schema.org\",\"@graph\":[{\"@type\":\"WebPage\",\"@id\":\"https:\\\/\\\/schlammtrocknung.com\\\/tr\\\/camur-icin-kurutma-tesisi\\\/\",\"url\":\"https:\\\/\\\/schlammtrocknung.com\\\/tr\\\/camur-icin-kurutma-tesisi\\\/\",\"name\":\"Kurutma sistemi | michel SLUDGE-DRYING-SYSTEMS\",\"isPartOf\":{\"@id\":\"https:\\\/\\\/schlammtrocknung.com\\\/#website\"},\"datePublished\":\"2025-02-24T16:25:02+00:00\",\"dateModified\":\"2025-06-18T11:01:10+00:00\",\"description\":\"michel SLUDGE-DRYING-SYSTEMS'in t\u00fcm \u00e7amur t\u00fcrleri i\u00e7in geli\u015fmi\u015f kurutma sistemlerini ke\u015ffedin.\",\"breadcrumb\":{\"@id\":\"https:\\\/\\\/schlammtrocknung.com\\\/tr\\\/camur-icin-kurutma-tesisi\\\/#breadcrumb\"},\"inLanguage\":\"tr\",\"potentialAction\":[{\"@type\":\"ReadAction\",\"target\":[\"https:\\\/\\\/schlammtrocknung.com\\\/tr\\\/camur-icin-kurutma-tesisi\\\/\"]}]},{\"@type\":\"BreadcrumbList\",\"@id\":\"https:\\\/\\\/schlammtrocknung.com\\\/tr\\\/camur-icin-kurutma-tesisi\\\/#breadcrumb\",\"itemListElement\":[{\"@type\":\"ListItem\",\"position\":1,\"name\":\"Startseite\",\"item\":\"https:\\\/\\\/schlammtrocknung.com\\\/tr\\\/ana-sayfa\\\/\"},{\"@type\":\"ListItem\",\"position\":2,\"name\":\"\u00c7amur i\u00e7in kurutma tesisi\"}]},{\"@type\":\"WebSite\",\"@id\":\"https:\\\/\\\/schlammtrocknung.com\\\/#website\",\"url\":\"https:\\\/\\\/schlammtrocknung.com\\\/\",\"name\":\"Schlammtrocknung | SDS - Schlammtrocknung\",\"description\":\"Schlamm- L\u00f6sungen f\u00fcr Kl\u00e4rwerke, Industrie und Umwelt\",\"publisher\":{\"@id\":\"https:\\\/\\\/schlammtrocknung.com\\\/#organization\"},\"potentialAction\":[{\"@type\":\"SearchAction\",\"target\":{\"@type\":\"EntryPoint\",\"urlTemplate\":\"https:\\\/\\\/schlammtrocknung.com\\\/?s={search_term_string}\"},\"query-input\":{\"@type\":\"PropertyValueSpecification\",\"valueRequired\":true,\"valueName\":\"search_term_string\"}}],\"inLanguage\":\"tr\"},{\"@type\":\"Organization\",\"@id\":\"https:\\\/\\\/schlammtrocknung.com\\\/#organization\",\"name\":\"Schlammtrocknung | SDS - Schlammtrocknung\",\"url\":\"https:\\\/\\\/schlammtrocknung.com\\\/\",\"logo\":{\"@type\":\"ImageObject\",\"inLanguage\":\"tr\",\"@id\":\"https:\\\/\\\/schlammtrocknung.com\\\/#\\\/schema\\\/logo\\\/image\\\/\",\"url\":\"https:\\\/\\\/schlammtrocknung.com\\\/wp-content\\\/uploads\\\/2023\\\/02\\\/logo_sds-1.png\",\"contentUrl\":\"https:\\\/\\\/schlammtrocknung.com\\\/wp-content\\\/uploads\\\/2023\\\/02\\\/logo_sds-1.png\",\"width\":697,\"height\":187,\"caption\":\"Schlammtrocknung | SDS - Schlammtrocknung\"},\"image\":{\"@id\":\"https:\\\/\\\/schlammtrocknung.com\\\/#\\\/schema\\\/logo\\\/image\\\/\"}}]}<\/script>\n<!-- \/ Yoast SEO plugin. -->","yoast_head_json":{"title":"Kurutma sistemi | michel SLUDGE-DRYING-SYSTEMS","description":"michel SLUDGE-DRYING-SYSTEMS'in t\u00fcm \u00e7amur t\u00fcrleri i\u00e7in geli\u015fmi\u015f kurutma sistemlerini ke\u015ffedin.","robots":{"index":"index","follow":"follow","max-snippet":"max-snippet:-1","max-image-preview":"max-image-preview:large","max-video-preview":"max-video-preview:-1"},"canonical":"https:\/\/schlammtrocknung.com\/tr\/camur-icin-kurutma-tesisi\/","og_locale":"tr_TR","og_type":"article","og_title":"Kurutma sistemi | michel SLUDGE-DRYING-SYSTEMS","og_description":"michel SLUDGE-DRYING-SYSTEMS'in t\u00fcm \u00e7amur t\u00fcrleri i\u00e7in geli\u015fmi\u015f kurutma sistemlerini ke\u015ffedin.","og_url":"https:\/\/schlammtrocknung.com\/tr\/camur-icin-kurutma-tesisi\/","og_site_name":"Schlammtrocknung \u2013 michel SLUDGE DRYING SYSTEM","article_modified_time":"2025-06-18T11:01:10+00:00","twitter_card":"summary_large_image","twitter_misc":{"Tahmini okuma s\u00fcresi":"6 dakika"},"schema":{"@context":"https:\/\/schema.org","@graph":[{"@type":"WebPage","@id":"https:\/\/schlammtrocknung.com\/tr\/camur-icin-kurutma-tesisi\/","url":"https:\/\/schlammtrocknung.com\/tr\/camur-icin-kurutma-tesisi\/","name":"Kurutma sistemi | michel SLUDGE-DRYING-SYSTEMS","isPartOf":{"@id":"https:\/\/schlammtrocknung.com\/#website"},"datePublished":"2025-02-24T16:25:02+00:00","dateModified":"2025-06-18T11:01:10+00:00","description":"michel SLUDGE-DRYING-SYSTEMS'in t\u00fcm \u00e7amur t\u00fcrleri i\u00e7in geli\u015fmi\u015f kurutma sistemlerini ke\u015ffedin.","breadcrumb":{"@id":"https:\/\/schlammtrocknung.com\/tr\/camur-icin-kurutma-tesisi\/#breadcrumb"},"inLanguage":"tr","potentialAction":[{"@type":"ReadAction","target":["https:\/\/schlammtrocknung.com\/tr\/camur-icin-kurutma-tesisi\/"]}]},{"@type":"BreadcrumbList","@id":"https:\/\/schlammtrocknung.com\/tr\/camur-icin-kurutma-tesisi\/#breadcrumb","itemListElement":[{"@type":"ListItem","position":1,"name":"Startseite","item":"https:\/\/schlammtrocknung.com\/tr\/ana-sayfa\/"},{"@type":"ListItem","position":2,"name":"\u00c7amur i\u00e7in kurutma tesisi"}]},{"@type":"WebSite","@id":"https:\/\/schlammtrocknung.com\/#website","url":"https:\/\/schlammtrocknung.com\/","name":"Schlammtrocknung | SDS - Schlammtrocknung","description":"Schlamm- L\u00f6sungen f\u00fcr Kl\u00e4rwerke, Industrie und Umwelt","publisher":{"@id":"https:\/\/schlammtrocknung.com\/#organization"},"potentialAction":[{"@type":"SearchAction","target":{"@type":"EntryPoint","urlTemplate":"https:\/\/schlammtrocknung.com\/?s={search_term_string}"},"query-input":{"@type":"PropertyValueSpecification","valueRequired":true,"valueName":"search_term_string"}}],"inLanguage":"tr"},{"@type":"Organization","@id":"https:\/\/schlammtrocknung.com\/#organization","name":"Schlammtrocknung | SDS - Schlammtrocknung","url":"https:\/\/schlammtrocknung.com\/","logo":{"@type":"ImageObject","inLanguage":"tr","@id":"https:\/\/schlammtrocknung.com\/#\/schema\/logo\/image\/","url":"https:\/\/schlammtrocknung.com\/wp-content\/uploads\/2023\/02\/logo_sds-1.png","contentUrl":"https:\/\/schlammtrocknung.com\/wp-content\/uploads\/2023\/02\/logo_sds-1.png","width":697,"height":187,"caption":"Schlammtrocknung | SDS - Schlammtrocknung"},"image":{"@id":"https:\/\/schlammtrocknung.com\/#\/schema\/logo\/image\/"}}]}},"_links":{"self":[{"href":"https:\/\/schlammtrocknung.com\/tr\/wp-json\/wp\/v2\/pages\/2681","targetHints":{"allow":["GET"]}}],"collection":[{"href":"https:\/\/schlammtrocknung.com\/tr\/wp-json\/wp\/v2\/pages"}],"about":[{"href":"https:\/\/schlammtrocknung.com\/tr\/wp-json\/wp\/v2\/types\/page"}],"author":[{"embeddable":true,"href":"https:\/\/schlammtrocknung.com\/tr\/wp-json\/wp\/v2\/users\/1"}],"replies":[{"embeddable":true,"href":"https:\/\/schlammtrocknung.com\/tr\/wp-json\/wp\/v2\/comments?post=2681"}],"version-history":[{"count":2,"href":"https:\/\/schlammtrocknung.com\/tr\/wp-json\/wp\/v2\/pages\/2681\/revisions"}],"predecessor-version":[{"id":2684,"href":"https:\/\/schlammtrocknung.com\/tr\/wp-json\/wp\/v2\/pages\/2681\/revisions\/2684"}],"wp:attachment":[{"href":"https:\/\/schlammtrocknung.com\/tr\/wp-json\/wp\/v2\/media?parent=2681"}],"curies":[{"name":"wp","href":"https:\/\/api.w.org\/{rel}","templated":true}]}}