{"id":2685,"date":"2025-02-24T16:48:44","date_gmt":"2025-02-24T15:48:44","guid":{"rendered":"https:\/\/schlammtrocknung.com\/kanalizasyon-camuru-ayristirma-kuecuek-kanalizasyon-aritma-tesisleri\/"},"modified":"2025-06-18T13:04:47","modified_gmt":"2025-06-18T11:04:47","slug":"kanalizasyon-camuru-ayristirma-kuecuek-kanalizasyon-aritma-tesisleri","status":"publish","type":"page","link":"https:\/\/schlammtrocknung.com\/tr\/hizmetler\/kanalizasyon-camuru-ayristirma-kuecuek-kanalizasyon-aritma-tesisleri\/","title":{"rendered":"Kanalizasyon \u00e7amuru ayr\u0131\u015ft\u0131rma K\u00fc\u00e7\u00fck kanalizasyon ar\u0131tma tesisleri"},"content":{"rendered":"<div class=\"wpb-content-wrapper\"><p>[vc_row content_placement=&#8221;top&#8221;][vc_column][vc_column_text]<\/p>\n<h1 style=\"text-align: center\"><span style=\"color: #728d2a\">K\u00fc\u00e7\u00fck at\u0131ksu ar\u0131tma tesislerinde verimli ar\u0131tma \u00e7amuru ayr\u0131\u015ft\u0131rma<br \/><\/span><\/h1>\n<p>&nbsp;[\/vc_column_text][vc_column_text]<\/p>\n<p style=\"text-align: center\"><strong>Ar\u0131tma<\/strong> <strong>\u00e7amuru b<\/strong> ertaraf\u0131, <strong>k\u00fc\u00e7\u00fck at\u0131k su ar\u0131tma tesisi<\/strong> i\u015fletmecileri i\u00e7in kritik bir s\u00fcre\u00e7tir. Ar\u0131tma \u00c7amuru Y\u00f6netmeli\u011fine g\u00f6re, su ar\u0131t\u0131m\u0131 s\u0131ras\u0131nda olu\u015fan \u00e7amurun bertaraf edilmeden \u00f6nce g\u00fcvenli ve \u00e7evre dostu bir \u015fekilde ar\u0131t\u0131lmas\u0131 gerekmektedir. <\/p>\n<p>[\/vc_column_text][vc_empty_space height=&#8221;50px&#8221;][\/vc_column][\/vc_row][vc_row][vc_column][vc_cta h2=&#8221;&#8221; txt_align=&#8221;center&#8221; add_button=&#8221;bottom&#8221; btn_title=&#8221;K\u00fc\u00e7\u00fck at\u0131k su ar\u0131tma tesisleri i\u00e7in \u00e7\u00f6z\u00fcmleri ke\u015ffedin!&#8221; btn_style=&#8221;gradient-custom&#8221; btn_gradient_custom_color_1=&#8221;#728d2a&#8221; btn_gradient_custom_color_2=&#8221;#728d2a&#8221; btn_align=&#8221;center&#8221; btn_link=&#8221;url:https%3A%2F%2Fschlammtrocknung.com%2Ftr%2Fbize-ulasin%2F|title:Bize%20ula%C5%9F%C4%B1n|&#8221;]<\/p>\n<p style=\"text-align: center\"><span style=\"font-weight: 400\">Geli\u015fmi\u015f kurutma sistemleri <\/span><b>michel \u00c7AMUR KURUTMA S\u0130STEMLER\u0130 <\/b> <span style=\"font-weight: 400\">k\u00fc\u00e7\u00fck at\u0131k su ar\u0131tma tesislerinde \u00e7amur bertaraf\u0131 i\u00e7in \u00e7evre dostu ve ekonomik bir \u00e7\u00f6z\u00fcm sunar. \u00c7amurun do\u011frudan \u00fcretildi\u011fi yerde g\u00fcvenli bir \u015fekilde bertaraf edilmesini veya verimli bir \u015fekilde kullan\u0131lmas\u0131n\u0131 sa\u011flarlar. <\/span><\/p>\n<p>[\/vc_cta][vc_empty_space height=&#8221;50px&#8221;][\/vc_column][\/vc_row][vc_row][vc_column width=&#8221;2\/3&#8243;][vc_column_text]<\/p>\n<h2><span style=\"color: #728d2a\">K\u00fc\u00e7\u00fck at\u0131ksu ar\u0131tma tesislerinde ar\u0131tma \u00e7amuru: Tam olarak nedir?<br \/><\/span><\/h2>\n<p>[\/vc_column_text][vc_column_text]<b>Kanalizasyon \u00e7amuru<\/b><span style=\"font-weight: 400\"> bir <\/span><b>at\u0131k su ar\u0131t\u0131m\u0131n\u0131n yan \u00fcr\u00fcn\u00fc<\/b><span style=\"font-weight: 400\">organik ve inorganik maddeler, mikroorganizmalar ve genellikle zararl\u0131 bakterilerden olu\u015fur. Ayr\u0131ca \u00e7evre ve insan sa\u011fl\u0131\u011f\u0131n\u0131 korumak i\u00e7in dikkatli bir ar\u0131tma gerektiren a\u011f\u0131r metaller ve di\u011fer kirleticiler de i\u00e7erir.   <\/span><\/p>\n<p><span style=\"font-weight: 400\">Etkili <\/span><b>ar\u0131tma \u00e7amurunun kurutulmas\u0131<\/b><span style=\"font-weight: 400\"> vazge\u00e7ilmez bir s\u00fcre\u00e7tir. <\/span><b>k\u00fc\u00e7\u00fck kanalizasyon ar\u0131tma tesisleri<\/b><span style=\"font-weight: 400\">. Bu, \u00e7amurun hacmini ve a\u011f\u0131rl\u0131\u011f\u0131n\u0131 azaltmay\u0131 m\u00fcmk\u00fcn k\u0131lar. Bu da nakliyeyi ve sonraki i\u015flemleri kolayla\u015ft\u0131r\u0131r ve maliyetleri d\u00fc\u015f\u00fcr\u00fcr. <\/span>[\/vc_column_text][vc_empty_space height=&#8221;70px&#8221;][\/vc_column][vc_column width=&#8221;1\/3&#8243;][vc_single_image image=&#8221;1187&#8243; img_size=&#8221;400&#215;350&#8243;][\/vc_column][\/vc_row][vc_row][vc_column width=&#8221;1\/2&#8243;][vc_single_image image=&#8221;376&#8243; img_size=&#8221;600&#215;300&#8243;][vc_empty_space height=&#8221;70px&#8221;][\/vc_column][vc_column width=&#8221;1\/2&#8243;][vc_column_text]<\/p>\n<h2><span style=\"color: #728d2a\">michel \u00e7amur kurutma si\u0307stemleri\u0307 i\u0307le aritma \u00e7amuru kurutmanin avantajlari<br \/><\/span><\/h2>\n<p><span style=\"font-weight: 400\">Yenilik\u00e7i kurutma sistemleri ile <\/span><b>michel \u00c7AMUR KURUTMA S\u0130STEMLER\u0130<\/b><span style=\"font-weight: 400\">  kanalizasyon \u00e7amuru verimli bir \u015fekilde kurutulur. Tesislerimiz yumu\u015fak   <\/span><a href=\"https:\/\/schlammtrocknung.com\/tr\/duesuek-sicaklikta-kurutucu\/\"><span style=\"font-weight: 400\">D\u00fc\u015f\u00fck s\u0131cakl\u0131kta kurutma<\/span><\/a><span style=\"font-weight: 400\">  Bu da \u00e7amurun d\u00fczg\u00fcn ve enerji tasarruflu bir \u015fekilde susuzla\u015ft\u0131r\u0131lmas\u0131n\u0131 sa\u011flar. Bu i\u015flemler \u015fu \u015fekilde ger\u00e7ekle\u015fir   <\/span><b>do\u011frudan sahada<\/b><span style=\"font-weight: 400\"> Bu da nakliye maliyetlerini ortadan kald\u0131r\u0131r ve s\u00fcrd\u00fcr\u00fclebilirli\u011fi art\u0131r\u0131r.<\/span>[\/vc_column_text][\/vc_column][\/vc_row][vc_row][vc_column width=&#8221;1\/2&#8243;][vc_column_text]<\/p>\n<h3><span style=\"color: #728d2a\">K\u00fc\u00e7\u00fck at\u0131k su ar\u0131tma tesislerinde \u00e7amur bertaraf\u0131 i\u00e7in: bireysel gereksinimlere g\u00f6re \u00f6zelle\u015ftirme<br \/><\/span><\/h3>\n<p><span style=\"font-weight: 400\">michel SLUDGE-DRYING-SYSTEMS&#8217;in sistemleri \u015fu \u015fekilde mevcuttur <\/span><b>farkl\u0131 boyutlar<\/b><span style=\"font-weight: 400\">  ve farkl\u0131 \u00e7amur t\u00fcrleri ve miktarlar\u0131na uyarlanabilir. Bu esneklik, her sistemin ilgili k\u00fc\u00e7\u00fck at\u0131k su ar\u0131tma tesisinin ihtiya\u00e7lar\u0131na ve kapasitelerine g\u00f6re \u00f6zelle\u015ftirilebilmesini sa\u011flar. <\/span><\/p>\n<p><span style=\"font-weight: 400\">\u0130\u00e7in <\/span><b>k\u00fc\u00e7\u00fck kanalizasyon ar\u0131tma tesisleri<\/b><span style=\"font-weight: 400\">Daha az \u00e7amur \u00fcretme e\u011filiminde olan yerlerde, nispeten k\u00fc\u00e7\u00fck miktarlarda kanalizasyon \u00e7amurunu da verimli bir \u015fekilde kurutabilen uygun maliyetli ve esnek bir sistem sunuyoruz. Bu sayede k\u00fc\u00e7\u00fck at\u0131k su ar\u0131tma tesisinizin ihtiya\u00e7 ve gereksinimlerine en iyi \u015fekilde uyum sa\u011flayabiliyoruz. Bertaraf i\u015flemi ancak ar\u0131tma \u00e7amuru hacmi en aza indirildi\u011finde ve nakliye art\u0131k bir sorun olmaktan \u00e7\u0131kt\u0131\u011f\u0131nda ger\u00e7ekle\u015fir.  <\/span>[\/vc_column_text][\/vc_column][vc_column width=&#8221;1\/2&#8243;][vc_single_image image=&#8221;280&#8243; img_size=&#8221;600&#215;450&#8243;][vc_empty_space height=&#8221;70px&#8221;][\/vc_column][\/vc_row][vc_row][vc_column width=&#8221;1\/2&#8243;][vc_single_image image=&#8221;1173&#8243; img_size=&#8221;600&#215;400&#8243;][vc_empty_space height=&#8221;70px&#8221;][\/vc_column][vc_column width=&#8221;1\/2&#8243;][vc_column_text]<\/p>\n<h2><span style=\"color: #728d2a\">Kurutulmu\u015f ar\u0131tma \u00e7amuru i\u00e7in geni\u015f kullan\u0131m alan\u0131<\/span><\/h2>\n<p><b>Kurutulmu\u015f ar\u0131tma \u00e7amuru<\/b><span style=\"font-weight: 400\"> \u00e7e\u015fitli alanlarda kullan\u0131labilir:<\/span><\/p>\n<ul>\n<li style=\"font-weight: 400\"><b>Yenilenebilir bir yak\u0131t olarak <\/b><span style=\"font-weight: 400\">biyok\u00fctle enerji santrallerinde enerji \u00fcretimi i\u00e7in<\/span><\/li>\n<li style=\"font-weight: 400\"><b>Y\u00fcksek kaliteli bir g\u00fcbre olarak<\/b><span style=\"font-weight: 400\">tar\u0131m i\u00e7in gerekli besinleri sa\u011flayan<\/span><\/li>\n<li style=\"font-weight: 400\"><b>\u0130n\u015faat sekt\u00f6r\u00fcnde <\/b><span style=\"font-weight: 400\">bir toplam olarak<\/span><\/li>\n<li style=\"font-weight: 400\"><b>Fosfor geri kazan\u0131m\u0131 i\u00e7in <\/b><span style=\"font-weight: 400\">etkili ve s\u00fcrd\u00fcr\u00fclebilir g\u00fcbre \u00fcretimi i\u00e7in<\/span><\/li>\n<\/ul>\n<p>[\/vc_column_text][\/vc_column][\/vc_row][vc_row][vc_column][vc_cta h2=&#8221;K\u00fc\u00e7\u00fck at\u0131k su ar\u0131tma tesisinizdeki ar\u0131tma \u00e7amurunun bertaraf\u0131 i\u00e7in profesyonel d\u0131\u015f kaynak kullan\u0131m\u0131&#8221; txt_align=&#8221;center&#8221; add_button=&#8221;bottom&#8221; btn_title=&#8221;Bize ula\u015f\u0131n!&#8221; btn_style=&#8221;gradient-custom&#8221; btn_gradient_custom_color_1=&#8221;#728d2a&#8221; btn_gradient_custom_color_2=&#8221;#728d2a&#8221; btn_align=&#8221;center&#8221; btn_link=&#8221;url:https%3A%2F%2Fschlammtrocknung.com%2Ftr%2Fbize-ulasin%2F|title:Bize%20ula%C5%9F%C4%B1n|&#8221;]<\/p>\n<p style=\"text-align: center\"><span style=\"font-weight: 400\">Uzmanl\u0131\u011f\u0131na g\u00fcvenebilirsiniz <\/span><b>michel \u00c7AMUR KURUTMA S\u0130STEMLER\u0130<\/b><span style=\"font-weight: 400\">optimize etmek i\u00e7in <\/span><a href=\"https:\/\/schlammtrocknung.com\/tr\/hizmetler\/aritma-camuru-kurutma\/\"><span style=\"font-weight: 400\">ar\u0131tma \u00e7amuru kurutma<\/span><\/a><span style=\"font-weight: 400\">  \u00e7evre dostu ve uygun maliyetli. Sistemlerimiz yaln\u0131zca ekolojik ve ekonomik faydalar sunmakla kalmaz, ayn\u0131 zamanda kat\u0131 \u00e7evre standartlar\u0131na uyumu da garanti eder.   <\/span><\/p>\n<p style=\"text-align: center\"><span style=\"font-weight: 400\">K\u00fc\u00e7\u00fck at\u0131k su ar\u0131tma tesisinizdeki at\u0131k su \u00e7amurunun bertaraf\u0131n\u0131 profesyonel ellere teslim etmek ve paradan tasarruf etmek i\u00e7in bug\u00fcn bize ula\u015f\u0131n.<\/span><\/p>\n<p>[\/vc_cta][vc_empty_space height=&#8221;50px&#8221;][\/vc_column][\/vc_row][vc_row][vc_column][vc_column_text]<\/p>\n<h2 style=\"text-align: center\"><span style=\"color: #728d2a\">SSS &#8211; k\u00fc\u00e7\u00fck at\u0131k su ar\u0131tma tesislerinde ar\u0131tma \u00e7amuru ayr\u0131\u015ft\u0131rma hakk\u0131nda s\u0131k\u00e7a sorulan sorular<br \/><\/span><\/h2>\n<p>[\/vc_column_text][\/vc_column][\/vc_row][vc_row][vc_column][vc_toggle title=&#8221;Kanalizasyon \u00e7amuru nedir ve neden ar\u0131t\u0131lmas\u0131 gerekir?&#8221;]Ar\u0131tma \u00e7amuru, fosfor gibi organik ve inorganik maddelerin yan\u0131 s\u0131ra zararl\u0131 bakteriler a\u00e7\u0131s\u0131ndan da zengin olan at\u0131k su ar\u0131t\u0131m\u0131n\u0131n bir yan \u00fcr\u00fcn\u00fcd\u00fcr. Kirleticilerin giderilmesi ve \u00e7amurun g\u00fcvenli bir \u015fekilde bertaraf edilmesi veya yeniden kullan\u0131lmas\u0131 i\u00e7in ar\u0131tma \u015fartt\u0131r.[\/vc_toggle][vc_toggle title=&#8221;K\u00fc\u00e7\u00fck at\u0131k su ar\u0131tma tesislerinde at\u0131k su \u00e7amurunun kurutulmas\u0131 nas\u0131l ger\u00e7ekle\u015fir?&#8221;]michel SLUDGE-DRYING-SYSTEMS&#8217;in kurutma sistemleri, ar\u0131tma \u00e7amurunu do\u011frudan sahada nazik\u00e7e ve enerji tasarruflu bir \u015fekilde kurutmak i\u00e7in d\u00fc\u015f\u00fck s\u0131cakl\u0131kta kurutma kullan\u0131r. Bu sayede nakliye maliyetlerinden tasarruf edilir ve \u00e7amur hacmi verimli bir \u015fekilde azalt\u0131l\u0131r.[\/vc_toggle][\/vc_column][\/vc_row]<\/p>\n<\/div>","protected":false},"excerpt":{"rendered":"<p>[vc_row content_placement=&#8221;top&#8221;][vc_column][vc_column_text] K\u00fc\u00e7\u00fck at\u0131ksu ar\u0131tma tesislerinde verimli ar\u0131tma \u00e7amuru ayr\u0131\u015ft\u0131rma &nbsp;[\/vc_column_text][vc_column_text] Ar\u0131tma \u00e7amuru b ertaraf\u0131, k\u00fc\u00e7\u00fck at\u0131k su ar\u0131tma tesisi i\u015fletmecileri i\u00e7in kritik bir s\u00fcre\u00e7tir. Ar\u0131tma \u00c7amuru Y\u00f6netmeli\u011fine g\u00f6re, su ar\u0131t\u0131m\u0131 s\u0131ras\u0131nda olu\u015fan \u00e7amurun bertaraf edilmeden \u00f6nce g\u00fcvenli ve \u00e7evre dostu bir \u015fekilde ar\u0131t\u0131lmas\u0131 gerekmektedir. [\/vc_column_text][vc_empty_space height=&#8221;50px&#8221;][\/vc_column][\/vc_row][vc_row][vc_column][vc_cta h2=&#8221;&#8221; txt_align=&#8221;center&#8221; add_button=&#8221;bottom&#8221; btn_title=&#8221;K\u00fc\u00e7\u00fck at\u0131k su ar\u0131tma tesisleri&hellip;<\/p>\n","protected":false},"author":1,"featured_media":0,"parent":2799,"menu_order":0,"comment_status":"closed","ping_status":"closed","template":"","meta":{"footnotes":""},"class_list":["post-2685","page","type-page","status-publish","hentry","description-off"],"yoast_head":"<!-- This site is optimized with the Yoast SEO plugin v27.3 - https:\/\/yoast.com\/product\/yoast-seo-wordpress\/ -->\n<title>Kanalizasyon \u00e7amuru ay\u0131rma k\u00fc\u00e7\u00fck kanalizasyon ar\u0131tma tesisi | michel \u00c7AMUR KURUTMA S\u0130STEMLER\u0130<\/title>\n<meta name=\"description\" content=\"K\u00fc\u00e7\u00fck at\u0131k su ar\u0131tma tesisinizdeki ar\u0131tma \u00e7amurunun bertaraf\u0131n\u0131 profesyonel ellere b\u0131rak\u0131n!\" \/>\n<meta name=\"robots\" content=\"index, follow, max-snippet:-1, max-image-preview:large, max-video-preview:-1\" \/>\n<link rel=\"canonical\" href=\"https:\/\/schlammtrocknung.com\/tr\/hizmetler\/kanalizasyon-camuru-ayristirma-kuecuek-kanalizasyon-aritma-tesisleri\/\" \/>\n<meta property=\"og:locale\" content=\"tr_TR\" \/>\n<meta property=\"og:type\" content=\"article\" \/>\n<meta property=\"og:title\" content=\"Kanalizasyon \u00e7amuru ay\u0131rma k\u00fc\u00e7\u00fck kanalizasyon ar\u0131tma tesisi | michel \u00c7AMUR KURUTMA S\u0130STEMLER\u0130\" \/>\n<meta property=\"og:description\" content=\"K\u00fc\u00e7\u00fck at\u0131k su ar\u0131tma tesisinizdeki ar\u0131tma \u00e7amurunun bertaraf\u0131n\u0131 profesyonel ellere b\u0131rak\u0131n!\" \/>\n<meta property=\"og:url\" content=\"https:\/\/schlammtrocknung.com\/tr\/hizmetler\/kanalizasyon-camuru-ayristirma-kuecuek-kanalizasyon-aritma-tesisleri\/\" \/>\n<meta property=\"og:site_name\" content=\"Schlammtrocknung \u2013 michel SLUDGE DRYING SYSTEM\" \/>\n<meta property=\"article:modified_time\" content=\"2025-06-18T11:04:47+00:00\" \/>\n<meta name=\"twitter:card\" content=\"summary_large_image\" \/>\n<meta name=\"twitter:label1\" content=\"Tahmini okuma s\u00fcresi\" \/>\n\t<meta name=\"twitter:data1\" content=\"5 dakika\" \/>\n<script type=\"application\/ld+json\" class=\"yoast-schema-graph\">{\"@context\":\"https:\\\/\\\/schema.org\",\"@graph\":[{\"@type\":\"WebPage\",\"@id\":\"https:\\\/\\\/schlammtrocknung.com\\\/tr\\\/hizmetler\\\/kanalizasyon-camuru-ayristirma-kuecuek-kanalizasyon-aritma-tesisleri\\\/\",\"url\":\"https:\\\/\\\/schlammtrocknung.com\\\/tr\\\/hizmetler\\\/kanalizasyon-camuru-ayristirma-kuecuek-kanalizasyon-aritma-tesisleri\\\/\",\"name\":\"Kanalizasyon \u00e7amuru ay\u0131rma k\u00fc\u00e7\u00fck kanalizasyon ar\u0131tma tesisi | michel \u00c7AMUR KURUTMA S\u0130STEMLER\u0130\",\"isPartOf\":{\"@id\":\"https:\\\/\\\/schlammtrocknung.com\\\/#website\"},\"datePublished\":\"2025-02-24T15:48:44+00:00\",\"dateModified\":\"2025-06-18T11:04:47+00:00\",\"description\":\"K\u00fc\u00e7\u00fck at\u0131k su ar\u0131tma tesisinizdeki ar\u0131tma \u00e7amurunun bertaraf\u0131n\u0131 profesyonel ellere b\u0131rak\u0131n!\",\"breadcrumb\":{\"@id\":\"https:\\\/\\\/schlammtrocknung.com\\\/tr\\\/hizmetler\\\/kanalizasyon-camuru-ayristirma-kuecuek-kanalizasyon-aritma-tesisleri\\\/#breadcrumb\"},\"inLanguage\":\"tr\",\"potentialAction\":[{\"@type\":\"ReadAction\",\"target\":[\"https:\\\/\\\/schlammtrocknung.com\\\/tr\\\/hizmetler\\\/kanalizasyon-camuru-ayristirma-kuecuek-kanalizasyon-aritma-tesisleri\\\/\"]}]},{\"@type\":\"BreadcrumbList\",\"@id\":\"https:\\\/\\\/schlammtrocknung.com\\\/tr\\\/hizmetler\\\/kanalizasyon-camuru-ayristirma-kuecuek-kanalizasyon-aritma-tesisleri\\\/#breadcrumb\",\"itemListElement\":[{\"@type\":\"ListItem\",\"position\":1,\"name\":\"Startseite\",\"item\":\"https:\\\/\\\/schlammtrocknung.com\\\/tr\\\/ana-sayfa\\\/\"},{\"@type\":\"ListItem\",\"position\":2,\"name\":\"Hizmetler\",\"item\":\"https:\\\/\\\/schlammtrocknung.com\\\/tr\\\/hizmetler\\\/\"},{\"@type\":\"ListItem\",\"position\":3,\"name\":\"Kanalizasyon \u00e7amuru ayr\u0131\u015ft\u0131rma K\u00fc\u00e7\u00fck kanalizasyon ar\u0131tma tesisleri\"}]},{\"@type\":\"WebSite\",\"@id\":\"https:\\\/\\\/schlammtrocknung.com\\\/#website\",\"url\":\"https:\\\/\\\/schlammtrocknung.com\\\/\",\"name\":\"Schlammtrocknung | SDS - Schlammtrocknung\",\"description\":\"Schlamm- L\u00f6sungen f\u00fcr Kl\u00e4rwerke, Industrie und Umwelt\",\"publisher\":{\"@id\":\"https:\\\/\\\/schlammtrocknung.com\\\/#organization\"},\"potentialAction\":[{\"@type\":\"SearchAction\",\"target\":{\"@type\":\"EntryPoint\",\"urlTemplate\":\"https:\\\/\\\/schlammtrocknung.com\\\/?s={search_term_string}\"},\"query-input\":{\"@type\":\"PropertyValueSpecification\",\"valueRequired\":true,\"valueName\":\"search_term_string\"}}],\"inLanguage\":\"tr\"},{\"@type\":\"Organization\",\"@id\":\"https:\\\/\\\/schlammtrocknung.com\\\/#organization\",\"name\":\"Schlammtrocknung | SDS - Schlammtrocknung\",\"url\":\"https:\\\/\\\/schlammtrocknung.com\\\/\",\"logo\":{\"@type\":\"ImageObject\",\"inLanguage\":\"tr\",\"@id\":\"https:\\\/\\\/schlammtrocknung.com\\\/#\\\/schema\\\/logo\\\/image\\\/\",\"url\":\"https:\\\/\\\/schlammtrocknung.com\\\/wp-content\\\/uploads\\\/2023\\\/02\\\/logo_sds-1.png\",\"contentUrl\":\"https:\\\/\\\/schlammtrocknung.com\\\/wp-content\\\/uploads\\\/2023\\\/02\\\/logo_sds-1.png\",\"width\":697,\"height\":187,\"caption\":\"Schlammtrocknung | SDS - Schlammtrocknung\"},\"image\":{\"@id\":\"https:\\\/\\\/schlammtrocknung.com\\\/#\\\/schema\\\/logo\\\/image\\\/\"}}]}<\/script>\n<!-- \/ Yoast SEO plugin. -->","yoast_head_json":{"title":"Kanalizasyon \u00e7amuru ay\u0131rma k\u00fc\u00e7\u00fck kanalizasyon ar\u0131tma tesisi | michel \u00c7AMUR KURUTMA S\u0130STEMLER\u0130","description":"K\u00fc\u00e7\u00fck at\u0131k su ar\u0131tma tesisinizdeki ar\u0131tma \u00e7amurunun bertaraf\u0131n\u0131 profesyonel ellere b\u0131rak\u0131n!","robots":{"index":"index","follow":"follow","max-snippet":"max-snippet:-1","max-image-preview":"max-image-preview:large","max-video-preview":"max-video-preview:-1"},"canonical":"https:\/\/schlammtrocknung.com\/tr\/hizmetler\/kanalizasyon-camuru-ayristirma-kuecuek-kanalizasyon-aritma-tesisleri\/","og_locale":"tr_TR","og_type":"article","og_title":"Kanalizasyon \u00e7amuru ay\u0131rma k\u00fc\u00e7\u00fck kanalizasyon ar\u0131tma tesisi | michel \u00c7AMUR KURUTMA S\u0130STEMLER\u0130","og_description":"K\u00fc\u00e7\u00fck at\u0131k su ar\u0131tma tesisinizdeki ar\u0131tma \u00e7amurunun bertaraf\u0131n\u0131 profesyonel ellere b\u0131rak\u0131n!","og_url":"https:\/\/schlammtrocknung.com\/tr\/hizmetler\/kanalizasyon-camuru-ayristirma-kuecuek-kanalizasyon-aritma-tesisleri\/","og_site_name":"Schlammtrocknung \u2013 michel SLUDGE DRYING SYSTEM","article_modified_time":"2025-06-18T11:04:47+00:00","twitter_card":"summary_large_image","twitter_misc":{"Tahmini okuma s\u00fcresi":"5 dakika"},"schema":{"@context":"https:\/\/schema.org","@graph":[{"@type":"WebPage","@id":"https:\/\/schlammtrocknung.com\/tr\/hizmetler\/kanalizasyon-camuru-ayristirma-kuecuek-kanalizasyon-aritma-tesisleri\/","url":"https:\/\/schlammtrocknung.com\/tr\/hizmetler\/kanalizasyon-camuru-ayristirma-kuecuek-kanalizasyon-aritma-tesisleri\/","name":"Kanalizasyon \u00e7amuru ay\u0131rma k\u00fc\u00e7\u00fck kanalizasyon ar\u0131tma tesisi | michel \u00c7AMUR KURUTMA S\u0130STEMLER\u0130","isPartOf":{"@id":"https:\/\/schlammtrocknung.com\/#website"},"datePublished":"2025-02-24T15:48:44+00:00","dateModified":"2025-06-18T11:04:47+00:00","description":"K\u00fc\u00e7\u00fck at\u0131k su ar\u0131tma tesisinizdeki ar\u0131tma \u00e7amurunun bertaraf\u0131n\u0131 profesyonel ellere b\u0131rak\u0131n!","breadcrumb":{"@id":"https:\/\/schlammtrocknung.com\/tr\/hizmetler\/kanalizasyon-camuru-ayristirma-kuecuek-kanalizasyon-aritma-tesisleri\/#breadcrumb"},"inLanguage":"tr","potentialAction":[{"@type":"ReadAction","target":["https:\/\/schlammtrocknung.com\/tr\/hizmetler\/kanalizasyon-camuru-ayristirma-kuecuek-kanalizasyon-aritma-tesisleri\/"]}]},{"@type":"BreadcrumbList","@id":"https:\/\/schlammtrocknung.com\/tr\/hizmetler\/kanalizasyon-camuru-ayristirma-kuecuek-kanalizasyon-aritma-tesisleri\/#breadcrumb","itemListElement":[{"@type":"ListItem","position":1,"name":"Startseite","item":"https:\/\/schlammtrocknung.com\/tr\/ana-sayfa\/"},{"@type":"ListItem","position":2,"name":"Hizmetler","item":"https:\/\/schlammtrocknung.com\/tr\/hizmetler\/"},{"@type":"ListItem","position":3,"name":"Kanalizasyon \u00e7amuru ayr\u0131\u015ft\u0131rma K\u00fc\u00e7\u00fck kanalizasyon ar\u0131tma tesisleri"}]},{"@type":"WebSite","@id":"https:\/\/schlammtrocknung.com\/#website","url":"https:\/\/schlammtrocknung.com\/","name":"Schlammtrocknung | SDS - Schlammtrocknung","description":"Schlamm- L\u00f6sungen f\u00fcr Kl\u00e4rwerke, Industrie und Umwelt","publisher":{"@id":"https:\/\/schlammtrocknung.com\/#organization"},"potentialAction":[{"@type":"SearchAction","target":{"@type":"EntryPoint","urlTemplate":"https:\/\/schlammtrocknung.com\/?s={search_term_string}"},"query-input":{"@type":"PropertyValueSpecification","valueRequired":true,"valueName":"search_term_string"}}],"inLanguage":"tr"},{"@type":"Organization","@id":"https:\/\/schlammtrocknung.com\/#organization","name":"Schlammtrocknung | SDS - Schlammtrocknung","url":"https:\/\/schlammtrocknung.com\/","logo":{"@type":"ImageObject","inLanguage":"tr","@id":"https:\/\/schlammtrocknung.com\/#\/schema\/logo\/image\/","url":"https:\/\/schlammtrocknung.com\/wp-content\/uploads\/2023\/02\/logo_sds-1.png","contentUrl":"https:\/\/schlammtrocknung.com\/wp-content\/uploads\/2023\/02\/logo_sds-1.png","width":697,"height":187,"caption":"Schlammtrocknung | SDS - Schlammtrocknung"},"image":{"@id":"https:\/\/schlammtrocknung.com\/#\/schema\/logo\/image\/"}}]}},"_links":{"self":[{"href":"https:\/\/schlammtrocknung.com\/tr\/wp-json\/wp\/v2\/pages\/2685","targetHints":{"allow":["GET"]}}],"collection":[{"href":"https:\/\/schlammtrocknung.com\/tr\/wp-json\/wp\/v2\/pages"}],"about":[{"href":"https:\/\/schlammtrocknung.com\/tr\/wp-json\/wp\/v2\/types\/page"}],"author":[{"embeddable":true,"href":"https:\/\/schlammtrocknung.com\/tr\/wp-json\/wp\/v2\/users\/1"}],"replies":[{"embeddable":true,"href":"https:\/\/schlammtrocknung.com\/tr\/wp-json\/wp\/v2\/comments?post=2685"}],"version-history":[{"count":3,"href":"https:\/\/schlammtrocknung.com\/tr\/wp-json\/wp\/v2\/pages\/2685\/revisions"}],"predecessor-version":[{"id":2818,"href":"https:\/\/schlammtrocknung.com\/tr\/wp-json\/wp\/v2\/pages\/2685\/revisions\/2818"}],"up":[{"embeddable":true,"href":"https:\/\/schlammtrocknung.com\/tr\/wp-json\/wp\/v2\/pages\/2799"}],"wp:attachment":[{"href":"https:\/\/schlammtrocknung.com\/tr\/wp-json\/wp\/v2\/media?parent=2685"}],"curies":[{"name":"wp","href":"https:\/\/api.w.org\/{rel}","templated":true}]}}