{"id":2752,"date":"2024-09-04T15:19:37","date_gmt":"2024-09-04T13:19:37","guid":{"rendered":"https:\/\/schlammtrocknung.com\/duesuek-sicaklikta-kurutucu\/"},"modified":"2025-06-18T13:01:32","modified_gmt":"2025-06-18T11:01:32","slug":"duesuek-sicaklikta-kurutucu","status":"publish","type":"page","link":"https:\/\/schlammtrocknung.com\/tr\/duesuek-sicaklikta-kurutucu\/","title":{"rendered":"D\u00fc\u015f\u00fck s\u0131cakl\u0131kta kurutucu"},"content":{"rendered":"<div class=\"wpb-content-wrapper\"><p>[vc_row content_placement=&#8221;top&#8221;][vc_column][vc_column_text]<\/p>\n<h1 style=\"text-align: center;\"><span style=\"color: #728d2a;\"><b>michel SLUDGE-DRYING-SYSTEMS&#8217;de d\u00fc\u015f\u00fck s\u0131cakl\u0131kl\u0131 kurutucular<\/b><\/span><\/h1>\n<p>[\/vc_column_text][vc_column_text]<\/p>\n<p style=\"text-align: center;\"><span style=\"font-weight: 400;\">Verimlili\u011finizi en \u00fcst d\u00fczeye \u00e7\u0131kar\u0131n <\/span><b>\u00e7amur kurutma<\/b><span style=\"font-weight: 400;\"> geli\u015fmi\u015f <\/span><b>d\u00fc\u015f\u00fck sicaklikli kurutucular<\/b><span style=\"font-weight: 400;\">  michel SLUDGE-DRYING-SYSTEMS, minimum enerji t\u00fcketimi ile optimum performans i\u00e7in geli\u015ftirilmi\u015ftir. Kurutma sistemlerimiz, \u00e7amur kurutmay\u0131 m\u00fcmk\u00fcn oldu\u011funca hassas hale getirmek i\u00e7in bu modern teknolojiyi kullan\u0131r. <\/span><\/p>\n<p>[\/vc_column_text][vc_empty_space height=&#8221;70px&#8221;][\/vc_column][\/vc_row][vc_row][vc_column][vc_column_text]<\/p>\n<h2 style=\"text-align: center;\"><span style=\"color: #728d2a;\">K\u00fc\u00e7\u00fck s\u0131cakl\u0131klar, b\u00fcy\u00fck etki<\/span><\/h2>\n<p style=\"text-align: center;\"><span style=\"font-weight: 400;\">D\u00fc\u015f\u00fck s\u0131cakl\u0131kl\u0131 bir kurutucu \u015fu s\u0131cakl\u0131klarda \u00e7al\u0131\u015f\u0131r <\/span><b>daha d\u00fc\u015f\u00fck s\u0131cakl\u0131klar<\/b><span style=\"font-weight: 400;\">kimyasal bile\u015fimini de\u011fi\u015ftirmeden veya zararl\u0131 emisyonlar \u00fcretmeden \u00e7amuru etkili bir \u015fekilde kurutmak i\u00e7in kullan\u0131l\u0131r. Bu teknoloji, \u00e7amurdaki nemi buharla\u015ft\u0131rmak i\u00e7in \u0131s\u0131y\u0131 kontroll\u00fc ve verimli bir \u015fekilde kullan\u0131r, bu da enerji gereksinimlerini \u00f6nemli \u00f6l\u00e7\u00fcde azalt\u0131r ve malzeme \u00fczerindeki termal y\u00fck\u00fc en aza indirir. <\/span><span style=\"color: #728d2a;\"><br \/>\n<\/span><\/p>\n<p>[\/vc_column_text][vc_empty_space height=&#8221;30px&#8221;][vc_column_text]<\/p>\n<h3 style=\"text-align: center;\"><span style=\"color: #728d2a;\">SDS \u00e7amur kurutma s\u00fcrecimizdeki d\u00fc\u015f\u00fck s\u0131cakl\u0131kl\u0131 kurutucu<\/span><\/h3>\n<p>[\/vc_column_text][\/vc_column][\/vc_row][vc_row][vc_column width=&#8221;1\/2&#8243;][vc_single_image image=&#8221;376&#8243; img_size=&#8221;600&#215;400&#8243;][vc_empty_space height=&#8221;70px&#8221;][\/vc_column][vc_column width=&#8221;1\/2&#8243;][vc_column_text]<span style=\"font-weight: 400;\">michel SLUDGE-DRYING-SYSTEMS mod\u00fcler \u00e7amur kurutma sistemleri i\u00e7in tedarik\u00e7idir. <\/span><b>mod\u00fcler \u00e7amur kurutma si\u0307stemleri\u0307<\/b><span style=\"font-weight: 400;\">\u00e7e\u015fitli boyutlarda mevcuttur ve bireysel m\u00fc\u015fteri gereksinimlerini kar\u015f\u0131lamak \u00fczere \u00f6zelle\u015ftirilebilir. Bu sistemler \u00e7amurdaki su i\u00e7eri\u011fini etkili bir \u015fekilde azalt\u0131rken ayn\u0131 zamanda \u00e7amurdaki su i\u00e7eri\u011fini de en aza indirecek \u015fekilde tasarlanm\u0131\u015ft\u0131r. <\/span> <b> Enerji t\u00fcketimini en aza indirin<\/b><span style=\"font-weight: 400;\">.<\/span><\/p>\n<p><span style=\"font-weight: 400;\">Hassas kurutma y\u00f6ntemlerinin tek bir sisteme entegre edilmesi, sorunsuz ve verimli \u00e7amur ar\u0131t\u0131m\u0131 sa\u011flar. <\/span><a href=\"http:\/\/schlammtrocknung.com\/leistungen\/schlammbehandlung\"><span style=\"font-weight: 400;\">\u00e7amur ar\u0131tma<\/span><\/a><span style=\"font-weight: 400;\"> Farkl\u0131 kurutma a\u015famalar\u0131 i\u00e7in ayr\u0131 makinelere ihtiya\u00e7 duymadan ba\u015ftan sona.<\/span>[\/vc_column_text][\/vc_column][\/vc_row][vc_row][vc_column][vc_column_text]<\/p>\n<h2 style=\"text-align: center;\"><span style=\"color: #728d2a;\"><b>Nazik ar\u0131tma: <\/b>michel&#8217;de \u00e7amur kurutma SLUDGE-DRYING-SYSTEMS<\/span><\/h2>\n<p>[\/vc_column_text][vc_toggle title=&#8221;\u00c7amur kurutma tesislerimizde d\u00fc\u015f\u00fck s\u0131cakl\u0131kl\u0131 kurutucular\u0131n kullan\u0131lmas\u0131 \u00e7ok say\u0131da avantaj sunmaktad\u0131r:&#8221; custom_font_container=&#8221;tag:h3|text_align:left&#8221; use_custom_heading=&#8221;true&#8221;]<span style=\"font-weight: 400;\">\u00c7amur kurutma sistemlerimizde d\u00fc\u015f\u00fck s\u0131cakl\u0131kl\u0131 kurutucular\u0131n kullan\u0131m\u0131 \u00e7ok say\u0131da avantaj sunar <\/span><b>avantajlar<\/b><span style=\"font-weight: 400;\">. <\/span> <span style=\"font-weight: 400;\">Azalan \u0131s\u0131 nedeniyle kurutma i\u015fleminde daha az enerji t\u00fcketilir. Bu sadece kurutma   <\/span><b>Enerji verimlili\u011fi<\/b><span style=\"font-weight: 400;\">ayn\u0131 zamanda maliyet tasarrufu da sa\u011flar. \u00c7evre ve c\u00fczdan\u0131n\u0131z\u0131n yan\u0131 s\u0131ra, hammadde ve \u00e7amur kurutman\u0131n potansiyel son \u00fcr\u00fcn\u00fc de korunur. <\/span><\/p>\n<p><span style=\"font-weight: 400;\">Avantajlar\u0131n\u0131 ke\u015ffedin <\/span><b>d\u00fc\u015f\u00fck s\u0131cakl\u0131kta kurutma<\/b><span style=\"font-weight: 400;\"> michel SLUDGE-DRYING-SYSTEMS ile ayr\u0131nt\u0131l\u0131 olarak:<\/span><\/p>\n<ul>\n<li style=\"font-weight: 400;\" aria-level=\"1\"><b>Enerji verimlili\u011fi:<\/b><span style=\"font-weight: 400;\"> Teknoloji, \u00e7amurdaki s\u0131v\u0131y\u0131 buharla\u015ft\u0131rmak i\u00e7in daha az \u0131s\u0131 gerekti\u011finden enerji t\u00fcketimini \u00f6nemli \u00f6l\u00e7\u00fcde azalt\u0131r.<\/span><\/li>\n<li style=\"font-weight: 400;\" aria-level=\"1\"><b>\u00c7evre dostu:<\/b><span style=\"font-weight: 400;\"> Sistemlerimiz hi\u00e7bir zararl\u0131 emisyon \u00fcretmez, CO\u2082 emisyonlar\u0131n\u0131 azalt\u0131r ve at\u0131k su sorunlar\u0131n\u0131 \u00f6nler, bu da onlar\u0131 \u00e7evre dostu bir se\u00e7im haline getirir.<\/span><\/li>\n<li style=\"font-weight: 400;\" aria-level=\"1\"><b>Maliyet tasarrufu:<\/b><span style=\"font-weight: 400;\">  Is\u0131 ve elektri\u011fin verimli kullan\u0131m\u0131 daha d\u00fc\u015f\u00fck i\u015fletme maliyetleri sa\u011flar. Ayr\u0131ca sistemin kompakt tasar\u0131m\u0131, ayr\u0131 bir \u00e7at\u0131 veya salon gerektirmedi\u011fi i\u00e7in yerden tasarruf sa\u011flar. <\/span><\/li>\n<li style=\"font-weight: 400;\" aria-level=\"1\"><b>Nazik i\u015flem:<\/b><span style=\"font-weight: 400;\"> D\u00fc\u015f\u00fck s\u0131cakl\u0131klarda kurutma i\u015flemi malzemenin yap\u0131\u015fmas\u0131n\u0131 \u00f6nler ve toz ve di\u011fer partik\u00fcllerin emisyonunu en aza indirir.<\/span><\/li>\n<li style=\"font-weight: 400;\" aria-level=\"1\"><b>\u00c7ok y\u00f6nl\u00fcl\u00fck:<\/b><span style=\"font-weight: 400;\"> \u00dcniteler \u00e7ok \u00e7e\u015fitli \u00e7amurlar i\u00e7in uygundur, bu da onlar\u0131 \u00e7e\u015fitli end\u00fcstriyel uygulamalar i\u00e7in esnek bir se\u00e7enek haline getirir.<\/span><\/li>\n<\/ul>\n<p>[\/vc_toggle][\/vc_column][\/vc_row][vc_row][vc_column][vc_empty_space height=&#8221;50px&#8221;][vc_cta h2=&#8221;\u00c7amur kurutma i\u015fleminize michel SLUDGE-DRYING-SYSTEMS ile ba\u015flay\u0131n&#8221; txt_align=&#8221;center&#8221; add_button=&#8221;bottom&#8221; btn_title=&#8221;Bize ula\u015f\u0131n!&#8221; btn_style=&#8221;gradient-custom&#8221; btn_gradient_custom_color_1=&#8221;#728d2a&#8221; btn_gradient_custom_color_2=&#8221;#728d2a&#8221; btn_align=&#8221;center&#8221; btn_link=&#8221;url:https%3A%2F%2Fschlammtrocknung.com%2Fkontakt%2F|title:Bize%20ula%C5%9F%C4%B1n|&#8221;]<\/p>\n<p style=\"text-align: center;\"><span style=\"font-weight: 400;\">\u00c7amur kurutma i\u015fleminiz i\u00e7in michel SLUDGE-DRYING-SYSTEMS&#8217;in yenilik\u00e7i teknolojisine g\u00fcvenin. \u00c7amur kurutma sistemlerimiz hakk\u0131nda daha fazla bilgi edinmek i\u00e7in bug\u00fcn bize ula\u015f\u0131n.   <\/span><span style=\"font-weight: 400;\">kurutma si\u0307stemleri\u0307<\/span><span style=\"font-weight: 400;\"> \u00fcretim s\u00fcre\u00e7lerinizi daha verimli ve \u00e7evre dostu hale getirin.<\/span><\/p>\n<p>[\/vc_cta][vc_empty_space height=&#8221;50px&#8221;][\/vc_column][\/vc_row][vc_row][vc_column][vc_column_text]<\/p>\n<h2 style=\"text-align: center;\"><span style=\"color: #728d2a;\">SSS &#8211; D\u00fc\u015f\u00fck s\u0131cakl\u0131kl\u0131 kurutucu hakk\u0131nda s\u0131k\u00e7a sorulan sorular<\/span><\/h2>\n<p>[\/vc_column_text][\/vc_column][\/vc_row][vc_row][vc_column][vc_toggle title=&#8221;D\u00fc\u015f\u00fck s\u0131cakl\u0131kl\u0131 bir kurutucunun avantajlar\u0131 nelerdir?&#8221;]<span style=\"font-weight: 400;\">D\u00fc\u015f\u00fck s\u0131cakl\u0131kl\u0131 bir kurutucu \u00e7amuru d\u00fc\u015f\u00fck s\u0131cakl\u0131klarda kurutur, bu da zararl\u0131 emisyonlar \u00fcretmeden enerji t\u00fcketimini en aza indirir.<\/span>[\/vc_toggle][vc_toggle title=&#8221;D\u00fc\u015f\u00fck s\u0131cakl\u0131kl\u0131 kurutucu \u00e7evre dostlu\u011funa nas\u0131l katk\u0131da bulunur?&#8221;]<span style=\"font-weight: 400;\">D\u00fc\u015f\u00fck s\u0131cakl\u0131klarda \u00e7al\u0131\u015fan d\u00fc\u015f\u00fck s\u0131cakl\u0131kl\u0131 kurutucular, enerji gereksinimlerini \u00f6nemli \u00f6l\u00e7\u00fcde azalt\u0131r ve zararl\u0131 emisyonlar\u0131 \u00f6nleyerek \u00e7amur kurutma i\u00e7in \u00e7evre dostu bir \u00e7\u00f6z\u00fcm haline gelir.<\/span>[\/vc_toggle][\/vc_column][\/vc_row]<\/p>\n<\/div>","protected":false},"excerpt":{"rendered":"<p>[vc_row content_placement=&#8221;top&#8221;][vc_column][vc_column_text] michel SLUDGE-DRYING-SYSTEMS&#8217;de d\u00fc\u015f\u00fck s\u0131cakl\u0131kl\u0131 kurutucular [\/vc_column_text][vc_column_text] Verimlili\u011finizi en \u00fcst d\u00fczeye \u00e7\u0131kar\u0131n \u00e7amur kurutma geli\u015fmi\u015f d\u00fc\u015f\u00fck sicaklikli kurutucular michel SLUDGE-DRYING-SYSTEMS, minimum enerji t\u00fcketimi ile optimum performans i\u00e7in geli\u015ftirilmi\u015ftir. Kurutma sistemlerimiz, \u00e7amur kurutmay\u0131 m\u00fcmk\u00fcn oldu\u011funca hassas hale getirmek i\u00e7in bu modern teknolojiyi kullan\u0131r. [\/vc_column_text][vc_empty_space height=&#8221;70px&#8221;][\/vc_column][\/vc_row][vc_row][vc_column][vc_column_text] K\u00fc\u00e7\u00fck s\u0131cakl\u0131klar, b\u00fcy\u00fck etki D\u00fc\u015f\u00fck s\u0131cakl\u0131kl\u0131 bir kurutucu \u015fu s\u0131cakl\u0131klarda&hellip;<\/p>\n","protected":false},"author":1,"featured_media":0,"parent":0,"menu_order":0,"comment_status":"closed","ping_status":"closed","template":"","meta":{"footnotes":""},"class_list":["post-2752","page","type-page","status-publish","hentry","description-off"],"yoast_head":"<!-- This site is optimized with the Yoast SEO plugin v27.3 - https:\/\/yoast.com\/product\/yoast-seo-wordpress\/ -->\n<title>D\u00fc\u015f\u00fck s\u0131cakl\u0131kta kurutucu | Michel \u00e7amur kurutma<\/title>\n<meta name=\"description\" content=\"Nazik \u00e7amur kurutma i\u00e7in michel SLUDGE-DRYING-SYSTEMS&#039;in d\u00fc\u015f\u00fck s\u0131cakl\u0131kl\u0131 kurutucular\u0131n\u0131 ke\u015ffedin.\" \/>\n<meta name=\"robots\" content=\"index, follow, max-snippet:-1, max-image-preview:large, max-video-preview:-1\" \/>\n<link rel=\"canonical\" href=\"https:\/\/schlammtrocknung.com\/tr\/duesuek-sicaklikta-kurutucu\/\" \/>\n<meta property=\"og:locale\" content=\"tr_TR\" \/>\n<meta property=\"og:type\" content=\"article\" \/>\n<meta property=\"og:title\" content=\"D\u00fc\u015f\u00fck s\u0131cakl\u0131kta kurutucu | Michel \u00e7amur kurutma\" \/>\n<meta property=\"og:description\" content=\"Nazik \u00e7amur kurutma i\u00e7in michel SLUDGE-DRYING-SYSTEMS&#039;in d\u00fc\u015f\u00fck s\u0131cakl\u0131kl\u0131 kurutucular\u0131n\u0131 ke\u015ffedin.\" \/>\n<meta property=\"og:url\" content=\"https:\/\/schlammtrocknung.com\/tr\/duesuek-sicaklikta-kurutucu\/\" \/>\n<meta property=\"og:site_name\" content=\"Schlammtrocknung \u2013 michel SLUDGE DRYING SYSTEM\" \/>\n<meta property=\"article:modified_time\" content=\"2025-06-18T11:01:32+00:00\" \/>\n<meta name=\"twitter:card\" content=\"summary_large_image\" \/>\n<meta name=\"twitter:label1\" content=\"Tahmini okuma s\u00fcresi\" \/>\n\t<meta name=\"twitter:data1\" content=\"4 dakika\" \/>\n<script type=\"application\/ld+json\" class=\"yoast-schema-graph\">{\"@context\":\"https:\\\/\\\/schema.org\",\"@graph\":[{\"@type\":\"WebPage\",\"@id\":\"https:\\\/\\\/schlammtrocknung.com\\\/tr\\\/duesuek-sicaklikta-kurutucu\\\/\",\"url\":\"https:\\\/\\\/schlammtrocknung.com\\\/tr\\\/duesuek-sicaklikta-kurutucu\\\/\",\"name\":\"D\u00fc\u015f\u00fck s\u0131cakl\u0131kta kurutucu | Michel \u00e7amur kurutma\",\"isPartOf\":{\"@id\":\"https:\\\/\\\/schlammtrocknung.com\\\/#website\"},\"datePublished\":\"2024-09-04T13:19:37+00:00\",\"dateModified\":\"2025-06-18T11:01:32+00:00\",\"description\":\"Nazik \u00e7amur kurutma i\u00e7in michel SLUDGE-DRYING-SYSTEMS'in d\u00fc\u015f\u00fck s\u0131cakl\u0131kl\u0131 kurutucular\u0131n\u0131 ke\u015ffedin.\",\"breadcrumb\":{\"@id\":\"https:\\\/\\\/schlammtrocknung.com\\\/tr\\\/duesuek-sicaklikta-kurutucu\\\/#breadcrumb\"},\"inLanguage\":\"tr\",\"potentialAction\":[{\"@type\":\"ReadAction\",\"target\":[\"https:\\\/\\\/schlammtrocknung.com\\\/tr\\\/duesuek-sicaklikta-kurutucu\\\/\"]}]},{\"@type\":\"BreadcrumbList\",\"@id\":\"https:\\\/\\\/schlammtrocknung.com\\\/tr\\\/duesuek-sicaklikta-kurutucu\\\/#breadcrumb\",\"itemListElement\":[{\"@type\":\"ListItem\",\"position\":1,\"name\":\"Startseite\",\"item\":\"https:\\\/\\\/schlammtrocknung.com\\\/tr\\\/ana-sayfa\\\/\"},{\"@type\":\"ListItem\",\"position\":2,\"name\":\"D\u00fc\u015f\u00fck s\u0131cakl\u0131kta kurutucu\"}]},{\"@type\":\"WebSite\",\"@id\":\"https:\\\/\\\/schlammtrocknung.com\\\/#website\",\"url\":\"https:\\\/\\\/schlammtrocknung.com\\\/\",\"name\":\"Schlammtrocknung | SDS - Schlammtrocknung\",\"description\":\"Schlamm- L\u00f6sungen f\u00fcr Kl\u00e4rwerke, Industrie und Umwelt\",\"publisher\":{\"@id\":\"https:\\\/\\\/schlammtrocknung.com\\\/#organization\"},\"potentialAction\":[{\"@type\":\"SearchAction\",\"target\":{\"@type\":\"EntryPoint\",\"urlTemplate\":\"https:\\\/\\\/schlammtrocknung.com\\\/?s={search_term_string}\"},\"query-input\":{\"@type\":\"PropertyValueSpecification\",\"valueRequired\":true,\"valueName\":\"search_term_string\"}}],\"inLanguage\":\"tr\"},{\"@type\":\"Organization\",\"@id\":\"https:\\\/\\\/schlammtrocknung.com\\\/#organization\",\"name\":\"Schlammtrocknung | SDS - Schlammtrocknung\",\"url\":\"https:\\\/\\\/schlammtrocknung.com\\\/\",\"logo\":{\"@type\":\"ImageObject\",\"inLanguage\":\"tr\",\"@id\":\"https:\\\/\\\/schlammtrocknung.com\\\/#\\\/schema\\\/logo\\\/image\\\/\",\"url\":\"https:\\\/\\\/schlammtrocknung.com\\\/wp-content\\\/uploads\\\/2023\\\/02\\\/logo_sds-1.png\",\"contentUrl\":\"https:\\\/\\\/schlammtrocknung.com\\\/wp-content\\\/uploads\\\/2023\\\/02\\\/logo_sds-1.png\",\"width\":697,\"height\":187,\"caption\":\"Schlammtrocknung | SDS - Schlammtrocknung\"},\"image\":{\"@id\":\"https:\\\/\\\/schlammtrocknung.com\\\/#\\\/schema\\\/logo\\\/image\\\/\"}}]}<\/script>\n<!-- \/ Yoast SEO plugin. -->","yoast_head_json":{"title":"D\u00fc\u015f\u00fck s\u0131cakl\u0131kta kurutucu | Michel \u00e7amur kurutma","description":"Nazik \u00e7amur kurutma i\u00e7in michel SLUDGE-DRYING-SYSTEMS'in d\u00fc\u015f\u00fck s\u0131cakl\u0131kl\u0131 kurutucular\u0131n\u0131 ke\u015ffedin.","robots":{"index":"index","follow":"follow","max-snippet":"max-snippet:-1","max-image-preview":"max-image-preview:large","max-video-preview":"max-video-preview:-1"},"canonical":"https:\/\/schlammtrocknung.com\/tr\/duesuek-sicaklikta-kurutucu\/","og_locale":"tr_TR","og_type":"article","og_title":"D\u00fc\u015f\u00fck s\u0131cakl\u0131kta kurutucu | Michel \u00e7amur kurutma","og_description":"Nazik \u00e7amur kurutma i\u00e7in michel SLUDGE-DRYING-SYSTEMS'in d\u00fc\u015f\u00fck s\u0131cakl\u0131kl\u0131 kurutucular\u0131n\u0131 ke\u015ffedin.","og_url":"https:\/\/schlammtrocknung.com\/tr\/duesuek-sicaklikta-kurutucu\/","og_site_name":"Schlammtrocknung \u2013 michel SLUDGE DRYING SYSTEM","article_modified_time":"2025-06-18T11:01:32+00:00","twitter_card":"summary_large_image","twitter_misc":{"Tahmini okuma s\u00fcresi":"4 dakika"},"schema":{"@context":"https:\/\/schema.org","@graph":[{"@type":"WebPage","@id":"https:\/\/schlammtrocknung.com\/tr\/duesuek-sicaklikta-kurutucu\/","url":"https:\/\/schlammtrocknung.com\/tr\/duesuek-sicaklikta-kurutucu\/","name":"D\u00fc\u015f\u00fck s\u0131cakl\u0131kta kurutucu | Michel \u00e7amur kurutma","isPartOf":{"@id":"https:\/\/schlammtrocknung.com\/#website"},"datePublished":"2024-09-04T13:19:37+00:00","dateModified":"2025-06-18T11:01:32+00:00","description":"Nazik \u00e7amur kurutma i\u00e7in michel SLUDGE-DRYING-SYSTEMS'in d\u00fc\u015f\u00fck s\u0131cakl\u0131kl\u0131 kurutucular\u0131n\u0131 ke\u015ffedin.","breadcrumb":{"@id":"https:\/\/schlammtrocknung.com\/tr\/duesuek-sicaklikta-kurutucu\/#breadcrumb"},"inLanguage":"tr","potentialAction":[{"@type":"ReadAction","target":["https:\/\/schlammtrocknung.com\/tr\/duesuek-sicaklikta-kurutucu\/"]}]},{"@type":"BreadcrumbList","@id":"https:\/\/schlammtrocknung.com\/tr\/duesuek-sicaklikta-kurutucu\/#breadcrumb","itemListElement":[{"@type":"ListItem","position":1,"name":"Startseite","item":"https:\/\/schlammtrocknung.com\/tr\/ana-sayfa\/"},{"@type":"ListItem","position":2,"name":"D\u00fc\u015f\u00fck s\u0131cakl\u0131kta kurutucu"}]},{"@type":"WebSite","@id":"https:\/\/schlammtrocknung.com\/#website","url":"https:\/\/schlammtrocknung.com\/","name":"Schlammtrocknung | SDS - Schlammtrocknung","description":"Schlamm- L\u00f6sungen f\u00fcr Kl\u00e4rwerke, Industrie und Umwelt","publisher":{"@id":"https:\/\/schlammtrocknung.com\/#organization"},"potentialAction":[{"@type":"SearchAction","target":{"@type":"EntryPoint","urlTemplate":"https:\/\/schlammtrocknung.com\/?s={search_term_string}"},"query-input":{"@type":"PropertyValueSpecification","valueRequired":true,"valueName":"search_term_string"}}],"inLanguage":"tr"},{"@type":"Organization","@id":"https:\/\/schlammtrocknung.com\/#organization","name":"Schlammtrocknung | SDS - Schlammtrocknung","url":"https:\/\/schlammtrocknung.com\/","logo":{"@type":"ImageObject","inLanguage":"tr","@id":"https:\/\/schlammtrocknung.com\/#\/schema\/logo\/image\/","url":"https:\/\/schlammtrocknung.com\/wp-content\/uploads\/2023\/02\/logo_sds-1.png","contentUrl":"https:\/\/schlammtrocknung.com\/wp-content\/uploads\/2023\/02\/logo_sds-1.png","width":697,"height":187,"caption":"Schlammtrocknung | SDS - Schlammtrocknung"},"image":{"@id":"https:\/\/schlammtrocknung.com\/#\/schema\/logo\/image\/"}}]}},"_links":{"self":[{"href":"https:\/\/schlammtrocknung.com\/tr\/wp-json\/wp\/v2\/pages\/2752","targetHints":{"allow":["GET"]}}],"collection":[{"href":"https:\/\/schlammtrocknung.com\/tr\/wp-json\/wp\/v2\/pages"}],"about":[{"href":"https:\/\/schlammtrocknung.com\/tr\/wp-json\/wp\/v2\/types\/page"}],"author":[{"embeddable":true,"href":"https:\/\/schlammtrocknung.com\/tr\/wp-json\/wp\/v2\/users\/1"}],"replies":[{"embeddable":true,"href":"https:\/\/schlammtrocknung.com\/tr\/wp-json\/wp\/v2\/comments?post=2752"}],"version-history":[{"count":2,"href":"https:\/\/schlammtrocknung.com\/tr\/wp-json\/wp\/v2\/pages\/2752\/revisions"}],"predecessor-version":[{"id":2754,"href":"https:\/\/schlammtrocknung.com\/tr\/wp-json\/wp\/v2\/pages\/2752\/revisions\/2754"}],"wp:attachment":[{"href":"https:\/\/schlammtrocknung.com\/tr\/wp-json\/wp\/v2\/media?parent=2752"}],"curies":[{"name":"wp","href":"https:\/\/api.w.org\/{rel}","templated":true}]}}