{"id":2755,"date":"2024-09-04T13:12:33","date_gmt":"2024-09-04T11:12:33","guid":{"rendered":"https:\/\/schlammtrocknung.com\/camur-aritma\/"},"modified":"2025-06-18T13:04:47","modified_gmt":"2025-06-18T11:04:47","slug":"camur-aritma","status":"publish","type":"page","link":"https:\/\/schlammtrocknung.com\/tr\/hizmetler\/camur-aritma\/","title":{"rendered":"\u00c7amur ar\u0131tma"},"content":{"rendered":"<div class=\"wpb-content-wrapper\"><p>[vc_row content_placement=&#8221;top&#8221;][vc_column][vc_column_text]<\/p>\n<h1 style=\"text-align: center\"><span style=\"color: #728d2a\">Verimli \u00e7amur ar\u0131tma: michel \u00c7AMUR KURUTMA S\u0130STEMLER\u0130<\/span><\/h1>\n<p>[\/vc_column_text][vc_column_text]<\/p>\n<p style=\"text-align: center\"><span style=\"font-weight: 400\">End\u00fcstriyel bir at\u0131k \u00fcr\u00fcn olan \u00e7amuru de\u011ferli bir kayna\u011fa d\u00f6n\u00fc\u015ft\u00fcr\u00fcn <\/span><b>michel \u00c7AMUR KURUTMA S\u0130STEMLER\u0130<\/b><span style=\"font-weight: 400\">verimli i\u015f orta\u011f\u0131n\u0131z <\/span><b>\u00e7amur ar\u0131tma<\/b><span style=\"font-weight: 400\">.<\/span><\/p>\n<p style=\"text-align: center\"><a href=\"https:\/\/schlammtrocknung.com\/tr\/bize-ulasin\/\">\u00d6zel \u00e7\u00f6z\u00fcmler talep edin!<\/a><\/p>\n<p>[\/vc_column_text][vc_empty_space height=&#8221;70px&#8221;][\/vc_column][\/vc_row][vc_row][vc_column width=&#8221;2\/3&#8243;][vc_column_text]<\/p>\n<h2><span style=\"color: #728d2a\">\u00c7amur ar\u0131tma &#8211; s\u00fcrd\u00fcr\u00fclebilir bir end\u00fcstri i\u00e7in b\u00fcy\u00fck potansiyel<\/span><\/h2>\n<p><span style=\"font-weight: 400\">End\u00fcstriyel, kentsel veya tar\u0131msal s\u00fcre\u00e7lerden kaynaklanan \u00e7amurun ar\u0131t\u0131lmas\u0131, \u00e7evreye verilen zarar\u0131 \u00f6nlemek, kaynaklar\u0131 geri d\u00f6n\u00fc\u015ft\u00fcrmek ve sa\u011fl\u0131k risklerini en aza indirmek i\u00e7in \u00e7ok \u00f6nemlidir. Ar\u0131t\u0131lm\u0131\u015f \u00e7amur \u00e7e\u015fitli \u015fekillerde kullan\u0131labilir   <\/span><b>yenilenebilir enerji kayna\u011f\u0131, <\/b><span style=\"font-weight: 400\">olarak<\/span><b> g\u00fcbre <\/b><span style=\"font-weight: 400\">toprak \u0131slah\u0131 i\u00e7in veya hammadde olarak <\/span><b>i\u0307n\u015faat sekt\u00f6r\u00fc<\/b><span style=\"font-weight: 400\">. <\/span> <\/p>\n<p><span style=\"font-weight: 400\">\u0130\u00e7inden <\/span><span style=\"font-weight: 400\">ilerici<\/span> <span style=\"font-weight: 400\">tedavi<\/span><span style=\"font-weight: 400\"> ve <\/span><a href=\"http:\/\/schlammtrocknung.com\/glossar\/wassergehalt\"><span style=\"font-weight: 400\">su i\u00e7eri\u011fi<\/span><\/a><span style=\"font-weight: 400\">  Bu da ta\u015f\u0131ma ve depolama maliyetlerini azalt\u0131r ve daha sonraki i\u015flemlerin verimlili\u011fini art\u0131r\u0131r. Bu s\u00fcrecin \u00f6nemli bir par\u00e7as\u0131 da   <\/span><b>\u00c7amur kurutma<\/b><span style=\"font-weight: 400\">.<\/span>[\/vc_column_text][vc_empty_space height=&#8221;70px&#8221;][\/vc_column][vc_column width=&#8221;1\/3&#8243;][vc_single_image image=&#8221;1219&#8243; img_size=&#8221;400&#215;400&#8243;][\/vc_column][\/vc_row][vc_row][vc_column width=&#8221;1\/2&#8243;][vc_single_image image=&#8221;376&#8243; img_size=&#8221;600&#215;660&#8243;][vc_empty_space height=&#8221;70px&#8221;][\/vc_column][vc_column width=&#8221;1\/2&#8243;][vc_column_text]<\/p>\n<h2><span style=\"color: #728d2a\">Bir bak\u0131\u015fta \u00e7amur ar\u0131tma prosesi<\/span><\/h2>\n<p><span style=\"font-weight: 400\">Kurutma ve i\u015fleme s\u0131ras\u0131nda, geri d\u00f6n\u00fc\u015ft\u00fcr\u00fclebilir malzeme \u00e7e\u015fitli i\u015flem ad\u0131mlar\u0131ndan ge\u00e7er:<\/span><\/p>\n<ol>\n<li style=\"font-weight: 400\"><b>\u00c7amurun \u00f6n ar\u0131t\u0131m\u0131:<\/b><span style=\"font-weight: 400\"> pH de\u011ferinin ayarlanmas\u0131 ve flok\u00fclantlar\u0131n eklenmesi<\/span><\/li>\n<li style=\"font-weight: 400\"><b>\u015eartland\u0131rma:<\/b><span style=\"font-weight: 400\"> Kurutma i\u00e7in fiziksel ve kimyasal \u00f6zelliklerin optimizasyonu<\/span><\/li>\n<li style=\"font-weight: 400\"><b>Kurutma:<\/b><span style=\"font-weight: 400\"> Nem azaltma i\u00e7in temasl\u0131 ve konveksiyonlu kurutma uygulamas\u0131<\/span><\/li>\n<\/ol>\n<p><span style=\"font-weight: 400\">michel SLUDGE-DRYING-SYSTEMS sistemleri, <a href=\"https:\/\/schlammtrocknung.com\/tr\/duesuek-sicaklikta-kurutucu\/\">d\u00fc\u015f\u00fck s\u0131cakl\u0131kta kurutma<\/a> gibi geli\u015fmi\u015f teknolojileri entegre eder<\/span><span style=\"font-weight: 400\">Bu da enerji t\u00fcketimini en aza indirir ve \u00e7evresel etkiyi azalt\u0131r. Sistemler mod\u00fcler bir tasar\u0131ma sahiptir ve \u00f6zel gereksinimleri ve \u00e7amur hacimlerini kar\u015f\u0131layacak \u015fekilde \u00f6zelle\u015ftirilerek esnek ve verimli \u00e7amur ar\u0131t\u0131m\u0131 sa\u011flar. <\/span>[\/vc_column_text][\/vc_column][\/vc_row][vc_row][vc_column width=&#8221;1\/2&#8243;][vc_column_text]<\/p>\n<h2><span style=\"color: #728d2a\">S\u00fcrd\u00fcr\u00fclebilir ve merkezi olmayan: \u00e7amur ar\u0131tmam\u0131z\u0131n avantajlar\u0131<\/span><\/h2>\n<p><b>michel \u00c7AMUR KURUTMA S\u0130STEMLER\u0130<\/b><span style=\"font-weight: 400\">  en son teknoloji ve makine m\u00fchendisli\u011finde y\u0131llar\u0131n deneyiminin birle\u015fimi sayesinde \u00e7amur ar\u0131tma tesisleri i\u00e7in benzersiz avantajlar sunar. En son teknolojilerin entegrasyonu enerji t\u00fcketimini en aza indirir, bu da sadece i\u015fletme maliyetlerini d\u00fc\u015f\u00fcrmekle kalmaz, ayn\u0131 zamanda \u00e7evresel etkiyi de azalt\u0131r.   <\/span><\/p>\n<p><span style=\"font-weight: 400\">Ayr\u0131ca, daha d\u00fc\u015f\u00fck emisyonlar sayesinde a\u015fa\u011f\u0131dakilere katk\u0131da bulunurlar <\/span><b>CO\u2082 azalt\u0131m\u0131 <\/b><span style=\"font-weight: 400\">ve hedeflerinize ula\u015fman\u0131zda sizi desteklemek <\/span><b>\u00e7evresel hedefler<\/b><span style=\"font-weight: 400\">  ba\u015farmak i\u00e7in. Sistemlerin esnekli\u011fi ve mod\u00fclerli\u011fi, a\u015fa\u011f\u0131dakilere uyarlanmalar\u0131na olanak tan\u0131r   <\/span><a href=\"http:\/\/schlammtrocknung.com\/leistungen\"><span style=\"font-weight: 400\">Farkl\u0131 \u00e7amur t\u00fcrleri<\/span><\/a><b> ve miktarlar <\/b><span style=\"font-weight: 400\">Bu da geni\u015f bir uygulama yelpazesi sa\u011flar. <\/span> <\/p>\n<p><span style=\"font-weight: 400\">Buna ek olarak, proses parametrelerinin dikkatli kontrol\u00fc ve optimizasyonu y\u00fcksek kaliteyi garanti eder. <\/span><b>KAL\u0130TE<\/b><span style=\"font-weight: 400\"> Bu da yeniden kullan\u0131m olanaklar\u0131n\u0131 iyile\u015ftirir ve \u00e7amur ar\u0131tman\u0131n ekonomik verimlili\u011fine daha fazla katk\u0131da bulunur.<\/span>[\/vc_column_text][\/vc_column][vc_column width=&#8221;1\/2&#8243;][vc_single_image image=&#8221;373&#8243; img_size=&#8221;600&#215;520&#8243;][vc_empty_space height=&#8221;70px&#8221;][\/vc_column][\/vc_row][vc_row][vc_column][vc_empty_space height=&#8221;50px&#8221;][\/vc_column][\/vc_row][vc_row][vc_column][vc_cta h2=&#8221;michel \u00e7amur kurutma si\u0307stemleri\u0307 i\u0307le \u00e7amurun yeni\u0307li\u0307k\u00e7i\u0307 aritimi&#8221; txt_align=&#8221;center&#8221; add_button=&#8221;bottom&#8221; btn_title=&#8221;Bize ula\u015f\u0131n!&#8221; btn_style=&#8221;gradient-custom&#8221; btn_gradient_custom_color_1=&#8221;#728d2a&#8221; btn_gradient_custom_color_2=&#8221;#728d2a&#8221; btn_align=&#8221;center&#8221; btn_link=&#8221;url:https%3A%2F%2Fschlammtrocknung.com%2Ftr%2Fbize-ulasin%2F|title:Bize%20ula%C5%9F%C4%B1n|&#8221;]<\/p>\n<p style=\"text-align: center\"><span style=\"font-weight: 400\">Geli\u015fmi\u015f teknolojisinden yararlan\u0131n <\/span><b>michel \u00c7AMUR KURUTMA S\u0130STEMLER\u0130<\/b><span style=\"font-weight: 400\">optimize etmek i\u00e7in <\/span><b>\u00e7amur ar\u0131tma<\/b><span style=\"font-weight: 400\"> \u00e7amur ar\u0131tman\u0131z\u0131 optimize edin ve ayn\u0131 zamanda \u00f6nemli bir <\/span><b>\u00e7evre koruma<\/b><span style=\"font-weight: 400\">  ger\u00e7ekle\u015ftirmek i\u00e7in. Ekibimiz size tam olarak ihtiya\u00e7lar\u0131n\u0131za g\u00f6re uyarlanm\u0131\u015f bir \u00e7\u00f6z\u00fcm sunmaya haz\u0131rd\u0131r. <\/span><\/p>\n<p>[\/vc_cta][vc_empty_space height=&#8221;50px&#8221;][\/vc_column][\/vc_row][vc_row][vc_column][vc_column_text]<\/p>\n<h2 style=\"text-align: center\"><span style=\"color: #728d2a\">SSS &#8211; \u00c7amur ar\u0131tma hakk\u0131nda s\u0131k\u00e7a sorulan sorular<\/span><\/h2>\n<p>[\/vc_column_text][\/vc_column][\/vc_row][vc_row][vc_column][vc_toggle title=&#8221;\u00c7amur ar\u0131t\u0131m\u0131 neden bu kadar \u00f6nemlidir?&#8221;]<span style=\"font-weight: 400\">End\u00fcstriyel \u00e7amurun ar\u0131t\u0131lmas\u0131, \u00e7evresel zarar\u0131n \u00f6nlenmesi, kaynaklar\u0131n geri d\u00f6n\u00fc\u015ft\u00fcr\u00fclmesi ve sa\u011fl\u0131k risklerinin azalt\u0131lmas\u0131 i\u00e7in gereklidir. \u00c7amurun enerji \u00fcretiminden toprak iyile\u015ftirmeye kadar \u00e7e\u015fitli alanlarda g\u00fcvenli ve verimli bir \u015fekilde yeniden kullan\u0131lmas\u0131n\u0131 sa\u011flar. <\/span>[\/vc_toggle][vc_toggle title=&#8221;\u00c7amur ar\u0131tman\u0131n avantajlar\u0131 nelerdir?&#8221;]<span style=\"font-weight: 400\">Y\u00fcksek kaliteli, modern bir \u00e7amur ar\u0131tma tesisi, enerji verimlili\u011fi sayesinde i\u015fletme maliyetlerini d\u00fc\u015f\u00fcr\u00fcr, \u00e7evre kirlili\u011fini azalt\u0131r ve farkl\u0131 \u00e7amur t\u00fcrleri ve miktarlar\u0131na esnek bir \u015fekilde uyum sa\u011flar. Bu da geli\u015fmi\u015f \u00e7amur kalitesi ve \u00e7ok \u00e7e\u015fitli geri d\u00f6n\u00fc\u015f\u00fcm se\u00e7enekleri gibi faydalar sa\u011flar. <\/span>[\/vc_toggle][\/vc_column][\/vc_row]<\/p>\n<\/div>","protected":false},"excerpt":{"rendered":"<p>[vc_row content_placement=&#8221;top&#8221;][vc_column][vc_column_text] Verimli \u00e7amur ar\u0131tma: michel \u00c7AMUR KURUTMA S\u0130STEMLER\u0130 [\/vc_column_text][vc_column_text] End\u00fcstriyel bir at\u0131k \u00fcr\u00fcn olan \u00e7amuru de\u011ferli bir kayna\u011fa d\u00f6n\u00fc\u015ft\u00fcr\u00fcn michel \u00c7AMUR KURUTMA S\u0130STEMLER\u0130verimli i\u015f orta\u011f\u0131n\u0131z \u00e7amur ar\u0131tma. \u00d6zel \u00e7\u00f6z\u00fcmler talep edin! [\/vc_column_text][vc_empty_space height=&#8221;70px&#8221;][\/vc_column][\/vc_row][vc_row][vc_column width=&#8221;2\/3&#8243;][vc_column_text] \u00c7amur ar\u0131tma &#8211; s\u00fcrd\u00fcr\u00fclebilir bir end\u00fcstri i\u00e7in b\u00fcy\u00fck potansiyel End\u00fcstriyel, kentsel veya tar\u0131msal s\u00fcre\u00e7lerden kaynaklanan \u00e7amurun ar\u0131t\u0131lmas\u0131, \u00e7evreye verilen zarar\u0131&hellip;<\/p>\n","protected":false},"author":1,"featured_media":0,"parent":2799,"menu_order":0,"comment_status":"closed","ping_status":"closed","template":"","meta":{"footnotes":""},"class_list":["post-2755","page","type-page","status-publish","hentry","description-off"],"yoast_head":"<!-- This site is optimized with the Yoast SEO plugin v27.3 - https:\/\/yoast.com\/product\/yoast-seo-wordpress\/ -->\n<title>\u00c7amur ar\u0131tma | Michel \u00c7amur kurutma<\/title>\n<meta name=\"description\" content=\"michel SLUDGE-DRYING-SYSTEMS&#039;in modern ve verimli sistemleri ile \u00e7amur ar\u0131tman\u0131z\u0131 optimize edin.\" \/>\n<meta name=\"robots\" content=\"index, follow, max-snippet:-1, max-image-preview:large, max-video-preview:-1\" \/>\n<link rel=\"canonical\" href=\"https:\/\/schlammtrocknung.com\/tr\/hizmetler\/camur-aritma\/\" \/>\n<meta property=\"og:locale\" content=\"tr_TR\" \/>\n<meta property=\"og:type\" content=\"article\" \/>\n<meta property=\"og:title\" content=\"\u00c7amur ar\u0131tma | Michel \u00c7amur kurutma\" \/>\n<meta property=\"og:description\" content=\"michel SLUDGE-DRYING-SYSTEMS&#039;in modern ve verimli sistemleri ile \u00e7amur ar\u0131tman\u0131z\u0131 optimize edin.\" \/>\n<meta property=\"og:url\" content=\"https:\/\/schlammtrocknung.com\/tr\/hizmetler\/camur-aritma\/\" \/>\n<meta property=\"og:site_name\" content=\"Schlammtrocknung \u2013 michel SLUDGE DRYING SYSTEM\" \/>\n<meta property=\"article:modified_time\" content=\"2025-06-18T11:04:47+00:00\" \/>\n<meta name=\"twitter:card\" content=\"summary_large_image\" \/>\n<meta name=\"twitter:label1\" content=\"Tahmini okuma s\u00fcresi\" \/>\n\t<meta name=\"twitter:data1\" content=\"4 dakika\" \/>\n<script type=\"application\/ld+json\" class=\"yoast-schema-graph\">{\"@context\":\"https:\\\/\\\/schema.org\",\"@graph\":[{\"@type\":\"WebPage\",\"@id\":\"https:\\\/\\\/schlammtrocknung.com\\\/tr\\\/hizmetler\\\/camur-aritma\\\/\",\"url\":\"https:\\\/\\\/schlammtrocknung.com\\\/tr\\\/hizmetler\\\/camur-aritma\\\/\",\"name\":\"\u00c7amur ar\u0131tma | Michel \u00c7amur kurutma\",\"isPartOf\":{\"@id\":\"https:\\\/\\\/schlammtrocknung.com\\\/#website\"},\"datePublished\":\"2024-09-04T11:12:33+00:00\",\"dateModified\":\"2025-06-18T11:04:47+00:00\",\"description\":\"michel SLUDGE-DRYING-SYSTEMS'in modern ve verimli sistemleri ile \u00e7amur ar\u0131tman\u0131z\u0131 optimize edin.\",\"breadcrumb\":{\"@id\":\"https:\\\/\\\/schlammtrocknung.com\\\/tr\\\/hizmetler\\\/camur-aritma\\\/#breadcrumb\"},\"inLanguage\":\"tr\",\"potentialAction\":[{\"@type\":\"ReadAction\",\"target\":[\"https:\\\/\\\/schlammtrocknung.com\\\/tr\\\/hizmetler\\\/camur-aritma\\\/\"]}]},{\"@type\":\"BreadcrumbList\",\"@id\":\"https:\\\/\\\/schlammtrocknung.com\\\/tr\\\/hizmetler\\\/camur-aritma\\\/#breadcrumb\",\"itemListElement\":[{\"@type\":\"ListItem\",\"position\":1,\"name\":\"Startseite\",\"item\":\"https:\\\/\\\/schlammtrocknung.com\\\/tr\\\/ana-sayfa\\\/\"},{\"@type\":\"ListItem\",\"position\":2,\"name\":\"Hizmetler\",\"item\":\"https:\\\/\\\/schlammtrocknung.com\\\/tr\\\/hizmetler\\\/\"},{\"@type\":\"ListItem\",\"position\":3,\"name\":\"\u00c7amur ar\u0131tma\"}]},{\"@type\":\"WebSite\",\"@id\":\"https:\\\/\\\/schlammtrocknung.com\\\/#website\",\"url\":\"https:\\\/\\\/schlammtrocknung.com\\\/\",\"name\":\"Schlammtrocknung | SDS - Schlammtrocknung\",\"description\":\"Schlamm- L\u00f6sungen f\u00fcr Kl\u00e4rwerke, Industrie und Umwelt\",\"publisher\":{\"@id\":\"https:\\\/\\\/schlammtrocknung.com\\\/#organization\"},\"potentialAction\":[{\"@type\":\"SearchAction\",\"target\":{\"@type\":\"EntryPoint\",\"urlTemplate\":\"https:\\\/\\\/schlammtrocknung.com\\\/?s={search_term_string}\"},\"query-input\":{\"@type\":\"PropertyValueSpecification\",\"valueRequired\":true,\"valueName\":\"search_term_string\"}}],\"inLanguage\":\"tr\"},{\"@type\":\"Organization\",\"@id\":\"https:\\\/\\\/schlammtrocknung.com\\\/#organization\",\"name\":\"Schlammtrocknung | SDS - Schlammtrocknung\",\"url\":\"https:\\\/\\\/schlammtrocknung.com\\\/\",\"logo\":{\"@type\":\"ImageObject\",\"inLanguage\":\"tr\",\"@id\":\"https:\\\/\\\/schlammtrocknung.com\\\/#\\\/schema\\\/logo\\\/image\\\/\",\"url\":\"https:\\\/\\\/schlammtrocknung.com\\\/wp-content\\\/uploads\\\/2023\\\/02\\\/logo_sds-1.png\",\"contentUrl\":\"https:\\\/\\\/schlammtrocknung.com\\\/wp-content\\\/uploads\\\/2023\\\/02\\\/logo_sds-1.png\",\"width\":697,\"height\":187,\"caption\":\"Schlammtrocknung | SDS - Schlammtrocknung\"},\"image\":{\"@id\":\"https:\\\/\\\/schlammtrocknung.com\\\/#\\\/schema\\\/logo\\\/image\\\/\"}}]}<\/script>\n<!-- \/ Yoast SEO plugin. -->","yoast_head_json":{"title":"\u00c7amur ar\u0131tma | Michel \u00c7amur kurutma","description":"michel SLUDGE-DRYING-SYSTEMS'in modern ve verimli sistemleri ile \u00e7amur ar\u0131tman\u0131z\u0131 optimize edin.","robots":{"index":"index","follow":"follow","max-snippet":"max-snippet:-1","max-image-preview":"max-image-preview:large","max-video-preview":"max-video-preview:-1"},"canonical":"https:\/\/schlammtrocknung.com\/tr\/hizmetler\/camur-aritma\/","og_locale":"tr_TR","og_type":"article","og_title":"\u00c7amur ar\u0131tma | Michel \u00c7amur kurutma","og_description":"michel SLUDGE-DRYING-SYSTEMS'in modern ve verimli sistemleri ile \u00e7amur ar\u0131tman\u0131z\u0131 optimize edin.","og_url":"https:\/\/schlammtrocknung.com\/tr\/hizmetler\/camur-aritma\/","og_site_name":"Schlammtrocknung \u2013 michel SLUDGE DRYING SYSTEM","article_modified_time":"2025-06-18T11:04:47+00:00","twitter_card":"summary_large_image","twitter_misc":{"Tahmini okuma s\u00fcresi":"4 dakika"},"schema":{"@context":"https:\/\/schema.org","@graph":[{"@type":"WebPage","@id":"https:\/\/schlammtrocknung.com\/tr\/hizmetler\/camur-aritma\/","url":"https:\/\/schlammtrocknung.com\/tr\/hizmetler\/camur-aritma\/","name":"\u00c7amur ar\u0131tma | Michel \u00c7amur kurutma","isPartOf":{"@id":"https:\/\/schlammtrocknung.com\/#website"},"datePublished":"2024-09-04T11:12:33+00:00","dateModified":"2025-06-18T11:04:47+00:00","description":"michel SLUDGE-DRYING-SYSTEMS'in modern ve verimli sistemleri ile \u00e7amur ar\u0131tman\u0131z\u0131 optimize edin.","breadcrumb":{"@id":"https:\/\/schlammtrocknung.com\/tr\/hizmetler\/camur-aritma\/#breadcrumb"},"inLanguage":"tr","potentialAction":[{"@type":"ReadAction","target":["https:\/\/schlammtrocknung.com\/tr\/hizmetler\/camur-aritma\/"]}]},{"@type":"BreadcrumbList","@id":"https:\/\/schlammtrocknung.com\/tr\/hizmetler\/camur-aritma\/#breadcrumb","itemListElement":[{"@type":"ListItem","position":1,"name":"Startseite","item":"https:\/\/schlammtrocknung.com\/tr\/ana-sayfa\/"},{"@type":"ListItem","position":2,"name":"Hizmetler","item":"https:\/\/schlammtrocknung.com\/tr\/hizmetler\/"},{"@type":"ListItem","position":3,"name":"\u00c7amur ar\u0131tma"}]},{"@type":"WebSite","@id":"https:\/\/schlammtrocknung.com\/#website","url":"https:\/\/schlammtrocknung.com\/","name":"Schlammtrocknung | SDS - Schlammtrocknung","description":"Schlamm- L\u00f6sungen f\u00fcr Kl\u00e4rwerke, Industrie und Umwelt","publisher":{"@id":"https:\/\/schlammtrocknung.com\/#organization"},"potentialAction":[{"@type":"SearchAction","target":{"@type":"EntryPoint","urlTemplate":"https:\/\/schlammtrocknung.com\/?s={search_term_string}"},"query-input":{"@type":"PropertyValueSpecification","valueRequired":true,"valueName":"search_term_string"}}],"inLanguage":"tr"},{"@type":"Organization","@id":"https:\/\/schlammtrocknung.com\/#organization","name":"Schlammtrocknung | SDS - Schlammtrocknung","url":"https:\/\/schlammtrocknung.com\/","logo":{"@type":"ImageObject","inLanguage":"tr","@id":"https:\/\/schlammtrocknung.com\/#\/schema\/logo\/image\/","url":"https:\/\/schlammtrocknung.com\/wp-content\/uploads\/2023\/02\/logo_sds-1.png","contentUrl":"https:\/\/schlammtrocknung.com\/wp-content\/uploads\/2023\/02\/logo_sds-1.png","width":697,"height":187,"caption":"Schlammtrocknung | SDS - Schlammtrocknung"},"image":{"@id":"https:\/\/schlammtrocknung.com\/#\/schema\/logo\/image\/"}}]}},"_links":{"self":[{"href":"https:\/\/schlammtrocknung.com\/tr\/wp-json\/wp\/v2\/pages\/2755","targetHints":{"allow":["GET"]}}],"collection":[{"href":"https:\/\/schlammtrocknung.com\/tr\/wp-json\/wp\/v2\/pages"}],"about":[{"href":"https:\/\/schlammtrocknung.com\/tr\/wp-json\/wp\/v2\/types\/page"}],"author":[{"embeddable":true,"href":"https:\/\/schlammtrocknung.com\/tr\/wp-json\/wp\/v2\/users\/1"}],"replies":[{"embeddable":true,"href":"https:\/\/schlammtrocknung.com\/tr\/wp-json\/wp\/v2\/comments?post=2755"}],"version-history":[{"count":3,"href":"https:\/\/schlammtrocknung.com\/tr\/wp-json\/wp\/v2\/pages\/2755\/revisions"}],"predecessor-version":[{"id":2817,"href":"https:\/\/schlammtrocknung.com\/tr\/wp-json\/wp\/v2\/pages\/2755\/revisions\/2817"}],"up":[{"embeddable":true,"href":"https:\/\/schlammtrocknung.com\/tr\/wp-json\/wp\/v2\/pages\/2799"}],"wp:attachment":[{"href":"https:\/\/schlammtrocknung.com\/tr\/wp-json\/wp\/v2\/media?parent=2755"}],"curies":[{"name":"wp","href":"https:\/\/api.w.org\/{rel}","templated":true}]}}