{"id":2759,"date":"2024-09-04T12:54:09","date_gmt":"2024-09-04T10:54:09","guid":{"rendered":"https:\/\/schlammtrocknung.com\/kagit-camuru-kurutma\/"},"modified":"2025-06-18T13:04:46","modified_gmt":"2025-06-18T11:04:46","slug":"kagit-camuru-kurutma","status":"publish","type":"page","link":"https:\/\/schlammtrocknung.com\/tr\/hizmetler\/kagit-camuru-kurutma\/","title":{"rendered":"Ka\u011f\u0131t \u00e7amuru kurutma"},"content":{"rendered":"<div class=\"wpb-content-wrapper\"><p>[vc_row content_placement=&#8221;top&#8221;][vc_column][vc_column_text]<\/p>\n<h1 style=\"text-align: center\"><span style=\"color: #728d2a\">Ka\u011f\u0131t \u00e7amurunun kurutulmas\u0131: at\u0131klar\u0131n de\u011ferlendirilmesi ve \u00e7evrenin korunmas\u0131<br \/>\n<\/span><\/h1>\n<p>[\/vc_column_text][vc_column_text]<\/p>\n<p style=\"text-align: center\"><span style=\"font-weight: 400\">Geli\u015fmi\u015f \u00e7\u00f6z\u00fcmleri kullan\u0131n <\/span><b>michel \u00c7AMUR KURUTMA S\u0130STEMLER\u0130<\/b><span style=\"font-weight: 400\"> \u00e7evre dostu ve verimli i\u00e7in <\/span><b>ka\u011f\u0131t \u00e7amuru kurutma<\/b><span style=\"font-weight: 400\">. Sistemlerimiz, \u00fcretim at\u0131klar\u0131n\u0131z\u0131n hacmini en aza indirmeyi ve bunlar\u0131 uygun \u015fekilde bertaraf etmeyi veya geri d\u00f6n\u00fc\u015ft\u00fcrmeyi m\u00fcmk\u00fcn k\u0131lar.<\/span><\/p>\n<p style=\"text-align: center\"><a href=\"https:\/\/schlammtrocknung.com\/tr\/bize-ulasin\/\">Daha fazlas\u0131n\u0131 \u00f6\u011frenin!<\/a><\/p>\n<p>[\/vc_column_text][vc_empty_space height=&#8221;50px&#8221;][\/vc_column][\/vc_row][vc_row][vc_column width=&#8221;2\/3&#8243;][vc_column_text]<\/p>\n<h2><span style=\"color: #728d2a\">Ka\u011f\u0131t \u00e7amurunu etkin bir \u015fekilde i\u015fleyin<br \/>\n<\/span><\/h2>\n<p>[\/vc_column_text][vc_message]<i><span style=\"font-weight: 400\">Ka\u011f\u0131t \u00e7amuru nedir?<\/span><\/i><\/p>\n<p><i><span style=\"font-weight: 400\">Ka\u011f\u0131t \u00e7amuru, ka\u011f\u0131t hamuru temizleme ve su filtreleme i\u015flemi s\u0131ras\u0131nda \u00fcretilen ka\u011f\u0131t \u00fcretiminin bir yan \u00fcr\u00fcn\u00fcd\u00fcr. Bu \u00e7amur esas olarak elyaf, dolgu maddeleri, kimyasallar ve sudan olu\u015fur.   <\/span><\/i>[\/vc_message][vc_column_text]<span style=\"font-weight: 400\">De\u011ferli organik maddeler i\u00e7ermesine ra\u011fmen <\/span><b>ka\u011f\u0131t \u00e7amuru<\/b><span style=\"font-weight: 400\"> uygun tedavi olmaks\u0131z\u0131n <\/span><b>bertaraf sorunu<\/b><span style=\"font-weight: 400\">  b\u00fcy\u00fck bir zorluktur. \u00c7amurun etkili bir \u015fekilde i\u015flenmesi ve kurutulmas\u0131, \u00e7evresel etkisini en aza indirmek ve i\u00e7erdi\u011fi hammaddelerin geri d\u00f6n\u00fc\u015f\u00fcm\u00fcn\u00fc en \u00fcst d\u00fczeye \u00e7\u0131karmak i\u00e7in \u00e7ok \u00f6nemlidir. <\/span>[\/vc_column_text][vc_empty_space height=&#8221;70px&#8221;][\/vc_column][\/vc_row][vc_row][vc_column width=&#8221;1\/2&#8243;][vc_single_image image=&#8221;1225&#8243; img_size=&#8221;full&#8221;][vc_empty_space height=&#8221;70px&#8221;][\/vc_column][vc_column width=&#8221;1\/2&#8243;][vc_column_text]<span style=\"font-weight: 400\">Sadece <\/span><b>ka\u011f\u0131t \u00e7amuru kurutma<\/b><span style=\"font-weight: 400\">  Bu da hacmini ve a\u011f\u0131rl\u0131\u011f\u0131n\u0131 azaltarak ta\u015f\u0131ma ve bertaraf maliyetlerini ve \u00e7evresel etkilerini en aza indirir. Kurutma \u00e7amuru stabilize ederek koku sal\u0131n\u0131m\u0131n\u0131 ve kirlenme riskini azalt\u0131r.   <\/span><\/p>\n<p><span style=\"font-weight: 400\"><a href=\"https:\/\/schlammtrocknung.com\/tr\/camur-kurutma-islemi\/\">Kurutma i\u015flemi<\/a> ayr\u0131ca elyaflar\u0131n ve dolgu maddelerinin ka\u011f\u0131t \u00fcretiminde veya di\u011fer end\u00fcstriyel uygulamalarda yeniden kullan\u0131lmak \u00fczere geri kazan\u0131lmas\u0131n\u0131 sa\u011flayarak yeni hammadde \u00e7\u0131karma ihtiyac\u0131n\u0131 azalt\u0131r ve do\u011fal kaynaklar\u0131n korunmas\u0131na yard\u0131mc\u0131 olur.<\/span>[\/vc_column_text][\/vc_column][\/vc_row][vc_row][vc_column width=&#8221;1\/2&#8243;][vc_column_text]<\/p>\n<h2><span style=\"color: #728d2a\">michel SLUDGE-DRYING-SYSTEMS ile geli\u015fmi\u015f ka\u011f\u0131t \u00e7amuru kurutma<\/span><\/h2>\n<p><span style=\"font-weight: 400\">michel SLUDGE-DRYING-SYSTEMS, ka\u011f\u0131t \u00e7amuru kurutma i\u00e7in geli\u015fmi\u015f bir teknoloji kullanmaktad\u0131r. <\/span><b>ka\u011f\u0131t \u00e7amuru kurutma<\/b><span style=\"font-weight: 400\">y\u00fcksek kalite sunan <\/span><b>enerji\u0307 veri\u0307mli\u0307li\u0307\u011fi\u0307<\/b><span style=\"font-weight: 400\">  ve d\u00fc\u015f\u00fck \u00e7evresel etki. Sistemlerimiz a\u015fa\u011f\u0131dakilerin bir kombinasyonunu kullan\u0131r   <\/span><b>Temasl\u0131 ve konveksiyonlu kurutma<\/b><span style=\"font-weight: 400\">Bu da e\u015fit ve verimli \u0131s\u0131 transferi sa\u011flar. <\/span> <\/p>\n<p><span style=\"font-weight: 400\">Bu sistem enerji maliyetlerini d\u00fc\u015f\u00fcrmek i\u00e7in d\u00fc\u015f\u00fck s\u0131cakl\u0131klarda \u00e7al\u0131\u015f\u0131r. Mod\u00fcler sistemler do\u011frudan sahada kurulabilir ve ka\u011f\u0131t \u00fcretim \u015firketlerinin farkl\u0131 hacim ve gereksinimlerini kar\u015f\u0131lamak i\u00e7in \u00e7e\u015fitli boyutlarda mevcuttur. <\/span>[\/vc_column_text][\/vc_column][vc_column width=&#8221;1\/2&#8243;][vc_single_image image=&#8221;373&#8243; img_size=&#8221;600&#215;480&#8243;][vc_empty_space height=&#8221;70px&#8221;][\/vc_column][\/vc_row][vc_row][vc_column width=&#8221;1\/2&#8243;][vc_single_image image=&#8221;371&#8243; img_size=&#8221;600&#215;550&#8243;][vc_empty_space height=&#8221;70px&#8221;][\/vc_column][vc_column width=&#8221;1\/2&#8243;][vc_column_text]<\/p>\n<h3><span style=\"color: #728d2a\">michel \u00e7amur kurutma si\u0307stemleri\u0307 i\u0307le ka\u011fit \u00e7amuru kurutmanin avantajlari<\/span><\/h3>\n<p><span style=\"font-weight: 400\">Ka\u011f\u0131t \u00e7amuru kurutmaya y\u00f6nelik \u00f6zel sistemlerin lider tedarik\u00e7isi olarak, \u00e7\u00f6z\u00fcmlerimizi tercih etmeniz i\u00e7in bir\u00e7ok iyi neden vard\u0131r:<\/span><\/p>\n<ul>\n<li style=\"font-weight: 400\"><b>Nakliye maliyeti yok: <\/b><span style=\"font-weight: 400\">Sistemlerimiz do\u011frudan sahada \u00e7al\u0131\u015f\u0131r ve i\u015flenmemi\u015f ka\u011f\u0131t \u00e7amurunun ek nakliyesini gereksiz hale getirir.<\/span><\/li>\n<li style=\"font-weight: 400\"><b>Azalt\u0131lm\u0131\u015f i\u015fletme maliyetleri:<\/b><span style=\"font-weight: 400\"> Verimli d\u00fc\u015f\u00fck s\u0131cakl\u0131kta kurutma sayesinde daha d\u00fc\u015f\u00fck enerji t\u00fcketiminden faydalan\u0131rs\u0131n\u0131z.<\/span><\/li>\n<li style=\"font-weight: 400\"><b>Yer tasarrufu sa\u011flar:<\/b><span style=\"font-weight: 400\"> \u00c7amur kurutma, ka\u011f\u0131t \u00e7amurunuzun hacmini ve dolay\u0131s\u0131yla depolama alan\u0131n\u0131z\u0131n boyutunu azalt\u0131r.<\/span><\/li>\n<li style=\"font-weight: 400\"><b>Geli\u015ftirilmi\u015f malzeme kalitesi:<\/b><span style=\"font-weight: 400\"> Nazik kurutma i\u015flemimiz, daha ileri end\u00fcstriyel uygulamalar i\u00e7in elyaf kalitesini korur.<\/span><\/li>\n<li style=\"font-weight: 400\"><b>Esneklik:<\/b><span style=\"font-weight: 400\"> \u00d6zelle\u015ftirilebilir sistemlerimiz farkl\u0131 \u00e7amur niteliklerine ve miktarlar\u0131na uyarlanabilir.<\/span><\/li>\n<\/ul>\n<p>[\/vc_column_text][\/vc_column][\/vc_row][vc_row][vc_column][vc_cta h2=&#8221;Hemen ileti\u015fime ge\u00e7in!&#8221; txt_align=&#8221;center&#8221; add_button=&#8221;bottom&#8221; btn_title=&#8221;Bize ula\u015f\u0131n!&#8221; btn_style=&#8221;gradient-custom&#8221; btn_gradient_custom_color_1=&#8221;#728d2a&#8221; btn_gradient_custom_color_2=&#8221;#728d2a&#8221; btn_align=&#8221;center&#8221; btn_link=&#8221;url:https%3A%2F%2Fschlammtrocknung.com%2Ftr%2Fbize-ulasin%2F|title:Bize%20ula%C5%9F%C4%B1n|&#8221;]<\/p>\n<p style=\"text-align: center\"><span style=\"font-weight: 400\">Geli\u015fmi\u015f \u00e7\u00f6z\u00fcmleri ile <\/span><b>michel \u00c7AMUR KURUTMA S\u0130STEMLER\u0130<\/b><span style=\"font-weight: 400\"> alan\u0131nda <\/span><b>ka\u011f\u0131t \u00e7amuru kurutma<\/b><span style=\"font-weight: 400\">  at\u0131klar\u0131n\u0131z\u0131 sadece profesyonelce bertaraf etmekle kalmaz, ayn\u0131 zamanda \u00e7evrenin korunmas\u0131na da aktif olarak katk\u0131da bulunabilirsiniz. Tesislerimiz ve \u00e7evresel hedeflerinize ula\u015fman\u0131za nas\u0131l yard\u0131mc\u0131 olabilece\u011fimiz hakk\u0131nda daha fazla bilgi edinmek i\u00e7in bug\u00fcn bize ula\u015f\u0131n. <\/span><\/p>\n<p>[\/vc_cta][vc_empty_space height=&#8221;50px&#8221;][\/vc_column][\/vc_row][vc_row][vc_column][vc_column_text]<\/p>\n<h2 style=\"text-align: center\"><span style=\"color: #728d2a\">SSS &#8211; Ka\u011f\u0131t \u00e7amuru kurutma hakk\u0131nda s\u0131k\u00e7a sorulan sorular<\/span><\/h2>\n<p>[\/vc_column_text][\/vc_column][\/vc_row][vc_row][vc_column][vc_toggle title=&#8221;Ka\u011f\u0131t \u00e7amuru nedir ve nas\u0131l \u00fcretilir?&#8221;]<span style=\"font-weight: 400\">Ka\u011f\u0131t \u00e7amuru, ka\u011f\u0131t \u00fcretiminin lifler, dolgu maddeleri ve kimyasallardan olu\u015fan bir yan \u00fcr\u00fcn\u00fcd\u00fcr. \u00dcretim s\u00fcrecinde ka\u011f\u0131t hamuru temizlendi\u011finde ve su filtrelendi\u011finde ortaya \u00e7\u0131kar. <\/span>[\/vc_toggle][vc_toggle title=&#8221;Ka\u011f\u0131t \u00e7amurunun kurutulmas\u0131 neden \u00f6nemlidir?&#8221;]<span style=\"font-weight: 400\">Kurutma, ka\u011f\u0131t \u00e7amurunun hacmini ve a\u011f\u0131rl\u0131\u011f\u0131n\u0131 azalt\u0131r, nakliye ve bertaraf maliyetlerini d\u00fc\u015f\u00fcr\u00fcr ve \u00e7evresel etkiyi en aza indirir. Ayr\u0131ca de\u011ferli liflerin ve dolgu maddelerinin geri kazan\u0131lmas\u0131n\u0131 ve yeniden kullan\u0131lmas\u0131n\u0131 sa\u011flar. <\/span>[\/vc_toggle][vc_toggle title=&#8221;Ka\u011f\u0131t \u00e7amuru kurutma nas\u0131l \u00e7al\u0131\u015f\u0131r?&#8221;]michel SLUDGE-DRYING-SYSTEMS, verimli ve enerji tasarrufu sa\u011flayan d\u00fc\u015f\u00fck s\u0131cakl\u0131klarda temasl\u0131 ve konveksiyonlu kurutma dahil olmak \u00fczere geli\u015fmi\u015f kurutma teknolojileri kullan\u0131r. Bu, \u00e7amurun su i\u00e7eri\u011fini ve dolay\u0131s\u0131yla hacmini de azalt\u0131r.[\/vc_toggle][\/vc_column][\/vc_row]<\/p>\n<\/div>","protected":false},"excerpt":{"rendered":"<p>[vc_row content_placement=&#8221;top&#8221;][vc_column][vc_column_text] Ka\u011f\u0131t \u00e7amurunun kurutulmas\u0131: at\u0131klar\u0131n de\u011ferlendirilmesi ve \u00e7evrenin korunmas\u0131 [\/vc_column_text][vc_column_text] Geli\u015fmi\u015f \u00e7\u00f6z\u00fcmleri kullan\u0131n michel \u00c7AMUR KURUTMA S\u0130STEMLER\u0130 \u00e7evre dostu ve verimli i\u00e7in ka\u011f\u0131t \u00e7amuru kurutma. Sistemlerimiz, \u00fcretim at\u0131klar\u0131n\u0131z\u0131n hacmini en aza indirmeyi ve bunlar\u0131 uygun \u015fekilde bertaraf etmeyi veya geri d\u00f6n\u00fc\u015ft\u00fcrmeyi m\u00fcmk\u00fcn k\u0131lar. Daha fazlas\u0131n\u0131 \u00f6\u011frenin! [\/vc_column_text][vc_empty_space height=&#8221;50px&#8221;][\/vc_column][\/vc_row][vc_row][vc_column width=&#8221;2\/3&#8243;][vc_column_text] Ka\u011f\u0131t \u00e7amurunu etkin bir \u015fekilde&hellip;<\/p>\n","protected":false},"author":1,"featured_media":0,"parent":2799,"menu_order":0,"comment_status":"closed","ping_status":"closed","template":"","meta":{"footnotes":""},"class_list":["post-2759","page","type-page","status-publish","hentry","description-off"],"yoast_head":"<!-- This site is optimized with the Yoast SEO plugin v27.3 - https:\/\/yoast.com\/product\/yoast-seo-wordpress\/ -->\n<title>Ka\u011f\u0131t \u00e7amuru kurutma | Michel \u00e7amuru kurutma<\/title>\n<meta name=\"description\" content=\"S\u00fcrd\u00fcr\u00fclebilir at\u0131k kullan\u0131m\u0131 i\u00e7in michel SLUDGE-DRYING-SYSTEMS&#039;in verimli ka\u011f\u0131t \u00e7amuru kurutma sistemini ke\u015ffedin.\" \/>\n<meta name=\"robots\" content=\"index, follow, max-snippet:-1, max-image-preview:large, max-video-preview:-1\" \/>\n<link rel=\"canonical\" href=\"https:\/\/schlammtrocknung.com\/tr\/hizmetler\/kagit-camuru-kurutma\/\" \/>\n<meta property=\"og:locale\" content=\"tr_TR\" \/>\n<meta property=\"og:type\" content=\"article\" \/>\n<meta property=\"og:title\" content=\"Ka\u011f\u0131t \u00e7amuru kurutma | Michel \u00e7amuru kurutma\" \/>\n<meta property=\"og:description\" content=\"S\u00fcrd\u00fcr\u00fclebilir at\u0131k kullan\u0131m\u0131 i\u00e7in michel SLUDGE-DRYING-SYSTEMS&#039;in verimli ka\u011f\u0131t \u00e7amuru kurutma sistemini ke\u015ffedin.\" \/>\n<meta property=\"og:url\" content=\"https:\/\/schlammtrocknung.com\/tr\/hizmetler\/kagit-camuru-kurutma\/\" \/>\n<meta property=\"og:site_name\" content=\"Schlammtrocknung \u2013 michel SLUDGE DRYING SYSTEM\" \/>\n<meta property=\"article:modified_time\" content=\"2025-06-18T11:04:46+00:00\" \/>\n<meta name=\"twitter:card\" content=\"summary_large_image\" \/>\n<meta name=\"twitter:label1\" content=\"Tahmini okuma s\u00fcresi\" \/>\n\t<meta name=\"twitter:data1\" content=\"5 dakika\" \/>\n<script type=\"application\/ld+json\" class=\"yoast-schema-graph\">{\"@context\":\"https:\\\/\\\/schema.org\",\"@graph\":[{\"@type\":\"WebPage\",\"@id\":\"https:\\\/\\\/schlammtrocknung.com\\\/tr\\\/hizmetler\\\/kagit-camuru-kurutma\\\/\",\"url\":\"https:\\\/\\\/schlammtrocknung.com\\\/tr\\\/hizmetler\\\/kagit-camuru-kurutma\\\/\",\"name\":\"Ka\u011f\u0131t \u00e7amuru kurutma | Michel \u00e7amuru kurutma\",\"isPartOf\":{\"@id\":\"https:\\\/\\\/schlammtrocknung.com\\\/#website\"},\"datePublished\":\"2024-09-04T10:54:09+00:00\",\"dateModified\":\"2025-06-18T11:04:46+00:00\",\"description\":\"S\u00fcrd\u00fcr\u00fclebilir at\u0131k kullan\u0131m\u0131 i\u00e7in michel SLUDGE-DRYING-SYSTEMS'in verimli ka\u011f\u0131t \u00e7amuru kurutma sistemini ke\u015ffedin.\",\"breadcrumb\":{\"@id\":\"https:\\\/\\\/schlammtrocknung.com\\\/tr\\\/hizmetler\\\/kagit-camuru-kurutma\\\/#breadcrumb\"},\"inLanguage\":\"tr\",\"potentialAction\":[{\"@type\":\"ReadAction\",\"target\":[\"https:\\\/\\\/schlammtrocknung.com\\\/tr\\\/hizmetler\\\/kagit-camuru-kurutma\\\/\"]}]},{\"@type\":\"BreadcrumbList\",\"@id\":\"https:\\\/\\\/schlammtrocknung.com\\\/tr\\\/hizmetler\\\/kagit-camuru-kurutma\\\/#breadcrumb\",\"itemListElement\":[{\"@type\":\"ListItem\",\"position\":1,\"name\":\"Startseite\",\"item\":\"https:\\\/\\\/schlammtrocknung.com\\\/tr\\\/ana-sayfa\\\/\"},{\"@type\":\"ListItem\",\"position\":2,\"name\":\"Hizmetler\",\"item\":\"https:\\\/\\\/schlammtrocknung.com\\\/tr\\\/hizmetler\\\/\"},{\"@type\":\"ListItem\",\"position\":3,\"name\":\"Ka\u011f\u0131t \u00e7amuru kurutma\"}]},{\"@type\":\"WebSite\",\"@id\":\"https:\\\/\\\/schlammtrocknung.com\\\/#website\",\"url\":\"https:\\\/\\\/schlammtrocknung.com\\\/\",\"name\":\"Schlammtrocknung | SDS - Schlammtrocknung\",\"description\":\"Schlamm- L\u00f6sungen f\u00fcr Kl\u00e4rwerke, Industrie und Umwelt\",\"publisher\":{\"@id\":\"https:\\\/\\\/schlammtrocknung.com\\\/#organization\"},\"potentialAction\":[{\"@type\":\"SearchAction\",\"target\":{\"@type\":\"EntryPoint\",\"urlTemplate\":\"https:\\\/\\\/schlammtrocknung.com\\\/?s={search_term_string}\"},\"query-input\":{\"@type\":\"PropertyValueSpecification\",\"valueRequired\":true,\"valueName\":\"search_term_string\"}}],\"inLanguage\":\"tr\"},{\"@type\":\"Organization\",\"@id\":\"https:\\\/\\\/schlammtrocknung.com\\\/#organization\",\"name\":\"Schlammtrocknung | SDS - Schlammtrocknung\",\"url\":\"https:\\\/\\\/schlammtrocknung.com\\\/\",\"logo\":{\"@type\":\"ImageObject\",\"inLanguage\":\"tr\",\"@id\":\"https:\\\/\\\/schlammtrocknung.com\\\/#\\\/schema\\\/logo\\\/image\\\/\",\"url\":\"https:\\\/\\\/schlammtrocknung.com\\\/wp-content\\\/uploads\\\/2023\\\/02\\\/logo_sds-1.png\",\"contentUrl\":\"https:\\\/\\\/schlammtrocknung.com\\\/wp-content\\\/uploads\\\/2023\\\/02\\\/logo_sds-1.png\",\"width\":697,\"height\":187,\"caption\":\"Schlammtrocknung | SDS - Schlammtrocknung\"},\"image\":{\"@id\":\"https:\\\/\\\/schlammtrocknung.com\\\/#\\\/schema\\\/logo\\\/image\\\/\"}}]}<\/script>\n<!-- \/ Yoast SEO plugin. -->","yoast_head_json":{"title":"Ka\u011f\u0131t \u00e7amuru kurutma | Michel \u00e7amuru kurutma","description":"S\u00fcrd\u00fcr\u00fclebilir at\u0131k kullan\u0131m\u0131 i\u00e7in michel SLUDGE-DRYING-SYSTEMS'in verimli ka\u011f\u0131t \u00e7amuru kurutma sistemini ke\u015ffedin.","robots":{"index":"index","follow":"follow","max-snippet":"max-snippet:-1","max-image-preview":"max-image-preview:large","max-video-preview":"max-video-preview:-1"},"canonical":"https:\/\/schlammtrocknung.com\/tr\/hizmetler\/kagit-camuru-kurutma\/","og_locale":"tr_TR","og_type":"article","og_title":"Ka\u011f\u0131t \u00e7amuru kurutma | Michel \u00e7amuru kurutma","og_description":"S\u00fcrd\u00fcr\u00fclebilir at\u0131k kullan\u0131m\u0131 i\u00e7in michel SLUDGE-DRYING-SYSTEMS'in verimli ka\u011f\u0131t \u00e7amuru kurutma sistemini ke\u015ffedin.","og_url":"https:\/\/schlammtrocknung.com\/tr\/hizmetler\/kagit-camuru-kurutma\/","og_site_name":"Schlammtrocknung \u2013 michel SLUDGE DRYING SYSTEM","article_modified_time":"2025-06-18T11:04:46+00:00","twitter_card":"summary_large_image","twitter_misc":{"Tahmini okuma s\u00fcresi":"5 dakika"},"schema":{"@context":"https:\/\/schema.org","@graph":[{"@type":"WebPage","@id":"https:\/\/schlammtrocknung.com\/tr\/hizmetler\/kagit-camuru-kurutma\/","url":"https:\/\/schlammtrocknung.com\/tr\/hizmetler\/kagit-camuru-kurutma\/","name":"Ka\u011f\u0131t \u00e7amuru kurutma | Michel \u00e7amuru kurutma","isPartOf":{"@id":"https:\/\/schlammtrocknung.com\/#website"},"datePublished":"2024-09-04T10:54:09+00:00","dateModified":"2025-06-18T11:04:46+00:00","description":"S\u00fcrd\u00fcr\u00fclebilir at\u0131k kullan\u0131m\u0131 i\u00e7in michel SLUDGE-DRYING-SYSTEMS'in verimli ka\u011f\u0131t \u00e7amuru kurutma sistemini ke\u015ffedin.","breadcrumb":{"@id":"https:\/\/schlammtrocknung.com\/tr\/hizmetler\/kagit-camuru-kurutma\/#breadcrumb"},"inLanguage":"tr","potentialAction":[{"@type":"ReadAction","target":["https:\/\/schlammtrocknung.com\/tr\/hizmetler\/kagit-camuru-kurutma\/"]}]},{"@type":"BreadcrumbList","@id":"https:\/\/schlammtrocknung.com\/tr\/hizmetler\/kagit-camuru-kurutma\/#breadcrumb","itemListElement":[{"@type":"ListItem","position":1,"name":"Startseite","item":"https:\/\/schlammtrocknung.com\/tr\/ana-sayfa\/"},{"@type":"ListItem","position":2,"name":"Hizmetler","item":"https:\/\/schlammtrocknung.com\/tr\/hizmetler\/"},{"@type":"ListItem","position":3,"name":"Ka\u011f\u0131t \u00e7amuru kurutma"}]},{"@type":"WebSite","@id":"https:\/\/schlammtrocknung.com\/#website","url":"https:\/\/schlammtrocknung.com\/","name":"Schlammtrocknung | SDS - Schlammtrocknung","description":"Schlamm- L\u00f6sungen f\u00fcr Kl\u00e4rwerke, Industrie und Umwelt","publisher":{"@id":"https:\/\/schlammtrocknung.com\/#organization"},"potentialAction":[{"@type":"SearchAction","target":{"@type":"EntryPoint","urlTemplate":"https:\/\/schlammtrocknung.com\/?s={search_term_string}"},"query-input":{"@type":"PropertyValueSpecification","valueRequired":true,"valueName":"search_term_string"}}],"inLanguage":"tr"},{"@type":"Organization","@id":"https:\/\/schlammtrocknung.com\/#organization","name":"Schlammtrocknung | SDS - Schlammtrocknung","url":"https:\/\/schlammtrocknung.com\/","logo":{"@type":"ImageObject","inLanguage":"tr","@id":"https:\/\/schlammtrocknung.com\/#\/schema\/logo\/image\/","url":"https:\/\/schlammtrocknung.com\/wp-content\/uploads\/2023\/02\/logo_sds-1.png","contentUrl":"https:\/\/schlammtrocknung.com\/wp-content\/uploads\/2023\/02\/logo_sds-1.png","width":697,"height":187,"caption":"Schlammtrocknung | SDS - Schlammtrocknung"},"image":{"@id":"https:\/\/schlammtrocknung.com\/#\/schema\/logo\/image\/"}}]}},"_links":{"self":[{"href":"https:\/\/schlammtrocknung.com\/tr\/wp-json\/wp\/v2\/pages\/2759","targetHints":{"allow":["GET"]}}],"collection":[{"href":"https:\/\/schlammtrocknung.com\/tr\/wp-json\/wp\/v2\/pages"}],"about":[{"href":"https:\/\/schlammtrocknung.com\/tr\/wp-json\/wp\/v2\/types\/page"}],"author":[{"embeddable":true,"href":"https:\/\/schlammtrocknung.com\/tr\/wp-json\/wp\/v2\/users\/1"}],"replies":[{"embeddable":true,"href":"https:\/\/schlammtrocknung.com\/tr\/wp-json\/wp\/v2\/comments?post=2759"}],"version-history":[{"count":3,"href":"https:\/\/schlammtrocknung.com\/tr\/wp-json\/wp\/v2\/pages\/2759\/revisions"}],"predecessor-version":[{"id":2815,"href":"https:\/\/schlammtrocknung.com\/tr\/wp-json\/wp\/v2\/pages\/2759\/revisions\/2815"}],"up":[{"embeddable":true,"href":"https:\/\/schlammtrocknung.com\/tr\/wp-json\/wp\/v2\/pages\/2799"}],"wp:attachment":[{"href":"https:\/\/schlammtrocknung.com\/tr\/wp-json\/wp\/v2\/media?parent=2759"}],"curies":[{"name":"wp","href":"https:\/\/api.w.org\/{rel}","templated":true}]}}