{"id":2763,"date":"2024-09-04T12:39:01","date_gmt":"2024-09-04T10:39:01","guid":{"rendered":"https:\/\/schlammtrocknung.com\/yagli-boya-camuru-kurutma\/"},"modified":"2025-06-18T13:04:46","modified_gmt":"2025-06-18T11:04:46","slug":"yagli-boya-camuru-kurutma","status":"publish","type":"page","link":"https:\/\/schlammtrocknung.com\/tr\/hizmetler\/yagli-boya-camuru-kurutma\/","title":{"rendered":"Ya\u011fl\u0131 boya \u00e7amuru kurutma"},"content":{"rendered":"<div class=\"wpb-content-wrapper\"><p>[vc_row content_placement=&#8221;top&#8221;][vc_column][vc_column_text]<\/p>\n<h1 style=\"text-align: center\"><span style=\"color: #728d2a\">michel SLUDGE-DRYING-SYSTEMS &#8211; ya\u011fl\u0131 boya \u00e7amuru kurutma i\u00e7in uzman i\u015f orta\u011f\u0131<br \/>\n<\/span><\/h1>\n<p>[\/vc_column_text][vc_column_text]<\/p>\n<p style=\"text-align: center\"><span style=\"font-weight: 400\">Geli\u015fmi\u015f sistemlerle verimlili\u011finizi art\u0131r\u0131n ve \u00e7evreyi koruyun <\/span><b>ya\u011fl\u0131 boya \u00e7amuru kurutma<\/b><span style=\"font-weight: 400\">. Ya\u011fl\u0131 boya \u00e7amurunun i\u015flenmesini a\u015fa\u011f\u0131daki \u00f6zel sistemlerle optimize edin<\/span> <b> michel \u00c7AMUR KURUTMA S\u0130STEMLER\u0130<\/b><span style=\"font-weight: 400\">hem ekonomik hem de ekolojik a\u00e7\u0131dan daha \u00fcst\u00fcnd\u00fcr.<\/span><\/p>\n<p>[\/vc_column_text][vc_empty_space height=&#8221;50px&#8221;][\/vc_column][\/vc_row][vc_row][vc_column width=&#8221;2\/3&#8243;][vc_column_text]<\/p>\n<h2><span style=\"color: #728d2a\">Ya\u011fl\u0131 boya \u00e7amuru kurutma yoluyla profesyonel bertaraf<br \/>\n<\/span><\/h2>\n<p>[\/vc_column_text][vc_message]<i><span style=\"font-weight: 400\">Ya\u011fl\u0131 boya \u00e7amuru nedir?<\/span><\/i><\/p>\n<p><i><span style=\"font-weight: 400\">Ya\u011fl\u0131 boya \u00e7amuru, esas olarak boya ve vernik end\u00fcstrisinde ve \u00e7e\u015fitli end\u00fcstriyel temizlik i\u015flemlerinde \u00fcretilen bir yan \u00fcr\u00fcnd\u00fcr. Genellikle a\u011f\u0131r metaller ve di\u011fer toksik maddeler i\u00e7eren boya kal\u0131nt\u0131lar\u0131, solventler, ya\u011flar ve suyun bir kar\u0131\u015f\u0131m\u0131d\u0131r.   <\/span><\/i>[\/vc_message][vc_column_text]<span style=\"font-weight: 400\">Bu bile\u015fim, profesyonel ve g\u00fcvenli kullan\u0131m\u0131n yan\u0131 s\u0131ra <\/span><b>ya\u011fl\u0131 boya \u00e7amurunun bertaraf\u0131 veya geri d\u00f6n\u00fc\u015f\u00fcm\u00fc <\/b> <span style=\"font-weight: 400\">\u00e7evresel bir meydan okuma. Ya\u011fl\u0131 boya \u00e7amurunun kurutulmas\u0131, a\u011f\u0131r metaller ve \u00e7\u00f6z\u00fcnebilir toksinlerden kaynaklanan \u00e7evresel kirlenme riskini azalt\u0131r. <\/span>[\/vc_column_text][vc_empty_space height=&#8221;70px&#8221;][\/vc_column][vc_column width=&#8221;1\/3&#8243;][vc_single_image image=&#8221;367&#8243; img_size=&#8221;400&#215;500&#8243;][\/vc_column][\/vc_row][vc_row][vc_column width=&#8221;1\/2&#8243;][vc_single_image image=&#8221;376&#8243; img_size=&#8221;600&#215;350&#8243;][vc_empty_space height=&#8221;70px&#8221;][\/vc_column][vc_column width=&#8221;1\/2&#8243;][vc_column_text]<\/p>\n<h2><span style=\"color: #728d2a\">michel \u00c7AMUR KURUTMA S\u0130STEMLER\u0130 ile ya\u011fl\u0131 boya \u00e7amuru kurutma i\u015flemi<\/span><\/h2>\n<p><span style=\"font-weight: 400\">michel SLUDGE-DRYING-SYSTEMS, ya\u011fl\u0131 boya \u00e7amurunun benzersiz \u00f6zelliklerine \u00f6zel olarak uyarlanm\u0131\u015f geli\u015fmi\u015f kurutma teknolojilerine sahip sistemler kurar. \u0130lk olarak, geri d\u00f6n\u00fc\u015ft\u00fcr\u00fclebilir malzeme   <\/span><b>\u00f6n i\u015flemden ge\u00e7irilmi\u015f<\/b><span style=\"font-weight: 400\">u\u00e7ucu organik bile\u015fikleri ve kat\u0131lar\u0131 filtrelemek i\u00e7in. Daha sonra   <\/span><b>\u015fartland\u0131rma<\/b><span style=\"font-weight: 400\">kurutma verimlili\u011fini art\u0131rmak i\u00e7in kimyasal bir modifikasyon.<\/span>[\/vc_column_text][\/vc_column][\/vc_row][vc_row][vc_column width=&#8221;1\/2&#8243;][vc_column_text]<span style=\"font-weight: 400\">\u0130\u00e7inden <\/span><b>kontak ve konveksiyon kurutma<\/b><span style=\"font-weight: 400\"> maksimuma \u00e7\u0131karmak i\u00e7in kontroll\u00fc ko\u015fullar alt\u0131nda \u0131s\u0131 uygulan\u0131r <\/span><a href=\"http:\/\/schlammtrocknung.com\/glossar\/entwaesserung\"><span style=\"font-weight: 400\">susuzla\u015ft\u0131rma<\/span><\/a><span style=\"font-weight: 400\">  geri d\u00f6n\u00fc\u015ft\u00fcr\u00fclebilir bile\u015fenlere zarar vermeden. Bu da bertaraf edilecek malzeme miktar\u0131n\u0131 \u00f6nemli \u00f6l\u00e7\u00fcde azaltarak nakliye ve bertaraf maliyetlerini d\u00fc\u015f\u00fcr\u00fcr. <\/span><\/p>\n<p><span style=\"font-weight: 400\">Kuruduktan sonra ya\u011fl\u0131 boya \u00e7amuru \u00e7e\u015fitli \u015fekillerde kullan\u0131labilir:<\/span><\/p>\n<ul>\n<li style=\"font-weight: 400\"><b>Enerji geri kazan\u0131m\u0131:<\/b><span style=\"font-weight: 400\"> Uygun end\u00fcstriyel tesislerde ikincil yak\u0131t olarak kullan\u0131m.<\/span><\/li>\n<li style=\"font-weight: 400\"><b>Malzeme geri kazan\u0131m\u0131:<\/b><span style=\"font-weight: 400\"> Metallerin ve di\u011fer geri d\u00f6n\u00fc\u015ft\u00fcr\u00fclebilir malzemelerin \u00fcretim d\u00f6ng\u00fcs\u00fcne geri kazand\u0131r\u0131lmas\u0131.<\/span><\/li>\n<li style=\"font-weight: 400\"><b>D\u00fczenli depolama:<\/b><span style=\"font-weight: 400\"> Ba\u015fka geri d\u00f6n\u00fc\u015f\u00fcm se\u00e7enekleri mevcut de\u011filse, inertle\u015ftirilmi\u015f malzemenin g\u00fcvenli nihai bertaraf\u0131.<\/span><\/li>\n<\/ul>\n<p>[\/vc_column_text][\/vc_column][vc_column width=&#8221;1\/2&#8243;][vc_single_image image=&#8221;373&#8243; img_size=&#8221;600&#215;420&#8243;][vc_empty_space height=&#8221;70px&#8221;][\/vc_column][\/vc_row][vc_row][vc_column width=&#8221;1\/2&#8243;][vc_single_image image=&#8221;371&#8243; img_size=&#8221;600&#215;500&#8243;][vc_empty_space height=&#8221;70px&#8221;][\/vc_column][vc_column width=&#8221;1\/2&#8243;][vc_column_text]<\/p>\n<h3><span style=\"color: #728d2a\">michel SLUDGE-DRYING-SYSTEMS ile ya\u011fl\u0131 boya \u00e7amuru kurutman\u0131n avantajlar\u0131<\/span><\/h3>\n<p><span style=\"font-weight: 400\">Uygulanmas\u0131 <\/span><b>michel \u00c7AMUR KURUTMA S\u0130STEMLER\u0130<\/b><span style=\"font-weight: 400\"> tesisinizde say\u0131s\u0131z avantaj sa\u011flar ve a\u015fa\u011f\u0131dakilerin i\u015flenmesini d\u00f6n\u00fc\u015ft\u00fcr\u00fcr <\/span><b>ya\u011fl\u0131 boya \u00e7amuru<\/b><span style=\"font-weight: 400\">. \u0130lk olarak  <\/span><b>\u00c7amur hacminin azalt\u0131lmas\u0131<\/b><span style=\"font-weight: 400\"> Bu da bertarafta \u00f6nemli \u00f6l\u00e7\u00fcde maliyet tasarrufu sa\u011flar. <\/span> <\/p>\n<p><span style=\"font-weight: 400\">Buna ek olarak, sistemler \u00e7evreyi destekler <\/span><b>kirletici kontrol\u00fc<\/b><span style=\"font-weight: 400\"> emisyonlar\u0131 azaltarak ve katk\u0131da bulunarak daha \u00e7evre dostu \u00fcretim, <\/span><b>\u00e7evresel d\u00fczenlemeler<\/b><span style=\"font-weight: 400\">  daha iyi uyulur. Sistemlerimiz y\u00fcksek derecede esnekli\u011fe sahiptir ve farkl\u0131 \u00e7amur t\u00fcrlerine ve miktarlar\u0131na g\u00f6re kolayca ayarlanabilir. <\/span><\/p>\n<p><span style=\"font-weight: 400\">Buna ek olarak, kullan\u0131m <\/span><b>d\u00fc\u015f\u00fck sicaklikta kurutma ve enerji\u0307 geri\u0307 kazanim si\u0307stemleri\u0307<\/b><span style=\"font-weight: 400\"> \u00f6nemli bir art\u0131\u015f <\/span><b>enerji\u0307 veri\u0307mli\u0307li\u0307\u011fi\u0307<\/b><span style=\"font-weight: 400\">Bu da enerji ihtiyac\u0131n\u0131 en aza indirir ve i\u015fletme maliyetlerini daha da azalt\u0131r.<\/span>[\/vc_column_text][\/vc_column][\/vc_row][vc_row][vc_column][vc_cta h2=&#8221;Ya\u011f ve kaplama sekt\u00f6r\u00fcnde s\u00fcrd\u00fcr\u00fclebilir d\u00f6n\u00fc\u015f\u00fcm\u00fcn\u00fcz\u00fc ba\u015flat\u0131n&#8221; txt_align=&#8221;center&#8221; add_button=&#8221;bottom&#8221; btn_title=&#8221;Bize ula\u015f\u0131n!&#8221; btn_style=&#8221;gradient-custom&#8221; btn_gradient_custom_color_1=&#8221;#728d2a&#8221; btn_gradient_custom_color_2=&#8221;#728d2a&#8221; btn_align=&#8221;center&#8221; btn_link=&#8221;url:https%3A%2F%2Fschlammtrocknung.com%2Ftr%2Fbize-ulasin%2F|title:Bize%20ula%C5%9F%C4%B1n|&#8221;]<\/p>\n<p style=\"text-align: center\"><span style=\"font-weight: 400\">Ya\u011fl\u0131 boya \u00e7amuru kurutma i\u00e7in geli\u015fmi\u015f \u00e7\u00f6z\u00fcmler ile <\/span><b>michel \u00c7AMUR KURUTMA S\u0130STEMLER\u0130<\/b><span style=\"font-weight: 400\"> sadece i\u015fletme maliyetlerinizi d\u00fc\u015f\u00fcrmek ve yasal gereklilikleri yerine getirmekle kalmaz, ayn\u0131 zamanda a\u015fa\u011f\u0131dakilere aktif olarak katk\u0131da bulunursunuz <\/span><b>\u00e7evre koruma<\/b><span style=\"font-weight: 400\">  adresinde. Ya\u011fl\u0131 boya \u00e7amuru kurutmam\u0131z ve \u00e7evresel ve ekonomik hedeflerinize ula\u015fman\u0131za nas\u0131l yard\u0131mc\u0131 olabilece\u011fimiz hakk\u0131nda daha fazla bilgi edinmek i\u00e7in bug\u00fcn bize ula\u015f\u0131n. <\/span><\/p>\n<p>[\/vc_cta][vc_empty_space height=&#8221;50px&#8221;][\/vc_column][\/vc_row][vc_row][vc_column][vc_column_text]<\/p>\n<h2 style=\"text-align: center\"><span style=\"color: #728d2a\">SSS &#8211; Ya\u011fl\u0131 boya \u00e7amuru kurutma hakk\u0131nda s\u0131k\u00e7a sorulan sorular<\/span><\/h2>\n<p>[\/vc_column_text][\/vc_column][\/vc_row][vc_row][vc_column][vc_toggle title=&#8221;Ya\u011fl\u0131 boya \u00e7amurunun kurutulmas\u0131 neden \u00f6nemlidir?&#8221;]<span style=\"font-weight: 400\">Boya ve vernik end\u00fcstrisinin bir yan \u00fcr\u00fcn\u00fc olan ya\u011fl\u0131 boya \u00e7amuru, a\u011f\u0131r metaller gibi kirleticiler i\u00e7erir. Ya\u011fl\u0131 boya \u00e7amurunun kurutulmas\u0131 hacmi ve \u00e7evresel tehlikeleri azalt\u0131r, metaller gibi bile\u015fenlerin geri d\u00f6n\u00fc\u015f\u00fcm\u00fcn\u00fc kolayla\u015ft\u0131r\u0131r ve enerji \u00fcretimi i\u00e7in yanabilirli\u011fi art\u0131r\u0131r. <\/span>[\/vc_toggle][vc_toggle title=&#8221;Ya\u011fl\u0131 boya \u00e7amuru kurutma nas\u0131l \u00e7al\u0131\u015f\u0131r?&#8221;]<span style=\"font-weight: 400\">Ya\u011fl\u0131 boya \u00e7amuru, \u00e7amurdaki su i\u00e7eri\u011fi azalt\u0131larak kurutulur, b\u00f6ylece malzemenin hacmi ve a\u011f\u0131rl\u0131\u011f\u0131 azalt\u0131l\u0131r ve bertaraf maliyetleri d\u00fc\u015f\u00fcr\u00fcl\u00fcr. Bu i\u015flemde nemi etkin bir \u015fekilde gidermek i\u00e7in temasl\u0131 ve konveksiyonlu kurutma gibi teknikler kullan\u0131l\u0131r. <\/span>[\/vc_toggle][\/vc_column][\/vc_row]<\/p>\n<\/div>","protected":false},"excerpt":{"rendered":"<p>[vc_row content_placement=&#8221;top&#8221;][vc_column][vc_column_text] michel SLUDGE-DRYING-SYSTEMS &#8211; ya\u011fl\u0131 boya \u00e7amuru kurutma i\u00e7in uzman i\u015f orta\u011f\u0131 [\/vc_column_text][vc_column_text] Geli\u015fmi\u015f sistemlerle verimlili\u011finizi art\u0131r\u0131n ve \u00e7evreyi koruyun ya\u011fl\u0131 boya \u00e7amuru kurutma. Ya\u011fl\u0131 boya \u00e7amurunun i\u015flenmesini a\u015fa\u011f\u0131daki \u00f6zel sistemlerle optimize edin michel \u00c7AMUR KURUTMA S\u0130STEMLER\u0130hem ekonomik hem de ekolojik a\u00e7\u0131dan daha \u00fcst\u00fcnd\u00fcr. [\/vc_column_text][vc_empty_space height=&#8221;50px&#8221;][\/vc_column][\/vc_row][vc_row][vc_column width=&#8221;2\/3&#8243;][vc_column_text] Ya\u011fl\u0131 boya \u00e7amuru kurutma yoluyla profesyonel bertaraf&hellip;<\/p>\n","protected":false},"author":1,"featured_media":0,"parent":2799,"menu_order":0,"comment_status":"closed","ping_status":"closed","template":"","meta":{"footnotes":""},"class_list":["post-2763","page","type-page","status-publish","hentry","description-off"],"yoast_head":"<!-- This site is optimized with the Yoast SEO plugin v27.3 - https:\/\/yoast.com\/product\/yoast-seo-wordpress\/ -->\n<title>Ya\u011f-lak \u00e7amuru kurutma | Michel \u00e7amuru kurutma<\/title>\n<meta name=\"description\" content=\"Geli\u015fmi\u015f ya\u011fl\u0131 boya \u00e7amuru kurutma ile verimlili\u011finizi art\u0131r\u0131n ve \u00e7evreyi koruyun.\" \/>\n<meta name=\"robots\" content=\"index, follow, max-snippet:-1, max-image-preview:large, max-video-preview:-1\" \/>\n<link rel=\"canonical\" href=\"https:\/\/schlammtrocknung.com\/tr\/hizmetler\/yagli-boya-camuru-kurutma\/\" \/>\n<meta property=\"og:locale\" content=\"tr_TR\" \/>\n<meta property=\"og:type\" content=\"article\" \/>\n<meta property=\"og:title\" content=\"Ya\u011f-lak \u00e7amuru kurutma | Michel \u00e7amuru kurutma\" \/>\n<meta property=\"og:description\" content=\"Geli\u015fmi\u015f ya\u011fl\u0131 boya \u00e7amuru kurutma ile verimlili\u011finizi art\u0131r\u0131n ve \u00e7evreyi koruyun.\" \/>\n<meta property=\"og:url\" content=\"https:\/\/schlammtrocknung.com\/tr\/hizmetler\/yagli-boya-camuru-kurutma\/\" \/>\n<meta property=\"og:site_name\" content=\"Schlammtrocknung \u2013 michel SLUDGE DRYING SYSTEM\" \/>\n<meta property=\"article:modified_time\" content=\"2025-06-18T11:04:46+00:00\" \/>\n<meta name=\"twitter:card\" content=\"summary_large_image\" \/>\n<meta name=\"twitter:label1\" content=\"Tahmini okuma s\u00fcresi\" \/>\n\t<meta name=\"twitter:data1\" content=\"5 dakika\" \/>\n<script type=\"application\/ld+json\" class=\"yoast-schema-graph\">{\"@context\":\"https:\\\/\\\/schema.org\",\"@graph\":[{\"@type\":\"WebPage\",\"@id\":\"https:\\\/\\\/schlammtrocknung.com\\\/tr\\\/hizmetler\\\/yagli-boya-camuru-kurutma\\\/\",\"url\":\"https:\\\/\\\/schlammtrocknung.com\\\/tr\\\/hizmetler\\\/yagli-boya-camuru-kurutma\\\/\",\"name\":\"Ya\u011f-lak \u00e7amuru kurutma | Michel \u00e7amuru kurutma\",\"isPartOf\":{\"@id\":\"https:\\\/\\\/schlammtrocknung.com\\\/#website\"},\"datePublished\":\"2024-09-04T10:39:01+00:00\",\"dateModified\":\"2025-06-18T11:04:46+00:00\",\"description\":\"Geli\u015fmi\u015f ya\u011fl\u0131 boya \u00e7amuru kurutma ile verimlili\u011finizi art\u0131r\u0131n ve \u00e7evreyi koruyun.\",\"breadcrumb\":{\"@id\":\"https:\\\/\\\/schlammtrocknung.com\\\/tr\\\/hizmetler\\\/yagli-boya-camuru-kurutma\\\/#breadcrumb\"},\"inLanguage\":\"tr\",\"potentialAction\":[{\"@type\":\"ReadAction\",\"target\":[\"https:\\\/\\\/schlammtrocknung.com\\\/tr\\\/hizmetler\\\/yagli-boya-camuru-kurutma\\\/\"]}]},{\"@type\":\"BreadcrumbList\",\"@id\":\"https:\\\/\\\/schlammtrocknung.com\\\/tr\\\/hizmetler\\\/yagli-boya-camuru-kurutma\\\/#breadcrumb\",\"itemListElement\":[{\"@type\":\"ListItem\",\"position\":1,\"name\":\"Startseite\",\"item\":\"https:\\\/\\\/schlammtrocknung.com\\\/tr\\\/ana-sayfa\\\/\"},{\"@type\":\"ListItem\",\"position\":2,\"name\":\"Hizmetler\",\"item\":\"https:\\\/\\\/schlammtrocknung.com\\\/tr\\\/hizmetler\\\/\"},{\"@type\":\"ListItem\",\"position\":3,\"name\":\"Ya\u011fl\u0131 boya \u00e7amuru kurutma\"}]},{\"@type\":\"WebSite\",\"@id\":\"https:\\\/\\\/schlammtrocknung.com\\\/#website\",\"url\":\"https:\\\/\\\/schlammtrocknung.com\\\/\",\"name\":\"Schlammtrocknung | SDS - Schlammtrocknung\",\"description\":\"Schlamm- L\u00f6sungen f\u00fcr Kl\u00e4rwerke, Industrie und Umwelt\",\"publisher\":{\"@id\":\"https:\\\/\\\/schlammtrocknung.com\\\/#organization\"},\"potentialAction\":[{\"@type\":\"SearchAction\",\"target\":{\"@type\":\"EntryPoint\",\"urlTemplate\":\"https:\\\/\\\/schlammtrocknung.com\\\/?s={search_term_string}\"},\"query-input\":{\"@type\":\"PropertyValueSpecification\",\"valueRequired\":true,\"valueName\":\"search_term_string\"}}],\"inLanguage\":\"tr\"},{\"@type\":\"Organization\",\"@id\":\"https:\\\/\\\/schlammtrocknung.com\\\/#organization\",\"name\":\"Schlammtrocknung | SDS - Schlammtrocknung\",\"url\":\"https:\\\/\\\/schlammtrocknung.com\\\/\",\"logo\":{\"@type\":\"ImageObject\",\"inLanguage\":\"tr\",\"@id\":\"https:\\\/\\\/schlammtrocknung.com\\\/#\\\/schema\\\/logo\\\/image\\\/\",\"url\":\"https:\\\/\\\/schlammtrocknung.com\\\/wp-content\\\/uploads\\\/2023\\\/02\\\/logo_sds-1.png\",\"contentUrl\":\"https:\\\/\\\/schlammtrocknung.com\\\/wp-content\\\/uploads\\\/2023\\\/02\\\/logo_sds-1.png\",\"width\":697,\"height\":187,\"caption\":\"Schlammtrocknung | SDS - Schlammtrocknung\"},\"image\":{\"@id\":\"https:\\\/\\\/schlammtrocknung.com\\\/#\\\/schema\\\/logo\\\/image\\\/\"}}]}<\/script>\n<!-- \/ Yoast SEO plugin. -->","yoast_head_json":{"title":"Ya\u011f-lak \u00e7amuru kurutma | Michel \u00e7amuru kurutma","description":"Geli\u015fmi\u015f ya\u011fl\u0131 boya \u00e7amuru kurutma ile verimlili\u011finizi art\u0131r\u0131n ve \u00e7evreyi koruyun.","robots":{"index":"index","follow":"follow","max-snippet":"max-snippet:-1","max-image-preview":"max-image-preview:large","max-video-preview":"max-video-preview:-1"},"canonical":"https:\/\/schlammtrocknung.com\/tr\/hizmetler\/yagli-boya-camuru-kurutma\/","og_locale":"tr_TR","og_type":"article","og_title":"Ya\u011f-lak \u00e7amuru kurutma | Michel \u00e7amuru kurutma","og_description":"Geli\u015fmi\u015f ya\u011fl\u0131 boya \u00e7amuru kurutma ile verimlili\u011finizi art\u0131r\u0131n ve \u00e7evreyi koruyun.","og_url":"https:\/\/schlammtrocknung.com\/tr\/hizmetler\/yagli-boya-camuru-kurutma\/","og_site_name":"Schlammtrocknung \u2013 michel SLUDGE DRYING SYSTEM","article_modified_time":"2025-06-18T11:04:46+00:00","twitter_card":"summary_large_image","twitter_misc":{"Tahmini okuma s\u00fcresi":"5 dakika"},"schema":{"@context":"https:\/\/schema.org","@graph":[{"@type":"WebPage","@id":"https:\/\/schlammtrocknung.com\/tr\/hizmetler\/yagli-boya-camuru-kurutma\/","url":"https:\/\/schlammtrocknung.com\/tr\/hizmetler\/yagli-boya-camuru-kurutma\/","name":"Ya\u011f-lak \u00e7amuru kurutma | Michel \u00e7amuru kurutma","isPartOf":{"@id":"https:\/\/schlammtrocknung.com\/#website"},"datePublished":"2024-09-04T10:39:01+00:00","dateModified":"2025-06-18T11:04:46+00:00","description":"Geli\u015fmi\u015f ya\u011fl\u0131 boya \u00e7amuru kurutma ile verimlili\u011finizi art\u0131r\u0131n ve \u00e7evreyi koruyun.","breadcrumb":{"@id":"https:\/\/schlammtrocknung.com\/tr\/hizmetler\/yagli-boya-camuru-kurutma\/#breadcrumb"},"inLanguage":"tr","potentialAction":[{"@type":"ReadAction","target":["https:\/\/schlammtrocknung.com\/tr\/hizmetler\/yagli-boya-camuru-kurutma\/"]}]},{"@type":"BreadcrumbList","@id":"https:\/\/schlammtrocknung.com\/tr\/hizmetler\/yagli-boya-camuru-kurutma\/#breadcrumb","itemListElement":[{"@type":"ListItem","position":1,"name":"Startseite","item":"https:\/\/schlammtrocknung.com\/tr\/ana-sayfa\/"},{"@type":"ListItem","position":2,"name":"Hizmetler","item":"https:\/\/schlammtrocknung.com\/tr\/hizmetler\/"},{"@type":"ListItem","position":3,"name":"Ya\u011fl\u0131 boya \u00e7amuru kurutma"}]},{"@type":"WebSite","@id":"https:\/\/schlammtrocknung.com\/#website","url":"https:\/\/schlammtrocknung.com\/","name":"Schlammtrocknung | SDS - Schlammtrocknung","description":"Schlamm- L\u00f6sungen f\u00fcr Kl\u00e4rwerke, Industrie und Umwelt","publisher":{"@id":"https:\/\/schlammtrocknung.com\/#organization"},"potentialAction":[{"@type":"SearchAction","target":{"@type":"EntryPoint","urlTemplate":"https:\/\/schlammtrocknung.com\/?s={search_term_string}"},"query-input":{"@type":"PropertyValueSpecification","valueRequired":true,"valueName":"search_term_string"}}],"inLanguage":"tr"},{"@type":"Organization","@id":"https:\/\/schlammtrocknung.com\/#organization","name":"Schlammtrocknung | SDS - Schlammtrocknung","url":"https:\/\/schlammtrocknung.com\/","logo":{"@type":"ImageObject","inLanguage":"tr","@id":"https:\/\/schlammtrocknung.com\/#\/schema\/logo\/image\/","url":"https:\/\/schlammtrocknung.com\/wp-content\/uploads\/2023\/02\/logo_sds-1.png","contentUrl":"https:\/\/schlammtrocknung.com\/wp-content\/uploads\/2023\/02\/logo_sds-1.png","width":697,"height":187,"caption":"Schlammtrocknung | SDS - Schlammtrocknung"},"image":{"@id":"https:\/\/schlammtrocknung.com\/#\/schema\/logo\/image\/"}}]}},"_links":{"self":[{"href":"https:\/\/schlammtrocknung.com\/tr\/wp-json\/wp\/v2\/pages\/2763","targetHints":{"allow":["GET"]}}],"collection":[{"href":"https:\/\/schlammtrocknung.com\/tr\/wp-json\/wp\/v2\/pages"}],"about":[{"href":"https:\/\/schlammtrocknung.com\/tr\/wp-json\/wp\/v2\/types\/page"}],"author":[{"embeddable":true,"href":"https:\/\/schlammtrocknung.com\/tr\/wp-json\/wp\/v2\/users\/1"}],"replies":[{"embeddable":true,"href":"https:\/\/schlammtrocknung.com\/tr\/wp-json\/wp\/v2\/comments?post=2763"}],"version-history":[{"count":3,"href":"https:\/\/schlammtrocknung.com\/tr\/wp-json\/wp\/v2\/pages\/2763\/revisions"}],"predecessor-version":[{"id":2813,"href":"https:\/\/schlammtrocknung.com\/tr\/wp-json\/wp\/v2\/pages\/2763\/revisions\/2813"}],"up":[{"embeddable":true,"href":"https:\/\/schlammtrocknung.com\/tr\/wp-json\/wp\/v2\/pages\/2799"}],"wp:attachment":[{"href":"https:\/\/schlammtrocknung.com\/tr\/wp-json\/wp\/v2\/media?parent=2763"}],"curies":[{"name":"wp","href":"https:\/\/api.w.org\/{rel}","templated":true}]}}