{"id":2773,"date":"2024-09-04T12:24:34","date_gmt":"2024-09-04T10:24:34","guid":{"rendered":"https:\/\/schlammtrocknung.com\/metal-camur-kurutma\/"},"modified":"2025-06-18T13:04:41","modified_gmt":"2025-06-18T11:04:41","slug":"metal-camur-kurutma","status":"publish","type":"page","link":"https:\/\/schlammtrocknung.com\/tr\/hizmetler\/metal-camur-kurutma\/","title":{"rendered":"Metal \u00e7amur kurutma"},"content":{"rendered":"<div class=\"wpb-content-wrapper\"><p>[vc_row content_placement=&#8221;top&#8221;][vc_column][vc_column_text]<\/p>\n<h1 style=\"text-align: center;\"><span style=\"color: #728d2a;\">Verimli at\u0131k ar\u0131tma: metal \u00e7amurunun do\u011frudan sahada kurutulmas\u0131<br \/>\n<\/span><\/h1>\n<p>[\/vc_column_text][vc_column_text]<\/p>\n<p style=\"text-align: center;\"><span style=\"font-weight: 400;\">Geli\u015fmi\u015f \u00f6zelliklere g\u00fcvenin <\/span><b>metal \u00e7amur kurutma<\/b><span style=\"font-weight: 400;\"> itibaren <\/span><b>michel \u00c7AMUR KURUTMA S\u0130STEMLER\u0130<\/b><span style=\"font-weight: 400;\"> \u00e7evre dostu ve verimli i\u00e7in<\/span><b> at\u0131k ar\u0131tma ve do\u011frudan sahada metal geri kazan\u0131m\u0131<\/b><span style=\"font-weight: 400;\">.<\/span><\/p>\n<p>[\/vc_column_text][vc_empty_space height=&#8221;50px&#8221;][\/vc_column][\/vc_row][vc_row][vc_column width=&#8221;2\/3&#8243;][vc_column_text]<\/p>\n<h2><span style=\"color: #728d2a;\">Metal \u00e7amuru &#8211; zorluklar ve f\u0131rsatlar<\/span><\/h2>\n<p><b>Metal \u00e7amuru<\/b><span style=\"font-weight: 400;\">  esas olarak metallerin s\u0131v\u0131lardan filtrelendi\u011fi metal i\u015fleme veya su ar\u0131tma gibi end\u00fcstriyel proseslerde \u00fcretilir. Bir konsantrasyondan olu\u015fur   <\/span><b>metal par\u00e7ac\u0131klar<\/b><span style=\"font-weight: 400;\">Bunlar genellikle alt\u0131n, g\u00fcm\u00fc\u015f, bak\u0131r ve nikel gibi de\u011ferli metaller i\u00e7erebilir. <\/span> <\/p>\n<p><span style=\"font-weight: 400;\">Bu de\u011ferli bile\u015fenlere ek olarak, metal \u00e7amuru ayr\u0131ca \u015funlar\u0131 da i\u00e7erir <\/span><b>safs\u0131zl\u0131klar<\/b><span style=\"font-weight: 400;\">\u00e7evre dostu ar\u0131tma ve bertaraf veya geri d\u00f6n\u00fc\u015f\u00fcm gerektiren \u00e7amurlar. Metal \u00e7amurunun etkili bir \u015fekilde ar\u0131t\u0131lmas\u0131, i\u00e7erdi\u011fi de\u011ferli metallerin geri kazan\u0131lmas\u0131 ve \u00e7evre kirlili\u011finin en aza indirilmesi i\u00e7in \u00e7ok \u00f6nemlidir. <\/span><\/p>\n<h3><\/h3>\n<h3><span style=\"color: #728d2a;\">Madencilikten elektrokaplamaya &#8211; metal \u00e7amurunun \u00fcretildi\u011fi yerler  <\/span><\/h3>\n<p><span style=\"font-weight: 400;\">Metal \u00e7amuru, metalin kullan\u0131ld\u0131\u011f\u0131 \u00e7ok say\u0131da end\u00fcstriyel i\u015flemde \u00fcretilir:<\/span>[\/vc_column_text][vc_empty_space height=&#8221;70px&#8221;][\/vc_column][vc_column width=&#8221;1\/3&#8243;][vc_single_image image=&#8221;1169&#8243; img_size=&#8221;400&#215;500&#8243;][\/vc_column][\/vc_row][vc_row][vc_column width=&#8221;1\/2&#8243;][vc_single_image image=&#8221;1170&#8243; img_size=&#8221;600&#215;500&#8243;][vc_empty_space height=&#8221;70px&#8221;][\/vc_column][vc_column width=&#8221;1\/2&#8243;][vc_column_text]<\/p>\n<ul>\n<li style=\"font-weight: 400;\" aria-level=\"1\"><b>Metal i\u015fleme ve ar\u0131tma:<\/b><span style=\"font-weight: 400;\"> Metallerin ta\u015flanmas\u0131, parlat\u0131lmas\u0131, a\u015f\u0131nd\u0131r\u0131lmas\u0131 ve temizlenmesi gibi i\u015flemler s\u0131ras\u0131nda<\/span><span style=\"font-weight: 400;\"> ince partik\u00fcller ve kal\u0131nt\u0131lar \u00fcretir<\/span><span style=\"font-weight: 400;\">metal \u00e7amuru olarak toplan\u0131r.<\/span><\/li>\n<li style=\"font-weight: 400;\" aria-level=\"1\"><b>Elektrokaplama:<\/b> <span style=\"font-weight: 400;\">Elektrokaplama genellikle krom, \u00e7inko, bak\u0131r, nikel ve kadmiyum gibi a\u011f\u0131r metaller i\u00e7eren \u00e7amur \u00fcretir.<\/span><\/li>\n<li style=\"font-weight: 400;\" aria-level=\"1\"><b>End\u00fcstride at\u0131k su ar\u0131t\u0131m\u0131:<\/b> <span style=\"font-weight: 400;\">Metal i\u00e7eren end\u00fcstriyel at\u0131k sular\u0131n ar\u0131t\u0131lmas\u0131 s\u0131ras\u0131nda, bunlar genellikle \u00e7amur olarak ayr\u0131l\u0131r.<\/span><\/li>\n<li style=\"font-weight: 400;\" aria-level=\"1\"><b>Madencilik ve cevher i\u015fleme:<\/b> <span style=\"font-weight: 400;\">Cevherlerin \u00e7\u0131kar\u0131lmas\u0131 ve i\u015flenmesi s\u0131ras\u0131nda, metaller ve di\u011fer mineraller i\u00e7eren \u00e7amur \u00fcretilir.<\/span><\/li>\n<li style=\"font-weight: 400;\" aria-level=\"1\"><b>Kimyasal \u00fcretim:<\/b><span style=\"font-weight: 400;\"> Kimya end\u00fcstrisinde, \u00f6zellikle metal bazl\u0131 kataliz\u00f6rlerin kullan\u0131ld\u0131\u011f\u0131 proseslerde, yan \u00fcr\u00fcn olarak metal \u00e7amuru \u00fcretilir.<\/span><\/li>\n<\/ul>\n<p>[\/vc_column_text][\/vc_column][\/vc_row][vc_row][vc_column width=&#8221;1\/2&#8243;][vc_column_text]<\/p>\n<h2><span style=\"color: #728d2a;\">\u00c7e\u015fitli end\u00fcstriler i\u00e7in vazge\u00e7ilmez bir proses olarak metal \u00e7amuru kurutma<\/span><\/h2>\n<p><span style=\"font-weight: 400;\">T\u00fcm bu proseslerde metal \u00e7amurunun i\u015flenmesi, \u00e7evre kirlili\u011finin \u00f6nlenmesi ve de\u011ferli metallerin geri kazan\u0131lmas\u0131 a\u00e7\u0131s\u0131ndan kritik \u00f6nem ta\u015f\u0131maktad\u0131r. Bu nedenle   <\/span><b>Metal \u00e7amur kurutma<\/b><span style=\"font-weight: 400;\"> metal i\u015fleme zincirinde kritik bir ad\u0131md\u0131r. <\/span><b>metal geri kazan\u0131m\u0131<\/b><span style=\"font-weight: 400;\">. Azaltarak  <\/span><a href=\"http:\/\/schlammtrocknung.com\/glossar\/wassergehalt\"><span style=\"font-weight: 400;\">su i\u00e7eri\u011fi<\/span><\/a><span style=\"font-weight: 400;\"> \u00c7amurun a\u011f\u0131rl\u0131\u011f\u0131 ve hacmi \u00f6nemli \u00f6l\u00e7\u00fcde azal\u0131r, bu da ta\u015f\u0131ma ve daha sonraki i\u015flemlerin verimlili\u011fini art\u0131r\u0131r. <\/span> <\/p>\n<p><span style=\"font-weight: 400;\">Kuru metal \u00e7amurunun i\u015flenmesi, depolanmas\u0131 ve ta\u015f\u0131nmas\u0131 daha kolayd\u0131r. Ayr\u0131ca kurutma, metallerin metal olmayan di\u011fer kirleticilerden ayr\u0131lmas\u0131n\u0131 kolayla\u015ft\u0131r\u0131r, metal \u00e7amurunun   <\/span><b>safl\u0131k<\/b><span style=\"font-weight: 400;\"> ve sonraki i\u015flem ad\u0131mlar\u0131nda \u0131s\u0131l i\u015flem maliyetlerini azalt\u0131r. <\/span>[\/vc_column_text][vc_message]<i><span style=\"font-weight: 400;\">Unutmay\u0131n:<\/span><\/i><\/p>\n<p><i><span style=\"font-weight: 400;\">Metal \u00e7amurunun kurutulmas\u0131, de\u011ferin art\u0131r\u0131lmas\u0131 ve \u00e7evresel etkinin azalt\u0131lmas\u0131 i\u00e7in \u00f6nemli bir i\u015flemdir.<\/span><\/i>[\/vc_message][\/vc_column][vc_column width=&#8221;1\/2&#8243;][vc_single_image image=&#8221;373&#8243; img_size=&#8221;600&#215;580&#8243;][vc_empty_space height=&#8221;70px&#8221;][\/vc_column][\/vc_row][vc_row][vc_column width=&#8221;1\/2&#8243;][vc_single_image image=&#8221;371&#8243; img_size=&#8221;600&#215;560&#8243;][vc_empty_space height=&#8221;70px&#8221;][\/vc_column][vc_column width=&#8221;1\/2&#8243;][vc_column_text]<\/p>\n<h2><span style=\"color: #728d2a;\">michel SLUDGE-DRYING-SYSTEMS metal geri kazan\u0131m\u0131n\u0131z\u0131 nas\u0131l m\u00fcmk\u00fcn k\u0131l\u0131yor?  <\/span><\/h2>\n<p><span style=\"font-weight: 400;\">michel SLUDGE-DRYING-SYSTEMS, metal \u00e7amurunun kurutulmas\u0131 i\u00e7in en son teknolojileri kullanmaktad\u0131r. Bizim <\/span> <b> mod\u00fcler si\u0307stemler<\/b><span style=\"font-weight: 400;\"> geli\u015fmi\u015f bir kombinasyonunu kullan\u0131r <\/span><b>kontak ve konveksiyon kurutma<\/b><span style=\"font-weight: 400;\">Bu da d\u00fc\u015f\u00fck s\u0131cakl\u0131klarda bile e\u015fit ve verimli kurutma sa\u011flar. <\/span> <\/p>\n<p><span style=\"font-weight: 400;\">Bu sadece \u00e7evreyi korumakla kalmaz, ayn\u0131 zamanda \u00e7amurun malzeme yap\u0131s\u0131n\u0131 da korur. Sistemlerimiz farkl\u0131 boyutlara ve ko\u015fullara uyarlanabilecek \u015fekilde esnek olarak tasarlanm\u0131\u015ft\u0131r ve   <\/span><b>do\u011frudan \u00e7amurun \u00e7\u0131k\u0131\u015f noktas\u0131nda <\/b><span style=\"font-weight: 400;\">nakliye ve lojistik maliyetlerini en aza indirmek i\u00e7in.<\/span><\/p>\n<p><span style=\"font-weight: 400;\">A\u015fa\u011f\u0131dakiler gibi ileri i\u015flemler yoluyla <\/span><b>erime<\/b><span style=\"font-weight: 400;\"> veya <\/span><b>kimyasal ekstraksiyon<\/b><span style=\"font-weight: 400;\"> metal \u00e7amuru kurutma i\u015flemini a\u015fa\u011f\u0131dakiler takip edebilir <\/span><b>hammaddelerin geri kazan\u0131m\u0131<\/b><span style=\"font-weight: 400;\"> ba\u015flayabilir. <\/span>[\/vc_column_text][\/vc_column][\/vc_row][vc_row][vc_column width=&#8221;1\/2&#8243;][vc_column_text]<\/p>\n<h3><span style=\"color: #728d2a;\">Metal \u00e7amurunun michel ile kurutulmas\u0131n\u0131n avantajlar\u0131 \u00c7AMUR KURUTMA S\u0130STEMLER\u0130<\/span><\/h3>\n<p><span style=\"font-weight: 400;\">i\u00e7in sistemler <\/span><b>metal \u00e7amur kurutma<\/b><span style=\"font-weight: 400;\">  michel SLUDGE-DRYING-SYSTEMS, s\u00fcrd\u00fcr\u00fclebilir ve verimli bir \u00e7\u00f6z\u00fcm olmalar\u0131n\u0131 sa\u011flayan \u00f6nemli avantajlar sunar. D\u00fc\u015f\u00fck s\u0131cakl\u0131kta kurutma i\u015flemi sayesinde   <\/span><b>Enerji t\u00fcketimi \u00f6nemli \u00f6l\u00e7\u00fcde azald\u0131<\/b><span style=\"font-weight: 400;\">Bu sadece verimlili\u011fi art\u0131rmakla kalmaz, ayn\u0131 zamanda CO\u2082 kirlili\u011fini ve di\u011fer emisyonlar\u0131 da en aza indirir. <\/span> <\/p>\n<p><span style=\"font-weight: 400;\">Sistemlerimiz ayr\u0131ca i\u015fletme ve bak\u0131m maliyetlerinizin yan\u0131 s\u0131ra metal \u00e7amurunuzun ta\u015f\u0131nmas\u0131 ve depolanmas\u0131 i\u00e7in gereken maliyetleri de azalt\u0131r. Esneklikleri, \u00e7ok \u00e7e\u015fitli miktarlarda ve t\u00fcrlerde metal \u00e7amurunun i\u015flenmesini m\u00fcmk\u00fcn k\u0131lar.   <\/span><b>do\u011frudan sahada ve \u00e7at\u0131 kaplamas\u0131 olmadan<\/b><span style=\"font-weight: 400;\"> i\u015flemek i\u00e7in. <\/span>[\/vc_column_text][vc_empty_space height=&#8221;70px&#8221;][\/vc_column][vc_column width=&#8221;1\/2&#8243;][vc_single_image image=&#8221;372&#8243; img_size=&#8221;600&#215;500&#8243;][\/vc_column][\/vc_row][vc_row][vc_column][vc_cta h2=&#8221;Metal \u00e7amurunun s\u00fcrd\u00fcr\u00fclebilir kullan\u0131m\u0131na \u015fimdi ba\u015flay\u0131n&#8221; txt_align=&#8221;center&#8221; add_button=&#8221;bottom&#8221; btn_title=&#8221;Bize ula\u015f\u0131n!&#8221; btn_style=&#8221;gradient-custom&#8221; btn_gradient_custom_color_1=&#8221;#728d2a&#8221; btn_gradient_custom_color_2=&#8221;#728d2a&#8221; btn_align=&#8221;center&#8221; btn_link=&#8221;url:https%3A%2F%2Fschlammtrocknung.com%2Fkontakt%2F|title:Bize%20ula%C5%9F%C4%B1n|&#8221;]<\/p>\n<p style=\"text-align: center;\"><span style=\"font-weight: 400;\">G\u00fcvenin <\/span><b>michel \u00c7AMUR KURUTMA S\u0130STEMLER\u0130<\/b><span style=\"font-weight: 400;\">senin i\u00e7in <\/span><b>metal \u00e7amur kurutma<\/b><span style=\"font-weight: 400;\">  i\u015finizde devrim yarat\u0131n. Yenilik\u00e7i \u00e7\u00f6z\u00fcmlerimiz hakk\u0131nda daha fazla bilgi edinmek ve \u00e7evresel ve ekonomik hedeflerinize ula\u015fman\u0131za nas\u0131l yard\u0131mc\u0131 olabilece\u011fimizi \u00f6\u011frenmek i\u00e7in bug\u00fcn bize ula\u015f\u0131n. <\/span><\/p>\n<p>[\/vc_cta][vc_empty_space height=&#8221;50px&#8221;][\/vc_column][\/vc_row][vc_row][vc_column][vc_column_text]<\/p>\n<h2 style=\"text-align: center;\"><span style=\"color: #728d2a;\">SSS &#8211; Metal \u00e7amuru kurutma hakk\u0131nda s\u0131k\u00e7a sorulan sorular<\/span><\/h2>\n<p>[\/vc_column_text][\/vc_column][\/vc_row][vc_row][vc_column][vc_toggle title=&#8221;Metal \u00e7amuru nedir?&#8221;]<span style=\"font-weight: 400;\">Metal \u00e7amuru, metal i\u015fleme ve su ar\u0131tma gibi end\u00fcstriyel proseslerin metal partik\u00fclleri ve safs\u0131zl\u0131klar i\u00e7eren bir yan \u00fcr\u00fcn\u00fcd\u00fcr. Metallerin s\u0131v\u0131lardan filtrelenmesi ile \u00fcretilir ve geri d\u00f6n\u00fc\u015f\u00fcm veya bertaraf i\u00e7in dikkatli bir i\u015flem gerektirir. <\/span>[\/vc_toggle][vc_toggle title=&#8221;Metal \u00e7amuru kurutman\u0131n avantajlar\u0131 nelerdir?&#8221;]<span style=\"font-weight: 400;\">Metal \u00e7amurunun kurutulmas\u0131 hacmini ve a\u011f\u0131rl\u0131\u011f\u0131n\u0131 en aza indirir, elle\u00e7lemeyi iyile\u015ftirir ve nakliye maliyetlerini azalt\u0131r. Ayr\u0131ca metallerin ve metal olmayan yabanc\u0131 maddelerin ayr\u0131lmas\u0131n\u0131 kolayla\u015ft\u0131r\u0131r, son \u00fcr\u00fcn\u00fcn safl\u0131\u011f\u0131n\u0131 art\u0131r\u0131r ve \u00e7evresel etkiyi azalt\u0131r. Metal \u00e7amurundan etkili metal geri kazan\u0131m\u0131n\u0131 m\u00fcmk\u00fcn k\u0131lan da budur.  <\/span>[\/vc_toggle][\/vc_column][\/vc_row]<\/p>\n<\/div>","protected":false},"excerpt":{"rendered":"<p>[vc_row content_placement=&#8221;top&#8221;][vc_column][vc_column_text] Verimli at\u0131k ar\u0131tma: metal \u00e7amurunun do\u011frudan sahada kurutulmas\u0131 [\/vc_column_text][vc_column_text] Geli\u015fmi\u015f \u00f6zelliklere g\u00fcvenin metal \u00e7amur kurutma itibaren michel \u00c7AMUR KURUTMA S\u0130STEMLER\u0130 \u00e7evre dostu ve verimli i\u00e7in at\u0131k ar\u0131tma ve do\u011frudan sahada metal geri kazan\u0131m\u0131. [\/vc_column_text][vc_empty_space height=&#8221;50px&#8221;][\/vc_column][\/vc_row][vc_row][vc_column width=&#8221;2\/3&#8243;][vc_column_text] Metal \u00e7amuru &#8211; zorluklar ve f\u0131rsatlar Metal \u00e7amuru esas olarak metallerin s\u0131v\u0131lardan filtrelendi\u011fi metal i\u015fleme veya su&hellip;<\/p>\n","protected":false},"author":1,"featured_media":0,"parent":2799,"menu_order":0,"comment_status":"closed","ping_status":"closed","template":"","meta":{"footnotes":""},"class_list":["post-2773","page","type-page","status-publish","hentry","description-off"],"yoast_head":"<!-- This site is optimized with the Yoast SEO plugin v27.3 - https:\/\/yoast.com\/product\/yoast-seo-wordpress\/ -->\n<title>Metal \u00e7amur kurutma | Michel \u00e7amur kurutma<\/title>\n<meta name=\"description\" content=\"Metal \u00e7amuru kurutma sistemleri ile etkili at\u0131k ar\u0131tma ve metal geri kazan\u0131m\u0131na g\u00fcvenin.\" \/>\n<meta name=\"robots\" content=\"index, follow, max-snippet:-1, max-image-preview:large, max-video-preview:-1\" \/>\n<link rel=\"canonical\" href=\"https:\/\/schlammtrocknung.com\/tr\/hizmetler\/metal-camur-kurutma\/\" \/>\n<meta property=\"og:locale\" content=\"tr_TR\" \/>\n<meta property=\"og:type\" content=\"article\" \/>\n<meta property=\"og:title\" content=\"Metal \u00e7amur kurutma | Michel \u00e7amur kurutma\" \/>\n<meta property=\"og:description\" content=\"Metal \u00e7amuru kurutma sistemleri ile etkili at\u0131k ar\u0131tma ve metal geri kazan\u0131m\u0131na g\u00fcvenin.\" \/>\n<meta property=\"og:url\" content=\"https:\/\/schlammtrocknung.com\/tr\/hizmetler\/metal-camur-kurutma\/\" \/>\n<meta property=\"og:site_name\" content=\"Schlammtrocknung \u2013 michel SLUDGE DRYING SYSTEM\" \/>\n<meta property=\"article:modified_time\" content=\"2025-06-18T11:04:41+00:00\" \/>\n<meta name=\"twitter:card\" content=\"summary_large_image\" \/>\n<meta name=\"twitter:label1\" content=\"Tahmini okuma s\u00fcresi\" \/>\n\t<meta name=\"twitter:data1\" content=\"6 dakika\" \/>\n<script type=\"application\/ld+json\" class=\"yoast-schema-graph\">{\"@context\":\"https:\\\/\\\/schema.org\",\"@graph\":[{\"@type\":\"WebPage\",\"@id\":\"https:\\\/\\\/schlammtrocknung.com\\\/tr\\\/hizmetler\\\/metal-camur-kurutma\\\/\",\"url\":\"https:\\\/\\\/schlammtrocknung.com\\\/tr\\\/hizmetler\\\/metal-camur-kurutma\\\/\",\"name\":\"Metal \u00e7amur kurutma | Michel \u00e7amur kurutma\",\"isPartOf\":{\"@id\":\"https:\\\/\\\/schlammtrocknung.com\\\/#website\"},\"datePublished\":\"2024-09-04T10:24:34+00:00\",\"dateModified\":\"2025-06-18T11:04:41+00:00\",\"description\":\"Metal \u00e7amuru kurutma sistemleri ile etkili at\u0131k ar\u0131tma ve metal geri kazan\u0131m\u0131na g\u00fcvenin.\",\"breadcrumb\":{\"@id\":\"https:\\\/\\\/schlammtrocknung.com\\\/tr\\\/hizmetler\\\/metal-camur-kurutma\\\/#breadcrumb\"},\"inLanguage\":\"tr\",\"potentialAction\":[{\"@type\":\"ReadAction\",\"target\":[\"https:\\\/\\\/schlammtrocknung.com\\\/tr\\\/hizmetler\\\/metal-camur-kurutma\\\/\"]}]},{\"@type\":\"BreadcrumbList\",\"@id\":\"https:\\\/\\\/schlammtrocknung.com\\\/tr\\\/hizmetler\\\/metal-camur-kurutma\\\/#breadcrumb\",\"itemListElement\":[{\"@type\":\"ListItem\",\"position\":1,\"name\":\"Startseite\",\"item\":\"https:\\\/\\\/schlammtrocknung.com\\\/tr\\\/ana-sayfa\\\/\"},{\"@type\":\"ListItem\",\"position\":2,\"name\":\"Hizmetler\",\"item\":\"https:\\\/\\\/schlammtrocknung.com\\\/tr\\\/hizmetler\\\/\"},{\"@type\":\"ListItem\",\"position\":3,\"name\":\"Metal \u00e7amur kurutma\"}]},{\"@type\":\"WebSite\",\"@id\":\"https:\\\/\\\/schlammtrocknung.com\\\/#website\",\"url\":\"https:\\\/\\\/schlammtrocknung.com\\\/\",\"name\":\"Schlammtrocknung | SDS - Schlammtrocknung\",\"description\":\"Schlamm- L\u00f6sungen f\u00fcr Kl\u00e4rwerke, Industrie und Umwelt\",\"publisher\":{\"@id\":\"https:\\\/\\\/schlammtrocknung.com\\\/#organization\"},\"potentialAction\":[{\"@type\":\"SearchAction\",\"target\":{\"@type\":\"EntryPoint\",\"urlTemplate\":\"https:\\\/\\\/schlammtrocknung.com\\\/?s={search_term_string}\"},\"query-input\":{\"@type\":\"PropertyValueSpecification\",\"valueRequired\":true,\"valueName\":\"search_term_string\"}}],\"inLanguage\":\"tr\"},{\"@type\":\"Organization\",\"@id\":\"https:\\\/\\\/schlammtrocknung.com\\\/#organization\",\"name\":\"Schlammtrocknung | SDS - Schlammtrocknung\",\"url\":\"https:\\\/\\\/schlammtrocknung.com\\\/\",\"logo\":{\"@type\":\"ImageObject\",\"inLanguage\":\"tr\",\"@id\":\"https:\\\/\\\/schlammtrocknung.com\\\/#\\\/schema\\\/logo\\\/image\\\/\",\"url\":\"https:\\\/\\\/schlammtrocknung.com\\\/wp-content\\\/uploads\\\/2023\\\/02\\\/logo_sds-1.png\",\"contentUrl\":\"https:\\\/\\\/schlammtrocknung.com\\\/wp-content\\\/uploads\\\/2023\\\/02\\\/logo_sds-1.png\",\"width\":697,\"height\":187,\"caption\":\"Schlammtrocknung | SDS - Schlammtrocknung\"},\"image\":{\"@id\":\"https:\\\/\\\/schlammtrocknung.com\\\/#\\\/schema\\\/logo\\\/image\\\/\"}}]}<\/script>\n<!-- \/ Yoast SEO plugin. -->","yoast_head_json":{"title":"Metal \u00e7amur kurutma | Michel \u00e7amur kurutma","description":"Metal \u00e7amuru kurutma sistemleri ile etkili at\u0131k ar\u0131tma ve metal geri kazan\u0131m\u0131na g\u00fcvenin.","robots":{"index":"index","follow":"follow","max-snippet":"max-snippet:-1","max-image-preview":"max-image-preview:large","max-video-preview":"max-video-preview:-1"},"canonical":"https:\/\/schlammtrocknung.com\/tr\/hizmetler\/metal-camur-kurutma\/","og_locale":"tr_TR","og_type":"article","og_title":"Metal \u00e7amur kurutma | Michel \u00e7amur kurutma","og_description":"Metal \u00e7amuru kurutma sistemleri ile etkili at\u0131k ar\u0131tma ve metal geri kazan\u0131m\u0131na g\u00fcvenin.","og_url":"https:\/\/schlammtrocknung.com\/tr\/hizmetler\/metal-camur-kurutma\/","og_site_name":"Schlammtrocknung \u2013 michel SLUDGE DRYING SYSTEM","article_modified_time":"2025-06-18T11:04:41+00:00","twitter_card":"summary_large_image","twitter_misc":{"Tahmini okuma s\u00fcresi":"6 dakika"},"schema":{"@context":"https:\/\/schema.org","@graph":[{"@type":"WebPage","@id":"https:\/\/schlammtrocknung.com\/tr\/hizmetler\/metal-camur-kurutma\/","url":"https:\/\/schlammtrocknung.com\/tr\/hizmetler\/metal-camur-kurutma\/","name":"Metal \u00e7amur kurutma | Michel \u00e7amur kurutma","isPartOf":{"@id":"https:\/\/schlammtrocknung.com\/#website"},"datePublished":"2024-09-04T10:24:34+00:00","dateModified":"2025-06-18T11:04:41+00:00","description":"Metal \u00e7amuru kurutma sistemleri ile etkili at\u0131k ar\u0131tma ve metal geri kazan\u0131m\u0131na g\u00fcvenin.","breadcrumb":{"@id":"https:\/\/schlammtrocknung.com\/tr\/hizmetler\/metal-camur-kurutma\/#breadcrumb"},"inLanguage":"tr","potentialAction":[{"@type":"ReadAction","target":["https:\/\/schlammtrocknung.com\/tr\/hizmetler\/metal-camur-kurutma\/"]}]},{"@type":"BreadcrumbList","@id":"https:\/\/schlammtrocknung.com\/tr\/hizmetler\/metal-camur-kurutma\/#breadcrumb","itemListElement":[{"@type":"ListItem","position":1,"name":"Startseite","item":"https:\/\/schlammtrocknung.com\/tr\/ana-sayfa\/"},{"@type":"ListItem","position":2,"name":"Hizmetler","item":"https:\/\/schlammtrocknung.com\/tr\/hizmetler\/"},{"@type":"ListItem","position":3,"name":"Metal \u00e7amur kurutma"}]},{"@type":"WebSite","@id":"https:\/\/schlammtrocknung.com\/#website","url":"https:\/\/schlammtrocknung.com\/","name":"Schlammtrocknung | SDS - Schlammtrocknung","description":"Schlamm- L\u00f6sungen f\u00fcr Kl\u00e4rwerke, Industrie und Umwelt","publisher":{"@id":"https:\/\/schlammtrocknung.com\/#organization"},"potentialAction":[{"@type":"SearchAction","target":{"@type":"EntryPoint","urlTemplate":"https:\/\/schlammtrocknung.com\/?s={search_term_string}"},"query-input":{"@type":"PropertyValueSpecification","valueRequired":true,"valueName":"search_term_string"}}],"inLanguage":"tr"},{"@type":"Organization","@id":"https:\/\/schlammtrocknung.com\/#organization","name":"Schlammtrocknung | SDS - Schlammtrocknung","url":"https:\/\/schlammtrocknung.com\/","logo":{"@type":"ImageObject","inLanguage":"tr","@id":"https:\/\/schlammtrocknung.com\/#\/schema\/logo\/image\/","url":"https:\/\/schlammtrocknung.com\/wp-content\/uploads\/2023\/02\/logo_sds-1.png","contentUrl":"https:\/\/schlammtrocknung.com\/wp-content\/uploads\/2023\/02\/logo_sds-1.png","width":697,"height":187,"caption":"Schlammtrocknung | SDS - Schlammtrocknung"},"image":{"@id":"https:\/\/schlammtrocknung.com\/#\/schema\/logo\/image\/"}}]}},"_links":{"self":[{"href":"https:\/\/schlammtrocknung.com\/tr\/wp-json\/wp\/v2\/pages\/2773","targetHints":{"allow":["GET"]}}],"collection":[{"href":"https:\/\/schlammtrocknung.com\/tr\/wp-json\/wp\/v2\/pages"}],"about":[{"href":"https:\/\/schlammtrocknung.com\/tr\/wp-json\/wp\/v2\/types\/page"}],"author":[{"embeddable":true,"href":"https:\/\/schlammtrocknung.com\/tr\/wp-json\/wp\/v2\/users\/1"}],"replies":[{"embeddable":true,"href":"https:\/\/schlammtrocknung.com\/tr\/wp-json\/wp\/v2\/comments?post=2773"}],"version-history":[{"count":2,"href":"https:\/\/schlammtrocknung.com\/tr\/wp-json\/wp\/v2\/pages\/2773\/revisions"}],"predecessor-version":[{"id":2777,"href":"https:\/\/schlammtrocknung.com\/tr\/wp-json\/wp\/v2\/pages\/2773\/revisions\/2777"}],"up":[{"embeddable":true,"href":"https:\/\/schlammtrocknung.com\/tr\/wp-json\/wp\/v2\/pages\/2799"}],"wp:attachment":[{"href":"https:\/\/schlammtrocknung.com\/tr\/wp-json\/wp\/v2\/media?parent=2773"}],"curies":[{"name":"wp","href":"https:\/\/api.w.org\/{rel}","templated":true}]}}