{"id":2778,"date":"2024-09-04T12:00:35","date_gmt":"2024-09-04T10:00:35","guid":{"rendered":"https:\/\/schlammtrocknung.com\/aritma-camuru-kurutma\/"},"modified":"2025-06-18T13:04:41","modified_gmt":"2025-06-18T11:04:41","slug":"aritma-camuru-kurutma","status":"publish","type":"page","link":"https:\/\/schlammtrocknung.com\/tr\/hizmetler\/aritma-camuru-kurutma\/","title":{"rendered":"Ar\u0131tma \u00e7amuru kurutma"},"content":{"rendered":"<div class=\"wpb-content-wrapper\"><p>[vc_row content_placement=&#8221;top&#8221;][vc_column][vc_column_text]<\/p>\n<h1 style=\"text-align: center;\"><span style=\"color: #728d2a;\">  Ar\u0131tma \u00e7amurunun michel ile kurutulmas\u0131 \u00c7AMUR KURUTMA S\u0130STEMLER\u0130<\/span><\/h1>\n<p>[\/vc_column_text][vc_column_text]<\/p>\n<p style=\"text-align: center;\"><span style=\"font-weight: 400;\">Geli\u015fmi\u015f <\/span><b>Ar\u0131tma \u00e7amuru kurutma<\/b><span style=\"font-weight: 400;\">\u00c7evre standartlar\u0131n\u0131 yeniden tan\u0131mlayan ve ayn\u0131 zamanda ekonomik olarak avantajl\u0131 olan &#8211; t\u00fcm bunlar a\u015fa\u011f\u0131daki sistemlerle ger\u00e7ekle\u015ftirilir <\/span><b>michel \u00c7AMUR KURUTMA S\u0130STEMLER\u0130 <\/b> <span style=\"font-weight: 400;\">m\u00fcmk\u00fcn. Tesislerimiz ar\u0131tma \u00e7amurunu nazik\u00e7e bertaraf etmek i\u00e7in en uygun \u015fekilde haz\u0131rlar veya   <\/span><a href=\"http:\/\/schlammtrocknung.com\/schlammverwertung\"><span style=\"font-weight: 400;\">DE\u011eERLEND\u0130RME<\/span><\/a><span style=\"font-weight: 400;\">\u00f6rne\u011fin, a\u015fa\u011f\u0131daki durumlarda <\/span><a href=\"http:\/\/schlammtrocknung.com\/blog\/phosphor-recycling\"><span style=\"font-weight: 400;\">fosfor geri\u0307 d\u00f6n\u00fc\u015f\u00fcm\u00fc<\/span><\/a><span style=\"font-weight: 400;\">Daha \u00f6nce.<\/span><\/p>\n<p>[\/vc_column_text][vc_empty_space height=&#8221;50px&#8221;][\/vc_column][\/vc_row][vc_row][vc_column width=&#8221;2\/3&#8243;][vc_column_text]<\/p>\n<h2><span style=\"color: #728d2a;\">Ar\u0131tma \u00e7amuru kurutma &#8211; at\u0131k kullan\u0131m\u0131n\u0131z i\u00e7in belirleyici bir ad\u0131m<\/span><\/h2>\n<p>[\/vc_column_text][vc_message]<i><span style=\"font-weight: 400;\">Ar\u0131tma \u00e7amuru nedir?<\/span><\/i><\/p>\n<p><i><span style=\"font-weight: 400;\">Kanalizasyon \u00e7amuru, at\u0131k su ar\u0131t\u0131m\u0131n\u0131n bir yan \u00fcr\u00fcn\u00fc olup, at\u0131k sudan uzakla\u015ft\u0131r\u0131lm\u0131\u015f kat\u0131 maddelerden olu\u015fur. Bu \u00e7amur, hala y\u00fcksek nem i\u00e7eri\u011fine sahiptir,   <\/span><\/i><i><span style=\"font-weight: 400;\">Organik ve inorganik maddeler i\u00e7erir, <\/span><\/i><i><span style=\"font-weight: 400;\">mikroorganizmalar ve potansiyel olarak patojenik bakteriler. <\/span><\/i>[\/vc_message][vc_column_text]<span style=\"font-weight: 400;\">\u00c7amur ayr\u0131ca a\u011f\u0131r metaller ve dikkatli ar\u0131tma gerektiren di\u011fer kirleticiler i\u00e7erebilir. <\/span><a href=\"http:\/\/schlammtrocknung.com\/leistungen\/schlammbehandlung\"><span style=\"font-weight: 400;\">Ar\u0131tma<\/span><\/a><span style=\"font-weight: 400;\">  \u00e7evreyi ve insan sa\u011fl\u0131\u011f\u0131n\u0131 korumak i\u00e7in. Bu   <\/span><b>ar\u0131tma \u00e7amurunun etkili ve g\u00fcvenli bir \u015fekilde kurutulmas\u0131<\/b><span style=\"font-weight: 400;\"> bu nedenle modern at\u0131k y\u00f6netimi ve \u00e7evre koruma stratejilerinin merkezi bir unsurudur.<\/span>[\/vc_column_text][vc_empty_space height=&#8221;70px&#8221;][\/vc_column][vc_column width=&#8221;1\/3&#8243;][vc_single_image image=&#8221;1166&#8243; img_size=&#8221;400&#215;500&#8243;][\/vc_column][\/vc_row][vc_row][vc_column width=&#8221;1\/2&#8243;][vc_single_image image=&#8221;374&#8243; img_size=&#8221;600&#215;400&#8243;][vc_empty_space height=&#8221;70px&#8221;][\/vc_column][vc_column width=&#8221;1\/2&#8243;][vc_column_text]<\/p>\n<h2><span style=\"color: #728d2a;\">Bu nedenle ar\u0131tma \u00e7amurunun kurutulmas\u0131 vazge\u00e7ilmezdir<\/span><\/h2>\n<p>Ar\u0131tma \u00e7amurunun kurutulmas\u0131, s\u0131v\u0131 i\u00e7eri\u011finin b\u00fcy\u00fck bir k\u0131sm\u0131n\u0131 ortadan kald\u0131rd\u0131\u011f\u0131 i\u00e7in hacmini ve a\u011f\u0131rl\u0131\u011f\u0131n\u0131 \u00f6nemli \u00f6l\u00e7\u00fcde azalt\u0131r. Bu, ar\u0131tma \u00e7amurunun ta\u015f\u0131nmas\u0131n\u0131 ve daha sonraki i\u015flemlerini kolayla\u015ft\u0131r\u0131r ve maliyetleri azalt\u0131r. <\/p>\n<p><span style=\"font-weight: 400;\">Kurutma, biyolojik aktiviteyi azaltarak \u00e7amurun stabilize edilmesine yard\u0131mc\u0131 olur, <\/span><span style=\"font-weight: 400;\">KOKULAR<\/span><span style=\"font-weight: 400;\">  en aza indirilir ve patojenlerin yay\u0131lmas\u0131 \u00f6nlenir. Ayn\u0131 zamanda   <\/span><b>\u0130yile\u015fme<\/b><span style=\"font-weight: 400;\"> \u00e7amurdan de\u011ferli maddelerin daha verimli bir \u015fekilde ayr\u0131lmas\u0131.<\/span><\/p>\n<h3><\/h3>\n<p>[\/vc_column_text][\/vc_column][\/vc_row][vc_row][vc_column width=&#8221;1\/2&#8243;][vc_column_text]<b>Kurutulmu\u015f ar\u0131tma \u00e7amuru<\/b><span style=\"font-weight: 400;\"> g\u00fcvenli bir \u015fekilde depolanabilir ve \u00e7e\u015fitli \u015fekillerde kullan\u0131labilir:<\/span><\/p>\n<ul>\n<li style=\"font-weight: 400;\" aria-level=\"1\"><b>Yenilenebilir bir yak\u0131t olarak<\/b><span style=\"font-weight: 400;\"> enerji \u00fcretimi i\u00e7in biyok\u00fctle enerji santrallerinde<\/span><\/li>\n<li style=\"font-weight: 400;\" aria-level=\"1\"><b>Y\u00fcksek kaliteli bir g\u00fcbre olarak <\/b><span style=\"font-weight: 400;\">tar\u0131m i\u00e7in gerekli besin maddeleri ile<\/span><\/li>\n<li style=\"font-weight: 400;\" aria-level=\"1\"><b>\u0130n\u015faat sekt\u00f6r\u00fcnde<\/b><span style=\"font-weight: 400;\"> tu\u011fla veya kald\u0131r\u0131m ta\u015f\u0131 gibi yap\u0131 malzemelerinin \u00fcretimi i\u00e7in agrega olarak<\/span><\/li>\n<li style=\"font-weight: 400;\" aria-level=\"1\"><b>De\u011ferli fosforun geri kazan\u0131m\u0131 i\u00e7in <\/b><span style=\"font-weight: 400;\">kurutulmu\u015f \u00e7amurdan<\/span><\/li>\n<\/ul>\n<p>[\/vc_column_text][\/vc_column][vc_column width=&#8221;1\/2&#8243;][vc_single_image image=&#8221;373&#8243; img_size=&#8221;600&#215;380&#8243;][vc_empty_space height=&#8221;70px&#8221;][\/vc_column][\/vc_row][vc_row][vc_column width=&#8221;1\/2&#8243;][vc_single_image image=&#8221;371&#8243; img_size=&#8221;600&#215;500&#8243;][vc_empty_space height=&#8221;70px&#8221;][\/vc_column][vc_column width=&#8221;1\/2&#8243;][vc_column_text]<\/p>\n<h2><span style=\"color: #728d2a;\">michel \u00e7amur kurutma si\u0307stemleri\u0307 i\u0307le s\u00fcrd\u00fcr\u00fclebi\u0307li\u0307r aritma \u00e7amuru kullanimi<\/span><\/h2>\n<p><span style=\"font-weight: 400;\">michel SLUDGE-DRYING-SYSTEMS, ar\u0131tma \u00e7amurunu verimli bir \u015fekilde kurutmak i\u00e7in yenilik\u00e7i teknolojiler kullan\u0131r. Bizim   <\/span><b>sistemler<\/b><span style=\"font-weight: 400;\"> temasl\u0131 ve konveksiyonlu kurutman\u0131n bir kombinasyonunu kullan\u0131n <\/span><span style=\"font-weight: 400;\">ar\u0131tma \u00e7amurunuzun d\u00fczg\u00fcn ve nazik bir \u015fekilde kurutulmas\u0131 i\u00e7in <\/span><span style=\"font-weight: 400;\">&#8211; Do\u011frudan sahada kurutuldu\u011fu i\u00e7in nakliyeye gerek yoktur. <\/span> <\/p>\n<p><span style=\"font-weight: 400;\">Bu <\/span><b>ar\u0131tma \u00e7amuru kurutma<\/b><span style=\"font-weight: 400;\">  enerji tasarrufu sa\u011flamak ve \u00e7amurun i\u00e7erdi\u011fi faydal\u0131 maddeleri korumak i\u00e7in <a href=\"https:\/\/schlammtrocknung.com\/tr\/duesuek-sicaklikta-kurutucu\/\">d\u00fc\u015f\u00fck s\u0131cakl\u0131klarda<\/a> ger\u00e7ekle\u015fir. Mod\u00fcler sistemlerimiz farkl\u0131 \u00e7amur t\u00fcrlerine ve miktarlar\u0131na uyarlanabilir ve <strong>t\u00fcm<\/strong> \u00e7amur t\u00fcrlerinde mevcuttur. <\/span> <b> boyutlar\u0131 <\/b><span style=\"font-weight: 400;\">farkl\u0131 kurulumlar\u0131n ihtiya\u00e7lar\u0131n\u0131 kar\u015f\u0131lamak i\u00e7in mevcuttur.<\/span>[\/vc_column_text][\/vc_column][\/vc_row][vc_row][vc_column width=&#8221;1\/2&#8243;][vc_column_text]<\/p>\n<h3><span style=\"color: #728d2a;\">michel \u00e7amur kurutma si\u0307stemleri\u0307 i\u0307le aritma \u00e7amuru kurutmanin avantajlari<\/span><\/h3>\n<p><span style=\"font-weight: 400;\">Michel SLUDGE-DRYING-SYSTEMS, teknolojimizi geleneksel sistemlerden ay\u0131ran \u00e7ok say\u0131da avantaj sunmaktad\u0131r <\/span><span style=\"font-weight: 400;\">farkl\u0131la\u015ft\u0131rmak<\/span><span style=\"font-weight: 400;\">:<\/span><\/p>\n<ul>\n<li style=\"font-weight: 400;\" aria-level=\"1\"><b>Do\u011frudan sahada:<\/b><span style=\"font-weight: 400;\"> Do\u011frudan \u00e7amurun \u00fcretildi\u011fi yere kurulan \u00e7\u00f6z\u00fcmlerimiz lojistik maliyetlerinden tasarruf sa\u011flar.<\/span><\/li>\n<li style=\"font-weight: 400;\" aria-level=\"1\"><b>Ekolojik olarak s\u00fcrd\u00fcr\u00fclebilir:<\/b> <span style=\"font-weight: 400;\">Do\u011frudan emisyon yok ve \u00f6nemli \u00f6l\u00e7\u00fcde CO\u2082 azalt\u0131m\u0131<\/span><\/li>\n<li style=\"font-weight: 400;\" aria-level=\"1\"><b>Verimli s\u00fcre\u00e7<\/b><b>:<\/b><span style=\"font-weight: 400;\"> D\u00fc\u015f\u00fck s\u0131cakl\u0131kta kurutma sayesinde maksimum enerji verimlili\u011fi ve d\u00fc\u015f\u00fck i\u015fletme maliyetleri elde ediyoruz.<\/span><\/li>\n<li style=\"font-weight: 400;\" aria-level=\"1\"><b>\u00c7ok y\u00f6nl\u00fc ve \u00f6zelle\u015ftirilebilir:<\/b><span style=\"font-weight: 400;\"> Sistemler farkl\u0131 \u00e7amur t\u00fcrleri i\u00e7in uygundur ve mod\u00fcler olarak geni\u015fletilebilir.<\/span><\/li>\n<li style=\"font-weight: 400;\" aria-level=\"1\"><b>Dayan\u0131kl\u0131 ve az bak\u0131m gerektirir:<\/b> <span style=\"font-weight: 400;\">Sa\u011flam tasar\u0131m\u0131m\u0131z ve ileri teknolojimiz g\u00fcvenilirli\u011fi en \u00fcst d\u00fczeye \u00e7\u0131kar\u0131r.<\/span><\/li>\n<\/ul>\n<p>[\/vc_column_text][vc_empty_space height=&#8221;70px&#8221;][\/vc_column][vc_column width=&#8221;1\/2&#8243;][vc_single_image image=&#8221;372&#8243; img_size=&#8221;600&#215;500&#8243;][\/vc_column][\/vc_row][vc_row][vc_column][vc_cta h2=&#8221;Ar\u0131tma \u00e7amuru kurutman\u0131z\u0131 kendi ellerinize al\u0131n&#8221; txt_align=&#8221;center&#8221; add_button=&#8221;bottom&#8221; btn_title=&#8221;Bize ula\u015f\u0131n!&#8221; btn_style=&#8221;gradient-custom&#8221; btn_gradient_custom_color_1=&#8221;#728d2a&#8221; btn_gradient_custom_color_2=&#8221;#728d2a&#8221; btn_align=&#8221;center&#8221; btn_link=&#8221;url:https%3A%2F%2Fschlammtrocknung.com%2Fkontakt%2F|title:Bize%20ula%C5%9F%C4%B1n|&#8221;]<\/p>\n<p style=\"text-align: center;\"><span style=\"font-weight: 400;\">G\u00fcvenin <\/span><b>michel \u00c7AMUR KURUTMA S\u0130STEMLER\u0130<\/b><span style=\"font-weight: 400;\">senin i\u00e7in <\/span><b>ar\u0131tma \u00e7amuru kurutma<\/b><span style=\"font-weight: 400;\">  \u00e7evre dostu ve uygun maliyetli. Sistemlerimizin i\u015f ve s\u00fcrd\u00fcr\u00fclebilirlik hedeflerinize ula\u015fman\u0131za nas\u0131l yard\u0131mc\u0131 olabilece\u011fi hakk\u0131nda daha fazla bilgi edinmek i\u00e7in hemen bizimle ileti\u015fime ge\u00e7in. <\/span><\/p>\n<p>[\/vc_cta][vc_empty_space height=&#8221;50px&#8221;][\/vc_column][\/vc_row][vc_row][vc_column][vc_column_text]<\/p>\n<h2 style=\"text-align: center;\"><span style=\"color: #728d2a;\">SSS &#8211; Ar\u0131tma \u00e7amuru kurutma hakk\u0131nda s\u0131k\u00e7a sorulan sorular<\/span><\/h2>\n<p>[\/vc_column_text][\/vc_column][\/vc_row][vc_row][vc_column][vc_toggle title=&#8221;Ar\u0131tma \u00e7amuru nas\u0131l kurutulur?&#8221;]<span style=\"font-weight: 400;\">Ar\u0131tma \u00e7amuru, temas ve konveksiyon kurutma gibi teknikler kullan\u0131larak \u0131s\u0131 ve bas\u0131n\u00e7 uygulanarak kurutulur. Bu i\u015flem \u00e7amurdaki nemi gidererek hacmini ve a\u011f\u0131rl\u0131\u011f\u0131n\u0131 azalt\u0131r ve ta\u015f\u0131ma, depolama ve daha sonraki i\u015flemleri kolayla\u015ft\u0131r\u0131r. <\/span>[\/vc_toggle][vc_toggle title=&#8221;Ar\u0131tma \u00e7amuru tam olarak nedir?&#8221;]<span style=\"font-weight: 400;\">Kanalizasyon \u00e7amuru, at\u0131k su ar\u0131t\u0131m\u0131n\u0131n bir yan \u00fcr\u00fcn\u00fcd\u00fcr ve esas olarak sudan s\u00fcz\u00fclen organik maddeler, mikroorganizmalar ve kat\u0131 maddelerden olu\u015fur. Azot ve fosfor gibi besin maddeleri i\u00e7erir, ancak ayn\u0131 zamanda bakteri ve a\u011f\u0131r metaller gibi kirleticiler de i\u00e7erebilir, bu da dikkatli bir ar\u0131tma ve bertaraf gerektirir. <\/span>[\/vc_toggle][vc_toggle title=&#8221;Kanalizasyon \u00e7amuru yan\u0131c\u0131 m\u0131d\u0131r?&#8221;]<span style=\"font-weight: 400;\">Evet, ar\u0131tma \u00e7amuru \u00f6zellikle tamamen kurutulduktan sonra yan\u0131c\u0131d\u0131r. Kurutulmu\u015f ar\u0131tma \u00e7amuru, enerji \u00fcretmek i\u00e7in \u00f6zel olarak tasarlanm\u0131\u015f tesislerde yak\u0131t olarak kullan\u0131labilir. Ancak, ar\u0131tma \u00e7amuru kurutulmadan \u00f6nce, y\u00fcksek su i\u00e7eri\u011fi nedeniyle malzeme genellikle yan\u0131c\u0131 de\u011fildir.  <\/span>[\/vc_toggle][\/vc_column][\/vc_row]<\/p>\n<\/div>","protected":false},"excerpt":{"rendered":"<p>[vc_row content_placement=&#8221;top&#8221;][vc_column][vc_column_text] Ar\u0131tma \u00e7amurunun michel ile kurutulmas\u0131 \u00c7AMUR KURUTMA S\u0130STEMLER\u0130 [\/vc_column_text][vc_column_text] Geli\u015fmi\u015f Ar\u0131tma \u00e7amuru kurutma\u00c7evre standartlar\u0131n\u0131 yeniden tan\u0131mlayan ve ayn\u0131 zamanda ekonomik olarak avantajl\u0131 olan &#8211; t\u00fcm bunlar a\u015fa\u011f\u0131daki sistemlerle ger\u00e7ekle\u015ftirilir michel \u00c7AMUR KURUTMA S\u0130STEMLER\u0130 m\u00fcmk\u00fcn. Tesislerimiz ar\u0131tma \u00e7amurunu nazik\u00e7e bertaraf etmek i\u00e7in en uygun \u015fekilde haz\u0131rlar veya DE\u011eERLEND\u0130RME\u00f6rne\u011fin, a\u015fa\u011f\u0131daki durumlarda fosfor geri\u0307 d\u00f6n\u00fc\u015f\u00fcm\u00fcDaha \u00f6nce.&hellip;<\/p>\n","protected":false},"author":1,"featured_media":0,"parent":2799,"menu_order":0,"comment_status":"closed","ping_status":"closed","template":"","meta":{"footnotes":""},"class_list":["post-2778","page","type-page","status-publish","hentry","description-off"],"yoast_head":"<!-- This site is optimized with the Yoast SEO plugin v27.3 - https:\/\/yoast.com\/product\/yoast-seo-wordpress\/ -->\n<title>Ar\u0131tma \u00e7amuru kurutma | Michel \u00e7amur kurutma<\/title>\n<meta name=\"description\" content=\"michel SLUDGE-DRYING-SYSTEMS&#039;in geli\u015fmi\u015f ar\u0131tma \u00e7amuru kurutmas\u0131 ile at\u0131k kullan\u0131m\u0131n\u0131z\u0131 optimize edin.\" \/>\n<meta name=\"robots\" content=\"index, follow, max-snippet:-1, max-image-preview:large, max-video-preview:-1\" \/>\n<link rel=\"canonical\" href=\"https:\/\/schlammtrocknung.com\/tr\/hizmetler\/aritma-camuru-kurutma\/\" \/>\n<meta property=\"og:locale\" content=\"tr_TR\" \/>\n<meta property=\"og:type\" content=\"article\" \/>\n<meta property=\"og:title\" content=\"Ar\u0131tma \u00e7amuru kurutma | Michel \u00e7amur kurutma\" \/>\n<meta property=\"og:description\" content=\"michel SLUDGE-DRYING-SYSTEMS&#039;in geli\u015fmi\u015f ar\u0131tma \u00e7amuru kurutmas\u0131 ile at\u0131k kullan\u0131m\u0131n\u0131z\u0131 optimize edin.\" \/>\n<meta property=\"og:url\" content=\"https:\/\/schlammtrocknung.com\/tr\/hizmetler\/aritma-camuru-kurutma\/\" \/>\n<meta property=\"og:site_name\" content=\"Schlammtrocknung \u2013 michel SLUDGE DRYING SYSTEM\" \/>\n<meta property=\"article:modified_time\" content=\"2025-06-18T11:04:41+00:00\" \/>\n<meta name=\"twitter:card\" content=\"summary_large_image\" \/>\n<meta name=\"twitter:label1\" content=\"Tahmini okuma s\u00fcresi\" \/>\n\t<meta name=\"twitter:data1\" content=\"6 dakika\" \/>\n<script type=\"application\/ld+json\" class=\"yoast-schema-graph\">{\"@context\":\"https:\\\/\\\/schema.org\",\"@graph\":[{\"@type\":\"WebPage\",\"@id\":\"https:\\\/\\\/schlammtrocknung.com\\\/tr\\\/hizmetler\\\/aritma-camuru-kurutma\\\/\",\"url\":\"https:\\\/\\\/schlammtrocknung.com\\\/tr\\\/hizmetler\\\/aritma-camuru-kurutma\\\/\",\"name\":\"Ar\u0131tma \u00e7amuru kurutma | Michel \u00e7amur kurutma\",\"isPartOf\":{\"@id\":\"https:\\\/\\\/schlammtrocknung.com\\\/#website\"},\"datePublished\":\"2024-09-04T10:00:35+00:00\",\"dateModified\":\"2025-06-18T11:04:41+00:00\",\"description\":\"michel SLUDGE-DRYING-SYSTEMS'in geli\u015fmi\u015f ar\u0131tma \u00e7amuru kurutmas\u0131 ile at\u0131k kullan\u0131m\u0131n\u0131z\u0131 optimize edin.\",\"breadcrumb\":{\"@id\":\"https:\\\/\\\/schlammtrocknung.com\\\/tr\\\/hizmetler\\\/aritma-camuru-kurutma\\\/#breadcrumb\"},\"inLanguage\":\"tr\",\"potentialAction\":[{\"@type\":\"ReadAction\",\"target\":[\"https:\\\/\\\/schlammtrocknung.com\\\/tr\\\/hizmetler\\\/aritma-camuru-kurutma\\\/\"]}]},{\"@type\":\"BreadcrumbList\",\"@id\":\"https:\\\/\\\/schlammtrocknung.com\\\/tr\\\/hizmetler\\\/aritma-camuru-kurutma\\\/#breadcrumb\",\"itemListElement\":[{\"@type\":\"ListItem\",\"position\":1,\"name\":\"Startseite\",\"item\":\"https:\\\/\\\/schlammtrocknung.com\\\/tr\\\/ana-sayfa\\\/\"},{\"@type\":\"ListItem\",\"position\":2,\"name\":\"Hizmetler\",\"item\":\"https:\\\/\\\/schlammtrocknung.com\\\/tr\\\/hizmetler\\\/\"},{\"@type\":\"ListItem\",\"position\":3,\"name\":\"Ar\u0131tma \u00e7amuru kurutma\"}]},{\"@type\":\"WebSite\",\"@id\":\"https:\\\/\\\/schlammtrocknung.com\\\/#website\",\"url\":\"https:\\\/\\\/schlammtrocknung.com\\\/\",\"name\":\"Schlammtrocknung | SDS - Schlammtrocknung\",\"description\":\"Schlamm- L\u00f6sungen f\u00fcr Kl\u00e4rwerke, Industrie und Umwelt\",\"publisher\":{\"@id\":\"https:\\\/\\\/schlammtrocknung.com\\\/#organization\"},\"potentialAction\":[{\"@type\":\"SearchAction\",\"target\":{\"@type\":\"EntryPoint\",\"urlTemplate\":\"https:\\\/\\\/schlammtrocknung.com\\\/?s={search_term_string}\"},\"query-input\":{\"@type\":\"PropertyValueSpecification\",\"valueRequired\":true,\"valueName\":\"search_term_string\"}}],\"inLanguage\":\"tr\"},{\"@type\":\"Organization\",\"@id\":\"https:\\\/\\\/schlammtrocknung.com\\\/#organization\",\"name\":\"Schlammtrocknung | SDS - Schlammtrocknung\",\"url\":\"https:\\\/\\\/schlammtrocknung.com\\\/\",\"logo\":{\"@type\":\"ImageObject\",\"inLanguage\":\"tr\",\"@id\":\"https:\\\/\\\/schlammtrocknung.com\\\/#\\\/schema\\\/logo\\\/image\\\/\",\"url\":\"https:\\\/\\\/schlammtrocknung.com\\\/wp-content\\\/uploads\\\/2023\\\/02\\\/logo_sds-1.png\",\"contentUrl\":\"https:\\\/\\\/schlammtrocknung.com\\\/wp-content\\\/uploads\\\/2023\\\/02\\\/logo_sds-1.png\",\"width\":697,\"height\":187,\"caption\":\"Schlammtrocknung | SDS - Schlammtrocknung\"},\"image\":{\"@id\":\"https:\\\/\\\/schlammtrocknung.com\\\/#\\\/schema\\\/logo\\\/image\\\/\"}}]}<\/script>\n<!-- \/ Yoast SEO plugin. -->","yoast_head_json":{"title":"Ar\u0131tma \u00e7amuru kurutma | Michel \u00e7amur kurutma","description":"michel SLUDGE-DRYING-SYSTEMS'in geli\u015fmi\u015f ar\u0131tma \u00e7amuru kurutmas\u0131 ile at\u0131k kullan\u0131m\u0131n\u0131z\u0131 optimize edin.","robots":{"index":"index","follow":"follow","max-snippet":"max-snippet:-1","max-image-preview":"max-image-preview:large","max-video-preview":"max-video-preview:-1"},"canonical":"https:\/\/schlammtrocknung.com\/tr\/hizmetler\/aritma-camuru-kurutma\/","og_locale":"tr_TR","og_type":"article","og_title":"Ar\u0131tma \u00e7amuru kurutma | Michel \u00e7amur kurutma","og_description":"michel SLUDGE-DRYING-SYSTEMS'in geli\u015fmi\u015f ar\u0131tma \u00e7amuru kurutmas\u0131 ile at\u0131k kullan\u0131m\u0131n\u0131z\u0131 optimize edin.","og_url":"https:\/\/schlammtrocknung.com\/tr\/hizmetler\/aritma-camuru-kurutma\/","og_site_name":"Schlammtrocknung \u2013 michel SLUDGE DRYING SYSTEM","article_modified_time":"2025-06-18T11:04:41+00:00","twitter_card":"summary_large_image","twitter_misc":{"Tahmini okuma s\u00fcresi":"6 dakika"},"schema":{"@context":"https:\/\/schema.org","@graph":[{"@type":"WebPage","@id":"https:\/\/schlammtrocknung.com\/tr\/hizmetler\/aritma-camuru-kurutma\/","url":"https:\/\/schlammtrocknung.com\/tr\/hizmetler\/aritma-camuru-kurutma\/","name":"Ar\u0131tma \u00e7amuru kurutma | Michel \u00e7amur kurutma","isPartOf":{"@id":"https:\/\/schlammtrocknung.com\/#website"},"datePublished":"2024-09-04T10:00:35+00:00","dateModified":"2025-06-18T11:04:41+00:00","description":"michel SLUDGE-DRYING-SYSTEMS'in geli\u015fmi\u015f ar\u0131tma \u00e7amuru kurutmas\u0131 ile at\u0131k kullan\u0131m\u0131n\u0131z\u0131 optimize edin.","breadcrumb":{"@id":"https:\/\/schlammtrocknung.com\/tr\/hizmetler\/aritma-camuru-kurutma\/#breadcrumb"},"inLanguage":"tr","potentialAction":[{"@type":"ReadAction","target":["https:\/\/schlammtrocknung.com\/tr\/hizmetler\/aritma-camuru-kurutma\/"]}]},{"@type":"BreadcrumbList","@id":"https:\/\/schlammtrocknung.com\/tr\/hizmetler\/aritma-camuru-kurutma\/#breadcrumb","itemListElement":[{"@type":"ListItem","position":1,"name":"Startseite","item":"https:\/\/schlammtrocknung.com\/tr\/ana-sayfa\/"},{"@type":"ListItem","position":2,"name":"Hizmetler","item":"https:\/\/schlammtrocknung.com\/tr\/hizmetler\/"},{"@type":"ListItem","position":3,"name":"Ar\u0131tma \u00e7amuru kurutma"}]},{"@type":"WebSite","@id":"https:\/\/schlammtrocknung.com\/#website","url":"https:\/\/schlammtrocknung.com\/","name":"Schlammtrocknung | SDS - Schlammtrocknung","description":"Schlamm- L\u00f6sungen f\u00fcr Kl\u00e4rwerke, Industrie und Umwelt","publisher":{"@id":"https:\/\/schlammtrocknung.com\/#organization"},"potentialAction":[{"@type":"SearchAction","target":{"@type":"EntryPoint","urlTemplate":"https:\/\/schlammtrocknung.com\/?s={search_term_string}"},"query-input":{"@type":"PropertyValueSpecification","valueRequired":true,"valueName":"search_term_string"}}],"inLanguage":"tr"},{"@type":"Organization","@id":"https:\/\/schlammtrocknung.com\/#organization","name":"Schlammtrocknung | SDS - Schlammtrocknung","url":"https:\/\/schlammtrocknung.com\/","logo":{"@type":"ImageObject","inLanguage":"tr","@id":"https:\/\/schlammtrocknung.com\/#\/schema\/logo\/image\/","url":"https:\/\/schlammtrocknung.com\/wp-content\/uploads\/2023\/02\/logo_sds-1.png","contentUrl":"https:\/\/schlammtrocknung.com\/wp-content\/uploads\/2023\/02\/logo_sds-1.png","width":697,"height":187,"caption":"Schlammtrocknung | SDS - Schlammtrocknung"},"image":{"@id":"https:\/\/schlammtrocknung.com\/#\/schema\/logo\/image\/"}}]}},"_links":{"self":[{"href":"https:\/\/schlammtrocknung.com\/tr\/wp-json\/wp\/v2\/pages\/2778","targetHints":{"allow":["GET"]}}],"collection":[{"href":"https:\/\/schlammtrocknung.com\/tr\/wp-json\/wp\/v2\/pages"}],"about":[{"href":"https:\/\/schlammtrocknung.com\/tr\/wp-json\/wp\/v2\/types\/page"}],"author":[{"embeddable":true,"href":"https:\/\/schlammtrocknung.com\/tr\/wp-json\/wp\/v2\/users\/1"}],"replies":[{"embeddable":true,"href":"https:\/\/schlammtrocknung.com\/tr\/wp-json\/wp\/v2\/comments?post=2778"}],"version-history":[{"count":2,"href":"https:\/\/schlammtrocknung.com\/tr\/wp-json\/wp\/v2\/pages\/2778\/revisions"}],"predecessor-version":[{"id":2787,"href":"https:\/\/schlammtrocknung.com\/tr\/wp-json\/wp\/v2\/pages\/2778\/revisions\/2787"}],"up":[{"embeddable":true,"href":"https:\/\/schlammtrocknung.com\/tr\/wp-json\/wp\/v2\/pages\/2799"}],"wp:attachment":[{"href":"https:\/\/schlammtrocknung.com\/tr\/wp-json\/wp\/v2\/media?parent=2778"}],"curies":[{"name":"wp","href":"https:\/\/api.w.org\/{rel}","templated":true}]}}