{"id":2785,"date":"2024-08-30T11:00:11","date_gmt":"2024-08-30T09:00:11","guid":{"rendered":"https:\/\/schlammtrocknung.com\/camur-kullanimi\/"},"modified":"2025-06-18T13:04:35","modified_gmt":"2025-06-18T11:04:35","slug":"camur-kullanimi","status":"publish","type":"page","link":"https:\/\/schlammtrocknung.com\/tr\/camur-kullanimi\/","title":{"rendered":"\u00c7amur kullan\u0131m\u0131"},"content":{"rendered":"<div class=\"wpb-content-wrapper\"><p>[vc_row][vc_column][vc_custom_heading text=&#8221;Geri d\u00f6n\u00fc\u015ft\u00fcr\u00fclebilir malzemeye \u00e7amur kullan\u0131m\u0131 ile&#8221; font_container=&#8221;tag:h1|text_align:center|color:%23728d2a&#8221; use_theme_fonts=&#8221;yes&#8221;][vc_column_text]<\/p>\n<p style=\"text-align: center;\"><span style=\"font-weight: 400;\">Etkili bir <\/span><b>\u00e7amur kullan\u0131m\u0131<\/b><span style=\"font-weight: 400;\">  sadece \u00e7evreyi korumakla kalmay\u0131p ayn\u0131 zamanda de\u011ferli kaynaklar\u0131 da geri kazand\u0131ran s\u00fcrd\u00fcr\u00fclebilir at\u0131k y\u00f6netimi i\u00e7in b\u00fcy\u00fck bir potansiyel sunmaktad\u0131r. Geli\u015fmi\u015f sistemler   <\/span><b>michel \u00c7AMUR KURUTMA S\u0130STEMLER\u0130<\/b><span style=\"font-weight: 400;\">  verimli kullan\u0131m y\u00f6ntemleri i\u00e7in temel olu\u015fturur. \u00c7amuru daha sonra kullan\u0131lmak \u00fczere haz\u0131rlarlar. <\/span><\/p>\n<p style=\"text-align: center;\"><a href=\"https:\/\/schlammtrocknung.com\/tr\/bize-ulasin\/\">Sistemleri \u015fimdi ke\u015ffedin!<\/a><\/p>\n<p>[\/vc_column_text][\/vc_column][\/vc_row][vc_row][vc_column][vc_custom_heading text=&#8221;Yak\u0131ttan in\u015faata &#8211; \u00e7amur kullan\u0131m potansiyeli&#8221; font_container=&#8221;tag:h2|text_align:left|color:%23728d2a&#8221; use_theme_fonts=&#8221;yes&#8221;][\/vc_column][\/vc_row][vc_row][vc_column width=&#8221;1\/2&#8243;][vc_column_text]<b>\u00c7amur<\/b><span style=\"font-weight: 400;\">T\u00fcketici veya end\u00fcstriyel at\u0131k olarak biriken at\u0131klar \u00e7e\u015fitli \u015fekillerde s\u00fcrd\u00fcr\u00fclebilir bir \u015fekilde geri d\u00f6n\u00fc\u015ft\u00fcr\u00fclebilir. <\/span> <\/p>\n<p><span style=\"font-weight: 400;\">\u0130leri i\u015flemlerle kurutulmu\u015f \u00e7amur, enerji santrallerinde enerji \u00fcretmek i\u00e7in kullan\u0131labilecek kat\u0131 bir yak\u0131ta d\u00f6n\u00fc\u015ft\u00fcr\u00fclebilir. <\/span><b>enerji\u0307 \u00fcreti\u0307mi\u0307<\/b><span style=\"font-weight: 400;\">  kullan\u0131l\u0131r. Baz\u0131 durumlarda, kurutulmu\u015f \u00e7amur ayn\u0131 zamanda bir katk\u0131 maddesi olarak da kullan\u0131labilir.   <\/span><b>i\u0307n\u015faat sekt\u00f6r\u00fc<\/b><span style=\"font-weight: 400;\"> yal\u0131t\u0131m gibi belirli \u00f6zellikleri geli\u015ftirerek tu\u011fla veya di\u011fer yap\u0131 malzemelerinin \u00fcretiminde kullan\u0131labilir.<\/span>[\/vc_column_text][\/vc_column][vc_column width=&#8221;1\/2&#8243;][vc_single_image image=&#8221;1164&#8243; img_size=&#8221;full&#8221;][\/vc_column][\/vc_row][vc_row][vc_column][vc_custom_heading text=&#8221;\u00c7amur kullan\u0131m\u0131 &#8211; d\u00f6ng\u00fcsel ekonomiye \u00f6nemli bir katk\u0131&#8221; font_container=&#8221;tag:h2|text_align:center|color:%23728d2a&#8221; use_theme_fonts=&#8221;yes&#8221;][vc_column_text]<span style=\"font-weight: 400;\">Olarak <\/span><b>do\u011fal kaynak<\/b><span style=\"font-weight: 400;\">  i\u015flenmi\u015f \u00e7amur, \u00e7evre dostu d\u00f6ng\u00fcsel ekonominin de\u011ferli bir bile\u015feni olabilir. Etkili bir \u015fekilde   <\/span><b>\u00c7amur kullan\u0131m\u0131<\/b><span style=\"font-weight: 400;\"> potansiyel olarak zararl\u0131 at\u0131klar faydal\u0131 \u00fcr\u00fcnlere d\u00f6n\u00fc\u015ft\u00fcr\u00fclerek \u00e7evresel etki \u00f6nemli \u00f6l\u00e7\u00fcde azalt\u0131l\u0131r. <\/span><span style=\"font-weight: 400;\">Uygun \u00e7amur kullan\u0131m\u0131 bir\u00e7ok avantaj sunar <\/span><b>avantajlar<\/b><span style=\"font-weight: 400;\">:<\/span><\/p>\n<ul>\n<li style=\"font-weight: 400;\" aria-level=\"1\"><span style=\"font-weight: 400;\">\u00c7amuru ta\u015f\u0131mak yerine sahada i\u015fleyerek at\u0131k bertaraf maliyetlerini azaltma<\/span><\/li>\n<li style=\"font-weight: 400;\" aria-level=\"1\"><span style=\"font-weight: 400;\">\u00c7amurdan kaynaklar\u0131n geri kazan\u0131m\u0131<\/span><\/li>\n<li style=\"font-weight: 400;\" aria-level=\"1\"><span style=\"font-weight: 400;\">Do\u011fal kaynaklar\u0131n korunmas\u0131  <\/span><\/li>\n<li style=\"font-weight: 400;\" aria-level=\"1\"><span style=\"font-weight: 400;\">Fosil yak\u0131tlara olan ba\u011f\u0131ml\u0131l\u0131\u011f\u0131n azalt\u0131lmas\u0131<\/span><\/li>\n<\/ul>\n<p>[\/vc_column_text][\/vc_column][\/vc_row][vc_row][vc_column][vc_empty_space][vc_custom_heading text=&#8221;\u00c7amur kullan\u0131m\u0131n\u0131n temeli olarak verimli \u00e7amur kurutma&#8221; font_container=&#8221;tag:h2|text_align:center|color:%23728d2a&#8221; use_theme_fonts=&#8221;yes&#8221;][vc_column_text]<b>michel \u00c7AMUR KURUTMA S\u0130STEMLER\u0130<\/b><span style=\"font-weight: 400;\">  her t\u00fcr \u00e7amuru verimli ve \u00e7evre dostu bir \u015fekilde kullan\u0131labilir hale d\u00f6n\u00fc\u015ft\u00fcren geli\u015fmi\u015f \u00e7amur kurutma teknolojilerini kullan\u0131r. Tesislerimiz bir   <\/span><b>Temasl\u0131 ve konveksiyonlu kurutma kombinasyonu<\/b><span style=\"font-weight: 400;\">Bu da optimum <\/span><a href=\"http:\/\/www.schlammtrocknung.com\/glossar\/trocknung\"><span style=\"font-weight: 400;\">kurutma<\/span><\/a><span style=\"font-weight: 400;\"> minimum enerji t\u00fcketimi ile. <\/span> <\/p>\n<p><span style=\"font-weight: 400;\">Sistemler, belediye \u00e7amurundan farkl\u0131 \u00e7amur t\u00fcrlerine uyarlanabilecek \u015fekilde tasarlanm\u0131\u015ft\u0131r. <\/span><a href=\"http:\/\/schlammtrocknung.com\/leistungen\/klaerschlammtrocknung\"><span style=\"font-weight: 400;\">kanalizasyon \u00e7amuru<\/span><\/a><span style=\"font-weight: 400;\">  end\u00fcstriyel \u00e7amura kadar. D\u00fc\u015f\u00fck s\u0131cakl\u0131k teknolojilerinin kullan\u0131m\u0131, y\u00fcksek kurutma performans\u0131 elde ederken enerji gereksinimlerini azalt\u0131r. Bu proses optimizasyonu d\u00fc\u015f\u00fck i\u015fletme maliyetleri sa\u011flar ve s\u00fcrd\u00fcr\u00fclebilir \u00fcretimi destekler.    <\/span><b>D\u00f6ng\u00fcsel ekonomi<\/b><span style=\"font-weight: 400;\">.<\/span><\/p>\n<p><span style=\"font-weight: 400;\">Potansiyelini ke\u015ffedin <\/span><b>\u00e7amur kullan\u0131m\u0131<\/b><span style=\"font-weight: 400;\"> ile <\/span><b>michel SLUDGE-DRYING-SYSTEMS&#8217;den sistemler<\/b><span style=\"font-weight: 400;\">Maliyet tasarrufu sa\u011flayan ve s\u00fcrd\u00fcr\u00fclebilir \u00e7amur kurutma s\u00fcrecini makinelerinize entegre ederek. Size \u00f6zel bir teklif almak i\u00e7in ekibimizle ileti\u015fime ge\u00e7in   <\/span><a href=\"https:\/\/schlammtrocknung.com\/produkte\/\"><span style=\"font-weight: 400;\">\u00e7amur kurutma tesi\u0307si\u0307<\/span><\/a><span style=\"font-weight: 400;\"> almak i\u00e7in.<\/span>[\/vc_column_text][\/vc_column][\/vc_row][vc_row][vc_column][vc_cta h2=&#8221;&#8221; txt_align=&#8221;center&#8221; add_button=&#8221;bottom&#8221; btn_title=&#8221;Hemen ileti\u015fime ge\u00e7in!&#8221; btn_color=&#8221;green&#8221; btn_size=&#8221;lg&#8221; btn_align=&#8221;center&#8221; btn_link=&#8221;url:https%3A%2F%2Fschlammtrocknung.com%2Fkontakt%2F|title:Bize%20ula%C5%9F%C4%B1n|&#8221;][\/vc_cta][\/vc_column][\/vc_row][vc_row][vc_column][vc_empty_space height=&#8221;100px&#8221;][\/vc_column][\/vc_row][vc_row][vc_column][vc_column_text]<\/p>\n<h2><b>SSS &#8211; hakk\u0131nda s\u0131k\u00e7a sorulan sorular <\/b><b>\u00e7amur kullan\u0131m\u0131<\/b><\/h2>\n<p>[\/vc_column_text][vc_toggle title=&#8221;\u00c7amur kullan\u0131m\u0131n\u0131n ba\u015fl\u0131ca avantajlar\u0131 nelerdir?&#8221;]<span style=\"font-weight: 400;\">S\u00fcrd\u00fcr\u00fclebilir \u00e7amur kullan\u0131m\u0131 \u00e7evre kirlili\u011fini azalt\u0131r, bertaraf maliyetlerini d\u00fc\u015f\u00fcr\u00fcr ve \u00e7amuru enerjiye veya yap\u0131 malzemelerine d\u00f6n\u00fc\u015ft\u00fcrerek d\u00f6ng\u00fcsel ekonomiyi destekler.<\/span>[\/vc_toggle][vc_toggle title=&#8221;Kurutulmu\u015f \u00e7amur hangi alanlarda kullan\u0131labilir?&#8221;]<span style=\"font-weight: 400;\">G\u00fcbre ve yak\u0131t olarak kullan\u0131lmas\u0131n\u0131n yan\u0131 s\u0131ra, kurutulmu\u015f \u00e7amur yap\u0131 malzemelerinin \u00fcretiminde kullan\u0131labilir ve bozulmu\u015f alanlar\u0131n yeniden i\u015flenmesine ve stabilize edilmesine hizmet eder. Bu \u015fekilde, \u00e7amur kullan\u0131m\u0131 ekosistemlerin yeniden etkinle\u015ftirilmesine katk\u0131da bulunur. <\/span>[\/vc_toggle][vc_toggle title=&#8221;\u00c7amur kurutma, s\u00fcrd\u00fcr\u00fclebilir \u00e7amur kullan\u0131m\u0131na nas\u0131l katk\u0131da bulunur?&#8221;]<span style=\"font-weight: 400;\">michel SLUDGE-DRYING-SYSTEMS, enerjiyi verimli kullanan ve farkl\u0131 \u00e7amur t\u00fcrleri i\u00e7in y\u00fcksek kurutma performans\u0131 sa\u011flayan geli\u015fmi\u015f temasl\u0131 ve konveksiyonlu kurutma yoluyla kurutma s\u00fcrecini optimize ederek \u00e7amuru daha kullan\u0131labilir hale getirir.<\/span>[\/vc_toggle][vc_empty_space height=&#8221;100px&#8221;][\/vc_column][\/vc_row]<\/p>\n<\/div>","protected":false},"excerpt":{"rendered":"<p>[vc_row][vc_column][vc_custom_heading text=&#8221;Geri d\u00f6n\u00fc\u015ft\u00fcr\u00fclebilir malzemeye \u00e7amur kullan\u0131m\u0131 ile&#8221; font_container=&#8221;tag:h1|text_align:center|color:%23728d2a&#8221; use_theme_fonts=&#8221;yes&#8221;][vc_column_text] Etkili bir \u00e7amur kullan\u0131m\u0131 sadece \u00e7evreyi korumakla kalmay\u0131p ayn\u0131 zamanda de\u011ferli kaynaklar\u0131 da geri kazand\u0131ran s\u00fcrd\u00fcr\u00fclebilir at\u0131k y\u00f6netimi i\u00e7in b\u00fcy\u00fck bir potansiyel sunmaktad\u0131r. Geli\u015fmi\u015f sistemler michel \u00c7AMUR KURUTMA S\u0130STEMLER\u0130 verimli kullan\u0131m y\u00f6ntemleri i\u00e7in temel olu\u015fturur. \u00c7amuru daha sonra kullan\u0131lmak \u00fczere haz\u0131rlarlar. Sistemleri \u015fimdi ke\u015ffedin! [\/vc_column_text][\/vc_column][\/vc_row][vc_row][vc_column][vc_custom_heading text=&#8221;Yak\u0131ttan&hellip;<\/p>\n","protected":false},"author":1,"featured_media":2790,"parent":0,"menu_order":0,"comment_status":"closed","ping_status":"closed","template":"","meta":{"footnotes":""},"class_list":["post-2785","page","type-page","status-publish","has-post-thumbnail","hentry","description-off"],"yoast_head":"<!-- This site is optimized with the Yoast SEO plugin v27.3 - https:\/\/yoast.com\/product\/yoast-seo-wordpress\/ -->\n<title>\u00c7amur kullan\u0131m\u0131 | Michel \u00e7amur kurutma<\/title>\n<meta name=\"description\" content=\"S\u00fcrd\u00fcr\u00fclebilir at\u0131k y\u00f6netimi i\u00e7in \u00e7amur kullan\u0131m\u0131n\u0131n potansiyelini ke\u015ffedin.\" \/>\n<meta name=\"robots\" content=\"index, follow, max-snippet:-1, max-image-preview:large, max-video-preview:-1\" \/>\n<link rel=\"canonical\" href=\"https:\/\/schlammtrocknung.com\/tr\/camur-kullanimi\/\" \/>\n<meta property=\"og:locale\" content=\"tr_TR\" \/>\n<meta property=\"og:type\" content=\"article\" \/>\n<meta property=\"og:title\" content=\"\u00c7amur kullan\u0131m\u0131 | Michel \u00e7amur kurutma\" \/>\n<meta property=\"og:description\" content=\"S\u00fcrd\u00fcr\u00fclebilir at\u0131k y\u00f6netimi i\u00e7in \u00e7amur kullan\u0131m\u0131n\u0131n potansiyelini ke\u015ffedin.\" \/>\n<meta property=\"og:url\" content=\"https:\/\/schlammtrocknung.com\/tr\/camur-kullanimi\/\" \/>\n<meta property=\"og:site_name\" content=\"Schlammtrocknung \u2013 michel SLUDGE DRYING SYSTEM\" \/>\n<meta property=\"article:modified_time\" content=\"2025-06-18T11:04:35+00:00\" \/>\n<meta property=\"og:image\" content=\"https:\/\/schlammtrocknung.com\/wp-content\/uploads\/2023\/05\/DSC_3747-scaled.jpg\" \/>\n\t<meta property=\"og:image:width\" content=\"2560\" \/>\n\t<meta property=\"og:image:height\" content=\"1436\" \/>\n\t<meta property=\"og:image:type\" content=\"image\/jpeg\" \/>\n<meta name=\"twitter:card\" content=\"summary_large_image\" \/>\n<meta name=\"twitter:label1\" content=\"Tahmini okuma s\u00fcresi\" \/>\n\t<meta name=\"twitter:data1\" content=\"4 dakika\" \/>\n<script type=\"application\/ld+json\" class=\"yoast-schema-graph\">{\"@context\":\"https:\\\/\\\/schema.org\",\"@graph\":[{\"@type\":\"WebPage\",\"@id\":\"https:\\\/\\\/schlammtrocknung.com\\\/tr\\\/camur-kullanimi\\\/\",\"url\":\"https:\\\/\\\/schlammtrocknung.com\\\/tr\\\/camur-kullanimi\\\/\",\"name\":\"\u00c7amur kullan\u0131m\u0131 | Michel \u00e7amur kurutma\",\"isPartOf\":{\"@id\":\"https:\\\/\\\/schlammtrocknung.com\\\/#website\"},\"primaryImageOfPage\":{\"@id\":\"https:\\\/\\\/schlammtrocknung.com\\\/tr\\\/camur-kullanimi\\\/#primaryimage\"},\"image\":{\"@id\":\"https:\\\/\\\/schlammtrocknung.com\\\/tr\\\/camur-kullanimi\\\/#primaryimage\"},\"thumbnailUrl\":\"https:\\\/\\\/schlammtrocknung.com\\\/wp-content\\\/uploads\\\/2023\\\/05\\\/DSC_3747-scaled.jpg\",\"datePublished\":\"2024-08-30T09:00:11+00:00\",\"dateModified\":\"2025-06-18T11:04:35+00:00\",\"description\":\"S\u00fcrd\u00fcr\u00fclebilir at\u0131k y\u00f6netimi i\u00e7in \u00e7amur kullan\u0131m\u0131n\u0131n potansiyelini ke\u015ffedin.\",\"breadcrumb\":{\"@id\":\"https:\\\/\\\/schlammtrocknung.com\\\/tr\\\/camur-kullanimi\\\/#breadcrumb\"},\"inLanguage\":\"tr\",\"potentialAction\":[{\"@type\":\"ReadAction\",\"target\":[\"https:\\\/\\\/schlammtrocknung.com\\\/tr\\\/camur-kullanimi\\\/\"]}]},{\"@type\":\"ImageObject\",\"inLanguage\":\"tr\",\"@id\":\"https:\\\/\\\/schlammtrocknung.com\\\/tr\\\/camur-kullanimi\\\/#primaryimage\",\"url\":\"https:\\\/\\\/schlammtrocknung.com\\\/wp-content\\\/uploads\\\/2023\\\/05\\\/DSC_3747-scaled.jpg\",\"contentUrl\":\"https:\\\/\\\/schlammtrocknung.com\\\/wp-content\\\/uploads\\\/2023\\\/05\\\/DSC_3747-scaled.jpg\",\"width\":2560,\"height\":1436},{\"@type\":\"BreadcrumbList\",\"@id\":\"https:\\\/\\\/schlammtrocknung.com\\\/tr\\\/camur-kullanimi\\\/#breadcrumb\",\"itemListElement\":[{\"@type\":\"ListItem\",\"position\":1,\"name\":\"Startseite\",\"item\":\"https:\\\/\\\/schlammtrocknung.com\\\/tr\\\/ana-sayfa\\\/\"},{\"@type\":\"ListItem\",\"position\":2,\"name\":\"\u00c7amur kullan\u0131m\u0131\"}]},{\"@type\":\"WebSite\",\"@id\":\"https:\\\/\\\/schlammtrocknung.com\\\/#website\",\"url\":\"https:\\\/\\\/schlammtrocknung.com\\\/\",\"name\":\"Schlammtrocknung | SDS - Schlammtrocknung\",\"description\":\"Schlamm- L\u00f6sungen f\u00fcr Kl\u00e4rwerke, Industrie und Umwelt\",\"publisher\":{\"@id\":\"https:\\\/\\\/schlammtrocknung.com\\\/#organization\"},\"potentialAction\":[{\"@type\":\"SearchAction\",\"target\":{\"@type\":\"EntryPoint\",\"urlTemplate\":\"https:\\\/\\\/schlammtrocknung.com\\\/?s={search_term_string}\"},\"query-input\":{\"@type\":\"PropertyValueSpecification\",\"valueRequired\":true,\"valueName\":\"search_term_string\"}}],\"inLanguage\":\"tr\"},{\"@type\":\"Organization\",\"@id\":\"https:\\\/\\\/schlammtrocknung.com\\\/#organization\",\"name\":\"Schlammtrocknung | SDS - Schlammtrocknung\",\"url\":\"https:\\\/\\\/schlammtrocknung.com\\\/\",\"logo\":{\"@type\":\"ImageObject\",\"inLanguage\":\"tr\",\"@id\":\"https:\\\/\\\/schlammtrocknung.com\\\/#\\\/schema\\\/logo\\\/image\\\/\",\"url\":\"https:\\\/\\\/schlammtrocknung.com\\\/wp-content\\\/uploads\\\/2023\\\/02\\\/logo_sds-1.png\",\"contentUrl\":\"https:\\\/\\\/schlammtrocknung.com\\\/wp-content\\\/uploads\\\/2023\\\/02\\\/logo_sds-1.png\",\"width\":697,\"height\":187,\"caption\":\"Schlammtrocknung | SDS - Schlammtrocknung\"},\"image\":{\"@id\":\"https:\\\/\\\/schlammtrocknung.com\\\/#\\\/schema\\\/logo\\\/image\\\/\"}}]}<\/script>\n<!-- \/ Yoast SEO plugin. -->","yoast_head_json":{"title":"\u00c7amur kullan\u0131m\u0131 | Michel \u00e7amur kurutma","description":"S\u00fcrd\u00fcr\u00fclebilir at\u0131k y\u00f6netimi i\u00e7in \u00e7amur kullan\u0131m\u0131n\u0131n potansiyelini ke\u015ffedin.","robots":{"index":"index","follow":"follow","max-snippet":"max-snippet:-1","max-image-preview":"max-image-preview:large","max-video-preview":"max-video-preview:-1"},"canonical":"https:\/\/schlammtrocknung.com\/tr\/camur-kullanimi\/","og_locale":"tr_TR","og_type":"article","og_title":"\u00c7amur kullan\u0131m\u0131 | Michel \u00e7amur kurutma","og_description":"S\u00fcrd\u00fcr\u00fclebilir at\u0131k y\u00f6netimi i\u00e7in \u00e7amur kullan\u0131m\u0131n\u0131n potansiyelini ke\u015ffedin.","og_url":"https:\/\/schlammtrocknung.com\/tr\/camur-kullanimi\/","og_site_name":"Schlammtrocknung \u2013 michel SLUDGE DRYING SYSTEM","article_modified_time":"2025-06-18T11:04:35+00:00","og_image":[{"width":2560,"height":1436,"url":"https:\/\/schlammtrocknung.com\/wp-content\/uploads\/2023\/05\/DSC_3747-scaled.jpg","type":"image\/jpeg"}],"twitter_card":"summary_large_image","twitter_misc":{"Tahmini okuma s\u00fcresi":"4 dakika"},"schema":{"@context":"https:\/\/schema.org","@graph":[{"@type":"WebPage","@id":"https:\/\/schlammtrocknung.com\/tr\/camur-kullanimi\/","url":"https:\/\/schlammtrocknung.com\/tr\/camur-kullanimi\/","name":"\u00c7amur kullan\u0131m\u0131 | Michel \u00e7amur kurutma","isPartOf":{"@id":"https:\/\/schlammtrocknung.com\/#website"},"primaryImageOfPage":{"@id":"https:\/\/schlammtrocknung.com\/tr\/camur-kullanimi\/#primaryimage"},"image":{"@id":"https:\/\/schlammtrocknung.com\/tr\/camur-kullanimi\/#primaryimage"},"thumbnailUrl":"https:\/\/schlammtrocknung.com\/wp-content\/uploads\/2023\/05\/DSC_3747-scaled.jpg","datePublished":"2024-08-30T09:00:11+00:00","dateModified":"2025-06-18T11:04:35+00:00","description":"S\u00fcrd\u00fcr\u00fclebilir at\u0131k y\u00f6netimi i\u00e7in \u00e7amur kullan\u0131m\u0131n\u0131n potansiyelini ke\u015ffedin.","breadcrumb":{"@id":"https:\/\/schlammtrocknung.com\/tr\/camur-kullanimi\/#breadcrumb"},"inLanguage":"tr","potentialAction":[{"@type":"ReadAction","target":["https:\/\/schlammtrocknung.com\/tr\/camur-kullanimi\/"]}]},{"@type":"ImageObject","inLanguage":"tr","@id":"https:\/\/schlammtrocknung.com\/tr\/camur-kullanimi\/#primaryimage","url":"https:\/\/schlammtrocknung.com\/wp-content\/uploads\/2023\/05\/DSC_3747-scaled.jpg","contentUrl":"https:\/\/schlammtrocknung.com\/wp-content\/uploads\/2023\/05\/DSC_3747-scaled.jpg","width":2560,"height":1436},{"@type":"BreadcrumbList","@id":"https:\/\/schlammtrocknung.com\/tr\/camur-kullanimi\/#breadcrumb","itemListElement":[{"@type":"ListItem","position":1,"name":"Startseite","item":"https:\/\/schlammtrocknung.com\/tr\/ana-sayfa\/"},{"@type":"ListItem","position":2,"name":"\u00c7amur kullan\u0131m\u0131"}]},{"@type":"WebSite","@id":"https:\/\/schlammtrocknung.com\/#website","url":"https:\/\/schlammtrocknung.com\/","name":"Schlammtrocknung | SDS - Schlammtrocknung","description":"Schlamm- L\u00f6sungen f\u00fcr Kl\u00e4rwerke, Industrie und Umwelt","publisher":{"@id":"https:\/\/schlammtrocknung.com\/#organization"},"potentialAction":[{"@type":"SearchAction","target":{"@type":"EntryPoint","urlTemplate":"https:\/\/schlammtrocknung.com\/?s={search_term_string}"},"query-input":{"@type":"PropertyValueSpecification","valueRequired":true,"valueName":"search_term_string"}}],"inLanguage":"tr"},{"@type":"Organization","@id":"https:\/\/schlammtrocknung.com\/#organization","name":"Schlammtrocknung | SDS - Schlammtrocknung","url":"https:\/\/schlammtrocknung.com\/","logo":{"@type":"ImageObject","inLanguage":"tr","@id":"https:\/\/schlammtrocknung.com\/#\/schema\/logo\/image\/","url":"https:\/\/schlammtrocknung.com\/wp-content\/uploads\/2023\/02\/logo_sds-1.png","contentUrl":"https:\/\/schlammtrocknung.com\/wp-content\/uploads\/2023\/02\/logo_sds-1.png","width":697,"height":187,"caption":"Schlammtrocknung | SDS - Schlammtrocknung"},"image":{"@id":"https:\/\/schlammtrocknung.com\/#\/schema\/logo\/image\/"}}]}},"_links":{"self":[{"href":"https:\/\/schlammtrocknung.com\/tr\/wp-json\/wp\/v2\/pages\/2785","targetHints":{"allow":["GET"]}}],"collection":[{"href":"https:\/\/schlammtrocknung.com\/tr\/wp-json\/wp\/v2\/pages"}],"about":[{"href":"https:\/\/schlammtrocknung.com\/tr\/wp-json\/wp\/v2\/types\/page"}],"author":[{"embeddable":true,"href":"https:\/\/schlammtrocknung.com\/tr\/wp-json\/wp\/v2\/users\/1"}],"replies":[{"embeddable":true,"href":"https:\/\/schlammtrocknung.com\/tr\/wp-json\/wp\/v2\/comments?post=2785"}],"version-history":[{"count":1,"href":"https:\/\/schlammtrocknung.com\/tr\/wp-json\/wp\/v2\/pages\/2785\/revisions"}],"predecessor-version":[{"id":2792,"href":"https:\/\/schlammtrocknung.com\/tr\/wp-json\/wp\/v2\/pages\/2785\/revisions\/2792"}],"wp:featuredmedia":[{"embeddable":true,"href":"https:\/\/schlammtrocknung.com\/tr\/wp-json\/wp\/v2\/media\/2790"}],"wp:attachment":[{"href":"https:\/\/schlammtrocknung.com\/tr\/wp-json\/wp\/v2\/media?parent=2785"}],"curies":[{"name":"wp","href":"https:\/\/api.w.org\/{rel}","templated":true}]}}