{"id":2793,"date":"2024-09-04T11:08:22","date_gmt":"2024-09-04T09:08:22","guid":{"rendered":"https:\/\/schlammtrocknung.com\/biyolojik-camur-kurutma\/"},"modified":"2025-06-18T13:04:41","modified_gmt":"2025-06-18T11:04:41","slug":"biyolojik-camur-kurutma","status":"publish","type":"page","link":"https:\/\/schlammtrocknung.com\/tr\/hizmetler\/biyolojik-camur-kurutma\/","title":{"rendered":"Biyolojik \u00e7amur kurutma"},"content":{"rendered":"<div class=\"wpb-content-wrapper\"><p>[vc_row content_placement=&#8221;top&#8221;][vc_column][vc_column_text]<\/p>\n<h1 style=\"text-align: center;\"><span style=\"color: #728d2a;\">Biyolojik \u00e7amur kurutma i\u00e7in s\u00fcrd\u00fcr\u00fclebilir komple \u00e7\u00f6z\u00fcm<\/span><\/h1>\n<p>&nbsp;[\/vc_column_text][vc_column_text]<\/p>\n<p style=\"text-align: center;\"><span style=\"font-weight: 400;\">Nas\u0131l oldu\u011funu deneyimleyin <\/span><b>michel \u00c7AMUR KURUTMA S\u0130STEMLER\u0130<\/b><span style=\"font-weight: 400;\"> i\u00e7in ileri teknolojiler ve devrim niteli\u011finde sistemler ile <\/span><b>biyolojik \u00e7amur kurutma<\/b><span style=\"font-weight: 400;\"> verimli ve \u00e7evre dostu. <\/span><b>Do\u011frudan sahada, merkezi olmayan ve ekonomik!<\/b><\/p>\n<p>[\/vc_column_text][vc_empty_space height=&#8221;50px&#8221;][\/vc_column][\/vc_row][vc_row][vc_column][vc_cta h2=&#8221;michel SLUDGE-DRYING-SYSTEMS ile biyolojik \u00e7amur kurutmada devrim yarat\u0131n&#8221; txt_align=&#8221;center&#8221; add_button=&#8221;bottom&#8221; btn_title=&#8221;\u00c7\u00f6z\u00fcmleri \u015fimdi ke\u015ffedin!&#8221; btn_style=&#8221;gradient-custom&#8221; btn_gradient_custom_color_1=&#8221;#728d2a&#8221; btn_gradient_custom_color_2=&#8221;#728d2a&#8221; btn_align=&#8221;center&#8221; btn_link=&#8221;url:https%3A%2F%2Fschlammtrocknung.com%2Fkontakt%2F|title:Bize%20ula%C5%9F%C4%B1n|&#8221;]<\/p>\n<p style=\"text-align: center;\"><span style=\"font-weight: 400;\">Ba\u015flay\u0131n <\/span><b>s\u00fcrd\u00fcr\u00fclebi\u0307li\u0307r d\u00f6n\u00fc\u015f\u00fcm<\/b><span style=\"font-weight: 400;\">  michel SLUDGE-DRYING-SYSTEMS&#8217;in geli\u015fmi\u015f \u00e7\u00f6z\u00fcmleri ile. Bu   <\/span><b>Biyolojik \u00e7amur kurutma<\/b><span style=\"font-weight: 400;\"> sistemlerimizle sadece i\u015fletme maliyetlerinizi d\u00fc\u015f\u00fcrmekle kalmaz, ayn\u0131 zamanda <\/span><b>\u00e7evre koruma <\/b><span style=\"font-weight: 400;\">ve<\/span><b> d\u00f6ng\u00fcsel ekonomi<\/b><span style=\"font-weight: 400;\">. Biyolojik \u00e7amur kurutma \u00e7\u00f6z\u00fcmlerimiz hakk\u0131nda daha fazla bilgi edinmek i\u00e7in bug\u00fcn bize ula\u015f\u0131n.<\/span><\/p>\n<p>[\/vc_cta][vc_empty_space height=&#8221;50px&#8221;][\/vc_column][\/vc_row][vc_row][vc_column width=&#8221;2\/3&#8243;][vc_column_text]<\/p>\n<h2><span style=\"color: #728d2a;\">K\u0131saca a\u00e7\u0131klamak gerekirse: Biyo\u00e7amur kurutma<\/span><\/h2>\n<p>[\/vc_column_text][vc_message]<i><span style=\"font-weight: 400;\">Biyolojik \u00e7amur nedir?<\/span><\/i><\/p>\n<p><i><span style=\"font-weight: 400;\">Biyolojik \u00e7amur, organik kal\u0131nt\u0131lar ve mikroorganizmalar i\u00e7eren bir at\u0131k su ar\u0131tma yan \u00fcr\u00fcn\u00fcd\u00fcr. Geri d\u00f6n\u00fc\u015ft\u00fcr\u00fclebilir malzeme esas olarak belediye at\u0131ksu ar\u0131tma tesislerinde ve end\u00fcstriyel at\u0131ksu ar\u0131tma tesislerinde \u00fcretilir. <\/span><\/i>[\/vc_message][vc_column_text]<span style=\"font-weight: 400;\">Bu \u00e7amur de\u011ferli maddeler i\u00e7erir <\/span><b>besinler<\/b><span style=\"font-weight: 400;\"> azot gibi ve <\/span><a href=\"http:\/\/schlammtrocknung.com\/blog\/phosphor-recycling\"><span style=\"font-weight: 400;\">fosfor<\/span><\/a><span style=\"font-weight: 400;\">Bununla birlikte, \u00e7evre ve sa\u011fl\u0131k risklerinden ka\u00e7\u0131nmak i\u00e7in dikkatli kullan\u0131m gerektiren kirleticilerle de kirlenmi\u015ftir. Do\u011fru   <\/span><b>\u0130\u015fleme<\/b><span style=\"font-weight: 400;\"> biyolojik \u00e7amurun de\u011ferinden faydalanmak ve ayn\u0131 zamanda riskleri en aza indirmek i\u00e7in \u00e7ok \u00f6nemlidir.<\/span>[\/vc_column_text][vc_empty_space height=&#8221;70px&#8221;][\/vc_column][vc_column width=&#8221;1\/3&#8243;][vc_single_image image=&#8221;1172&#8243; img_size=&#8221;400&#215;450&#8243;][\/vc_column][\/vc_row][vc_row][vc_column width=&#8221;1\/2&#8243;][vc_single_image image=&#8221;376&#8243; img_size=&#8221;600&#215;500&#8243;][vc_empty_space height=&#8221;70px&#8221;][\/vc_column][vc_column width=&#8221;1\/2&#8243;][vc_column_text]<\/p>\n<h3><span style=\"color: #728d2a;\">Biyolojik \u00e7amur kurutma nas\u0131l bir potansiyel sunuyor?<\/span><\/h3>\n<p><span style=\"font-weight: 400;\">Biyo-\u00e7amurun kurutulmas\u0131, biyo-\u00e7amur kirlili\u011finin en aza indirilmesinde belirleyici bir rol oynar. <\/span><b>hacminin ve a\u011f\u0131rl\u0131\u011f\u0131n\u0131n en aza indirilmesi<\/b><span style=\"font-weight: 400;\"> \u00e7amurun depolanmas\u0131n\u0131, ta\u015f\u0131nmas\u0131n\u0131 ve daha sonraki i\u015flemlerini kolayla\u015ft\u0131r\u0131r. <\/span><b>Kuru biyolojik \u00e7amur<\/b><span style=\"font-weight: 400;\"> daha g\u00fcvenli ve uygun maliyetli bir \u015fekilde ta\u015f\u0131nabilir ve a\u015fa\u011f\u0131dakiler i\u00e7in f\u0131rsatlar sunar <\/span><a href=\"http:\/\/schlammtrocknung.com\/schlammverwertung\"><span style=\"font-weight: 400;\">\u00e7amur kullan\u0131m\u0131<\/span><\/a><span style=\"font-weight: 400;\"> veya enerji \u00fcretimi. <\/span> <\/p>\n<p><span style=\"font-weight: 400;\">Azaltarak <\/span><b>su i\u00e7eri\u011fi<\/b><span style=\"font-weight: 400;\"> 10&#8217;un alt\u0131na d\u00fc\u015f\u00fcr\u00fcld\u00fc\u011f\u00fcnde mikrobiyal aktivite kontrol alt\u0131na al\u0131n\u0131r, bu da \u00e7amurun hijyenizasyonunu destekler ve raf \u00f6mr\u00fcn\u00fc uzat\u0131r.<\/span>[\/vc_column_text][\/vc_column][\/vc_row][vc_row][vc_column width=&#8221;1\/2&#8243;][vc_column_text]<\/p>\n<h2><span style=\"color: #728d2a;\">michel \u00c7AMUR KURUTMA S\u0130STEMLER\u0130 ile biyolojik \u00e7amur kurutma &#8211; bir bak\u0131\u015fta prosesimiz<\/span><\/h2>\n<p><span style=\"font-weight: 400;\">michel SLUDGE-DRYING-SYSTEMS \u015funlar\u0131 kullan\u0131r <\/span><b>i\u0307leri\u0307 teknoloji\u0307ler<\/b><span style=\"font-weight: 400;\">biyolojik \u00e7amuru verimli bir \u015fekilde kurutmak i\u00e7in. Sistemlerimiz bir   <\/span><b>Temasl\u0131 ve konveksiyonlu kurutma kombinasyonu<\/b><span style=\"font-weight: 400;\">optimum sonu\u00e7lar elde etmek i\u00e7in. Bu teknolojiler daha d\u00fc\u015f\u00fck s\u0131cakl\u0131klarda ve d\u00fc\u015f\u00fck enerji t\u00fcketimiyle hassas kurutma sa\u011flar. <\/span>[\/vc_column_text][\/vc_column][vc_column width=&#8221;1\/2&#8243;][vc_single_image image=&#8221;373&#8243; img_size=&#8221;600&#215;330&#8243;][vc_empty_space height=&#8221;70px&#8221;][\/vc_column][\/vc_row][vc_row][vc_column width=&#8221;1\/2&#8243;][vc_single_image image=&#8221;1173&#8243; img_size=&#8221;600&#215;400&#8243;][vc_empty_space height=&#8221;70px&#8221;][\/vc_column][vc_column width=&#8221;1\/2&#8243;][vc_column_text]<span style=\"font-weight: 400;\">A\u015fa\u011f\u0131dakiler i\u00e7in SDS sistemlerimiz <\/span><b>biyolojik \u00e7amur kurutma<\/b><span style=\"font-weight: 400;\"> mod\u00fclerdir ve \u015fu \u015fekillerde mevcuttur <\/span><b>farkl\u0131 boyutlar <\/b> <span style=\"font-weight: 400;\">farkl\u0131 m\u00fc\u015fterilerin ihtiya\u00e7lar\u0131n\u0131 kar\u015f\u0131lamak i\u00e7in mevcuttur. Bu, do\u011frudan \u00e7amurun \u00fcretildi\u011fi sahada uygulanabilen esnek ve \u00f6l\u00e7eklenebilir bir \u00e7\u00f6z\u00fcm sa\u011flar. Kurutulduktan sonra biyo-\u00e7amur geni\u015f bir \u00fcr\u00fcn yelpazesi sunar    <\/span><b>Kullan\u0131m se\u00e7enekleri<\/b><span style=\"font-weight: 400;\">:<\/span><\/p>\n<ul>\n<li style=\"font-weight: 400;\" aria-level=\"1\"><b>Yak\u0131t:<\/b><span style=\"font-weight: 400;\"> Kurutulmu\u015f biyolojik \u00e7amur, biyok\u00fctle enerji santrallerinde enerji \u00fcretmek i\u00e7in kullan\u0131labilir.<\/span><\/li>\n<li style=\"font-weight: 400;\" aria-level=\"1\"><b>G\u00fcbre:<\/b><span style=\"font-weight: 400;\"> Y\u00fcksek besin i\u00e7eri\u011fi nedeniyle, kurutulmu\u015f biyolojik \u00e7amur tar\u0131mda g\u00fcbre olarak kullan\u0131labilir.<\/span><\/li>\n<li style=\"font-weight: 400;\" aria-level=\"1\"><b>\u0130n\u015faat end\u00fcstrisi:<\/b><span style=\"font-weight: 400;\"> Kurutulmu\u015f \u00e7amur, yap\u0131 malzemelerinin \u00fcretimi i\u00e7in agrega olarak kullan\u0131labilir.<\/span><\/li>\n<\/ul>\n<p>[\/vc_column_text][\/vc_column][\/vc_row][vc_row][vc_column width=&#8221;1\/2&#8243;][vc_column_text]<\/p>\n<h2><span style=\"color: #728d2a;\">Merkezi olmayan ve enerji tasarrufu sa\u011flayan &#8211; biyolojik \u00e7amur kurutma sistemimizin avantajlar\u0131<\/span><\/h2>\n<p><span style=\"font-weight: 400;\">michel SLUDGE-DRYING-SYSTEMS&#8217;in biyolojik \u00e7amur kurutma sistemleri \u00e7ok say\u0131da avantaj sunar:<\/span><\/p>\n<ul>\n<li style=\"font-weight: 400;\" aria-level=\"1\"><b>Merkezi olmayan:<\/b><span style=\"font-weight: 400;\"> Do\u011frudan \u00e7\u0131k\u0131\u015f noktas\u0131nda uygulanabilir, bu da nakliye maliyetlerini ve emisyonlar\u0131 azalt\u0131r<\/span><\/li>\n<li style=\"font-weight: 400;\" aria-level=\"1\"><b>\u00c7evre dostu:<\/b><span style=\"font-weight: 400;\"> Emisyon yok ve d\u00fc\u015f\u00fck CO\u2082 kirlili\u011fi<\/span><\/li>\n<li style=\"font-weight: 400;\" aria-level=\"1\"><b>Ekonomiktir:<\/b><span style=\"font-weight: 400;\"> D\u00fc\u015f\u00fck s\u0131cakl\u0131kta kurutma sayesinde azalt\u0131lm\u0131\u015f enerji gereksinimi<\/span><\/li>\n<li style=\"font-weight: 400;\" aria-level=\"1\"><b>Uygun maliyetli:<\/b><span style=\"font-weight: 400;\"> Enerjinin verimli kullan\u0131m\u0131 ve bak\u0131m maliyetlerinin azalt\u0131lmas\u0131 sayesinde d\u00fc\u015f\u00fck i\u015fletme maliyetleri<\/span><\/li>\n<li style=\"font-weight: 400;\" aria-level=\"1\"><b>Nazik:<\/b><span style=\"font-weight: 400;\"> Kuru malzemenin kalitesini korur ve nazik kurutma i\u015flemleri sayesinde toz olu\u015fumunu en aza indirir<\/span><\/li>\n<li style=\"font-weight: 400;\" aria-level=\"1\"><b>\u00c7ok y\u00f6nl\u00fcl\u00fck:<\/b><span style=\"font-weight: 400;\"> Farkl\u0131 \u00e7amur t\u00fcrleri i\u00e7in uygundur.<\/span><\/li>\n<\/ul>\n<p>[\/vc_column_text][vc_empty_space height=&#8221;70px&#8221;][\/vc_column][vc_column width=&#8221;1\/2&#8243;][vc_single_image image=&#8221;372&#8243; img_size=&#8221;600&#215;400&#8243;][vc_btn title=&#8221;Biyolojik \u00e7amur kurutma sistemlerini ke\u015ffedin!&#8221; style=&#8221;custom&#8221; custom_background=&#8221;#728d2a&#8221; custom_text=&#8221;#ffffff&#8221; align=&#8221;center&#8221; link=&#8221;url:https%3A%2F%2Fschlammtrocknung.com%2Fprodukte%2F|&#8221;][\/vc_column][\/vc_row][vc_row][vc_column][vc_cta h2=&#8221;michel SLUDGE-DRYING-SYSTEMS ile biyolojik \u00e7amur kurutmada devrim yarat\u0131n&#8221; txt_align=&#8221;center&#8221; add_button=&#8221;bottom&#8221; btn_title=&#8221;Bize ula\u015f\u0131n!&#8221; btn_style=&#8221;gradient-custom&#8221; btn_gradient_custom_color_1=&#8221;#728d2a&#8221; btn_gradient_custom_color_2=&#8221;#728d2a&#8221; btn_align=&#8221;center&#8221; btn_link=&#8221;url:https%3A%2F%2Fschlammtrocknung.com%2Fkontakt%2F|title:Bize%20ula%C5%9F%C4%B1n|&#8221;]<\/p>\n<p style=\"text-align: center;\"><span style=\"font-weight: 400;\">Ba\u015flay\u0131n <\/span><b>s\u00fcrd\u00fcr\u00fclebi\u0307li\u0307r d\u00f6n\u00fc\u015f\u00fcm<\/b><span style=\"font-weight: 400;\">  michel SLUDGE-DRYING-SYSTEMS&#8217;in geli\u015fmi\u015f \u00e7\u00f6z\u00fcmleri ile. Bu   <\/span><b>Biyolojik \u00e7amur kurutma<\/b><span style=\"font-weight: 400;\"> sistemlerimizle sadece i\u015fletme maliyetlerinizi d\u00fc\u015f\u00fcrmekle kalmaz, ayn\u0131 zamanda <\/span><b>\u00e7evre koruma <\/b><span style=\"font-weight: 400;\">ve<\/span><b> d\u00f6ng\u00fcsel ekonomi<\/b><span style=\"font-weight: 400;\">. Biyolojik \u00e7amur kurutma \u00e7\u00f6z\u00fcmlerimiz hakk\u0131nda daha fazla bilgi edinmek i\u00e7in bug\u00fcn bize ula\u015f\u0131n.<\/span><\/p>\n<p>[\/vc_cta][vc_empty_space height=&#8221;50px&#8221;][\/vc_column][\/vc_row][vc_row][vc_column][vc_column_text]<\/p>\n<h2 style=\"text-align: center;\"><span style=\"color: #728d2a;\">SSS &#8211; Biyolojik \u00e7amur kurutma hakk\u0131nda s\u0131k\u00e7a sorulan sorular<\/span><\/h2>\n<p>[\/vc_column_text][\/vc_column][\/vc_row][vc_row][vc_column][vc_toggle title=&#8221;Biyolojik \u00e7amur nedir ve nas\u0131l \u00fcretilir?&#8221;]<span style=\"font-weight: 400;\">Biyolojik \u00e7amur, organik maddeler, mikroorganizmalar ve fosfor gibi de\u011ferli besinler a\u00e7\u0131s\u0131ndan zengin olan at\u0131k su ar\u0131t\u0131m\u0131ndan kaynaklanan bir at\u0131k \u00fcr\u00fcnd\u00fcr. At\u0131k suyun ar\u0131t\u0131ld\u0131\u011f\u0131 at\u0131k su ar\u0131tma tesislerinde \u00fcretilir ve besin maddelerinin yan\u0131 s\u0131ra potansiyel olarak zararl\u0131 kirleticiler i\u00e7erir. Bunlar\u0131n filtrasyon ve biyolojik \u00e7amur kurutma yoluyla giderilmesi gerekir.  <\/span>[\/vc_toggle][vc_toggle title=&#8221;Biyolojik \u00e7amurun kurutulmas\u0131 neden \u00f6nemlidir?&#8221;]<span style=\"font-weight: 400;\">Biyolojik \u00e7amurun kurutulmas\u0131 hacmini ve a\u011f\u0131rl\u0131\u011f\u0131n\u0131 azalt\u0131r, nakliyeyi kolayla\u015ft\u0131r\u0131r, depolama ve ileri i\u015flem maliyetlerini d\u00fc\u015f\u00fcr\u00fcr. Ayr\u0131ca hijyenik elle\u00e7leme sa\u011flar ve yak\u0131t veya g\u00fcbre olarak kullan\u0131m potansiyeli yarat\u0131r. <\/span>[\/vc_toggle][vc_toggle title=&#8221;Biyolojik \u00e7amur kurutma nas\u0131l \u00e7al\u0131\u015f\u0131r?&#8221;]<span style=\"font-weight: 400;\">michel \u00c7AMUR KURUTMA S\u0130STEMLER\u0130, \u00e7amurdaki nem i\u00e7eri\u011finin verimli bir \u015fekilde azalt\u0131lmas\u0131n\u0131 sa\u011flayan geli\u015fmi\u015f kurutma teknolojilerini kullan\u0131r. D\u00fc\u015f\u00fck s\u0131cakl\u0131klarda temasl\u0131 ve konveksiyonlu kurutma kullan\u0131larak enerji tasarrufu sa\u011flan\u0131r ve son \u00fcr\u00fcn\u00fcn kalitesi korunur. Kurutulmu\u015f biyolojik \u00e7amur daha sonra besin a\u00e7\u0131s\u0131ndan zengin bir g\u00fcbre veya verimli bir yak\u0131t olarak kullan\u0131labilir.  <\/span>[\/vc_toggle][\/vc_column][\/vc_row]<\/p>\n<\/div>","protected":false},"excerpt":{"rendered":"<p>[vc_row content_placement=&#8221;top&#8221;][vc_column][vc_column_text] Biyolojik \u00e7amur kurutma i\u00e7in s\u00fcrd\u00fcr\u00fclebilir komple \u00e7\u00f6z\u00fcm &nbsp;[\/vc_column_text][vc_column_text] Nas\u0131l oldu\u011funu deneyimleyin michel \u00c7AMUR KURUTMA S\u0130STEMLER\u0130 i\u00e7in ileri teknolojiler ve devrim niteli\u011finde sistemler ile biyolojik \u00e7amur kurutma verimli ve \u00e7evre dostu. Do\u011frudan sahada, merkezi olmayan ve ekonomik! [\/vc_column_text][vc_empty_space height=&#8221;50px&#8221;][\/vc_column][\/vc_row][vc_row][vc_column][vc_cta h2=&#8221;michel SLUDGE-DRYING-SYSTEMS ile biyolojik \u00e7amur kurutmada devrim yarat\u0131n&#8221; txt_align=&#8221;center&#8221; add_button=&#8221;bottom&#8221; btn_title=&#8221;\u00c7\u00f6z\u00fcmleri \u015fimdi ke\u015ffedin!&#8221; btn_style=&#8221;gradient-custom&#8221; btn_gradient_custom_color_1=&#8221;#728d2a&#8221;&hellip;<\/p>\n","protected":false},"author":1,"featured_media":0,"parent":2799,"menu_order":0,"comment_status":"closed","ping_status":"closed","template":"","meta":{"footnotes":""},"class_list":["post-2793","page","type-page","status-publish","hentry","description-off"],"yoast_head":"<!-- This site is optimized with the Yoast SEO plugin v27.3 - https:\/\/yoast.com\/product\/yoast-seo-wordpress\/ -->\n<title>Biyolojik \u00e7amur kurutma | Michel \u00e7amur kurutma<\/title>\n<meta name=\"description\" content=\"michel SLUDGE-DRYING-SYSTEMS&#039;in biyolojik \u00e7amur kurutmas\u0131 ile verimlili\u011fi ve s\u00fcrd\u00fcr\u00fclebilirli\u011fi en \u00fcst d\u00fczeye \u00e7\u0131kar\u0131n.\" \/>\n<meta name=\"robots\" content=\"index, follow, max-snippet:-1, max-image-preview:large, max-video-preview:-1\" \/>\n<link rel=\"canonical\" href=\"https:\/\/schlammtrocknung.com\/tr\/hizmetler\/biyolojik-camur-kurutma\/\" \/>\n<meta property=\"og:locale\" content=\"tr_TR\" \/>\n<meta property=\"og:type\" content=\"article\" \/>\n<meta property=\"og:title\" content=\"Biyolojik \u00e7amur kurutma | Michel \u00e7amur kurutma\" \/>\n<meta property=\"og:description\" content=\"michel SLUDGE-DRYING-SYSTEMS&#039;in biyolojik \u00e7amur kurutmas\u0131 ile verimlili\u011fi ve s\u00fcrd\u00fcr\u00fclebilirli\u011fi en \u00fcst d\u00fczeye \u00e7\u0131kar\u0131n.\" \/>\n<meta property=\"og:url\" content=\"https:\/\/schlammtrocknung.com\/tr\/hizmetler\/biyolojik-camur-kurutma\/\" \/>\n<meta property=\"og:site_name\" content=\"Schlammtrocknung \u2013 michel SLUDGE DRYING SYSTEM\" \/>\n<meta property=\"article:modified_time\" content=\"2025-06-18T11:04:41+00:00\" \/>\n<meta name=\"twitter:card\" content=\"summary_large_image\" \/>\n<meta name=\"twitter:label1\" content=\"Tahmini okuma s\u00fcresi\" \/>\n\t<meta name=\"twitter:data1\" content=\"6 dakika\" \/>\n<script type=\"application\/ld+json\" class=\"yoast-schema-graph\">{\"@context\":\"https:\\\/\\\/schema.org\",\"@graph\":[{\"@type\":\"WebPage\",\"@id\":\"https:\\\/\\\/schlammtrocknung.com\\\/tr\\\/hizmetler\\\/biyolojik-camur-kurutma\\\/\",\"url\":\"https:\\\/\\\/schlammtrocknung.com\\\/tr\\\/hizmetler\\\/biyolojik-camur-kurutma\\\/\",\"name\":\"Biyolojik \u00e7amur kurutma | Michel \u00e7amur kurutma\",\"isPartOf\":{\"@id\":\"https:\\\/\\\/schlammtrocknung.com\\\/#website\"},\"datePublished\":\"2024-09-04T09:08:22+00:00\",\"dateModified\":\"2025-06-18T11:04:41+00:00\",\"description\":\"michel SLUDGE-DRYING-SYSTEMS'in biyolojik \u00e7amur kurutmas\u0131 ile verimlili\u011fi ve s\u00fcrd\u00fcr\u00fclebilirli\u011fi en \u00fcst d\u00fczeye \u00e7\u0131kar\u0131n.\",\"breadcrumb\":{\"@id\":\"https:\\\/\\\/schlammtrocknung.com\\\/tr\\\/hizmetler\\\/biyolojik-camur-kurutma\\\/#breadcrumb\"},\"inLanguage\":\"tr\",\"potentialAction\":[{\"@type\":\"ReadAction\",\"target\":[\"https:\\\/\\\/schlammtrocknung.com\\\/tr\\\/hizmetler\\\/biyolojik-camur-kurutma\\\/\"]}]},{\"@type\":\"BreadcrumbList\",\"@id\":\"https:\\\/\\\/schlammtrocknung.com\\\/tr\\\/hizmetler\\\/biyolojik-camur-kurutma\\\/#breadcrumb\",\"itemListElement\":[{\"@type\":\"ListItem\",\"position\":1,\"name\":\"Startseite\",\"item\":\"https:\\\/\\\/schlammtrocknung.com\\\/tr\\\/ana-sayfa\\\/\"},{\"@type\":\"ListItem\",\"position\":2,\"name\":\"Hizmetler\",\"item\":\"https:\\\/\\\/schlammtrocknung.com\\\/tr\\\/hizmetler\\\/\"},{\"@type\":\"ListItem\",\"position\":3,\"name\":\"Biyolojik \u00e7amur kurutma\"}]},{\"@type\":\"WebSite\",\"@id\":\"https:\\\/\\\/schlammtrocknung.com\\\/#website\",\"url\":\"https:\\\/\\\/schlammtrocknung.com\\\/\",\"name\":\"Schlammtrocknung | SDS - Schlammtrocknung\",\"description\":\"Schlamm- L\u00f6sungen f\u00fcr Kl\u00e4rwerke, Industrie und Umwelt\",\"publisher\":{\"@id\":\"https:\\\/\\\/schlammtrocknung.com\\\/#organization\"},\"potentialAction\":[{\"@type\":\"SearchAction\",\"target\":{\"@type\":\"EntryPoint\",\"urlTemplate\":\"https:\\\/\\\/schlammtrocknung.com\\\/?s={search_term_string}\"},\"query-input\":{\"@type\":\"PropertyValueSpecification\",\"valueRequired\":true,\"valueName\":\"search_term_string\"}}],\"inLanguage\":\"tr\"},{\"@type\":\"Organization\",\"@id\":\"https:\\\/\\\/schlammtrocknung.com\\\/#organization\",\"name\":\"Schlammtrocknung | SDS - Schlammtrocknung\",\"url\":\"https:\\\/\\\/schlammtrocknung.com\\\/\",\"logo\":{\"@type\":\"ImageObject\",\"inLanguage\":\"tr\",\"@id\":\"https:\\\/\\\/schlammtrocknung.com\\\/#\\\/schema\\\/logo\\\/image\\\/\",\"url\":\"https:\\\/\\\/schlammtrocknung.com\\\/wp-content\\\/uploads\\\/2023\\\/02\\\/logo_sds-1.png\",\"contentUrl\":\"https:\\\/\\\/schlammtrocknung.com\\\/wp-content\\\/uploads\\\/2023\\\/02\\\/logo_sds-1.png\",\"width\":697,\"height\":187,\"caption\":\"Schlammtrocknung | SDS - Schlammtrocknung\"},\"image\":{\"@id\":\"https:\\\/\\\/schlammtrocknung.com\\\/#\\\/schema\\\/logo\\\/image\\\/\"}}]}<\/script>\n<!-- \/ Yoast SEO plugin. -->","yoast_head_json":{"title":"Biyolojik \u00e7amur kurutma | Michel \u00e7amur kurutma","description":"michel SLUDGE-DRYING-SYSTEMS'in biyolojik \u00e7amur kurutmas\u0131 ile verimlili\u011fi ve s\u00fcrd\u00fcr\u00fclebilirli\u011fi en \u00fcst d\u00fczeye \u00e7\u0131kar\u0131n.","robots":{"index":"index","follow":"follow","max-snippet":"max-snippet:-1","max-image-preview":"max-image-preview:large","max-video-preview":"max-video-preview:-1"},"canonical":"https:\/\/schlammtrocknung.com\/tr\/hizmetler\/biyolojik-camur-kurutma\/","og_locale":"tr_TR","og_type":"article","og_title":"Biyolojik \u00e7amur kurutma | Michel \u00e7amur kurutma","og_description":"michel SLUDGE-DRYING-SYSTEMS'in biyolojik \u00e7amur kurutmas\u0131 ile verimlili\u011fi ve s\u00fcrd\u00fcr\u00fclebilirli\u011fi en \u00fcst d\u00fczeye \u00e7\u0131kar\u0131n.","og_url":"https:\/\/schlammtrocknung.com\/tr\/hizmetler\/biyolojik-camur-kurutma\/","og_site_name":"Schlammtrocknung \u2013 michel SLUDGE DRYING SYSTEM","article_modified_time":"2025-06-18T11:04:41+00:00","twitter_card":"summary_large_image","twitter_misc":{"Tahmini okuma s\u00fcresi":"6 dakika"},"schema":{"@context":"https:\/\/schema.org","@graph":[{"@type":"WebPage","@id":"https:\/\/schlammtrocknung.com\/tr\/hizmetler\/biyolojik-camur-kurutma\/","url":"https:\/\/schlammtrocknung.com\/tr\/hizmetler\/biyolojik-camur-kurutma\/","name":"Biyolojik \u00e7amur kurutma | Michel \u00e7amur kurutma","isPartOf":{"@id":"https:\/\/schlammtrocknung.com\/#website"},"datePublished":"2024-09-04T09:08:22+00:00","dateModified":"2025-06-18T11:04:41+00:00","description":"michel SLUDGE-DRYING-SYSTEMS'in biyolojik \u00e7amur kurutmas\u0131 ile verimlili\u011fi ve s\u00fcrd\u00fcr\u00fclebilirli\u011fi en \u00fcst d\u00fczeye \u00e7\u0131kar\u0131n.","breadcrumb":{"@id":"https:\/\/schlammtrocknung.com\/tr\/hizmetler\/biyolojik-camur-kurutma\/#breadcrumb"},"inLanguage":"tr","potentialAction":[{"@type":"ReadAction","target":["https:\/\/schlammtrocknung.com\/tr\/hizmetler\/biyolojik-camur-kurutma\/"]}]},{"@type":"BreadcrumbList","@id":"https:\/\/schlammtrocknung.com\/tr\/hizmetler\/biyolojik-camur-kurutma\/#breadcrumb","itemListElement":[{"@type":"ListItem","position":1,"name":"Startseite","item":"https:\/\/schlammtrocknung.com\/tr\/ana-sayfa\/"},{"@type":"ListItem","position":2,"name":"Hizmetler","item":"https:\/\/schlammtrocknung.com\/tr\/hizmetler\/"},{"@type":"ListItem","position":3,"name":"Biyolojik \u00e7amur kurutma"}]},{"@type":"WebSite","@id":"https:\/\/schlammtrocknung.com\/#website","url":"https:\/\/schlammtrocknung.com\/","name":"Schlammtrocknung | SDS - Schlammtrocknung","description":"Schlamm- L\u00f6sungen f\u00fcr Kl\u00e4rwerke, Industrie und Umwelt","publisher":{"@id":"https:\/\/schlammtrocknung.com\/#organization"},"potentialAction":[{"@type":"SearchAction","target":{"@type":"EntryPoint","urlTemplate":"https:\/\/schlammtrocknung.com\/?s={search_term_string}"},"query-input":{"@type":"PropertyValueSpecification","valueRequired":true,"valueName":"search_term_string"}}],"inLanguage":"tr"},{"@type":"Organization","@id":"https:\/\/schlammtrocknung.com\/#organization","name":"Schlammtrocknung | SDS - Schlammtrocknung","url":"https:\/\/schlammtrocknung.com\/","logo":{"@type":"ImageObject","inLanguage":"tr","@id":"https:\/\/schlammtrocknung.com\/#\/schema\/logo\/image\/","url":"https:\/\/schlammtrocknung.com\/wp-content\/uploads\/2023\/02\/logo_sds-1.png","contentUrl":"https:\/\/schlammtrocknung.com\/wp-content\/uploads\/2023\/02\/logo_sds-1.png","width":697,"height":187,"caption":"Schlammtrocknung | SDS - Schlammtrocknung"},"image":{"@id":"https:\/\/schlammtrocknung.com\/#\/schema\/logo\/image\/"}}]}},"_links":{"self":[{"href":"https:\/\/schlammtrocknung.com\/tr\/wp-json\/wp\/v2\/pages\/2793","targetHints":{"allow":["GET"]}}],"collection":[{"href":"https:\/\/schlammtrocknung.com\/tr\/wp-json\/wp\/v2\/pages"}],"about":[{"href":"https:\/\/schlammtrocknung.com\/tr\/wp-json\/wp\/v2\/types\/page"}],"author":[{"embeddable":true,"href":"https:\/\/schlammtrocknung.com\/tr\/wp-json\/wp\/v2\/users\/1"}],"replies":[{"embeddable":true,"href":"https:\/\/schlammtrocknung.com\/tr\/wp-json\/wp\/v2\/comments?post=2793"}],"version-history":[{"count":1,"href":"https:\/\/schlammtrocknung.com\/tr\/wp-json\/wp\/v2\/pages\/2793\/revisions"}],"predecessor-version":[{"id":2796,"href":"https:\/\/schlammtrocknung.com\/tr\/wp-json\/wp\/v2\/pages\/2793\/revisions\/2796"}],"up":[{"embeddable":true,"href":"https:\/\/schlammtrocknung.com\/tr\/wp-json\/wp\/v2\/pages\/2799"}],"wp:attachment":[{"href":"https:\/\/schlammtrocknung.com\/tr\/wp-json\/wp\/v2\/media?parent=2793"}],"curies":[{"name":"wp","href":"https:\/\/api.w.org\/{rel}","templated":true}]}}