{"id":2797,"date":"2024-08-30T10:40:19","date_gmt":"2024-08-30T08:40:19","guid":{"rendered":"https:\/\/schlammtrocknung.com\/camur-susuzlastirma\/"},"modified":"2025-06-18T13:04:41","modified_gmt":"2025-06-18T11:04:41","slug":"camur-susuzlastirma","status":"publish","type":"page","link":"https:\/\/schlammtrocknung.com\/tr\/camur-susuzlastirma\/","title":{"rendered":"\u00c7amur susuzla\u015ft\u0131rma"},"content":{"rendered":"<div class=\"wpb-content-wrapper\"><p>[vc_row][vc_column][vc_custom_heading text=&#8221;michel ile \u00e7amur susuzla\u015ft\u0131rma \u00c7AMUR KURUTMA S\u0130STEMLER\u0130&#8221; font_container=&#8221;tag:h1|text_align:center|color:%23728d2a&#8221; use_theme_fonts=&#8221;yes&#8221;][vc_column_text]<\/p>\n<p style=\"text-align: center;\"><span style=\"font-weight: 400;\">A\u015fa\u011f\u0131dakiler i\u00e7in son teknoloji sistemler <\/span><b>\u00e7amur susuzla\u015ft\u0131rma<\/b><span style=\"font-weight: 400;\">. i\u00e7in ileri teknolojiler  <\/span><a href=\"http:\/\/schlammtrocknung.com\/glossar\/dewatering\"><span style=\"font-weight: 400;\">Susuzla\u015ft\u0131rma<\/span><\/a><span style=\"font-weight: 400;\">. \u00c7amurun yerinde verimli kullan\u0131m\u0131. michel SLUDGE-DRYING-SYSTEMS&#8217;in \u00e7\u00f6z\u00fcmleri maliyetli su ta\u015f\u0131mac\u0131l\u0131\u011f\u0131n\u0131 \u00f6nler ve \u00e7evre dostu bir gelecek yarat\u0131lmas\u0131n\u0131 destekler. <\/span><\/p>\n<p>[\/vc_column_text][\/vc_column][\/vc_row][vc_row][vc_column][vc_cta h2=&#8221;&#8221; add_button=&#8221;bottom&#8221; btn_title=&#8221;\u015eimdi bilgi al\u0131n!&#8221; btn_style=&#8221;gradient-custom&#8221; btn_gradient_custom_color_1=&#8221;#728d2a&#8221; btn_gradient_custom_color_2=&#8221;#728d2a&#8221; btn_align=&#8221;center&#8221; btn_link=&#8221;url:https%3A%2F%2Fschlammtrocknung.com%2Fkontakt%2F|title:Bize%20ula%C5%9F%C4%B1n|&#8221;][\/vc_cta][vc_empty_space][\/vc_column][vc_column width=&#8221;1\/2&#8243;][vc_custom_heading text=&#8221;\u00c7amur susuzla\u015ft\u0131rma &#8211; end\u00fcstriyel ortamlar\u0131n vazge\u00e7ilmezi&#8221; font_container=&#8221;tag:h2|text_align:left|color:%23728d2a&#8221; use_theme_fonts=&#8221;yes&#8221;][vc_column_text]<i><span style=\"font-weight: 400;\">\u00c7amur susuzla\u015ft\u0131rma nedir?<\/span><\/i><\/p>\n<p><i><span style=\"font-weight: 400;\">\u00c7amur susuzla\u015ft\u0131rma, end\u00fcstriyel s\u00fcre\u00e7lerde, at\u0131k su ar\u0131t\u0131m\u0131nda ve tar\u0131mda \u00fcretilen \u00e7amurdaki su i\u00e7eri\u011fini azaltmaya y\u00f6nelik bir i\u015flemdir. \u00c7amurun toplam k\u00fctlesindeki s\u0131v\u0131 oran\u0131 %10&#8217;a d\u00fc\u015f\u00fcr\u00fcl\u00fcr, bu da geri d\u00f6n\u00fc\u015ft\u00fcr\u00fclebilir malzemenin hacmini ve a\u011f\u0131rl\u0131\u011f\u0131n\u0131 b\u00fcy\u00fck \u00f6l\u00e7\u00fcde azalt\u0131r. <\/span><\/i>[\/vc_column_text][\/vc_column][vc_column width=&#8221;1\/2&#8243;][vc_single_image image=&#8221;280&#8243; img_size=&#8221;full&#8221;][\/vc_column][\/vc_row][vc_row][vc_column][vc_column_text]<\/p>\n<p style=\"text-align: center;\"><span style=\"font-weight: 400;\">End\u00fcstriyel \u00e7amurun susuzla\u015ft\u0131r\u0131lmas\u0131, a\u015fa\u011f\u0131dakilerin yerine getirilmesi i\u00e7in gereklidir <\/span><b>\u00e7evresel d\u00fczenlemeler<\/b><span style=\"font-weight: 400;\">  Kirletici maddelerin sal\u0131n\u0131m\u0131n\u0131 en aza indirerek ve de\u011ferli kaynaklar\u0131n geri kazan\u0131lmas\u0131n\u0131 sa\u011flayarak. \u0130leri teknoloji sayesinde   <\/span><b>\u00c7amur susuzla\u015ft\u0131rma<\/b><span style=\"font-weight: 400;\"> A\u011f\u0131r metallerin ve organik bile\u015fiklerin \u00e7evreye sal\u0131nmas\u0131n\u0131 \u00f6nler, b\u00f6ylece hem ekolojik hem de sa\u011fl\u0131k risklerini azalt\u0131r.<\/span><\/p>\n<p>[\/vc_column_text][vc_custom_heading text=&#8221;michel \u00e7amur kurutma si\u0307stemleri\u0307 i\u0307le \u00e7amur susuzla\u015ftirmanin avantajlari&#8221; font_container=&#8221;tag:h3|text_align:center|color:%23728d2a&#8221; use_theme_fonts=&#8221;yes&#8221;][\/vc_column][\/vc_row][vc_row][vc_column width=&#8221;1\/2&#8243;][vc_empty_space][vc_single_image image=&#8221;279&#8243; img_size=&#8221;large&#8221;][\/vc_column][vc_column width=&#8221;1\/2&#8243;][vc_empty_space][vc_column_text]<span style=\"font-weight: 400;\">Teknolojimizin avantajlar\u0131 \u00e7ok \u00e7e\u015fitli ve etkileyici:<\/span><\/p>\n<ul>\n<li><b>Yerel fizibilite:<\/b><span style=\"font-weight: 400;\"> Teknolojimiz do\u011frudan \u00e7amurun \u00e7\u0131k\u0131\u015f noktas\u0131nda kullan\u0131l\u0131r<\/span><\/li>\n<li><b>\u00c7evre dostu:<\/b><span style=\"font-weight: 400;\"> Ek emisyonlar, at\u0131k su ile ilgili sorunlar veya artan CO\u2082 kirlili\u011fi yok<\/span><\/li>\n<li><b>Enerji ve maliyet verimlili\u011fi:<\/b><span style=\"font-weight: 400;\"> Maliyetli ek cihazlar sat\u0131n almaya gerek kalmadan azalt\u0131lm\u0131\u015f enerji gereksinimleri<\/span><\/li>\n<li><b>D\u00fc\u015f\u00fck i\u015fletme maliyetleri:<\/b><span style=\"font-weight: 400;\"> Is\u0131 ve elektri\u011fin verimli kullan\u0131m\u0131<\/span><\/li>\n<li><b>Nazik susuzla\u015ft\u0131rma:<\/b><span style=\"font-weight: 400;\"> Yap\u0131\u015ft\u0131rma yok, d\u00fc\u015f\u00fck emisyon ve toz olu\u015fumu<\/span><\/li>\n<li><b>\u00c7at\u0131 kaplamas\u0131na gerek yoktur:<\/b><span style=\"font-weight: 400;\"> Maliyetleri azalt\u0131r ve de\u011ferli alandan tasarruf sa\u011flar<\/span><\/li>\n<li><b>\u00c7ok y\u00f6nl\u00fcl\u00fck:<\/b><span style=\"font-weight: 400;\"> Farkl\u0131 \u00fcr\u00fcnler i\u00e7in uygundur <\/span><a href=\"http:\/\/schlammtrocknung.com\/leistungen\"><span style=\"font-weight: 400;\">\u00e7amur t\u00fcrleri<\/span><\/a><span style=\"font-weight: 400;\"> ve olumlu bir ekolojik denge sunar<\/span><\/li>\n<\/ul>\n<p>[\/vc_column_text][\/vc_column][\/vc_row][vc_row][vc_column][vc_custom_heading text=&#8221;Ayr\u0131nt\u0131l\u0131 olarak \u00e7amur susuzla\u015ft\u0131rma prosesi&#8221; font_container=&#8221;tag:h2|text_align:center|color:%23728d2a&#8221; use_theme_fonts=&#8221;yes&#8221;][\/vc_column][vc_column width=&#8221;1\/2&#8243;][vc_empty_space][vc_column_text]<\/p>\n<p style=\"text-align: left;\"><span style=\"font-weight: 400;\">\u00c7amur susuzla\u015ft\u0131rma, \u00e7amurun ta\u015f\u0131nmas\u0131n\u0131, elle\u00e7lenmesini ve daha ileri d\u00fczeyde i\u015flenmesini kolayla\u015ft\u0131r\u0131r. A\u015fa\u011f\u0131dakiler gibi mekanik y\u00f6ntemler   <\/span><b>Santrif\u00fcjler, filtre presleri ve kurutma yataklar\u0131<\/b><span style=\"font-weight: 400;\">  su ve kat\u0131lar\u0131 ay\u0131rmak i\u00e7in kullan\u0131lan yayg\u0131n tekniklerdir. michel SLUDGE-DRYING-SYSTEMS&#8217;de t\u00fcm bu makineler tek bir makinede birle\u015ftirilmi\u015ftir   <\/span><b>kompakt, mod\u00fcler sistem<\/b><span style=\"font-weight: 400;\"> Kombine.<\/span><\/p>\n<p style=\"text-align: left;\"><span style=\"font-weight: 400;\">Bizim s\u00fcrecimiz <\/span><b>verimlilik<\/b><span style=\"font-weight: 400;\">  sonraki ad\u0131mlar, bertaraf maliyetlerini d\u00fc\u015f\u00fcr\u00fcr ve s\u0131z\u0131nt\u0131lar yoluyla kirlenme riskini en aza indirerek \u00e7evresel riskleri azalt\u0131r. At\u0131k ar\u0131tmada \u00e7ok \u00f6nemli bir ad\u0131md\u0131r ve kaynaklar\u0131n s\u00fcrd\u00fcr\u00fclebilir kullan\u0131m\u0131na katk\u0131da bulunur. <\/span><\/p>\n<p>[\/vc_column_text][\/vc_column][vc_column width=&#8221;1\/2&#8243;][vc_empty_space][vc_single_image image=&#8221;1248&#8243; img_size=&#8221;large&#8221;][\/vc_column][vc_column][vc_custom_heading text=&#8221;D\u00fc\u015f\u00fck s\u0131cakl\u0131kta kurutma yoluyla \u00e7amur susuzla\u015ft\u0131rma: ayr\u0131nt\u0131l\u0131 s\u00fcre\u00e7&#8221; font_container=&#8221;tag:h3|text_align:center|color:%23728d2a&#8221; use_theme_fonts=&#8221;yes&#8221;][vc_column_text]<\/p>\n<p style=\"text-align: center;\"><span style=\"font-weight: 400;\">Bu s\u00fcre\u00e7 <\/span><a href=\"https:\/\/schlammtrocknung.com\/tr\/duesuek-sicaklikta-kurutucu\/\"><span style=\"font-weight: 400;\">d\u00fc\u015f\u00fck s\u0131cakl\u0131kta kurutma<\/span><\/a><span style=\"font-weight: 400;\"> michel SLUDGE-DRYING-SYSTEMS&#8217;de \u00e7amur susuzla\u015ft\u0131rma i\u015fleminin merkezi bir ad\u0131m\u0131d\u0131r ve hedeflenen <\/span><b>\u0131s\u0131 uygulamas\u0131<\/b><span style=\"font-weight: 400;\">  Nem, \u00e7amurdan etkin bir \u015fekilde uzakla\u015ft\u0131r\u0131l\u0131r. \u00c7amur, organik maddelerin b\u00fct\u00fcnl\u00fc\u011f\u00fcn\u00fc korumak ve enerji t\u00fcketimi ile termal y\u00fck\u00fc en aza indirmek i\u00e7in yava\u015f ve nazik bir \u015fekilde \u0131s\u0131t\u0131l\u0131r.   <\/span><\/p>\n<p style=\"text-align: center;\"><span style=\"font-weight: 400;\">Bu y\u00f6ntem a\u015fa\u011f\u0131dakileri destekler <\/span><b>enerji\u0307 veri\u0307mli\u0307li\u0307\u011fi\u0307<\/b><span style=\"font-weight: 400;\">  ve karbon ayak izinizi azalt\u0131r. Geleneksel y\u00fcksek s\u0131cakl\u0131k proseslerinin aksine, d\u00fc\u015f\u00fck s\u0131cakl\u0131kta kurutma zararl\u0131 emisyonlar\u0131n sal\u0131n\u0131m\u0131n\u0131 ve istenmeyen yan \u00fcr\u00fcnlerin olu\u015fumunu \u00f6nleyerek \u00e7amur susuzla\u015ft\u0131rma i\u00e7in \u00e7evre dostu bir se\u00e7enek haline gelir. <\/span><\/p>\n<p style=\"text-align: center;\"><span style=\"font-weight: 400;\">Ar\u0131tma \u00e7amurunun etkili bir \u015fekilde susuzla\u015ft\u0131r\u0131lmas\u0131, hacmi ve a\u011f\u0131rl\u0131\u011f\u0131 \u00f6nemli \u00f6l\u00e7\u00fcde azalt\u0131lm\u0131\u015f bir \u00fcr\u00fcn elde edilmesini sa\u011flar. Bu kurutulmu\u015f malzeme bir\u00e7ok farkl\u0131 \u015fekilde kullan\u0131labilir. \u0130\u00e7inde    <\/span><b>Enerji end\u00fcstrisi<\/b><span style=\"font-weight: 400;\"> \u00d6rne\u011fin, kurutulmu\u015f \u00e7amur, yenilenebilir enerji \u00fcretimine katk\u0131da bulunan bir biyok\u00fctle yak\u0131t\u0131 olarak kullan\u0131l\u0131r.<\/span><\/p>\n<p>[\/vc_column_text][\/vc_column][vc_column][vc_custom_heading text=&#8221;Geli\u015fmi\u015f \u00e7amur susuzla\u015ft\u0131rma i\u00e7in michel SLUDGE-DRYING-SYSTEMS ile&#8221; font_container=&#8221;tag:h2|text_align:center|color:%23728d2a&#8221; use_theme_fonts=&#8221;yes&#8221;][vc_column_text]<\/p>\n<p style=\"text-align: center;\"><span style=\"font-weight: 400;\">Bu <\/span><b>\u00e7amur susuzla\u015ft\u0131rma<\/b><span style=\"font-weight: 400;\"> sadece bir \u00f6nlem de\u011fildir <\/span><b>maliyet d\u00fc\u015f\u00fcrme<\/b><span style=\"font-weight: 400;\">ama ayn\u0131 zamanda \u015fu konularda da belirleyici bir rol oynar <\/span><b>\u00e7evre koruma<\/b><span style=\"font-weight: 400;\">. &#8216;den geli\u015fmi\u015f \u00e7amur susuzla\u015ft\u0131rma sistemlerine yat\u0131r\u0131m yaparak  <\/span><b>michel \u00c7AMUR KURUTMA S\u0130STEMLER\u0130<\/b><span style=\"font-weight: 400;\"> \u015firketler ve tar\u0131msal i\u015fletmeler, gezegenimizin uzun vadede korunmas\u0131na katk\u0131da bulunan s\u00fcrd\u00fcr\u00fclebilir uygulamalara g\u00fcvenmektedir.<\/span><\/p>\n<p style=\"text-align: center;\"><span style=\"font-weight: 400;\">\u00d6nde gelen \u00e7amur susuzla\u015ft\u0131rma \u00e7\u00f6z\u00fcmlerimiz hakk\u0131nda daha fazla bilgi edinmek i\u00e7in bug\u00fcn bize ula\u015f\u0131n!<\/span><\/p>\n<p>[\/vc_column_text][vc_cta h2=&#8221;&#8221; txt_align=&#8221;center&#8221; add_button=&#8221;bottom&#8221; btn_title=&#8221;Hemen ileti\u015fime ge\u00e7in!&#8221; btn_style=&#8221;gradient-custom&#8221; btn_gradient_custom_color_1=&#8221;#728d2a&#8221; btn_gradient_custom_color_2=&#8221;#728d2a&#8221; btn_size=&#8221;lg&#8221; btn_align=&#8221;center&#8221; btn_link=&#8221;url:https%3A%2F%2Fschlammtrocknung.com%2Fkontakt%2F|title:Bize%20ula%C5%9F%C4%B1n|&#8221;][\/vc_cta][\/vc_column][vc_column][\/vc_column][\/vc_row][vc_row][vc_column][vc_column_text]<\/p>\n<h2><b>SSS &#8211; \u00e7amur susuzla\u015ft\u0131rma hakk\u0131nda s\u0131k\u00e7a sorulan sorular<\/b><\/h2>\n<p>[\/vc_column_text][vc_toggle title=&#8221;\u00c7amurlu su nedir?&#8221;]<span style=\"font-weight: 400;\">\u00c7amur suyu, tipik olarak end\u00fcstriyel proseslerin veya at\u0131k su ar\u0131t\u0131m\u0131n\u0131n bir yan \u00fcr\u00fcn\u00fc olarak \u00fcretilen su ve ince, kat\u0131 partik\u00fcllerin bir kar\u0131\u015f\u0131m\u0131d\u0131r. Daha fazla ar\u0131tma gerektiren kirleticiler ve mikroorganizmalar da dahil olmak \u00fczere hem organik hem de inorganik maddeler i\u00e7erir. \u00c7amur suyunun uygun \u015fekilde bertaraf edilebilmesi veya geri d\u00f6n\u00fc\u015ft\u00fcr\u00fclebilmesi i\u00e7in susuzla\u015ft\u0131r\u0131lmas\u0131 ve kurutulmas\u0131 gerekir.  <\/span>[\/vc_toggle][vc_toggle title=&#8221;\u00c7amur susuzla\u015ft\u0131rma nas\u0131l \u00e7al\u0131\u015f\u0131r?&#8221;]<span style=\"font-weight: 400;\">\u00c7amur susuzla\u015ft\u0131rma, hacmini ve a\u011f\u0131rl\u0131\u011f\u0131n\u0131 azaltmak i\u00e7in \u00e7amurdaki su i\u00e7eri\u011fini azaltma i\u015flemidir. Bu i\u015flem genellikle santrif\u00fcjler, filtre presleri veya kurutma yataklar\u0131 gibi mekanik y\u00f6ntemlerle ger\u00e7ekle\u015ftirilir; bu sayede su kat\u0131 maddelerden ayr\u0131l\u0131r ve \u00e7amur, uygun maliyetli ta\u015f\u0131ma ve kolay ileri i\u015fleme i\u00e7in konsantre edilir. <\/span>[\/vc_toggle][vc_toggle title=&#8221;\u00c7amur neden susuzla\u015ft\u0131r\u0131l\u0131r?&#8221;]<span style=\"font-weight: 400;\">\u00c7amurun susuzla\u015ft\u0131r\u0131lmas\u0131, elle\u00e7leme ve nakliyeyi kolayla\u015ft\u0131rmak, nihai bertaraf maliyetlerini azaltmak ve \u00e7evresel riskleri en aza indirmek i\u00e7in gereklidir. Su i\u00e7eri\u011finin azalt\u0131lmas\u0131 ayr\u0131ca sonraki ar\u0131tma s\u00fcre\u00e7lerinin verimlili\u011fini art\u0131r\u0131r ve s\u0131z\u0131nt\u0131lar veya \u00e7amur d\u00f6k\u00fclmeleri nedeniyle toprak ve suyun kirlenme riskini en aza indirir. <\/span>[\/vc_toggle][vc_empty_space height=&#8221;100px&#8221;][\/vc_column][\/vc_row]<\/p>\n<\/div>","protected":false},"excerpt":{"rendered":"<p>[vc_row][vc_column][vc_custom_heading text=&#8221;michel ile \u00e7amur susuzla\u015ft\u0131rma \u00c7AMUR KURUTMA S\u0130STEMLER\u0130&#8221; font_container=&#8221;tag:h1|text_align:center|color:%23728d2a&#8221; use_theme_fonts=&#8221;yes&#8221;][vc_column_text] A\u015fa\u011f\u0131dakiler i\u00e7in son teknoloji sistemler \u00e7amur susuzla\u015ft\u0131rma. i\u00e7in ileri teknolojiler Susuzla\u015ft\u0131rma. \u00c7amurun yerinde verimli kullan\u0131m\u0131. michel SLUDGE-DRYING-SYSTEMS&#8217;in \u00e7\u00f6z\u00fcmleri maliyetli su ta\u015f\u0131mac\u0131l\u0131\u011f\u0131n\u0131 \u00f6nler ve \u00e7evre dostu bir gelecek yarat\u0131lmas\u0131n\u0131 destekler. [\/vc_column_text][\/vc_column][\/vc_row][vc_row][vc_column][vc_cta h2=&#8221;&#8221; add_button=&#8221;bottom&#8221; btn_title=&#8221;\u015eimdi bilgi al\u0131n!&#8221; btn_style=&#8221;gradient-custom&#8221; btn_gradient_custom_color_1=&#8221;#728d2a&#8221; btn_gradient_custom_color_2=&#8221;#728d2a&#8221; btn_align=&#8221;center&#8221; btn_link=&#8221;url:https%3A%2F%2Fschlammtrocknung.com%2Fkontakt%2F|title:Bize%20ula%C5%9F%C4%B1n|&#8221;][\/vc_cta][vc_empty_space][\/vc_column][vc_column width=&#8221;1\/2&#8243;][vc_custom_heading text=&#8221;\u00c7amur susuzla\u015ft\u0131rma &#8211; end\u00fcstriyel&hellip;<\/p>\n","protected":false},"author":1,"featured_media":2790,"parent":0,"menu_order":0,"comment_status":"closed","ping_status":"closed","template":"","meta":{"footnotes":""},"class_list":["post-2797","page","type-page","status-publish","has-post-thumbnail","hentry","description-off"],"yoast_head":"<!-- This site is optimized with the Yoast SEO plugin v27.4 - https:\/\/yoast.com\/product\/yoast-seo-wordpress\/ -->\n<title>\u00c7amur susuzla\u015ft\u0131rma | Michel \u00c7amur kurutma<\/title>\n<meta name=\"description\" content=\"michel SLUDGE-DRYING-SYSTEMS ile geli\u015fmi\u015f \u00e7amur susuzla\u015ft\u0131rma teknolojilerini ke\u015ffedin.\" \/>\n<meta name=\"robots\" content=\"index, follow, max-snippet:-1, max-image-preview:large, max-video-preview:-1\" \/>\n<link rel=\"canonical\" href=\"https:\/\/schlammtrocknung.com\/tr\/camur-susuzlastirma\/\" \/>\n<meta property=\"og:locale\" content=\"tr_TR\" \/>\n<meta property=\"og:type\" content=\"article\" \/>\n<meta property=\"og:title\" content=\"\u00c7amur susuzla\u015ft\u0131rma | Michel \u00c7amur kurutma\" \/>\n<meta property=\"og:description\" content=\"michel SLUDGE-DRYING-SYSTEMS ile geli\u015fmi\u015f \u00e7amur susuzla\u015ft\u0131rma teknolojilerini ke\u015ffedin.\" \/>\n<meta property=\"og:url\" content=\"https:\/\/schlammtrocknung.com\/tr\/camur-susuzlastirma\/\" \/>\n<meta property=\"og:site_name\" content=\"Schlammtrocknung \u2013 michel SLUDGE DRYING SYSTEM\" \/>\n<meta property=\"article:modified_time\" content=\"2025-06-18T11:04:41+00:00\" \/>\n<meta property=\"og:image\" content=\"https:\/\/schlammtrocknung.com\/wp-content\/uploads\/2023\/05\/DSC_3747-scaled.jpg\" \/>\n\t<meta property=\"og:image:width\" content=\"2560\" \/>\n\t<meta property=\"og:image:height\" content=\"1436\" \/>\n\t<meta property=\"og:image:type\" content=\"image\/jpeg\" \/>\n<meta name=\"twitter:card\" content=\"summary_large_image\" \/>\n<meta name=\"twitter:label1\" content=\"Tahmini okuma s\u00fcresi\" \/>\n\t<meta name=\"twitter:data1\" content=\"7 dakika\" \/>\n<script type=\"application\/ld+json\" class=\"yoast-schema-graph\">{\"@context\":\"https:\\\/\\\/schema.org\",\"@graph\":[{\"@type\":\"WebPage\",\"@id\":\"https:\\\/\\\/schlammtrocknung.com\\\/tr\\\/camur-susuzlastirma\\\/\",\"url\":\"https:\\\/\\\/schlammtrocknung.com\\\/tr\\\/camur-susuzlastirma\\\/\",\"name\":\"\u00c7amur susuzla\u015ft\u0131rma | Michel \u00c7amur kurutma\",\"isPartOf\":{\"@id\":\"https:\\\/\\\/schlammtrocknung.com\\\/#website\"},\"primaryImageOfPage\":{\"@id\":\"https:\\\/\\\/schlammtrocknung.com\\\/tr\\\/camur-susuzlastirma\\\/#primaryimage\"},\"image\":{\"@id\":\"https:\\\/\\\/schlammtrocknung.com\\\/tr\\\/camur-susuzlastirma\\\/#primaryimage\"},\"thumbnailUrl\":\"https:\\\/\\\/schlammtrocknung.com\\\/wp-content\\\/uploads\\\/2023\\\/05\\\/DSC_3747-scaled.jpg\",\"datePublished\":\"2024-08-30T08:40:19+00:00\",\"dateModified\":\"2025-06-18T11:04:41+00:00\",\"description\":\"michel SLUDGE-DRYING-SYSTEMS ile geli\u015fmi\u015f \u00e7amur susuzla\u015ft\u0131rma teknolojilerini ke\u015ffedin.\",\"breadcrumb\":{\"@id\":\"https:\\\/\\\/schlammtrocknung.com\\\/tr\\\/camur-susuzlastirma\\\/#breadcrumb\"},\"inLanguage\":\"tr\",\"potentialAction\":[{\"@type\":\"ReadAction\",\"target\":[\"https:\\\/\\\/schlammtrocknung.com\\\/tr\\\/camur-susuzlastirma\\\/\"]}]},{\"@type\":\"ImageObject\",\"inLanguage\":\"tr\",\"@id\":\"https:\\\/\\\/schlammtrocknung.com\\\/tr\\\/camur-susuzlastirma\\\/#primaryimage\",\"url\":\"https:\\\/\\\/schlammtrocknung.com\\\/wp-content\\\/uploads\\\/2023\\\/05\\\/DSC_3747-scaled.jpg\",\"contentUrl\":\"https:\\\/\\\/schlammtrocknung.com\\\/wp-content\\\/uploads\\\/2023\\\/05\\\/DSC_3747-scaled.jpg\",\"width\":2560,\"height\":1436},{\"@type\":\"BreadcrumbList\",\"@id\":\"https:\\\/\\\/schlammtrocknung.com\\\/tr\\\/camur-susuzlastirma\\\/#breadcrumb\",\"itemListElement\":[{\"@type\":\"ListItem\",\"position\":1,\"name\":\"Startseite\",\"item\":\"https:\\\/\\\/schlammtrocknung.com\\\/tr\\\/ana-sayfa\\\/\"},{\"@type\":\"ListItem\",\"position\":2,\"name\":\"\u00c7amur susuzla\u015ft\u0131rma\"}]},{\"@type\":\"WebSite\",\"@id\":\"https:\\\/\\\/schlammtrocknung.com\\\/#website\",\"url\":\"https:\\\/\\\/schlammtrocknung.com\\\/\",\"name\":\"Schlammtrocknung | SDS - Schlammtrocknung\",\"description\":\"Schlamm- L\u00f6sungen f\u00fcr Kl\u00e4rwerke, Industrie und Umwelt\",\"publisher\":{\"@id\":\"https:\\\/\\\/schlammtrocknung.com\\\/#organization\"},\"potentialAction\":[{\"@type\":\"SearchAction\",\"target\":{\"@type\":\"EntryPoint\",\"urlTemplate\":\"https:\\\/\\\/schlammtrocknung.com\\\/?s={search_term_string}\"},\"query-input\":{\"@type\":\"PropertyValueSpecification\",\"valueRequired\":true,\"valueName\":\"search_term_string\"}}],\"inLanguage\":\"tr\"},{\"@type\":\"Organization\",\"@id\":\"https:\\\/\\\/schlammtrocknung.com\\\/#organization\",\"name\":\"Schlammtrocknung | SDS - Schlammtrocknung\",\"url\":\"https:\\\/\\\/schlammtrocknung.com\\\/\",\"logo\":{\"@type\":\"ImageObject\",\"inLanguage\":\"tr\",\"@id\":\"https:\\\/\\\/schlammtrocknung.com\\\/#\\\/schema\\\/logo\\\/image\\\/\",\"url\":\"https:\\\/\\\/schlammtrocknung.com\\\/wp-content\\\/uploads\\\/2023\\\/02\\\/logo_sds-1.png\",\"contentUrl\":\"https:\\\/\\\/schlammtrocknung.com\\\/wp-content\\\/uploads\\\/2023\\\/02\\\/logo_sds-1.png\",\"width\":697,\"height\":187,\"caption\":\"Schlammtrocknung | SDS - Schlammtrocknung\"},\"image\":{\"@id\":\"https:\\\/\\\/schlammtrocknung.com\\\/#\\\/schema\\\/logo\\\/image\\\/\"}}]}<\/script>\n<!-- \/ Yoast SEO plugin. -->","yoast_head_json":{"title":"\u00c7amur susuzla\u015ft\u0131rma | Michel \u00c7amur kurutma","description":"michel SLUDGE-DRYING-SYSTEMS ile geli\u015fmi\u015f \u00e7amur susuzla\u015ft\u0131rma teknolojilerini ke\u015ffedin.","robots":{"index":"index","follow":"follow","max-snippet":"max-snippet:-1","max-image-preview":"max-image-preview:large","max-video-preview":"max-video-preview:-1"},"canonical":"https:\/\/schlammtrocknung.com\/tr\/camur-susuzlastirma\/","og_locale":"tr_TR","og_type":"article","og_title":"\u00c7amur susuzla\u015ft\u0131rma | Michel \u00c7amur kurutma","og_description":"michel SLUDGE-DRYING-SYSTEMS ile geli\u015fmi\u015f \u00e7amur susuzla\u015ft\u0131rma teknolojilerini ke\u015ffedin.","og_url":"https:\/\/schlammtrocknung.com\/tr\/camur-susuzlastirma\/","og_site_name":"Schlammtrocknung \u2013 michel SLUDGE DRYING SYSTEM","article_modified_time":"2025-06-18T11:04:41+00:00","og_image":[{"width":2560,"height":1436,"url":"https:\/\/schlammtrocknung.com\/wp-content\/uploads\/2023\/05\/DSC_3747-scaled.jpg","type":"image\/jpeg"}],"twitter_card":"summary_large_image","twitter_misc":{"Tahmini okuma s\u00fcresi":"7 dakika"},"schema":{"@context":"https:\/\/schema.org","@graph":[{"@type":"WebPage","@id":"https:\/\/schlammtrocknung.com\/tr\/camur-susuzlastirma\/","url":"https:\/\/schlammtrocknung.com\/tr\/camur-susuzlastirma\/","name":"\u00c7amur susuzla\u015ft\u0131rma | Michel \u00c7amur kurutma","isPartOf":{"@id":"https:\/\/schlammtrocknung.com\/#website"},"primaryImageOfPage":{"@id":"https:\/\/schlammtrocknung.com\/tr\/camur-susuzlastirma\/#primaryimage"},"image":{"@id":"https:\/\/schlammtrocknung.com\/tr\/camur-susuzlastirma\/#primaryimage"},"thumbnailUrl":"https:\/\/schlammtrocknung.com\/wp-content\/uploads\/2023\/05\/DSC_3747-scaled.jpg","datePublished":"2024-08-30T08:40:19+00:00","dateModified":"2025-06-18T11:04:41+00:00","description":"michel SLUDGE-DRYING-SYSTEMS ile geli\u015fmi\u015f \u00e7amur susuzla\u015ft\u0131rma teknolojilerini ke\u015ffedin.","breadcrumb":{"@id":"https:\/\/schlammtrocknung.com\/tr\/camur-susuzlastirma\/#breadcrumb"},"inLanguage":"tr","potentialAction":[{"@type":"ReadAction","target":["https:\/\/schlammtrocknung.com\/tr\/camur-susuzlastirma\/"]}]},{"@type":"ImageObject","inLanguage":"tr","@id":"https:\/\/schlammtrocknung.com\/tr\/camur-susuzlastirma\/#primaryimage","url":"https:\/\/schlammtrocknung.com\/wp-content\/uploads\/2023\/05\/DSC_3747-scaled.jpg","contentUrl":"https:\/\/schlammtrocknung.com\/wp-content\/uploads\/2023\/05\/DSC_3747-scaled.jpg","width":2560,"height":1436},{"@type":"BreadcrumbList","@id":"https:\/\/schlammtrocknung.com\/tr\/camur-susuzlastirma\/#breadcrumb","itemListElement":[{"@type":"ListItem","position":1,"name":"Startseite","item":"https:\/\/schlammtrocknung.com\/tr\/ana-sayfa\/"},{"@type":"ListItem","position":2,"name":"\u00c7amur susuzla\u015ft\u0131rma"}]},{"@type":"WebSite","@id":"https:\/\/schlammtrocknung.com\/#website","url":"https:\/\/schlammtrocknung.com\/","name":"Schlammtrocknung | SDS - Schlammtrocknung","description":"Schlamm- L\u00f6sungen f\u00fcr Kl\u00e4rwerke, Industrie und Umwelt","publisher":{"@id":"https:\/\/schlammtrocknung.com\/#organization"},"potentialAction":[{"@type":"SearchAction","target":{"@type":"EntryPoint","urlTemplate":"https:\/\/schlammtrocknung.com\/?s={search_term_string}"},"query-input":{"@type":"PropertyValueSpecification","valueRequired":true,"valueName":"search_term_string"}}],"inLanguage":"tr"},{"@type":"Organization","@id":"https:\/\/schlammtrocknung.com\/#organization","name":"Schlammtrocknung | SDS - Schlammtrocknung","url":"https:\/\/schlammtrocknung.com\/","logo":{"@type":"ImageObject","inLanguage":"tr","@id":"https:\/\/schlammtrocknung.com\/#\/schema\/logo\/image\/","url":"https:\/\/schlammtrocknung.com\/wp-content\/uploads\/2023\/02\/logo_sds-1.png","contentUrl":"https:\/\/schlammtrocknung.com\/wp-content\/uploads\/2023\/02\/logo_sds-1.png","width":697,"height":187,"caption":"Schlammtrocknung | SDS - Schlammtrocknung"},"image":{"@id":"https:\/\/schlammtrocknung.com\/#\/schema\/logo\/image\/"}}]}},"_links":{"self":[{"href":"https:\/\/schlammtrocknung.com\/tr\/wp-json\/wp\/v2\/pages\/2797","targetHints":{"allow":["GET"]}}],"collection":[{"href":"https:\/\/schlammtrocknung.com\/tr\/wp-json\/wp\/v2\/pages"}],"about":[{"href":"https:\/\/schlammtrocknung.com\/tr\/wp-json\/wp\/v2\/types\/page"}],"author":[{"embeddable":true,"href":"https:\/\/schlammtrocknung.com\/tr\/wp-json\/wp\/v2\/users\/1"}],"replies":[{"embeddable":true,"href":"https:\/\/schlammtrocknung.com\/tr\/wp-json\/wp\/v2\/comments?post=2797"}],"version-history":[{"count":2,"href":"https:\/\/schlammtrocknung.com\/tr\/wp-json\/wp\/v2\/pages\/2797\/revisions"}],"predecessor-version":[{"id":2801,"href":"https:\/\/schlammtrocknung.com\/tr\/wp-json\/wp\/v2\/pages\/2797\/revisions\/2801"}],"wp:featuredmedia":[{"embeddable":true,"href":"https:\/\/schlammtrocknung.com\/tr\/wp-json\/wp\/v2\/media\/2790"}],"wp:attachment":[{"href":"https:\/\/schlammtrocknung.com\/tr\/wp-json\/wp\/v2\/media?parent=2797"}],"curies":[{"name":"wp","href":"https:\/\/api.w.org\/{rel}","templated":true}]}}