{"id":2799,"date":"2024-09-04T10:22:38","date_gmt":"2024-09-04T08:22:38","guid":{"rendered":"https:\/\/schlammtrocknung.com\/hizmetler\/"},"modified":"2025-06-18T13:04:46","modified_gmt":"2025-06-18T11:04:46","slug":"hizmetler","status":"publish","type":"page","link":"https:\/\/schlammtrocknung.com\/tr\/hizmetler\/","title":{"rendered":"Hizmetler"},"content":{"rendered":"<div class=\"wpb-content-wrapper\"><p>[vc_row content_placement=&#8221;top&#8221;][vc_column][vc_column_text]<\/p>\n<h1 style=\"text-align: center\"><span style=\"color: #728d2a\">michel \u00c7AMUR KURUTMA S\u0130STEMLER\u0130 ile kaynak verimlili\u011fini en \u00fcst d\u00fczeye \u00e7\u0131kar\u0131n<\/span><\/h1>\n<p>[\/vc_column_text][vc_empty_space height=&#8221;50px&#8221;][\/vc_column][\/vc_row][vc_row][vc_column width=&#8221;1\/2&#8243;][vc_column_text]<b>michel \u00c7AMUR KURUTMA S\u0130STEMLER\u0130<\/b><span style=\"font-weight: 400\"> i\u00e7in geli\u015fmi\u015f \u00e7\u00f6z\u00fcmler sunar <\/span><b>\u00e7amur kurutma<\/b><span style=\"font-weight: 400\">i\u015fletme maliyetlerini d\u00fc\u015f\u00fcrmek ve \u00e7evresel etkiyi en aza indirmek i\u00e7in \u00f6zel olarak tasarlanm\u0131\u015ft\u0131r. <\/span> <\/p>\n<p><span style=\"font-weight: 400\">Bizim <\/span><b>\u00f6zelle\u015fti\u0307ri\u0307lmi\u0307\u015f si\u0307stemler<\/b><span style=\"font-weight: 400\"> geni\u015f bir yelpazede kullan\u0131m i\u00e7in idealdir. <\/span><b>end\u00fcstriler<\/b><span style=\"font-weight: 400\">\u00e7amurun verimli ve \u00e7evre dostu bir \u015fekilde bertaraf edilmesini sa\u011flar. Teknolojimizin kanalizasyon \u00e7amuru kurutmadan metal \u00e7amuru kurutmaya kadar \u00f6zel gereksinimlerinizi nas\u0131l kar\u015f\u0131layabilece\u011fini ke\u015ffedin <\/span>[\/vc_column_text][vc_empty_space height=&#8221;100px&#8221;][\/vc_column][vc_column width=&#8221;1\/2&#8243;][vc_single_image image=&#8221;367&#8243; img_size=&#8221;600&#215;280&#8243;][\/vc_column][\/vc_row][vc_row][vc_column][vc_row_inner][vc_column_inner width=&#8221;1\/3&#8243;][vc_single_image image=&#8221;376&#8243; img_size=&#8221;400&#215;250&#8243; alignment=&#8221;center&#8221;][vc_column_text]<\/p>\n<h3 style=\"text-align: center\"><span style=\"color: #728d2a\">Ar\u0131tma \u00e7amuru kurutma<\/span><\/h3>\n<p style=\"text-align: center\">Su i\u00e7eri\u011fini azaltan, nakliye ve bertaraf maliyetlerini d\u00fc\u015f\u00fcren ve yeni Ar\u0131tma \u00c7amuru Y\u00f6netmeli\u011fine kolayca uyman\u0131za yard\u0131mc\u0131 olan verimli kurutma sistemlerimizle ar\u0131tma \u00e7amurunun ar\u0131t\u0131lmas\u0131n\u0131 optimize edin. Ar\u0131tma \u00e7amuru kurutma sistemlerimiz yaln\u0131zca ekonomik olarak \u00e7al\u0131\u015fmakla kalmaz, ayn\u0131 zamanda de\u011ferli fosforun geri kazan\u0131lmas\u0131n\u0131 da sa\u011flar. <\/p>\n<p>[\/vc_column_text]<style type=\"text\/css\">#dt-btn-1 {background: #728d2a;}<\/style><div class=\"text-centered\"><a href=\"https:\/\/schlammtrocknung.com\/leistungen\/klaerschlammtrocknung\/\" class=\"btn-shortcode dt-btn-m dt-btn default-btn-color default-btn-hover-color default-btn-bg-hover-color\" id=\"dt-btn-1\"><span>Daha fazlas\u0131n\u0131 \u00f6\u011frenin!<\/span><\/a><\/div>[\/vc_column_inner][vc_column_inner width=&#8221;1\/3&#8243;][vc_single_image image=&#8221;374&#8243; img_size=&#8221;400&#215;250&#8243; alignment=&#8221;center&#8221;][vc_column_text css=&#8221;.vc_custom_1725452149334{padding-bottom: 30px !important;}&#8221;]<\/p>\n<h3 style=\"text-align: center\"><span style=\"color: #728d2a\">Biyolojik \u00e7amur kurutma<\/span><\/h3>\n<p style=\"text-align: center\">Biyolojik \u00e7amur kurutma teknolojimiz, biyolojik \u00e7amur hacminin g\u00fcvenli ve verimli bir \u015fekilde azalt\u0131lmas\u0131n\u0131 sa\u011flar. Bu, daha fazla i\u015flemeyi kolayla\u015ft\u0131r\u0131r ve tesisinizin genel eko-dengesini iyile\u015ftirir. \u00c7evre dostu at\u0131k bertaraf\u0131nda \u00f6nc\u00fc olun veya geri d\u00f6n\u00fc\u015ft\u00fcr\u00fclebilir \u00e7amur kullan\u0131m\u0131 i\u00e7in bir temel olu\u015fturun!  <\/p>\n<p>[\/vc_column_text]<style type=\"text\/css\">#dt-btn-2 {background: #728d2a;}<\/style><div class=\"text-centered\"><a href=\"https:\/\/schlammtrocknung.com\/leistungen\/bioschlammtrocknung\/\" class=\"btn-shortcode dt-btn-m dt-btn default-btn-color default-btn-hover-color default-btn-bg-hover-color\" id=\"dt-btn-2\"><span>Daha fazlas\u0131n\u0131 \u00f6\u011frenin!<\/span><\/a><\/div>[\/vc_column_inner][vc_column_inner width=&#8221;1\/3&#8243;][vc_single_image image=&#8221;373&#8243; img_size=&#8221;400&#215;250&#8243; alignment=&#8221;center&#8221;][vc_column_text css=&#8221;.vc_custom_1725452165049{padding-bottom: 30px !important;}&#8221;]<\/p>\n<h3 style=\"text-align: center\"><span style=\"color: #728d2a\">Metal \u00e7amur kurutma<\/span><\/h3>\n<p style=\"text-align: center\">Metal \u00e7amurunu \u00f6zel tesislerimizde kurutarak, tehlikeli kal\u0131nt\u0131lar\u0131n \u00e7evresel etkisini ortadan kald\u0131r\u0131rken de\u011ferli metalleri etkili bir \u015fekilde geri kazanabilirsiniz. Sistemlerimiz madencilik, \u00e7elik \u00fcretimi ve elektrokaplama gibi sekt\u00f6rler i\u00e7in idealdir. <\/p>\n<p>[\/vc_column_text]<style type=\"text\/css\">#dt-btn-3 {background: #728d2a;}<\/style><div class=\"text-centered\"><a href=\"https:\/\/schlammtrocknung.com\/leistungen\/metallschlammtrocknung\/\" class=\"btn-shortcode dt-btn-m dt-btn default-btn-color default-btn-hover-color default-btn-bg-hover-color\" id=\"dt-btn-3\"><span>Daha fazlas\u0131n\u0131 \u00f6\u011frenin!<\/span><\/a><\/div>[\/vc_column_inner][vc_column_inner][vc_empty_space height=&#8221;50px&#8221;][\/vc_column_inner][\/vc_row_inner][vc_row_inner][vc_column_inner width=&#8221;1\/3&#8243;][vc_single_image image=&#8221;372&#8243; img_size=&#8221;400&#215;250&#8243; alignment=&#8221;center&#8221;][vc_column_text css=&#8221;.vc_custom_1725452198849{padding-bottom: 50px !important;}&#8221;]<\/p>\n<h3 style=\"text-align: center\"><span style=\"color: #728d2a\">Ka\u011f\u0131t \u00e7amuru kurutma<\/span><\/h3>\n<p style=\"text-align: center\">Nem i\u00e7eri\u011fini en aza indirmeyi ve ka\u011f\u0131t \u00e7amurunun bertaraf maliyetini azaltmay\u0131 ama\u00e7layan ka\u011f\u0131t \u00e7amuru kurutma sistemlerimizden yararlan\u0131n. \u00c7\u00f6z\u00fcmlerimiz, ka\u011f\u0131t hamurunun temizlendi\u011fi ve yar\u0131 mamul \u00fcr\u00fcnlere d\u00f6n\u00fc\u015ft\u00fcr\u00fcld\u00fc\u011f\u00fc end\u00fcstriler i\u00e7in \u00e7ok \u00f6nemlidir. <\/p>\n<p>[\/vc_column_text]<style type=\"text\/css\">#dt-btn-4 {background: #728d2a;}<\/style><div class=\"text-centered\"><a href=\"https:\/\/schlammtrocknung.com\/leistungen\/papierschlammtrocknung\/\" class=\"btn-shortcode dt-btn-m dt-btn default-btn-color default-btn-hover-color default-btn-bg-hover-color\" id=\"dt-btn-4\"><span>Daha fazlas\u0131n\u0131 \u00f6\u011frenin!<\/span><\/a><\/div>[\/vc_column_inner][vc_column_inner width=&#8221;1\/3&#8243;][vc_single_image image=&#8221;371&#8243; img_size=&#8221;400&#215;250&#8243; alignment=&#8221;center&#8221;][vc_column_text]<\/p>\n<h3 style=\"text-align: center\"><span style=\"color: #728d2a\">Ya\u011f cila \u00e7amuru kurutma<\/span><\/h3>\n<p style=\"text-align: center\">Ya\u011fl\u0131 boya \u00e7amurunun kurutulmas\u0131na y\u00f6nelik \u00e7\u00f6z\u00fcmlerimiz, boya ve vernik end\u00fcstrisinden kaynaklanan sa\u011fl\u0131\u011fa ve \u00e7evreye zararl\u0131 \u00e7amurun nazik ve sorumlu bir \u015fekilde ar\u0131t\u0131lmas\u0131 i\u00e7in idealdir. Verimli hacim azaltma sayesinde michel SLUDGE-DRYING-SYSTEMS sistemleri, ya\u011fl\u0131 boya \u00e7amurunu verimli bir \u015fekilde bertaraf etmenizi ve hatta de\u011ferli bile\u015fenleri geri kazanman\u0131z\u0131 sa\u011flar. <\/p>\n<p>[\/vc_column_text]<style type=\"text\/css\">#dt-btn-5 {background: #728d2a;}<\/style><div class=\"text-centered\"><a href=\"https:\/\/schlammtrocknung.com\/leistungen\/oel-lackschlamm-trocknung\/\" class=\"btn-shortcode dt-btn-m dt-btn default-btn-color default-btn-hover-color default-btn-bg-hover-color\" id=\"dt-btn-5\"><span>Daha fazlas\u0131n\u0131 \u00f6\u011frenin!<\/span><\/a><\/div>[\/vc_column_inner][vc_column_inner width=&#8221;1\/3&#8243;][vc_single_image image=&#8221;370&#8243; img_size=&#8221;400&#215;250&#8243; alignment=&#8221;center&#8221;][vc_column_text css=&#8221;.vc_custom_1725452233530{padding-bottom: 60px !important;}&#8221;]<\/p>\n<h3 style=\"text-align: center\"><span style=\"color: #728d2a\">\u00c7amur ar\u0131tma<\/span><\/h3>\n<p style=\"text-align: center\">\u00c7amur ar\u0131tmaya y\u00f6nelik b\u00fct\u00fcnsel yakla\u015f\u0131m\u0131m\u0131z, kurutmadan malzemenin nihai kullan\u0131m\u0131na kadar kapsaml\u0131 bir \u00e7\u00f6z\u00fcm sunar. Bu \u015fekilde, \u00e7amurunuzu in\u015faat sekt\u00f6r\u00fcnde g\u00fcbre, yak\u0131t veya agrega olarak kullan\u0131lmak \u00fczere haz\u0131rlars\u0131n\u0131z &#8211; tamamen d\u00f6ng\u00fcsel ekonomiye uygun olarak. <\/p>\n<p>[\/vc_column_text]<style type=\"text\/css\">#dt-btn-6 {background: #728d2a;}<\/style><div class=\"text-centered\"><a href=\"https:\/\/schlammtrocknung.com\/leistungen\/schlammbehandlung\/\" class=\"btn-shortcode dt-btn-m dt-btn default-btn-color default-btn-hover-color default-btn-bg-hover-color\" id=\"dt-btn-6\"><span>Daha fazlas\u0131n\u0131 \u00f6\u011frenin!<\/span><\/a><\/div>[\/vc_column_inner][vc_column_inner][vc_empty_space height=&#8221;100px&#8221;][\/vc_column_inner][vc_column_inner][vc_cta h2=&#8221;SDS \u00e7amur kurutma sistemlerimizin avantajlar\u0131n\u0131 ke\u015ffedin&#8221; txt_align=&#8221;center&#8221; add_button=&#8221;bottom&#8221; btn_title=&#8221;Hemen ileti\u015fime ge\u00e7in!&#8221; btn_color=&#8221;green&#8221; btn_align=&#8221;center&#8221; btn_link=&#8221;url:https%3A%2F%2Fschlammtrocknung.com%2Ftr%2Fbize-ulasin%2F|title:Bize%20ula%C5%9F%C4%B1n|&#8221;]<\/p>\n<p style=\"text-align: center\"><span style=\"font-weight: 400\">Art\u0131r\u0131n <\/span><b>verimlilik<\/b><span style=\"font-weight: 400\"> ve ayn\u0131 zamanda \u00e7amur i\u015flemenizi iyile\u015ftirir. <\/span><b>\u00e7evresel denge<\/b><span style=\"font-weight: 400\">. S\u00fcrd\u00fcr\u00fclebilir \u00e7amur kurutma \u00e7\u00f6z\u00fcmleri hakk\u0131nda daha fazla bilgi edinmek i\u00e7in michel SLUDGE-DRYING-SYSTEMS ile bug\u00fcn ileti\u015fime ge\u00e7in. \u0130leri teknolojiye ve s\u00fcrd\u00fcr\u00fclebilir uygulamalara g\u00fcvenin &#8211; nazik ve \u00e7evre dostu bir sistem i\u00e7in michel SLUDGE-DRYING-SYSTEMS&#8217;i se\u00e7in. <\/span><\/p>\n<p>[\/vc_cta][\/vc_column_inner][\/vc_row_inner][vc_empty_space height=&#8221;50px&#8221;][\/vc_column][\/vc_row]<\/p>\n<\/div>","protected":false},"excerpt":{"rendered":"<p>[vc_row content_placement=&#8221;top&#8221;][vc_column][vc_column_text] michel \u00c7AMUR KURUTMA S\u0130STEMLER\u0130 ile kaynak verimlili\u011fini en \u00fcst d\u00fczeye \u00e7\u0131kar\u0131n [\/vc_column_text][vc_empty_space height=&#8221;50px&#8221;][\/vc_column][\/vc_row][vc_row][vc_column width=&#8221;1\/2&#8243;][vc_column_text]michel \u00c7AMUR KURUTMA S\u0130STEMLER\u0130 i\u00e7in geli\u015fmi\u015f \u00e7\u00f6z\u00fcmler sunar \u00e7amur kurutmai\u015fletme maliyetlerini d\u00fc\u015f\u00fcrmek ve \u00e7evresel etkiyi en aza indirmek i\u00e7in \u00f6zel olarak tasarlanm\u0131\u015ft\u0131r. Bizim \u00f6zelle\u015fti\u0307ri\u0307lmi\u0307\u015f si\u0307stemler geni\u015f bir yelpazede kullan\u0131m i\u00e7in idealdir. end\u00fcstriler\u00e7amurun verimli ve \u00e7evre dostu bir \u015fekilde bertaraf edilmesini&hellip;<\/p>\n","protected":false},"author":1,"featured_media":0,"parent":0,"menu_order":0,"comment_status":"closed","ping_status":"closed","template":"","meta":{"footnotes":""},"class_list":["post-2799","page","type-page","status-publish","hentry","description-off"],"yoast_head":"<!-- This site is optimized with the Yoast SEO plugin v27.4 - https:\/\/yoast.com\/product\/yoast-seo-wordpress\/ -->\n<title>Hizmetler | Michel \u00c7amur kurutma<\/title>\n<meta name=\"description\" content=\"michel SLUDGE-DRYING-SYSTEMS \u00e7amur kurutma i\u00e7in geli\u015fmi\u015f \u00e7\u00f6z\u00fcmler sunmaktad\u0131r.\" \/>\n<meta name=\"robots\" content=\"index, follow, max-snippet:-1, max-image-preview:large, max-video-preview:-1\" \/>\n<link rel=\"canonical\" href=\"https:\/\/schlammtrocknung.com\/tr\/hizmetler\/\" \/>\n<meta property=\"og:locale\" content=\"tr_TR\" \/>\n<meta property=\"og:type\" content=\"article\" \/>\n<meta property=\"og:title\" content=\"Hizmetler | Michel \u00c7amur kurutma\" \/>\n<meta property=\"og:description\" content=\"michel SLUDGE-DRYING-SYSTEMS \u00e7amur kurutma i\u00e7in geli\u015fmi\u015f \u00e7\u00f6z\u00fcmler sunmaktad\u0131r.\" \/>\n<meta property=\"og:url\" content=\"https:\/\/schlammtrocknung.com\/tr\/hizmetler\/\" \/>\n<meta property=\"og:site_name\" content=\"Schlammtrocknung \u2013 michel SLUDGE DRYING SYSTEM\" \/>\n<meta property=\"article:modified_time\" content=\"2025-06-18T11:04:46+00:00\" \/>\n<meta name=\"twitter:card\" content=\"summary_large_image\" \/>\n<meta name=\"twitter:label1\" content=\"Tahmini okuma s\u00fcresi\" \/>\n\t<meta name=\"twitter:data1\" content=\"5 dakika\" \/>\n<script type=\"application\/ld+json\" class=\"yoast-schema-graph\">{\"@context\":\"https:\\\/\\\/schema.org\",\"@graph\":[{\"@type\":\"WebPage\",\"@id\":\"https:\\\/\\\/schlammtrocknung.com\\\/tr\\\/hizmetler\\\/\",\"url\":\"https:\\\/\\\/schlammtrocknung.com\\\/tr\\\/hizmetler\\\/\",\"name\":\"Hizmetler | Michel \u00c7amur kurutma\",\"isPartOf\":{\"@id\":\"https:\\\/\\\/schlammtrocknung.com\\\/#website\"},\"datePublished\":\"2024-09-04T08:22:38+00:00\",\"dateModified\":\"2025-06-18T11:04:46+00:00\",\"description\":\"michel SLUDGE-DRYING-SYSTEMS \u00e7amur kurutma i\u00e7in geli\u015fmi\u015f \u00e7\u00f6z\u00fcmler sunmaktad\u0131r.\",\"breadcrumb\":{\"@id\":\"https:\\\/\\\/schlammtrocknung.com\\\/tr\\\/hizmetler\\\/#breadcrumb\"},\"inLanguage\":\"tr\",\"potentialAction\":[{\"@type\":\"ReadAction\",\"target\":[\"https:\\\/\\\/schlammtrocknung.com\\\/tr\\\/hizmetler\\\/\"]}]},{\"@type\":\"BreadcrumbList\",\"@id\":\"https:\\\/\\\/schlammtrocknung.com\\\/tr\\\/hizmetler\\\/#breadcrumb\",\"itemListElement\":[{\"@type\":\"ListItem\",\"position\":1,\"name\":\"Startseite\",\"item\":\"https:\\\/\\\/schlammtrocknung.com\\\/tr\\\/ana-sayfa\\\/\"},{\"@type\":\"ListItem\",\"position\":2,\"name\":\"Hizmetler\"}]},{\"@type\":\"WebSite\",\"@id\":\"https:\\\/\\\/schlammtrocknung.com\\\/#website\",\"url\":\"https:\\\/\\\/schlammtrocknung.com\\\/\",\"name\":\"Schlammtrocknung | SDS - Schlammtrocknung\",\"description\":\"Schlamm- L\u00f6sungen f\u00fcr Kl\u00e4rwerke, Industrie und Umwelt\",\"publisher\":{\"@id\":\"https:\\\/\\\/schlammtrocknung.com\\\/#organization\"},\"potentialAction\":[{\"@type\":\"SearchAction\",\"target\":{\"@type\":\"EntryPoint\",\"urlTemplate\":\"https:\\\/\\\/schlammtrocknung.com\\\/?s={search_term_string}\"},\"query-input\":{\"@type\":\"PropertyValueSpecification\",\"valueRequired\":true,\"valueName\":\"search_term_string\"}}],\"inLanguage\":\"tr\"},{\"@type\":\"Organization\",\"@id\":\"https:\\\/\\\/schlammtrocknung.com\\\/#organization\",\"name\":\"Schlammtrocknung | SDS - Schlammtrocknung\",\"url\":\"https:\\\/\\\/schlammtrocknung.com\\\/\",\"logo\":{\"@type\":\"ImageObject\",\"inLanguage\":\"tr\",\"@id\":\"https:\\\/\\\/schlammtrocknung.com\\\/#\\\/schema\\\/logo\\\/image\\\/\",\"url\":\"https:\\\/\\\/schlammtrocknung.com\\\/wp-content\\\/uploads\\\/2023\\\/02\\\/logo_sds-1.png\",\"contentUrl\":\"https:\\\/\\\/schlammtrocknung.com\\\/wp-content\\\/uploads\\\/2023\\\/02\\\/logo_sds-1.png\",\"width\":697,\"height\":187,\"caption\":\"Schlammtrocknung | SDS - Schlammtrocknung\"},\"image\":{\"@id\":\"https:\\\/\\\/schlammtrocknung.com\\\/#\\\/schema\\\/logo\\\/image\\\/\"}}]}<\/script>\n<!-- \/ Yoast SEO plugin. -->","yoast_head_json":{"title":"Hizmetler | Michel \u00c7amur kurutma","description":"michel SLUDGE-DRYING-SYSTEMS \u00e7amur kurutma i\u00e7in geli\u015fmi\u015f \u00e7\u00f6z\u00fcmler sunmaktad\u0131r.","robots":{"index":"index","follow":"follow","max-snippet":"max-snippet:-1","max-image-preview":"max-image-preview:large","max-video-preview":"max-video-preview:-1"},"canonical":"https:\/\/schlammtrocknung.com\/tr\/hizmetler\/","og_locale":"tr_TR","og_type":"article","og_title":"Hizmetler | Michel \u00c7amur kurutma","og_description":"michel SLUDGE-DRYING-SYSTEMS \u00e7amur kurutma i\u00e7in geli\u015fmi\u015f \u00e7\u00f6z\u00fcmler sunmaktad\u0131r.","og_url":"https:\/\/schlammtrocknung.com\/tr\/hizmetler\/","og_site_name":"Schlammtrocknung \u2013 michel SLUDGE DRYING SYSTEM","article_modified_time":"2025-06-18T11:04:46+00:00","twitter_card":"summary_large_image","twitter_misc":{"Tahmini okuma s\u00fcresi":"5 dakika"},"schema":{"@context":"https:\/\/schema.org","@graph":[{"@type":"WebPage","@id":"https:\/\/schlammtrocknung.com\/tr\/hizmetler\/","url":"https:\/\/schlammtrocknung.com\/tr\/hizmetler\/","name":"Hizmetler | Michel \u00c7amur kurutma","isPartOf":{"@id":"https:\/\/schlammtrocknung.com\/#website"},"datePublished":"2024-09-04T08:22:38+00:00","dateModified":"2025-06-18T11:04:46+00:00","description":"michel SLUDGE-DRYING-SYSTEMS \u00e7amur kurutma i\u00e7in geli\u015fmi\u015f \u00e7\u00f6z\u00fcmler sunmaktad\u0131r.","breadcrumb":{"@id":"https:\/\/schlammtrocknung.com\/tr\/hizmetler\/#breadcrumb"},"inLanguage":"tr","potentialAction":[{"@type":"ReadAction","target":["https:\/\/schlammtrocknung.com\/tr\/hizmetler\/"]}]},{"@type":"BreadcrumbList","@id":"https:\/\/schlammtrocknung.com\/tr\/hizmetler\/#breadcrumb","itemListElement":[{"@type":"ListItem","position":1,"name":"Startseite","item":"https:\/\/schlammtrocknung.com\/tr\/ana-sayfa\/"},{"@type":"ListItem","position":2,"name":"Hizmetler"}]},{"@type":"WebSite","@id":"https:\/\/schlammtrocknung.com\/#website","url":"https:\/\/schlammtrocknung.com\/","name":"Schlammtrocknung | SDS - Schlammtrocknung","description":"Schlamm- L\u00f6sungen f\u00fcr Kl\u00e4rwerke, Industrie und Umwelt","publisher":{"@id":"https:\/\/schlammtrocknung.com\/#organization"},"potentialAction":[{"@type":"SearchAction","target":{"@type":"EntryPoint","urlTemplate":"https:\/\/schlammtrocknung.com\/?s={search_term_string}"},"query-input":{"@type":"PropertyValueSpecification","valueRequired":true,"valueName":"search_term_string"}}],"inLanguage":"tr"},{"@type":"Organization","@id":"https:\/\/schlammtrocknung.com\/#organization","name":"Schlammtrocknung | SDS - Schlammtrocknung","url":"https:\/\/schlammtrocknung.com\/","logo":{"@type":"ImageObject","inLanguage":"tr","@id":"https:\/\/schlammtrocknung.com\/#\/schema\/logo\/image\/","url":"https:\/\/schlammtrocknung.com\/wp-content\/uploads\/2023\/02\/logo_sds-1.png","contentUrl":"https:\/\/schlammtrocknung.com\/wp-content\/uploads\/2023\/02\/logo_sds-1.png","width":697,"height":187,"caption":"Schlammtrocknung | SDS - Schlammtrocknung"},"image":{"@id":"https:\/\/schlammtrocknung.com\/#\/schema\/logo\/image\/"}}]}},"_links":{"self":[{"href":"https:\/\/schlammtrocknung.com\/tr\/wp-json\/wp\/v2\/pages\/2799","targetHints":{"allow":["GET"]}}],"collection":[{"href":"https:\/\/schlammtrocknung.com\/tr\/wp-json\/wp\/v2\/pages"}],"about":[{"href":"https:\/\/schlammtrocknung.com\/tr\/wp-json\/wp\/v2\/types\/page"}],"author":[{"embeddable":true,"href":"https:\/\/schlammtrocknung.com\/tr\/wp-json\/wp\/v2\/users\/1"}],"replies":[{"embeddable":true,"href":"https:\/\/schlammtrocknung.com\/tr\/wp-json\/wp\/v2\/comments?post=2799"}],"version-history":[{"count":4,"href":"https:\/\/schlammtrocknung.com\/tr\/wp-json\/wp\/v2\/pages\/2799\/revisions"}],"predecessor-version":[{"id":2812,"href":"https:\/\/schlammtrocknung.com\/tr\/wp-json\/wp\/v2\/pages\/2799\/revisions\/2812"}],"wp:attachment":[{"href":"https:\/\/schlammtrocknung.com\/tr\/wp-json\/wp\/v2\/media?parent=2799"}],"curies":[{"name":"wp","href":"https:\/\/api.w.org\/{rel}","templated":true}]}}