{"id":2804,"date":"2024-08-30T11:22:58","date_gmt":"2024-08-30T09:22:58","guid":{"rendered":"https:\/\/schlammtrocknung.com\/camur-kurutma-islemi\/"},"modified":"2025-06-18T13:04:45","modified_gmt":"2025-06-18T11:04:45","slug":"camur-kurutma-islemi","status":"publish","type":"page","link":"https:\/\/schlammtrocknung.com\/tr\/camur-kurutma-islemi\/","title":{"rendered":"\u00c7amur kurutma i\u015flemi"},"content":{"rendered":"<div class=\"wpb-content-wrapper\"><p>[vc_row][vc_column][vc_custom_heading text=&#8221;Standartlar\u0131 belirleyen proseslerle \u00e7amur kurutma&#8221; font_container=&#8221;tag:h1|text_align:center|color:%23728d2a&#8221; use_theme_fonts=&#8221;yes&#8221;][vc_column_text]<\/p>\n<p style=\"text-align: center;\"><span style=\"font-weight: 400;\">S\u00fcrd\u00fcr\u00fclebilir bir <\/span><b>\u00e7amur kurutma<\/b><span style=\"font-weight: 400;\"> ihtiya\u00e7lar <\/span><b>s\u00fcre\u00e7ler<\/b><span style=\"font-weight: 400;\">modern teknolojileri kullanan ve verimli \u00e7al\u0131\u015fan sistemler. <\/span><b>michel \u00c7AMUR KURUTMA S\u0130STEMLER\u0130 <\/b> <span style=\"font-weight: 400;\">tek bir makinede verimli \u00e7amur kurutma i\u00e7in geli\u015fmi\u015f, entegre sistemler sunar. Geli\u015fmi\u015f \u00e7\u00f6z\u00fcmlerimizle end\u00fcstriyel \u00e7amurun geri d\u00f6n\u00fc\u015f\u00fcm\u00fcn\u00fc optimize edin. <\/span><\/p>\n<p>[\/vc_column_text][\/vc_column][\/vc_row][vc_row][vc_column width=&#8221;1\/2&#8243;][vc_custom_heading text=&#8221;\u00c7amur kurutma nedir ve ne i\u015fe yarar?&#8221; font_container=&#8221;tag:h2|text_align:left|color:%23728d2a&#8221; use_theme_fonts=&#8221;yes&#8221;][vc_message]<i><span style=\"font-weight: 400;\">\u00c7amur kurutma nedir?<\/span><\/i><\/p>\n<p><i><span style=\"font-weight: 400;\">\u00c7amur kurutma, \u00e7e\u015fitli end\u00fcstriyel, tar\u0131msal veya belediye proseslerinden kaynaklanan \u00e7amurdan suyun uzakla\u015ft\u0131r\u0131lmas\u0131 i\u015flemidir. Bu i\u015flem hacmin azalt\u0131lmas\u0131, nakliye ve bertaraf maliyetlerinin ve CO2 de\u011fi\u015fiminin d\u00fc\u015f\u00fcr\u00fclmesi ve \u00e7amurun g\u00fcvenli bir \u015fekilde yeniden kullan\u0131labilmesi veya bertaraf edilebilmesi i\u00e7in \u00e7ok \u00f6nemlidir. <\/span><\/i>[\/vc_message][vc_column_text]<span style=\"font-weight: 400;\">Kurutulmu\u015f \u00e7amur \u015fu \u015fekilde kullan\u0131labilir <\/span><b>Yak\u0131t, g\u00fcbre veya malzeme \u00fcretiminde.<\/b><span style=\"font-weight: 400;\">  Bu da \u00e7amurun de\u011ferlendirilebilece\u011fi, kaynaklar\u0131n korunaca\u011f\u0131 ve \u00e7evrenin korunaca\u011f\u0131 anlam\u0131na gelmektedir. Ancak, \u00f6ncelikle \u00f6zel bir \u00e7amur kurutma i\u015flemine tabi tutulmal\u0131d\u0131r. <\/span>[\/vc_column_text][\/vc_column][vc_column width=&#8221;1\/2&#8243;][vc_single_image image=&#8221;280&#8243; img_size=&#8221;full&#8221;][\/vc_column][\/vc_row][vc_row][vc_column][vc_custom_heading text=&#8221;Bir bak\u0131\u015fta \u00e7amur kurutma i\u015flem ad\u0131mlar\u0131&#8221; font_container=&#8221;tag:h2|text_align:center|color:%23728d2a&#8221; use_theme_fonts=&#8221;yes&#8221;][\/vc_column][\/vc_row][vc_row][vc_column width=&#8221;1\/2&#8243;][vc_column_text]<\/p>\n<ul>\n<li style=\"font-weight: 400; text-align: left;\" aria-level=\"1\"><span style=\"font-weight: 400;\">\u00c7amurun \u00f6n ar\u0131t\u0131m\u0131, \u00f6rne\u011fin bir kanalizasyon ar\u0131tma tesisinde<\/span><\/li>\n<li style=\"font-weight: 400; text-align: left;\" aria-level=\"1\"><span style=\"font-weight: 400;\">Kurutma i\u015flemi i\u00e7in \u015fartland\u0131rma<\/span><\/li>\n<li style=\"font-weight: 400; text-align: left;\" aria-level=\"1\"><span style=\"font-weight: 400;\">Kurutma sistemine besleme<\/span><\/li>\n<li style=\"font-weight: 400; text-align: left;\" aria-level=\"1\"><span style=\"font-weight: 400;\">Temas ve konveksiyon \u0131s\u0131s\u0131 uygulamas\u0131<\/span><\/li>\n<li style=\"font-weight: 400; text-align: left;\" aria-level=\"1\"><span style=\"font-weight: 400;\">\u00c7amurun s\u00fcrekli hareketi<\/span><\/li>\n<li style=\"font-weight: 400; text-align: left;\" aria-level=\"1\"><span style=\"font-weight: 400;\">Nem giderme<\/span><\/li>\n<li style=\"font-weight: 400; text-align: left;\" aria-level=\"1\"><span style=\"font-weight: 400;\">Kurutulmu\u015f \u00e7amurun toplanmas\u0131<\/span><\/li>\n<li style=\"font-weight: 400; text-align: left;\" aria-level=\"1\"><span style=\"font-weight: 400;\">Bertaraf veya geri d\u00f6n\u00fc\u015f\u00fcm<\/span><\/li>\n<\/ul>\n<p>[\/vc_column_text][\/vc_column][vc_column width=&#8221;1\/2&#8243;][vc_single_image image=&#8221;1177&#8243; img_size=&#8221;full&#8221;][\/vc_column][\/vc_row][vc_row][vc_column width=&#8221;1\/2&#8243;][vc_single_image image=&#8221;1217&#8243; img_size=&#8221;full&#8221;][\/vc_column][vc_column width=&#8221;1\/2&#8243;][vc_custom_heading text=&#8221;\u00c7amurun susuzla\u015ft\u0131r\u0131lmas\u0131 ve kurutulmas\u0131 &#8211; proses nas\u0131l i\u015fler&#8221; font_container=&#8221;tag:h2|text_align:center|color:%23728d2a&#8221; use_theme_fonts=&#8221;yes&#8221;][vc_column_text]<\/p>\n<p style=\"text-align: center;\"><span style=\"font-weight: 400;\">michel SLUDGE-DRYING-SYSTEMS&#8217;in mod\u00fcler sistemlerinin merkezinde yenilik\u00e7i <\/span><b>kurutma s\u00fcreci<\/b><span style=\"font-weight: 400;\">Bu da tek bir entegre makinede ger\u00e7ekle\u015fir. Bu   <\/span><b>Is\u0131 uygulamas\u0131 ve s\u00fcrekli hareket <\/b><span style=\"font-weight: 400;\">\u00e7amurdaki suyun verimli bir \u015fekilde buharla\u015ft\u0131r\u0131lmas\u0131 hedeflenmektedir. <\/span> <\/p>\n<p style=\"text-align: center;\"><span style=\"font-weight: 400;\">A\u015fa\u011f\u0131dakiler gibi en son teknolojilerin kullan\u0131m\u0131 sayesinde <\/span><b>d\u00fc\u015f\u00fck s\u0131cakl\u0131kta kurutma<\/b><span style=\"font-weight: 400;\"> ve bizim <\/span><b>IntelligentDrySystem<\/b><b>\u00ae<\/b><span style=\"font-weight: 400;\">  enerji t\u00fcketimi en aza indirilir. Sistemimiz otomatik olarak adapte olur   <\/span><a href=\"http:\/\/schlammtrocknung.com\/leistungen\"><span style=\"font-weight: 400;\">Farkl\u0131 \u00e7amur t\u00fcrleri<\/span><\/a><span style=\"font-weight: 400;\">  Bu da y\u00fcksek derecede esneklik ve verimlilik sa\u011flar. Bu s\u00fcre\u00e7 sadece \u00fcretim maliyetlerinde ciddi bir azalma sa\u011flamakla kalmaz   <\/span><a href=\"http:\/\/www.schlammtrocknung.com\/glossar\/wassergehalt\"><span style=\"font-weight: 400;\">su i\u00e7eri\u011fi<\/span><\/a><span style=\"font-weight: 400;\"> 10&#8217;a kadar, ayn\u0131 zamanda kuru \u00fcr\u00fcn\u00fcn kalitesini art\u0131rmak i\u00e7in <\/span><b>kuru madde<\/b><span style=\"font-weight: 400;\">.<\/span><\/p>\n<p>[\/vc_column_text][\/vc_column][\/vc_row][vc_row][vc_column][vc_column_text]<b>Yenilik\u00e7i d\u00fc\u015f\u00fck s\u0131cakl\u0131kta kurutma sistemimiz nas\u0131l \u00e7al\u0131\u015f\u0131r?<\/b><\/p>\n<p><span style=\"font-weight: 400;\">Bu <\/span><a href=\"https:\/\/schlammtrocknung.com\/tr\/duesuek-sicaklikta-kurutucu\/\"><span style=\"font-weight: 400;\">d\u00fc\u015f\u00fck s\u0131cakl\u0131kta kurutucu<\/span><\/a><span style=\"font-weight: 400;\">  Michel \u00c7AMUR KURUTMA S\u0130STEMLER\u0130, \u00e7amurun d\u00fc\u015f\u00fck s\u0131cakl\u0131klarda etkili bir \u015fekilde kurutulmas\u0131n\u0131 sa\u011flar, bu da malzemenin kimyasal bile\u015fimini korurken \u00e7evreye zararl\u0131 emisyonlar\u0131 \u00f6nler. Bu ileri teknoloji, nemi hedeflenen \u015fekilde buharla\u015ft\u0131rmak i\u00e7in kontroll\u00fc \u0131s\u0131 kullan\u0131r, bu da enerji t\u00fcketimini \u00f6nemli \u00f6l\u00e7\u00fcde azalt\u0131r ve malzemeye nazik davran\u0131r.   <\/span><\/p>\n<p><span style=\"font-weight: 400;\">Bizim<\/span><b> mod\u00fcler kurutma si\u0307stemleri\u0307<\/b><span style=\"font-weight: 400;\">\u00c7e\u015fitli boyutlarda ve bireysel gereksinimlere g\u00f6re yap\u0131land\u0131r\u0131labilen bu teknoloji, \u00e7amurdaki su i\u00e7eri\u011fini en aza indirmek ve enerji verimlili\u011fini en \u00fcst d\u00fczeye \u00e7\u0131karmak i\u00e7in entegre edilmi\u015ftir. Bu sistemlerde d\u00fc\u015f\u00fck s\u0131cakl\u0131kl\u0131 kurutucular kullan\u0131larak i\u015fletme maliyetleri \u00f6nemli \u00f6l\u00e7\u00fcde azalt\u0131labilir, CO\u2082 emisyonlar\u0131 d\u00fc\u015f\u00fcr\u00fclebilir ve at\u0131k su sorunlar\u0131 \u00f6nlenebilir. <\/span>[\/vc_column_text][vc_custom_heading text=&#8221;Kurutma sonras\u0131 \u00e7amur kullan\u0131m\u0131 i\u00e7in s\u0131n\u0131rs\u0131z olanaklar&#8221; font_container=&#8221;tag:h2|text_align:center|color:%23728d2a&#8221; use_theme_fonts=&#8221;yes&#8221;][vc_column_text]<span style=\"font-weight: 400;\">Kurutulduktan sonra, i\u015flenmi\u015f \u00e7amur \u00e7e\u015fitli \u015fekillerde kullan\u0131labilir. Olarak hizmet eder   <\/span><b>yenilenebilir enerji kayna\u011f\u0131<\/b><span style=\"font-weight: 400;\">ekolojik hale gelir <\/span><b>g\u00fcbreler<\/b><span style=\"font-weight: 400;\"> i\u015flenmi\u015f veya kullan\u0131lm\u0131\u015f <\/span><b>i\u0307n\u015faat sekt\u00f6r\u00fc<\/b><span style=\"font-weight: 400;\">  agrega olarak kullan\u0131l\u0131r. Bu ileri i\u015flem, s\u00fcrd\u00fcr\u00fclebilir d\u00f6ng\u00fcsel ekonomiyi destekler ve do\u011fal kaynaklar\u0131n korunmas\u0131na yard\u0131mc\u0131 olur. <\/span>[\/vc_column_text][\/vc_column][vc_column][vc_custom_heading text=&#8221;michel SLUDGE-DRYING-SYSTEMS ile \u00f6nde gelen \u00e7amur kurutma prosesleri&#8221; font_container=&#8221;tag:h2|text_align:center|color:%23728d2a&#8221; use_theme_fonts=&#8221;yes&#8221;][vc_column_text]<span style=\"font-weight: 400;\">michel SLUDGE-DRYING-SYSTEMS&#8217;in geli\u015fmi\u015f \u00e7amur kurutma ekipmanlar\u0131 ve prosesleri ile verimlili\u011finizi ve s\u00fcrd\u00fcr\u00fclebilirli\u011finizi art\u0131r\u0131n. Teknolojilerimiz ve \u00e7amur susuzla\u015ft\u0131rma i\u015fleminizde nas\u0131l devrim yaratabilece\u011finiz hakk\u0131nda daha fazla bilgi edinmek i\u00e7in hemen bizimle ileti\u015fime ge\u00e7in. <\/span><\/p>\n<p style=\"text-align: center;\"><a href=\"https:\/\/schlammtrocknung.com\/tr\/bize-ulasin\/\">Hemen ileti\u015fime ge\u00e7in!<\/a><\/p>\n<p>[\/vc_column_text][vc_empty_space height=&#8221;100px&#8221;][\/vc_column][\/vc_row][vc_row][vc_column][vc_column_text]<\/p>\n<h2>SSS &#8211; \u00e7amur kurutma prosesi hakk\u0131nda s\u0131k\u00e7a sorulan sorular<\/h2>\n<p>[\/vc_column_text][vc_toggle title=&#8221;\u00c7amur kurutma prosesinde \u00e7amurun \u00f6n ar\u0131t\u0131m\u0131 tam olarak neleri i\u00e7erir?&#8221;]<span style=\"font-weight: 400;\">\u00c7amurun \u00f6n ar\u0131t\u0131m\u0131, kurutma verimlili\u011fini optimize etmek ve t\u0131kanmalar\u0131 \u00f6nlemek i\u00e7in pH de\u011ferinin ayarlanmas\u0131, flok\u00fclantlar\u0131n eklenmesi ve k\u0131vam\u0131n homojenle\u015ftirilmesi gibi ko\u015fulland\u0131rma ad\u0131mlar\u0131n\u0131 i\u00e7erir.<\/span>[\/vc_toggle][vc_toggle title=&#8221;\u00c7amur kurutmada kurutma s\u00fcreci nas\u0131l i\u015fler?&#8221;]<span style=\"font-weight: 400;\">Kurutma prosesi, \u00e7amurdaki suyu verimli bir \u015fekilde buharla\u015ft\u0131rmak i\u00e7in \u0131s\u0131 ve bas\u0131n\u00e7 kullan\u0131r. D\u00fc\u015f\u00fck s\u0131cakl\u0131k teknolojilerinin kullan\u0131m\u0131 enerji t\u00fcketimini en aza indirirken, farkl\u0131 \u00e7amur t\u00fcrlerine uyarlanabilirlik sayesinde esneklik sa\u011flan\u0131r. <\/span>[\/vc_toggle][vc_toggle title=&#8221;Kurutulmu\u015f \u00e7amur i\u015flendikten sonra ne gibi olanaklar sunar?&#8221;]<span style=\"font-weight: 400;\">Kurutulmu\u015f \u00e7amur, \u00f6rne\u011fin yenilenebilir enerji kayna\u011f\u0131, ekolojik g\u00fcbre veya in\u015faat sekt\u00f6r\u00fcnde agrega olarak \u00e7e\u015fitli \u015fekillerde kullan\u0131labilir. Bu kullan\u0131mlar s\u00fcrd\u00fcr\u00fclebilir d\u00f6ng\u00fcsel ekonomiyi destekler ve do\u011fal kaynaklar\u0131n korunmas\u0131na yard\u0131mc\u0131 olur. <\/span>[\/vc_toggle][vc_empty_space height=&#8221;100px&#8221;][\/vc_column][\/vc_row]<\/p>\n<\/div>","protected":false},"excerpt":{"rendered":"<p>[vc_row][vc_column][vc_custom_heading text=&#8221;Standartlar\u0131 belirleyen proseslerle \u00e7amur kurutma&#8221; font_container=&#8221;tag:h1|text_align:center|color:%23728d2a&#8221; use_theme_fonts=&#8221;yes&#8221;][vc_column_text] S\u00fcrd\u00fcr\u00fclebilir bir \u00e7amur kurutma ihtiya\u00e7lar s\u00fcre\u00e7lermodern teknolojileri kullanan ve verimli \u00e7al\u0131\u015fan sistemler. michel \u00c7AMUR KURUTMA S\u0130STEMLER\u0130 tek bir makinede verimli \u00e7amur kurutma i\u00e7in geli\u015fmi\u015f, entegre sistemler sunar. Geli\u015fmi\u015f \u00e7\u00f6z\u00fcmlerimizle end\u00fcstriyel \u00e7amurun geri d\u00f6n\u00fc\u015f\u00fcm\u00fcn\u00fc optimize edin. [\/vc_column_text][\/vc_column][\/vc_row][vc_row][vc_column width=&#8221;1\/2&#8243;][vc_custom_heading text=&#8221;\u00c7amur kurutma nedir ve ne i\u015fe yarar?&#8221; font_container=&#8221;tag:h2|text_align:left|color:%23728d2a&#8221; use_theme_fonts=&#8221;yes&#8221;][vc_message]\u00c7amur kurutma&hellip;<\/p>\n","protected":false},"author":1,"featured_media":2790,"parent":0,"menu_order":0,"comment_status":"closed","ping_status":"closed","template":"","meta":{"footnotes":""},"class_list":["post-2804","page","type-page","status-publish","has-post-thumbnail","hentry","description-off"],"yoast_head":"<!-- This site is optimized with the Yoast SEO plugin v27.3 - https:\/\/yoast.com\/product\/yoast-seo-wordpress\/ -->\n<title>\u00c7amur kurutma i\u015flemi | Michel \u00e7amur kurutma<\/title>\n<meta name=\"description\" content=\"michel SLUDGE-DRYING-SYSTEMS&#039;in \u00e7amur kurutma prosesleri ile end\u00fcstriyel \u00e7amur kullan\u0131m\u0131n\u0131 optimize edin.\" \/>\n<meta name=\"robots\" content=\"index, follow, max-snippet:-1, max-image-preview:large, max-video-preview:-1\" \/>\n<link rel=\"canonical\" href=\"https:\/\/schlammtrocknung.com\/tr\/camur-kurutma-islemi\/\" \/>\n<meta property=\"og:locale\" content=\"tr_TR\" \/>\n<meta property=\"og:type\" content=\"article\" \/>\n<meta property=\"og:title\" content=\"\u00c7amur kurutma i\u015flemi | Michel \u00e7amur kurutma\" \/>\n<meta property=\"og:description\" content=\"michel SLUDGE-DRYING-SYSTEMS&#039;in \u00e7amur kurutma prosesleri ile end\u00fcstriyel \u00e7amur kullan\u0131m\u0131n\u0131 optimize edin.\" \/>\n<meta property=\"og:url\" content=\"https:\/\/schlammtrocknung.com\/tr\/camur-kurutma-islemi\/\" \/>\n<meta property=\"og:site_name\" content=\"Schlammtrocknung \u2013 michel SLUDGE DRYING SYSTEM\" \/>\n<meta property=\"article:modified_time\" content=\"2025-06-18T11:04:45+00:00\" \/>\n<meta property=\"og:image\" content=\"https:\/\/schlammtrocknung.com\/wp-content\/uploads\/2023\/05\/DSC_3747-scaled.jpg\" \/>\n\t<meta property=\"og:image:width\" content=\"2560\" \/>\n\t<meta property=\"og:image:height\" content=\"1436\" \/>\n\t<meta property=\"og:image:type\" content=\"image\/jpeg\" \/>\n<meta name=\"twitter:card\" content=\"summary_large_image\" \/>\n<meta name=\"twitter:label1\" content=\"Tahmini okuma s\u00fcresi\" \/>\n\t<meta name=\"twitter:data1\" content=\"5 dakika\" \/>\n<script type=\"application\/ld+json\" class=\"yoast-schema-graph\">{\"@context\":\"https:\\\/\\\/schema.org\",\"@graph\":[{\"@type\":\"WebPage\",\"@id\":\"https:\\\/\\\/schlammtrocknung.com\\\/tr\\\/camur-kurutma-islemi\\\/\",\"url\":\"https:\\\/\\\/schlammtrocknung.com\\\/tr\\\/camur-kurutma-islemi\\\/\",\"name\":\"\u00c7amur kurutma i\u015flemi | Michel \u00e7amur kurutma\",\"isPartOf\":{\"@id\":\"https:\\\/\\\/schlammtrocknung.com\\\/#website\"},\"primaryImageOfPage\":{\"@id\":\"https:\\\/\\\/schlammtrocknung.com\\\/tr\\\/camur-kurutma-islemi\\\/#primaryimage\"},\"image\":{\"@id\":\"https:\\\/\\\/schlammtrocknung.com\\\/tr\\\/camur-kurutma-islemi\\\/#primaryimage\"},\"thumbnailUrl\":\"https:\\\/\\\/schlammtrocknung.com\\\/wp-content\\\/uploads\\\/2023\\\/05\\\/DSC_3747-scaled.jpg\",\"datePublished\":\"2024-08-30T09:22:58+00:00\",\"dateModified\":\"2025-06-18T11:04:45+00:00\",\"description\":\"michel SLUDGE-DRYING-SYSTEMS'in \u00e7amur kurutma prosesleri ile end\u00fcstriyel \u00e7amur kullan\u0131m\u0131n\u0131 optimize edin.\",\"breadcrumb\":{\"@id\":\"https:\\\/\\\/schlammtrocknung.com\\\/tr\\\/camur-kurutma-islemi\\\/#breadcrumb\"},\"inLanguage\":\"tr\",\"potentialAction\":[{\"@type\":\"ReadAction\",\"target\":[\"https:\\\/\\\/schlammtrocknung.com\\\/tr\\\/camur-kurutma-islemi\\\/\"]}]},{\"@type\":\"ImageObject\",\"inLanguage\":\"tr\",\"@id\":\"https:\\\/\\\/schlammtrocknung.com\\\/tr\\\/camur-kurutma-islemi\\\/#primaryimage\",\"url\":\"https:\\\/\\\/schlammtrocknung.com\\\/wp-content\\\/uploads\\\/2023\\\/05\\\/DSC_3747-scaled.jpg\",\"contentUrl\":\"https:\\\/\\\/schlammtrocknung.com\\\/wp-content\\\/uploads\\\/2023\\\/05\\\/DSC_3747-scaled.jpg\",\"width\":2560,\"height\":1436},{\"@type\":\"BreadcrumbList\",\"@id\":\"https:\\\/\\\/schlammtrocknung.com\\\/tr\\\/camur-kurutma-islemi\\\/#breadcrumb\",\"itemListElement\":[{\"@type\":\"ListItem\",\"position\":1,\"name\":\"Startseite\",\"item\":\"https:\\\/\\\/schlammtrocknung.com\\\/tr\\\/ana-sayfa\\\/\"},{\"@type\":\"ListItem\",\"position\":2,\"name\":\"\u00c7amur kurutma i\u015flemi\"}]},{\"@type\":\"WebSite\",\"@id\":\"https:\\\/\\\/schlammtrocknung.com\\\/#website\",\"url\":\"https:\\\/\\\/schlammtrocknung.com\\\/\",\"name\":\"Schlammtrocknung | SDS - Schlammtrocknung\",\"description\":\"Schlamm- L\u00f6sungen f\u00fcr Kl\u00e4rwerke, Industrie und Umwelt\",\"publisher\":{\"@id\":\"https:\\\/\\\/schlammtrocknung.com\\\/#organization\"},\"potentialAction\":[{\"@type\":\"SearchAction\",\"target\":{\"@type\":\"EntryPoint\",\"urlTemplate\":\"https:\\\/\\\/schlammtrocknung.com\\\/?s={search_term_string}\"},\"query-input\":{\"@type\":\"PropertyValueSpecification\",\"valueRequired\":true,\"valueName\":\"search_term_string\"}}],\"inLanguage\":\"tr\"},{\"@type\":\"Organization\",\"@id\":\"https:\\\/\\\/schlammtrocknung.com\\\/#organization\",\"name\":\"Schlammtrocknung | SDS - Schlammtrocknung\",\"url\":\"https:\\\/\\\/schlammtrocknung.com\\\/\",\"logo\":{\"@type\":\"ImageObject\",\"inLanguage\":\"tr\",\"@id\":\"https:\\\/\\\/schlammtrocknung.com\\\/#\\\/schema\\\/logo\\\/image\\\/\",\"url\":\"https:\\\/\\\/schlammtrocknung.com\\\/wp-content\\\/uploads\\\/2023\\\/02\\\/logo_sds-1.png\",\"contentUrl\":\"https:\\\/\\\/schlammtrocknung.com\\\/wp-content\\\/uploads\\\/2023\\\/02\\\/logo_sds-1.png\",\"width\":697,\"height\":187,\"caption\":\"Schlammtrocknung | SDS - Schlammtrocknung\"},\"image\":{\"@id\":\"https:\\\/\\\/schlammtrocknung.com\\\/#\\\/schema\\\/logo\\\/image\\\/\"}}]}<\/script>\n<!-- \/ Yoast SEO plugin. -->","yoast_head_json":{"title":"\u00c7amur kurutma i\u015flemi | Michel \u00e7amur kurutma","description":"michel SLUDGE-DRYING-SYSTEMS'in \u00e7amur kurutma prosesleri ile end\u00fcstriyel \u00e7amur kullan\u0131m\u0131n\u0131 optimize edin.","robots":{"index":"index","follow":"follow","max-snippet":"max-snippet:-1","max-image-preview":"max-image-preview:large","max-video-preview":"max-video-preview:-1"},"canonical":"https:\/\/schlammtrocknung.com\/tr\/camur-kurutma-islemi\/","og_locale":"tr_TR","og_type":"article","og_title":"\u00c7amur kurutma i\u015flemi | Michel \u00e7amur kurutma","og_description":"michel SLUDGE-DRYING-SYSTEMS'in \u00e7amur kurutma prosesleri ile end\u00fcstriyel \u00e7amur kullan\u0131m\u0131n\u0131 optimize edin.","og_url":"https:\/\/schlammtrocknung.com\/tr\/camur-kurutma-islemi\/","og_site_name":"Schlammtrocknung \u2013 michel SLUDGE DRYING SYSTEM","article_modified_time":"2025-06-18T11:04:45+00:00","og_image":[{"width":2560,"height":1436,"url":"https:\/\/schlammtrocknung.com\/wp-content\/uploads\/2023\/05\/DSC_3747-scaled.jpg","type":"image\/jpeg"}],"twitter_card":"summary_large_image","twitter_misc":{"Tahmini okuma s\u00fcresi":"5 dakika"},"schema":{"@context":"https:\/\/schema.org","@graph":[{"@type":"WebPage","@id":"https:\/\/schlammtrocknung.com\/tr\/camur-kurutma-islemi\/","url":"https:\/\/schlammtrocknung.com\/tr\/camur-kurutma-islemi\/","name":"\u00c7amur kurutma i\u015flemi | Michel \u00e7amur kurutma","isPartOf":{"@id":"https:\/\/schlammtrocknung.com\/#website"},"primaryImageOfPage":{"@id":"https:\/\/schlammtrocknung.com\/tr\/camur-kurutma-islemi\/#primaryimage"},"image":{"@id":"https:\/\/schlammtrocknung.com\/tr\/camur-kurutma-islemi\/#primaryimage"},"thumbnailUrl":"https:\/\/schlammtrocknung.com\/wp-content\/uploads\/2023\/05\/DSC_3747-scaled.jpg","datePublished":"2024-08-30T09:22:58+00:00","dateModified":"2025-06-18T11:04:45+00:00","description":"michel SLUDGE-DRYING-SYSTEMS'in \u00e7amur kurutma prosesleri ile end\u00fcstriyel \u00e7amur kullan\u0131m\u0131n\u0131 optimize edin.","breadcrumb":{"@id":"https:\/\/schlammtrocknung.com\/tr\/camur-kurutma-islemi\/#breadcrumb"},"inLanguage":"tr","potentialAction":[{"@type":"ReadAction","target":["https:\/\/schlammtrocknung.com\/tr\/camur-kurutma-islemi\/"]}]},{"@type":"ImageObject","inLanguage":"tr","@id":"https:\/\/schlammtrocknung.com\/tr\/camur-kurutma-islemi\/#primaryimage","url":"https:\/\/schlammtrocknung.com\/wp-content\/uploads\/2023\/05\/DSC_3747-scaled.jpg","contentUrl":"https:\/\/schlammtrocknung.com\/wp-content\/uploads\/2023\/05\/DSC_3747-scaled.jpg","width":2560,"height":1436},{"@type":"BreadcrumbList","@id":"https:\/\/schlammtrocknung.com\/tr\/camur-kurutma-islemi\/#breadcrumb","itemListElement":[{"@type":"ListItem","position":1,"name":"Startseite","item":"https:\/\/schlammtrocknung.com\/tr\/ana-sayfa\/"},{"@type":"ListItem","position":2,"name":"\u00c7amur kurutma i\u015flemi"}]},{"@type":"WebSite","@id":"https:\/\/schlammtrocknung.com\/#website","url":"https:\/\/schlammtrocknung.com\/","name":"Schlammtrocknung | SDS - Schlammtrocknung","description":"Schlamm- L\u00f6sungen f\u00fcr Kl\u00e4rwerke, Industrie und Umwelt","publisher":{"@id":"https:\/\/schlammtrocknung.com\/#organization"},"potentialAction":[{"@type":"SearchAction","target":{"@type":"EntryPoint","urlTemplate":"https:\/\/schlammtrocknung.com\/?s={search_term_string}"},"query-input":{"@type":"PropertyValueSpecification","valueRequired":true,"valueName":"search_term_string"}}],"inLanguage":"tr"},{"@type":"Organization","@id":"https:\/\/schlammtrocknung.com\/#organization","name":"Schlammtrocknung | SDS - Schlammtrocknung","url":"https:\/\/schlammtrocknung.com\/","logo":{"@type":"ImageObject","inLanguage":"tr","@id":"https:\/\/schlammtrocknung.com\/#\/schema\/logo\/image\/","url":"https:\/\/schlammtrocknung.com\/wp-content\/uploads\/2023\/02\/logo_sds-1.png","contentUrl":"https:\/\/schlammtrocknung.com\/wp-content\/uploads\/2023\/02\/logo_sds-1.png","width":697,"height":187,"caption":"Schlammtrocknung | SDS - Schlammtrocknung"},"image":{"@id":"https:\/\/schlammtrocknung.com\/#\/schema\/logo\/image\/"}}]}},"_links":{"self":[{"href":"https:\/\/schlammtrocknung.com\/tr\/wp-json\/wp\/v2\/pages\/2804","targetHints":{"allow":["GET"]}}],"collection":[{"href":"https:\/\/schlammtrocknung.com\/tr\/wp-json\/wp\/v2\/pages"}],"about":[{"href":"https:\/\/schlammtrocknung.com\/tr\/wp-json\/wp\/v2\/types\/page"}],"author":[{"embeddable":true,"href":"https:\/\/schlammtrocknung.com\/tr\/wp-json\/wp\/v2\/users\/1"}],"replies":[{"embeddable":true,"href":"https:\/\/schlammtrocknung.com\/tr\/wp-json\/wp\/v2\/comments?post=2804"}],"version-history":[{"count":2,"href":"https:\/\/schlammtrocknung.com\/tr\/wp-json\/wp\/v2\/pages\/2804\/revisions"}],"predecessor-version":[{"id":2809,"href":"https:\/\/schlammtrocknung.com\/tr\/wp-json\/wp\/v2\/pages\/2804\/revisions\/2809"}],"wp:featuredmedia":[{"embeddable":true,"href":"https:\/\/schlammtrocknung.com\/tr\/wp-json\/wp\/v2\/media\/2790"}],"wp:attachment":[{"href":"https:\/\/schlammtrocknung.com\/tr\/wp-json\/wp\/v2\/media?parent=2804"}],"curies":[{"name":"wp","href":"https:\/\/api.w.org\/{rel}","templated":true}]}}