{"id":2807,"date":"2024-08-14T10:42:06","date_gmt":"2024-08-14T08:42:06","guid":{"rendered":"https:\/\/schlammtrocknung.com\/camur-bertarafi\/"},"modified":"2025-06-18T13:04:47","modified_gmt":"2025-06-18T11:04:47","slug":"camur-bertarafi","status":"publish","type":"page","link":"https:\/\/schlammtrocknung.com\/tr\/camur-bertarafi\/","title":{"rendered":"\u00c7amur bertaraf\u0131"},"content":{"rendered":"<div class=\"wpb-content-wrapper\"><p>[vc_row][vc_column][vc_custom_heading text=&#8221;Geli\u015fmi\u015f \u00e7amur bertaraf\u0131<br \/>\n&#8211; do\u011frudan sahada&#8221; font_container=&#8221;tag:h1|text_align:center|color:%23728d2a&#8221; use_theme_fonts=&#8221;yes&#8221;][vc_column_text]<\/p>\n<p style=\"text-align: center;\"><span style=\"font-weight: 400;\">Geli\u015fmi\u015f <\/span><b>\u00c7amurun do\u011frudan sahada bertaraf\u0131<\/b><span style=\"font-weight: 400;\">son teknoloji ekipmanlarla ve maliyetli su ta\u015f\u0131mac\u0131l\u0131\u011f\u0131 olmadan &#8211; i\u015fte bu <\/span><b>michel \u00c7AMUR KURUTMA S\u0130STEMLER\u0130<\/b><span style=\"font-weight: 400;\">. Uzmanl\u0131\u011f\u0131m\u0131z sayesinde \u00e7amuru verimli bir \u015fekilde kullanabiliyor ve b\u00f6ylece  <\/span><b>\u00e7evre dostu gelecek<\/b><span style=\"font-weight: 400;\"> de\u011ferli hammaddeleri israf etmeden.<\/span><\/p>\n<p style=\"text-align: center;\"><a href=\"https:\/\/schlammtrocknung.com\/tr\/bize-ulasin\/\">\u00c7\u00f6z\u00fcmleri \u015fimdi ke\u015ffedin!<\/a><\/p>\n<p>[\/vc_column_text][vc_empty_space height=&#8221;150px&#8221;][\/vc_column][\/vc_row][vc_row][vc_column width=&#8221;1\/2&#8243;][vc_custom_heading text=&#8221;\u00c7amurun sorumlu bir \u015fekilde bertaraf edilmesi &#8211; \u00e7evre ve sa\u011fl\u0131k i\u00e7in gerekli&#8221; font_container=&#8221;tag:h2|text_align:left|color:%23728d2a&#8221; use_theme_fonts=&#8221;yes&#8221;][vc_column_text]<i><span style=\"font-weight: 400;\">\u00c7amur bertaraf\u0131 nedir?<\/span><\/i><\/p>\n<p><i><span style=\"font-weight: 400;\">\u00c7amur bertaraf\u0131, end\u00fcstriyel proseslerin, at\u0131k su ar\u0131t\u0131m\u0131n\u0131n ve tar\u0131msal faaliyetlerin bir yan \u00fcr\u00fcn\u00fc olan \u00e7amurun ar\u0131t\u0131lmas\u0131 ve bertaraf edilmesi anlam\u0131na gelir. Ar\u0131t\u0131lmam\u0131\u015f \u00e7amur a\u011f\u0131r metaller ve organik bile\u015fikler gibi kirleticiler i\u00e7erebilece\u011finden, bu prosed\u00fcr \u00e7evre sa\u011fl\u0131\u011f\u0131 a\u00e7\u0131s\u0131ndan \u00e7ok \u00f6nemlidir. <\/span><\/i>[\/vc_column_text][\/vc_column][vc_column width=&#8221;1\/2&#8243; css=&#8221;.vc_custom_1740486470044{border-radius: 2px !important;}&#8221;][vc_single_image image=&#8221;1201&#8243; img_size=&#8221;full&#8221;][\/vc_column][\/vc_row][vc_row][vc_column][vc_column_text]<\/p>\n<p style=\"text-align: center;\"><span style=\"font-weight: 400;\">Etkili <\/span><b>\u00e7amur bertaraf\u0131<\/b><span style=\"font-weight: 400;\"> su kaynaklar\u0131n\u0131n kirlenmesini \u00f6nler, \u00e7evreyi korur <\/span><b>toprak kalitesi<\/b><span style=\"font-weight: 400;\"> ve de\u011ferli at\u0131klar\u0131n geri kazan\u0131m\u0131n\u0131 te\u015fvik eder. <\/span><b>Kaynaklar<\/b><span style=\"font-weight: 400;\">. At\u0131k su ar\u0131tma, end\u00fcstriyel at\u0131k i\u015fleme ve g\u00fcbre \u00fcretiminde, \u00e7evre ve sa\u011fl\u0131k risklerini en aza indirmek ve ayn\u0131 zamanda mevcut t\u00fcm kaynaklar\u0131 korumak i\u00e7in geli\u015fmi\u015f bertaraf gereklidir.  <\/span><b>yasal y\u00f6nergeler<\/b><span style=\"font-weight: 400;\"> yerine getirmek i\u00e7in.<\/span><\/p>\n<p>[\/vc_column_text][vc_empty_space height=&#8221;150px&#8221;][vc_custom_heading text=&#8221;Yerel olarak ger\u00e7ekle\u015ftirilebilir ve ekonomik &#8211; \u00e7amur bertaraf\u0131m\u0131z&#8221; font_container=&#8221;tag:h2|text_align:center|color:%23728d2a&#8221; use_theme_fonts=&#8221;yes&#8221;][vc_column_text]<\/p>\n<p style=\"text-align: center;\"><span style=\"font-weight: 400;\">Neden <\/span><b>michel \u00c7AMUR KURUTMA S\u0130STEMLER\u0130<\/b><span style=\"font-weight: 400;\">  \u00e7amur bertaraf\u0131 i\u00e7in ideal ortak? \u00c7ok basit: sistemler temasl\u0131 ve konveksiyonlu kurutman\u0131n bir kombinasyonu ile \u00e7al\u0131\u015f\u0131r ve \u00e7ok \u00e7e\u015fitli uygulamalar i\u00e7in m\u00fckemmel \u015fekilde uygundur.   <\/span><\/p>\n<p style=\"text-align: center;\"><span style=\"font-weight: 400;\">Patentli kurutma sistemlerimiz sadece teknolojik olarak geli\u015fmi\u015f de\u011fil, ayn\u0131 zamanda \u00e7ok y\u00f6nl\u00fcd\u00fcr ve <a href=\"https:\/\/schlammtrocknung.com\/tr\/hizmetler\/aritma-camuru-kurutma\/\">kanalizasyon<\/a> \u00e7amurundan <a href=\"https:\/\/schlammtrocknung.com\/tr\/hizmetler\/biyolojik-camur-kurutma\/\">biyolojik<\/a> \u00e7amura ve <a href=\"https:\/\/schlammtrocknung.com\/tr\/hizmetler\/metal-camur-kurutma\/\">metal \u00e7amuruna<\/a> kadar \u00e7ok \u00e7e\u015fitli \u00e7amurlar i\u00e7in kullan\u0131labilir. Mod\u00fcler tasar\u0131m\u0131m\u0131z sayesinde, \u00e7amur bertaraf\u0131n\u0131z i\u00e7in her zaman do\u011fru \u00e7\u00f6z\u00fcm\u00fc buluyoruz. <\/span><\/p>\n<p>[\/vc_column_text][vc_custom_heading text=&#8221;Patentli kurutma sistemlerimizle \u00e7amur bertaraf\u0131n\u0131n t\u00fcm avantajlar\u0131n\u0131 bir bak\u0131\u015fta g\u00f6r\u00fcn:&#8221; font_container=&#8221;tag:h3|text_align:center|color:%23728d2a&#8221; use_theme_fonts=&#8221;yes&#8221;][\/vc_column][\/vc_row][vc_row][vc_column width=&#8221;1\/2&#8243;][vc_empty_space][vc_single_image image=&#8221;279&#8243; img_size=&#8221;large&#8221;][\/vc_column][vc_column width=&#8221;1\/2&#8243;][vc_column_text]<\/p>\n<ul>\n<li><b>Yerel olarak ger\u00e7ekle\u015ftirilebilir:<\/b><span style=\"font-weight: 400;\"> Teknolojimiz do\u011frudan \u00e7amurun \u00fcretildi\u011fi yerde \u00e7al\u0131\u015f\u0131r<\/span><\/li>\n<li style=\"font-weight: 400;\" aria-level=\"1\"><b>\u00c7evre dostu:<\/b><span style=\"font-weight: 400;\"> Emisyon yok, at\u0131k su sorunu yok ve \u00f6nemli \u00f6l\u00e7\u00fcde CO\u2082 azalt\u0131m\u0131<\/span><\/li>\n<li style=\"font-weight: 400;\" aria-level=\"1\"><b>Verimli ve ekonomik:<\/b><span style=\"font-weight: 400;\"> D\u00fc\u015f\u00fck s\u0131cakl\u0131kta kurutma sayesinde daha az enerji gereksinimi ve pahal\u0131 ek ekipmanlara gerek yok<\/span><\/li>\n<li style=\"font-weight: 400;\" aria-level=\"1\"><b>D\u00fc\u015f\u00fck i\u015fletme maliyetleri:<\/b><span style=\"font-weight: 400;\"> Is\u0131 ve elektri\u011fin verimli kullan\u0131m\u0131 sayesinde.<\/span><\/li>\n<li style=\"font-weight: 400;\" aria-level=\"1\"><b>Nazik i\u015fleme:<\/b><span style=\"font-weight: 400;\"> Yap\u0131\u015fmay\u0131 \u00f6nler, emisyonlar\u0131 ve toz olu\u015fumunu en aza indirir<\/span><\/li>\n<li style=\"font-weight: 400;\" aria-level=\"1\"><b>\u00c7at\u0131 kaplamas\u0131 gerektirmez:<\/b><span style=\"font-weight: 400;\"> \u00c7at\u0131 kaplamas\u0131 gerekmedi\u011finden maliyetlerden ve alandan tasarruf edin<\/span><\/li>\n<li style=\"font-weight: 400;\" aria-level=\"1\"><b>\u00c7ok y\u00f6nl\u00fcl\u00fck:<\/b><span style=\"font-weight: 400;\"> \u00c7e\u015fitli \u00e7amur t\u00fcrleri i\u00e7in uygundur<\/span><\/li>\n<li style=\"font-weight: 400;\" aria-level=\"1\"><b>Pozitif eko-denge:<\/b><span style=\"font-weight: 400;\"> CO\u2082 tasarrufuna katk\u0131 ve s\u00fcrd\u00fcr\u00fclebilir uygulamalar\u0131n te\u015fvik edilmesi<\/span><\/li>\n<\/ul>\n<p>[\/vc_column_text][\/vc_column][\/vc_row][vc_row][vc_column][vc_column_text]<\/p>\n<p style=\"text-align: left;\"><span style=\"font-weight: 400;\"><i>Uzman tavsiyesi:<\/i><\/span><\/p>\n<p style=\"text-align: left;\"><span style=\"font-weight: 400;\">Bilmekte fayda var: Sadece birinci s\u0131n\u0131f teknoloji ve <\/span>\u00fc\u00e7 farkl\u0131 boyutta sistemler sunmakla kalm\u0131yor <span style=\"font-weight: 400;\">, ayn\u0131 zamanda <\/span><span style=\"font-weight: 400;\"> y\u00fcksek bir ilk yat\u0131r\u0131m yapmadan ba\u015flaman\u0131za olanak tan<\/span>\u0131yan<b>esnek finansman se\u00e7enekleri<\/b>de sunuyoruz. <\/p>\n<p>[\/vc_column_text][vc_empty_space height=&#8221;100px&#8221;][\/vc_column][\/vc_row][vc_row][vc_column][vc_custom_heading text=&#8221;Bertaraf yerine kullan\u0131m &#8211; i\u015flenmi\u015f \u00e7amurun potansiyeli&#8221; font_container=&#8221;tag:h2|text_align:left|color:%23728d2a&#8221; use_theme_fonts=&#8221;yes&#8221;][vc_column_text]<span style=\"font-weight: 400;\">\u00c7amur ba\u015flang\u0131\u00e7ta at\u0131k bir \u00fcr\u00fcn olarak g\u00f6r\u00fclse bile, say\u0131s\u0131z potansiyele sahip de\u011ferli bir malzeme haline de gelebilir. Bunun anahtar\u0131 profesyonel   <\/span><b>\u00c7amur kurutma<\/b><span style=\"font-weight: 400;\">  sonraki i\u015flemlerle birlikte. Potansiyel a\u015fa\u011f\u0131dakilere kadar uzan\u0131r   <\/span><a href=\"https:\/\/schlammtrocknung.com\/news\/phosphor-recycling\/\"><span style=\"font-weight: 400;\">Fosfor geri kazan\u0131m\u0131<\/span><\/a><span style=\"font-weight: 400;\">de\u011ferli bir bitki besinidir.<\/span><\/p>\n<p><span style=\"font-weight: 400;\">\u0130\u015flenmi\u015f \u00e7amur, \u00f6zellikle at\u0131k su ar\u0131tma tesislerinden \u00e7\u0131kan kanalizasyon \u00e7amuru, organik maddeler ve azot ve fosfor gibi besinler a\u00e7\u0131s\u0131ndan zengindir. <\/span><a href=\"https:\/\/schlammtrocknung.com\/news\/phosphor-recycling\/\"><span style=\"font-weight: 400;\">fosfor<\/span><\/a><span style=\"font-weight: 400;\">i\u00e7inde kullan\u0131lan <\/span><b>TARIM<\/b><span style=\"font-weight: 400;\">  g\u00fcbre olarak kullan\u0131labilir. Bu kullan\u0131m sadece do\u011fal ya\u015fam\u0131 desteklemekle kalmaz   <\/span><b>d\u00f6ng\u00fcsel ekonomi<\/b><span style=\"font-weight: 400;\">ayn\u0131 zamanda \u00fcretimi genellikle enerji yo\u011fun olan ve \u00e7evre kirlili\u011fi riski ta\u015f\u0131yan suni g\u00fcbrelere olan ihtiyac\u0131 da azalt\u0131r.<\/span><\/p>\n<p><span style=\"font-weight: 400;\">Kurutulmu\u015f ar\u0131tma \u00e7amuru ayr\u0131ca \u015fu alanlarda da kullan\u0131labilir <\/span><b>enerji\u0307 \u00fcreti\u0307mi\u0307<\/b><span style=\"font-weight: 400;\"> olarak <\/span><b>biyok\u00fctle yak\u0131t\u0131<\/b><span style=\"font-weight: 400;\">  kullan\u0131labilir &#8211; fosil yak\u0131tlara yenilenebilir bir alternatif. \u0130\u00e7inde   <\/span><b>\u0130n\u015faat sekt\u00f6r\u00fc<\/b><span style=\"font-weight: 400;\"> \u0130\u015flenmi\u015f \u00e7amur, \u00f6rne\u011fin tu\u011fla veya kald\u0131r\u0131m ta\u015f\u0131 gibi yap\u0131 malzemelerinin \u00fcretiminde agrega olarak kullan\u0131l\u0131r, bu da at\u0131klar\u0131n azalt\u0131lmas\u0131na ve \u00fcretim maliyetlerinin d\u00fc\u015f\u00fcr\u00fclmesine yard\u0131mc\u0131 olur.<\/span><\/p>\n<p><i><span style=\"font-weight: 400;\">Not:<\/span><\/i><i><span style=\"font-weight: 400;\"><br \/>\n<\/span><\/i><i><span style=\"font-weight: 400;\">Ar\u0131t\u0131lm\u0131\u015f \u00e7amurun kullan\u0131m\u0131, geleneksel bertarafa s\u00fcrd\u00fcr\u00fclebilir bir alternatif te\u015fkil etmekte ve \u00e7ok say\u0131da ekolojik ve ekonomik avantaj sunmaktad\u0131r. Do\u011fal kaynaklar \u00fczerindeki bask\u0131y\u0131 azalt\u0131r ve ayn\u0131 zamanda ekonomik faydalar sunar. <\/span><\/i>[\/vc_column_text][vc_empty_space height=&#8221;100px&#8221;][vc_custom_heading text=&#8221;\u00c7amur bertaraf\u0131 i\u00e7in lider \u00e7\u00f6z\u00fcmlerimizi ke\u015ffedin&#8221; font_container=&#8221;tag:h2|text_align:left|color:%23728d2a&#8221; use_theme_fonts=&#8221;yes&#8221;][vc_column_text]<span style=\"font-weight: 400;\">i\u015flem &#8211; ile ayarlay\u0131n <\/span><b>michel \u00c7AMUR KURUTMA S\u0130STEMLER\u0130<\/b><span style=\"font-weight: 400;\">  s\u00fcrd\u00fcr\u00fclebilir bir gelece\u011fe. Bu yolda sizinle birlikte y\u00fcr\u00fcmeye haz\u0131r\u0131z. <\/span><\/p>\n<p style=\"text-align: center;\"><a href=\"https:\/\/schlammtrocknung.com\/tr\/bize-ulasin\/\">Bize ula\u015f\u0131n!<\/a><\/p>\n<p>[\/vc_column_text][\/vc_column][\/vc_row][vc_row][vc_column][vc_column_text]<\/p>\n<h2>SSS &#8211; \u00e7amur bertaraf\u0131 hakk\u0131nda s\u0131k\u00e7a sorulan sorular<\/h2>\n<p>[\/vc_column_text][vc_toggle title=&#8221;\u00c7amur bertaraf\u0131 nedir?&#8221;]<span style=\"font-weight: 400;\">\u00c7amur kurutma olarak da bilinen \u00e7amur bertaraf\u0131, hacmini azaltmak ve bertaraf\u0131n\u0131 veya kullan\u0131m\u0131n\u0131 kolayla\u015ft\u0131rmak i\u00e7in \u00e7amurdan suyun uzakla\u015ft\u0131r\u0131ld\u0131\u011f\u0131 bir i\u015flemdir. Bu, \u00e7amur bertaraf\u0131n\u0131n verimlili\u011fini art\u0131r\u0131r ve ta\u015f\u0131ma ve ar\u0131tma maliyetlerini azalt\u0131r. <\/span>[\/vc_toggle][vc_toggle title=&#8221;\u00c7amur bertaraf\u0131 \u00e7evre dostu mudur?&#8221;]<span style=\"font-weight: 400;\">Modern \u00e7amur bertaraf teknolojileri \u00e7evre dostu olacak \u015fekilde tasarlanm\u0131\u015ft\u0131r. Emisyonlar\u0131 azalt\u0131r, yeralt\u0131 suyu kirlili\u011fini \u00f6nler ve kurutulmu\u015f \u00e7amurun yak\u0131t veya g\u00fcbre olarak kullan\u0131lmas\u0131 gibi kaynaklar\u0131n geri kazan\u0131lmas\u0131n\u0131 sa\u011flarlar. <\/span>[\/vc_toggle][vc_toggle title=&#8221;\u00c7amur bertaraf\u0131nda hangi teknolojiler kullan\u0131l\u0131yor?&#8221;]<span style=\"font-weight: 400;\">\u00c7amuru bertaraf etmek i\u00e7in santrif\u00fcjleme, filtre presleri, \u0131s\u0131l i\u015flem ve biyolojik prosesler dahil olmak \u00fczere \u00e7e\u015fitli teknolojiler kullan\u0131lmaktad\u0131r. Bu y\u00f6ntemler \u00e7amuru stabilize etmeyi, kurutmay\u0131 ve g\u00fcvenli nihai bertaraf veya yeniden kullan\u0131m i\u00e7in haz\u0131rlamay\u0131 ama\u00e7lamaktad\u0131r. <\/span>[\/vc_toggle][vc_empty_space height=&#8221;100px&#8221;][\/vc_column][\/vc_row]<\/p>\n<\/div>","protected":false},"excerpt":{"rendered":"<p>[vc_row][vc_column][vc_custom_heading text=&#8221;Geli\u015fmi\u015f \u00e7amur bertaraf\u0131 &#8211; do\u011frudan sahada&#8221; font_container=&#8221;tag:h1|text_align:center|color:%23728d2a&#8221; use_theme_fonts=&#8221;yes&#8221;][vc_column_text] Geli\u015fmi\u015f \u00c7amurun do\u011frudan sahada bertaraf\u0131son teknoloji ekipmanlarla ve maliyetli su ta\u015f\u0131mac\u0131l\u0131\u011f\u0131 olmadan &#8211; i\u015fte bu michel \u00c7AMUR KURUTMA S\u0130STEMLER\u0130. Uzmanl\u0131\u011f\u0131m\u0131z sayesinde \u00e7amuru verimli bir \u015fekilde kullanabiliyor ve b\u00f6ylece \u00e7evre dostu gelecek de\u011ferli hammaddeleri israf etmeden. \u00c7\u00f6z\u00fcmleri \u015fimdi ke\u015ffedin! [\/vc_column_text][vc_empty_space height=&#8221;150px&#8221;][\/vc_column][\/vc_row][vc_row][vc_column width=&#8221;1\/2&#8243;][vc_custom_heading text=&#8221;\u00c7amurun sorumlu bir \u015fekilde bertaraf&hellip;<\/p>\n","protected":false},"author":1,"featured_media":2790,"parent":0,"menu_order":0,"comment_status":"closed","ping_status":"closed","template":"","meta":{"footnotes":""},"class_list":["post-2807","page","type-page","status-publish","has-post-thumbnail","hentry","description-off"],"yoast_head":"<!-- This site is optimized with the Yoast SEO plugin v27.3 - https:\/\/yoast.com\/product\/yoast-seo-wordpress\/ -->\n<title>\u00c7amur bertaraf\u0131 | michel \u00c7AMUR KURUTMA S\u0130STEMLER\u0130<\/title>\n<meta name=\"description\" content=\"Do\u011frudan sahada \u00e7evre dostu \u00e7amur bertaraf\u0131 i\u00e7in michel SLUDGE-DRYING-SYSTEMS&#039;in geli\u015fmi\u015f teknolojilerini ke\u015ffedin!\" \/>\n<meta name=\"robots\" content=\"index, follow, max-snippet:-1, max-image-preview:large, max-video-preview:-1\" \/>\n<link rel=\"canonical\" href=\"https:\/\/schlammtrocknung.com\/tr\/camur-bertarafi\/\" \/>\n<meta property=\"og:locale\" content=\"tr_TR\" \/>\n<meta property=\"og:type\" content=\"article\" \/>\n<meta property=\"og:title\" content=\"\u00c7amur bertaraf\u0131 | michel \u00c7AMUR KURUTMA S\u0130STEMLER\u0130\" \/>\n<meta property=\"og:description\" content=\"Do\u011frudan sahada \u00e7evre dostu \u00e7amur bertaraf\u0131 i\u00e7in michel SLUDGE-DRYING-SYSTEMS&#039;in geli\u015fmi\u015f teknolojilerini ke\u015ffedin!\" \/>\n<meta property=\"og:url\" content=\"https:\/\/schlammtrocknung.com\/tr\/camur-bertarafi\/\" \/>\n<meta property=\"og:site_name\" content=\"Schlammtrocknung \u2013 michel SLUDGE DRYING SYSTEM\" \/>\n<meta property=\"article:modified_time\" content=\"2025-06-18T11:04:47+00:00\" \/>\n<meta property=\"og:image\" content=\"https:\/\/schlammtrocknung.com\/wp-content\/uploads\/2023\/05\/DSC_3747-scaled.jpg\" \/>\n\t<meta property=\"og:image:width\" content=\"2560\" \/>\n\t<meta property=\"og:image:height\" content=\"1436\" \/>\n\t<meta property=\"og:image:type\" content=\"image\/jpeg\" \/>\n<meta name=\"twitter:card\" content=\"summary_large_image\" \/>\n<meta name=\"twitter:label1\" content=\"Tahmini okuma s\u00fcresi\" \/>\n\t<meta name=\"twitter:data1\" content=\"6 dakika\" \/>\n<script type=\"application\/ld+json\" class=\"yoast-schema-graph\">{\"@context\":\"https:\\\/\\\/schema.org\",\"@graph\":[{\"@type\":\"WebPage\",\"@id\":\"https:\\\/\\\/schlammtrocknung.com\\\/tr\\\/camur-bertarafi\\\/\",\"url\":\"https:\\\/\\\/schlammtrocknung.com\\\/tr\\\/camur-bertarafi\\\/\",\"name\":\"\u00c7amur bertaraf\u0131 | michel \u00c7AMUR KURUTMA S\u0130STEMLER\u0130\",\"isPartOf\":{\"@id\":\"https:\\\/\\\/schlammtrocknung.com\\\/#website\"},\"primaryImageOfPage\":{\"@id\":\"https:\\\/\\\/schlammtrocknung.com\\\/tr\\\/camur-bertarafi\\\/#primaryimage\"},\"image\":{\"@id\":\"https:\\\/\\\/schlammtrocknung.com\\\/tr\\\/camur-bertarafi\\\/#primaryimage\"},\"thumbnailUrl\":\"https:\\\/\\\/schlammtrocknung.com\\\/wp-content\\\/uploads\\\/2023\\\/05\\\/DSC_3747-scaled.jpg\",\"datePublished\":\"2024-08-14T08:42:06+00:00\",\"dateModified\":\"2025-06-18T11:04:47+00:00\",\"description\":\"Do\u011frudan sahada \u00e7evre dostu \u00e7amur bertaraf\u0131 i\u00e7in michel SLUDGE-DRYING-SYSTEMS'in geli\u015fmi\u015f teknolojilerini ke\u015ffedin!\",\"breadcrumb\":{\"@id\":\"https:\\\/\\\/schlammtrocknung.com\\\/tr\\\/camur-bertarafi\\\/#breadcrumb\"},\"inLanguage\":\"tr\",\"potentialAction\":[{\"@type\":\"ReadAction\",\"target\":[\"https:\\\/\\\/schlammtrocknung.com\\\/tr\\\/camur-bertarafi\\\/\"]}]},{\"@type\":\"ImageObject\",\"inLanguage\":\"tr\",\"@id\":\"https:\\\/\\\/schlammtrocknung.com\\\/tr\\\/camur-bertarafi\\\/#primaryimage\",\"url\":\"https:\\\/\\\/schlammtrocknung.com\\\/wp-content\\\/uploads\\\/2023\\\/05\\\/DSC_3747-scaled.jpg\",\"contentUrl\":\"https:\\\/\\\/schlammtrocknung.com\\\/wp-content\\\/uploads\\\/2023\\\/05\\\/DSC_3747-scaled.jpg\",\"width\":2560,\"height\":1436},{\"@type\":\"BreadcrumbList\",\"@id\":\"https:\\\/\\\/schlammtrocknung.com\\\/tr\\\/camur-bertarafi\\\/#breadcrumb\",\"itemListElement\":[{\"@type\":\"ListItem\",\"position\":1,\"name\":\"Startseite\",\"item\":\"https:\\\/\\\/schlammtrocknung.com\\\/tr\\\/ana-sayfa\\\/\"},{\"@type\":\"ListItem\",\"position\":2,\"name\":\"\u00c7amur bertaraf\u0131\"}]},{\"@type\":\"WebSite\",\"@id\":\"https:\\\/\\\/schlammtrocknung.com\\\/#website\",\"url\":\"https:\\\/\\\/schlammtrocknung.com\\\/\",\"name\":\"Schlammtrocknung | SDS - Schlammtrocknung\",\"description\":\"Schlamm- L\u00f6sungen f\u00fcr Kl\u00e4rwerke, Industrie und Umwelt\",\"publisher\":{\"@id\":\"https:\\\/\\\/schlammtrocknung.com\\\/#organization\"},\"potentialAction\":[{\"@type\":\"SearchAction\",\"target\":{\"@type\":\"EntryPoint\",\"urlTemplate\":\"https:\\\/\\\/schlammtrocknung.com\\\/?s={search_term_string}\"},\"query-input\":{\"@type\":\"PropertyValueSpecification\",\"valueRequired\":true,\"valueName\":\"search_term_string\"}}],\"inLanguage\":\"tr\"},{\"@type\":\"Organization\",\"@id\":\"https:\\\/\\\/schlammtrocknung.com\\\/#organization\",\"name\":\"Schlammtrocknung | SDS - Schlammtrocknung\",\"url\":\"https:\\\/\\\/schlammtrocknung.com\\\/\",\"logo\":{\"@type\":\"ImageObject\",\"inLanguage\":\"tr\",\"@id\":\"https:\\\/\\\/schlammtrocknung.com\\\/#\\\/schema\\\/logo\\\/image\\\/\",\"url\":\"https:\\\/\\\/schlammtrocknung.com\\\/wp-content\\\/uploads\\\/2023\\\/02\\\/logo_sds-1.png\",\"contentUrl\":\"https:\\\/\\\/schlammtrocknung.com\\\/wp-content\\\/uploads\\\/2023\\\/02\\\/logo_sds-1.png\",\"width\":697,\"height\":187,\"caption\":\"Schlammtrocknung | SDS - Schlammtrocknung\"},\"image\":{\"@id\":\"https:\\\/\\\/schlammtrocknung.com\\\/#\\\/schema\\\/logo\\\/image\\\/\"}}]}<\/script>\n<!-- \/ Yoast SEO plugin. -->","yoast_head_json":{"title":"\u00c7amur bertaraf\u0131 | michel \u00c7AMUR KURUTMA S\u0130STEMLER\u0130","description":"Do\u011frudan sahada \u00e7evre dostu \u00e7amur bertaraf\u0131 i\u00e7in michel SLUDGE-DRYING-SYSTEMS'in geli\u015fmi\u015f teknolojilerini ke\u015ffedin!","robots":{"index":"index","follow":"follow","max-snippet":"max-snippet:-1","max-image-preview":"max-image-preview:large","max-video-preview":"max-video-preview:-1"},"canonical":"https:\/\/schlammtrocknung.com\/tr\/camur-bertarafi\/","og_locale":"tr_TR","og_type":"article","og_title":"\u00c7amur bertaraf\u0131 | michel \u00c7AMUR KURUTMA S\u0130STEMLER\u0130","og_description":"Do\u011frudan sahada \u00e7evre dostu \u00e7amur bertaraf\u0131 i\u00e7in michel SLUDGE-DRYING-SYSTEMS'in geli\u015fmi\u015f teknolojilerini ke\u015ffedin!","og_url":"https:\/\/schlammtrocknung.com\/tr\/camur-bertarafi\/","og_site_name":"Schlammtrocknung \u2013 michel SLUDGE DRYING SYSTEM","article_modified_time":"2025-06-18T11:04:47+00:00","og_image":[{"width":2560,"height":1436,"url":"https:\/\/schlammtrocknung.com\/wp-content\/uploads\/2023\/05\/DSC_3747-scaled.jpg","type":"image\/jpeg"}],"twitter_card":"summary_large_image","twitter_misc":{"Tahmini okuma s\u00fcresi":"6 dakika"},"schema":{"@context":"https:\/\/schema.org","@graph":[{"@type":"WebPage","@id":"https:\/\/schlammtrocknung.com\/tr\/camur-bertarafi\/","url":"https:\/\/schlammtrocknung.com\/tr\/camur-bertarafi\/","name":"\u00c7amur bertaraf\u0131 | michel \u00c7AMUR KURUTMA S\u0130STEMLER\u0130","isPartOf":{"@id":"https:\/\/schlammtrocknung.com\/#website"},"primaryImageOfPage":{"@id":"https:\/\/schlammtrocknung.com\/tr\/camur-bertarafi\/#primaryimage"},"image":{"@id":"https:\/\/schlammtrocknung.com\/tr\/camur-bertarafi\/#primaryimage"},"thumbnailUrl":"https:\/\/schlammtrocknung.com\/wp-content\/uploads\/2023\/05\/DSC_3747-scaled.jpg","datePublished":"2024-08-14T08:42:06+00:00","dateModified":"2025-06-18T11:04:47+00:00","description":"Do\u011frudan sahada \u00e7evre dostu \u00e7amur bertaraf\u0131 i\u00e7in michel SLUDGE-DRYING-SYSTEMS'in geli\u015fmi\u015f teknolojilerini ke\u015ffedin!","breadcrumb":{"@id":"https:\/\/schlammtrocknung.com\/tr\/camur-bertarafi\/#breadcrumb"},"inLanguage":"tr","potentialAction":[{"@type":"ReadAction","target":["https:\/\/schlammtrocknung.com\/tr\/camur-bertarafi\/"]}]},{"@type":"ImageObject","inLanguage":"tr","@id":"https:\/\/schlammtrocknung.com\/tr\/camur-bertarafi\/#primaryimage","url":"https:\/\/schlammtrocknung.com\/wp-content\/uploads\/2023\/05\/DSC_3747-scaled.jpg","contentUrl":"https:\/\/schlammtrocknung.com\/wp-content\/uploads\/2023\/05\/DSC_3747-scaled.jpg","width":2560,"height":1436},{"@type":"BreadcrumbList","@id":"https:\/\/schlammtrocknung.com\/tr\/camur-bertarafi\/#breadcrumb","itemListElement":[{"@type":"ListItem","position":1,"name":"Startseite","item":"https:\/\/schlammtrocknung.com\/tr\/ana-sayfa\/"},{"@type":"ListItem","position":2,"name":"\u00c7amur bertaraf\u0131"}]},{"@type":"WebSite","@id":"https:\/\/schlammtrocknung.com\/#website","url":"https:\/\/schlammtrocknung.com\/","name":"Schlammtrocknung | SDS - Schlammtrocknung","description":"Schlamm- L\u00f6sungen f\u00fcr Kl\u00e4rwerke, Industrie und Umwelt","publisher":{"@id":"https:\/\/schlammtrocknung.com\/#organization"},"potentialAction":[{"@type":"SearchAction","target":{"@type":"EntryPoint","urlTemplate":"https:\/\/schlammtrocknung.com\/?s={search_term_string}"},"query-input":{"@type":"PropertyValueSpecification","valueRequired":true,"valueName":"search_term_string"}}],"inLanguage":"tr"},{"@type":"Organization","@id":"https:\/\/schlammtrocknung.com\/#organization","name":"Schlammtrocknung | SDS - Schlammtrocknung","url":"https:\/\/schlammtrocknung.com\/","logo":{"@type":"ImageObject","inLanguage":"tr","@id":"https:\/\/schlammtrocknung.com\/#\/schema\/logo\/image\/","url":"https:\/\/schlammtrocknung.com\/wp-content\/uploads\/2023\/02\/logo_sds-1.png","contentUrl":"https:\/\/schlammtrocknung.com\/wp-content\/uploads\/2023\/02\/logo_sds-1.png","width":697,"height":187,"caption":"Schlammtrocknung | SDS - Schlammtrocknung"},"image":{"@id":"https:\/\/schlammtrocknung.com\/#\/schema\/logo\/image\/"}}]}},"_links":{"self":[{"href":"https:\/\/schlammtrocknung.com\/tr\/wp-json\/wp\/v2\/pages\/2807","targetHints":{"allow":["GET"]}}],"collection":[{"href":"https:\/\/schlammtrocknung.com\/tr\/wp-json\/wp\/v2\/pages"}],"about":[{"href":"https:\/\/schlammtrocknung.com\/tr\/wp-json\/wp\/v2\/types\/page"}],"author":[{"embeddable":true,"href":"https:\/\/schlammtrocknung.com\/tr\/wp-json\/wp\/v2\/users\/1"}],"replies":[{"embeddable":true,"href":"https:\/\/schlammtrocknung.com\/tr\/wp-json\/wp\/v2\/comments?post=2807"}],"version-history":[{"count":2,"href":"https:\/\/schlammtrocknung.com\/tr\/wp-json\/wp\/v2\/pages\/2807\/revisions"}],"predecessor-version":[{"id":2816,"href":"https:\/\/schlammtrocknung.com\/tr\/wp-json\/wp\/v2\/pages\/2807\/revisions\/2816"}],"wp:featuredmedia":[{"embeddable":true,"href":"https:\/\/schlammtrocknung.com\/tr\/wp-json\/wp\/v2\/media\/2790"}],"wp:attachment":[{"href":"https:\/\/schlammtrocknung.com\/tr\/wp-json\/wp\/v2\/media?parent=2807"}],"curies":[{"name":"wp","href":"https:\/\/api.w.org\/{rel}","templated":true}]}}